{"id":3662,"date":"2025-12-05T16:26:13","date_gmt":"2025-12-05T08:26:13","guid":{"rendered":"https:\/\/www.cosmepak.com\/?post_type=product&#038;p=3662"},"modified":"2025-12-10T16:49:48","modified_gmt":"2025-12-10T08:49:48","slug":"300ml-500ml-inverted-shoulder-square-bottle-spray-bottle","status":"publish","type":"product","link":"https:\/\/www.cosmepak.com\/tr\/product\/300ml-500ml-inverted-shoulder-square-bottle-spray-bottle\/","title":{"rendered":"300ml 500ml Ters omuz kare \u015fi\u015fe sprey \u015fi\u015fesi"},"content":{"rendered":"<table style=\"border-collapse: collapse; width: 100%; height: 144px;\">\n<tbody>\n<tr style=\"height: 24px;\">\n<td style=\"width: 33.3333%; height: 144px;\" rowspan=\"6\"><img fetchpriority=\"high\" decoding=\"async\" class=\"alignnone size-full wp-image-3663\" src=\"https:\/\/www.cosmepak.com\/wp-content\/uploads\/2025\/12\/\u4e3b\u56fe-5-2.jpg\" alt=\"\" width=\"800\" height=\"800\" srcset=\"https:\/\/www.cosmepak.com\/wp-content\/uploads\/2025\/12\/\u4e3b\u56fe-5-2.jpg 800w, https:\/\/www.cosmepak.com\/wp-content\/uploads\/2025\/12\/\u4e3b\u56fe-5-2-300x300.jpg 300w, https:\/\/www.cosmepak.com\/wp-content\/uploads\/2025\/12\/\u4e3b\u56fe-5-2-150x150.jpg 150w, https:\/\/www.cosmepak.com\/wp-content\/uploads\/2025\/12\/\u4e3b\u56fe-5-2-768x768.jpg 768w, https:\/\/www.cosmepak.com\/wp-content\/uploads\/2025\/12\/\u4e3b\u56fe-5-2-12x12.jpg 12w, https:\/\/www.cosmepak.com\/wp-content\/uploads\/2025\/12\/\u4e3b\u56fe-5-2-600x600.jpg 600w, https:\/\/www.cosmepak.com\/wp-content\/uploads\/2025\/12\/\u4e3b\u56fe-5-2-100x100.jpg 100w\" sizes=\"(max-width: 800px) 100vw, 800px\" \/><\/td>\n<td style=\"width: 29.2675%; height: 24px; text-align: center;\">Marka<\/td>\n<td style=\"width: 37.3991%; height: 24px; text-align: center;\">Fahi\u015fe<\/td>\n<\/tr>\n<tr style=\"height: 24px;\">\n<td style=\"width: 29.2675%; height: 24px; text-align: center;\">Model<\/td>\n<td style=\"width: 37.3991%; height: 24px; text-align: center;\">JH-LW9521 i\u00e7in<\/td>\n<\/tr>\n<tr style=\"height: 24px;\">\n<td style=\"width: 29.2675%; height: 24px; text-align: center;\">Kapak<\/td>\n<td style=\"width: 37.3991%; height: 24px; text-align: center;\">300 ml \/ 500 ml<\/td>\n<\/tr>\n<tr style=\"height: 24px;\">\n<td style=\"width: 29.2675%; height: 24px; text-align: center;\">Boyun boyutu<\/td>\n<td style=\"width: 37.3991%; height: 24px; text-align: center;\">28 mm<\/td>\n<\/tr>\n<tr style=\"height: 24px;\">\n<td style=\"width: 29.2675%; height: 24px; text-align: center;\">Renk<\/td>\n<td style=\"width: 37.3991%; height: 24px; text-align: center;\">\u00f6zelle\u015ftirilmi\u015f<\/td>\n<\/tr>\n<tr style=\"height: 24px;\">\n<td style=\"width: 29.2675%; height: 24px; text-align: center;\">Malzeme<\/td>\n<td style=\"width: 37.3991%; height: 24px; text-align: center;\">PE ve PP<\/td>\n<\/tr>\n<\/tbody>\n<\/table>\n<table style=\"border-collapse: collapse; width: 100%;\">\n<tbody>\n<tr>\n<td style=\"width: 16.6667%; text-align: center;\"><strong>Kapasite<\/strong><\/td>\n<td style=\"width: 16.6667%; text-align: center;\"><strong>Toplam y\u00fckseklik<\/strong><\/td>\n<td style=\"width: 16.6667%; text-align: center;\"><strong>\u015ei\u015fe y\u00fcksekli\u011fi<\/strong><\/td>\n<td style=\"width: 16.6667%; text-align: center;\"><strong>Yazd\u0131r\u0131labilir y\u00fckseklik<\/strong><\/td>\n<td style=\"width: 16.6667%; text-align: center;\"><strong>Alt \u00e7ap<\/strong><\/td>\n<td style=\"width: 16.6667%; text-align: center;\"><strong>A\u011f\u0131rl\u0131k<\/strong><\/td>\n<\/tr>\n<tr>\n<td style=\"width: 16.6667%; text-align: center;\">300ml<\/td>\n<td style=\"width: 16.6667%; text-align: center;\">205mm'lik<\/td>\n<td style=\"width: 16.6667%; text-align: center;\">160 mm<\/td>\n<td style=\"width: 16.6667%; text-align: center;\">70mm<\/td>\n<td style=\"width: 16.6667%; text-align: center;\">62 * 62 mm<\/td>\n<td style=\"width: 16.6667%; text-align: center;\">42g'lik<\/td>\n<\/tr>\n<tr>\n<td style=\"width: 16.6667%; text-align: center;\">500ml<\/td>\n<td style=\"width: 16.6667%; text-align: center;\">259mm'lik<\/td>\n<td style=\"width: 16.6667%; text-align: center;\">214mm'lik<\/td>\n<td style=\"width: 16.6667%; text-align: center;\">120mm<\/td>\n<td style=\"width: 16.6667%; text-align: center;\">63 * 63mm<\/td>\n<td style=\"width: 16.6667%; text-align: center;\">56g<\/td>\n<\/tr>\n<\/tbody>\n<\/table>\n<p>Bu&#8217; Ev temizli\u011fi, bah\u00e7ecilik bak\u0131m\u0131 veya ma\u011faza dezenfeksiyonu, bu sprey \u015fi\u015fesi en iyi se\u00e7iminizdir.<\/p>\n<p>\u00c7ift kapasiteli se\u00e7enek mevcuttur<br \/>\n300ML ta\u015f\u0131nabilir model: Genel y\u00fckseklik 205MM, hafif ve kompakt, g\u00fcnl\u00fck k\u00fc\u00e7\u00fck \u00f6l\u00e7ekli temizlik i\u00e7in uygun \/ ta\u015f\u0131mak i\u00e7in uygun;<br \/>\n500ML b\u00fcy\u00fck kapasiteli model: Genel y\u00fckseklik 259MM, evler ve ma\u011fazalar gibi s\u0131k kullan\u0131m senaryolar\u0131 i\u00e7in uygundur.<\/p>\n<p>Bu \u00fcr\u00fcn, herhangi bir kokusuz, damlalara ve a\u015f\u0131nmaya dayan\u0131kl\u0131 g\u0131da s\u0131n\u0131f\u0131 PE PP malzemelerinden yap\u0131lm\u0131\u015ft\u0131r ve g\u00fc\u00e7l\u00fc bir s\u0131zd\u0131rmazl\u0131k performans\u0131na sahiptir (vidal\u0131 bir kapakla tasarlanm\u0131\u015ft\u0131r). S\u0131v\u0131 s\u0131z\u0131nt\u0131s\u0131n\u0131 \u00f6nler.<\/p>\n<p>3 mod aras\u0131nda ge\u00e7i\u015f yapmak i\u00e7in tek t\u0131klama rotasyonu:<br \/>\n&#8220; Kapal\u0131&#8221; mod: Kazara s\u0131z\u0131nt\u0131 \u00f6nlemek;<br \/>\n&#8220; D\u00fcz&#8221; modu: Su ak\u0131\u015f\u0131 konsantre, bitkileri sulamak ve yar\u0131klar\u0131 temizlemek i\u00e7in uygundur;<br \/>\n&#8220; Atomizasyon&#8221; mod: Temizleme, dezenfeksiyon ve hava nemlendirme senaryolar\u0131 i\u00e7in uygun ince sprey.<\/p>\n<p>Se\u00e7im i\u00e7in \u00e7e\u015fitli sprey stilleri mevcuttur. destek renk \u00f6zel tetikleyici p\u00fcsk\u00fcr\u00fcc\u00fc.<\/p>\n<p>Bu \u00f6zel kare \u015fi\u015fe vidal\u0131 boyunu doldurmak kolayd\u0131r, tetikleyici p\u00fcsk\u00fcrt\u00fcc\u00fc ile tamir edilebilir ve m\u00fch\u00fcrleme i\u00e7in vidal\u0131 kapak kullanabilir.<\/p>\n<p>Sprey, el yorgunlu\u011funa neden olmadan uzun s\u00fcre kullan\u0131m\u0131 rahat hale getiren kaymaz bir presleme kolu ile donat\u0131lm\u0131\u015ft\u0131r; \u015fi\u015fe g\u00f6vdesi etiketlerin ve logolar\u0131n \u00f6zelle\u015ftirilmesine olanak sa\u011flayan ayr\u0131lm\u0131\u015f bask\u0131 alanlar\u0131na sahiptir.<\/p>\n<p>Enjeksiyon kal\u0131pl\u0131 beyaz plastikten yap\u0131lan bu ambalaj, geni\u015f bir cilt bak\u0131m\u0131 ve kozmetik form\u00fclasyonlar\u0131n\u0131 tamamlayan taze, temiz bir estetik sa\u011fl\u0131yor. \u00c7ok y\u00f6nl\u00fc markalama i\u00e7in tasarlanm\u0131\u015f, hem serigrafi hem de etiket uygulamas\u0131n\u0131 destekler ve logonuzun, malzeme listelerinin ve anahtar \u00fcr\u00fcn bilgilerinin kristal a\u00e7\u0131k g\u00f6r\u00fcn\u00fcrl\u00fckle g\u00f6r\u00fcnt\u00fclenmesine izin verir. Zarif, d\u00fczenli y\u00fczey, marka kimli\u011fini ve \u00fcr\u00fcn ayr\u0131nt\u0131lar\u0131n\u0131 \u00f6ne \u00e7\u0131karmay\u0131 sa\u011flar ve t\u00fcketicilerle yank\u0131lanan profesyonel ve g\u00fcvenilir bir sunum sunar.<\/p>\n<p><img decoding=\"async\" class=\"size-full wp-image-3664 aligncenter\" src=\"https:\/\/www.cosmepak.com\/wp-content\/uploads\/2025\/12\/\u8be6\u60c5-3-1.jpg\" alt=\"\" width=\"790\" height=\"790\" srcset=\"https:\/\/www.cosmepak.com\/wp-content\/uploads\/2025\/12\/\u8be6\u60c5-3-1.jpg 790w, https:\/\/www.cosmepak.com\/wp-content\/uploads\/2025\/12\/\u8be6\u60c5-3-1-300x300.jpg 300w, https:\/\/www.cosmepak.com\/wp-content\/uploads\/2025\/12\/\u8be6\u60c5-3-1-150x150.jpg 150w, https:\/\/www.cosmepak.com\/wp-content\/uploads\/2025\/12\/\u8be6\u60c5-3-1-768x768.jpg 768w, https:\/\/www.cosmepak.com\/wp-content\/uploads\/2025\/12\/\u8be6\u60c5-3-1-12x12.jpg 12w, https:\/\/www.cosmepak.com\/wp-content\/uploads\/2025\/12\/\u8be6\u60c5-3-1-600x600.jpg 600w, https:\/\/www.cosmepak.com\/wp-content\/uploads\/2025\/12\/\u8be6\u60c5-3-1-100x100.jpg 100w\" sizes=\"(max-width: 790px) 100vw, 790px\" \/><\/p>\n<table style=\"border-collapse: collapse; width: 100%;\">\n<tbody>\n<tr>\n<td style=\"width: 25%;\"><img decoding=\"async\" class=\"alignnone size-full wp-image-3665\" src=\"https:\/\/www.cosmepak.com\/wp-content\/uploads\/2025\/12\/\u8be6\u60c5-51-1.jpg\" alt=\"\" width=\"1000\" height=\"1000\" srcset=\"https:\/\/www.cosmepak.com\/wp-content\/uploads\/2025\/12\/\u8be6\u60c5-51-1.jpg 1000w, https:\/\/www.cosmepak.com\/wp-content\/uploads\/2025\/12\/\u8be6\u60c5-51-1-300x300.jpg 300w, https:\/\/www.cosmepak.com\/wp-content\/uploads\/2025\/12\/\u8be6\u60c5-51-1-150x150.jpg 150w, https:\/\/www.cosmepak.com\/wp-content\/uploads\/2025\/12\/\u8be6\u60c5-51-1-768x768.jpg 768w, https:\/\/www.cosmepak.com\/wp-content\/uploads\/2025\/12\/\u8be6\u60c5-51-1-12x12.jpg 12w, https:\/\/www.cosmepak.com\/wp-content\/uploads\/2025\/12\/\u8be6\u60c5-51-1-600x600.jpg 600w, https:\/\/www.cosmepak.com\/wp-content\/uploads\/2025\/12\/\u8be6\u60c5-51-1-100x100.jpg 100w\" sizes=\"(max-width: 1000px) 100vw, 1000px\" \/><\/td>\n<td style=\"width: 25%;\"><img loading=\"lazy\" decoding=\"async\" class=\"alignnone size-full wp-image-3666\" src=\"https:\/\/www.cosmepak.com\/wp-content\/uploads\/2025\/12\/\u8be6\u60c5-6-2.jpg\" alt=\"\" width=\"1000\" height=\"1000\" srcset=\"https:\/\/www.cosmepak.com\/wp-content\/uploads\/2025\/12\/\u8be6\u60c5-6-2.jpg 1000w, https:\/\/www.cosmepak.com\/wp-content\/uploads\/2025\/12\/\u8be6\u60c5-6-2-300x300.jpg 300w, https:\/\/www.cosmepak.com\/wp-content\/uploads\/2025\/12\/\u8be6\u60c5-6-2-150x150.jpg 150w, https:\/\/www.cosmepak.com\/wp-content\/uploads\/2025\/12\/\u8be6\u60c5-6-2-768x768.jpg 768w, https:\/\/www.cosmepak.com\/wp-content\/uploads\/2025\/12\/\u8be6\u60c5-6-2-12x12.jpg 12w, https:\/\/www.cosmepak.com\/wp-content\/uploads\/2025\/12\/\u8be6\u60c5-6-2-600x600.jpg 600w, https:\/\/www.cosmepak.com\/wp-content\/uploads\/2025\/12\/\u8be6\u60c5-6-2-100x100.jpg 100w\" sizes=\"(max-width: 1000px) 100vw, 1000px\" \/><\/td>\n<td style=\"width: 25%;\"><img loading=\"lazy\" decoding=\"async\" class=\"alignnone size-full wp-image-3667\" src=\"https:\/\/www.cosmepak.com\/wp-content\/uploads\/2025\/12\/81-1.jpg\" alt=\"\" width=\"1000\" height=\"1000\" srcset=\"https:\/\/www.cosmepak.com\/wp-content\/uploads\/2025\/12\/81-1.jpg 1000w, https:\/\/www.cosmepak.com\/wp-content\/uploads\/2025\/12\/81-1-300x300.jpg 300w, https:\/\/www.cosmepak.com\/wp-content\/uploads\/2025\/12\/81-1-150x150.jpg 150w, https:\/\/www.cosmepak.com\/wp-content\/uploads\/2025\/12\/81-1-768x768.jpg 768w, https:\/\/www.cosmepak.com\/wp-content\/uploads\/2025\/12\/81-1-12x12.jpg 12w, https:\/\/www.cosmepak.com\/wp-content\/uploads\/2025\/12\/81-1-600x600.jpg 600w, https:\/\/www.cosmepak.com\/wp-content\/uploads\/2025\/12\/81-1-100x100.jpg 100w\" sizes=\"(max-width: 1000px) 100vw, 1000px\" \/><\/td>\n<td style=\"width: 25%;\"><img loading=\"lazy\" decoding=\"async\" class=\"alignnone size-full wp-image-3668\" src=\"https:\/\/www.cosmepak.com\/wp-content\/uploads\/2025\/12\/71-2.jpg\" alt=\"\" width=\"1000\" height=\"1000\" srcset=\"https:\/\/www.cosmepak.com\/wp-content\/uploads\/2025\/12\/71-2.jpg 1000w, https:\/\/www.cosmepak.com\/wp-content\/uploads\/2025\/12\/71-2-300x300.jpg 300w, https:\/\/www.cosmepak.com\/wp-content\/uploads\/2025\/12\/71-2-150x150.jpg 150w, https:\/\/www.cosmepak.com\/wp-content\/uploads\/2025\/12\/71-2-768x768.jpg 768w, https:\/\/www.cosmepak.com\/wp-content\/uploads\/2025\/12\/71-2-12x12.jpg 12w, https:\/\/www.cosmepak.com\/wp-content\/uploads\/2025\/12\/71-2-600x600.jpg 600w, https:\/\/www.cosmepak.com\/wp-content\/uploads\/2025\/12\/71-2-100x100.jpg 100w\" sizes=\"(max-width: 1000px) 100vw, 1000px\" \/><\/td>\n<\/tr>\n<\/tbody>\n<\/table>\n<table style=\"border-collapse: collapse; width: 100%;\">\n<tbody>\n<tr>\n<td style=\"width: 33.3333%;\"><img loading=\"lazy\" decoding=\"async\" class=\"alignnone size-full wp-image-3671\" src=\"https:\/\/www.cosmepak.com\/wp-content\/uploads\/2025\/12\/31-3.jpg\" alt=\"\" width=\"1000\" height=\"1000\" srcset=\"https:\/\/www.cosmepak.com\/wp-content\/uploads\/2025\/12\/31-3.jpg 1000w, https:\/\/www.cosmepak.com\/wp-content\/uploads\/2025\/12\/31-3-300x300.jpg 300w, https:\/\/www.cosmepak.com\/wp-content\/uploads\/2025\/12\/31-3-150x150.jpg 150w, https:\/\/www.cosmepak.com\/wp-content\/uploads\/2025\/12\/31-3-768x768.jpg 768w, https:\/\/www.cosmepak.com\/wp-content\/uploads\/2025\/12\/31-3-12x12.jpg 12w, https:\/\/www.cosmepak.com\/wp-content\/uploads\/2025\/12\/31-3-600x600.jpg 600w, https:\/\/www.cosmepak.com\/wp-content\/uploads\/2025\/12\/31-3-100x100.jpg 100w\" sizes=\"(max-width: 1000px) 100vw, 1000px\" \/><\/td>\n<td style=\"width: 33.3333%;\"><img loading=\"lazy\" decoding=\"async\" class=\"alignnone size-full wp-image-3670\" src=\"https:\/\/www.cosmepak.com\/wp-content\/uploads\/2025\/12\/51-2.jpg\" alt=\"\" width=\"1000\" height=\"1000\" srcset=\"https:\/\/www.cosmepak.com\/wp-content\/uploads\/2025\/12\/51-2.jpg 1000w, https:\/\/www.cosmepak.com\/wp-content\/uploads\/2025\/12\/51-2-300x300.jpg 300w, https:\/\/www.cosmepak.com\/wp-content\/uploads\/2025\/12\/51-2-150x150.jpg 150w, https:\/\/www.cosmepak.com\/wp-content\/uploads\/2025\/12\/51-2-768x768.jpg 768w, https:\/\/www.cosmepak.com\/wp-content\/uploads\/2025\/12\/51-2-12x12.jpg 12w, https:\/\/www.cosmepak.com\/wp-content\/uploads\/2025\/12\/51-2-600x600.jpg 600w, https:\/\/www.cosmepak.com\/wp-content\/uploads\/2025\/12\/51-2-100x100.jpg 100w\" sizes=\"(max-width: 1000px) 100vw, 1000px\" \/><\/td>\n<td style=\"width: 33.3333%;\"><img loading=\"lazy\" decoding=\"async\" class=\"alignnone size-full wp-image-3669\" src=\"https:\/\/www.cosmepak.com\/wp-content\/uploads\/2025\/12\/61-3.jpg\" alt=\"\" width=\"1000\" height=\"1000\" srcset=\"https:\/\/www.cosmepak.com\/wp-content\/uploads\/2025\/12\/61-3.jpg 1000w, https:\/\/www.cosmepak.com\/wp-content\/uploads\/2025\/12\/61-3-300x300.jpg 300w, https:\/\/www.cosmepak.com\/wp-content\/uploads\/2025\/12\/61-3-150x150.jpg 150w, https:\/\/www.cosmepak.com\/wp-content\/uploads\/2025\/12\/61-3-768x768.jpg 768w, https:\/\/www.cosmepak.com\/wp-content\/uploads\/2025\/12\/61-3-12x12.jpg 12w, https:\/\/www.cosmepak.com\/wp-content\/uploads\/2025\/12\/61-3-600x600.jpg 600w, https:\/\/www.cosmepak.com\/wp-content\/uploads\/2025\/12\/61-3-100x100.jpg 100w\" sizes=\"(max-width: 1000px) 100vw, 1000px\" \/><\/td>\n<\/tr>\n<\/tbody>\n<\/table>","protected":false},"excerpt":{"rendered":"<p>\u015ei\u015fe malzemesi: evcil hayvan<\/p>\n<p>Kapak Malzemesi: PP<\/p>\n<p>Kapasite: 50ml \/ 100ml \/ 150ml \/ 200ml<\/p>\n<p>Kapak: Vidal\u0131 pompa<\/p>\n<p>Renk: \u00d6zelle\u015ftirilmi\u015f (herhangi bir Pantone Rengi Avalable)<\/p>\n<p>Y\u00fczey Kaplama: Serip bask\u0131, buzlanma, s\u0131cak damgalama, sprey gradyan\u0131, mat kaplama vb.<\/p>\n<p>MOQ: 5000pcs;<\/p>\n<p>&nbsp;<\/p>","protected":false},"featured_media":3672,"comment_status":"closed","ping_status":"closed","template":"","meta":{"_acf_changed":false},"product_brand":[],"product_cat":[18,48],"product_tag":[41],"class_list":{"0":"post-3662","1":"product","2":"type-product","3":"status-publish","4":"has-post-thumbnail","6":"product_cat-plastic-bottle","7":"product_cat-spray-bottle","8":"product_tag-plastic-bottle","10":"first","11":"instock","12":"shipping-taxable","13":"product-type-simple"},"acf":[],"_links":{"self":[{"href":"https:\/\/www.cosmepak.com\/tr\/wp-json\/wp\/v2\/product\/3662","targetHints":{"allow":["GET"]}}],"collection":[{"href":"https:\/\/www.cosmepak.com\/tr\/wp-json\/wp\/v2\/product"}],"about":[{"href":"https:\/\/www.cosmepak.com\/tr\/wp-json\/wp\/v2\/types\/product"}],"replies":[{"embeddable":true,"href":"https:\/\/www.cosmepak.com\/tr\/wp-json\/wp\/v2\/comments?post=3662"}],"wp:featuredmedia":[{"embeddable":true,"href":"https:\/\/www.cosmepak.com\/tr\/wp-json\/wp\/v2\/media\/3672"}],"wp:attachment":[{"href":"https:\/\/www.cosmepak.com\/tr\/wp-json\/wp\/v2\/media?parent=3662"}],"wp:term":[{"taxonomy":"product_brand","embeddable":true,"href":"https:\/\/www.cosmepak.com\/tr\/wp-json\/wp\/v2\/product_brand?post=3662"},{"taxonomy":"product_cat","embeddable":true,"href":"https:\/\/www.cosmepak.com\/tr\/wp-json\/wp\/v2\/product_cat?post=3662"},{"taxonomy":"product_tag","embeddable":true,"href":"https:\/\/www.cosmepak.com\/tr\/wp-json\/wp\/v2\/product_tag?post=3662"}],"curies":[{"name":"wp","href":"https:\/\/api.w.org\/{rel}","templated":true}]}}