{"id":3692,"date":"2025-12-17T14:22:14","date_gmt":"2025-12-17T06:22:14","guid":{"rendered":"https:\/\/www.cosmepak.com\/?post_type=product&#038;p=3692"},"modified":"2025-12-24T13:50:51","modified_gmt":"2025-12-24T05:50:51","slug":"60g-semi-permeable-rose-gold-cream-jar","status":"publish","type":"product","link":"https:\/\/www.cosmepak.com\/tr\/product\/60g-semi-permeable-rose-gold-cream-jar\/","title":{"rendered":"60g yar\u0131 ge\u00e7irici g\u00fcl alt\u0131n krem kavanozu"},"content":{"rendered":"<table style=\"border-collapse: collapse; width: 100%; height: 192px;\">\n<tbody>\n<tr style=\"height: 24px;\">\n<td style=\"width: 40.6929%; height: 192px;\" rowspan=\"8\"><img fetchpriority=\"high\" decoding=\"async\" class=\"alignnone size-full wp-image-3693\" src=\"https:\/\/www.cosmepak.com\/wp-content\/uploads\/2025\/12\/\u4e3b\u56fe-61.jpg\" alt=\"\" width=\"1000\" height=\"1000\" srcset=\"https:\/\/www.cosmepak.com\/wp-content\/uploads\/2025\/12\/\u4e3b\u56fe-61.jpg 1000w, https:\/\/www.cosmepak.com\/wp-content\/uploads\/2025\/12\/\u4e3b\u56fe-61-300x300.jpg 300w, https:\/\/www.cosmepak.com\/wp-content\/uploads\/2025\/12\/\u4e3b\u56fe-61-150x150.jpg 150w, https:\/\/www.cosmepak.com\/wp-content\/uploads\/2025\/12\/\u4e3b\u56fe-61-768x768.jpg 768w, https:\/\/www.cosmepak.com\/wp-content\/uploads\/2025\/12\/\u4e3b\u56fe-61-12x12.jpg 12w, https:\/\/www.cosmepak.com\/wp-content\/uploads\/2025\/12\/\u4e3b\u56fe-61-600x600.jpg 600w, https:\/\/www.cosmepak.com\/wp-content\/uploads\/2025\/12\/\u4e3b\u56fe-61-100x100.jpg 100w\" sizes=\"(max-width: 1000px) 100vw, 1000px\" \/><\/td>\n<td style=\"width: 28.4645%; height: 24px; text-align: center;\">Marka<\/td>\n<td style=\"width: 30.8425%; height: 24px; text-align: center;\">\u00a0Fahi\u015fe<\/td>\n<\/tr>\n<tr style=\"height: 24px;\">\n<td style=\"width: 28.4645%; height: 24px; text-align: center;\">\u015eekil<\/td>\n<td style=\"width: 30.8425%; height: 24px; text-align: center;\">Yuvarlak<\/td>\n<\/tr>\n<tr style=\"height: 24px;\">\n<td style=\"width: 28.4645%; height: 24px; text-align: center;\">Malzeme<\/td>\n<td style=\"width: 30.8425%; height: 24px; text-align: center;\">Bardak<\/td>\n<\/tr>\n<tr style=\"height: 24px;\">\n<td style=\"width: 28.4645%; height: 24px; text-align: center;\">Model<\/td>\n<td style=\"width: 30.8425%; height: 24px; text-align: center;\">JH-YM20250710-1 i\u00e7in<\/td>\n<\/tr>\n<tr style=\"height: 24px;\">\n<td style=\"width: 28.4645%; height: 24px; text-align: center;\">OEM ve ODM<\/td>\n<td style=\"width: 30.8425%; height: 24px; text-align: center;\">Kabul etmek<\/td>\n<\/tr>\n<tr style=\"height: 24px;\">\n<td style=\"width: 28.4645%; height: 24px; text-align: center;\">Renk<\/td>\n<td style=\"width: 30.8425%; height: 24px; text-align: center;\">Yar\u0131 ge\u00e7irici renk<\/td>\n<\/tr>\n<tr style=\"height: 24px;\">\n<td style=\"width: 28.4645%; height: 24px; text-align: center;\">Kullan\u0131m<\/td>\n<td style=\"width: 30.8425%; height: 24px; text-align: center;\">krem<\/td>\n<\/tr>\n<tr style=\"height: 24px;\">\n<td style=\"width: 28.4645%; height: 24px; text-align: center;\">Moq<\/td>\n<td style=\"width: 30.8425%; height: 24px; text-align: center;\">10000 pcs<\/td>\n<\/tr>\n<\/tbody>\n<\/table>\n<table style=\"border-collapse: collapse; width: 100%; height: 109px;\">\n<tbody>\n<tr style=\"height: 24px;\">\n<td style=\"width: 8.61543%; text-align: center; height: 24px;\"><strong>Kapasite<\/strong><\/td>\n<td style=\"width: 7.97343%; text-align: center; height: 24px;\"><strong>Toplam y\u00fckseklik<\/strong><\/td>\n<td style=\"width: 8.52052%; text-align: center; height: 24px;\"><strong>Alt \u00e7ap<\/strong><\/td>\n<td style=\"width: 8.64621%; text-align: center; height: 24px;\"><strong>Yazd\u0131r\u0131labilir y\u00fckseklik<\/strong><\/td>\n<td style=\"width: 8.16567%; text-align: center; height: 24px;\"><strong>G\u00f6rsel Desi\u062c\u0631\u0627m \u0130metrpact Raf Varl\u0131\u011f\u0131 Nas\u0131l Yap\u0131l\u0131r?<\/strong><\/td>\n<td style=\"width: 8.16567%; text-align: center; height: 24px;\"><b>A\u011f\u0131rl\u0131k<\/b><\/td>\n<\/tr>\n<tr style=\"height: 24px;\">\n<td style=\"width: 8.61543%; text-align: center; height: 41px;\">60g ince alt<\/td>\n<td style=\"width: 7.97343%; text-align: center; height: 41px;\">53mm<\/td>\n<td style=\"width: 8.52052%; text-align: center; height: 41px;\">55mm<\/td>\n<td style=\"width: 8.64621%; text-align: center; height: 41px;\">28 mm<\/td>\n<td style=\"width: 8.16567%; text-align: center; height: 41px;\">172mm'lik<\/td>\n<td style=\"width: 8.16567%; text-align: center; height: 41px;\">96.9g<\/td>\n<\/tr>\n<tr style=\"height: 44px;\">\n<td style=\"width: 8.61543%; text-align: center; height: 44px;\">60g kal\u0131n alt<\/td>\n<td style=\"width: 7.97343%; text-align: center; height: 44px;\">54 mm<\/td>\n<td style=\"width: 8.52052%; text-align: center; height: 44px;\">57 mm<\/td>\n<td style=\"width: 8.64621%; text-align: center; height: 44px;\">30 mm<\/td>\n<td style=\"width: 8.16567%; text-align: center; height: 44px;\">179mm'lik<\/td>\n<td style=\"width: 8.16567%; text-align: center; height: 44px;\">124.7g<\/td>\n<\/tr>\n<\/tbody>\n<\/table>\n<div><\/div>\n<div class=\"auto-hide-last-sibling-br paragraph-pP9ZLC paragraph-element br-paragraph-space\">\u00d6zel olarak premium cilt bak\u0131m form\u00fclleri (y\u00fcz losyonlar\u0131, besleyici kremler ve l\u00fcks v\u00fccut losyonlar\u0131 gibi) i\u00e7in tasarlanan bu y\u00fcksek kaliteli yar\u0131 \u015feffaf g\u00fcl alt\u0131n cam krem kavanozu, zarif bir g\u00f6r\u00fcn\u00fcm\u00fc pratik i\u015flevsellikle birle\u015ftirir.<\/div>\n<div><\/div>\n<div>Y\u00fcksek kaliteli camdan yap\u0131lm\u0131\u015f, kavanoz yumu\u015fak yar\u0131 \u015feffaf bir g\u00fcl alt\u0131n rengine sahiptir: bu kaplama \u00fcr\u00fcn\u00fcn\u00fcz\u00fcn dokusunu ince bir \u015fekilde sergiler ve premium g\u00fczellik markas\u0131yla uyumlu s\u0131cak, l\u00fcks bir atmosfer yayar. Aksesuarlar\u0131 (g\u00fcl alt\u0131n kapak, beyaz i\u00e7 bile\u015fenler) hem modern hem de rafine hisseden tutarl\u0131, sofistike bir renk \u015femas\u0131 olu\u015fturur.<\/div>\n<div><\/div>\n<div class=\"auto-hide-last-sibling-br paragraph-pP9ZLC paragraph-element br-paragraph-space\">Kavanozun her unsuru stil, dayan\u0131kl\u0131l\u0131k ve performans i\u00e7in tasarlanm\u0131\u015ft\u0131r:<\/div>\n<ol class=\"auto-hide-last-sibling-br\">\n<li>Bu g\u00fcl alt\u0131n p\u00fcr\u00fczs\u00fcz ve \u015feffaf cam kavanozlar&#8217; kal\u0131nl\u0131\u011f\u0131 tam do\u011fru &#8211; sa\u011flam ve dayan\u0131kl\u0131d\u0131r, k\u00fc\u00e7\u00fck etkilere dayanabilir. Ayn\u0131 zamanda, \u015feffaf \u00f6zelli\u011fi m\u00fc\u015fterilerin i\u00e7eri\u011fin kullan\u0131m\u0131n\u0131 g\u00f6rmesini sa\u011flar.<\/li>\n<li>Vidal\u0131 boyun hava ge\u00e7irmez, s\u0131z\u0131nt\u0131ya dayan\u0131kl\u0131 bir m\u00fch\u00fcrl\u00fck sa\u011flar.<\/li>\n<li>Kal\u0131nla\u015ft\u0131r\u0131lm\u0131\u015f cam alt, kullan\u0131m veya ekran s\u0131ras\u0131nda d\u00f6nme risklerini azaltan istikrar\u0131 ekler ve tutuldu\u011funda \u00f6nemli bir, prim hissi verir.<\/li>\n<li>Mat g\u00fcl alt\u0131n kapak beyaz i\u00e7 m\u00fch\u00fcrleme diskleriyle e\u015fle\u015fir: diskler hava, toz ve kirlili\u011fe kar\u015f\u0131 ekstra bir bariyer olu\u015ftururken, kapa\u011f\u0131n \u015f\u0131k tasar\u0131m\u0131 kavanozun genel zarif siluetini tamamlar.<\/li>\n<\/ol>\n<div class=\"auto-hide-last-sibling-br paragraph-pP9ZLC paragraph-element br-paragraph-space\">Ayr\u0131ca bu kavanozlar i\u00e7in kapsaml\u0131 bir \u00f6zelle\u015ftirme tekniklerini destekliyoruz: Serigrafi (net, uzun s\u00fcreli logolar \/ metin), s\u0131cak damgalama (metalik doku aksanlar\u0131), kum p\u00fcsk\u00fcrtme (mat buzlu efektler), elektrokaplama (geli\u015ftirilmi\u015f metalik bitirmeler), yap\u0131\u015fkan etiketleme (\u00f6zel grafik \u00e7\u0131kartmalar), 3D bask\u0131 (karma\u015f\u0131k desenler) ve buz \u00e7atlak doku (benzersiz, dokulu g\u00f6rsel ayr\u0131nt\u0131lar).<\/div>\n<p><img decoding=\"async\" class=\"alignnone wp-image-3699\" src=\"https:\/\/www.cosmepak.com\/wp-content\/uploads\/2025\/12\/\u4e3b\u56fe-41-3.jpg\" alt=\"\" width=\"1384\" height=\"1384\" srcset=\"https:\/\/www.cosmepak.com\/wp-content\/uploads\/2025\/12\/\u4e3b\u56fe-41-3.jpg 800w, https:\/\/www.cosmepak.com\/wp-content\/uploads\/2025\/12\/\u4e3b\u56fe-41-3-300x300.jpg 300w, https:\/\/www.cosmepak.com\/wp-content\/uploads\/2025\/12\/\u4e3b\u56fe-41-3-150x150.jpg 150w, https:\/\/www.cosmepak.com\/wp-content\/uploads\/2025\/12\/\u4e3b\u56fe-41-3-768x768.jpg 768w, https:\/\/www.cosmepak.com\/wp-content\/uploads\/2025\/12\/\u4e3b\u56fe-41-3-12x12.jpg 12w, https:\/\/www.cosmepak.com\/wp-content\/uploads\/2025\/12\/\u4e3b\u56fe-41-3-600x600.jpg 600w, https:\/\/www.cosmepak.com\/wp-content\/uploads\/2025\/12\/\u4e3b\u56fe-41-3-100x100.jpg 100w\" sizes=\"(max-width: 1384px) 100vw, 1384px\" \/><\/p>\n<table style=\"border-collapse: collapse; width: 100%;\">\n<tbody>\n<tr>\n<td style=\"width: 50%;\"><img decoding=\"async\" class=\"alignnone size-full wp-image-3695\" src=\"https:\/\/www.cosmepak.com\/wp-content\/uploads\/2025\/12\/\u4e3b\u56fe-91.jpg\" alt=\"\" width=\"1000\" height=\"1000\" srcset=\"https:\/\/www.cosmepak.com\/wp-content\/uploads\/2025\/12\/\u4e3b\u56fe-91.jpg 1000w, https:\/\/www.cosmepak.com\/wp-content\/uploads\/2025\/12\/\u4e3b\u56fe-91-300x300.jpg 300w, https:\/\/www.cosmepak.com\/wp-content\/uploads\/2025\/12\/\u4e3b\u56fe-91-150x150.jpg 150w, https:\/\/www.cosmepak.com\/wp-content\/uploads\/2025\/12\/\u4e3b\u56fe-91-768x768.jpg 768w, https:\/\/www.cosmepak.com\/wp-content\/uploads\/2025\/12\/\u4e3b\u56fe-91-12x12.jpg 12w, https:\/\/www.cosmepak.com\/wp-content\/uploads\/2025\/12\/\u4e3b\u56fe-91-600x600.jpg 600w, https:\/\/www.cosmepak.com\/wp-content\/uploads\/2025\/12\/\u4e3b\u56fe-91-100x100.jpg 100w\" sizes=\"(max-width: 1000px) 100vw, 1000px\" \/><\/td>\n<td style=\"width: 50%;\"><img loading=\"lazy\" decoding=\"async\" class=\"alignnone size-full wp-image-3694\" src=\"https:\/\/www.cosmepak.com\/wp-content\/uploads\/2025\/12\/\u4e3b\u56fe-71.jpg\" alt=\"\" width=\"1000\" height=\"1000\" srcset=\"https:\/\/www.cosmepak.com\/wp-content\/uploads\/2025\/12\/\u4e3b\u56fe-71.jpg 1000w, https:\/\/www.cosmepak.com\/wp-content\/uploads\/2025\/12\/\u4e3b\u56fe-71-300x300.jpg 300w, https:\/\/www.cosmepak.com\/wp-content\/uploads\/2025\/12\/\u4e3b\u56fe-71-150x150.jpg 150w, https:\/\/www.cosmepak.com\/wp-content\/uploads\/2025\/12\/\u4e3b\u56fe-71-768x768.jpg 768w, https:\/\/www.cosmepak.com\/wp-content\/uploads\/2025\/12\/\u4e3b\u56fe-71-12x12.jpg 12w, https:\/\/www.cosmepak.com\/wp-content\/uploads\/2025\/12\/\u4e3b\u56fe-71-600x600.jpg 600w, https:\/\/www.cosmepak.com\/wp-content\/uploads\/2025\/12\/\u4e3b\u56fe-71-100x100.jpg 100w\" sizes=\"(max-width: 1000px) 100vw, 1000px\" \/><\/td>\n<\/tr>\n<\/tbody>\n<\/table>\n<table style=\"border-collapse: collapse; width: 100%; height: 24px;\">\n<tbody>\n<tr style=\"height: 24px;\">\n<td style=\"width: 33.3333%; height: 24px;\"><img loading=\"lazy\" decoding=\"async\" class=\"alignnone size-full wp-image-3696\" src=\"https:\/\/www.cosmepak.com\/wp-content\/uploads\/2025\/12\/21-4.jpg\" alt=\"\" width=\"1000\" height=\"1000\" srcset=\"https:\/\/www.cosmepak.com\/wp-content\/uploads\/2025\/12\/21-4.jpg 1000w, https:\/\/www.cosmepak.com\/wp-content\/uploads\/2025\/12\/21-4-300x300.jpg 300w, https:\/\/www.cosmepak.com\/wp-content\/uploads\/2025\/12\/21-4-150x150.jpg 150w, https:\/\/www.cosmepak.com\/wp-content\/uploads\/2025\/12\/21-4-768x768.jpg 768w, https:\/\/www.cosmepak.com\/wp-content\/uploads\/2025\/12\/21-4-12x12.jpg 12w, https:\/\/www.cosmepak.com\/wp-content\/uploads\/2025\/12\/21-4-600x600.jpg 600w, https:\/\/www.cosmepak.com\/wp-content\/uploads\/2025\/12\/21-4-100x100.jpg 100w\" sizes=\"(max-width: 1000px) 100vw, 1000px\" \/><\/td>\n<td style=\"width: 33.3333%; height: 24px;\"><img loading=\"lazy\" decoding=\"async\" class=\"alignnone size-full wp-image-3697\" src=\"https:\/\/www.cosmepak.com\/wp-content\/uploads\/2025\/12\/31-4.jpg\" alt=\"\" width=\"1000\" height=\"1000\" srcset=\"https:\/\/www.cosmepak.com\/wp-content\/uploads\/2025\/12\/31-4.jpg 1000w, https:\/\/www.cosmepak.com\/wp-content\/uploads\/2025\/12\/31-4-300x300.jpg 300w, https:\/\/www.cosmepak.com\/wp-content\/uploads\/2025\/12\/31-4-150x150.jpg 150w, https:\/\/www.cosmepak.com\/wp-content\/uploads\/2025\/12\/31-4-768x768.jpg 768w, https:\/\/www.cosmepak.com\/wp-content\/uploads\/2025\/12\/31-4-12x12.jpg 12w, https:\/\/www.cosmepak.com\/wp-content\/uploads\/2025\/12\/31-4-600x600.jpg 600w, https:\/\/www.cosmepak.com\/wp-content\/uploads\/2025\/12\/31-4-100x100.jpg 100w\" sizes=\"(max-width: 1000px) 100vw, 1000px\" \/><\/td>\n<td style=\"width: 33.3333%; height: 24px;\"><img loading=\"lazy\" decoding=\"async\" class=\"alignnone size-full wp-image-3698\" src=\"https:\/\/www.cosmepak.com\/wp-content\/uploads\/2025\/12\/51-3.jpg\" alt=\"\" width=\"1000\" height=\"1000\" srcset=\"https:\/\/www.cosmepak.com\/wp-content\/uploads\/2025\/12\/51-3.jpg 1000w, https:\/\/www.cosmepak.com\/wp-content\/uploads\/2025\/12\/51-3-300x300.jpg 300w, https:\/\/www.cosmepak.com\/wp-content\/uploads\/2025\/12\/51-3-150x150.jpg 150w, https:\/\/www.cosmepak.com\/wp-content\/uploads\/2025\/12\/51-3-768x768.jpg 768w, https:\/\/www.cosmepak.com\/wp-content\/uploads\/2025\/12\/51-3-12x12.jpg 12w, https:\/\/www.cosmepak.com\/wp-content\/uploads\/2025\/12\/51-3-600x600.jpg 600w, https:\/\/www.cosmepak.com\/wp-content\/uploads\/2025\/12\/51-3-100x100.jpg 100w\" sizes=\"(max-width: 1000px) 100vw, 1000px\" \/><\/td>\n<\/tr>\n<\/tbody>\n<\/table>","protected":false},"excerpt":{"rendered":"<p>Malzeme: ABS \/ AS<\/p>\n<p>Kapasite: 7ml<\/p>\n<p>Renk: \u00d6zelle\u015ftirilmi\u015f Kabul (Mevcut Pantone Rengi)<\/p>\n<p>Y\u00fczey Kaplama: Serip Bask\u0131, S\u0131cak Damgalama, P\u00fcsk\u00fcrtme Gradyan, Mat Kaplama, vb.<\/p>\n<p>MOQ: 10000 pcs<\/p>\n<p>\u00d6rnek: \u00dccretsiz \u00f6rnekler mevcut<\/p>\n<p>&nbsp;<\/p>\n<p>&nbsp;<\/p>","protected":false},"featured_media":3700,"comment_status":"closed","ping_status":"closed","template":"","meta":{"_acf_changed":false},"product_brand":[],"product_cat":[44],"product_tag":[40],"class_list":{"0":"post-3692","1":"product","2":"type-product","3":"status-publish","4":"has-post-thumbnail","6":"product_cat-cream-jar","7":"product_tag-essential-oil-bottle","9":"first","10":"instock","11":"shipping-taxable","12":"product-type-simple"},"acf":[],"_links":{"self":[{"href":"https:\/\/www.cosmepak.com\/tr\/wp-json\/wp\/v2\/product\/3692","targetHints":{"allow":["GET"]}}],"collection":[{"href":"https:\/\/www.cosmepak.com\/tr\/wp-json\/wp\/v2\/product"}],"about":[{"href":"https:\/\/www.cosmepak.com\/tr\/wp-json\/wp\/v2\/types\/product"}],"replies":[{"embeddable":true,"href":"https:\/\/www.cosmepak.com\/tr\/wp-json\/wp\/v2\/comments?post=3692"}],"wp:featuredmedia":[{"embeddable":true,"href":"https:\/\/www.cosmepak.com\/tr\/wp-json\/wp\/v2\/media\/3700"}],"wp:attachment":[{"href":"https:\/\/www.cosmepak.com\/tr\/wp-json\/wp\/v2\/media?parent=3692"}],"wp:term":[{"taxonomy":"product_brand","embeddable":true,"href":"https:\/\/www.cosmepak.com\/tr\/wp-json\/wp\/v2\/product_brand?post=3692"},{"taxonomy":"product_cat","embeddable":true,"href":"https:\/\/www.cosmepak.com\/tr\/wp-json\/wp\/v2\/product_cat?post=3692"},{"taxonomy":"product_tag","embeddable":true,"href":"https:\/\/www.cosmepak.com\/tr\/wp-json\/wp\/v2\/product_tag?post=3692"}],"curies":[{"name":"wp","href":"https:\/\/api.w.org\/{rel}","templated":true}]}}