{"id":3757,"date":"2025-12-25T16:45:01","date_gmt":"2025-12-25T08:45:01","guid":{"rendered":"https:\/\/www.cosmepak.com\/?post_type=product&#038;p=3757"},"modified":"2025-12-26T09:08:39","modified_gmt":"2025-12-26T01:08:39","slug":"luxurious-black-and-gold-classic-combination-with-lipstick-tube","status":"publish","type":"product","link":"https:\/\/www.cosmepak.com\/tr\/product\/luxurious-black-and-gold-classic-combination-with-lipstick-tube\/","title":{"rendered":"Ruj T\u00fcp ile L\u00fcks Siyah ve Alt\u0131n Klasik Kombinasyon"},"content":{"rendered":"<table style=\"border-collapse: collapse; width: 100%; height: 264px;\">\n<tbody>\n<tr style=\"height: 24px;\">\n<td style=\"width: 49.3342%; height: 24px; text-align: center;\">Marka<\/td>\n<td style=\"width: 50.6658%; height: 24px; text-align: center;\">\u00a0Fahi\u015fe<\/td>\n<\/tr>\n<tr style=\"height: 24px;\">\n<td style=\"width: 49.3342%; height: 24px; text-align: center;\">Kapasite<\/td>\n<td style=\"width: 50.6658%; height: 24px; text-align: center;\">3.5g<\/td>\n<\/tr>\n<tr style=\"height: 24px;\">\n<td style=\"width: 49.3342%; height: 24px; text-align: center;\">\u015eekil<\/td>\n<td style=\"width: 50.6658%; height: 24px; text-align: center;\">Kare<\/td>\n<\/tr>\n<tr style=\"height: 24px;\">\n<td style=\"width: 49.3342%; height: 24px; text-align: center;\">Boyut<\/td>\n<td style=\"width: 50.6658%; height: 24px; text-align: center;\">73,2 * 23mm<\/td>\n<\/tr>\n<tr style=\"height: 24px;\">\n<td style=\"width: 49.3342%; text-align: center; height: 24px;\">\u0130\u00e7 \u00e7ap<\/td>\n<td style=\"width: 50.6658%; text-align: center; height: 24px;\">12.1mm<\/td>\n<\/tr>\n<tr style=\"height: 24px;\">\n<td style=\"width: 49.3342%; height: 24px; text-align: center;\">A\u011f\u0131rl\u0131k<\/td>\n<td style=\"width: 50.6658%; height: 24px; text-align: center;\">19 gram<\/td>\n<\/tr>\n<tr style=\"height: 24px;\">\n<td style=\"width: 49.3342%; height: 24px; text-align: center;\">Model<\/td>\n<td style=\"width: 50.6658%; height: 24px; text-align: center;\">JH-JZ-3278#<\/td>\n<\/tr>\n<tr style=\"height: 24px;\">\n<td style=\"width: 49.3342%; height: 24px; text-align: center;\">OEM ve ODM<\/td>\n<td style=\"width: 50.6658%; height: 24px; text-align: center;\">Kabul etmek<\/td>\n<\/tr>\n<tr style=\"height: 24px;\">\n<td style=\"width: 49.3342%; height: 24px; text-align: center;\">Renk<\/td>\n<td style=\"width: 50.6658%; height: 24px; text-align: center;\">\u00d6zelle\u015ftirilmi\u015f<\/td>\n<\/tr>\n<tr style=\"height: 24px;\">\n<td style=\"width: 49.3342%; height: 24px; text-align: center;\">Moq<\/td>\n<td style=\"width: 50.6658%; height: 24px; text-align: center;\">10000 pcs<\/td>\n<\/tr>\n<\/tbody>\n<\/table>\n<p>Ne zaman &#8220; klasik\u00e7ilik&#8221; Ve &#8220; doku&#8221; m\u00fckemmel \u00e7arp\u0131\u015fmak, bu siyah ve alt\u0131n renkli ruj t\u00fcp\u00fc makyaj ambalajlar\u0131 aras\u0131nda arzu edilen se\u00e7im haline gelmek zorundad\u0131r.<\/p>\n<p>Siyah ve alt\u0131n kombinasyonu ebedi bir estetik form\u00fcld\u00fcr &#8211; mat siyah t\u00fcp g\u00f6vdesi gece kadife gibi s\u0131k\u0131nt\u0131l\u0131 ve d\u00fc\u015f\u00fck anahtarl\u0131d\u0131r;<\/p>\n<p>Koyu ve parlak renkler aras\u0131ndaki kontrast, t\u00fcm ruj t\u00fcb\u00fcn\u00fcn &amp;#8220 g\u00f6r\u00fcnmesini sa\u011flayan g\u00f6rsel bir etki yarat\u0131r; Elinde tutuldu\u011funda zarif&#8221; Makyaj masas\u0131nda ya da \u00e7antada \u00e7arp\u0131c\u0131 bir varl\u0131k haline gelir.<\/p>\n<p>Boru g\u00f6vdesi, sadece y\u00fcksek kaliteli malzemelerle kar\u015f\u0131la\u015ft\u0131r\u0131labilir bir dokunma duygusu sunmayan, ayn\u0131 zamanda dokunmada p\u00fcr\u00fczs\u00fcz hissedilen ve parmak izleri b\u0131rakmayan ABS \/ AS malzemesinden yap\u0131lm\u0131\u015ft\u0131r.<\/p>\n<p>Bu&#8217; Yumu\u015fak bir parlakl\u0131kla parlak \/ mat enjeksiyon rengi veya metalik serin bir tonla elektrokapl\u0131 alt\u0131n veya g\u00fcm\u00fc\u015f renk, hepsi \u00e7e\u015fitli makyaj stilleri ile e\u015fle\u015ftirilebilir, \u00e7abas\u0131zca bir &#8220; benzersiz doku&#8221;.<\/p>\n<p>Macun ekstr\u00fcde edildi\u011finde p\u00fcr\u00fczs\u00fcz ve damping hissi engellenmez veya gev\u015fek de\u011fildir. Her kullan\u0131m bir &#8220; rahat ve uygun&#8221; deneyim.<\/p>\n<p>Renk e\u015fle\u015fmesinden malzemeye, tasar\u0131mdan kullan\u0131m hissine kadar, bu ruj t\u00fcp\u00fc &#8220; zariflik&#8221; Her detayda &#8211; Sadece makyaj i\u00e7in bir konteyner de\u011fil, ayn\u0131 zamanda &#8220; gizli aksesuar&#8221; Bu makyaj\u0131n rit\u00fcel y\u00f6n\u00fcn\u00fc art\u0131rabilir.<\/p>\n<table style=\"border-collapse: collapse; width: 100%;\">\n<tbody>\n<tr>\n<td style=\"width: 33.3333%;\"><img fetchpriority=\"high\" decoding=\"async\" class=\"alignnone size-full wp-image-3765\" src=\"https:\/\/www.cosmepak.com\/wp-content\/uploads\/2025\/12\/8739643310_1144619481-1.jpg\" alt=\"\" width=\"1000\" height=\"1000\" srcset=\"https:\/\/www.cosmepak.com\/wp-content\/uploads\/2025\/12\/8739643310_1144619481-1.jpg 1000w, https:\/\/www.cosmepak.com\/wp-content\/uploads\/2025\/12\/8739643310_1144619481-1-300x300.jpg 300w, https:\/\/www.cosmepak.com\/wp-content\/uploads\/2025\/12\/8739643310_1144619481-1-150x150.jpg 150w, https:\/\/www.cosmepak.com\/wp-content\/uploads\/2025\/12\/8739643310_1144619481-1-768x768.jpg 768w, https:\/\/www.cosmepak.com\/wp-content\/uploads\/2025\/12\/8739643310_1144619481-1-12x12.jpg 12w, https:\/\/www.cosmepak.com\/wp-content\/uploads\/2025\/12\/8739643310_1144619481-1-600x600.jpg 600w, https:\/\/www.cosmepak.com\/wp-content\/uploads\/2025\/12\/8739643310_1144619481-1-100x100.jpg 100w\" sizes=\"(max-width: 1000px) 100vw, 1000px\" \/><\/td>\n<td style=\"width: 33.3333%;\"><img decoding=\"async\" class=\"alignnone size-full wp-image-3766\" src=\"https:\/\/www.cosmepak.com\/wp-content\/uploads\/2025\/12\/8755160711_1144619481-1.jpg\" alt=\"\" width=\"1000\" height=\"1000\" srcset=\"https:\/\/www.cosmepak.com\/wp-content\/uploads\/2025\/12\/8755160711_1144619481-1.jpg 1000w, https:\/\/www.cosmepak.com\/wp-content\/uploads\/2025\/12\/8755160711_1144619481-1-300x300.jpg 300w, https:\/\/www.cosmepak.com\/wp-content\/uploads\/2025\/12\/8755160711_1144619481-1-150x150.jpg 150w, https:\/\/www.cosmepak.com\/wp-content\/uploads\/2025\/12\/8755160711_1144619481-1-768x768.jpg 768w, https:\/\/www.cosmepak.com\/wp-content\/uploads\/2025\/12\/8755160711_1144619481-1-12x12.jpg 12w, https:\/\/www.cosmepak.com\/wp-content\/uploads\/2025\/12\/8755160711_1144619481-1-600x600.jpg 600w, https:\/\/www.cosmepak.com\/wp-content\/uploads\/2025\/12\/8755160711_1144619481-1-100x100.jpg 100w\" sizes=\"(max-width: 1000px) 100vw, 1000px\" \/><\/td>\n<td style=\"width: 33.3333%;\"><img decoding=\"async\" class=\"alignnone size-full wp-image-3767\" src=\"https:\/\/www.cosmepak.com\/wp-content\/uploads\/2025\/12\/9560222843_1144619481-1.jpg\" alt=\"\" width=\"1000\" height=\"1000\" srcset=\"https:\/\/www.cosmepak.com\/wp-content\/uploads\/2025\/12\/9560222843_1144619481-1.jpg 1000w, https:\/\/www.cosmepak.com\/wp-content\/uploads\/2025\/12\/9560222843_1144619481-1-300x300.jpg 300w, https:\/\/www.cosmepak.com\/wp-content\/uploads\/2025\/12\/9560222843_1144619481-1-150x150.jpg 150w, https:\/\/www.cosmepak.com\/wp-content\/uploads\/2025\/12\/9560222843_1144619481-1-768x768.jpg 768w, https:\/\/www.cosmepak.com\/wp-content\/uploads\/2025\/12\/9560222843_1144619481-1-12x12.jpg 12w, https:\/\/www.cosmepak.com\/wp-content\/uploads\/2025\/12\/9560222843_1144619481-1-600x600.jpg 600w, https:\/\/www.cosmepak.com\/wp-content\/uploads\/2025\/12\/9560222843_1144619481-1-100x100.jpg 100w\" sizes=\"(max-width: 1000px) 100vw, 1000px\" \/><\/td>\n<\/tr>\n<\/tbody>\n<\/table>\n<table style=\"border-collapse: collapse; width: 100%;\">\n<tbody>\n<tr>\n<td style=\"width: 50%;\"><img loading=\"lazy\" decoding=\"async\" class=\"alignnone size-full wp-image-3761\" src=\"https:\/\/www.cosmepak.com\/wp-content\/uploads\/2025\/12\/8755160711_1144619481.jpg\" alt=\"\" width=\"1000\" height=\"1000\" srcset=\"https:\/\/www.cosmepak.com\/wp-content\/uploads\/2025\/12\/8755160711_1144619481.jpg 1000w, https:\/\/www.cosmepak.com\/wp-content\/uploads\/2025\/12\/8755160711_1144619481-300x300.jpg 300w, https:\/\/www.cosmepak.com\/wp-content\/uploads\/2025\/12\/8755160711_1144619481-150x150.jpg 150w, https:\/\/www.cosmepak.com\/wp-content\/uploads\/2025\/12\/8755160711_1144619481-768x768.jpg 768w, https:\/\/www.cosmepak.com\/wp-content\/uploads\/2025\/12\/8755160711_1144619481-12x12.jpg 12w, https:\/\/www.cosmepak.com\/wp-content\/uploads\/2025\/12\/8755160711_1144619481-600x600.jpg 600w, https:\/\/www.cosmepak.com\/wp-content\/uploads\/2025\/12\/8755160711_1144619481-100x100.jpg 100w\" sizes=\"(max-width: 1000px) 100vw, 1000px\" \/><\/td>\n<td style=\"width: 50%;\"><img loading=\"lazy\" decoding=\"async\" class=\"alignnone size-full wp-image-3770\" src=\"https:\/\/www.cosmepak.com\/wp-content\/uploads\/2025\/12\/\u6839\u636e\u56fe\u7247\u5199\u53e3\u7ea2\u63cf\u8ff01.jpg\" alt=\"\" width=\"1000\" height=\"1000\" srcset=\"https:\/\/www.cosmepak.com\/wp-content\/uploads\/2025\/12\/\u6839\u636e\u56fe\u7247\u5199\u53e3\u7ea2\u63cf\u8ff01.jpg 1000w, https:\/\/www.cosmepak.com\/wp-content\/uploads\/2025\/12\/\u6839\u636e\u56fe\u7247\u5199\u53e3\u7ea2\u63cf\u8ff01-300x300.jpg 300w, https:\/\/www.cosmepak.com\/wp-content\/uploads\/2025\/12\/\u6839\u636e\u56fe\u7247\u5199\u53e3\u7ea2\u63cf\u8ff01-150x150.jpg 150w, https:\/\/www.cosmepak.com\/wp-content\/uploads\/2025\/12\/\u6839\u636e\u56fe\u7247\u5199\u53e3\u7ea2\u63cf\u8ff01-768x768.jpg 768w, https:\/\/www.cosmepak.com\/wp-content\/uploads\/2025\/12\/\u6839\u636e\u56fe\u7247\u5199\u53e3\u7ea2\u63cf\u8ff01-12x12.jpg 12w, https:\/\/www.cosmepak.com\/wp-content\/uploads\/2025\/12\/\u6839\u636e\u56fe\u7247\u5199\u53e3\u7ea2\u63cf\u8ff01-600x600.jpg 600w, https:\/\/www.cosmepak.com\/wp-content\/uploads\/2025\/12\/\u6839\u636e\u56fe\u7247\u5199\u53e3\u7ea2\u63cf\u8ff01-100x100.jpg 100w\" sizes=\"(max-width: 1000px) 100vw, 1000px\" \/><\/td>\n<\/tr>\n<\/tbody>\n<\/table>","protected":false},"excerpt":{"rendered":"<p>Malzeme: ABS<\/p>\n<p>Capacity: 3.5g<\/p>\n<p>Boyut: 67.5*22mm<\/p>\n<p>Renk: \u00d6zelle\u015ftirilmi\u015f Kabul (Mevcut Pantone Rengi)<\/p>\n<p>Y\u00fczey Kaplamas\u0131: Serip Bask\u0131, S\u0131cak Damgalama, Mat Kaplama, vb.<\/p>\n<p>MOQ: 10000 pcs<\/p>\n<p>\u00d6rnek: \u00dccretsiz \u00f6rnekler mevcut<\/p>\n<p>&nbsp;<\/p>\n<p>&nbsp;<\/p>","protected":false},"featured_media":3759,"comment_status":"closed","ping_status":"closed","template":"","meta":{"_acf_changed":false},"product_brand":[],"product_cat":[53,36],"product_tag":[39],"class_list":{"0":"post-3757","1":"product","2":"type-product","3":"status-publish","4":"has-post-thumbnail","6":"product_cat-lipstick-tube","7":"product_cat-makeup","8":"product_tag-makeup","10":"first","11":"instock","12":"shipping-taxable","13":"product-type-simple"},"acf":[],"_links":{"self":[{"href":"https:\/\/www.cosmepak.com\/tr\/wp-json\/wp\/v2\/product\/3757","targetHints":{"allow":["GET"]}}],"collection":[{"href":"https:\/\/www.cosmepak.com\/tr\/wp-json\/wp\/v2\/product"}],"about":[{"href":"https:\/\/www.cosmepak.com\/tr\/wp-json\/wp\/v2\/types\/product"}],"replies":[{"embeddable":true,"href":"https:\/\/www.cosmepak.com\/tr\/wp-json\/wp\/v2\/comments?post=3757"}],"wp:featuredmedia":[{"embeddable":true,"href":"https:\/\/www.cosmepak.com\/tr\/wp-json\/wp\/v2\/media\/3759"}],"wp:attachment":[{"href":"https:\/\/www.cosmepak.com\/tr\/wp-json\/wp\/v2\/media?parent=3757"}],"wp:term":[{"taxonomy":"product_brand","embeddable":true,"href":"https:\/\/www.cosmepak.com\/tr\/wp-json\/wp\/v2\/product_brand?post=3757"},{"taxonomy":"product_cat","embeddable":true,"href":"https:\/\/www.cosmepak.com\/tr\/wp-json\/wp\/v2\/product_cat?post=3757"},{"taxonomy":"product_tag","embeddable":true,"href":"https:\/\/www.cosmepak.com\/tr\/wp-json\/wp\/v2\/product_tag?post=3757"}],"curies":[{"name":"wp","href":"https:\/\/api.w.org\/{rel}","templated":true}]}}