{"id":1287,"date":"2025-03-18T13:50:06","date_gmt":"2025-03-18T05:50:06","guid":{"rendered":"https:\/\/www.cosmepak.com\/?post_type=product&#038;p=1287"},"modified":"2025-09-29T17:32:06","modified_gmt":"2025-09-29T09:32:06","slug":"250ml-450ml-pet-lotion-shampoo-bottle","status":"publish","type":"product","link":"https:\/\/www.cosmepak.com\/vi\/product\/250ml-450ml-pet-lotion-shampoo-bottle\/","title":{"rendered":"Chai d\u1ea7u g\u1ed9i PET 250ml 450ml"},"content":{"rendered":"<table style=\"border-collapse: collapse; width: 100.654%; height: 216px;\">\n<tbody>\n<tr style=\"height: 24px;\">\n<td style=\"width: 47.786%; height: 24px; text-align: center;\">T\u00ean s\u1ea3n ph\u1ea9m<\/td>\n<td style=\"width: 68.6676%; height: 24px; text-align: center;\">Chai d\u1ea7u g\u1ed9i n\u01b0\u1edbc 250ml PETG<\/td>\n<\/tr>\n<tr style=\"height: 24px;\">\n<td style=\"width: 47.786%; height: 24px; text-align: center;\">V\u1eadt li\u1ec7u<\/td>\n<td style=\"width: 68.6676%; height: 24px; text-align: center;\">PETG<\/td>\n<\/tr>\n<tr style=\"height: 24px;\">\n<td style=\"width: 47.786%; height: 24px; text-align: center;\">M\u00e0u s\u1eafc<\/td>\n<td style=\"width: 68.6676%; height: 24px; text-align: center;\">T\u00f9y ch\u1ec9nh<\/td>\n<\/tr>\n<tr style=\"height: 24px;\">\n<td style=\"width: 47.786%; height: 24px; text-align: center;\">\u0110i\u1ec1u tr\u1ecb ngh\u1ec7 thu\u1eadt<\/td>\n<td style=\"width: 68.6676%; height: 24px; text-align: center;\">In m\u00e0n h\u00ecnh l\u1ee5a \/ d\u1eadp n\u00f3ng \/ l\u1edbp ph\u1ee7 ~<\/td>\n<\/tr>\n<tr style=\"height: 24px;\">\n<td style=\"width: 47.786%; height: 24px; text-align: center;\">Dung t\u00edch<\/td>\n<td style=\"width: 68.6676%; height: 24px; text-align: center;\">250ml \/ 450ml<\/td>\n<\/tr>\n<tr style=\"height: 24px;\">\n<td style=\"width: 47.786%; height: 24px; text-align: center;\">MOQ<\/td>\n<td style=\"width: 68.6676%; height: 24px; text-align: center;\">10000<\/td>\n<\/tr>\n<tr style=\"height: 24px;\">\n<td style=\"width: 47.786%; height: 24px; text-align: center;\">Th\u1eddi gian d\u1eabn \u0111\u1ea7u<\/td>\n<td style=\"width: 68.6676%; height: 24px; text-align: center;\">30 ng\u00e0y sau khi nh\u1eadn ti\u1ec1n g\u1eedi.<\/td>\n<\/tr>\n<tr style=\"height: 24px;\">\n<td style=\"width: 47.786%; height: 24px; text-align: center;\">S\u1ef1 chi tr\u1ea3<\/td>\n<td style=\"width: 68.6676%; height: 24px; text-align: center;\">Ti\u1ec1n g\u1eedi 30%, 70% S\u1ed1 d\u01b0 thanh to\u00e1n tr\u01b0\u1edbc khi t\u1ea3i.<\/td>\n<\/tr>\n<tr style=\"height: 24px;\">\n<td style=\"width: 47.786%; height: 24px; text-align: center;\">\u0110\u00f3ng g\u00f3i<\/td>\n<td style=\"width: 68.6676%; height: 24px; text-align: center;\">H\u1ed9p gi\u1ea5y kraft v\u00e0 pallet g\u1ed7<\/td>\n<\/tr>\n<\/tbody>\n<\/table>\n<p><img fetchpriority=\"high\" decoding=\"async\" class=\"size-full wp-image-3046 aligncenter\" src=\"https:\/\/www.cosmepak.com\/wp-content\/uploads\/2025\/03\/\u8be6\u60c5-10.jpg\" alt=\"\" width=\"1000\" height=\"1000\" srcset=\"https:\/\/www.cosmepak.com\/wp-content\/uploads\/2025\/03\/\u8be6\u60c5-10.jpg 1000w, https:\/\/www.cosmepak.com\/wp-content\/uploads\/2025\/03\/\u8be6\u60c5-10-300x300.jpg 300w, https:\/\/www.cosmepak.com\/wp-content\/uploads\/2025\/03\/\u8be6\u60c5-10-150x150.jpg 150w, https:\/\/www.cosmepak.com\/wp-content\/uploads\/2025\/03\/\u8be6\u60c5-10-768x768.jpg 768w, https:\/\/www.cosmepak.com\/wp-content\/uploads\/2025\/03\/\u8be6\u60c5-10-12x12.jpg 12w, https:\/\/www.cosmepak.com\/wp-content\/uploads\/2025\/03\/\u8be6\u60c5-10-600x600.jpg 600w, https:\/\/www.cosmepak.com\/wp-content\/uploads\/2025\/03\/\u8be6\u60c5-10-100x100.jpg 100w\" sizes=\"(max-width: 1000px) 100vw, 1000px\" \/><\/p>\n<table style=\"border-collapse: collapse; width: 100%; height: 48px;\">\n<tbody>\n<tr style=\"height: 24px;\">\n<td style=\"width: 16.3673%; text-align: center; height: 24px;\"><strong>Dung t\u00edch<\/strong><\/td>\n<td style=\"width: 18.4214%; text-align: center;\"><strong>T\u1ed5ng chi\u1ec1u cao<\/strong><\/td>\n<td style=\"width: 15.8959%; text-align: center; height: 24px;\"><strong>Dia<\/strong><\/td>\n<td style=\"width: 17.5414%; text-align: center; height: 24px;\"><strong>Chai chi\u1ec1u cao<\/strong><\/td>\n<td style=\"width: 17.8994%; text-align: center; height: 24px;\"><strong>Chi\u1ec1u cao c\u00f3 th\u1ec3 in<\/strong><\/td>\n<td style=\"width: 13.8746%; text-align: center;\"><strong>C\u00e2n n\u1eb7ng<\/strong><\/td>\n<\/tr>\n<tr style=\"height: 24px;\">\n<td style=\"width: 16.3673%; text-align: center; height: 24px;\">250ml<\/td>\n<td style=\"width: 18.4214%; text-align: center;\">150ml<\/td>\n<td style=\"width: 15.8959%; text-align: center; height: 24px;\">67mm<\/td>\n<td style=\"width: 17.5414%; text-align: center; height: 24px;\">92mm<\/td>\n<td style=\"width: 17.8994%; text-align: center; height: 24px;\">54mm<\/td>\n<td style=\"width: 13.8746%; text-align: center;\">68.3g<\/td>\n<\/tr>\n<\/tbody>\n<\/table>\n<table style=\"border-collapse: collapse; width: 100%;\">\n<tbody>\n<tr>\n<td style=\"width: 20%; text-align: center;\"><strong>M\u1ee5c\u00a0<\/strong><\/td>\n<td style=\"width: 20%; text-align: center;\"><strong>G\u00f3i Qty<\/strong><\/td>\n<td style=\"width: 20%; text-align: center;\"><strong>K\u00edch th\u01b0\u1edbc carton<\/strong><\/td>\n<td style=\"width: 20%; text-align: center;\"><strong>T\u00e2y B\u1eafc<\/strong><\/td>\n<td style=\"width: 20%; text-align: center;\"><strong>GW<\/strong><\/td>\n<\/tr>\n<tr>\n<td style=\"width: 20%; text-align: center;\">B\u01a1m<\/td>\n<td style=\"width: 20%; text-align: center;\">400 chi\u1ebfc<\/td>\n<td style=\"width: 20%; text-align: center;\">57*47*36<\/td>\n<td style=\"width: 20%; text-align: center;\">14.5kg<\/td>\n<td style=\"width: 20%; text-align: center;\">12.8kg<\/td>\n<\/tr>\n<tr>\n<td style=\"width: 20%; text-align: center;\">C\u00e1i chai<\/td>\n<td style=\"width: 20%; text-align: center;\">180 chi\u1ebfc<\/td>\n<td style=\"width: 20%; text-align: center;\">64*37*39<\/td>\n<td style=\"width: 20%; text-align: center;\">6.5kg<\/td>\n<td style=\"width: 20%; text-align: center;\">8.2kg<\/td>\n<\/tr>\n<\/tbody>\n<\/table>\n<p><img decoding=\"async\" class=\"size-full wp-image-3047 aligncenter\" src=\"https:\/\/www.cosmepak.com\/wp-content\/uploads\/2025\/03\/450ml-2.jpg\" alt=\"\" width=\"1000\" height=\"1000\" srcset=\"https:\/\/www.cosmepak.com\/wp-content\/uploads\/2025\/03\/450ml-2.jpg 1000w, https:\/\/www.cosmepak.com\/wp-content\/uploads\/2025\/03\/450ml-2-300x300.jpg 300w, https:\/\/www.cosmepak.com\/wp-content\/uploads\/2025\/03\/450ml-2-150x150.jpg 150w, https:\/\/www.cosmepak.com\/wp-content\/uploads\/2025\/03\/450ml-2-768x768.jpg 768w, https:\/\/www.cosmepak.com\/wp-content\/uploads\/2025\/03\/450ml-2-12x12.jpg 12w, https:\/\/www.cosmepak.com\/wp-content\/uploads\/2025\/03\/450ml-2-600x600.jpg 600w, https:\/\/www.cosmepak.com\/wp-content\/uploads\/2025\/03\/450ml-2-100x100.jpg 100w\" sizes=\"(max-width: 1000px) 100vw, 1000px\" \/><\/p>\n<table style=\"border-collapse: collapse; width: 100%; height: 120px;\">\n<tbody>\n<tr style=\"height: 24px;\">\n<td style=\"width: 15.6264%; text-align: center; height: 24px;\">Dung t\u00edch<\/td>\n<td style=\"width: 18.0726%; text-align: center; height: 24px;\">T\u1ed5ng chi\u1ec1u cao<\/td>\n<td style=\"width: 15.9229%; text-align: center; height: 24px;\">Dia<\/td>\n<td style=\"width: 17.0348%; text-align: center; height: 24px;\">Chai chi\u1ec1u cao<\/td>\n<td style=\"width: 16.0786%; text-align: center; height: 24px;\">Chi\u1ec1u cao c\u00f3 th\u1ec3 in<\/td>\n<td style=\"width: 17.2647%; text-align: center;\">C\u00e2n n\u1eb7ng<\/td>\n<\/tr>\n<tr style=\"height: 24px;\">\n<td style=\"width: 15.6264%; text-align: center; height: 24px;\">450ml<\/td>\n<td style=\"width: 18.0726%; text-align: center; height: 24px;\">168mm<\/td>\n<td style=\"width: 15.9229%; text-align: center; height: 24px;\">67mm<\/td>\n<td style=\"width: 17.0348%; text-align: center; height: 24px;\">140mm<\/td>\n<td style=\"width: 16.0786%; text-align: center; height: 24px;\">105mm<\/td>\n<td style=\"width: 17.2647%; text-align: center;\">88.8g<\/td>\n<\/tr>\n<\/tbody>\n<\/table>\n<table style=\"border-collapse: collapse; width: 100%;\">\n<tbody>\n<tr>\n<td style=\"width: 20%; text-align: center;\"><strong>M\u1ee5c\u00a0<\/strong><\/td>\n<td style=\"width: 20%; text-align: center;\"><strong>G\u00f3i Qty<\/strong><\/td>\n<td style=\"width: 20%; text-align: center;\"><strong>K\u00edch th\u01b0\u1edbc carton<\/strong><\/td>\n<td style=\"width: 20%; text-align: center;\"><strong>T\u00e2y B\u1eafc<\/strong><\/td>\n<td style=\"width: 20%; text-align: center;\"><strong>GW<\/strong><\/td>\n<\/tr>\n<tr>\n<td style=\"width: 20%; text-align: center;\">S\u1ed1 l\u01b0\u1ee3ng 450 ml<\/td>\n<td style=\"width: 20%; text-align: center;\">120 chi\u1ebfc<\/td>\n<td style=\"width: 20%; text-align: center;\">56*35*43<\/td>\n<td style=\"width: 20%; text-align: center;\">6.6KG<\/td>\n<td style=\"width: 20%; text-align: center;\">8.3KG<\/td>\n<\/tr>\n<\/tbody>\n<\/table>\n<p>Chai b\u1ecdt Mu Si n\u00e0y c\u00f3 250ml v\u00e0 450ml hai c\u00f4ng su\u1ea5t \u0111\u1ec3 b\u1ea1n ch\u1ecdn. N\u00f3 c\u00f3 thi\u1ebft k\u1ebf vu\u00f4ng, th\u00e2n chai PETG v\u00e0 c\u1ed5 v\u00edt \u0111\u01a1n gi\u1ea3n \u0111\u1ec3 v\u1eadn h\u00e0nh, cho ph\u00e9p ho\u1ea1t \u0111\u1ed9ng \u0111\u01a1n gi\u1ea3n m\u00e0 kh\u00f4ng lo l\u1eafng r\u00f2 r\u1ec9. Th\u00e2n thi\u1ec7n v\u1edbi m\u00f4i tr\u01b0\u1eddng v\u00e0 c\u00f3 th\u1ec3 t\u00e1i s\u1eed d\u1ee5ng, n\u00f3 l\u00fd t\u01b0\u1edfng cho vi\u1ec7c l\u1ea5p \u0111\u1ea7y v\u1ec7 sinh, trong khi ch\u1ed1ng ph\u00e1 v\u1ee1 v\u00e0 b\u1ec1n. \u0110\u01b0\u1ee3c trang b\u1ecb m\u1ed9t m\u00e1y b\u01a1m khoa h\u1ecdc, n\u00f3 cung c\u1ea5p n\u00e9n d\u1ec5 d\u00e0ng, s\u1ea3n xu\u1ea5t b\u1ecdt m\u1ecbn, phong ph\u00fa m\u1ed7i khi b\u1ea1n s\u1eed d\u1ee5ng n\u00f3.<\/p>\n<p>N\u00f3 c\u00f3 nhi\u1ec1u m\u00e0u s\u1eafc \u0111\u1ec3 b\u1ea1n ch\u1ecdn, nh\u01b0 m\u00e0u s\u1eafc r\u00f5 r\u00e0ng trong su\u1ed1t; M\u00e0u tr\u1eafng; M\u00e0u h\u1ed3ng trong su\u1ed1t; m\u00e0u xanh trong su\u1ed1t; m\u00e0u xanh l\u00e1 c\u00e2y trong su\u1ed1t; m\u00e0u n\u00e2u trong su\u1ed1t; ch\u00fang t\u00f4i c\u0169ng h\u1ed7 tr\u1ee3 t\u00f9y ch\u1ec9nh v\u1edbi m\u00e0u pantone c\u1ee7a b\u1ea1n.<\/p>\n<p>Ch\u00fang t\u00f4i c\u0169ng h\u1ed7 tr\u1ee3 d\u1ecbch v\u1ee5 in t\u00f9y ch\u1ec9nh logo; d\u1ecbch v\u1ee5 d\u00e1n nh\u00e3n vv<\/p>\n<p>N\u1ebfu b\u1ea1n quan t\u00e2m \u0111\u1ebfn chai n\u00e0y, vui l\u00f2ng li\u00ean h\u1ec7 v\u1edbi ch\u00fang t\u00f4i.<\/p>\n<table style=\"border-collapse: collapse; width: 100%; height: 989px;\">\n<tbody>\n<tr style=\"height: 965px;\">\n<td style=\"width: 66.6666%; height: 965px;\" colspan=\"2\"><img decoding=\"async\" class=\"size-full wp-image-3048 aligncenter\" src=\"https:\/\/www.cosmepak.com\/wp-content\/uploads\/2025\/03\/450ml-5.jpg\" alt=\"\" width=\"1000\" height=\"1000\" srcset=\"https:\/\/www.cosmepak.com\/wp-content\/uploads\/2025\/03\/450ml-5.jpg 1000w, https:\/\/www.cosmepak.com\/wp-content\/uploads\/2025\/03\/450ml-5-300x300.jpg 300w, https:\/\/www.cosmepak.com\/wp-content\/uploads\/2025\/03\/450ml-5-150x150.jpg 150w, https:\/\/www.cosmepak.com\/wp-content\/uploads\/2025\/03\/450ml-5-768x768.jpg 768w, https:\/\/www.cosmepak.com\/wp-content\/uploads\/2025\/03\/450ml-5-12x12.jpg 12w, https:\/\/www.cosmepak.com\/wp-content\/uploads\/2025\/03\/450ml-5-600x600.jpg 600w, https:\/\/www.cosmepak.com\/wp-content\/uploads\/2025\/03\/450ml-5-100x100.jpg 100w\" sizes=\"(max-width: 1000px) 100vw, 1000px\" \/><\/td>\n<\/tr>\n<tr style=\"height: 24px;\">\n<td style=\"width: 33.3333%; height: 24px;\"><img loading=\"lazy\" decoding=\"async\" class=\"alignnone size-full wp-image-3049\" src=\"https:\/\/www.cosmepak.com\/wp-content\/uploads\/2025\/03\/\u8be6\u60c5-5.jpg\" alt=\"\" width=\"790\" height=\"831\" srcset=\"https:\/\/www.cosmepak.com\/wp-content\/uploads\/2025\/03\/\u8be6\u60c5-5.jpg 790w, https:\/\/www.cosmepak.com\/wp-content\/uploads\/2025\/03\/\u8be6\u60c5-5-285x300.jpg 285w, https:\/\/www.cosmepak.com\/wp-content\/uploads\/2025\/03\/\u8be6\u60c5-5-768x808.jpg 768w, https:\/\/www.cosmepak.com\/wp-content\/uploads\/2025\/03\/\u8be6\u60c5-5-11x12.jpg 11w, https:\/\/www.cosmepak.com\/wp-content\/uploads\/2025\/03\/\u8be6\u60c5-5-600x631.jpg 600w\" sizes=\"(max-width: 790px) 100vw, 790px\" \/><\/td>\n<td style=\"width: 33.3333%; height: 24px;\"><img loading=\"lazy\" decoding=\"async\" class=\"alignnone size-full wp-image-3050\" src=\"https:\/\/www.cosmepak.com\/wp-content\/uploads\/2025\/03\/450ml-4.jpg\" alt=\"\" width=\"790\" height=\"866\" srcset=\"https:\/\/www.cosmepak.com\/wp-content\/uploads\/2025\/03\/450ml-4.jpg 790w, https:\/\/www.cosmepak.com\/wp-content\/uploads\/2025\/03\/450ml-4-274x300.jpg 274w, https:\/\/www.cosmepak.com\/wp-content\/uploads\/2025\/03\/450ml-4-768x842.jpg 768w, https:\/\/www.cosmepak.com\/wp-content\/uploads\/2025\/03\/450ml-4-11x12.jpg 11w, https:\/\/www.cosmepak.com\/wp-content\/uploads\/2025\/03\/450ml-4-600x658.jpg 600w\" sizes=\"(max-width: 790px) 100vw, 790px\" \/><\/td>\n<\/tr>\n<\/tbody>\n<\/table>\n<p style=\"text-align: center;\">V\u1ec1 ch\u00fang t\u00f4i<\/p>\n<p>C\u00f4ng ty TNHH C\u00f4ng nghi\u1ec7p Hangzhou Juance \u0111\u00e3 th\u00e0nh l\u1eadp v\u00e0o n\u0103m 2014, nh\u00f3m nh\u00f3m c\u1ee7a ch\u00fang t\u00f4i \u0111\u00e3 l\u00e0m vi\u1ec7c v\u1edbi g\u00f3i c\u00f4ng nghi\u1ec7p m\u1ef9 ph\u1ea9m trong h\u01a1n 20 n\u0103m. ch\u00fang t\u00f4i chuy\u00ean nghi\u1ec7p trong c\u00e1c t\u1eadp tin n\u00e0y, ch\u00fang t\u00f4i c\u0169ng h\u1ed7 tr\u1ee3 gi\u1ea3i ph\u00e1p m\u1ed9t d\u1eebng trong bao b\u00ec m\u1ef9 ph\u1ea9m.<\/p>\n<p>M\u1ed9t ph\u00e2n chia lao \u0111\u1ed9ng r\u00f5 r\u00e0ng l\u00e0 r\u1ea5t quan tr\u1ecdng cho ho\u1ea1t \u0111\u1ed9ng tr\u01a1n tru c\u1ee7a b\u1ea5t k\u1ef3 t\u1ed5 ch\u1ee9c n\u00e0o. N\u00f3 kh\u00f4ng ch\u1ec9 t\u0103ng c\u01b0\u1eddng hi\u1ec7u qu\u1ea3 v\u00e0 tr\u00e1ch nhi\u1ec7m m\u00e0 c\u00f2n \u0111\u1ea3m b\u1ea3o r\u1eb1ng m\u1ed7i giai \u0111o\u1ea1n c\u1ee7a qu\u00e1 tr\u00ecnh \u0111\u01b0\u1ee3c th\u1ef1c hi\u1ec7n theo ti\u00eau chu\u1ea9n cao nh\u1ea5t. B\u1eb1ng c\u00e1ch ki\u1ec3m so\u00e1t nghi\u00eam ng\u1eb7t t\u1eebng giai \u0111o\u1ea1n, c\u00e1c t\u1ed5 ch\u1ee9c c\u00f3 th\u1ec3 \u0111\u1ea1t \u0111\u01b0\u1ee3c k\u1ebft qu\u1ea3 t\u1ed1t h\u01a1n v\u00e0 duy tr\u00ec l\u1ee3i th\u1ebf c\u1ea1nh tranh.<\/p>\n<p>Xin vui l\u00f2ng tham gia ch\u00fang t\u00f4i, h\u00e3y c\u00f9ng nhau gi\u00e0nh chi\u1ebfn th\u1eafng.<\/p>\n<p><img loading=\"lazy\" decoding=\"async\" class=\"alignnone size-full wp-image-2556\" src=\"https:\/\/www.cosmepak.com\/wp-content\/uploads\/2025\/06\/packaging.webp\" alt=\"bao b\u00ec\" width=\"1920\" height=\"885\" srcset=\"https:\/\/www.cosmepak.com\/wp-content\/uploads\/2025\/06\/packaging.webp 1920w, https:\/\/www.cosmepak.com\/wp-content\/uploads\/2025\/06\/packaging-300x138.webp 300w, https:\/\/www.cosmepak.com\/wp-content\/uploads\/2025\/06\/packaging-1024x472.webp 1024w, https:\/\/www.cosmepak.com\/wp-content\/uploads\/2025\/06\/packaging-768x354.webp 768w, https:\/\/www.cosmepak.com\/wp-content\/uploads\/2025\/06\/packaging-1536x708.webp 1536w, https:\/\/www.cosmepak.com\/wp-content\/uploads\/2025\/06\/packaging-18x8.webp 18w, https:\/\/www.cosmepak.com\/wp-content\/uploads\/2025\/06\/packaging-600x277.webp 600w\" sizes=\"(max-width: 1920px) 100vw, 1920px\" \/><\/p>\n<p>&nbsp;<\/p>","protected":false},"excerpt":{"rendered":"<p>C\u00f4ng su\u1ea5t: 250ml v\u00e0 450ml<\/p>\n<p>V\u1eadt li\u1ec7u: PETG<\/p>\n<p>M\u00e0u s\u1eafc: m\u00e0u ti\u00eam t\u00f9y ch\u1ec9nh<\/p>\n<p>Qu\u00e1 tr\u00ecnh t\u00f9y ch\u1ec9nh: In m\u00e0n h\u00ecnh l\u1ee5a, d\u1eadp n\u00f3ng, d\u00e1n nh\u00e3n, \u0111\u00f3ng b\u0103ng, m\u1ea1 \u0111i\u1ec7n, m\u00e0u s\u1eafc v.v.<\/p>\n<p>MOQ: 3000pcs \/ t\u00f9y ch\u1ec9nh 10000pcs<\/p>","protected":false},"featured_media":3051,"comment_status":"closed","ping_status":"closed","template":"","meta":{"_acf_changed":false},"product_brand":[],"product_cat":[47,18],"product_tag":[],"class_list":{"0":"post-1287","1":"product","2":"type-product","3":"status-publish","4":"has-post-thumbnail","6":"product_cat-lotion-bottle","7":"product_cat-plastic-bottle","9":"first","10":"outofstock","11":"shipping-taxable","12":"product-type-simple"},"acf":[],"_links":{"self":[{"href":"https:\/\/www.cosmepak.com\/vi\/wp-json\/wp\/v2\/product\/1287","targetHints":{"allow":["GET"]}}],"collection":[{"href":"https:\/\/www.cosmepak.com\/vi\/wp-json\/wp\/v2\/product"}],"about":[{"href":"https:\/\/www.cosmepak.com\/vi\/wp-json\/wp\/v2\/types\/product"}],"replies":[{"embeddable":true,"href":"https:\/\/www.cosmepak.com\/vi\/wp-json\/wp\/v2\/comments?post=1287"}],"wp:featuredmedia":[{"embeddable":true,"href":"https:\/\/www.cosmepak.com\/vi\/wp-json\/wp\/v2\/media\/3051"}],"wp:attachment":[{"href":"https:\/\/www.cosmepak.com\/vi\/wp-json\/wp\/v2\/media?parent=1287"}],"wp:term":[{"taxonomy":"product_brand","embeddable":true,"href":"https:\/\/www.cosmepak.com\/vi\/wp-json\/wp\/v2\/product_brand?post=1287"},{"taxonomy":"product_cat","embeddable":true,"href":"https:\/\/www.cosmepak.com\/vi\/wp-json\/wp\/v2\/product_cat?post=1287"},{"taxonomy":"product_tag","embeddable":true,"href":"https:\/\/www.cosmepak.com\/vi\/wp-json\/wp\/v2\/product_tag?post=1287"}],"curies":[{"name":"WP","href":"https:\/\/api.w.org\/{rel}","templated":true}]}}