{"id":132,"date":"2024-12-31T09:52:54","date_gmt":"2024-12-31T01:52:54","guid":{"rendered":"http:\/\/www.cosmepak.com\/?post_type=product&#038;p=132"},"modified":"2025-09-10T13:07:52","modified_gmt":"2025-09-10T05:07:52","slug":"chai-thuy-tinh","status":"publish","type":"product","link":"https:\/\/www.cosmepak.com\/vi\/product\/glass-bottle\/","title":{"rendered":"Chai th\u1ee7y tinh"},"content":{"rendered":"<table style=\"border-collapse: collapse; width: 100.146%; height: 216px;\">\n<tbody>\n<tr style=\"height: 24px;\">\n<td style=\"width: 35.4401%; height: 216px;\" rowspan=\"9\"><img fetchpriority=\"high\" decoding=\"async\" class=\"alignnone size-full wp-image-2724\" src=\"https:\/\/www.cosmepak.com\/wp-content\/uploads\/2025\/07\/\u8be6\u60c5-9.jpg\" alt=\"\" width=\"1000\" height=\"1000\" srcset=\"https:\/\/www.cosmepak.com\/wp-content\/uploads\/2025\/07\/\u8be6\u60c5-9.jpg 1000w, https:\/\/www.cosmepak.com\/wp-content\/uploads\/2025\/07\/\u8be6\u60c5-9-300x300.jpg 300w, https:\/\/www.cosmepak.com\/wp-content\/uploads\/2025\/07\/\u8be6\u60c5-9-150x150.jpg 150w, https:\/\/www.cosmepak.com\/wp-content\/uploads\/2025\/07\/\u8be6\u60c5-9-768x768.jpg 768w, https:\/\/www.cosmepak.com\/wp-content\/uploads\/2025\/07\/\u8be6\u60c5-9-12x12.jpg 12w, https:\/\/www.cosmepak.com\/wp-content\/uploads\/2025\/07\/\u8be6\u60c5-9-600x600.jpg 600w, https:\/\/www.cosmepak.com\/wp-content\/uploads\/2025\/07\/\u8be6\u60c5-9-100x100.jpg 100w\" sizes=\"(max-width: 1000px) 100vw, 1000px\" \/><\/td>\n<td style=\"width: 28.3233%; height: 24px; text-align: center;\">T\u00ean s\u1ea3n ph\u1ea9m<\/td>\n<td style=\"width: 66.401%; height: 24px; text-align: center;\">Chai th\u1ee7y tinh<\/td>\n<\/tr>\n<tr style=\"height: 24px;\">\n<td style=\"width: 28.3233%; height: 24px; text-align: center;\">V\u1eadt li\u1ec7u<\/td>\n<td style=\"width: 66.401%; height: 24px; text-align: center;\">Th\u1ee7y tinh<\/td>\n<\/tr>\n<tr style=\"height: 24px;\">\n<td style=\"width: 28.3233%; height: 24px; text-align: center;\">M\u00e0u s\u1eafc<\/td>\n<td style=\"width: 66.401%; height: 24px; text-align: center;\">T\u00f9y ch\u1ec9nh<\/td>\n<\/tr>\n<tr style=\"height: 24px;\">\n<td style=\"width: 28.3233%; height: 24px; text-align: center;\">\u0110i\u1ec1u tr\u1ecb ngh\u1ec7 thu\u1eadt<\/td>\n<td style=\"width: 66.401%; height: 24px; text-align: center;\">In m\u00e0n h\u00ecnh l\u1ee5a \/ d\u1eadp n\u00f3ng \/ l\u1edbp ph\u1ee7 ~<\/td>\n<\/tr>\n<tr style=\"height: 24px;\">\n<td style=\"width: 28.3233%; height: 24px; text-align: center;\">Dung t\u00edch<\/td>\n<td style=\"width: 66.401%; height: 24px; text-align: center;\">30ml \/ 50ml \/ 100ml \/ 120ml \/ 30g \/ 50g<\/td>\n<\/tr>\n<tr style=\"height: 24px;\">\n<td style=\"width: 28.3233%; height: 24px; text-align: center;\">MOQ<\/td>\n<td style=\"width: 66.401%; height: 24px; text-align: center;\">5000<\/td>\n<\/tr>\n<tr style=\"height: 24px;\">\n<td style=\"width: 28.3233%; height: 24px; text-align: center;\">Th\u1eddi gian d\u1eabn \u0111\u1ea7u<\/td>\n<td style=\"width: 66.401%; height: 24px; text-align: center;\">45 ng\u00e0y sau khi nh\u1eadn ti\u1ec1n g\u1eedi<\/td>\n<\/tr>\n<tr style=\"height: 24px;\">\n<td style=\"width: 28.3233%; height: 24px; text-align: center;\">S\u1ef1 chi tr\u1ea3<\/td>\n<td style=\"width: 66.401%; height: 24px; text-align: center;\">Kho\u1ea3n ti\u1ec1n g\u1eedi 50%, s\u1ed1 d\u01b0 50% \u0111\u01b0\u1ee3c tr\u1ea3 tr\u01b0\u1edbc khi t\u1ea3i<\/td>\n<\/tr>\n<tr style=\"height: 24px;\">\n<td style=\"width: 28.3233%; height: 24px; text-align: center;\">\u0110\u00f3ng g\u00f3i<\/td>\n<td style=\"width: 66.401%; height: 24px; text-align: center;\">H\u1ed9p gi\u1ea5y kraft v\u00e0 pallet g\u1ed7<\/td>\n<\/tr>\n<\/tbody>\n<\/table>\n<p>B\u1ed9 chai th\u1ee7y tinh n\u00e0y l\u00e0 ho\u00e0n h\u1ea3o cho vi\u1ec7c ph\u00e2n ph\u1ed1i c\u00e1c s\u1ea3n ph\u1ea9m ch\u0103m s\u00f3c da kh\u00e1c nhau bao g\u1ed3m kem, kem, huy\u1ebft thanh v\u00e0 m\u1ef1c. \u0110\u01b0\u1ee3c l\u00e0m t\u1eeb k\u00ednh ch\u1ea5t l\u01b0\u1ee3ng cao, c\u00e1c chai n\u00e0y cung c\u1ea5p c\u1ea3m gi\u00e1c cao c\u1ea5p v\u00e0 l\u00fd t\u01b0\u1edfng cho ph\u00e2n ph\u1ed1i ch\u00ednh x\u00e1c. Cho d\u00f9 b\u1ea1n \u0111ang s\u1ea3n xu\u1ea5t kem, thu\u1ed1c huy\u1ebft thanh ho\u1eb7c m\u1ef1c, c\u00e1c chai n\u00e0y \u0111\u1ea3m b\u1ea3o \u0111\u00f3ng g\u00f3i d\u1ec5 d\u00e0ng v\u00e0 hi\u1ec7u qu\u1ea3.<\/p>\n<p><img decoding=\"async\" class=\"size-full wp-image-2715 aligncenter\" src=\"https:\/\/www.cosmepak.com\/wp-content\/uploads\/2025\/07\/\u8be6\u60c5-12.jpg\" alt=\"\" width=\"800\" height=\"663\" srcset=\"https:\/\/www.cosmepak.com\/wp-content\/uploads\/2025\/07\/\u8be6\u60c5-12.jpg 800w, https:\/\/www.cosmepak.com\/wp-content\/uploads\/2025\/07\/\u8be6\u60c5-12-300x249.jpg 300w, https:\/\/www.cosmepak.com\/wp-content\/uploads\/2025\/07\/\u8be6\u60c5-12-768x636.jpg 768w, https:\/\/www.cosmepak.com\/wp-content\/uploads\/2025\/07\/\u8be6\u60c5-12-14x12.jpg 14w, https:\/\/www.cosmepak.com\/wp-content\/uploads\/2025\/07\/\u8be6\u60c5-12-600x497.jpg 600w\" sizes=\"(max-width: 800px) 100vw, 800px\" \/> <img decoding=\"async\" class=\"size-full wp-image-2716 aligncenter\" src=\"https:\/\/www.cosmepak.com\/wp-content\/uploads\/2025\/07\/\u8be6\u60c5-13.jpg\" alt=\"\" width=\"800\" height=\"785\" srcset=\"https:\/\/www.cosmepak.com\/wp-content\/uploads\/2025\/07\/\u8be6\u60c5-13.jpg 800w, https:\/\/www.cosmepak.com\/wp-content\/uploads\/2025\/07\/\u8be6\u60c5-13-300x294.jpg 300w, https:\/\/www.cosmepak.com\/wp-content\/uploads\/2025\/07\/\u8be6\u60c5-13-768x754.jpg 768w, https:\/\/www.cosmepak.com\/wp-content\/uploads\/2025\/07\/\u8be6\u60c5-13-12x12.jpg 12w, https:\/\/www.cosmepak.com\/wp-content\/uploads\/2025\/07\/\u8be6\u60c5-13-600x589.jpg 600w\" sizes=\"(max-width: 800px) 100vw, 800px\" \/> <img loading=\"lazy\" decoding=\"async\" class=\"size-full wp-image-2714 aligncenter\" src=\"https:\/\/www.cosmepak.com\/wp-content\/uploads\/2025\/07\/\u8be6\u60c5-11.jpg\" alt=\"\" width=\"1000\" height=\"479\" srcset=\"https:\/\/www.cosmepak.com\/wp-content\/uploads\/2025\/07\/\u8be6\u60c5-11.jpg 1000w, https:\/\/www.cosmepak.com\/wp-content\/uploads\/2025\/07\/\u8be6\u60c5-11-300x144.jpg 300w, https:\/\/www.cosmepak.com\/wp-content\/uploads\/2025\/07\/\u8be6\u60c5-11-768x368.jpg 768w, https:\/\/www.cosmepak.com\/wp-content\/uploads\/2025\/07\/\u8be6\u60c5-11-18x9.jpg 18w, https:\/\/www.cosmepak.com\/wp-content\/uploads\/2025\/07\/\u8be6\u60c5-11-600x287.jpg 600w\" sizes=\"(max-width: 1000px) 100vw, 1000px\" \/><\/p>\n<table style=\"border-collapse: collapse; width: 100%; height: 96px;\">\n<tbody>\n<tr style=\"height: 24px;\">\n<td style=\"width: 25%; height: 24px; text-align: center;\"><strong>M\u1ee5c<\/strong><\/td>\n<td style=\"width: 25%; height: 24px; text-align: center;\"><strong>\u0110\u01b0\u1eddng k\u00ednh d\u01b0\u1edbi<\/strong><\/td>\n<td style=\"width: 25%; height: 24px; text-align: center;\"><strong>\u00a0Chi\u1ec1u cao<\/strong><\/td>\n<\/tr>\n<tr style=\"height: 24px;\">\n<td style=\"width: 25%; height: 24px; text-align: center;\">l\u1ecd 30g<\/td>\n<td style=\"width: 25%; height: 24px; text-align: center;\">50mm<\/td>\n<td style=\"width: 25%; height: 24px; text-align: center;\">43mm<\/td>\n<\/tr>\n<tr style=\"height: 24px;\">\n<td style=\"width: 25%; height: 24px; text-align: center;\">l\u1ecd 50g<\/td>\n<td style=\"width: 25%; height: 24px; text-align: center;\">75 mm<\/td>\n<td style=\"width: 25%; height: 24px; text-align: center;\">50mm<\/td>\n<\/tr>\n<tr style=\"height: 24px;\">\n<td style=\"width: 25%; height: 24px; text-align: center;\">Chai 30ml<\/td>\n<td style=\"width: 25%; height: 24px; text-align: center;\">29mm<\/td>\n<td style=\"width: 25%; height: 24px; text-align: center;\">110mm<\/td>\n<\/tr>\n<tr>\n<td style=\"width: 25%; text-align: center;\">chai 50ml<\/td>\n<td style=\"width: 25%; text-align: center;\">29mm<\/td>\n<td style=\"width: 25%; text-align: center;\">140mm<\/td>\n<\/tr>\n<tr>\n<td style=\"width: 25%; text-align: center;\">chai 100ml<\/td>\n<td style=\"width: 25%; text-align: center;\">33mm<\/td>\n<td style=\"width: 25%; text-align: center;\">162mm<\/td>\n<\/tr>\n<tr>\n<td style=\"width: 25%; text-align: center;\">Chai 120ml<\/td>\n<td style=\"width: 25%; text-align: center;\">35mm<\/td>\n<td style=\"width: 25%; text-align: center;\">170mm<\/td>\n<\/tr>\n<\/tbody>\n<\/table>\n<p><img loading=\"lazy\" decoding=\"async\" class=\"wp-image-2720 aligncenter\" src=\"https:\/\/www.cosmepak.com\/wp-content\/uploads\/2025\/07\/\u4e3b\u56fe-3-1.jpg\" alt=\"\" width=\"1434\" height=\"1434\" srcset=\"https:\/\/www.cosmepak.com\/wp-content\/uploads\/2025\/07\/\u4e3b\u56fe-3-1.jpg 1000w, https:\/\/www.cosmepak.com\/wp-content\/uploads\/2025\/07\/\u4e3b\u56fe-3-1-300x300.jpg 300w, https:\/\/www.cosmepak.com\/wp-content\/uploads\/2025\/07\/\u4e3b\u56fe-3-1-150x150.jpg 150w, https:\/\/www.cosmepak.com\/wp-content\/uploads\/2025\/07\/\u4e3b\u56fe-3-1-768x768.jpg 768w, https:\/\/www.cosmepak.com\/wp-content\/uploads\/2025\/07\/\u4e3b\u56fe-3-1-12x12.jpg 12w, https:\/\/www.cosmepak.com\/wp-content\/uploads\/2025\/07\/\u4e3b\u56fe-3-1-600x600.jpg 600w, https:\/\/www.cosmepak.com\/wp-content\/uploads\/2025\/07\/\u4e3b\u56fe-3-1-100x100.jpg 100w\" sizes=\"(max-width: 1434px) 100vw, 1434px\" \/><\/p>\n<table style=\"border-collapse: collapse; width: 100%;\">\n<tbody>\n<tr>\n<td style=\"width: 25%;\"><img loading=\"lazy\" decoding=\"async\" class=\"alignnone size-full wp-image-2723\" src=\"https:\/\/www.cosmepak.com\/wp-content\/uploads\/2025\/07\/\u8be6\u60c5-19-1.jpg\" alt=\"\" width=\"1000\" height=\"1000\" srcset=\"https:\/\/www.cosmepak.com\/wp-content\/uploads\/2025\/07\/\u8be6\u60c5-19-1.jpg 1000w, https:\/\/www.cosmepak.com\/wp-content\/uploads\/2025\/07\/\u8be6\u60c5-19-1-300x300.jpg 300w, https:\/\/www.cosmepak.com\/wp-content\/uploads\/2025\/07\/\u8be6\u60c5-19-1-150x150.jpg 150w, https:\/\/www.cosmepak.com\/wp-content\/uploads\/2025\/07\/\u8be6\u60c5-19-1-768x768.jpg 768w, https:\/\/www.cosmepak.com\/wp-content\/uploads\/2025\/07\/\u8be6\u60c5-19-1-12x12.jpg 12w, https:\/\/www.cosmepak.com\/wp-content\/uploads\/2025\/07\/\u8be6\u60c5-19-1-600x600.jpg 600w, https:\/\/www.cosmepak.com\/wp-content\/uploads\/2025\/07\/\u8be6\u60c5-19-1-100x100.jpg 100w\" sizes=\"(max-width: 1000px) 100vw, 1000px\" \/><\/td>\n<td style=\"width: 25%;\"><img loading=\"lazy\" decoding=\"async\" class=\"alignnone size-full wp-image-2722\" src=\"https:\/\/www.cosmepak.com\/wp-content\/uploads\/2025\/07\/\u4e3b\u56fe-5-1.jpg\" alt=\"\" width=\"1000\" height=\"1000\" srcset=\"https:\/\/www.cosmepak.com\/wp-content\/uploads\/2025\/07\/\u4e3b\u56fe-5-1.jpg 1000w, https:\/\/www.cosmepak.com\/wp-content\/uploads\/2025\/07\/\u4e3b\u56fe-5-1-300x300.jpg 300w, https:\/\/www.cosmepak.com\/wp-content\/uploads\/2025\/07\/\u4e3b\u56fe-5-1-150x150.jpg 150w, https:\/\/www.cosmepak.com\/wp-content\/uploads\/2025\/07\/\u4e3b\u56fe-5-1-768x768.jpg 768w, https:\/\/www.cosmepak.com\/wp-content\/uploads\/2025\/07\/\u4e3b\u56fe-5-1-12x12.jpg 12w, https:\/\/www.cosmepak.com\/wp-content\/uploads\/2025\/07\/\u4e3b\u56fe-5-1-600x600.jpg 600w, https:\/\/www.cosmepak.com\/wp-content\/uploads\/2025\/07\/\u4e3b\u56fe-5-1-100x100.jpg 100w\" sizes=\"(max-width: 1000px) 100vw, 1000px\" \/><\/td>\n<td style=\"width: 25%;\"><img loading=\"lazy\" decoding=\"async\" class=\"alignnone size-full wp-image-2721\" src=\"https:\/\/www.cosmepak.com\/wp-content\/uploads\/2025\/07\/\u4e3b\u56fe-4.jpg\" alt=\"\" width=\"1000\" height=\"1000\" srcset=\"https:\/\/www.cosmepak.com\/wp-content\/uploads\/2025\/07\/\u4e3b\u56fe-4.jpg 1000w, https:\/\/www.cosmepak.com\/wp-content\/uploads\/2025\/07\/\u4e3b\u56fe-4-300x300.jpg 300w, https:\/\/www.cosmepak.com\/wp-content\/uploads\/2025\/07\/\u4e3b\u56fe-4-150x150.jpg 150w, https:\/\/www.cosmepak.com\/wp-content\/uploads\/2025\/07\/\u4e3b\u56fe-4-768x768.jpg 768w, https:\/\/www.cosmepak.com\/wp-content\/uploads\/2025\/07\/\u4e3b\u56fe-4-12x12.jpg 12w, https:\/\/www.cosmepak.com\/wp-content\/uploads\/2025\/07\/\u4e3b\u56fe-4-600x600.jpg 600w, https:\/\/www.cosmepak.com\/wp-content\/uploads\/2025\/07\/\u4e3b\u56fe-4-100x100.jpg 100w\" sizes=\"(max-width: 1000px) 100vw, 1000px\" \/><\/td>\n<td style=\"width: 25%;\"><img loading=\"lazy\" decoding=\"async\" class=\"alignnone size-full wp-image-2717\" src=\"https:\/\/www.cosmepak.com\/wp-content\/uploads\/2025\/07\/\u8be6\u60c5-16.jpg\" alt=\"\" width=\"1000\" height=\"1000\" srcset=\"https:\/\/www.cosmepak.com\/wp-content\/uploads\/2025\/07\/\u8be6\u60c5-16.jpg 1000w, https:\/\/www.cosmepak.com\/wp-content\/uploads\/2025\/07\/\u8be6\u60c5-16-300x300.jpg 300w, https:\/\/www.cosmepak.com\/wp-content\/uploads\/2025\/07\/\u8be6\u60c5-16-150x150.jpg 150w, https:\/\/www.cosmepak.com\/wp-content\/uploads\/2025\/07\/\u8be6\u60c5-16-768x768.jpg 768w, https:\/\/www.cosmepak.com\/wp-content\/uploads\/2025\/07\/\u8be6\u60c5-16-12x12.jpg 12w, https:\/\/www.cosmepak.com\/wp-content\/uploads\/2025\/07\/\u8be6\u60c5-16-600x600.jpg 600w, https:\/\/www.cosmepak.com\/wp-content\/uploads\/2025\/07\/\u8be6\u60c5-16-100x100.jpg 100w\" sizes=\"(max-width: 1000px) 100vw, 1000px\" \/><\/td>\n<\/tr>\n<\/tbody>\n<\/table>\n<p>1. Thi\u1ebft k\u1ebf c\u1ed5 chai xo\u1eafn \u1ed1c: Cung c\u1ea5p ni\u00eam phong tuy\u1ec7t v\u1eddi v\u00e0 m\u1edf d\u1ec5 d\u00e0ng.<br \/>\n2. D\u00e0y Bottom Chai: C\u1ee7ng c\u1ed1 cho \u0111\u1ed9 b\u1ec1n v\u00e0 ph\u00e2n ph\u1ed1i v\u1eadt li\u1ec7u \u0111\u1ed3ng nh\u1ea5t, cung c\u1ea5p m\u1ed9t h\u1ea5p d\u1eabn th\u1ecb gi\u00e1c tuy\u1ec7t v\u1eddi.<br \/>\n3. N\u1eafp b\u00ean ngo\u00e0i PP: Ng\u0103n ch\u1eb7n r\u00f2 r\u1ec9 v\u00e0 nh\u1ea5n v\u00f4 t\u00ecnh, v\u1edbi c\u00e1c ch\u1ee7 \u0111\u1ec1 b\u00ean trong r\u00f5 r\u00e0ng \u0111\u1ec3 d\u1ec5 d\u00e0ng v\u00edt.<\/p>\n<p><img loading=\"lazy\" decoding=\"async\" class=\"alignnone wp-image-2725\" src=\"https:\/\/www.cosmepak.com\/wp-content\/uploads\/2025\/07\/\u8be6\u60c5-10.jpg\" alt=\"\" width=\"1385\" height=\"1385\" srcset=\"https:\/\/www.cosmepak.com\/wp-content\/uploads\/2025\/07\/\u8be6\u60c5-10.jpg 1000w, https:\/\/www.cosmepak.com\/wp-content\/uploads\/2025\/07\/\u8be6\u60c5-10-300x300.jpg 300w, https:\/\/www.cosmepak.com\/wp-content\/uploads\/2025\/07\/\u8be6\u60c5-10-150x150.jpg 150w, https:\/\/www.cosmepak.com\/wp-content\/uploads\/2025\/07\/\u8be6\u60c5-10-768x768.jpg 768w, https:\/\/www.cosmepak.com\/wp-content\/uploads\/2025\/07\/\u8be6\u60c5-10-12x12.jpg 12w, https:\/\/www.cosmepak.com\/wp-content\/uploads\/2025\/07\/\u8be6\u60c5-10-600x600.jpg 600w, https:\/\/www.cosmepak.com\/wp-content\/uploads\/2025\/07\/\u8be6\u60c5-10-100x100.jpg 100w\" sizes=\"(max-width: 1385px) 100vw, 1385px\" \/><\/p>\n<p>Thi\u1ebft k\u1ebf t\u00f9y bi\u1ebfn: S\u1ea3n ph\u1ea9m n\u00e0y cho ph\u00e9p in v\u00e0 m\u00e0u s\u1eafc t\u00f9y ch\u1ec9nh, cho ph\u00e9p c\u00e1c doanh nghi\u1ec7p t\u1ea1o ra c\u00e1c thi\u1ebft k\u1ebf \u0111\u1ed9c \u0111\u00e1o v\u00e0 \u0111\u01b0\u1ee3c c\u00e1 nh\u00e2n h\u00f3a ph\u00f9 h\u1ee3p v\u1edbi b\u1ea3n s\u1eafc v\u00e0 nhu c\u1ea7u th\u01b0\u01a1ng hi\u1ec7u c\u1ee7a h\u1ecd.<\/p>\n<p>Bao g\u1ed3m c\u00e1c m\u1eabu mi\u1ec5n ph\u00ed: C\u00e1c m\u1eabu mi\u1ec5n ph\u00ed \u0111\u01b0\u1ee3c cung c\u1ea5p m\u1ed7i l\u1ea7n mua, cho ph\u00e9p kh\u00e1ch h\u00e0ng ki\u1ec3m tra s\u1ea3n ph\u1ea9m tr\u01b0\u1edbc khi \u0111\u1eb7t h\u00e0ng.<\/p>\n<p>V\u1eadt li\u1ec7u th\u1ee7y tinh ch\u1ea5t l\u01b0\u1ee3ng cao: \u0110\u01b0\u1ee3c l\u00e0m b\u1eb1ng k\u00ednh ch\u1ea5t l\u01b0\u1ee3ng cao, chai n\u00e0y \u0111\u1ea3m b\u1ea3o giao di\u1ec7n cao c\u1ea5p, ho\u00e0n h\u1ea3o cho c\u00e1c th\u01b0\u01a1ng hi\u1ec7u sang tr\u1ecdng v\u00e0 c\u00e1c s\u1ea3n ph\u1ea9m ch\u0103m s\u00f3c da cao c\u1ea5p.<\/p>\n<p>Giao h\u00e0ng nhanh: V\u1edbi th\u1eddi gian giao h\u00e0ng l\u00e0 45 ng\u00e0y, c\u00e1c c\u00f4ng ty c\u00f3 th\u1ec3 nhanh ch\u00f3ng l\u01b0u tr\u1eef c\u00e1c chai th\u1ee7y tinh t\u00f9y ch\u1ec9nh v\u00e0 \u0111\u00e1p \u1ee9ng nhu c\u1ea7u c\u1ee7a kh\u00e1ch h\u00e0ng.<\/p>","protected":false},"excerpt":{"rendered":"<ol class=\"ai-center-markdown-ol\" start=\"1\">\n<li class=\"ai-center-markdown-li\">B\u1ed9 chai th\u1ee7y tinh ch\u1ea5t l\u01b0\u1ee3ng cao cho c\u00e1c s\u1ea3n ph\u1ea9m ch\u0103m s\u00f3c da, kem, m\u1ef1c v\u00e0 da<\/li>\n<li class=\"ai-center-markdown-li\">B\u1ed9 ph\u00e2n ph\u1ed1i th\u1ee7y tinh cao c\u1ea5p cho kem, kem d\u01b0\u1ee1ng v\u00e0 m\u1ef1c<\/li>\n<li class=\"ai-center-markdown-li\" data-spm-anchor-id=\"a2747.product_manager.0.i7.726371d2Z87E7X\">B\u1ed9 ch\u1ee9a th\u1ee7y tinh thanh l\u1ecbch cho ch\u0103m s\u00f3c da: Lotion, Kem, Toner<\/li>\n<\/ol>","protected":false},"featured_media":1283,"comment_status":"closed","ping_status":"closed","template":"","meta":{"_acf_changed":false},"product_brand":[],"product_cat":[19,46],"product_tag":[],"class_list":{"0":"post-132","1":"product","2":"type-product","3":"status-publish","4":"has-post-thumbnail","6":"product_cat-skincare-glass-bottle","7":"product_cat-skincare-product-set-package","9":"first","10":"outofstock","11":"shipping-taxable","12":"product-type-simple"},"acf":[],"_links":{"self":[{"href":"https:\/\/www.cosmepak.com\/vi\/wp-json\/wp\/v2\/product\/132","targetHints":{"allow":["GET"]}}],"collection":[{"href":"https:\/\/www.cosmepak.com\/vi\/wp-json\/wp\/v2\/product"}],"about":[{"href":"https:\/\/www.cosmepak.com\/vi\/wp-json\/wp\/v2\/types\/product"}],"replies":[{"embeddable":true,"href":"https:\/\/www.cosmepak.com\/vi\/wp-json\/wp\/v2\/comments?post=132"}],"wp:featuredmedia":[{"embeddable":true,"href":"https:\/\/www.cosmepak.com\/vi\/wp-json\/wp\/v2\/media\/1283"}],"wp:attachment":[{"href":"https:\/\/www.cosmepak.com\/vi\/wp-json\/wp\/v2\/media?parent=132"}],"wp:term":[{"taxonomy":"product_brand","embeddable":true,"href":"https:\/\/www.cosmepak.com\/vi\/wp-json\/wp\/v2\/product_brand?post=132"},{"taxonomy":"product_cat","embeddable":true,"href":"https:\/\/www.cosmepak.com\/vi\/wp-json\/wp\/v2\/product_cat?post=132"},{"taxonomy":"product_tag","embeddable":true,"href":"https:\/\/www.cosmepak.com\/vi\/wp-json\/wp\/v2\/product_tag?post=132"}],"curies":[{"name":"WP","href":"https:\/\/api.w.org\/{rel}","templated":true}]}}