{"id":1373,"date":"2025-03-26T13:34:56","date_gmt":"2025-03-26T05:34:56","guid":{"rendered":"https:\/\/www.cosmepak.com\/?post_type=product&#038;p=1373"},"modified":"2025-10-15T14:35:11","modified_gmt":"2025-10-15T06:35:11","slug":"5ml-10ml-and-15ml-pp-material-airless-serum-bottle-liquid-cream-package","status":"publish","type":"product","link":"https:\/\/www.cosmepak.com\/vi\/product\/5ml-10ml-and-15ml-pp-material-airless-serum-bottle-liquid-cream-package\/","title":{"rendered":"5ml 10ml v\u00e0 15ml PP v\u1eadt li\u1ec7u kh\u00f4ng kh\u00ed Serum chai kem l\u1ecfng g\u00f3i"},"content":{"rendered":"<table style=\"border-collapse: collapse; width: 100%; height: 240px;\">\n<tbody>\n<tr style=\"height: 24px;\">\n<td style=\"width: 47.7998%; height: 24px; text-align: center;\">Th\u01b0\u01a1ng hi\u1ec7u<\/td>\n<td style=\"width: 52.2002%; height: 24px; text-align: center;\">\u00a0Jaunce<\/td>\n<\/tr>\n<tr style=\"height: 24px;\">\n<td style=\"width: 47.7998%; height: 24px; text-align: center;\">Dung t\u00edch<\/td>\n<td style=\"width: 52.2002%; height: 24px; text-align: center;\">5ml \/ 10ml \/ 15ml<\/td>\n<\/tr>\n<tr style=\"height: 24px;\">\n<td style=\"width: 47.7998%; height: 24px; text-align: center;\">H\u00ecnh d\u1ea1ng<\/td>\n<td style=\"width: 52.2002%; height: 24px; text-align: center;\">xi lanh<\/td>\n<\/tr>\n<tr style=\"height: 24px;\">\n<td style=\"width: 47.7998%; height: 24px; text-align: center;\">Ng\u01b0\u1eddi m\u1eabu<\/td>\n<td style=\"width: 52.2002%; height: 24px; text-align: center;\">JH-LWA08<\/td>\n<\/tr>\n<tr style=\"height: 24px;\">\n<td style=\"width: 47.7998%; height: 24px; text-align: center;\">S\u1ea3n ph\u1ea9m OEM \/ ODM<\/td>\n<td style=\"width: 52.2002%; height: 24px; text-align: center;\">Ch\u1ea5p nh\u1eadn<\/td>\n<\/tr>\n<tr style=\"height: 24px;\">\n<td style=\"width: 47.7998%; height: 24px; text-align: center;\">M\u00e0u s\u1eafc<\/td>\n<td style=\"width: 52.2002%; height: 24px; text-align: center;\">T\u00f9y ch\u1ec9nh<\/td>\n<\/tr>\n<tr style=\"height: 24px;\">\n<td style=\"width: 47.7998%; height: 24px; text-align: center;\">MOQ<\/td>\n<td style=\"width: 52.2002%; height: 24px; text-align: center;\">10000pcs<\/td>\n<\/tr>\n<\/tbody>\n<\/table>\n<p><img fetchpriority=\"high\" decoding=\"async\" class=\"alignnone wp-image-3083\" src=\"https:\/\/www.cosmepak.com\/wp-content\/uploads\/2025\/03\/22063511779_624076099.jpg\" alt=\"\" width=\"1365\" height=\"1228\" srcset=\"https:\/\/www.cosmepak.com\/wp-content\/uploads\/2025\/03\/22063511779_624076099.jpg 790w, https:\/\/www.cosmepak.com\/wp-content\/uploads\/2025\/03\/22063511779_624076099-300x270.jpg 300w, https:\/\/www.cosmepak.com\/wp-content\/uploads\/2025\/03\/22063511779_624076099-768x691.jpg 768w, https:\/\/www.cosmepak.com\/wp-content\/uploads\/2025\/03\/22063511779_624076099-13x12.jpg 13w, https:\/\/www.cosmepak.com\/wp-content\/uploads\/2025\/03\/22063511779_624076099-600x540.jpg 600w\" sizes=\"(max-width: 1365px) 100vw, 1365px\" \/><\/p>\n<table style=\"border-collapse: collapse; width: 100%; height: 96px;\">\n<tbody>\n<tr style=\"height: 24px;\">\n<td style=\"width: 10.7766%; text-align: center; height: 24px;\"><strong>Dung t\u00edch<\/strong><\/td>\n<td style=\"width: 15.0524%; text-align: center; height: 24px;\"><strong>K\u00edch th\u01b0\u1edbc c\u1ed5<\/strong><\/td>\n<td style=\"width: 15.3578%; text-align: center; height: 24px;\"><strong>T\u1ed5ng chi\u1ec1u cao<\/strong><\/td>\n<td style=\"width: 15.6196%; text-align: center; height: 24px;\"><strong>Chai chi\u1ec1u cao\u00a0<\/strong><\/td>\n<td style=\"width: 14.8342%; text-align: center; height: 24px;\"><strong>Chi\u1ec1u cao c\u00f3 th\u1ec3 in<\/strong><\/td>\n<td style=\"width: 14.5725%; text-align: center; height: 24px;\"><strong>\u0110\u01b0\u1eddng k\u00ednh d\u01b0\u1edbi c\u00f9ng<\/strong><\/td>\n<td style=\"width: 13.7871%; text-align: center; height: 24px;\"><strong>Tr\u1ecdng l\u01b0\u1ee3ng chai<\/strong><\/td>\n<\/tr>\n<tr style=\"height: 24px;\">\n<td style=\"width: 10.7766%; text-align: center; height: 24px;\">5ml<\/td>\n<td style=\"width: 15.0524%; text-align: center; height: 24px;\">30 mm<\/td>\n<td style=\"width: 15.3578%; text-align: center; height: 24px;\">65mm<\/td>\n<td style=\"width: 15.6196%; text-align: center; height: 24px;\">38mm<\/td>\n<td style=\"width: 14.8342%; text-align: center; height: 24px;\">27mm<\/td>\n<td style=\"width: 14.5725%; text-align: center; height: 24px;\">24.6mm<\/td>\n<td style=\"width: 13.7871%; text-align: center; height: 24px;\">4.5g<\/td>\n<\/tr>\n<tr style=\"height: 24px;\">\n<td style=\"width: 10.7766%; text-align: center; height: 24px;\">10ml<\/td>\n<td style=\"width: 15.0524%; text-align: center; height: 24px;\">30 mm<\/td>\n<td style=\"width: 15.3578%; text-align: center; height: 24px;\">77mm<\/td>\n<td style=\"width: 15.6196%; text-align: center; height: 24px;\">50mm<\/td>\n<td style=\"width: 14.8342%; text-align: center; height: 24px;\">38mm<\/td>\n<td style=\"width: 14.5725%; text-align: center; height: 24px;\">24.6mm<\/td>\n<td style=\"width: 13.7871%; text-align: center; height: 24px;\">6g<\/td>\n<\/tr>\n<tr style=\"height: 24px;\">\n<td style=\"width: 10.7766%; text-align: center; height: 24px;\">15ml<\/td>\n<td style=\"width: 15.0524%; text-align: center; height: 24px;\">30 mm<\/td>\n<td style=\"width: 15.3578%; text-align: center; height: 24px;\">92mm<\/td>\n<td style=\"width: 15.6196%; text-align: center; height: 24px;\">65mm<\/td>\n<td style=\"width: 14.8342%; text-align: center; height: 24px;\">52mm<\/td>\n<td style=\"width: 14.5725%; text-align: center; height: 24px;\">24.6mm<\/td>\n<td style=\"width: 13.7871%; text-align: center; height: 24px;\">7g<\/td>\n<\/tr>\n<\/tbody>\n<\/table>\n<p>Chai ch\u1ea5t l\u1ecfng ch\u00e2n kh\u00f4ng PP c\u1ee7a ch\u00fang t\u00f4i c\u00f3 s\u1eb5n trong k\u00edch th\u01b0\u1edbc 5ml, 10ml v\u00e0 15ml. Chai n\u00e0y bao g\u1ed3m m\u1ed9t th\u00e2n PP, m\u1ed9t m\u00e1y b\u01a1m l\u1ecfng PP, m\u1ed9t n\u1eafp \u0111\u1ea7y \u0111\u1ee7 b\u00e1n minh b\u1ea1ch PP v\u00e0 m\u1ed9t c\u1eafm ch\u00e2n kh\u00f4ng. Xin l\u01b0u \u00fd r\u1eb1ng m\u1edf chai c\u1ee7a m\u00f4 h\u00ecnh n\u00e0y l\u00e0 m\u1ed9t lo\u1ea1i snap-on m\u1ed9t l\u1ea7n, y\u00eau c\u1ea7u ch\u1ea5t l\u1ecfng \u0111\u01b0\u1ee3c \u0111\u1ed5 v\u00e0o chai tr\u01b0\u1edbc, sau \u0111\u00f3 \u0111\u1ea7u b\u01a1m n\u00ean \u0111\u01b0\u1ee3c b\u1eadt. M\u1ed9t khi b\u1eadt, n\u00f3 kh\u00f4ng th\u1ec3 m\u1edf \u0111\u01b0\u1ee3c. Ch\u00fang t\u00f4i cung c\u1ea5p t\u00f9y ch\u1ec9nh cho m\u00e0u s\u1eafc, in m\u00e0n h\u00ecnh, d\u1eadp v\u00e0ng, d\u00e1n nh\u00e3n v\u00e0 c\u00e1c quy tr\u00ecnh s\u1ea3n xu\u1ea5t kh\u00e1c.<\/p>\n<p><strong>Thi\u1ebft k\u1ebf b\u1ea3o qu\u1ea3n ch\u00e2n kh\u00f4ng \u0111\u1ea3m b\u1ea3o ch\u1ea5t l\u01b0\u1ee3ng s\u1ea3n ph\u1ea9m<\/strong><br \/>\nC\u1eafm ch\u00e2n kh\u00f4ng t\u00edch h\u1ee3p k\u1ebft h\u1ee3p v\u1edbi \u0111\u1ea7u b\u01a1m ni\u00eam phong c\u00f3 th\u1ec3 ng\u0103n ch\u1eb7n kh\u00f4ng kh\u00ed x\u00e2m nh\u1eadp v\u00e0o chai, gi\u1ea3m nguy c\u01a1 oxy h\u00f3a l\u1ecfng s\u1eefa v\u00e0 suy tho\u00e1i, c\u0169ng nh\u01b0 kh\u00f4ng k\u00edch ho\u1ea1t th\u00e0nh ph\u1ea7n v\u00e0 m\u1edf r\u1ed9ng s\u1ea3n ph\u1ea9m &#8217; th\u1eddi gian s\u1eed d\u1ee5ng (so v\u1edbi chai PP kh\u00f4ng ch\u00e2n kh\u00f4ng th\u00f4ng th\u01b0\u1eddng, th\u1eddi gian s\u1eed d\u1ee5ng c\u00f3 th\u1ec3 \u0111\u01b0\u1ee3c k\u00e9o d\u00e0i 1-3 th\u00e1ng), do \u0111\u00f3 gi\u1ea3m tranh ch\u1ea5p sau b\u00e1n h\u00e0ng cho kh\u00e1ch h\u00e0ng B-end g\u00e2y ra b\u1edfi s\u1ef1 suy tho\u00e1i s\u1ea3n ph\u1ea9m.<\/p>\n<p><strong>Thi\u1ebft k\u1ebf snap-on m\u1ed9t l\u1ea7n, t\u0103ng c\u01b0\u1eddng an to\u00e0n v\u00e0 ni\u1ec1m tin<\/strong><br \/>\nMi\u1ec7ng chai kh\u00f4ng th\u1ec3 m\u1edf l\u1ea1i sau khi \u0111\u00f3ng. \u0110i\u1ec1u n\u00e0y kh\u00f4ng ch\u1ec9 ng\u0103n ch\u1eb7n \u0111\u1ea7u b\u01a1m r\u01a1i xu\u1ed1ng v\u00e0 r\u00f2 r\u1ec9 trong qu\u00e1 tr\u00ecnh v\u1eadn chuy\u1ec3n, m\u00e0 c\u00f2n lo\u1ea1i b\u1ecf nguy c\u01a1 l\u00e0m \u0111\u1ea7y th\u1ee9 c\u1ea5p b\u1edfi ng\u01b0\u1eddi d\u00f9ng cu\u1ed1i ho\u1eb7c b\u00ean th\u1ee9 ba. N\u00f3 gi\u00fap c\u00e1c th\u01b0\u01a1ng hi\u1ec7u thi\u1ebft l\u1eadp m\u1ed9t &#8220; B\u1ea3o \u0111\u1ea3m t\u00ednh x\u00e1c th\u1ef1c&#8221; h\u00ecnh \u1ea3nh, \u0111\u1eb7c bi\u1ec7t ph\u00f9 h\u1ee3p v\u1edbi c\u00e1c lo\u1ea1i c\u00f3 y\u00eau c\u1ea7u an to\u00e0n cao nh\u01b0 d\u01b0\u1ee3c ph\u1ea9m v\u00e0 ch\u0103m s\u00f3c da cho da nh\u1ea1y c\u1ea3m.<\/p>\n<p><strong>L\u1ee3i th\u1ebf v\u1eadt li\u1ec7u PP, c\u00e2n b\u1eb1ng chi ph\u00ed v\u00e0 t\u00ednh th\u1ef1c t\u1ebf<\/strong><br \/>\n1. Kh\u00e1ng th\u1eddi ti\u1ebft cao: v\u1eadt li\u1ec7u PP c\u00f3 kh\u1ea3 n\u0103ng ch\u1ed1ng nhi\u1ec7t \u0111\u1ed9 cao v\u00e0 th\u1ea5p (-20 \u2103 ~ 120 \u2103), ph\u00f9 h\u1ee3p v\u1edbi h\u1ea7u h\u1ebft c\u00e1c m\u00f4i tr\u01b0\u1eddng l\u01b0u tr\u1eef v\u00e0 v\u1eadn chuy\u1ec3n m\u1ef9 ph\u1ea9m v\u00e0 kh\u00f4ng d\u1ec5 b\u1ecb bi\u1ebfn d\u1ea1ng ho\u1eb7c n\u1ee9t;<br \/>\n2. k\u1ebft c\u1ea5u trong su\u1ed1t: V\u1ecf \u0111\u1ea7y \u0111\u1ee7 v\u1edbi thi\u1ebft k\u1ebf trong su\u1ed1t cho ph\u00e9p ng\u01b0\u1eddi ti\u00eau d\u00f9ng nh\u00ecn th\u1ea5y tr\u1ef1c quan s\u1ed1 ti\u1ec1n c\u00f2n l\u1ea1i, n\u00e2ng cao tr\u1ea3i nghi\u1ec7m s\u1eed d\u1ee5ng;<br \/>\n3. Tr\u1ecdng l\u01b0\u1ee3ng nh\u1eb9: So v\u1edbi chai th\u1ee7y tinh c\u00f9ng c\u00f4ng su\u1ea5t, tr\u1ecdng l\u01b0\u1ee3ng gi\u1ea3m h\u01a1n 60%, gi\u1ea3m chi ph\u00ed h\u1eadu c\u1ea7n v\u00e0 v\u1eadn chuy\u1ec3n cho kh\u00e1ch h\u00e0ng B-end.<\/p>\n<p>C\u00f4ng su\u1ea5t nh\u1ecf h\u01a1n, k\u1ebft h\u1ee3p v\u1edbi t\u00f9y ch\u1ec9nh linh ho\u1ea1t, ph\u1ee5c v\u1ee5 cho c\u00e1c k\u1ecbch b\u1ea3n kh\u00e1c nhau. C\u1ee5 th\u1ec3, ch\u00fang t\u00f4i cung c\u1ea5p k\u00edch th\u01b0\u1edbc 5-15ml l\u00fd t\u01b0\u1edfng cho &#8220; khuy\u1ebfn m\u00e3i k\u00edch th\u01b0\u1edbc th\u1eed nghi\u1ec7m&#8221; , &#8220; m\u1edf r\u1ed9ng k\u00edch th\u01b0\u1edbc du l\u1ecbch&#8221; v\u00e0 &#8220; k\u1ebft h\u1ee3p b\u1ed9 m\u1eabu&#8221;  . Ch\u00fang t\u00f4i h\u1ed7 tr\u1ee3 mua s\u1eafm t\u00f9y ch\u1ec9nh d\u1ef1a tr\u00ean nhu c\u1ea7u c\u1ee5 th\u1ec3 c\u1ee7a b\u1ea1n. Ngo\u00e0i ra, ch\u00fang t\u00f4i c\u00f3 th\u1ec3 t\u00f9y ch\u1ec9nh m\u00e0u s\u1eafc v\u00e0 k\u1ef9 thu\u1eadt in \u0111\u1ec3 ph\u00f9 h\u1ee3p v\u1edbi th\u01b0\u01a1ng hi\u1ec7u c\u1ee7a b\u1ea1n &#8217; s nh\u1eadn d\u1ea1ng th\u1ecb gi\u00e1c, t\u0103ng c\u01b0\u1eddng nh\u1eadn d\u1ea1ng s\u1ea3n ph\u1ea9m.<\/p>\n<p><img decoding=\"async\" class=\"alignnone wp-image-3084\" src=\"https:\/\/www.cosmepak.com\/wp-content\/uploads\/2025\/03\/21974719829_624076099.jpg\" alt=\"\" width=\"1379\" height=\"1379\" srcset=\"https:\/\/www.cosmepak.com\/wp-content\/uploads\/2025\/03\/21974719829_624076099.jpg 1000w, https:\/\/www.cosmepak.com\/wp-content\/uploads\/2025\/03\/21974719829_624076099-300x300.jpg 300w, https:\/\/www.cosmepak.com\/wp-content\/uploads\/2025\/03\/21974719829_624076099-150x150.jpg 150w, https:\/\/www.cosmepak.com\/wp-content\/uploads\/2025\/03\/21974719829_624076099-768x768.jpg 768w, https:\/\/www.cosmepak.com\/wp-content\/uploads\/2025\/03\/21974719829_624076099-12x12.jpg 12w, https:\/\/www.cosmepak.com\/wp-content\/uploads\/2025\/03\/21974719829_624076099-600x600.jpg 600w, https:\/\/www.cosmepak.com\/wp-content\/uploads\/2025\/03\/21974719829_624076099-100x100.jpg 100w\" sizes=\"(max-width: 1379px) 100vw, 1379px\" \/><\/p>\n<table style=\"border-collapse: collapse; width: 100%;\">\n<tbody>\n<tr>\n<td style=\"width: 33.3333%;\"><img decoding=\"async\" class=\"alignnone size-full wp-image-3085\" src=\"https:\/\/www.cosmepak.com\/wp-content\/uploads\/2025\/03\/22063523589_624076099.jpg\" alt=\"\" width=\"1000\" height=\"1000\" srcset=\"https:\/\/www.cosmepak.com\/wp-content\/uploads\/2025\/03\/22063523589_624076099.jpg 1000w, https:\/\/www.cosmepak.com\/wp-content\/uploads\/2025\/03\/22063523589_624076099-300x300.jpg 300w, https:\/\/www.cosmepak.com\/wp-content\/uploads\/2025\/03\/22063523589_624076099-150x150.jpg 150w, https:\/\/www.cosmepak.com\/wp-content\/uploads\/2025\/03\/22063523589_624076099-768x768.jpg 768w, https:\/\/www.cosmepak.com\/wp-content\/uploads\/2025\/03\/22063523589_624076099-12x12.jpg 12w, https:\/\/www.cosmepak.com\/wp-content\/uploads\/2025\/03\/22063523589_624076099-600x600.jpg 600w, https:\/\/www.cosmepak.com\/wp-content\/uploads\/2025\/03\/22063523589_624076099-100x100.jpg 100w\" sizes=\"(max-width: 1000px) 100vw, 1000px\" \/><\/td>\n<td style=\"width: 33.3333%;\"><img loading=\"lazy\" decoding=\"async\" class=\"alignnone size-full wp-image-3086\" src=\"https:\/\/www.cosmepak.com\/wp-content\/uploads\/2025\/03\/21895812487_624076099.jpg\" alt=\"\" width=\"1000\" height=\"1000\" srcset=\"https:\/\/www.cosmepak.com\/wp-content\/uploads\/2025\/03\/21895812487_624076099.jpg 1000w, https:\/\/www.cosmepak.com\/wp-content\/uploads\/2025\/03\/21895812487_624076099-300x300.jpg 300w, https:\/\/www.cosmepak.com\/wp-content\/uploads\/2025\/03\/21895812487_624076099-150x150.jpg 150w, https:\/\/www.cosmepak.com\/wp-content\/uploads\/2025\/03\/21895812487_624076099-768x768.jpg 768w, https:\/\/www.cosmepak.com\/wp-content\/uploads\/2025\/03\/21895812487_624076099-12x12.jpg 12w, https:\/\/www.cosmepak.com\/wp-content\/uploads\/2025\/03\/21895812487_624076099-600x600.jpg 600w, https:\/\/www.cosmepak.com\/wp-content\/uploads\/2025\/03\/21895812487_624076099-100x100.jpg 100w\" sizes=\"(max-width: 1000px) 100vw, 1000px\" \/><\/td>\n<td style=\"width: 33.3333%;\"><img loading=\"lazy\" decoding=\"async\" class=\"alignnone size-full wp-image-3087\" src=\"https:\/\/www.cosmepak.com\/wp-content\/uploads\/2025\/03\/21974743119_624076099.jpg\" alt=\"\" width=\"1000\" height=\"1000\" srcset=\"https:\/\/www.cosmepak.com\/wp-content\/uploads\/2025\/03\/21974743119_624076099.jpg 1000w, https:\/\/www.cosmepak.com\/wp-content\/uploads\/2025\/03\/21974743119_624076099-300x300.jpg 300w, https:\/\/www.cosmepak.com\/wp-content\/uploads\/2025\/03\/21974743119_624076099-150x150.jpg 150w, https:\/\/www.cosmepak.com\/wp-content\/uploads\/2025\/03\/21974743119_624076099-768x768.jpg 768w, https:\/\/www.cosmepak.com\/wp-content\/uploads\/2025\/03\/21974743119_624076099-12x12.jpg 12w, https:\/\/www.cosmepak.com\/wp-content\/uploads\/2025\/03\/21974743119_624076099-600x600.jpg 600w, https:\/\/www.cosmepak.com\/wp-content\/uploads\/2025\/03\/21974743119_624076099-100x100.jpg 100w\" sizes=\"(max-width: 1000px) 100vw, 1000px\" \/><\/td>\n<\/tr>\n<\/tbody>\n<\/table>\n<p><img loading=\"lazy\" decoding=\"async\" class=\"alignnone wp-image-3088\" src=\"https:\/\/www.cosmepak.com\/wp-content\/uploads\/2025\/03\/21895782954_624076099.jpg\" alt=\"\" width=\"1405\" height=\"1405\" srcset=\"https:\/\/www.cosmepak.com\/wp-content\/uploads\/2025\/03\/21895782954_624076099.jpg 1000w, https:\/\/www.cosmepak.com\/wp-content\/uploads\/2025\/03\/21895782954_624076099-300x300.jpg 300w, https:\/\/www.cosmepak.com\/wp-content\/uploads\/2025\/03\/21895782954_624076099-150x150.jpg 150w, https:\/\/www.cosmepak.com\/wp-content\/uploads\/2025\/03\/21895782954_624076099-768x768.jpg 768w, https:\/\/www.cosmepak.com\/wp-content\/uploads\/2025\/03\/21895782954_624076099-12x12.jpg 12w, https:\/\/www.cosmepak.com\/wp-content\/uploads\/2025\/03\/21895782954_624076099-600x600.jpg 600w, https:\/\/www.cosmepak.com\/wp-content\/uploads\/2025\/03\/21895782954_624076099-100x100.jpg 100w\" sizes=\"(max-width: 1405px) 100vw, 1405px\" \/><\/p>\n<table style=\"border-collapse: collapse; width: 100%; height: 144px;\">\n<tbody>\n<tr style=\"height: 24px;\">\n<td style=\"width: 33.3333%; text-align: center; height: 24px;\"><span style=\"font-size: 14pt;\"><strong>Th\u1ec3 hi\u1ec7n<\/strong><\/span><\/td>\n<td style=\"width: 33.3333%; text-align: center; height: 24px;\"><span style=\"font-size: 14pt;\"><strong>V\u1eadn chuy\u1ec3n h\u00e0ng kh\u00f4ng<\/strong><\/span><\/td>\n<td style=\"width: 33.3333%; text-align: center; height: 24px;\"><span style=\"font-size: 14pt;\"><strong>V\u1eadn chuy\u1ec3n bi\u1ec3n<\/strong><\/span><\/td>\n<\/tr>\n<tr style=\"height: 24px;\">\n<td style=\"width: 33.3333%; text-align: center; height: 24px;\">Ch\u00e2u \u00c2u 4-6 ng\u00e0y<\/td>\n<td style=\"width: 33.3333%; text-align: center; height: 24px;\">Ch\u00e2u \u00c2u 4-6 ng\u00e0y<\/td>\n<td style=\"width: 33.3333%; text-align: center; height: 24px;\">Ch\u00e2u \u00c2u 25-35 ng\u00e0y<\/td>\n<\/tr>\n<tr style=\"height: 24px;\">\n<td style=\"width: 33.3333%; text-align: center; height: 24px;\">Morth M\u1ef9 4-6 ng\u00e0y<\/td>\n<td style=\"width: 33.3333%; text-align: center; height: 24px;\">Morth M\u1ef9 4-6 ng\u00e0y<\/td>\n<td style=\"width: 33.3333%; text-align: center; height: 24px;\">Morth M\u1ef9 25-35 ng\u00e0y<\/td>\n<\/tr>\n<tr style=\"height: 24px;\">\n<td style=\"width: 33.3333%; text-align: center; height: 24px;\">\u0110\u00f4ng Nam \u00c1 3-5 ng\u00e0y<\/td>\n<td style=\"width: 33.3333%; text-align: center; height: 24px;\">\u0110\u00f4ng Nam \u00c1 3-5 ng\u00e0y<\/td>\n<td style=\"width: 33.3333%; text-align: center; height: 24px;\">\u0110\u00f4ng Nam \u00c1 25-35 ng\u00e0y<\/td>\n<\/tr>\n<tr style=\"height: 24px;\">\n<td style=\"width: 33.3333%; text-align: center; height: 24px;\">Trung \u0110\u00f4ng 4-6 ng\u00e0y<\/td>\n<td style=\"width: 33.3333%; text-align: center; height: 24px;\">Trung \u0110\u00f4ng 4-6 ng\u00e0y<\/td>\n<td style=\"width: 33.3333%; text-align: center; height: 24px;\">Trung \u0110\u00f4ng 25-35 ng\u00e0y<\/td>\n<\/tr>\n<tr style=\"height: 24px;\">\n<td style=\"width: 33.3333%; text-align: center; height: 24px;\">Nam Phi 5-8 ng\u00e0y<\/td>\n<td style=\"width: 33.3333%; text-align: center; height: 24px;\">Nam Phi 5-8 ng\u00e0y<\/td>\n<td style=\"width: 33.3333%; text-align: center; height: 24px;\">Nam Phi 25-35 ng\u00e0y<\/td>\n<\/tr>\n<\/tbody>\n<\/table>\n<p><span style=\"font-size: 14pt;\"><strong>RFQ:\u00a0<\/strong><\/span><\/p>\n<p><span data-spm-anchor-id=\"a2700.pc-decorate.0.i3.75883333L8yZVb\">1. T\u1ea1i sao b\u1ea1n n\u00ean mua t\u1eeb ch\u00fang t\u00f4i kh\u00f4ng ph\u1ea3i t\u1eeb c\u00e1c nh\u00e0 cung c\u1ea5p kh\u00e1c?<br \/>\n3 ph\u00fat \u0111\u01b0\u1ee3c thi\u1ebft k\u1ebf cho b\u1ea1n.<br \/>\nD\u1ecbch v\u1ee5 tr\u1ef1c tuy\u1ebfn 24 gi\u1edd.<br \/>\n7 ng\u00e0y m\u1eabu ch\u1ee9ng kho\u00e1n\/ 15 ng\u00e0y v\u1edbi in t\u00f9y ch\u1ec9nh.<br \/>\nTh\u1eddi gian d\u1eabn 35 ng\u00e0y.<br \/>\nNh\u00e0 m\u00e1y \u0111\u00f3ng g\u00f3i m\u1ef9 ph\u1ea9m chuy\u00ean nghi\u1ec7p h\u01a1n 10 n\u0103m.<br \/>\nC\u00e1c c\u1eeda h\u00e0ng nh\u00e0 m\u00e1y, gi\u00e1 t\u1ed1t nh\u1ea5t v\u00e0 d\u1ecbch v\u1ee5 t\u1ed1t nh\u1ea5t.<br \/>\nM\u1ed9t gi\u1ea3i ph\u00e1p tr\u1ea1m cho bao b\u00ec m\u1ef9 ph\u1ea9m.<br \/>\n2. Ch\u00fang ta l\u00e0 ai?<br \/>\nCh\u00fang t\u00f4i c\u00f3 tr\u1ee5 s\u1edf t\u1ea1i Chi\u1ebft Giang, Trung Qu\u1ed1c, b\u1eaft \u0111\u1ea7u t\u1eeb n\u0103m 2014, b\u00e1n cho th\u1ecb tr\u01b0\u1eddng n\u1ed9i \u0111\u1ecba (70,00%), Ch\u00e2u \u0110\u1ea1i D\u01b0\u01a1ng (8,00%), Mid East (7,00%), \u0110\u00f4ng<br \/>\nCh\u00e2u \u00c1 (2,00%), B\u1eafc M\u1ef9 (2,00%), T\u00e2y \u00c2u (2,00%), \u0110\u00f4ng Nam \u00c1 (2,00%), Nam \u00c1 (1,00%), Nam M\u1ef9 (1,00%), mi\u1ec1n Nam<br \/>\nCh\u00e2u \u00c2u (1,00%), Trung M\u1ef9 (1,00%), B\u1eafc \u00c2u (1,00%), Ch\u00e2u Phi (1,00%), \u0110\u00f4ng \u00c2u (1,00%). <\/span><\/p>\n<div>3. L\u00e0m th\u1ebf n\u00e0o ch\u00fang ta c\u00f3 th\u1ec3 \u0111\u1ea3m b\u1ea3o ch\u1ea5t l\u01b0\u1ee3ng?<br \/>\nLu\u00f4n lu\u00f4n l\u00e0 m\u1ed9t m\u1eabu ti\u1ec1n s\u1ea3n xu\u1ea5t tr\u01b0\u1edbc khi s\u1ea3n xu\u1ea5t h\u00e0ng lo\u1ea1t;<br \/>\n4. B\u1ea1n c\u00f3 th\u1ec3 mua g\u00ec t\u1eeb ch\u00fang t\u00f4i?<br \/>\nChai th\u1ee7y tinh, Chai nh\u1ef1a \/ l\u1ecd \/ Tubers, Chai nh\u00f4m \/ l\u1ecd \/ \u1ed1ng vv v\u1eadt li\u1ec7u \u0111\u00f3ng g\u00f3i m\u1ef9 ph\u1ea9m.<br \/>\n5. Ch\u00fang ta l\u00e0 ai?<br \/>\nCh\u00fang t\u00f4i c\u00f3 tr\u1ee5 s\u1edf t\u1ea1i Chi\u1ebft Giang, Trung Qu\u1ed1c, b\u1eaft \u0111\u1ea7u t\u1eeb n\u0103m 2014, b\u00e1n cho th\u1ecb tr\u01b0\u1eddng n\u1ed9i \u0111\u1ecba (70,00%), Ch\u00e2u \u0110\u1ea1i D\u01b0\u01a1ng (8,00%), Trung \u0110\u00f4ng (7,00%), \u0110\u00f4ng \u00c1 (2,00%), B\u1eafc M\u1ef9 (2,00%), T\u00e2y \u00c2u (2,00%)<br \/>\n6. Ch\u00fang t\u00f4i c\u00f3 th\u1ec3 cung c\u1ea5p d\u1ecbch v\u1ee5 n\u00e0o?<br \/>\n\u0110i\u1ec1u kho\u1ea3n giao h\u00e0ng \u0111\u01b0\u1ee3c ch\u1ea5p nh\u1eadn: FOB, CFR, CIF;<\/div>\n<div>Ti\u1ec1n t\u1ec7 thanh to\u00e1n \u0111\u01b0\u1ee3c ch\u1ea5p nh\u1eadn: USD, EUR, HKD, CNY;<\/div>\n<div>Lo\u1ea1i thanh to\u00e1n \u0111\u01b0\u1ee3c ch\u1ea5p nh\u1eadn: T \/ T, L \/ C, D \/ PD \/ A;<\/div>","protected":false},"excerpt":{"rendered":"<p>Ch\u1ea5t li\u1ec7u: PP<\/p>\n<p>C\u00f4ng su\u1ea5t: 5ML \/ 10ML \/ 15ML<\/p>\n<p>Tr\u1ecdng l\u01b0\u1ee3ng: 12.1g \/ 13.5g \/ 14.7g<\/p>\n<p>M\u00e0u s\u1eafc: Ch\u1ea5p nh\u1eadn t\u00f9y ch\u1ec9nh (b\u1ea5t k\u1ef3 m\u00e0u pantone n\u00e0o c\u00f3 s\u1eb5n)<\/p>\n<p>Ho\u00e0n thi\u1ec7n b\u1ec1 m\u1eb7t: in m\u00e0n h\u00ecnh, d\u1eadp n\u00f3ng, gradient phun, k\u1ebft th\u00fac m\u1edd, v.v.<\/p>\n<p>MOQ: 10000pcs<\/p>\n<p>M\u1eabu: c\u00f3 s\u1eb5n m\u1eabu mi\u1ec5n ph\u00ed<\/p>\n<p>&nbsp;<\/p>\n<p>&nbsp;<\/p>","protected":false},"featured_media":3089,"comment_status":"closed","ping_status":"closed","template":"","meta":{"_acf_changed":false},"product_brand":[],"product_cat":[35],"product_tag":[38],"class_list":{"0":"post-1373","1":"product","2":"type-product","3":"status-publish","4":"has-post-thumbnail","6":"product_cat-airless-bottle","7":"product_tag-airless-bottle","9":"first","10":"outofstock","11":"shipping-taxable","12":"product-type-simple"},"acf":[],"_links":{"self":[{"href":"https:\/\/www.cosmepak.com\/vi\/wp-json\/wp\/v2\/product\/1373","targetHints":{"allow":["GET"]}}],"collection":[{"href":"https:\/\/www.cosmepak.com\/vi\/wp-json\/wp\/v2\/product"}],"about":[{"href":"https:\/\/www.cosmepak.com\/vi\/wp-json\/wp\/v2\/types\/product"}],"replies":[{"embeddable":true,"href":"https:\/\/www.cosmepak.com\/vi\/wp-json\/wp\/v2\/comments?post=1373"}],"wp:featuredmedia":[{"embeddable":true,"href":"https:\/\/www.cosmepak.com\/vi\/wp-json\/wp\/v2\/media\/3089"}],"wp:attachment":[{"href":"https:\/\/www.cosmepak.com\/vi\/wp-json\/wp\/v2\/media?parent=1373"}],"wp:term":[{"taxonomy":"product_brand","embeddable":true,"href":"https:\/\/www.cosmepak.com\/vi\/wp-json\/wp\/v2\/product_brand?post=1373"},{"taxonomy":"product_cat","embeddable":true,"href":"https:\/\/www.cosmepak.com\/vi\/wp-json\/wp\/v2\/product_cat?post=1373"},{"taxonomy":"product_tag","embeddable":true,"href":"https:\/\/www.cosmepak.com\/vi\/wp-json\/wp\/v2\/product_tag?post=1373"}],"curies":[{"name":"WP","href":"https:\/\/api.w.org\/{rel}","templated":true}]}}