{"id":1380,"date":"2025-03-26T14:04:38","date_gmt":"2025-03-26T06:04:38","guid":{"rendered":"https:\/\/www.cosmepak.com\/?post_type=product&#038;p=1380"},"modified":"2025-10-15T16:09:11","modified_gmt":"2025-10-15T08:09:11","slug":"airless-bottle-30ml-50ml-100ml-and-120ml-airless-bottle-with-pump-jaunce","status":"publish","type":"product","link":"https:\/\/www.cosmepak.com\/vi\/product\/airless-bottle-30ml-50ml-100ml-and-120ml-airless-bottle-with-pump-jaunce\/","title":{"rendered":"Chai kh\u00f4ng kh\u00ed-30ML 50ML 100ML v\u00e0 120ML Chai kh\u00f4ng kh\u00ed v\u1edbi m\u00e1y b\u01a1m \/ Jaunce"},"content":{"rendered":"<table style=\"border-collapse: collapse; width: 100%; height: 216px;\">\n<tbody>\n<tr style=\"height: 24px;\">\n<td style=\"width: 50.5964%; height: 24px; text-align: center;\">Th\u01b0\u01a1ng hi\u1ec7u<\/td>\n<td style=\"width: 49.4036%; height: 24px; text-align: center;\">\u00a0Jaunce<\/td>\n<\/tr>\n<tr style=\"height: 24px;\">\n<td style=\"width: 50.5964%; height: 24px; text-align: center;\">Dung t\u00edch<\/td>\n<td style=\"width: 49.4036%; height: 24px; text-align: center;\">30ml \/ 50ml \/ 100ml \/ 120ml<\/td>\n<\/tr>\n<tr style=\"height: 24px;\">\n<td style=\"width: 50.5964%; height: 24px; text-align: center;\">H\u00ecnh d\u1ea1ng<\/td>\n<td style=\"width: 49.4036%; height: 24px; text-align: center;\">xi lanh<\/td>\n<\/tr>\n<tr style=\"height: 24px;\">\n<td style=\"width: 50.5964%; height: 24px; text-align: center;\">C\u00e2n n\u1eb7ng<\/td>\n<td style=\"width: 49.4036%; height: 24px; text-align: center;\">44.3g\/49.3g\/58.6g\/63.4g<\/td>\n<\/tr>\n<tr style=\"height: 24px;\">\n<td style=\"width: 50.5964%; height: 24px; text-align: center;\">Ph\u00f9 h\u1ee3p<\/td>\n<td style=\"width: 49.4036%; height: 24px; text-align: center;\">B\u01a1m<\/td>\n<\/tr>\n<tr style=\"height: 24px;\">\n<td style=\"width: 50.5964%; height: 24px; text-align: center;\">Ng\u01b0\u1eddi m\u1eabu<\/td>\n<td style=\"width: 49.4036%; height: 24px; text-align: center;\">H\u1ec7 th\u1ed1ng JH-LWA35<\/td>\n<\/tr>\n<tr style=\"height: 24px;\">\n<td style=\"width: 50.5964%; height: 24px; text-align: center;\">S\u1ea3n ph\u1ea9m OEM \/ ODM<\/td>\n<td style=\"width: 49.4036%; height: 24px; text-align: center;\">Ch\u1ea5p nh\u1eadn<\/td>\n<\/tr>\n<tr style=\"height: 24px;\">\n<td style=\"width: 50.5964%; height: 24px; text-align: center;\">M\u00e0u s\u1eafc<\/td>\n<td style=\"width: 49.4036%; height: 24px; text-align: center;\">T\u00f9y ch\u1ec9nh<\/td>\n<\/tr>\n<tr style=\"height: 24px;\">\n<td style=\"width: 50.5964%; height: 24px; text-align: center;\">MOQ<\/td>\n<td style=\"width: 49.4036%; height: 24px; text-align: center;\">10000pcs<\/td>\n<\/tr>\n<\/tbody>\n<\/table>\n<p><img fetchpriority=\"high\" decoding=\"async\" class=\"alignnone  wp-image-3095\" src=\"https:\/\/www.cosmepak.com\/wp-content\/uploads\/2025\/03\/12894844628_624076099.jpg\" alt=\"\" width=\"1366\" height=\"1366\" srcset=\"https:\/\/www.cosmepak.com\/wp-content\/uploads\/2025\/03\/12894844628_624076099.jpg 1000w, https:\/\/www.cosmepak.com\/wp-content\/uploads\/2025\/03\/12894844628_624076099-300x300.jpg 300w, https:\/\/www.cosmepak.com\/wp-content\/uploads\/2025\/03\/12894844628_624076099-150x150.jpg 150w, https:\/\/www.cosmepak.com\/wp-content\/uploads\/2025\/03\/12894844628_624076099-768x768.jpg 768w, https:\/\/www.cosmepak.com\/wp-content\/uploads\/2025\/03\/12894844628_624076099-12x12.jpg 12w, https:\/\/www.cosmepak.com\/wp-content\/uploads\/2025\/03\/12894844628_624076099-600x600.jpg 600w, https:\/\/www.cosmepak.com\/wp-content\/uploads\/2025\/03\/12894844628_624076099-100x100.jpg 100w\" sizes=\"(max-width: 1366px) 100vw, 1366px\" \/><\/p>\n<table style=\"border-collapse: collapse; width: 100%; height: 264px;\">\n<tbody>\n<tr style=\"height: 24px;\">\n<td style=\"width: 16.6667%; text-align: center; height: 24px;\">Dung t\u00edch<\/td>\n<td style=\"width: 16.6667%; text-align: center; height: 24px;\">T\u1ed5ng chi\u1ec1u cao<\/td>\n<td style=\"width: 16.6667%; text-align: center; height: 24px;\">Chai chi\u1ec1u cao<\/td>\n<td style=\"width: 16.6667%; text-align: center; height: 24px;\">Chi\u1ec1u cao c\u00f3 th\u1ec3 in<\/td>\n<td style=\"width: 16.6667%; text-align: center; height: 24px;\">Dia<\/td>\n<td style=\"width: 16.6667%; text-align: center; height: 24px;\">C\u00e2n n\u1eb7ng<\/td>\n<\/tr>\n<tr style=\"height: 24px;\">\n<td style=\"width: 16.6667%; text-align: center; height: 24px;\">30ml<\/td>\n<td style=\"width: 16.6667%; text-align: center; height: 24px;\">80mm<\/td>\n<td style=\"width: 16.6667%; text-align: center; height: 24px;\">42mm<\/td>\n<td style=\"width: 16.6667%; text-align: center; height: 24px;\">38mm<\/td>\n<td style=\"width: 16.6667%; text-align: center; height: 24px;\">48mm<\/td>\n<td style=\"width: 16.6667%; text-align: center; height: 24px;\">44.3g<\/td>\n<\/tr>\n<tr style=\"height: 24px;\">\n<td style=\"width: 16.6667%; text-align: center; height: 24px;\">50ml<\/td>\n<td style=\"width: 16.6667%; text-align: center; height: 24px;\">95mm<\/td>\n<td style=\"width: 16.6667%; text-align: center; height: 24px;\">58mm<\/td>\n<td style=\"width: 16.6667%; text-align: center; height: 24px;\">52mm<\/td>\n<td style=\"width: 16.6667%; text-align: center; height: 24px;\">48mm<\/td>\n<td style=\"width: 16.6667%; text-align: center; height: 24px;\">49.3g<\/td>\n<\/tr>\n<tr style=\"height: 24px;\">\n<td style=\"width: 16.6667%; text-align: center; height: 24px;\">100ml<\/td>\n<td style=\"width: 16.6667%; text-align: center; height: 24px;\">128mm<\/td>\n<td style=\"width: 16.6667%; text-align: center; height: 24px;\">90mm<\/td>\n<td style=\"width: 16.6667%; text-align: center; height: 24px;\">85mm<\/td>\n<td style=\"width: 16.6667%; text-align: center; height: 24px;\">48mm<\/td>\n<td style=\"width: 16.6667%; text-align: center; height: 24px;\">58.6g<\/td>\n<\/tr>\n<tr style=\"height: 24px;\">\n<td style=\"width: 16.6667%; text-align: center; height: 24px;\">120ml<\/td>\n<td style=\"width: 16.6667%; text-align: center; height: 24px;\">142mm<\/td>\n<td style=\"width: 16.6667%; text-align: center; height: 24px;\">105mm<\/td>\n<td style=\"width: 16.6667%; text-align: center; height: 24px;\">100mm<\/td>\n<td style=\"width: 16.6667%; text-align: center; height: 24px;\">48mm<\/td>\n<td style=\"width: 16.6667%; text-align: center; height: 24px;\">63.4g<\/td>\n<\/tr>\n<tr style=\"height: 24px;\">\n<td style=\"width: 33.3334%; text-align: center; height: 24px;\" colspan=\"2\"><strong>M\u1ee5c\u00a0<\/strong><\/td>\n<td style=\"width: 33.3334%; text-align: center; height: 24px;\" colspan=\"2\"><strong>S\u1ed1 l\u01b0\u1ee3ng<\/strong><\/td>\n<td style=\"width: 33.3334%; text-align: center; height: 24px;\" colspan=\"2\"><strong>K\u00edch th\u01b0\u1edbc g\u00f3i<\/strong><\/td>\n<\/tr>\n<tr style=\"height: 24px;\">\n<td style=\"width: 33.3334%; text-align: center; height: 24px;\" colspan=\"2\">30ml<\/td>\n<td style=\"width: 33.3334%; text-align: center; height: 24px;\" colspan=\"2\">693chi\u1ebfc<\/td>\n<td style=\"width: 33.3334%; text-align: center; height: 24px;\" colspan=\"2\">48*38.5*41<\/td>\n<\/tr>\n<tr style=\"height: 24px;\">\n<td style=\"width: 33.3334%; text-align: center; height: 24px;\" colspan=\"2\">50ml<\/td>\n<td style=\"width: 33.3334%; text-align: center; height: 24px;\" colspan=\"2\">518 chi\u1ebfc<\/td>\n<td style=\"width: 33.3334%; text-align: center; height: 24px;\" colspan=\"2\">48*38.5*41<\/td>\n<\/tr>\n<tr style=\"height: 24px;\">\n<td style=\"width: 33.3334%; text-align: center; height: 24px;\" colspan=\"2\">100ml<\/td>\n<td style=\"width: 33.3334%; text-align: center; height: 24px;\" colspan=\"2\">308 chi\u1ebfc<\/td>\n<td style=\"width: 33.3334%; text-align: center; height: 24px;\" colspan=\"2\">48*37*41<\/td>\n<\/tr>\n<tr style=\"height: 24px;\">\n<td style=\"width: 33.3334%; text-align: center; height: 24px;\" colspan=\"2\">120ml<\/td>\n<td style=\"width: 33.3334%; text-align: center; height: 24px;\" colspan=\"2\">260 chi\u1ebfc<\/td>\n<td style=\"width: 33.3334%; text-align: center; height: 24px;\" colspan=\"2\">48*37*41<\/td>\n<\/tr>\n<tr style=\"height: 24px;\">\n<td style=\"width: 33.3334%; text-align: center; height: 24px;\" colspan=\"2\">B\u01a1m<\/td>\n<td style=\"width: 33.3334%; text-align: center; height: 24px;\" colspan=\"2\">539chi\u1ebfc<\/td>\n<td style=\"width: 33.3334%; text-align: center; height: 24px;\" colspan=\"2\">48*37*41<\/td>\n<\/tr>\n<\/tbody>\n<\/table>\n<p>Chai kh\u00f4ng kh\u00ed c\u1ee7a ch\u00fang t\u00f4i c\u00f3 s\u1eb5n trong b\u1ed1n k\u00edch th\u01b0\u1edbc: 30ml, 50ml, 100ml v\u00e0 120ml, \u0111\u00f3 l\u00e0 t\u1ea5t c\u1ea3 c\u00e1c t\u00f9y ch\u1ecdn cho kh\u00e1ch h\u00e0ng \u0111\u1ec3 l\u1ef1a ch\u1ecdn.<br \/>\nChai kh\u00f4ng kh\u00ed n\u00e0y bao g\u1ed3m th\u00e2n chai, n\u1eafp chai, \u0111\u1ea7u b\u01a1m \u00e9p, b\u1ed9 ph\u1eadn snap-on m\u1ed9t l\u1ea7n v\u00e0 c\u1eafm ch\u00e2n kh\u00f4ng. S\u1ea3n l\u01b0\u1ee3ng l\u1ecfng l\u00e0 0,4 MT \/ L.<br \/>\nLo\u1ea1i \u0111\u1ea7u b\u01a1m k\u1eb9p n\u00e0y l\u00e0 m\u1ed9t k\u1eb9p s\u1eed d\u1ee5ng m\u1ed9t l\u1ea7n v\u00e0 kh\u00f4ng th\u1ec3 \u0111\u01b0\u1ee3c t\u00e1i s\u1eed d\u1ee5ng. Chai \u0111\u01b0\u1ee3c l\u00e0m b\u1eb1ng v\u1eadt li\u1ec7u PP v\u00e0 l\u00e0 m\u1ed9t chai ch\u00e2n kh\u00f4ng v\u1edbi n\u0103m \u1ed1ng h\u00fat. L\u1ecfng s\u1eefa \u0111\u01b0\u1ee3c \u00e9p \u0111\u00f9n b\u1eb1ng c\u00e1ch s\u1eed d\u1ee5ng \u00e1p su\u1ea5t ch\u00e2n kh\u00f4ng. C\u01a1 th\u1ec3 chai m\u1ecbn v\u00e0 tr\u00f2n, \u0111\u01a1n gi\u1ea3n v\u00e0 th\u1ef1c t\u1ebf. Chai ch\u00e2n kh\u00f4ng c\u1ee7a ch\u00fang t\u00f4i cung c\u1ea5p d\u1eadp v\u00e0ng, in m\u00e0n h\u00ecnh, phun c\u00e1t, s\u01a1n m\u00e0u v\u00e0 qu\u00e1 tr\u00ecnh m\u1ea1 \u0111i\u1ec7n.<br \/>\nTr\u01b0\u1edbc khi s\u1eed d\u1ee5ng s\u1ea3n ph\u1ea9m n\u00e0y m\u1ed9t l\u1ea7n n\u1eefa (khi n\u00f3 \u0111\u01b0\u1ee3c s\u1ea1c \u0111\u1ea7y \u0111\u1ee7), c\u1eafm ch\u00e2n kh\u00f4ng n\u1eb1m \u1edf ph\u00eda d\u01b0\u1edbi. Trong khi s\u1eed d\u1ee5ng, c\u1eafm ch\u00e2n kh\u00f4ng t\u0103ng ch\u1eadm. Sau khi s\u1eed d\u1ee5ng, c\u1eafm ch\u00e2n kh\u00f4ng \u0111\u1ebfn mi\u1ec7ng chai v\u00e0 kh\u00f4ng c\u00f3 d\u01b0 l\u01b0\u1ee3ng tr\u00ean t\u01b0\u1eddng chai.<\/p>\n<p><img decoding=\"async\" class=\"alignnone  wp-image-3096\" src=\"https:\/\/www.cosmepak.com\/wp-content\/uploads\/2025\/03\/12935261906_624076099.jpg\" alt=\"\" width=\"1359\" height=\"1359\" srcset=\"https:\/\/www.cosmepak.com\/wp-content\/uploads\/2025\/03\/12935261906_624076099.jpg 1000w, https:\/\/www.cosmepak.com\/wp-content\/uploads\/2025\/03\/12935261906_624076099-300x300.jpg 300w, https:\/\/www.cosmepak.com\/wp-content\/uploads\/2025\/03\/12935261906_624076099-150x150.jpg 150w, https:\/\/www.cosmepak.com\/wp-content\/uploads\/2025\/03\/12935261906_624076099-768x768.jpg 768w, https:\/\/www.cosmepak.com\/wp-content\/uploads\/2025\/03\/12935261906_624076099-12x12.jpg 12w, https:\/\/www.cosmepak.com\/wp-content\/uploads\/2025\/03\/12935261906_624076099-600x600.jpg 600w, https:\/\/www.cosmepak.com\/wp-content\/uploads\/2025\/03\/12935261906_624076099-100x100.jpg 100w\" sizes=\"(max-width: 1359px) 100vw, 1359px\" \/><\/p>\n<table style=\"border-collapse: collapse; width: 100%;\">\n<tbody>\n<tr>\n<td style=\"width: 33.3333%;\"><img decoding=\"async\" class=\"alignnone size-full wp-image-3098\" src=\"https:\/\/www.cosmepak.com\/wp-content\/uploads\/2025\/03\/12857091030_624076099.jpg\" alt=\"\" width=\"1000\" height=\"1000\" srcset=\"https:\/\/www.cosmepak.com\/wp-content\/uploads\/2025\/03\/12857091030_624076099.jpg 1000w, https:\/\/www.cosmepak.com\/wp-content\/uploads\/2025\/03\/12857091030_624076099-300x300.jpg 300w, https:\/\/www.cosmepak.com\/wp-content\/uploads\/2025\/03\/12857091030_624076099-150x150.jpg 150w, https:\/\/www.cosmepak.com\/wp-content\/uploads\/2025\/03\/12857091030_624076099-768x768.jpg 768w, https:\/\/www.cosmepak.com\/wp-content\/uploads\/2025\/03\/12857091030_624076099-12x12.jpg 12w, https:\/\/www.cosmepak.com\/wp-content\/uploads\/2025\/03\/12857091030_624076099-600x600.jpg 600w, https:\/\/www.cosmepak.com\/wp-content\/uploads\/2025\/03\/12857091030_624076099-100x100.jpg 100w\" sizes=\"(max-width: 1000px) 100vw, 1000px\" \/><\/td>\n<td style=\"width: 33.3333%;\"><img loading=\"lazy\" decoding=\"async\" class=\"alignnone size-full wp-image-3097\" src=\"https:\/\/www.cosmepak.com\/wp-content\/uploads\/2025\/03\/12935282281_624076099.jpg\" alt=\"\" width=\"1000\" height=\"1000\" srcset=\"https:\/\/www.cosmepak.com\/wp-content\/uploads\/2025\/03\/12935282281_624076099.jpg 1000w, https:\/\/www.cosmepak.com\/wp-content\/uploads\/2025\/03\/12935282281_624076099-300x300.jpg 300w, https:\/\/www.cosmepak.com\/wp-content\/uploads\/2025\/03\/12935282281_624076099-150x150.jpg 150w, https:\/\/www.cosmepak.com\/wp-content\/uploads\/2025\/03\/12935282281_624076099-768x768.jpg 768w, https:\/\/www.cosmepak.com\/wp-content\/uploads\/2025\/03\/12935282281_624076099-12x12.jpg 12w, https:\/\/www.cosmepak.com\/wp-content\/uploads\/2025\/03\/12935282281_624076099-600x600.jpg 600w, https:\/\/www.cosmepak.com\/wp-content\/uploads\/2025\/03\/12935282281_624076099-100x100.jpg 100w\" sizes=\"(max-width: 1000px) 100vw, 1000px\" \/><\/td>\n<td style=\"width: 33.3333%;\"><img loading=\"lazy\" decoding=\"async\" class=\"alignnone size-full wp-image-3099\" src=\"https:\/\/www.cosmepak.com\/wp-content\/uploads\/2025\/03\/12935291107_624076099-1.jpg\" alt=\"\" width=\"1000\" height=\"1000\" srcset=\"https:\/\/www.cosmepak.com\/wp-content\/uploads\/2025\/03\/12935291107_624076099-1.jpg 1000w, https:\/\/www.cosmepak.com\/wp-content\/uploads\/2025\/03\/12935291107_624076099-1-300x300.jpg 300w, https:\/\/www.cosmepak.com\/wp-content\/uploads\/2025\/03\/12935291107_624076099-1-150x150.jpg 150w, https:\/\/www.cosmepak.com\/wp-content\/uploads\/2025\/03\/12935291107_624076099-1-768x768.jpg 768w, https:\/\/www.cosmepak.com\/wp-content\/uploads\/2025\/03\/12935291107_624076099-1-12x12.jpg 12w, https:\/\/www.cosmepak.com\/wp-content\/uploads\/2025\/03\/12935291107_624076099-1-600x600.jpg 600w, https:\/\/www.cosmepak.com\/wp-content\/uploads\/2025\/03\/12935291107_624076099-1-100x100.jpg 100w\" sizes=\"(max-width: 1000px) 100vw, 1000px\" \/><\/td>\n<\/tr>\n<\/tbody>\n<\/table>\n<p><img loading=\"lazy\" decoding=\"async\" class=\"alignnone  wp-image-3100\" src=\"https:\/\/www.cosmepak.com\/wp-content\/uploads\/2025\/03\/12857076527_624076099.jpg\" alt=\"\" width=\"1356\" height=\"1356\" srcset=\"https:\/\/www.cosmepak.com\/wp-content\/uploads\/2025\/03\/12857076527_624076099.jpg 1000w, https:\/\/www.cosmepak.com\/wp-content\/uploads\/2025\/03\/12857076527_624076099-300x300.jpg 300w, https:\/\/www.cosmepak.com\/wp-content\/uploads\/2025\/03\/12857076527_624076099-150x150.jpg 150w, https:\/\/www.cosmepak.com\/wp-content\/uploads\/2025\/03\/12857076527_624076099-768x768.jpg 768w, https:\/\/www.cosmepak.com\/wp-content\/uploads\/2025\/03\/12857076527_624076099-12x12.jpg 12w, https:\/\/www.cosmepak.com\/wp-content\/uploads\/2025\/03\/12857076527_624076099-600x600.jpg 600w, https:\/\/www.cosmepak.com\/wp-content\/uploads\/2025\/03\/12857076527_624076099-100x100.jpg 100w\" sizes=\"(max-width: 1356px) 100vw, 1356px\" \/><\/p>\n<p><img loading=\"lazy\" decoding=\"async\" class=\"alignnone size-full wp-image-1347\" src=\"https:\/\/www.cosmepak.com\/wp-content\/uploads\/2024\/12\/\u9996\u987519202_03.jpg\" alt=\"\" width=\"1920\" height=\"885\" srcset=\"https:\/\/www.cosmepak.com\/wp-content\/uploads\/2024\/12\/\u9996\u987519202_03.jpg 1920w, https:\/\/www.cosmepak.com\/wp-content\/uploads\/2024\/12\/\u9996\u987519202_03-300x138.jpg 300w, https:\/\/www.cosmepak.com\/wp-content\/uploads\/2024\/12\/\u9996\u987519202_03-1024x472.jpg 1024w, https:\/\/www.cosmepak.com\/wp-content\/uploads\/2024\/12\/\u9996\u987519202_03-768x354.jpg 768w, https:\/\/www.cosmepak.com\/wp-content\/uploads\/2024\/12\/\u9996\u987519202_03-1536x708.jpg 1536w, https:\/\/www.cosmepak.com\/wp-content\/uploads\/2024\/12\/\u9996\u987519202_03-600x277.jpg 600w\" sizes=\"(max-width: 1920px) 100vw, 1920px\" \/><\/p>\n<table style=\"border-collapse: collapse; width: 100%; height: 144px;\">\n<tbody>\n<tr style=\"height: 24px;\">\n<td style=\"width: 33.3333%; text-align: center; height: 24px;\"><span style=\"font-size: 14pt;\"><strong>Th\u1ec3 hi\u1ec7n<\/strong><\/span><\/td>\n<td style=\"width: 33.3333%; text-align: center; height: 24px;\"><span style=\"font-size: 14pt;\"><strong>V\u1eadn chuy\u1ec3n h\u00e0ng kh\u00f4ng<\/strong><\/span><\/td>\n<td style=\"width: 33.3333%; text-align: center; height: 24px;\"><span style=\"font-size: 14pt;\"><strong>V\u1eadn chuy\u1ec3n bi\u1ec3n<\/strong><\/span><\/td>\n<\/tr>\n<tr style=\"height: 24px;\">\n<td style=\"width: 33.3333%; text-align: center; height: 24px;\">Ch\u00e2u \u00c2u 4-6 ng\u00e0y<\/td>\n<td style=\"width: 33.3333%; text-align: center; height: 24px;\">Ch\u00e2u \u00c2u 4-6 ng\u00e0y<\/td>\n<td style=\"width: 33.3333%; text-align: center; height: 24px;\">Ch\u00e2u \u00c2u 25-35 ng\u00e0y<\/td>\n<\/tr>\n<tr style=\"height: 24px;\">\n<td style=\"width: 33.3333%; text-align: center; height: 24px;\">Morth M\u1ef9 4-6 ng\u00e0y<\/td>\n<td style=\"width: 33.3333%; text-align: center; height: 24px;\">Morth M\u1ef9 4-6 ng\u00e0y<\/td>\n<td style=\"width: 33.3333%; text-align: center; height: 24px;\">Morth M\u1ef9 25-35 ng\u00e0y<\/td>\n<\/tr>\n<tr style=\"height: 24px;\">\n<td style=\"width: 33.3333%; text-align: center; height: 24px;\">\u0110\u00f4ng Nam \u00c1 3-5 ng\u00e0y<\/td>\n<td style=\"width: 33.3333%; text-align: center; height: 24px;\">\u0110\u00f4ng Nam \u00c1 3-5 ng\u00e0y<\/td>\n<td style=\"width: 33.3333%; text-align: center; height: 24px;\">\u0110\u00f4ng Nam \u00c1 25-35 ng\u00e0y<\/td>\n<\/tr>\n<tr style=\"height: 24px;\">\n<td style=\"width: 33.3333%; text-align: center; height: 24px;\">Trung \u0110\u00f4ng 4-6 ng\u00e0y<\/td>\n<td style=\"width: 33.3333%; text-align: center; height: 24px;\">Trung \u0110\u00f4ng 4-6 ng\u00e0y<\/td>\n<td style=\"width: 33.3333%; text-align: center; height: 24px;\">Trung \u0110\u00f4ng 25-35 ng\u00e0y<\/td>\n<\/tr>\n<tr style=\"height: 24px;\">\n<td style=\"width: 33.3333%; text-align: center; height: 24px;\">Nam Phi 5-8 ng\u00e0y<\/td>\n<td style=\"width: 33.3333%; text-align: center; height: 24px;\">Nam Phi 5-8 ng\u00e0y<\/td>\n<td style=\"width: 33.3333%; text-align: center; height: 24px;\">Nam Phi 25-35 ng\u00e0y<\/td>\n<\/tr>\n<\/tbody>\n<\/table>\n<p><span style=\"font-size: 14pt;\"><strong>RFQ:\u00a0<\/strong><\/span><\/p>\n<p><span data-spm-anchor-id=\"a2700.pc-decorate.0.i3.75883333L8yZVb\">1. T\u1ea1i sao b\u1ea1n n\u00ean mua t\u1eeb ch\u00fang t\u00f4i kh\u00f4ng ph\u1ea3i t\u1eeb c\u00e1c nh\u00e0 cung c\u1ea5p kh\u00e1c?<br \/>\n3 ph\u00fat \u0111\u01b0\u1ee3c thi\u1ebft k\u1ebf cho b\u1ea1n.<br \/>\nD\u1ecbch v\u1ee5 tr\u1ef1c tuy\u1ebfn 24 gi\u1edd.<br \/>\n7 ng\u00e0y m\u1eabu ch\u1ee9ng kho\u00e1n\/ 15 ng\u00e0y v\u1edbi in t\u00f9y ch\u1ec9nh.<br \/>\nTh\u1eddi gian d\u1eabn 35 ng\u00e0y.<br \/>\nNh\u00e0 m\u00e1y \u0111\u00f3ng g\u00f3i m\u1ef9 ph\u1ea9m chuy\u00ean nghi\u1ec7p h\u01a1n 10 n\u0103m.<br \/>\nC\u00e1c c\u1eeda h\u00e0ng nh\u00e0 m\u00e1y, gi\u00e1 t\u1ed1t nh\u1ea5t v\u00e0 d\u1ecbch v\u1ee5 t\u1ed1t nh\u1ea5t.<br \/>\nM\u1ed9t gi\u1ea3i ph\u00e1p tr\u1ea1m cho bao b\u00ec m\u1ef9 ph\u1ea9m.<br \/>\n2. Ch\u00fang ta l\u00e0 ai?<br \/>\nCh\u00fang t\u00f4i c\u00f3 tr\u1ee5 s\u1edf t\u1ea1i Chi\u1ebft Giang, Trung Qu\u1ed1c, b\u1eaft \u0111\u1ea7u t\u1eeb n\u0103m 2014, b\u00e1n cho th\u1ecb tr\u01b0\u1eddng n\u1ed9i \u0111\u1ecba (70,00%), Ch\u00e2u \u0110\u1ea1i D\u01b0\u01a1ng (8,00%), Mid East (7,00%), \u0110\u00f4ng<br \/>\nCh\u00e2u \u00c1 (2,00%), B\u1eafc M\u1ef9 (2,00%), T\u00e2y \u00c2u (2,00%), \u0110\u00f4ng Nam \u00c1 (2,00%), Nam \u00c1 (1,00%), Nam M\u1ef9 (1,00%), mi\u1ec1n Nam<br \/>\nCh\u00e2u \u00c2u (1,00%), Trung M\u1ef9 (1,00%), B\u1eafc \u00c2u (1,00%), Ch\u00e2u Phi (1,00%), \u0110\u00f4ng \u00c2u (1,00%). <\/span><\/p>\n<div>3. L\u00e0m th\u1ebf n\u00e0o ch\u00fang ta c\u00f3 th\u1ec3 \u0111\u1ea3m b\u1ea3o ch\u1ea5t l\u01b0\u1ee3ng?<br \/>\nLu\u00f4n lu\u00f4n l\u00e0 m\u1ed9t m\u1eabu ti\u1ec1n s\u1ea3n xu\u1ea5t tr\u01b0\u1edbc khi s\u1ea3n xu\u1ea5t h\u00e0ng lo\u1ea1t;<br \/>\n4. B\u1ea1n c\u00f3 th\u1ec3 mua g\u00ec t\u1eeb ch\u00fang t\u00f4i?<br \/>\nChai th\u1ee7y tinh, Chai nh\u1ef1a \/ l\u1ecd \/ Tubers, Chai nh\u00f4m \/ l\u1ecd \/ \u1ed1ng vv v\u1eadt li\u1ec7u \u0111\u00f3ng g\u00f3i m\u1ef9 ph\u1ea9m.<br \/>\n5. Ch\u00fang ta l\u00e0 ai?<br \/>\nCh\u00fang t\u00f4i c\u00f3 tr\u1ee5 s\u1edf t\u1ea1i Chi\u1ebft Giang, Trung Qu\u1ed1c, b\u1eaft \u0111\u1ea7u t\u1eeb n\u0103m 2014, b\u00e1n cho th\u1ecb tr\u01b0\u1eddng n\u1ed9i \u0111\u1ecba (70,00%), Ch\u00e2u \u0110\u1ea1i D\u01b0\u01a1ng (8,00%), Trung \u0110\u00f4ng (7,00%), \u0110\u00f4ng \u00c1 (2,00%), B\u1eafc M\u1ef9 (2,00%), T\u00e2y \u00c2u (2,00%)<br \/>\n6. Ch\u00fang t\u00f4i c\u00f3 th\u1ec3 cung c\u1ea5p d\u1ecbch v\u1ee5 n\u00e0o?<br \/>\n\u0110i\u1ec1u kho\u1ea3n giao h\u00e0ng \u0111\u01b0\u1ee3c ch\u1ea5p nh\u1eadn: FOB, CFR, CIF;<\/div>\n<div>Ti\u1ec1n t\u1ec7 thanh to\u00e1n \u0111\u01b0\u1ee3c ch\u1ea5p nh\u1eadn: USD, EUR, HKD, CNY;<\/div>\n<div>Lo\u1ea1i thanh to\u00e1n \u0111\u01b0\u1ee3c ch\u1ea5p nh\u1eadn: T \/ T, L \/ C, D \/ PD \/ A;<\/div>","protected":false},"excerpt":{"rendered":"<p>M\u00f4 h\u00ecnh: JH-LWA35<\/p>\n<p>Ch\u1ea5t li\u1ec7u: PP<\/p>\n<p>C\u00f4ng su\u1ea5t: 30ml \/ 50ml \/ 100ml \/ 120ml<\/p>\n<p>Tr\u1ecdng l\u01b0\u1ee3ng: 44.3g \/ 49.3g \/ 58.6g \/ 63.4g<\/p>\n<p>M\u00e0u s\u1eafc: Ch\u1ea5p nh\u1eadn t\u00f9y ch\u1ec9nh (b\u1ea5t k\u1ef3 m\u00e0u pantone n\u00e0o c\u00f3 s\u1eb5n)<\/p>\n<p>Ho\u00e0n thi\u1ec7n b\u1ec1 m\u1eb7t: in m\u00e0n h\u00ecnh, d\u1eadp n\u00f3ng, gradient phun, k\u1ebft th\u00fac m\u1edd, v.v.<\/p>\n<p>MOQ: 10000pcs<\/p>\n<p>M\u1eabu: c\u00f3 s\u1eb5n m\u1eabu mi\u1ec5n ph\u00ed<\/p>\n<p>&nbsp;<\/p>\n<p>&nbsp;<\/p>","protected":false},"featured_media":3100,"comment_status":"closed","ping_status":"closed","template":"","meta":{"_acf_changed":false},"product_brand":[],"product_cat":[35],"product_tag":[38],"class_list":{"0":"post-1380","1":"product","2":"type-product","3":"status-publish","4":"has-post-thumbnail","6":"product_cat-airless-bottle","7":"product_tag-airless-bottle","9":"first","10":"outofstock","11":"shipping-taxable","12":"product-type-simple"},"acf":[],"_links":{"self":[{"href":"https:\/\/www.cosmepak.com\/vi\/wp-json\/wp\/v2\/product\/1380","targetHints":{"allow":["GET"]}}],"collection":[{"href":"https:\/\/www.cosmepak.com\/vi\/wp-json\/wp\/v2\/product"}],"about":[{"href":"https:\/\/www.cosmepak.com\/vi\/wp-json\/wp\/v2\/types\/product"}],"replies":[{"embeddable":true,"href":"https:\/\/www.cosmepak.com\/vi\/wp-json\/wp\/v2\/comments?post=1380"}],"wp:featuredmedia":[{"embeddable":true,"href":"https:\/\/www.cosmepak.com\/vi\/wp-json\/wp\/v2\/media\/3100"}],"wp:attachment":[{"href":"https:\/\/www.cosmepak.com\/vi\/wp-json\/wp\/v2\/media?parent=1380"}],"wp:term":[{"taxonomy":"product_brand","embeddable":true,"href":"https:\/\/www.cosmepak.com\/vi\/wp-json\/wp\/v2\/product_brand?post=1380"},{"taxonomy":"product_cat","embeddable":true,"href":"https:\/\/www.cosmepak.com\/vi\/wp-json\/wp\/v2\/product_cat?post=1380"},{"taxonomy":"product_tag","embeddable":true,"href":"https:\/\/www.cosmepak.com\/vi\/wp-json\/wp\/v2\/product_tag?post=1380"}],"curies":[{"name":"WP","href":"https:\/\/api.w.org\/{rel}","templated":true}]}}