{"id":1387,"date":"2025-03-26T15:00:48","date_gmt":"2025-03-26T07:00:48","guid":{"rendered":"https:\/\/www.cosmepak.com\/?post_type=product&#038;p=1387"},"modified":"2025-09-09T16:41:29","modified_gmt":"2025-09-09T08:41:29","slug":"mieng-ong-1","status":"publish","type":"product","link":"https:\/\/www.cosmepak.com\/vi\/product\/lipglosstube-1\/","title":{"rendered":"Son b\u00f3ng \u1ed1ng-3,5g son m\u00f4i absient son m\u00f4i \/jaunce son m\u00f4i"},"content":{"rendered":"<table style=\"border-collapse: collapse; width: 100%; height: 240px;\">\n<tbody>\n<tr style=\"height: 24px;\">\n<td style=\"width: 24.7995%; height: 24px;\">Th\u01b0\u01a1ng hi\u1ec7u<\/td>\n<td style=\"width: 75.2005%; height: 24px;\">\u00a0Jaunce<\/td>\n<\/tr>\n<tr style=\"height: 24px;\">\n<td style=\"width: 24.7995%; height: 24px;\">Dung t\u00edch<\/td>\n<td style=\"width: 75.2005%; height: 24px;\">3.5g<\/td>\n<\/tr>\n<tr style=\"height: 24px;\">\n<td style=\"width: 24.7995%; height: 24px;\">H\u00ecnh d\u1ea1ng<\/td>\n<td style=\"width: 75.2005%; height: 24px;\">Tr\u00f2n<\/td>\n<\/tr>\n<tr style=\"height: 24px;\">\n<td style=\"width: 24.7995%; height: 24px;\">K\u00edch c\u1ee1<\/td>\n<td style=\"width: 75.2005%; height: 24px;\">22*77.5mm<\/td>\n<\/tr>\n<tr style=\"height: 24px;\">\n<td style=\"width: 24.7995%; height: 24px;\">C\u00e2n n\u1eb7ng<\/td>\n<td style=\"width: 75.2005%; height: 24px;\">22g<\/td>\n<\/tr>\n<tr style=\"height: 24px;\">\n<td style=\"width: 24.7995%; height: 24px;\">Ph\u00f9 h\u1ee3p<\/td>\n<td style=\"width: 75.2005%; height: 24px;\">\u00a0N\u1eafp<\/td>\n<\/tr>\n<tr style=\"height: 24px;\">\n<td style=\"width: 24.7995%; height: 24px;\">Ng\u01b0\u1eddi m\u1eabu<\/td>\n<td style=\"width: 75.2005%; height: 24px;\">JH-JZ-3331<\/td>\n<\/tr>\n<tr style=\"height: 24px;\">\n<td style=\"width: 24.7995%; height: 24px;\">S\u1ea3n ph\u1ea9m OEM \/ ODM<\/td>\n<td style=\"width: 75.2005%; height: 24px;\">Ch\u1ea5p nh\u1eadn<\/td>\n<\/tr>\n<tr style=\"height: 24px;\">\n<td style=\"width: 24.7995%; height: 24px;\">M\u00e0u s\u1eafc<\/td>\n<td style=\"width: 75.2005%; height: 24px;\">T\u00f9y ch\u1ec9nh<\/td>\n<\/tr>\n<tr style=\"height: 24px;\">\n<td style=\"width: 24.7995%; height: 24px;\">MOQ<\/td>\n<td style=\"width: 75.2005%; height: 24px;\">10000pcs<\/td>\n<\/tr>\n<\/tbody>\n<\/table>\n<p>&nbsp;<\/p>\n<p><img fetchpriority=\"high\" decoding=\"async\" class=\"alignnone wp-image-1390\" src=\"https:\/\/www.cosmepak.com\/wp-content\/uploads\/2025\/03\/photobank-2-1.png\" alt=\"\" width=\"1417\" height=\"1455\" srcset=\"https:\/\/www.cosmepak.com\/wp-content\/uploads\/2025\/03\/photobank-2-1.png 701w, https:\/\/www.cosmepak.com\/wp-content\/uploads\/2025\/03\/photobank-2-1-292x300.png 292w, https:\/\/www.cosmepak.com\/wp-content\/uploads\/2025\/03\/photobank-2-1-600x616.png 600w\" sizes=\"(max-width: 1417px) 100vw, 1417px\" \/><img decoding=\"async\" class=\"alignnone wp-image-1391\" src=\"https:\/\/www.cosmepak.com\/wp-content\/uploads\/2025\/03\/photobank-3-1.png\" alt=\"\" width=\"1385\" height=\"1385\" srcset=\"https:\/\/www.cosmepak.com\/wp-content\/uploads\/2025\/03\/photobank-3-1.png 701w, https:\/\/www.cosmepak.com\/wp-content\/uploads\/2025\/03\/photobank-3-1-300x300.png 300w, https:\/\/www.cosmepak.com\/wp-content\/uploads\/2025\/03\/photobank-3-1-150x150.png 150w, https:\/\/www.cosmepak.com\/wp-content\/uploads\/2025\/03\/photobank-3-1-600x600.png 600w, https:\/\/www.cosmepak.com\/wp-content\/uploads\/2025\/03\/photobank-3-1-100x100.png 100w\" sizes=\"(max-width: 1385px) 100vw, 1385px\" \/><img decoding=\"async\" class=\"alignnone wp-image-1392\" src=\"https:\/\/www.cosmepak.com\/wp-content\/uploads\/2025\/03\/photobank-4-1.png\" alt=\"\" width=\"1394\" height=\"1396\" srcset=\"https:\/\/www.cosmepak.com\/wp-content\/uploads\/2025\/03\/photobank-4-1.png 700w, https:\/\/www.cosmepak.com\/wp-content\/uploads\/2025\/03\/photobank-4-1-300x300.png 300w, https:\/\/www.cosmepak.com\/wp-content\/uploads\/2025\/03\/photobank-4-1-150x150.png 150w, https:\/\/www.cosmepak.com\/wp-content\/uploads\/2025\/03\/photobank-4-1-600x601.png 600w, https:\/\/www.cosmepak.com\/wp-content\/uploads\/2025\/03\/photobank-4-1-100x100.png 100w\" sizes=\"(max-width: 1394px) 100vw, 1394px\" \/><img loading=\"lazy\" decoding=\"async\" class=\"alignnone wp-image-1393\" src=\"https:\/\/www.cosmepak.com\/wp-content\/uploads\/2025\/03\/photobank-1-1.png\" alt=\"\" width=\"1387\" height=\"1387\" srcset=\"https:\/\/www.cosmepak.com\/wp-content\/uploads\/2025\/03\/photobank-1-1.png 699w, https:\/\/www.cosmepak.com\/wp-content\/uploads\/2025\/03\/photobank-1-1-300x300.png 300w, https:\/\/www.cosmepak.com\/wp-content\/uploads\/2025\/03\/photobank-1-1-150x150.png 150w, https:\/\/www.cosmepak.com\/wp-content\/uploads\/2025\/03\/photobank-1-1-600x600.png 600w, https:\/\/www.cosmepak.com\/wp-content\/uploads\/2025\/03\/photobank-1-1-100x100.png 100w\" sizes=\"(max-width: 1387px) 100vw, 1387px\" \/><\/p>\n<p><img loading=\"lazy\" decoding=\"async\" class=\"alignnone wp-image-1343 size-full\" src=\"https:\/\/www.cosmepak.com\/wp-content\/uploads\/2024\/12\/\u5fae\u4fe1\u56fe\u7247_20250213141726.jpg\" alt=\"\" width=\"1920\" height=\"919\" srcset=\"https:\/\/www.cosmepak.com\/wp-content\/uploads\/2024\/12\/\u5fae\u4fe1\u56fe\u7247_20250213141726.jpg 1920w, https:\/\/www.cosmepak.com\/wp-content\/uploads\/2024\/12\/\u5fae\u4fe1\u56fe\u7247_20250213141726-300x144.jpg 300w, https:\/\/www.cosmepak.com\/wp-content\/uploads\/2024\/12\/\u5fae\u4fe1\u56fe\u7247_20250213141726-1024x490.jpg 1024w, https:\/\/www.cosmepak.com\/wp-content\/uploads\/2024\/12\/\u5fae\u4fe1\u56fe\u7247_20250213141726-768x368.jpg 768w, https:\/\/www.cosmepak.com\/wp-content\/uploads\/2024\/12\/\u5fae\u4fe1\u56fe\u7247_20250213141726-1536x735.jpg 1536w, https:\/\/www.cosmepak.com\/wp-content\/uploads\/2024\/12\/\u5fae\u4fe1\u56fe\u7247_20250213141726-600x287.jpg 600w\" sizes=\"(max-width: 1920px) 100vw, 1920px\" \/><\/p>\n<h3 id=\"the-evolution-of-lipstick-packaging-the-smoky-gradient-purple-round-tube\" class=\"ai-center-markdown-h3\" data-spm-anchor-id=\"a2700.micro_cgs_home.0.i20.6e743e5ftETPZu\">S\u1ef1 ti\u1ebfn h\u00f3a c\u1ee7a bao b\u00ec son m\u00f4i: \u1ed1ng tr\u00f2n m\u00e0u t\u00edm d\u1ea7n kh\u00f3i<\/h3>\n<p class=\"ai-center-markdown-p\">Trong th\u1ebf gi\u1edbi m\u1ef9 ph\u1ea9m, \u0111\u00f3ng g\u00f3i c\u1ee7a m\u1ed9t s\u1ea3n ph\u1ea9m c\u0169ng quan tr\u1ecdng nh\u01b0 ch\u00ednh s\u1ea3n ph\u1ea9m. Trong s\u1ed1 c\u00e1c \u0111\u1ed5i m\u1edbi bao b\u00ec kh\u00e1c nhau, \u1ed1ng tr\u00f2n m\u00e0u t\u00edm c\u00f3 gradient kh\u00f3i v\u1edbi c\u01a1 ch\u1ebf \u00e9p v\u00e0 m\u00f9a xu\u00e2n cho son m\u00f4i 12,1mm n\u1ed5i b\u1eadt. B\u00e0i vi\u1ebft n\u00e0y kh\u00e1m ph\u00e1 c\u00e1c t\u00ednh n\u0103ng v\u00e0 l\u1ee3i \u00edch c\u1ee7a bao b\u00ec son m\u00f4i \u0111\u1ed9c \u0111\u00e1o n\u00e0y.<\/p>\n<h4 id=\"1-aesthetics-and-design\" class=\"ai-center-markdown-h4\">1.\u00a0<strong class=\"ai-center-markdown-strong\">Th\u1ea9m m\u1ef9 v\u00e0 thi\u1ebft k\u1ebf<\/strong><\/h4>\n<p class=\"ai-center-markdown-p\">\u1ed1ng tr\u00f2n m\u00e0u t\u00edm d\u1ed1c kh\u00f3i l\u00e0 m\u1ed9t ni\u1ec1m vui th\u1ecb gi\u00e1c. Hi\u1ec7u \u1ee9ng gradient, chuy\u1ec3n t\u1eeb m\u00e0u t\u00edm s\u00e2u sang m\u00e0u s\u00e1ng h\u01a1n, kh\u00f4ng ch\u1ec9 b\u1eaft m\u1eaft m\u00e0 c\u00f2n t\u1ecfa ra c\u1ea3m gi\u00e1c sang tr\u1ecdng v\u00e0 tinh vi. Thi\u1ebft k\u1ebf n\u00e0y thu h\u00fat ng\u01b0\u1eddi ti\u00eau d\u00f9ng \u0111\u00e1nh gi\u00e1 cao s\u1ef1 thanh l\u1ecbch v\u00e0 phong c\u00e1ch trong c\u00e1c s\u1ea3n ph\u1ea9m trang \u0111i\u1ec3m c\u1ee7a h\u1ecd.<\/p>\n<h4 id=\"2-functionality-and-convenience\" class=\"ai-center-markdown-h4\">2.\u00a0<strong class=\"ai-center-markdown-strong\">Ch\u1ee9c n\u0103ng v\u00e0 thu\u1eadn ti\u1ec7n<\/strong><\/h4>\n<p class=\"ai-center-markdown-p\">C\u01a1 ch\u1ebf b\u00e1o ch\u00ed v\u00e0 m\u00f9a xu\u00e2n l\u00e0 m\u1ed9t s\u1ef1 thay \u0111\u1ed5i tr\u00f2 ch\u01a1i trong bao b\u00ec son m\u00f4i. Kh\u00f4ng gi\u1ed1ng nh\u01b0 \u1ed1ng xo\u1eafn truy\u1ec1n th\u1ed1ng, thi\u1ebft k\u1ebf s\u00e1ng t\u1ea1o n\u00e0y cho ph\u00e9p ho\u1ea1t \u0111\u1ed9ng d\u1ec5 d\u00e0ng v\u00e0 m\u01b0\u1ee3t m\u00e0. M\u1ed9t th\u00f4ng c\u00e1o b\u00e1o ch\u00ed \u0111\u01a1n gi\u1ea3n, l\u00e0m cho n\u00f3 thu\u1eadn ti\u1ec7n h\u01a1n cho ng\u01b0\u1eddi d\u00f9ng \u0111\u1ec3 \u00e1p d\u1ee5ng m\u00e0u s\u1eafc y\u00eau th\u00edch c\u1ee7a h\u1ecd. C\u01a1 ch\u1ebf m\u00f9a xu\u00e2n \u0111\u1ea3m b\u1ea3o r\u1eb1ng son m\u00f4i \u0111\u01b0\u1ee3c r\u00fat l\u1ea1i m\u1ed9t c\u00e1ch an to\u00e0n, ng\u0103n ch\u1eb7n c\u00e1c v\u1ebft b\u1ea9n v\u00e0 v\u1ee1 v\u00f4 t\u00ecnh.<\/p>\n<h4 id=\"3-durability-and-protection\" class=\"ai-center-markdown-h4\">3.\u00a0<strong class=\"ai-center-markdown-strong\">B\u1ec1n v\u00e0 b\u1ea3o v\u1ec7<\/strong><\/h4>\n<p class=\"ai-center-markdown-p\">Thi\u1ebft k\u1ebf \u1ed1ng tr\u00f2n cung c\u1ea5p b\u1ea3o v\u1ec7 m\u1ea1nh m\u1ebd cho son m\u00f4i. \u0110\u01b0\u1ee3c l\u00e0m t\u1eeb v\u1eadt li\u1ec7u ch\u1ea5t l\u01b0\u1ee3ng cao, n\u00f3 ch\u1ed1ng l\u1ea1i c\u00e1c v\u1ebft n\u1ee9t v\u00e0 v\u1ee1, \u0111\u1ea3m b\u1ea3o r\u1eb1ng s\u1ea3n ph\u1ea9m v\u1eabn nguy\u00ean v\u1eb9n ngay c\u1ea3 khi \u0111\u01b0\u1ee3c mang theo trong t\u00fai x\u00e1ch. C\u01a1 ch\u1ebf b\u00e1o ch\u00ed v\u00e0 m\u00f9a xu\u00e2n an to\u00e0n \u0111\u1ea3m b\u1ea3o r\u1eb1ng son m\u00f4i \u0111\u01b0\u1ee3c b\u1ea3o v\u1ec7 kh\u1ecfi c\u00e1c y\u1ebfu t\u1ed1 b\u00ean ngo\u00e0i, duy tr\u00ec ch\u1ea5t l\u01b0\u1ee3ng c\u1ee7a n\u00f3 theo th\u1eddi gian.<\/p>\n<h4 id=\"4-user-experience\" class=\"ai-center-markdown-h4\">4.\u00a0<strong class=\"ai-center-markdown-strong\">Tr\u1ea3i nghi\u1ec7m ng\u01b0\u1eddi d\u00f9ng<\/strong><\/h4>\n<p class=\"ai-center-markdown-p\">Ng\u01b0\u1eddi ti\u00eau d\u00f9ng ng\u00e0y nay t\u00ecm ki\u1ebfm c\u00e1c s\u1ea3n ph\u1ea9m cung c\u1ea5p tr\u1ea3i nghi\u1ec7m ng\u01b0\u1eddi d\u00f9ng cao c\u1ea5p. \u1ed1ng tr\u00f2n m\u00e0u t\u00edm d\u1ed1c kh\u00f3i cung c\u1ea5p tr\u00ean m\u1eb7t tr\u01b0\u1edbc n\u00e0y. Thi\u1ebft k\u1ebf ergonomic c\u1ee7a n\u00f3 ph\u00f9 h\u1ee3p tho\u1ea3i m\u00e1i trong tay, v\u00e0 c\u01a1 ch\u1ebf \u00e9p m\u01b0\u1ee3t m\u00e0 th\u00eam m\u1ed9t ch\u00fat hi\u1ec7n \u0111\u1ea1i cho qu\u00e1 tr\u00ecnh \u00e1p d\u1ee5ng son m\u00f4i truy\u1ec1n th\u1ed1ng. Ng\u01b0\u1eddi d\u00f9ng c\u00f3 th\u1ec3 t\u1eadn h\u01b0\u1edfng m\u1ed9t tr\u1ea3i nghi\u1ec7m li\u1ec1n m\u1ea1ch v\u00e0 th\u00fa v\u1ecb m\u1ed7i khi h\u1ecd s\u1eed d\u1ee5ng s\u1ea3n ph\u1ea9m.<\/p>\n<h4 id=\"5-market-appeal\" class=\"ai-center-markdown-h4\">5.\u00a0<strong class=\"ai-center-markdown-strong\">Khuy\u1ebfn ngh\u1ecb th\u1ecb tr\u01b0\u1eddng<\/strong><\/h4>\n<p class=\"ai-center-markdown-p\">Trong m\u1ed9t th\u1ecb tr\u01b0\u1eddng c\u1ea1nh tranh, bao b\u00ec \u0111\u1ed9c \u0111\u00e1o c\u00f3 th\u1ec3 l\u00e0m cho m\u1ed9t s\u1ea3n ph\u1ea9m kh\u00e1c bi\u1ec7t. \u1ed1ng tr\u00f2n m\u00e0u t\u00edm d\u1ed1c kh\u00f3i v\u1edbi c\u01a1 ch\u1ebf \u00e9p v\u00e0 m\u00f9a xu\u00e2n thu h\u00fat nhi\u1ec1u ng\u01b0\u1eddi ti\u00eau d\u00f9ng, t\u1eeb ng\u01b0\u1eddi l\u1edbn tr\u1ebb \u0111\u1ebfn ph\u1ee5 n\u1eef tr\u01b0\u1edfng th\u00e0nh. Ngo\u00e0i ra phong c\u00e1ch v\u00e0 ch\u1ee9c n\u0103ng th\u1ef1c t\u1ebf c\u1ee7a n\u00f3 l\u00e0m cho n\u00f3 tr\u1edf th\u00e0nh m\u1ed9t l\u1ef1a ch\u1ecdn h\u1ea5p d\u1eabn cho nh\u1eefng ng\u01b0\u1eddi mu\u1ed1n th\u00eam m\u1ed9t ch\u00fat thanh l\u1ecbch cho b\u1ed9 s\u01b0u t\u1eadp trang \u0111i\u1ec3m c\u1ee7a h\u1ecd.<\/p>\n<h3 id=\"conclusion\" class=\"ai-center-markdown-h3\">K\u1ebft lu\u1eadn<\/h3>\n<p class=\"ai-center-markdown-p\">\u1ed1ng tr\u00f2n m\u00e0u t\u00edm d\u1ed1c kh\u00f3i v\u1edbi c\u01a1 ch\u1ebf \u00e9p v\u00e0 m\u00f9a xu\u00e2n cho son m\u00f4i 12,1mm \u0111\u1ea1i di\u1ec7n cho s\u1ef1 pha tr\u1ed9n ho\u00e0n h\u1ea3o c\u1ee7a th\u1ea9m m\u1ef9, ch\u1ee9c n\u0103ng v\u00e0 \u0111\u1ed9 b\u1ec1n. N\u00f3 n\u00e2ng cao tr\u1ea3i nghi\u1ec7m ng\u01b0\u1eddi d\u00f9ng trong khi cung c\u1ea5p b\u1ea3o v\u1ec7 m\u1ea1nh m\u1ebd cho s\u1ea3n ph\u1ea9m. Khi ng\u00e0nh m\u1ef9 ph\u1ea9m ti\u1ebfp t\u1ee5c ph\u00e1t tri\u1ec3n, c\u00e1c gi\u1ea3i ph\u00e1p \u0111\u00f3ng g\u00f3i s\u00e1ng t\u1ea1o nh\u01b0 th\u1ebf n\u00e0y ch\u1eafc ch\u1eafn s\u1ebd \u0111\u00f3ng m\u1ed9t vai tr\u00f2 quan tr\u1ecdng trong vi\u1ec7c thu h\u00fat s\u1ef1 quan t\u00e2m c\u1ee7a ng\u01b0\u1eddi ti\u00eau d\u00f9ng v\u00e0 th\u00fac \u0111\u1ea9y doanh s\u1ed1.<\/p>\n<p><img loading=\"lazy\" decoding=\"async\" class=\"alignnone size-full wp-image-1347\" src=\"https:\/\/www.cosmepak.com\/wp-content\/uploads\/2024\/12\/\u9996\u987519202_03.jpg\" alt=\"\" width=\"1920\" height=\"885\" srcset=\"https:\/\/www.cosmepak.com\/wp-content\/uploads\/2024\/12\/\u9996\u987519202_03.jpg 1920w, https:\/\/www.cosmepak.com\/wp-content\/uploads\/2024\/12\/\u9996\u987519202_03-300x138.jpg 300w, https:\/\/www.cosmepak.com\/wp-content\/uploads\/2024\/12\/\u9996\u987519202_03-1024x472.jpg 1024w, https:\/\/www.cosmepak.com\/wp-content\/uploads\/2024\/12\/\u9996\u987519202_03-768x354.jpg 768w, https:\/\/www.cosmepak.com\/wp-content\/uploads\/2024\/12\/\u9996\u987519202_03-1536x708.jpg 1536w, https:\/\/www.cosmepak.com\/wp-content\/uploads\/2024\/12\/\u9996\u987519202_03-600x277.jpg 600w\" sizes=\"(max-width: 1920px) 100vw, 1920px\" \/> <img loading=\"lazy\" decoding=\"async\" class=\"alignnone size-full wp-image-1348\" src=\"https:\/\/www.cosmepak.com\/wp-content\/uploads\/2024\/12\/\u9996\u987519202_04.jpg\" alt=\"\" width=\"1920\" height=\"694\" srcset=\"https:\/\/www.cosmepak.com\/wp-content\/uploads\/2024\/12\/\u9996\u987519202_04.jpg 1920w, https:\/\/www.cosmepak.com\/wp-content\/uploads\/2024\/12\/\u9996\u987519202_04-300x108.jpg 300w, https:\/\/www.cosmepak.com\/wp-content\/uploads\/2024\/12\/\u9996\u987519202_04-1024x370.jpg 1024w, https:\/\/www.cosmepak.com\/wp-content\/uploads\/2024\/12\/\u9996\u987519202_04-768x278.jpg 768w, https:\/\/www.cosmepak.com\/wp-content\/uploads\/2024\/12\/\u9996\u987519202_04-1536x555.jpg 1536w, https:\/\/www.cosmepak.com\/wp-content\/uploads\/2024\/12\/\u9996\u987519202_04-600x217.jpg 600w\" sizes=\"(max-width: 1920px) 100vw, 1920px\" \/><\/p>\n<p><img loading=\"lazy\" decoding=\"async\" class=\"alignnone size-full wp-image-1350\" src=\"https:\/\/www.cosmepak.com\/wp-content\/uploads\/2024\/12\/\u9996\u987519202_05-1.jpg\" alt=\"\" width=\"1920\" height=\"970\" srcset=\"https:\/\/www.cosmepak.com\/wp-content\/uploads\/2024\/12\/\u9996\u987519202_05-1.jpg 1920w, https:\/\/www.cosmepak.com\/wp-content\/uploads\/2024\/12\/\u9996\u987519202_05-1-300x152.jpg 300w, https:\/\/www.cosmepak.com\/wp-content\/uploads\/2024\/12\/\u9996\u987519202_05-1-1024x517.jpg 1024w, https:\/\/www.cosmepak.com\/wp-content\/uploads\/2024\/12\/\u9996\u987519202_05-1-768x388.jpg 768w, https:\/\/www.cosmepak.com\/wp-content\/uploads\/2024\/12\/\u9996\u987519202_05-1-1536x776.jpg 1536w, https:\/\/www.cosmepak.com\/wp-content\/uploads\/2024\/12\/\u9996\u987519202_05-1-600x303.jpg 600w\" sizes=\"(max-width: 1920px) 100vw, 1920px\" \/><\/p>\n<p><img loading=\"lazy\" decoding=\"async\" class=\"alignnone wp-image-1351\" src=\"https:\/\/www.cosmepak.com\/wp-content\/uploads\/2024\/12\/\u7269\u6d41\u8fd0\u8f93\u753b\u9762-2.jpg\" alt=\"\" width=\"1424\" height=\"1068\" srcset=\"https:\/\/www.cosmepak.com\/wp-content\/uploads\/2024\/12\/\u7269\u6d41\u8fd0\u8f93\u753b\u9762-2.jpg 800w, https:\/\/www.cosmepak.com\/wp-content\/uploads\/2024\/12\/\u7269\u6d41\u8fd0\u8f93\u753b\u9762-2-300x225.jpg 300w, https:\/\/www.cosmepak.com\/wp-content\/uploads\/2024\/12\/\u7269\u6d41\u8fd0\u8f93\u753b\u9762-2-768x576.jpg 768w, https:\/\/www.cosmepak.com\/wp-content\/uploads\/2024\/12\/\u7269\u6d41\u8fd0\u8f93\u753b\u9762-2-600x450.jpg 600w\" sizes=\"(max-width: 1424px) 100vw, 1424px\" \/><\/p>\n<table style=\"border-collapse: collapse; width: 100%; height: 144px;\">\n<tbody>\n<tr style=\"height: 24px;\">\n<td style=\"width: 33.3333%; text-align: center; height: 24px;\"><span style=\"font-size: 14pt;\"><strong>Th\u1ec3 hi\u1ec7n<\/strong><\/span><\/td>\n<td style=\"width: 33.3333%; text-align: center; height: 24px;\"><span style=\"font-size: 14pt;\"><strong>V\u1eadn chuy\u1ec3n h\u00e0ng kh\u00f4ng<\/strong><\/span><\/td>\n<td style=\"width: 33.3333%; text-align: center; height: 24px;\"><span style=\"font-size: 14pt;\"><strong>V\u1eadn chuy\u1ec3n bi\u1ec3n<\/strong><\/span><\/td>\n<\/tr>\n<tr style=\"height: 24px;\">\n<td style=\"width: 33.3333%; text-align: center; height: 24px;\">Ch\u00e2u \u00c2u 4-6 ng\u00e0y<\/td>\n<td style=\"width: 33.3333%; text-align: center; height: 24px;\">Ch\u00e2u \u00c2u 4-6 ng\u00e0y<\/td>\n<td style=\"width: 33.3333%; text-align: center; height: 24px;\">Ch\u00e2u \u00c2u 25-35 ng\u00e0y<\/td>\n<\/tr>\n<tr style=\"height: 24px;\">\n<td style=\"width: 33.3333%; text-align: center; height: 24px;\">Morth M\u1ef9 4-6 ng\u00e0y<\/td>\n<td style=\"width: 33.3333%; text-align: center; height: 24px;\">Morth M\u1ef9 4-6 ng\u00e0y<\/td>\n<td style=\"width: 33.3333%; text-align: center; height: 24px;\">Morth M\u1ef9 25-35 ng\u00e0y<\/td>\n<\/tr>\n<tr style=\"height: 24px;\">\n<td style=\"width: 33.3333%; text-align: center; height: 24px;\">\u0110\u00f4ng Nam \u00c1 3-5 ng\u00e0y<\/td>\n<td style=\"width: 33.3333%; text-align: center; height: 24px;\">\u0110\u00f4ng Nam \u00c1 3-5 ng\u00e0y<\/td>\n<td style=\"width: 33.3333%; text-align: center; height: 24px;\">\u0110\u00f4ng Nam \u00c1 25-35 ng\u00e0y<\/td>\n<\/tr>\n<tr style=\"height: 24px;\">\n<td style=\"width: 33.3333%; text-align: center; height: 24px;\">Trung \u0110\u00f4ng 4-6 ng\u00e0y<\/td>\n<td style=\"width: 33.3333%; text-align: center; height: 24px;\">Trung \u0110\u00f4ng 4-6 ng\u00e0y<\/td>\n<td style=\"width: 33.3333%; text-align: center; height: 24px;\">Trung \u0110\u00f4ng 25-35 ng\u00e0y<\/td>\n<\/tr>\n<tr style=\"height: 24px;\">\n<td style=\"width: 33.3333%; text-align: center; height: 24px;\">Nam Phi 5-8 ng\u00e0y<\/td>\n<td style=\"width: 33.3333%; text-align: center; height: 24px;\">Nam Phi 5-8 ng\u00e0y<\/td>\n<td style=\"width: 33.3333%; text-align: center; height: 24px;\">Nam Phi 25-35 ng\u00e0y<\/td>\n<\/tr>\n<\/tbody>\n<\/table>\n<p><span style=\"font-size: 14pt;\"><strong>RFQ:\u00a0<\/strong><\/span><\/p>\n<p><span data-spm-anchor-id=\"a2700.pc-decorate.0.i3.75883333L8yZVb\">1. T\u1ea1i sao b\u1ea1n n\u00ean mua t\u1eeb ch\u00fang t\u00f4i kh\u00f4ng ph\u1ea3i t\u1eeb c\u00e1c nh\u00e0 cung c\u1ea5p kh\u00e1c?<br \/>\n3 ph\u00fat \u0111\u01b0\u1ee3c thi\u1ebft k\u1ebf cho b\u1ea1n.<br \/>\nD\u1ecbch v\u1ee5 tr\u1ef1c tuy\u1ebfn 24 gi\u1edd.<br \/>\n7 ng\u00e0y m\u1eabu ch\u1ee9ng kho\u00e1n\/ 15 ng\u00e0y v\u1edbi in t\u00f9y ch\u1ec9nh.<br \/>\nTh\u1eddi gian d\u1eabn 35 ng\u00e0y.<br \/>\nNh\u00e0 m\u00e1y \u0111\u00f3ng g\u00f3i m\u1ef9 ph\u1ea9m chuy\u00ean nghi\u1ec7p h\u01a1n 10 n\u0103m.<br \/>\nC\u00e1c c\u1eeda h\u00e0ng nh\u00e0 m\u00e1y, gi\u00e1 t\u1ed1t nh\u1ea5t v\u00e0 d\u1ecbch v\u1ee5 t\u1ed1t nh\u1ea5t.<br \/>\nM\u1ed9t gi\u1ea3i ph\u00e1p tr\u1ea1m cho bao b\u00ec m\u1ef9 ph\u1ea9m.<br \/>\n2. Ch\u00fang ta l\u00e0 ai?<br \/>\nCh\u00fang t\u00f4i c\u00f3 tr\u1ee5 s\u1edf t\u1ea1i Chi\u1ebft Giang, Trung Qu\u1ed1c, b\u1eaft \u0111\u1ea7u t\u1eeb n\u0103m 2014, b\u00e1n cho th\u1ecb tr\u01b0\u1eddng n\u1ed9i \u0111\u1ecba (70,00%), Ch\u00e2u \u0110\u1ea1i D\u01b0\u01a1ng (8,00%), Mid East (7,00%), \u0110\u00f4ng<br \/>\nCh\u00e2u \u00c1 (2,00%), B\u1eafc M\u1ef9 (2,00%), T\u00e2y \u00c2u (2,00%), \u0110\u00f4ng Nam \u00c1 (2,00%), Nam \u00c1 (1,00%), Nam M\u1ef9 (1,00%), mi\u1ec1n Nam<br \/>\nCh\u00e2u \u00c2u (1,00%), Trung M\u1ef9 (1,00%), B\u1eafc \u00c2u (1,00%), Ch\u00e2u Phi (1,00%), \u0110\u00f4ng \u00c2u (1,00%). <\/span><\/p>\n<div>3. L\u00e0m th\u1ebf n\u00e0o ch\u00fang ta c\u00f3 th\u1ec3 \u0111\u1ea3m b\u1ea3o ch\u1ea5t l\u01b0\u1ee3ng?<br \/>\nLu\u00f4n lu\u00f4n l\u00e0 m\u1ed9t m\u1eabu ti\u1ec1n s\u1ea3n xu\u1ea5t tr\u01b0\u1edbc khi s\u1ea3n xu\u1ea5t h\u00e0ng lo\u1ea1t;<br \/>\n4. B\u1ea1n c\u00f3 th\u1ec3 mua g\u00ec t\u1eeb ch\u00fang t\u00f4i?<br \/>\nChai th\u1ee7y tinh, Chai nh\u1ef1a \/ l\u1ecd \/ Tubers, Chai nh\u00f4m \/ l\u1ecd \/ \u1ed1ng vv v\u1eadt li\u1ec7u \u0111\u00f3ng g\u00f3i m\u1ef9 ph\u1ea9m.<br \/>\n5. ch\u00fang t\u00f4i c\u00f3 th\u1ec3 cung c\u1ea5p d\u1ecbch v\u1ee5 g\u00ec?<br \/>\n\u0110i\u1ec1u kho\u1ea3n giao h\u00e0ng \u0111\u01b0\u1ee3c ch\u1ea5p nh\u1eadn: FOB, CFR, CIF;<\/div>\n<div>Ti\u1ec1n t\u1ec7 thanh to\u00e1n \u0111\u01b0\u1ee3c ch\u1ea5p nh\u1eadn: USD, EUR, HKD, CNY;<\/div>\n<div>Lo\u1ea1i thanh to\u00e1n \u0111\u01b0\u1ee3c ch\u1ea5p nh\u1eadn: T \/ T, L \/ C, D \/ PD \/ A;<\/div>","protected":false},"excerpt":{"rendered":"<p>V\u1eadt li\u1ec7u: ABS<\/p>\n<p>Capacity: 3.5g<\/p>\n<p>K\u00edch th\u01b0\u1edbc: 77,5*22mm<\/p>\n<p>M\u00e0u s\u1eafc: Ch\u1ea5p nh\u1eadn t\u00f9y ch\u1ec9nh (b\u1ea5t k\u1ef3 m\u00e0u pantone n\u00e0o c\u00f3 s\u1eb5n)<\/p>\n<p>Ho\u00e0n thi\u1ec7n b\u1ec1 m\u1eb7t: in m\u00e0n h\u00ecnh, d\u1eadp n\u00f3ng, ho\u00e0n thi\u1ec7n m\u1edd, v.v.<\/p>\n<p>MOQ: 10000pcs<\/p>\n<p>M\u1eabu: c\u00f3 s\u1eb5n m\u1eabu mi\u1ec5n ph\u00ed<\/p>\n<p>&nbsp;<\/p>\n<p>&nbsp;<\/p>","protected":false},"featured_media":1389,"comment_status":"closed","ping_status":"closed","template":"","meta":{"_acf_changed":false},"product_brand":[],"product_cat":[53,36],"product_tag":[39],"class_list":{"0":"post-1387","1":"product","2":"type-product","3":"status-publish","4":"has-post-thumbnail","6":"product_cat-lipstick-tube","7":"product_cat-makeup","8":"product_tag-makeup","10":"first","11":"outofstock","12":"shipping-taxable","13":"product-type-simple"},"acf":[],"_links":{"self":[{"href":"https:\/\/www.cosmepak.com\/vi\/wp-json\/wp\/v2\/product\/1387","targetHints":{"allow":["GET"]}}],"collection":[{"href":"https:\/\/www.cosmepak.com\/vi\/wp-json\/wp\/v2\/product"}],"about":[{"href":"https:\/\/www.cosmepak.com\/vi\/wp-json\/wp\/v2\/types\/product"}],"replies":[{"embeddable":true,"href":"https:\/\/www.cosmepak.com\/vi\/wp-json\/wp\/v2\/comments?post=1387"}],"wp:featuredmedia":[{"embeddable":true,"href":"https:\/\/www.cosmepak.com\/vi\/wp-json\/wp\/v2\/media\/1389"}],"wp:attachment":[{"href":"https:\/\/www.cosmepak.com\/vi\/wp-json\/wp\/v2\/media?parent=1387"}],"wp:term":[{"taxonomy":"product_brand","embeddable":true,"href":"https:\/\/www.cosmepak.com\/vi\/wp-json\/wp\/v2\/product_brand?post=1387"},{"taxonomy":"product_cat","embeddable":true,"href":"https:\/\/www.cosmepak.com\/vi\/wp-json\/wp\/v2\/product_cat?post=1387"},{"taxonomy":"product_tag","embeddable":true,"href":"https:\/\/www.cosmepak.com\/vi\/wp-json\/wp\/v2\/product_tag?post=1387"}],"curies":[{"name":"WP","href":"https:\/\/api.w.org\/{rel}","templated":true}]}}