{"id":1402,"date":"2025-03-27T10:04:01","date_gmt":"2025-03-27T02:04:01","guid":{"rendered":"https:\/\/www.cosmepak.com\/?post_type=product&#038;p=1402"},"modified":"2026-04-29T14:47:06","modified_gmt":"2026-04-29T06:47:06","slug":"lip-gloss-tube-gold-gradient-peach-powder-lipstick-tube-jaunce","status":"publish","type":"product","link":"https:\/\/www.cosmepak.com\/vi\/product\/lip-gloss-tube-gold-gradient-peach-powder-lipstick-tube-jaunce\/","title":{"rendered":"M\u00f4i b\u00f3ng \u1ed1ng-v\u00e0ng gradient \u0111\u00e0o b\u1ed9t son m\u00f4i \u1ed1ng \/ Jaunce"},"content":{"rendered":"<table style=\"border-collapse: collapse; width: 100%; height: 237px;\">\n<tbody>\n<tr style=\"height: 24px;\">\n<td style=\"width: 48.3725%; height: 24px; text-align: center;\">Th\u01b0\u01a1ng hi\u1ec7u<\/td>\n<td style=\"width: 51.6275%; height: 24px; text-align: center;\">\u00a0Jaunce<\/td>\n<\/tr>\n<tr style=\"height: 24px;\">\n<td style=\"width: 48.3725%; height: 24px; text-align: center;\">Dung t\u00edch<\/td>\n<td style=\"width: 51.6275%; height: 24px; text-align: center;\">3.5g<\/td>\n<\/tr>\n<tr style=\"height: 24px;\">\n<td style=\"width: 48.3725%; height: 24px; text-align: center;\">H\u00ecnh d\u1ea1ng<\/td>\n<td style=\"width: 51.6275%; height: 24px; text-align: center;\">Tr\u00f2n<\/td>\n<\/tr>\n<tr style=\"height: 24px;\">\n<td style=\"width: 48.3725%; height: 24px; text-align: center;\">K\u00edch c\u1ee1<\/td>\n<td style=\"width: 51.6275%; height: 24px; text-align: center;\">20.5*74.5mm<\/td>\n<\/tr>\n<tr style=\"height: 24px;\">\n<td style=\"width: 48.3725%; height: 24px; text-align: center;\">C\u00e2n n\u1eb7ng<\/td>\n<td style=\"width: 51.6275%; height: 24px; text-align: center;\">20g<\/td>\n<\/tr>\n<tr style=\"height: 24px;\">\n<td style=\"width: 48.3725%; height: 24px; text-align: center;\">Ph\u00f9 h\u1ee3p<\/td>\n<td style=\"width: 51.6275%; height: 24px; text-align: center;\">\u00a0N\u1eafp<\/td>\n<\/tr>\n<tr style=\"height: 24px;\">\n<td style=\"width: 48.3725%; height: 24px; text-align: center;\">Ng\u01b0\u1eddi m\u1eabu<\/td>\n<td style=\"width: 51.6275%; height: 24px; text-align: center;\">JH-JZ-3336<\/td>\n<\/tr>\n<tr style=\"height: 24px;\">\n<td style=\"width: 48.3725%; height: 24px; text-align: center;\">S\u1ea3n ph\u1ea9m OEM \/ ODM<\/td>\n<td style=\"width: 51.6275%; height: 24px; text-align: center;\">Ch\u1ea5p nh\u1eadn<\/td>\n<\/tr>\n<tr style=\"height: 24px;\">\n<td style=\"width: 48.3725%; height: 24px; text-align: center;\">M\u00e0u s\u1eafc<\/td>\n<td style=\"width: 51.6275%; height: 24px; text-align: center;\">T\u00f9y ch\u1ec9nh<\/td>\n<\/tr>\n<tr style=\"height: 24px;\">\n<td style=\"width: 48.3725%; height: 21px; text-align: center;\">MOQ<\/td>\n<td style=\"width: 51.6275%; height: 21px; text-align: center;\">10000pcs<\/td>\n<\/tr>\n<\/tbody>\n<\/table>\n<p><img fetchpriority=\"high\" decoding=\"async\" class=\"alignnone wp-image-1405\" src=\"https:\/\/www.cosmepak.com\/wp-content\/uploads\/2025\/03\/photobank-5.jpg\" alt=\"\" width=\"1413\" height=\"1413\" srcset=\"https:\/\/www.cosmepak.com\/wp-content\/uploads\/2025\/03\/photobank-5.jpg 800w, https:\/\/www.cosmepak.com\/wp-content\/uploads\/2025\/03\/photobank-5-300x300.jpg 300w, https:\/\/www.cosmepak.com\/wp-content\/uploads\/2025\/03\/photobank-5-150x150.jpg 150w, https:\/\/www.cosmepak.com\/wp-content\/uploads\/2025\/03\/photobank-5-768x768.jpg 768w, https:\/\/www.cosmepak.com\/wp-content\/uploads\/2025\/03\/photobank-5-600x600.jpg 600w, https:\/\/www.cosmepak.com\/wp-content\/uploads\/2025\/03\/photobank-5-100x100.jpg 100w\" sizes=\"(max-width: 1413px) 100vw, 1413px\" \/><\/p>\n<p>L\u00e0m th\u1ebf n\u00e0o \u0111\u1ec3 ch\u1ecdn Packa\u062c\u0631\u0627\u0645\u0628\u0648\u0635\u0629g ho\u00e0n h\u1ea3o cho s\u1ea3n ph\u1ea9m l\u00e0m \u0111\u1eb9p c\u1ee7a b\u1ea1n - Jaunce c\u00f4ng nghi\u1ec7p<\/p>\n<p>Chai n\u01b0\u1edbc hoa th\u1ee7y tinh n\u00e0y l\u00e0 m\u1ed9t l\u1ef1a ch\u1ecdn th\u1ef1c t\u1ebf cho nh\u1eefng ng\u01b0\u1eddi \u0111am m\u00ea n\u01b0\u1edbc hoa. L\u1ee3i th\u1ebf c\u1ed1t l\u00f5i c\u1ee7a n\u00f3 n\u1eb1m \u1edf &#8220; t\u00ednh di \u0111\u1ed9ng&#8221; v\u00e0 &#8220; th\u1ef1c t\u1ebf&#8221;  . V\u1ec1 kh\u1ea3 n\u0103ng, n\u00f3 t \u1eaf ters ba l\u1ef1a ch\u1ecdn: 30ml, 50ml v\u00e0 80ml. Phi\u00ean b\u1ea3n 30ml ph\u00f9 h\u1ee3p cho h\u00e0nh l\u00fd c\u1ea7m tay h\u00e0ng ng\u00e0y v\u00e0 c\u00e1c chuy\u1ebfn \u0111i ng\u1eafn, trong khi phi\u00ean b\u1ea3n 50ml v\u00e0 80ml \u0111\u00e1p \u1ee9ng nhu c\u1ea7u l\u01b0u tr\u1eef t\u1ea1i nh\u00e0 ho\u1eb7c s\u1eed d\u1ee5ng l\u00e2u d\u00e0i. Cho d\u00f9 \u0111\u01b0\u1ee3c \u0111\u1eb7t trong m\u1ed9t t\u00fai x\u00e1ch, t\u00fai trang \u0111i\u1ec3m ho\u1eb7c h\u00e0nh l\u00fd du l\u1ecbch, n\u00f3 c\u00f3 th\u1ec3 \u0111\u01b0\u1ee3c \u0111i\u1ec1u ch\u1ec9nh linh ho\u1ea1t \u0111\u1ec3 ph\u00f9 h\u1ee3p v\u1edbi nhu c\u1ea7u c\u1ee7a b\u1ea1n, cho ph\u00e9p b\u1ea1n b\u1ed5 sung n\u01b0\u1edbc hoa c\u1ee7a m\u00ecnh b\u1ea5t c\u1ee9 l\u00fac n\u00e0o v\u00e0 duy tr\u00ec m\u1ed9t m\u00f9i h\u01b0\u01a1ng quy\u1ebfn r\u0169.<\/p>\n<p>For size, the JH-JZ3336 maintains even ratios in every part. Full length hits 74.5 mm, cap at 49.5 mm, base at 41.5 mm. Cap top spans 20.5 mm wide, tube body diameter at 16.5 mm. Such specs allow simple hold: the fit works for typical hands, no sliding or heaviness. It takes common lipstick cores, even taller types, with space to stop shaking or harm and to protect the fill steadily. This lipstick tube is made by ABS injection molding. The outer tube can be molded into any color, and the uniform color of the integrated appearance makes it simple and elegant. The inner tube is plated with gold and silver colors, instantly enhancing the luxurious appearance of the lipstick tube.<\/p>\n<p>\u0110\u1ea7u phun l\u00e0 th\u00e0nh ph\u1ea7n c\u1ed1t l\u00f5i v\u00e0 s\u1eed d\u1ee5ng \u0111\u1ea7u phun nh\u00f4m lo\u1ea1i \u00e9p. S\u01b0\u01a1ng m\u00f9 l\u00e0 tinh t\u1ebf v\u00e0 \u0111\u1ed3ng nh\u1ea5t, kh\u00f4ng c\u00f3 c\u1ed9t n\u01b0\u1edbc, c\u00f3 th\u1ec3 ph\u00f3ng tinh ho\u00e0n to\u00e0n n\u01b0\u1edbc hoa, \u0111\u1ea3m b\u1ea3o m\u1ed9t tr\u1ea3i nghi\u1ec7m tho\u1ea3i m\u00e1i trong khi s\u1eed d\u1ee5ng v\u00e0 tr\u00e1nh l\u00e3ng ph\u00ed n\u01b0\u1edbc hoa, ti\u1ebft ki\u1ec7m hi\u1ec7u qu\u1ea3 s\u1ed1 l\u01b0\u1ee3ng \u0111\u01b0\u1ee3c s\u1eed d\u1ee5ng. Ngo\u00e0i ra, san-pham ph\u00f9 h\u1ee3p v\u1edbi m\u1ed9t lo\u1ea1t c\u00e1c k\u1ecbch b\u1ea3n, cho d\u00f9 cho vi\u1ec7c mang du l\u1ecbch, chuy\u1ebfn \u0111i l\u00e0m vi\u1ec7c, ho\u1eb7c s\u1eed d\u1ee5ng h\u00e0ng ng\u00e0y t\u1ea1i nh\u00e0 v\u00e0 l\u01b0u tr\u1eef b\u1ed9 ph\u1eadn n\u01b0\u1edbc hoa, n\u00f3 c\u00f3 th\u1ec3 ho\u00e0n h\u1ea3o th\u00edch \u1ee9ng v\u00e0 \u0111\u00e1p \u1ee9ng nhu c\u1ea7u kh\u00e1c nhau.<\/p>\n<p><img decoding=\"async\" class=\"alignnone wp-image-1406\" src=\"https:\/\/www.cosmepak.com\/wp-content\/uploads\/2025\/03\/photobank-1-2.jpg\" alt=\"\" width=\"1397\" height=\"1397\" srcset=\"https:\/\/www.cosmepak.com\/wp-content\/uploads\/2025\/03\/photobank-1-2.jpg 1024w, https:\/\/www.cosmepak.com\/wp-content\/uploads\/2025\/03\/photobank-1-2-300x300.jpg 300w, https:\/\/www.cosmepak.com\/wp-content\/uploads\/2025\/03\/photobank-1-2-150x150.jpg 150w, https:\/\/www.cosmepak.com\/wp-content\/uploads\/2025\/03\/photobank-1-2-768x768.jpg 768w, https:\/\/www.cosmepak.com\/wp-content\/uploads\/2025\/03\/photobank-1-2-600x600.jpg 600w, https:\/\/www.cosmepak.com\/wp-content\/uploads\/2025\/03\/photobank-1-2-100x100.jpg 100w\" sizes=\"(max-width: 1397px) 100vw, 1397px\" \/><img decoding=\"async\" class=\"alignnone wp-image-1407\" src=\"https:\/\/www.cosmepak.com\/wp-content\/uploads\/2025\/03\/photobank-6.jpg\" alt=\"\" width=\"1388\" height=\"1388\" srcset=\"https:\/\/www.cosmepak.com\/wp-content\/uploads\/2025\/03\/photobank-6.jpg 1024w, https:\/\/www.cosmepak.com\/wp-content\/uploads\/2025\/03\/photobank-6-300x300.jpg 300w, https:\/\/www.cosmepak.com\/wp-content\/uploads\/2025\/03\/photobank-6-150x150.jpg 150w, https:\/\/www.cosmepak.com\/wp-content\/uploads\/2025\/03\/photobank-6-768x768.jpg 768w, https:\/\/www.cosmepak.com\/wp-content\/uploads\/2025\/03\/photobank-6-600x600.jpg 600w, https:\/\/www.cosmepak.com\/wp-content\/uploads\/2025\/03\/photobank-6-100x100.jpg 100w\" sizes=\"(max-width: 1388px) 100vw, 1388px\" \/><img loading=\"lazy\" decoding=\"async\" class=\"alignnone wp-image-1409\" src=\"https:\/\/www.cosmepak.com\/wp-content\/uploads\/2025\/03\/photobank-2-1.jpg\" alt=\"\" width=\"1392\" height=\"1854\" srcset=\"https:\/\/www.cosmepak.com\/wp-content\/uploads\/2025\/03\/photobank-2-1.jpg 1200w, https:\/\/www.cosmepak.com\/wp-content\/uploads\/2025\/03\/photobank-2-1-225x300.jpg 225w, https:\/\/www.cosmepak.com\/wp-content\/uploads\/2025\/03\/photobank-2-1-769x1024.jpg 769w, https:\/\/www.cosmepak.com\/wp-content\/uploads\/2025\/03\/photobank-2-1-768x1023.jpg 768w, https:\/\/www.cosmepak.com\/wp-content\/uploads\/2025\/03\/photobank-2-1-1153x1536.jpg 1153w, https:\/\/www.cosmepak.com\/wp-content\/uploads\/2025\/03\/photobank-2-1-600x799.jpg 600w\" sizes=\"(max-width: 1392px) 100vw, 1392px\" \/><\/p>\n<p>&nbsp;<\/p>\n<p>&nbsp;<\/p>\n<p>&nbsp;<\/p>\n<div><\/div>","protected":false},"excerpt":{"rendered":"<p>V\u1eadt li\u1ec7u: ABS \/ AS<\/p>\n<p>Capacity: 3.5g<\/p>\n<p>Size: 74.5*20.5mm<\/p>\n<p>M\u00e0u s\u1eafc: Ch\u1ea5p nh\u1eadn t\u00f9y ch\u1ec9nh (b\u1ea5t k\u1ef3 m\u00e0u pantone n\u00e0o c\u00f3 s\u1eb5n)<\/p>\n<p>Ho\u00e0n thi\u1ec7n b\u1ec1 m\u1eb7t: in m\u00e0n h\u00ecnh, d\u1eadp n\u00f3ng, ho\u00e0n thi\u1ec7n m\u1edd, v.v.<\/p>\n<p>MOQ: 10000pcs<\/p>\n<p>M\u1eabu: c\u00f3 s\u1eb5n m\u1eabu mi\u1ec5n ph\u00ed<\/p>\n<p>&nbsp;<\/p>\n<p>&nbsp;<\/p>","protected":false},"featured_media":1403,"comment_status":"closed","ping_status":"closed","template":"","meta":{"_acf_changed":false},"product_brand":[],"product_cat":[53,36],"product_tag":[39],"class_list":{"0":"post-1402","1":"product","2":"type-product","3":"status-publish","4":"has-post-thumbnail","6":"product_cat-lipstick-tube","7":"product_cat-makeup","8":"product_tag-makeup","10":"first","11":"outofstock","12":"shipping-taxable","13":"product-type-simple"},"acf":[],"_links":{"self":[{"href":"https:\/\/www.cosmepak.com\/vi\/wp-json\/wp\/v2\/product\/1402","targetHints":{"allow":["GET"]}}],"collection":[{"href":"https:\/\/www.cosmepak.com\/vi\/wp-json\/wp\/v2\/product"}],"about":[{"href":"https:\/\/www.cosmepak.com\/vi\/wp-json\/wp\/v2\/types\/product"}],"replies":[{"embeddable":true,"href":"https:\/\/www.cosmepak.com\/vi\/wp-json\/wp\/v2\/comments?post=1402"}],"wp:featuredmedia":[{"embeddable":true,"href":"https:\/\/www.cosmepak.com\/vi\/wp-json\/wp\/v2\/media\/1403"}],"wp:attachment":[{"href":"https:\/\/www.cosmepak.com\/vi\/wp-json\/wp\/v2\/media?parent=1402"}],"wp:term":[{"taxonomy":"product_brand","embeddable":true,"href":"https:\/\/www.cosmepak.com\/vi\/wp-json\/wp\/v2\/product_brand?post=1402"},{"taxonomy":"product_cat","embeddable":true,"href":"https:\/\/www.cosmepak.com\/vi\/wp-json\/wp\/v2\/product_cat?post=1402"},{"taxonomy":"product_tag","embeddable":true,"href":"https:\/\/www.cosmepak.com\/vi\/wp-json\/wp\/v2\/product_tag?post=1402"}],"curies":[{"name":"WP","href":"https:\/\/api.w.org\/{rel}","templated":true}]}}