{"id":1435,"date":"2025-03-27T13:56:11","date_gmt":"2025-03-27T05:56:11","guid":{"rendered":"https:\/\/www.cosmepak.com\/?post_type=product&#038;p=1435"},"modified":"2025-09-09T16:05:38","modified_gmt":"2025-09-09T08:05:38","slug":"son-bong-ong-3-2","status":"publish","type":"product","link":"https:\/\/www.cosmepak.com\/vi\/product\/lipglosstube-3-2\/","title":{"rendered":"Son b\u00f3ng \u1ed1ng c\u00f3 ch\u1ea5t l\u01b0\u1ee3ng cao b\u1eb1ng kim lo\u1ea1i son m\u00f4i \/Jaunce"},"content":{"rendered":"<table style=\"border-collapse: collapse; width: 100%; height: 240px;\">\n<tbody>\n<tr style=\"height: 24px;\">\n<td style=\"width: 24.7995%; height: 24px;\">Th\u01b0\u01a1ng hi\u1ec7u<\/td>\n<td style=\"width: 75.2005%; height: 24px;\">\u00a0Jaunce<\/td>\n<\/tr>\n<tr style=\"height: 24px;\">\n<td style=\"width: 24.7995%; height: 24px;\">Dung t\u00edch<\/td>\n<td style=\"width: 75.2005%; height: 24px;\">3.5g<\/td>\n<\/tr>\n<tr style=\"height: 24px;\">\n<td style=\"width: 24.7995%; height: 24px;\">H\u00ecnh d\u1ea1ng<\/td>\n<td style=\"width: 75.2005%; height: 24px;\">Tr\u00f2n<\/td>\n<\/tr>\n<tr style=\"height: 24px;\">\n<td style=\"width: 24.7995%; height: 24px;\">K\u00edch c\u1ee1<\/td>\n<td style=\"width: 75.2005%; height: 24px;\">18,5*85mm<\/td>\n<\/tr>\n<tr style=\"height: 24px;\">\n<td style=\"width: 24.7995%; height: 24px;\">Ph\u00f9 h\u1ee3p<\/td>\n<td style=\"width: 75.2005%; height: 24px;\">\u00a0N\u1eafp<\/td>\n<\/tr>\n<tr style=\"height: 24px;\">\n<td style=\"width: 24.7995%; height: 24px;\">Ng\u01b0\u1eddi m\u1eabu<\/td>\n<td style=\"width: 75.2005%; height: 24px;\">JH-JZ-3634<\/td>\n<\/tr>\n<tr style=\"height: 24px;\">\n<td style=\"width: 24.7995%; height: 24px;\">S\u1ea3n ph\u1ea9m OEM \/ ODM<\/td>\n<td style=\"width: 75.2005%; height: 24px;\">Ch\u1ea5p nh\u1eadn<\/td>\n<\/tr>\n<tr style=\"height: 24px;\">\n<td style=\"width: 24.7995%; height: 24px;\">M\u00e0u s\u1eafc<\/td>\n<td style=\"width: 75.2005%; height: 24px;\">T\u00f9y ch\u1ec9nh<\/td>\n<\/tr>\n<tr style=\"height: 24px;\">\n<td style=\"width: 24.7995%; height: 24px;\">MOQ<\/td>\n<td style=\"width: 75.2005%; height: 24px;\">10000pcs<\/td>\n<\/tr>\n<\/tbody>\n<\/table>\n<p>&nbsp;<\/p>\n<p><img fetchpriority=\"high\" decoding=\"async\" class=\"alignnone wp-image-1438\" src=\"https:\/\/www.cosmepak.com\/wp-content\/uploads\/2025\/03\/photobank-2-2.jpg\" alt=\"son m\u00f4i \u1ed1ng\" width=\"1394\" height=\"1394\" srcset=\"https:\/\/www.cosmepak.com\/wp-content\/uploads\/2025\/03\/photobank-2-2.jpg 1000w, https:\/\/www.cosmepak.com\/wp-content\/uploads\/2025\/03\/photobank-2-2-300x300.jpg 300w, https:\/\/www.cosmepak.com\/wp-content\/uploads\/2025\/03\/photobank-2-2-150x150.jpg 150w, https:\/\/www.cosmepak.com\/wp-content\/uploads\/2025\/03\/photobank-2-2-768x768.jpg 768w, https:\/\/www.cosmepak.com\/wp-content\/uploads\/2025\/03\/photobank-2-2-600x600.jpg 600w, https:\/\/www.cosmepak.com\/wp-content\/uploads\/2025\/03\/photobank-2-2-100x100.jpg 100w\" sizes=\"(max-width: 1394px) 100vw, 1394px\" \/><img decoding=\"async\" class=\"alignnone wp-image-1439\" src=\"https:\/\/www.cosmepak.com\/wp-content\/uploads\/2025\/03\/photobank-3-1.jpg\" alt=\"\" width=\"1396\" height=\"1396\" srcset=\"https:\/\/www.cosmepak.com\/wp-content\/uploads\/2025\/03\/photobank-3-1.jpg 1000w, https:\/\/www.cosmepak.com\/wp-content\/uploads\/2025\/03\/photobank-3-1-300x300.jpg 300w, https:\/\/www.cosmepak.com\/wp-content\/uploads\/2025\/03\/photobank-3-1-150x150.jpg 150w, https:\/\/www.cosmepak.com\/wp-content\/uploads\/2025\/03\/photobank-3-1-768x768.jpg 768w, https:\/\/www.cosmepak.com\/wp-content\/uploads\/2025\/03\/photobank-3-1-600x600.jpg 600w, https:\/\/www.cosmepak.com\/wp-content\/uploads\/2025\/03\/photobank-3-1-100x100.jpg 100w\" sizes=\"(max-width: 1396px) 100vw, 1396px\" \/><img decoding=\"async\" class=\"alignnone wp-image-1440\" src=\"https:\/\/www.cosmepak.com\/wp-content\/uploads\/2025\/03\/photobank-5-1.jpg\" alt=\"\" width=\"1391\" height=\"1391\" srcset=\"https:\/\/www.cosmepak.com\/wp-content\/uploads\/2025\/03\/photobank-5-1.jpg 1000w, https:\/\/www.cosmepak.com\/wp-content\/uploads\/2025\/03\/photobank-5-1-300x300.jpg 300w, https:\/\/www.cosmepak.com\/wp-content\/uploads\/2025\/03\/photobank-5-1-150x150.jpg 150w, https:\/\/www.cosmepak.com\/wp-content\/uploads\/2025\/03\/photobank-5-1-768x768.jpg 768w, https:\/\/www.cosmepak.com\/wp-content\/uploads\/2025\/03\/photobank-5-1-600x600.jpg 600w, https:\/\/www.cosmepak.com\/wp-content\/uploads\/2025\/03\/photobank-5-1-100x100.jpg 100w\" sizes=\"(max-width: 1391px) 100vw, 1391px\" \/><img loading=\"lazy\" decoding=\"async\" class=\"alignnone wp-image-1441\" src=\"https:\/\/www.cosmepak.com\/wp-content\/uploads\/2025\/03\/photobank-4-1.jpg\" alt=\"\" width=\"1386\" height=\"1386\" srcset=\"https:\/\/www.cosmepak.com\/wp-content\/uploads\/2025\/03\/photobank-4-1.jpg 1000w, https:\/\/www.cosmepak.com\/wp-content\/uploads\/2025\/03\/photobank-4-1-300x300.jpg 300w, https:\/\/www.cosmepak.com\/wp-content\/uploads\/2025\/03\/photobank-4-1-150x150.jpg 150w, https:\/\/www.cosmepak.com\/wp-content\/uploads\/2025\/03\/photobank-4-1-768x768.jpg 768w, https:\/\/www.cosmepak.com\/wp-content\/uploads\/2025\/03\/photobank-4-1-600x600.jpg 600w, https:\/\/www.cosmepak.com\/wp-content\/uploads\/2025\/03\/photobank-4-1-100x100.jpg 100w\" sizes=\"(max-width: 1386px) 100vw, 1386px\" \/><\/p>\n<p>&nbsp;<\/p>\n<p class=\"ai-center-markdown-p\"><strong class=\"ai-center-markdown-strong\" data-spm-anchor-id=\"a2700.micro_cgs_home.0.i19.6e743e5ftETPZu\">Ti\u00eau \u0111\u1ec1: S\u1ef1 thanh l\u1ecbch v\u00e0 th\u1ef1c ti\u1ec5n c\u1ee7a \u1ed1ng son m\u00f4i tr\u00f2n b\u1ea1ch kim m\u1edd v\u1edbi bao b\u00ec nh\u1ef1a nghi\u00eang 11.1mm<\/strong><\/p>\n<p class=\"ai-center-markdown-p\">Trong th\u1ebf gi\u1edbi m\u1ef9 ph\u1ea9m c\u1ea1nh tranh, bao b\u00ec \u0111\u00f3ng vai tr\u00f2 quan tr\u1ecdng trong vi\u1ec7c thu h\u00fat kh\u00e1ch h\u00e0ng v\u00e0 n\u00e2ng cao tr\u1ea3i nghi\u1ec7m ng\u01b0\u1eddi d\u00f9ng t\u1ed5ng th\u1ec3. M\u1ed9t trong nh\u1eefng l\u1ef1a ch\u1ecdn n\u1ed5i b\u1eadt tr\u00ean th\u1ecb tr\u01b0\u1eddng ng\u00e0y nay l\u00e0 \u1ed1ng son m\u00f4i tr\u00f2n b\u1ea1ch kim m\u1edd v\u1edbi bao b\u00ec nh\u1ef1a nghi\u00eang 11,1mm. B\u00e0i vi\u1ebft n\u00e0y kh\u00e1m ph\u00e1 s\u1ef1 thanh l\u1ecbch, t\u00ednh th\u1ef1c t\u1ebf v\u00e0 l\u1ee3i \u00edch c\u1ee7a gi\u1ea3i ph\u00e1p \u0111\u00f3ng g\u00f3i s\u00e1ng t\u1ea1o n\u00e0y.<\/p>\n<h3 id=\"elegance-in-design\" class=\"ai-center-markdown-h3\">S\u1ef1 thanh l\u1ecbch trong thi\u1ebft k\u1ebf<\/h3>\n<p class=\"ai-center-markdown-p\">K\u1ebft th\u00fac b\u1eb1ng b\u1ea1ch kim m\u1edd c\u1ee7a c\u00e1c \u1ed1ng son m\u00f4i n\u00e0y t\u1ecfa ra c\u1ea3m gi\u00e1c sang tr\u1ecdng v\u00e0 tinh t\u1ebf. H\u00ecnh d\u1ea1ng tr\u00f2n, thanh l\u1ecbch ph\u00f9 h\u1ee3p tho\u1ea3i m\u00e1i trong tay, l\u00e0m cho n\u00f3 tr\u1edf th\u00e0nh m\u1ed9t b\u1ed5 sung h\u1ea5p d\u1eabn cho b\u1ea5t k\u1ef3 b\u1ed9 s\u01b0u t\u1eadp trang \u0111i\u1ec3m n\u00e0o. Thi\u1ebft k\u1ebf nghi\u00eang t\u1ea1i m\u1edf c\u1eeda th\u00eam m\u1ed9t xoay quanh hi\u1ec7n \u0111\u1ea1i, l\u00e0m cho n\u00f3 kh\u00f4ng ch\u1ec9 phong c\u00e1ch m\u00e0 c\u00f2n ch\u1ee9c n\u0103ng cho \u1ee9ng d\u1ee5ng ch\u00ednh x\u00e1c.<\/p>\n<h3 id=\"practicality-and-durability\" class=\"ai-center-markdown-h3\">Th\u1ef1c t\u1ebf v\u00e0 b\u1ec1n v\u1eefng<\/h3>\n<p class=\"ai-center-markdown-p\">Bao b\u00ec nh\u1ef1a cung c\u1ea5p m\u1ed9t s\u1ed1 l\u1ee3i th\u1ebf, bao g\u1ed3m \u0111\u1ed9 b\u1ec1n v\u00e0 \u0111\u1eb7c t\u00ednh nh\u1eb9. K\u00edch th\u01b0\u1edbc 11,1mm l\u00e0 ho\u00e0n h\u1ea3o cho \u0111\u1ea1n son m\u00f4i ti\u00eau chu\u1ea9n, \u0111\u1ea3m b\u1ea3o m\u1ed9t ph\u00f9 h\u1ee3p tho\u1ea3i m\u00e1i v\u00e0 \u1ee9ng d\u1ee5ng d\u1ec5 d\u00e0ng. Chi\u1ebfc k\u1ebft th\u00fac m\u1edd kh\u00f4ng ch\u1ec9 tr\u00f4ng thanh l\u1ecbch m\u00e0 c\u00f2n cung c\u1ea5p s\u1ef1 n\u1eafm gi\u1eef ch\u1ed1ng tr\u01b0\u1ee3t, gi\u1ea3m nguy c\u01a1 r\u01a1i ng\u1eabu nhi\u00ean.<\/p>\n<h3 id=\"benefits-for-manufacturers-and-consumers\" class=\"ai-center-markdown-h3\">L\u1ee3i \u00edch cho nh\u00e0 s\u1ea3n xu\u1ea5t v\u00e0 ng\u01b0\u1eddi ti\u00eau d\u00f9ng<\/h3>\n<p class=\"ai-center-markdown-p\">\u0110\u1ed1i v\u1edbi c\u00e1c nh\u00e0 s\u1ea3n xu\u1ea5t, c\u00e1c \u1ed1ng son m\u00f4i n\u00e0y hi\u1ec7u qu\u1ea3 v\u1ec1 chi ph\u00ed v\u00e0 d\u1ec5 s\u1ea3n xu\u1ea5t v\u1edbi s\u1ed1 l\u01b0\u1ee3ng l\u1edbn. V\u1eadt li\u1ec7u nh\u1ef1a cho ph\u00e9p m\u1ed9t lo\u1ea1t c\u00e1c t\u00f9y ch\u1ecdn t\u00f9y ch\u1ec9nh, t\u1eeb bi\u1ebfn th\u1ec3 m\u00e0u s\u1eafc \u0111\u1ebfn c\u01a1 h\u1ed9i th\u01b0\u01a1ng hi\u1ec7u. \u0110\u1ed1i v\u1edbi ng\u01b0\u1eddi ti\u00eau d\u00f9ng, \u1ed1ng son m\u00f4i tr\u00f2n b\u1ea1ch kim m\u1edd cung c\u1ea5p c\u1ea3m gi\u00e1c cao c\u1ea5p m\u00e0 kh\u00f4ng c\u00f3 th\u1ebb gi\u00e1 cao li\u00ean quan \u0111\u1ebfn bao b\u00ec kim lo\u1ea1i.<\/p>\n<h3 id=\"environmental-considerations\" class=\"ai-center-markdown-h3\">Nh\u1eefng c\u00e2n nh\u1eafc v\u1ec1 m\u00f4i tr\u01b0\u1eddng<\/h3>\n<p class=\"ai-center-markdown-p\">Trong khi nh\u1ef1a th\u01b0\u1eddng b\u1ecb ch\u1ec9 tr\u00edch v\u00ec t\u00e1c \u0111\u1ed9ng m\u00f4i tr\u01b0\u1eddng c\u1ee7a n\u00f3, nh\u1eefng ti\u1ebfn b\u1ed9 trong v\u1eadt li\u1ec7u th\u00e2n thi\u1ec7n v\u1edbi m\u00f4i tr\u01b0\u1eddng v\u00e0 c\u00f4ng ngh\u1ec7 t\u00e1i ch\u1ebf \u0111\u00e3 l\u00e0m cho c\u00f3 th\u1ec3 s\u1ea3n xu\u1ea5t bao b\u00ec nh\u1ef1a b\u1ec1n v\u1eefng h\u01a1n. C\u00e1c nh\u00e0 s\u1ea3n xu\u1ea5t c\u00f3 th\u1ec3 l\u1ef1a ch\u1ecdn nh\u1ef1a t\u00e1i ch\u1ebf ho\u1eb7c ph\u00e2n h\u1ee7y sinh h\u1ecdc, gi\u1ea3m d\u1ea5u ch\u00e2n m\u00f4i tr\u01b0\u1eddng c\u1ee7a s\u1ea3n ph\u1ea9m c\u1ee7a h\u1ecd.<\/p>\n<h3 id=\"conclusion\" class=\"ai-center-markdown-h3\">K\u1ebft lu\u1eadn<\/h3>\n<p class=\"ai-center-markdown-p\">\u1ed1ng son m\u00f4i tr\u00f2n b\u1ea1ch kim m\u1edd v\u1edbi bao b\u00ec nh\u1ef1a nghi\u00eang 11,1mm l\u00e0 m\u1ed9t s\u1ef1 pha tr\u1ed9n ho\u00e0n h\u1ea3o c\u1ee7a s\u1ef1 thanh l\u1ecbch v\u00e0 t\u00ednh th\u1ef1c t\u1ebf. V\u1ebb ngo\u00e0i sang tr\u1ecdng c\u1ee7a n\u00f3, k\u1ebft h\u1ee3p v\u1edbi thi\u1ebft k\u1ebf ch\u1ee9c n\u0103ng v\u00e0 hi\u1ec7u qu\u1ea3 chi ph\u00ed c\u1ee7a n\u00f3, l\u00e0m cho n\u00f3 tr\u1edf th\u00e0nh m\u1ed9t l\u1ef1a ch\u1ecdn l\u00fd t\u01b0\u1edfng cho c\u1ea3 nh\u00e0 s\u1ea3n xu\u1ea5t v\u00e0 ng\u01b0\u1eddi ti\u00eau d\u00f9ng. Khi ng\u00e0nh m\u1ef9 ph\u1ea9m ti\u1ebfp t\u1ee5c ph\u00e1t tri\u1ec3n, c\u00e1c gi\u1ea3i ph\u00e1p \u0111\u00f3ng g\u00f3i s\u00e1ng t\u1ea1o nh\u01b0 th\u1ebf n\u00e0y ch\u1eafc ch\u1eafn s\u1ebd \u0111\u00f3ng m\u1ed9t vai tr\u00f2 quan tr\u1ecdng trong \u0111\u1ecbnh h\u00ecnh t\u01b0\u01a1ng lai c\u1ee7a c\u00e1c s\u1ea3n ph\u1ea9m l\u00e0m \u0111\u1eb9p.<\/p>\n<p><img loading=\"lazy\" decoding=\"async\" class=\"alignnone size-full wp-image-1347\" src=\"https:\/\/www.cosmepak.com\/wp-content\/uploads\/2024\/12\/\u9996\u987519202_03.jpg\" alt=\"\" width=\"1920\" height=\"885\" srcset=\"https:\/\/www.cosmepak.com\/wp-content\/uploads\/2024\/12\/\u9996\u987519202_03.jpg 1920w, https:\/\/www.cosmepak.com\/wp-content\/uploads\/2024\/12\/\u9996\u987519202_03-300x138.jpg 300w, https:\/\/www.cosmepak.com\/wp-content\/uploads\/2024\/12\/\u9996\u987519202_03-1024x472.jpg 1024w, https:\/\/www.cosmepak.com\/wp-content\/uploads\/2024\/12\/\u9996\u987519202_03-768x354.jpg 768w, https:\/\/www.cosmepak.com\/wp-content\/uploads\/2024\/12\/\u9996\u987519202_03-1536x708.jpg 1536w, https:\/\/www.cosmepak.com\/wp-content\/uploads\/2024\/12\/\u9996\u987519202_03-600x277.jpg 600w\" sizes=\"(max-width: 1920px) 100vw, 1920px\" \/> <img loading=\"lazy\" decoding=\"async\" class=\"alignnone size-full wp-image-1348\" src=\"https:\/\/www.cosmepak.com\/wp-content\/uploads\/2024\/12\/\u9996\u987519202_04.jpg\" alt=\"\" width=\"1920\" height=\"694\" srcset=\"https:\/\/www.cosmepak.com\/wp-content\/uploads\/2024\/12\/\u9996\u987519202_04.jpg 1920w, https:\/\/www.cosmepak.com\/wp-content\/uploads\/2024\/12\/\u9996\u987519202_04-300x108.jpg 300w, https:\/\/www.cosmepak.com\/wp-content\/uploads\/2024\/12\/\u9996\u987519202_04-1024x370.jpg 1024w, https:\/\/www.cosmepak.com\/wp-content\/uploads\/2024\/12\/\u9996\u987519202_04-768x278.jpg 768w, https:\/\/www.cosmepak.com\/wp-content\/uploads\/2024\/12\/\u9996\u987519202_04-1536x555.jpg 1536w, https:\/\/www.cosmepak.com\/wp-content\/uploads\/2024\/12\/\u9996\u987519202_04-600x217.jpg 600w\" sizes=\"(max-width: 1920px) 100vw, 1920px\" \/><\/p>\n<p><img loading=\"lazy\" decoding=\"async\" class=\"alignnone size-full wp-image-1350\" src=\"https:\/\/www.cosmepak.com\/wp-content\/uploads\/2024\/12\/\u9996\u987519202_05-1.jpg\" alt=\"\" width=\"1920\" height=\"970\" srcset=\"https:\/\/www.cosmepak.com\/wp-content\/uploads\/2024\/12\/\u9996\u987519202_05-1.jpg 1920w, https:\/\/www.cosmepak.com\/wp-content\/uploads\/2024\/12\/\u9996\u987519202_05-1-300x152.jpg 300w, https:\/\/www.cosmepak.com\/wp-content\/uploads\/2024\/12\/\u9996\u987519202_05-1-1024x517.jpg 1024w, https:\/\/www.cosmepak.com\/wp-content\/uploads\/2024\/12\/\u9996\u987519202_05-1-768x388.jpg 768w, https:\/\/www.cosmepak.com\/wp-content\/uploads\/2024\/12\/\u9996\u987519202_05-1-1536x776.jpg 1536w, https:\/\/www.cosmepak.com\/wp-content\/uploads\/2024\/12\/\u9996\u987519202_05-1-600x303.jpg 600w\" sizes=\"(max-width: 1920px) 100vw, 1920px\" \/><\/p>\n<p><img loading=\"lazy\" decoding=\"async\" class=\"alignnone wp-image-1351\" src=\"https:\/\/www.cosmepak.com\/wp-content\/uploads\/2024\/12\/\u7269\u6d41\u8fd0\u8f93\u753b\u9762-2.jpg\" alt=\"\" width=\"1424\" height=\"1068\" srcset=\"https:\/\/www.cosmepak.com\/wp-content\/uploads\/2024\/12\/\u7269\u6d41\u8fd0\u8f93\u753b\u9762-2.jpg 800w, https:\/\/www.cosmepak.com\/wp-content\/uploads\/2024\/12\/\u7269\u6d41\u8fd0\u8f93\u753b\u9762-2-300x225.jpg 300w, https:\/\/www.cosmepak.com\/wp-content\/uploads\/2024\/12\/\u7269\u6d41\u8fd0\u8f93\u753b\u9762-2-768x576.jpg 768w, https:\/\/www.cosmepak.com\/wp-content\/uploads\/2024\/12\/\u7269\u6d41\u8fd0\u8f93\u753b\u9762-2-600x450.jpg 600w\" sizes=\"(max-width: 1424px) 100vw, 1424px\" \/><\/p>\n<table style=\"border-collapse: collapse; width: 100%; height: 144px;\">\n<tbody>\n<tr style=\"height: 24px;\">\n<td style=\"width: 33.3333%; text-align: center; height: 24px;\"><span style=\"font-size: 14pt;\"><strong>Th\u1ec3 hi\u1ec7n<\/strong><\/span><\/td>\n<td style=\"width: 33.3333%; text-align: center; height: 24px;\"><span style=\"font-size: 14pt;\"><strong>V\u1eadn chuy\u1ec3n h\u00e0ng kh\u00f4ng<\/strong><\/span><\/td>\n<td style=\"width: 33.3333%; text-align: center; height: 24px;\"><span style=\"font-size: 14pt;\"><strong>V\u1eadn chuy\u1ec3n bi\u1ec3n<\/strong><\/span><\/td>\n<\/tr>\n<tr style=\"height: 24px;\">\n<td style=\"width: 33.3333%; text-align: center; height: 24px;\">Ch\u00e2u \u00c2u 4-6 ng\u00e0y<\/td>\n<td style=\"width: 33.3333%; text-align: center; height: 24px;\">Ch\u00e2u \u00c2u 4-6 ng\u00e0y<\/td>\n<td style=\"width: 33.3333%; text-align: center; height: 24px;\">Ch\u00e2u \u00c2u 25-35 ng\u00e0y<\/td>\n<\/tr>\n<tr style=\"height: 24px;\">\n<td style=\"width: 33.3333%; text-align: center; height: 24px;\">Morth M\u1ef9 4-6 ng\u00e0y<\/td>\n<td style=\"width: 33.3333%; text-align: center; height: 24px;\">Morth M\u1ef9 4-6 ng\u00e0y<\/td>\n<td style=\"width: 33.3333%; text-align: center; height: 24px;\">Morth M\u1ef9 25-35 ng\u00e0y<\/td>\n<\/tr>\n<tr style=\"height: 24px;\">\n<td style=\"width: 33.3333%; text-align: center; height: 24px;\">\u0110\u00f4ng Nam \u00c1 3-5 ng\u00e0y<\/td>\n<td style=\"width: 33.3333%; text-align: center; height: 24px;\">\u0110\u00f4ng Nam \u00c1 3-5 ng\u00e0y<\/td>\n<td style=\"width: 33.3333%; text-align: center; height: 24px;\">\u0110\u00f4ng Nam \u00c1 25-35 ng\u00e0y<\/td>\n<\/tr>\n<tr style=\"height: 24px;\">\n<td style=\"width: 33.3333%; text-align: center; height: 24px;\">Trung \u0110\u00f4ng 4-6 ng\u00e0y<\/td>\n<td style=\"width: 33.3333%; text-align: center; height: 24px;\">Trung \u0110\u00f4ng 4-6 ng\u00e0y<\/td>\n<td style=\"width: 33.3333%; text-align: center; height: 24px;\">Trung \u0110\u00f4ng 25-35 ng\u00e0y<\/td>\n<\/tr>\n<tr style=\"height: 24px;\">\n<td style=\"width: 33.3333%; text-align: center; height: 24px;\">Nam Phi 5-8 ng\u00e0y<\/td>\n<td style=\"width: 33.3333%; text-align: center; height: 24px;\">Nam Phi 5-8 ng\u00e0y<\/td>\n<td style=\"width: 33.3333%; text-align: center; height: 24px;\">Nam Phi 25-35 ng\u00e0y<\/td>\n<\/tr>\n<\/tbody>\n<\/table>\n<p><span style=\"font-size: 14pt;\"><strong>C\u00e2u h\u1ecfi th\u01b0\u1eddng g\u1eb7p:\u00a0<\/strong><\/span><\/p>\n<h3 id=\"why-should-you-buy-from-us-instead-of-other-suppliers\" class=\"ai-center-markdown-h3\" data-spm-anchor-id=\"a2700.micro_cgs_home.0.i14.6e743e5ftETPZu\">T\u1ea1i sao b\u1ea1n n\u00ean mua t\u1eeb ch\u00fang t\u00f4i thay v\u00ec c\u00e1c nh\u00e0 cung c\u1ea5p kh\u00e1c?<\/h3>\n<p class=\"ai-center-markdown-p\"><strong class=\"ai-center-markdown-strong\">Thi\u1ebft k\u1ebf t\u00f9y ch\u1ec9nh ch\u1ec9 trong 3 ph\u00fat:<\/strong>\u00a0D\u1ecbch v\u1ee5 thi\u1ebft k\u1ebf nhanh ch\u00f3ng v\u00e0 hi\u1ec7u qu\u1ea3 ph\u00f9 h\u1ee3p v\u1edbi nhu c\u1ea7u c\u1ee7a b\u1ea1n.<\/p>\n<p class=\"ai-center-markdown-p\"><strong class=\"ai-center-markdown-strong\">D\u1ecbch v\u1ee5 tr\u1ef1c tuy\u1ebfn 24\/7:<\/strong>\u00a0Lu\u00f4n s\u1eb5n s\u00e0ng gi\u00fap \u0111\u1ee1 b\u1ea1n, b\u1ea5t k\u1ec3 th\u1eddi gian.<\/p>\n<p class=\"ai-center-markdown-p\"><strong class=\"ai-center-markdown-strong\">Nhanh m\u1eabu quay l\u1ea1i:<\/strong>\u00a0M\u1eabu c\u1ed5 phi\u1ebfu c\u00f3 s\u1eb5n trong 7 ng\u00e0y, m\u1eabu in t\u00f9y ch\u1ec9nh trong 15 ng\u00e0y.<\/p>\n<p class=\"ai-center-markdown-p\"><strong class=\"ai-center-markdown-strong\">Th\u1eddi gian d\u1eabn \u0111\u00e1ng tin c\u1eady:<\/strong>\u00a0Th\u1eddi gian d\u1eabn \u0111\u1ea7u 35 ng\u00e0y nh\u1ea5t qu\u00e1n cho \u0111\u01a1n \u0111\u1eb7t h\u00e0ng c\u1ee7a b\u1ea1n.<\/p>\n<p class=\"ai-center-markdown-p\"><strong class=\"ai-center-markdown-strong\">Chuy\u00ean m\u00f4n \u0111\u01b0\u1ee3c ch\u1ee9ng minh:<\/strong>\u00a0H\u01a1n 10 n\u0103m kinh nghi\u1ec7m trong ng\u00e0nh c\u00f4ng nghi\u1ec7p \u0111\u00f3ng g\u00f3i m\u1ef9 ph\u1ea9m.<\/p>\n<p class=\"ai-center-markdown-p\"><strong class=\"ai-center-markdown-strong\">Nh\u00e0 m\u00e1y tr\u1ef1c ti\u1ebfp:<\/strong>\u00a0Gi\u00e1 v\u00e0 d\u1ecbch v\u1ee5 t\u1ed1t nh\u1ea5t tr\u1ef1c ti\u1ebfp t\u1eeb nh\u00e0 m\u00e1y c\u1ee7a ch\u00fang t\u00f4i.<\/p>\n<p class=\"ai-center-markdown-p\"><strong class=\"ai-center-markdown-strong\">Gi\u1ea3i ph\u00e1p to\u00e0n di\u1ec7n:<\/strong>\u00a0Gi\u1ea3i ph\u00e1p m\u1ed9t c\u1eeda cho t\u1ea5t c\u1ea3 nhu c\u1ea7u \u0111\u00f3ng g\u00f3i m\u1ef9 ph\u1ea9m c\u1ee7a b\u1ea1n.<\/p>\n<h3 id=\"who-are-we\" class=\"ai-center-markdown-h3\">Ch\u00fang t\u00f4i l\u00e0 ai?<\/h3>\n<p class=\"ai-center-markdown-p\">Ch\u00fang t\u00f4i l\u00e0 m\u1ed9t c\u00f4ng ty \u0111\u00f3ng g\u00f3i m\u1ef9 ph\u1ea9m c\u00f3 tr\u1ee5 s\u1edf t\u1ea1i Zhejiang, Trung Qu\u1ed1c, \u0111\u01b0\u1ee3c th\u00e0nh l\u1eadp v\u00e0o n\u0103m 2014. C\u00e1c th\u1ecb tr\u01b0\u1eddng ch\u00ednh c\u1ee7a ch\u00fang t\u00f4i bao g\u1ed3m:<\/p>\n<div class=\"ai-center-markdown-table-scroll-container\">\n<table class=\"ai-center-markdown-table\">\n<thead class=\"ai-center-markdown-thead\">\n<tr class=\"ai-center-markdown-tr\">\n<th class=\"ai-center-markdown-th\" width=\"fit-content\">Khu v\u1ef1c<\/th>\n<th class=\"ai-center-markdown-th\" width=\"fit-content\">T\u1ef7 l\u1ec7 th\u1ecb tr\u01b0\u1eddng<\/th>\n<\/tr>\n<\/thead>\n<tbody class=\"ai-center-markdown-tbody\">\n<tr class=\"ai-center-markdown-tr\">\n<td class=\"ai-center-markdown-td\" width=\"fit-content\">Th\u1ecb tr\u01b0\u1eddng n\u1ed9i \u0111\u1ecba<\/td>\n<td class=\"ai-center-markdown-td\" width=\"fit-content\">70%<\/td>\n<\/tr>\n<tr class=\"ai-center-markdown-tr\">\n<td class=\"ai-center-markdown-td\" width=\"fit-content\">\u0110\u1ea1i D\u01b0\u01a1ng<\/td>\n<td class=\"ai-center-markdown-td\" width=\"fit-content\">8%<\/td>\n<\/tr>\n<tr class=\"ai-center-markdown-tr\">\n<td class=\"ai-center-markdown-td\" width=\"fit-content\">Trung \u0110\u00f4ng<\/td>\n<td class=\"ai-center-markdown-td\" width=\"fit-content\">7%<\/td>\n<\/tr>\n<tr class=\"ai-center-markdown-tr\">\n<td class=\"ai-center-markdown-td\" width=\"fit-content\">\u0110\u00f4ng \u00c1<\/td>\n<td class=\"ai-center-markdown-td\" width=\"fit-content\">2%<\/td>\n<\/tr>\n<tr class=\"ai-center-markdown-tr\">\n<td class=\"ai-center-markdown-td\" width=\"fit-content\">B\u1eafc M\u1ef9<\/td>\n<td class=\"ai-center-markdown-td\" width=\"fit-content\">2%<\/td>\n<\/tr>\n<tr class=\"ai-center-markdown-tr\">\n<td class=\"ai-center-markdown-td\" width=\"fit-content\">T\u00e2y \u00c2u<\/td>\n<td class=\"ai-center-markdown-td\" width=\"fit-content\">2%<\/td>\n<\/tr>\n<tr class=\"ai-center-markdown-tr\">\n<td class=\"ai-center-markdown-td\" width=\"fit-content\">\u0110\u00f4ng Nam \u00c1<\/td>\n<td class=\"ai-center-markdown-td\" width=\"fit-content\">2%<\/td>\n<\/tr>\n<tr class=\"ai-center-markdown-tr\">\n<td class=\"ai-center-markdown-td\" width=\"fit-content\">Nam \u00c1<\/td>\n<td class=\"ai-center-markdown-td\" width=\"fit-content\">1%<\/td>\n<\/tr>\n<tr class=\"ai-center-markdown-tr\">\n<td class=\"ai-center-markdown-td\" width=\"fit-content\">Nam M\u1ef9<\/td>\n<td class=\"ai-center-markdown-td\" width=\"fit-content\">1%<\/td>\n<\/tr>\n<tr class=\"ai-center-markdown-tr\">\n<td class=\"ai-center-markdown-td\" width=\"fit-content\">Nam \u00c2u<\/td>\n<td class=\"ai-center-markdown-td\" width=\"fit-content\">1%<\/td>\n<\/tr>\n<tr class=\"ai-center-markdown-tr\">\n<td class=\"ai-center-markdown-td\" width=\"fit-content\">Trung M\u1ef9<\/td>\n<td class=\"ai-center-markdown-td\" width=\"fit-content\">1%<\/td>\n<\/tr>\n<tr class=\"ai-center-markdown-tr\">\n<td class=\"ai-center-markdown-td\" width=\"fit-content\">B\u1eafc \u00c2u<\/td>\n<td class=\"ai-center-markdown-td\" width=\"fit-content\">1%<\/td>\n<\/tr>\n<tr class=\"ai-center-markdown-tr\">\n<td class=\"ai-center-markdown-td\" width=\"fit-content\">Ch\u00e2u Phi<\/td>\n<td class=\"ai-center-markdown-td\" width=\"fit-content\">1%<\/td>\n<\/tr>\n<tr class=\"ai-center-markdown-tr\">\n<td class=\"ai-center-markdown-td\" width=\"fit-content\">\u0110\u00f4ng \u00c2u<\/td>\n<td class=\"ai-center-markdown-td\" width=\"fit-content\">1%<\/td>\n<\/tr>\n<\/tbody>\n<\/table>\n<\/div>\n<h3 id=\"how-can-we-guarantee-quality\" class=\"ai-center-markdown-h3\">L\u00e0m th\u1ebf n\u00e0o \u0111\u1ec3 \u0111\u1ea3m b\u1ea3o ch\u1ea5t l\u01b0\u1ee3ng?<\/h3>\n<ul class=\"ai-center-markdown-ul\">\n<li class=\"ai-center-markdown-li\"><strong class=\"ai-center-markdown-strong\">M\u1eabu tr\u01b0\u1edbc s\u1ea3n xu\u1ea5t:<\/strong>\u00a0Lu\u00f4n \u0111\u01b0\u1ee3c cung c\u1ea5p tr\u01b0\u1edbc khi s\u1ea3n xu\u1ea5t h\u00e0ng lo\u1ea1t.<\/li>\n<li class=\"ai-center-markdown-li\"><strong class=\"ai-center-markdown-strong\">Ki\u1ec3m tra cu\u1ed1i c\u00f9ng:<\/strong>\u00a0Ki\u1ec3m tra to\u00e0n di\u1ec7n tr\u01b0\u1edbc khi v\u1eadn chuy\u1ec3n.<\/li>\n<\/ul>\n<h3 id=\"what-can-you-buy-from-us\" class=\"ai-center-markdown-h3\">B\u1ea1n c\u00f3 th\u1ec3 mua g\u00ec t\u1eeb ch\u00fang t\u00f4i?<\/h3>\n<ul class=\"ai-center-markdown-ul\">\n<li class=\"ai-center-markdown-li\">Chai th\u1ee7y tinh<\/li>\n<li class=\"ai-center-markdown-li\">Chai nh\u1ef1a \/ l\u1ecd \/ \u1ed1ng<\/li>\n<li class=\"ai-center-markdown-li\">Chai nh\u00f4m \/ l\u1ecd \/ \u1ed1ng<\/li>\n<li class=\"ai-center-markdown-li\">V\u1eadt li\u1ec7u \u0111\u00f3ng g\u00f3i m\u1ef9 ph\u1ea9m kh\u00e1c nhau<\/li>\n<\/ul>\n<h3 id=\"what-services-can-we-provide\" class=\"ai-center-markdown-h3\">Ch\u00fang t\u00f4i c\u00f3 th\u1ec3 cung c\u1ea5p d\u1ecbch v\u1ee5 g\u00ec?<\/h3>\n<ul class=\"ai-center-markdown-ul\">\n<li class=\"ai-center-markdown-li\"><strong class=\"ai-center-markdown-strong\">\u0110i\u1ec1u kho\u1ea3n giao h\u00e0ng:<\/strong>\u00a0FOB, CFR, CIF<\/li>\n<li class=\"ai-center-markdown-li\"><strong class=\"ai-center-markdown-strong\">Ti\u1ec1n t\u1ec7 thanh to\u00e1n:<\/strong>\u00a0USD, EUR, HKD, CNY<\/li>\n<li class=\"ai-center-markdown-li\"><strong class=\"ai-center-markdown-strong\">Lo\u1ea1i thanh to\u00e1n:<\/strong>\u00a0T \/ T, L \/ C, D \/ P, D \/ A<\/li>\n<\/ul>","protected":false},"excerpt":{"rendered":"<p>V\u1eadt li\u1ec7u: ABS<\/p>\n<p>Capacity: 3.5g<\/p>\n<p>Size: 85*18.5mm<\/p>\n<p>M\u00e0u s\u1eafc: Ch\u1ea5p nh\u1eadn t\u00f9y ch\u1ec9nh (b\u1ea5t k\u1ef3 m\u00e0u pantone n\u00e0o c\u00f3 s\u1eb5n)<\/p>\n<p>Ho\u00e0n thi\u1ec7n b\u1ec1 m\u1eb7t: in m\u00e0n h\u00ecnh, d\u1eadp n\u00f3ng, ho\u00e0n thi\u1ec7n m\u1edd, v.v.<\/p>\n<p>MOQ: 10000pcs<\/p>\n<p>M\u1eabu: c\u00f3 s\u1eb5n m\u1eabu mi\u1ec5n ph\u00ed<\/p>\n<p>&nbsp;<\/p>\n<p>&nbsp;<\/p>","protected":false},"featured_media":1437,"comment_status":"closed","ping_status":"closed","template":"","meta":{"_acf_changed":false},"product_brand":[],"product_cat":[53,36],"product_tag":[39],"class_list":{"0":"post-1435","1":"product","2":"type-product","3":"status-publish","4":"has-post-thumbnail","6":"product_cat-lipstick-tube","7":"product_cat-makeup","8":"product_tag-makeup","10":"first","11":"outofstock","12":"shipping-taxable","13":"product-type-simple"},"acf":[],"_links":{"self":[{"href":"https:\/\/www.cosmepak.com\/vi\/wp-json\/wp\/v2\/product\/1435","targetHints":{"allow":["GET"]}}],"collection":[{"href":"https:\/\/www.cosmepak.com\/vi\/wp-json\/wp\/v2\/product"}],"about":[{"href":"https:\/\/www.cosmepak.com\/vi\/wp-json\/wp\/v2\/types\/product"}],"replies":[{"embeddable":true,"href":"https:\/\/www.cosmepak.com\/vi\/wp-json\/wp\/v2\/comments?post=1435"}],"wp:featuredmedia":[{"embeddable":true,"href":"https:\/\/www.cosmepak.com\/vi\/wp-json\/wp\/v2\/media\/1437"}],"wp:attachment":[{"href":"https:\/\/www.cosmepak.com\/vi\/wp-json\/wp\/v2\/media?parent=1435"}],"wp:term":[{"taxonomy":"product_brand","embeddable":true,"href":"https:\/\/www.cosmepak.com\/vi\/wp-json\/wp\/v2\/product_brand?post=1435"},{"taxonomy":"product_cat","embeddable":true,"href":"https:\/\/www.cosmepak.com\/vi\/wp-json\/wp\/v2\/product_cat?post=1435"},{"taxonomy":"product_tag","embeddable":true,"href":"https:\/\/www.cosmepak.com\/vi\/wp-json\/wp\/v2\/product_tag?post=1435"}],"curies":[{"name":"WP","href":"https:\/\/api.w.org\/{rel}","templated":true}]}}