{"id":1442,"date":"2025-03-27T14:01:12","date_gmt":"2025-03-27T06:01:12","guid":{"rendered":"https:\/\/www.cosmepak.com\/?post_type=product&#038;p=1442"},"modified":"2025-10-21T15:02:57","modified_gmt":"2025-10-21T07:02:57","slug":"lip-gloss-tube-cartoon-lipstick-tube-jaunce","status":"publish","type":"product","link":"https:\/\/www.cosmepak.com\/vi\/product\/lip-gloss-tube-cartoon-lipstick-tube-jaunce\/","title":{"rendered":"\u1ed0ng son m\u00f4i \u1ed1ng son b\u00f3ng \/Jaunce \u1ed1ng son m\u00f4i"},"content":{"rendered":"<table style=\"border-collapse: collapse; width: 100%; height: 216px;\">\n<tbody>\n<tr style=\"height: 24px;\">\n<td style=\"width: 50.8254%; height: 24px; text-align: center;\">Th\u01b0\u01a1ng hi\u1ec7u<\/td>\n<td style=\"width: 49.1746%; height: 24px; text-align: center;\">\u00a0Jaunce<\/td>\n<\/tr>\n<tr style=\"height: 24px;\">\n<td style=\"width: 50.8254%; height: 24px; text-align: center;\">Dung t\u00edch<\/td>\n<td style=\"width: 49.1746%; height: 24px; text-align: center;\">3.5g<\/td>\n<\/tr>\n<tr style=\"height: 24px;\">\n<td style=\"width: 50.8254%; height: 24px; text-align: center;\">H\u00ecnh d\u1ea1ng<\/td>\n<td style=\"width: 49.1746%; height: 24px; text-align: center;\">Tr\u00f2n<\/td>\n<\/tr>\n<tr style=\"height: 24px;\">\n<td style=\"width: 50.8254%; height: 24px; text-align: center;\">K\u00edch c\u1ee1<\/td>\n<td style=\"width: 49.1746%; height: 24px; text-align: center;\">26*79mm<\/td>\n<\/tr>\n<tr style=\"height: 24px;\">\n<td style=\"width: 50.8254%; height: 24px; text-align: center;\">Ph\u00f9 h\u1ee3p<\/td>\n<td style=\"width: 49.1746%; height: 24px; text-align: center;\">\u00a0N\u1eafp<\/td>\n<\/tr>\n<tr style=\"height: 24px;\">\n<td style=\"width: 50.8254%; height: 24px; text-align: center;\">Ng\u01b0\u1eddi m\u1eabu<\/td>\n<td style=\"width: 49.1746%; height: 24px; text-align: center;\">S\u1ea3n ph\u1ea9m JH-JZ-3321AB<\/td>\n<\/tr>\n<tr style=\"height: 24px;\">\n<td style=\"width: 50.8254%; height: 24px; text-align: center;\">S\u1ea3n ph\u1ea9m OEM \/ ODM<\/td>\n<td style=\"width: 49.1746%; height: 24px; text-align: center;\">Ch\u1ea5p nh\u1eadn<\/td>\n<\/tr>\n<tr style=\"height: 24px;\">\n<td style=\"width: 50.8254%; height: 24px; text-align: center;\">M\u00e0u s\u1eafc<\/td>\n<td style=\"width: 49.1746%; height: 24px; text-align: center;\">T\u00f9y ch\u1ec9nh<\/td>\n<\/tr>\n<tr style=\"height: 24px;\">\n<td style=\"width: 50.8254%; height: 24px; text-align: center;\">MOQ<\/td>\n<td style=\"width: 49.1746%; height: 24px; text-align: center;\">10000pcs<\/td>\n<\/tr>\n<\/tbody>\n<\/table>\n<p><img fetchpriority=\"high\" decoding=\"async\" class=\"size-full wp-image-3153 aligncenter\" src=\"https:\/\/www.cosmepak.com\/wp-content\/uploads\/2025\/03\/\u8be6\u60c5-4-1.jpg\" alt=\"\" width=\"1000\" height=\"1000\" srcset=\"https:\/\/www.cosmepak.com\/wp-content\/uploads\/2025\/03\/\u8be6\u60c5-4-1.jpg 1000w, https:\/\/www.cosmepak.com\/wp-content\/uploads\/2025\/03\/\u8be6\u60c5-4-1-300x300.jpg 300w, https:\/\/www.cosmepak.com\/wp-content\/uploads\/2025\/03\/\u8be6\u60c5-4-1-150x150.jpg 150w, https:\/\/www.cosmepak.com\/wp-content\/uploads\/2025\/03\/\u8be6\u60c5-4-1-768x768.jpg 768w, https:\/\/www.cosmepak.com\/wp-content\/uploads\/2025\/03\/\u8be6\u60c5-4-1-12x12.jpg 12w, https:\/\/www.cosmepak.com\/wp-content\/uploads\/2025\/03\/\u8be6\u60c5-4-1-600x600.jpg 600w, https:\/\/www.cosmepak.com\/wp-content\/uploads\/2025\/03\/\u8be6\u60c5-4-1-100x100.jpg 100w\" sizes=\"(max-width: 1000px) 100vw, 1000px\" \/><\/p>\n<pre class=\"tw-data-text tw-text-large tw-ta\" dir=\"ltr\" tabindex=\"-1\" role=\"text\" data-placeholder=\"\u7ffb\u8bd1\" data-ved=\"2ahUKEwjk97uj2bSQAxWBmSYFHepFCjwQ3ewLegQIChAW\" aria-label=\"\u8bd1\u6587\uff1a Xu\u1ea5t hi\u1ec7n d\u1ec5 th\u01b0\u01a1ng v\u00e0 b\u1eaft m\u1eaft B\u00e0n m\u00e0u t\u1ed5ng th\u1ec3 l\u00e0 c\u00f4 g\u00e1i v\u00e0 d\u1ecbu d\u00e0ng, chuy\u1ec3n \u0111\u1ed5i t\u1eeb m\u00e0u h\u1ed3ng nh\u1eb9 sang m\u00e0u h\u1ed3ng m\u1ec1m m\u1ea1i. K\u1ebft th\u00fac m\u1edd m\u1ecbn v\u00e0 tinh t\u1ebf khi ch\u1ea1m v\u00e0o, ch\u1ed1ng d\u1ea5u v\u00e2n tay. Thi\u1ebft k\u1ebf n\u1eafp l\u00e0 k\u1ebft th\u00fac ch\u1ea1m. C\u00e1c nh\u00e2n v\u1eadt ho\u1ea1t h\u00ecnh 3D s\u1ed1ng \u0111\u1ed9ng, cho d\u00f9 l\u00e0 g\u1ea5u m\u1eadp m\u1eadp ho\u1eb7c thi\u1ebft k\u1ebf th\u1ecf vui ch\u01a1i, \u0111\u1ea7y \u0111\u1ee7 thi\u1ebft k\u1ebf th\u00f4ng minh. N\u00f3 ngay l\u1eadp t\u1ee9c tr\u1edf th\u00e0nh m\u1ed9t b\u1ed5 sung \u0111\u1eb9p cho b\u00e0n \u0103n m\u1eb7c c\u1ee7a b\u1ea1n, v\u00e0 khi b\u1ea1n c\u1ea7n ch\u1ea1m v\u00e0o trang \u0111i\u1ec3m c\u1ee7a m\u00ecnh, b\u1ea1n c\u00f3 th\u1ec3 d\u1ec5 d\u00e0ng lo\u1ea1i b\u1ecf n\u00f3 \u0111\u1ec3 ch\u1ea1m v\u00e0o, th\u00eam m\u1ed9t ch\u00fat d\u1ec5 th\u01b0\u01a1ng.\"><span class=\"Y2IQFc\" lang=\"en\">M\u1ed9t c\u00f3 h\u00ecnh d\u1ea1ng \u0111\u1ea7u h\u00e0nh t\u00e2y, v\u00e0 c\u00e1i kia c\u00f3 h\u00ecnh d\u1ea1ng b\u00fap b\u00ea d\u1ec5 th\u01b0\u01a1ng. N\u00f3 \u0111\u1ea7y quy\u1ebfn r\u0169 tr\u1ebb em. <strong>\r\nXu\u1ea5t hi\u1ec7n d\u1ec5 th\u01b0\u01a1ng v\u00e0 b\u1eaft m\u1eaft<\/strong>\r\nB\u00e0n m\u00e0u t\u1ed5ng th\u1ec3 l\u00e0 g\u00e1i v\u00e0 d\u1ecbu d\u00e0ng, n\u00f3 c\u00f3 th\u1ec3 t\u00f9y ch\u1ec9nh v\u1edbi b\u1ea5t k\u1ef3 m\u00e0u panton n\u00e0o. K\u1ebft th\u00fac m\u1edd m\u1ecbn v\u00e0 tinh t\u1ebf khi ch\u1ea1m v\u00e0o, ch\u1ed1ng d\u1ea5u v\u00e2n tay. Thi\u1ebft k\u1ebf n\u1eafp l\u00e0 k\u1ebft th\u00fac ch\u1ea1m. C\u00e1c nh\u00e2n v\u1eadt ho\u1ea1t h\u00ecnh 3D s\u1ed1ng \u0111\u1ed9ng, cho d\u00f9 l\u00e0 g\u1ea5u m\u1eadp m\u1eadp ho\u1eb7c thi\u1ebft k\u1ebf th\u1ecf vui ch\u01a1i, \u0111\u1ea7y \u0111\u1ee7 thi\u1ebft k\u1ebf th\u00f4ng minh. N\u00f3 ngay l\u1eadp t\u1ee9c tr\u1edf th\u00e0nh m\u1ed9t b\u1ed5 sung \u0111\u1eb9p cho b\u00e0n \u0103n m\u1eb7c c\u1ee7a b\u1ea1n, v\u00e0 khi b\u1ea1n c\u1ea7n ch\u1ea1m v\u00e0o trang \u0111i\u1ec3m c\u1ee7a m\u00ecnh, b\u1ea1n c\u00f3 th\u1ec3 d\u1ec5 d\u00e0ng lo\u1ea1i b\u1ecf n\u00f3 \u0111\u1ec3 ch\u1ea1m v\u00e0o, th\u00eam m\u1ed9t ch\u00fat d\u1ec5 th\u01b0\u01a1ng.\r\n<\/span><\/pre>\n<div id=\"tw-container\" class=\"nev7se\" data-cp=\"1\" data-nnttsvi=\"1\" data-ntl-tooltip=\"true\" data-sletp=\"false\" data-sm=\"1\" data-ssbp=\"true\" data-sugg-time=\"500\" data-sugg-url=\"https:\/\/clients1.google.com\/complete\/search\" data-uilc=\"zh-CN\" data-vil=\",af,af-ZA,am,am-ET,ar-EG,ar-AE,ar-KW,ar-QA,ar,ar-IL,ar-JO,ar-LB,ar-PS,az,az-AZ,bg,bg-BG,bn,bn-BD,bn-IN,ca,ca-es,cs,cs-CZ,de,de-DE,de-CH,de-AT,de-LI,en,en-US,en-CA,en-AU,en-NZ,en-GB,en-IN,en-KE,en-TZ,en-NG,en-GH,en-PH,en-ZA,es,es-ES,es-AR,es-UY,es-419,es-BO,es-CL,es-CR,es-CO,es-DO,es-EC,es-GT,es-HN,es-NI,es-PA,es-PE,es-PR,es-PY,es-SV,es-VE,es-MX,es-US,eu,eu-ES,fi,fi-FI,fr,fr-FR,fr-CH,fr-BE,gl,gl-ES,gu,gu-IN,he,he-IL,iw,iw-IL,hu,hu-HU,hy,hy-AM,id,id-ID,is,is-IS,it,it-IT,it-CH,ja,ja-JP,jv,jv-ID,ka,ka-GE,km,km-KH,kn,kn-IN,ko,ko-KR,la,lo,lo-LA,lv,lv-LV,ml,ml-IN,mr,mr-IN,ms,ms-MY,nl,nl-NL,nb,nb-NO,ne,ne-NP,pl,pl-PL,pt,pt-BR,pt-PT,ro,ro-RO,ru,ru-RU,si-LK,sk,sk-SK,sr,sr-RS,su,su-ID,sv,sv-SE,sw,sw-TZ,sw-KE,ta,ta-IN,ta-SG,ta-LK,ta-MY,te,te-IN,tr,tr-TR,ur,ur-PK,ur-IN,yue,yue-HK,yue-Hant-HK,zh-HK,zh,zh-CN,zh-cmn,zh-cmn-CN,zh-Hans,zh-Hans-CN,zh-cmn-Hans,zh-cmn-Hans-CN,cmn-CN,cmn-Hans,cmn-Hans-CN,zh-TW,zh-Hant-TW,cmn-TW,cmn-Hant-TW,zh-cmn-TW,zh-cmn-Hant-TW,zu,zu-ZA,hi,hi-IN,tl,tl-PH,pa,pa-IN\">\n<div id=\"tw-ob\" class=\"tw-src-ltr\">\n<div class=\"oSioSc\">\n<div id=\"tw-target\">\n<div id=\"kAz1tf\" class=\"g9WsWb PZPZlf\" data-attrid=\"tw-targetArea\" data-entityname=\"Google Translate\">\n<div id=\"tw-target-text-container\" class=\"tw-ta-container tw-nfl\" tabindex=\"0\" role=\"text\">\n<pre class=\"tw-data-text tw-text-large tw-ta\" dir=\"ltr\" tabindex=\"-1\" role=\"text\" data-placeholder=\"\u7ffb\u8bd1\" data-ved=\"2ahUKEwjk97uj2bSQAxWBmSYFHepFCjwQ3ewLegQIChAW\" aria-label=\"\u8bd1\u6587\uff1a K\u00edch th\u01b0\u1edbc nh\u1ecf g\u1ecdn, di \u0111\u1ed9ng v\u00e0 d\u1ec5 d\u00e0ng mang theo K\u00edch th\u01b0\u1edbc t\u1ef7 l\u1ec7 t\u1ec9 m\u1ec9 l\u00e0m cho n\u00f3 d\u1ec5 s\u1eed d\u1ee5ng v\u00e0 mang theo. \u1ed1ng son m\u00f4i c\u00f3 chi\u1ec1u d\u00e0i 79mm, cung c\u1ea5p s\u1ef1 n\u1eafm gi\u1eef tho\u1ea3i m\u00e1i v\u00e0 cho ph\u00e9p d\u1ec5 d\u00e0ng gi\u1ea3i ph\u00f3ng m\u1ed9t tay. Khu v\u1ef1c ch\u00ednh c\u00f3 \u0111\u01b0\u1eddng k\u00ednh 26mm, \u0111\u1ea1t \u0111\u01b0\u1ee3c s\u1ef1 c\u00e2n b\u1eb1ng ho\u00e0n h\u1ea3o gi\u1eefa qu\u00e1 m\u1ecfng \u0111\u1ec3 tr\u01b0\u1ee3t v\u00e0 kh\u00f4ng qu\u00e1 kh\u1ed5ng l\u1ed3 \u0111\u1ec3 chi\u1ebfm kh\u00f4ng gian. Cho d\u00f9 tr\u01b0\u1ee3t v\u00e0o m\u1ed9t t\u00fai trang \u0111i\u1ec3m mini, m\u1ed9t t\u00fai qu\u1ea7n jean nh\u1ecf, ho\u1eb7c th\u1eadm ch\u00ed trong m\u1ed9t t\u00fai x\u00e1ch, n\u00f3 d\u1ec5 d\u00e0ng ph\u00f9 h\u1ee3p cho touch-ups b\u1ea5t c\u1ee9 l\u00fac n\u00e0o, b\u1ea5t c\u1ee9 n\u01a1i n\u00e0o, \u0111\u1ea3m b\u1ea3o m\u1ed9t c\u00e1i nh\u00ecn ho\u00e0n h\u1ea3o ngay c\u1ea3 khi di chuy\u1ec3n.\"><span class=\"Y2IQFc\" lang=\"en\"><strong>K\u00edch th\u01b0\u1edbc nh\u1ecf g\u1ecdn, di \u0111\u1ed9ng v\u00e0 d\u1ec5 s\u1eed d\u1ee5ng<\/strong>\r\nK\u00edch th\u01b0\u1edbc t\u1ef7 l\u1ec7 t\u1ec9 m\u1ec9 l\u00e0m cho n\u00f3 d\u1ec5 s\u1eed d\u1ee5ng v\u00e0 mang theo. \u1ed1ng son m\u00f4i c\u00f3 chi\u1ec1u d\u00e0i 79mm, cung c\u1ea5p s\u1ef1 n\u1eafm gi\u1eef tho\u1ea3i m\u00e1i v\u00e0 cho ph\u00e9p d\u1ec5 d\u00e0ng gi\u1ea3i ph\u00f3ng m\u1ed9t tay. Khu v\u1ef1c ch\u00ednh c\u00f3 \u0111\u01b0\u1eddng k\u00ednh 26mm, \u0111\u1ea1t \u0111\u01b0\u1ee3c s\u1ef1 c\u00e2n b\u1eb1ng ho\u00e0n h\u1ea3o gi\u1eefa qu\u00e1 m\u1ecfng \u0111\u1ec3 tr\u01b0\u1ee3t v\u00e0 kh\u00f4ng qu\u00e1 kh\u1ed5ng l\u1ed3 \u0111\u1ec3 chi\u1ebfm kh\u00f4ng gian. Cho d\u00f9 tr\u01b0\u1ee3t v\u00e0o m\u1ed9t t\u00fai trang \u0111i\u1ec3m mini, m\u1ed9t t\u00fai qu\u1ea7n jean nh\u1ecf, ho\u1eb7c th\u1eadm ch\u00ed trong m\u1ed9t t\u00fai x\u00e1ch, n\u00f3 d\u1ec5 d\u00e0ng ph\u00f9 h\u1ee3p cho touch-ups b\u1ea5t c\u1ee9 l\u00fac n\u00e0o, b\u1ea5t c\u1ee9 n\u01a1i n\u00e0o, \u0111\u1ea3m b\u1ea3o m\u1ed9t c\u00e1i nh\u00ecn ho\u00e0n h\u1ea3o ngay c\u1ea3 khi di chuy\u1ec3n.\r\n<\/span><\/pre>\n<div id=\"tw-container\" class=\"nev7se\" data-cp=\"1\" data-nnttsvi=\"1\" data-ntl-tooltip=\"true\" data-sletp=\"false\" data-sm=\"1\" data-ssbp=\"true\" data-sugg-time=\"500\" data-sugg-url=\"https:\/\/clients1.google.com\/complete\/search\" data-uilc=\"zh-CN\" data-vil=\",af,af-ZA,am,am-ET,ar-EG,ar-AE,ar-KW,ar-QA,ar,ar-IL,ar-JO,ar-LB,ar-PS,az,az-AZ,bg,bg-BG,bn,bn-BD,bn-IN,ca,ca-es,cs,cs-CZ,de,de-DE,de-CH,de-AT,de-LI,en,en-US,en-CA,en-AU,en-NZ,en-GB,en-IN,en-KE,en-TZ,en-NG,en-GH,en-PH,en-ZA,es,es-ES,es-AR,es-UY,es-419,es-BO,es-CL,es-CR,es-CO,es-DO,es-EC,es-GT,es-HN,es-NI,es-PA,es-PE,es-PR,es-PY,es-SV,es-VE,es-MX,es-US,eu,eu-ES,fi,fi-FI,fr,fr-FR,fr-CH,fr-BE,gl,gl-ES,gu,gu-IN,he,he-IL,iw,iw-IL,hu,hu-HU,hy,hy-AM,id,id-ID,is,is-IS,it,it-IT,it-CH,ja,ja-JP,jv,jv-ID,ka,ka-GE,km,km-KH,kn,kn-IN,ko,ko-KR,la,lo,lo-LA,lv,lv-LV,ml,ml-IN,mr,mr-IN,ms,ms-MY,nl,nl-NL,nb,nb-NO,ne,ne-NP,pl,pl-PL,pt,pt-BR,pt-PT,ro,ro-RO,ru,ru-RU,si-LK,sk,sk-SK,sr,sr-RS,su,su-ID,sv,sv-SE,sw,sw-TZ,sw-KE,ta,ta-IN,ta-SG,ta-LK,ta-MY,te,te-IN,tr,tr-TR,ur,ur-PK,ur-IN,yue,yue-HK,yue-Hant-HK,zh-HK,zh,zh-CN,zh-cmn,zh-cmn-CN,zh-Hans,zh-Hans-CN,zh-cmn-Hans,zh-cmn-Hans-CN,cmn-CN,cmn-Hans,cmn-Hans-CN,zh-TW,zh-Hant-TW,cmn-TW,cmn-Hant-TW,zh-cmn-TW,zh-cmn-Hant-TW,zu,zu-ZA,hi,hi-IN,tl,tl-PH,pa,pa-IN\">\n<div>\n<div>\n<div id=\"tw-ob\" class=\"tw-src-ltr\">\n<div class=\"oSioSc\">\n<div id=\"tw-target\">\n<div id=\"kAz1tf\" class=\"g9WsWb PZPZlf\" data-attrid=\"tw-targetArea\" data-entityname=\"Google Translate\">\n<div id=\"tw-target-text-container\" class=\"tw-ta-container tw-nfl\" tabindex=\"0\" role=\"text\">\n<pre class=\"tw-data-text tw-text-large tw-ta\" dir=\"ltr\" tabindex=\"-1\" role=\"text\" data-placeholder=\"\u7ffb\u8bd1\" data-ved=\"2ahUKEwjk97uj2bSQAxWBmSYFHepFCjwQ3ewLegQIChAW\" aria-label=\"\u8bd1\u6587\uff1a B\u1ea3o v\u1ec7 th\u00e2n m\u1eadt, th\u1ef1c t\u1ebf v\u00e0 b\u1ec1n v\u1eefngKh\u00f4ng ch\u1ec9 tr\u00f4ng tuy\u1ec7t \u0111\u1eb9p, n\u00f3 c\u00f2n cung c\u1ea5p b\u1ea3o v\u1ec7 \u0111\u1eb7c bi\u1ec7t. N\u1eafp ph\u00f9 h\u1ee3p c\u00f3 hi\u1ec7u qu\u1ea3 c\u00e1ch ly b\u1ee5i v\u00e0 \u0111\u1ed9 \u1ea9m, cung c\u1ea5p m\u1ed9t n\u01a1i tr\u00fa \u1ea9n an to\u00e0n cho son m\u00f4i, ng\u0103n ch\u1eb7n n\u00f3 kh\u00f4 v\u00e0 suy tho\u00e1i, v\u00e0 k\u00e9o d\u00e0i tu\u1ed5i th\u1ecd c\u1ee7a n\u00f3. \u0110\u01b0\u1ee3c l\u00e0m b\u1eb1ng v\u1eadt li\u1ec7u ch\u1ea5t l\u01b0\u1ee3ng cao, b\u1ec1n, n\u00f3 ch\u1ed1ng r\u01a1i v\u00e0 ch\u1ed1ng m\u00e0i m\u00f2n, ch\u1ed1ng l\u1ea1i ngay c\u1ea3 c\u00e1c \u0111\u00f2n nh\u1ecf v\u00e0 tr\u1ea7y x\u01b0\u1edbc trong khi s\u1eed d\u1ee5ng h\u00e0ng ng\u00e0y, \u0111\u1ea3m b\u1ea3o m\u1ed9t ng\u01b0\u1eddi \u0111\u1ed3ng h\u00e0nh l\u00e2u d\u00e0i cho th\u00f3i quen l\u00e0m \u0111\u1eb9p c\u1ee7a b\u1ea1n.\"><span class=\"Y2IQFc\" lang=\"en\"><strong>B\u1ea3o v\u1ec7 th\u00e2n m\u1eadt, th\u1ef1c t\u1ebf v\u00e0 b\u1ec1n v\u1eefng<\/strong>\r\nN\u00f3 kh\u00f4ng ch\u1ec9 tr\u00f4ng tuy\u1ec7t v\u1eddi m\u00e0 c\u00f2n cung c\u1ea5p s\u1ef1 b\u1ea3o v\u1ec7 \u0111\u1eb7c bi\u1ec7t. N\u1eafp ph\u00f9 h\u1ee3p c\u00f3 hi\u1ec7u qu\u1ea3 c\u00e1ch ly b\u1ee5i v\u00e0 \u0111\u1ed9 \u1ea9m, cung c\u1ea5p m\u1ed9t n\u01a1i tr\u00fa \u1ea9n an to\u00e0n cho son m\u00f4i, ng\u0103n ch\u1eb7n n\u00f3 kh\u00f4 v\u00e0 suy tho\u00e1i, v\u00e0 k\u00e9o d\u00e0i tu\u1ed5i th\u1ecd c\u1ee7a n\u00f3. \u0110\u01b0\u1ee3c l\u00e0m b\u1eb1ng v\u1eadt li\u1ec7u ch\u1ea5t l\u01b0\u1ee3ng cao, b\u1ec1n, n\u00f3 ch\u1ed1ng r\u01a1i v\u00e0 ch\u1ed1ng m\u00e0i m\u00f2n, ch\u1ed1ng l\u1ea1i ngay c\u1ea3 c\u00e1c \u0111\u00f2n nh\u1ecf v\u00e0 tr\u1ea7y x\u01b0\u1edbc trong khi s\u1eed d\u1ee5ng h\u00e0ng ng\u00e0y, \u0111\u1ea3m b\u1ea3o m\u1ed9t ng\u01b0\u1eddi \u0111\u1ed3ng h\u00e0nh l\u00e2u d\u00e0i cho th\u00f3i quen l\u00e0m \u0111\u1eb9p c\u1ee7a b\u1ea1n.\r\n<\/span><\/pre>\n<pre id=\"tw-target-text\" class=\"tw-data-text tw-text-large tw-ta\" dir=\"ltr\" tabindex=\"-1\" role=\"text\" data-placeholder=\"\u7ffb\u8bd1\" data-ved=\"2ahUKEwjk97uj2bSQAxWBmSYFHepFCjwQ3ewLegQIChAW\" aria-label=\"\u8bd1\u6587\uff1a C\u00e1c k\u1ecbch b\u1ea3n \u0111a d\u1ea1ng, kh\u1ea3 n\u0103ng th\u00edch \u1ee9ng r\u1ed9ngCho d\u00f9 cho vi\u1ec7c \u0111i l\u1ea1i h\u00e0ng ng\u00e0y ho\u1eb7c s\u1eed d\u1ee5ng c\u00e1 nh\u00e2n, \u1ed1ng son m\u00f4i d\u1ec5 th\u01b0\u01a1ng th\u00eam m\u1ed9t ch\u00fat vui v\u1ebb v\u00e0o cu\u1ed9c s\u1ed1ng h\u00e0ng ng\u00e0y. Ho\u1eb7c nh\u01b0 m\u1ed9t m\u00f3n qu\u00e0 nh\u1ecf gi\u1eefa b\u1ea1n b\u00e8 ho\u1eb7c ch\u1ecb em, thi\u1ebft k\u1ebf m\u00e0u h\u1ed3ng d\u1ec5 th\u01b0\u01a1ng truy\u1ec1n \u0111\u1ea1t m\u1ed9t c\u1ea3m \u1ee9ng quan t\u00e2m m\u00e0 kh\u00f4ng c\u1ea7n bao b\u00ec b\u1ed5 sung. Ho\u1eb7c, n\u1ebfu m\u1ed9t th\u01b0\u01a1ng hi\u1ec7u l\u00e0m \u0111\u1eb9p \u0111ang k\u1ebft h\u1ee3p m\u1ed9t s\u1ea3n ph\u1ea9m son m\u00f4i v\u1edbi n\u00f3, thi\u1ebft k\u1ebf phim ho\u1ea1t h\u00ecnh \u0111\u1ed9c \u0111\u00e1o gi\u00fap s\u1ea3n ph\u1ea9m n\u1ed5i b\u1eadt trong \u0111\u00e1m \u0111\u00f4ng v\u00e0 thu h\u00fat s\u1ef1 ch\u00fa \u00fd c\u1ee7a ng\u01b0\u1eddi ti\u00eau d\u00f9ng tr\u1ebb. C\u00e1c \u1ed1ng son m\u00f4i d\u00f2ng 3321, v\u1edbi v\u1ebb \u0111\u1eb9p v\u00e0 hi\u1ec7u su\u1ea5t c\u1ee7a n\u00f3, l\u00e0 m\u1ed9t c\u1ea3m \u1ee9ng nh\u1ecf c\u1ee7a v\u1ebb \u0111\u1eb9p trong cu\u1ed9c s\u1ed1ng h\u00e0ng ng\u00e0y c\u1ee7a b\u1ea1n.\"><span class=\"Y2IQFc\" lang=\"en\"><strong>K\u1ecbch b\u1ea3n \u0111a d\u1ea1ng, kh\u1ea3 n\u0103ng th\u00edch \u1ee9ng r\u1ed9ng r\u00e3i<\/strong>\r\nCho d\u00f9 cho vi\u1ec7c \u0111i l\u1ea1i h\u00e0ng ng\u00e0y ho\u1eb7c s\u1eed d\u1ee5ng c\u00e1 nh\u00e2n, \u1ed1ng son m\u00f4i d\u1ec5 th\u01b0\u01a1ng th\u00eam m\u1ed9t c\u1ea3m gi\u00e1c vui v\u1ebb v\u00e0o cu\u1ed9c s\u1ed1ng h\u00e0ng ng\u00e0y. Ho\u1eb7c nh\u01b0 m\u1ed9t m\u00f3n qu\u00e0 nh\u1ecf gi\u1eefa b\u1ea1n b\u00e8 ho\u1eb7c ch\u1ecb em, thi\u1ebft k\u1ebf m\u00e0u h\u1ed3ng d\u1ec5 th\u01b0\u01a1ng truy\u1ec1n \u0111\u1ea1t m\u1ed9t c\u1ea3m \u1ee9ng quan t\u00e2m m\u00e0 kh\u00f4ng c\u1ea7n bao b\u00ec b\u1ed5 sung. Ho\u1eb7c, n\u1ebfu m\u1ed9t th\u01b0\u01a1ng hi\u1ec7u l\u00e0m \u0111\u1eb9p \u0111ang k\u1ebft h\u1ee3p m\u1ed9t s\u1ea3n ph\u1ea9m son m\u00f4i v\u1edbi n\u00f3, thi\u1ebft k\u1ebf phim ho\u1ea1t h\u00ecnh \u0111\u1ed9c \u0111\u00e1o gi\u00fap s\u1ea3n ph\u1ea9m n\u1ed5i b\u1eadt trong \u0111\u00e1m \u0111\u00f4ng v\u00e0 thu h\u00fat s\u1ef1 ch\u00fa \u00fd c\u1ee7a ng\u01b0\u1eddi ti\u00eau d\u00f9ng tr\u1ebb. C\u00e1c \u1ed1ng son m\u00f4i d\u00f2ng 3321, v\u1edbi v\u1ebb \u0111\u1eb9p v\u00e0 hi\u1ec7u su\u1ea5t c\u1ee7a n\u00f3, l\u00e0 m\u1ed9t c\u1ea3m \u1ee9ng nh\u1ecf c\u1ee7a v\u1ebb \u0111\u1eb9p trong cu\u1ed9c s\u1ed1ng h\u00e0ng ng\u00e0y c\u1ee7a b\u1ea1n.<\/span><\/pre>\n<\/div>\n<\/div>\n<\/div>\n<\/div>\n<\/div>\n<\/div>\n<\/div>\n<\/div>\n<\/div>\n<\/div>\n<\/div>\n<\/div>\n<\/div>\n<\/div>\n<table style=\"border-collapse: collapse; width: 100%;\">\n<tbody>\n<tr>\n<td style=\"width: 50%;\"><img decoding=\"async\" class=\"alignnone size-full wp-image-3154\" src=\"https:\/\/www.cosmepak.com\/wp-content\/uploads\/2025\/03\/\u8be6\u60c5-5-1.jpg\" alt=\"\" width=\"1000\" height=\"1000\" srcset=\"https:\/\/www.cosmepak.com\/wp-content\/uploads\/2025\/03\/\u8be6\u60c5-5-1.jpg 1000w, https:\/\/www.cosmepak.com\/wp-content\/uploads\/2025\/03\/\u8be6\u60c5-5-1-300x300.jpg 300w, https:\/\/www.cosmepak.com\/wp-content\/uploads\/2025\/03\/\u8be6\u60c5-5-1-150x150.jpg 150w, https:\/\/www.cosmepak.com\/wp-content\/uploads\/2025\/03\/\u8be6\u60c5-5-1-768x768.jpg 768w, https:\/\/www.cosmepak.com\/wp-content\/uploads\/2025\/03\/\u8be6\u60c5-5-1-12x12.jpg 12w, https:\/\/www.cosmepak.com\/wp-content\/uploads\/2025\/03\/\u8be6\u60c5-5-1-600x600.jpg 600w, https:\/\/www.cosmepak.com\/wp-content\/uploads\/2025\/03\/\u8be6\u60c5-5-1-100x100.jpg 100w\" sizes=\"(max-width: 1000px) 100vw, 1000px\" \/><\/td>\n<td style=\"width: 50%;\"><img decoding=\"async\" class=\"alignnone size-full wp-image-3155\" src=\"https:\/\/www.cosmepak.com\/wp-content\/uploads\/2025\/03\/\u4e3b\u56fe-4.jpg\" alt=\"\" width=\"1000\" height=\"1000\" srcset=\"https:\/\/www.cosmepak.com\/wp-content\/uploads\/2025\/03\/\u4e3b\u56fe-4.jpg 1000w, https:\/\/www.cosmepak.com\/wp-content\/uploads\/2025\/03\/\u4e3b\u56fe-4-300x300.jpg 300w, https:\/\/www.cosmepak.com\/wp-content\/uploads\/2025\/03\/\u4e3b\u56fe-4-150x150.jpg 150w, https:\/\/www.cosmepak.com\/wp-content\/uploads\/2025\/03\/\u4e3b\u56fe-4-768x768.jpg 768w, https:\/\/www.cosmepak.com\/wp-content\/uploads\/2025\/03\/\u4e3b\u56fe-4-12x12.jpg 12w, https:\/\/www.cosmepak.com\/wp-content\/uploads\/2025\/03\/\u4e3b\u56fe-4-600x600.jpg 600w, https:\/\/www.cosmepak.com\/wp-content\/uploads\/2025\/03\/\u4e3b\u56fe-4-100x100.jpg 100w\" sizes=\"(max-width: 1000px) 100vw, 1000px\" \/><\/td>\n<\/tr>\n<\/tbody>\n<\/table>\n<table style=\"border-collapse: collapse; width: 100%;\">\n<tbody>\n<tr>\n<td style=\"width: 33.3333%;\"><img loading=\"lazy\" decoding=\"async\" class=\"alignnone size-full wp-image-3156\" src=\"https:\/\/www.cosmepak.com\/wp-content\/uploads\/2025\/03\/6-5.jpg\" alt=\"\" width=\"1000\" height=\"1000\" srcset=\"https:\/\/www.cosmepak.com\/wp-content\/uploads\/2025\/03\/6-5.jpg 1000w, https:\/\/www.cosmepak.com\/wp-content\/uploads\/2025\/03\/6-5-300x300.jpg 300w, https:\/\/www.cosmepak.com\/wp-content\/uploads\/2025\/03\/6-5-150x150.jpg 150w, https:\/\/www.cosmepak.com\/wp-content\/uploads\/2025\/03\/6-5-768x768.jpg 768w, https:\/\/www.cosmepak.com\/wp-content\/uploads\/2025\/03\/6-5-12x12.jpg 12w, https:\/\/www.cosmepak.com\/wp-content\/uploads\/2025\/03\/6-5-600x600.jpg 600w, https:\/\/www.cosmepak.com\/wp-content\/uploads\/2025\/03\/6-5-100x100.jpg 100w\" sizes=\"(max-width: 1000px) 100vw, 1000px\" \/><\/td>\n<td style=\"width: 33.3333%;\"><img loading=\"lazy\" decoding=\"async\" class=\"alignnone size-full wp-image-3157\" src=\"https:\/\/www.cosmepak.com\/wp-content\/uploads\/2025\/03\/\u8be6\u60c5-5-2.jpg\" alt=\"\" width=\"1000\" height=\"1000\" srcset=\"https:\/\/www.cosmepak.com\/wp-content\/uploads\/2025\/03\/\u8be6\u60c5-5-2.jpg 1000w, https:\/\/www.cosmepak.com\/wp-content\/uploads\/2025\/03\/\u8be6\u60c5-5-2-300x300.jpg 300w, https:\/\/www.cosmepak.com\/wp-content\/uploads\/2025\/03\/\u8be6\u60c5-5-2-150x150.jpg 150w, https:\/\/www.cosmepak.com\/wp-content\/uploads\/2025\/03\/\u8be6\u60c5-5-2-768x768.jpg 768w, https:\/\/www.cosmepak.com\/wp-content\/uploads\/2025\/03\/\u8be6\u60c5-5-2-12x12.jpg 12w, https:\/\/www.cosmepak.com\/wp-content\/uploads\/2025\/03\/\u8be6\u60c5-5-2-600x600.jpg 600w, https:\/\/www.cosmepak.com\/wp-content\/uploads\/2025\/03\/\u8be6\u60c5-5-2-100x100.jpg 100w\" sizes=\"(max-width: 1000px) 100vw, 1000px\" \/><\/td>\n<td style=\"width: 33.3333%;\"><img loading=\"lazy\" decoding=\"async\" class=\"alignnone size-full wp-image-3158\" src=\"https:\/\/www.cosmepak.com\/wp-content\/uploads\/2025\/03\/\u4e3b\u56fe-4-1.jpg\" alt=\"\" width=\"1000\" height=\"1000\" srcset=\"https:\/\/www.cosmepak.com\/wp-content\/uploads\/2025\/03\/\u4e3b\u56fe-4-1.jpg 1000w, https:\/\/www.cosmepak.com\/wp-content\/uploads\/2025\/03\/\u4e3b\u56fe-4-1-300x300.jpg 300w, https:\/\/www.cosmepak.com\/wp-content\/uploads\/2025\/03\/\u4e3b\u56fe-4-1-150x150.jpg 150w, https:\/\/www.cosmepak.com\/wp-content\/uploads\/2025\/03\/\u4e3b\u56fe-4-1-768x768.jpg 768w, https:\/\/www.cosmepak.com\/wp-content\/uploads\/2025\/03\/\u4e3b\u56fe-4-1-12x12.jpg 12w, https:\/\/www.cosmepak.com\/wp-content\/uploads\/2025\/03\/\u4e3b\u56fe-4-1-600x600.jpg 600w, https:\/\/www.cosmepak.com\/wp-content\/uploads\/2025\/03\/\u4e3b\u56fe-4-1-100x100.jpg 100w\" sizes=\"(max-width: 1000px) 100vw, 1000px\" \/><\/td>\n<\/tr>\n<\/tbody>\n<\/table>\n<p>&nbsp;<\/p>\n<p>&nbsp;<\/p>\n<p>&nbsp;<\/p>\n<p>&nbsp;<\/p>","protected":false},"excerpt":{"rendered":"<p>M\u00f4 h\u00ecnh: JH-JZ3321AB<\/p>\n<p>V\u1eadt li\u1ec7u: ABS \/ AS<\/p>\n<p>Capacity: 3.5g<\/p>\n<p>K\u00edch th\u01b0\u1edbc: 79*26mm<\/p>\n<p>\u0110\u01b0\u1eddng k\u00ednh \u1ed1ng b\u00ean trong: 12.1mm<\/p>\n<p>Tr\u1ecdng l\u01b0\u1ee3ng: 17g<\/p>\n<p>M\u00e0u s\u1eafc: Ch\u1ea5p nh\u1eadn t\u00f9y ch\u1ec9nh (b\u1ea5t k\u1ef3 m\u00e0u pantone n\u00e0o c\u00f3 s\u1eb5n)<\/p>\n<p>Ho\u00e0n thi\u1ec7n b\u1ec1 m\u1eb7t: in m\u00e0n h\u00ecnh, d\u1eadp n\u00f3ng, ho\u00e0n thi\u1ec7n m\u1edd, v.v.<\/p>\n<p>MOQ: 10000pcs<\/p>\n<p>M\u1eabu: c\u00f3 s\u1eb5n m\u1eabu mi\u1ec5n ph\u00ed<\/p>\n<p>&nbsp;<\/p>\n<p>&nbsp;<\/p>","protected":false},"featured_media":3156,"comment_status":"closed","ping_status":"closed","template":"","meta":{"_acf_changed":false},"product_brand":[],"product_cat":[53,36],"product_tag":[39],"class_list":{"0":"post-1442","1":"product","2":"type-product","3":"status-publish","4":"has-post-thumbnail","6":"product_cat-lipstick-tube","7":"product_cat-makeup","8":"product_tag-makeup","10":"first","11":"outofstock","12":"shipping-taxable","13":"product-type-simple"},"acf":[],"_links":{"self":[{"href":"https:\/\/www.cosmepak.com\/vi\/wp-json\/wp\/v2\/product\/1442","targetHints":{"allow":["GET"]}}],"collection":[{"href":"https:\/\/www.cosmepak.com\/vi\/wp-json\/wp\/v2\/product"}],"about":[{"href":"https:\/\/www.cosmepak.com\/vi\/wp-json\/wp\/v2\/types\/product"}],"replies":[{"embeddable":true,"href":"https:\/\/www.cosmepak.com\/vi\/wp-json\/wp\/v2\/comments?post=1442"}],"wp:featuredmedia":[{"embeddable":true,"href":"https:\/\/www.cosmepak.com\/vi\/wp-json\/wp\/v2\/media\/3156"}],"wp:attachment":[{"href":"https:\/\/www.cosmepak.com\/vi\/wp-json\/wp\/v2\/media?parent=1442"}],"wp:term":[{"taxonomy":"product_brand","embeddable":true,"href":"https:\/\/www.cosmepak.com\/vi\/wp-json\/wp\/v2\/product_brand?post=1442"},{"taxonomy":"product_cat","embeddable":true,"href":"https:\/\/www.cosmepak.com\/vi\/wp-json\/wp\/v2\/product_cat?post=1442"},{"taxonomy":"product_tag","embeddable":true,"href":"https:\/\/www.cosmepak.com\/vi\/wp-json\/wp\/v2\/product_tag?post=1442"}],"curies":[{"name":"WP","href":"https:\/\/api.w.org\/{rel}","templated":true}]}}