{"id":1460,"date":"2025-03-27T15:03:00","date_gmt":"2025-03-27T07:03:00","guid":{"rendered":"https:\/\/www.cosmepak.com\/?post_type=product&#038;p=1460"},"modified":"2026-02-06T14:51:21","modified_gmt":"2026-02-06T06:51:21","slug":"chai-nuoc-hoa-30ml-chai-nuoc-hoa-rong-mau-sac","status":"publish","type":"product","link":"https:\/\/www.cosmepak.com\/vi\/product\/perfume-bottle-30ml-colorful-empty-perfume-bottle\/","title":{"rendered":"Chai n\u01b0\u1edbc hoa -30ml Chai n\u01b0\u1edbc hoa r\u1ed7ng \u0111\u1ea7y m\u00e0u s\u1eafc\/ Jaunce"},"content":{"rendered":"<table style=\"border-collapse: collapse; width: 100%; height: 216px;\">\n<tbody>\n<tr style=\"height: 24px;\">\n<td style=\"width: 44.5017%; height: 24px; text-align: center;\">Dung t\u00edch<\/td>\n<td style=\"width: 55.4983%; height: 24px; text-align: center;\">\u00a030ml<\/td>\n<\/tr>\n<tr style=\"height: 24px;\">\n<td style=\"width: 44.5017%; height: 24px; text-align: center;\">Ng\u01b0\u1eddi m\u1eabu<\/td>\n<td style=\"width: 55.4983%; height: 24px; text-align: center;\">JH-JS30<\/td>\n<\/tr>\n<tr style=\"height: 24px;\">\n<td style=\"width: 44.5017%; height: 24px; text-align: center;\">V\u1eadt li\u1ec7u chai<\/td>\n<td style=\"width: 55.4983%; height: 24px; text-align: center;\">Th\u1ee7y tinh<\/td>\n<\/tr>\n<tr style=\"height: 24px;\">\n<td style=\"width: 44.5017%; height: 24px; text-align: center;\">V\u1eadt li\u1ec7u n\u1eafp<\/td>\n<td style=\"width: 55.4983%; height: 24px; text-align: center;\">Nh\u1ef1a<\/td>\n<\/tr>\n<tr style=\"height: 24px;\">\n<td style=\"width: 44.5017%; height: 24px; text-align: center;\">K\u00edch c\u1ee1<\/td>\n<td style=\"width: 55.4983%; height: 24px; text-align: center;\">37*97mm<\/td>\n<\/tr>\n<tr style=\"height: 24px;\">\n<td style=\"width: 44.5017%; height: 24px; text-align: center;\">C\u00e2n n\u1eb7ng<\/td>\n<td style=\"width: 55.4983%; height: 24px; text-align: center;\">90.9g<\/td>\n<\/tr>\n<tr style=\"height: 24px;\">\n<td style=\"width: 44.5017%; height: 24px; text-align: center;\">T\u00f9y ch\u1ec9nh<\/td>\n<td style=\"width: 55.4983%; height: 24px; text-align: center;\">Ch\u1ea5p nh\u1eadn<\/td>\n<\/tr>\n<tr style=\"height: 24px;\">\n<td style=\"width: 44.5017%; height: 24px; text-align: center;\">M\u00e0u s\u1eafc<\/td>\n<td style=\"width: 55.4983%; height: 24px; text-align: center;\">T\u00f9y ch\u1ec9nh<\/td>\n<\/tr>\n<tr style=\"height: 24px;\">\n<td style=\"width: 44.5017%; height: 24px; text-align: center;\">S\u1ea3n ph\u1ea9m OEM \/ ODM<\/td>\n<td style=\"width: 55.4983%; height: 24px; text-align: center;\">Ch\u1ea5p nh\u1eadn<\/td>\n<\/tr>\n<\/tbody>\n<\/table>\n<p>\u0110\u00e2y l\u00e0 m\u1ed9t chai n\u01b0\u1edbc hoa nh\u1ecf 30ml. C\u00e1i chai&#8217; c\u00f4ng su\u1ea5t s c\u00f3 th\u1ec3 \u0111\u01b0\u1ee3c \u0111\u1eb7t thu\u1eadn ti\u1ec7n trong t\u00fai c\u1ee7a b\u1ea1n \u0111\u1ec3 b\u1ed5 sung n\u01b0\u1edbc hoa tr\u00ean \u0111\u01b0\u1eddng \u0111i. N\u00f3 r\u1ea5t ph\u00f9 h\u1ee3p cho vi\u1ec7c s\u1eed d\u1ee5ng h\u00e0ng ng\u00e0y. Ngo\u00e0i ra, c\u00f4ng su\u1ea5t n\u00e0y ph\u00f9 h\u1ee3p cho v\u1eadn t\u1ea3i h\u00e0ng kh\u00f4ng v\u00e0 l\u00e0 m\u1ed9t \u0111i\u1ec1u c\u1ea7n thi\u1ebft cho du l\u1ecbch.<\/p>\n<p>D\u00f2ng chai n\u01b0\u1edbc hoa c\u1ee7a ch\u00fang t\u00f4i cung c\u1ea5p m\u1ed9t lo\u1ea1t c\u00e1c t\u00f9y ch\u1ecdn, ph\u1ee5c v\u1ee5 c\u00e1c s\u1edf th\u00edch phong c\u00e1ch kh\u00e1c nhau.<\/p>\n<p>Chai th\u1ee7y tinh trong su\u1ed1t cao r\u00f5 r\u00e0ng nh\u01b0 tinh th\u1ec3, cho ph\u00e9p b\u1ea1n nh\u00ecn r\u00f5 d\u00f2ng n\u01b0\u1edbc hoa. M\u0169 kim lo\u1ea1i v\u00e0ng \/ b\u1ea1c th\u00eam m\u1ed9t \u00e2m thanh m\u00e1t m\u1ebb sang tr\u1ecdng v\u00e0 b\u00f3ng s\u00e1ng. c\u00f3 th\u1ec3 t\u00f9y ch\u1ec9nh b\u1ea5t k\u1ef3 m\u00e0u s\u1eafc trong su\u1ed1t pantone n\u00e0o.<\/p>\n<p>S\u1ef1 k\u1ebft th\u00fac m\u1edd v\u00e0 m\u1edd c\u1ee7a m\u00e0u t\u00edm nh\u1ea1t, m\u00e0u h\u1ed3ng hoa anh \u0111\u00e0o v\u00e0 m\u00e0u xanh l\u00e1 c\u00e2y b\u1ea1ch h\u00e0 tr\u00ean chai t\u1ea1o ra m\u1ed9t hi\u1ec7u \u1ee9ng nh\u1eb9 nh\u00e0ng v\u00e0 l\u00e0m d\u1ecbu, v\u1edbi m\u1ed9t b\u1ea7u kh\u00f4ng kh\u00ed m\u01a1 \u01b0\u1edbc. N\u00f3 ph\u00f9 h\u1ee3p v\u1edbi c\u00e1c ch\u1ea5t l\u01b0\u1ee3ng m\u00f9i th\u01a1m kh\u00e1c nhau. K\u1ebft c\u1ea5u b\u00f3ng cho m\u1ed9t \u1ea5n t\u01b0\u1ee3ng t\u01b0\u01a1i s\u00e1ng v\u00e0 s\u00f4i \u0111\u1ed9ng. Cho d\u00f9 k\u1ebft th\u00fac m\u1edd ho\u1eb7c b\u00f3ng c\u00f3 ph\u1ea3i c\u00f3 m\u1ed9t ph\u00f9 h\u1ee3p v\u1edbi h\u1ed3 s\u01a1 c\u1ee7a b\u1ea1n.<\/p>\n<p>S\u1ea3n ph\u1ea9m \u0111\u01b0\u1ee3c ch\u1ebf t\u1ea1o b\u1eb1ng c\u00e1ch s\u1eed d\u1ee5ng k\u1ef9 thu\u1eadt kh\u1eafc h\u00ecnh ong, v\u1edbi c\u00e1c m\u1eabu tinh t\u1ebf v\u00e0 th\u01b0\u1eddng xuy\u00ean c\u1ee7a n\u00f3 tr\u00ecnh b\u00e0y m\u1ed9t gradation \u00e1nh s\u00e1ng v\u00e0 b\u00f3ng t\u1ed1i. H\u1ea1t tr\u00ean h\u00ecnh c\u1ea7u \u1edf tr\u00ean c\u00f9ng c\u00f3 b\u1ec1 m\u1eb7t m\u1ecbn v\u00e0 tr\u00f2n. Kim lo\u1ea1i l\u1ea1nh t\u01b0\u01a1ng ph\u1ea3n m\u1ea1nh m\u1ebd v\u1edbi k\u1ebft c\u1ea5u \u1ea5m \u00e1p c\u1ee7a chai, ph\u1ee5c v\u1ee5 kh\u00f4ng ch\u1ec9 nh\u01b0 m\u1ed9t n\u1eafp ni\u00eam phong m\u00e0 c\u00f2n tr\u1edf th\u00e0nh m\u1ed9t \u0111i\u1ec3m t\u1eadp trung th\u1ecb gi\u00e1c n\u1ed5i b\u1eadt. N\u1eafp c\u00f3 s\u1eb5n trong v\u00e0ng v\u00e0 b\u1ea1c m\u00e0u \u0111\u1ec3 l\u1ef1a ch\u1ecdn, v\u00e0 phun ph\u00f9 h\u1ee3p trong c\u00f9ng m\u1ed9t m\u00e0u c\u00f3 m\u1ed9t ch\u1ea5t l\u1ecfng x\u1ea3 t\u1ed1t. Thi\u1ebft k\u1ebf m\u1edf ren t\u1ea1o \u0111i\u1ec1u ki\u1ec7n cho vi\u1ec7c l\u1ea5p \u0111\u1ea7y, v\u00e0 v\u1eadt li\u1ec7u th\u1ee7y tinh l\u00e0 th\u00e2n thi\u1ec7n v\u1edbi m\u00f4i tr\u01b0\u1eddng v\u00e0 c\u00f3 th\u1ec3 t\u00e1i s\u1eed d\u1ee5ng.<\/p>\n<p>Ph\u1ea7n d\u01b0\u1edbi k\u00ednh d\u00e0y t\u0103ng c\u01b0\u1eddng chai&#8217; \u0111\u1ed9 b\u1ec1n, l\u00e0m cho n\u00f3 \u00edt d\u1ec5 b\u1ecb ph\u00e1 v\u1ee1.<\/p>\n<p>Chai n\u01b0\u1edbc hoa n\u00e0y c\u00f3 th\u1ec3 \u0111\u01b0\u1ee3c t\u00f9y ch\u1ec9nh v\u1edbi m\u00e0u Pantone theo y\u00eau c\u1ea7u c\u1ee7a kh\u00e1ch h\u00e0ng. C\u00f3 hai t\u00f9y ch\u1ecdn c\u00f3 s\u1eb5n: m\u00e0u r\u1eafn v\u00e0 m\u00e0u trong su\u1ed1t. Cho d\u00f9 b\u1ea1n th\u00edch m\u00e0u r\u1eafn ho\u1eb7c m\u00e0u xuy\u00ean, n\u00f3 l\u00e0 m\u1ed9t l\u1ef1a ch\u1ecdn t\u1ed1t. B\u1ea1n c\u0169ng c\u00f3 th\u1ec3 t\u00f9y ch\u1ec9nh thi\u1ebft k\u1ebf logo, nh\u00e3n n\u1ed9i dung v\u0103n b\u1ea3n, v.v. tr\u00ean chai \u0111\u1ec3 n\u00e2ng cao nh\u1eadn th\u1ee9c th\u01b0\u01a1ng hi\u1ec7u.<\/p>\n<p><img fetchpriority=\"high\" decoding=\"async\" class=\"alignnone wp-image-1455\" src=\"https:\/\/www.cosmepak.com\/wp-content\/uploads\/2025\/03\/O1CN01VVeLQn25jS0nkfZC8_2778787562-0-cib.jpg\" alt=\"chai n\u01b0\u1edbc hoa \u0111\u1ea7y m\u00e0u s\u1eafc\" width=\"1371\" height=\"1371\" srcset=\"https:\/\/www.cosmepak.com\/wp-content\/uploads\/2025\/03\/O1CN01VVeLQn25jS0nkfZC8_2778787562-0-cib.jpg 1000w, https:\/\/www.cosmepak.com\/wp-content\/uploads\/2025\/03\/O1CN01VVeLQn25jS0nkfZC8_2778787562-0-cib-300x300.jpg 300w, https:\/\/www.cosmepak.com\/wp-content\/uploads\/2025\/03\/O1CN01VVeLQn25jS0nkfZC8_2778787562-0-cib-150x150.jpg 150w, https:\/\/www.cosmepak.com\/wp-content\/uploads\/2025\/03\/O1CN01VVeLQn25jS0nkfZC8_2778787562-0-cib-768x768.jpg 768w, https:\/\/www.cosmepak.com\/wp-content\/uploads\/2025\/03\/O1CN01VVeLQn25jS0nkfZC8_2778787562-0-cib-600x600.jpg 600w, https:\/\/www.cosmepak.com\/wp-content\/uploads\/2025\/03\/O1CN01VVeLQn25jS0nkfZC8_2778787562-0-cib-100x100.jpg 100w\" sizes=\"(max-width: 1371px) 100vw, 1371px\" \/><\/p>\n<table style=\"border-collapse: collapse; width: 100%;\">\n<tbody>\n<tr>\n<td style=\"width: 50%;\"><img decoding=\"async\" class=\"alignnone size-full wp-image-3975\" src=\"https:\/\/www.cosmepak.com\/wp-content\/uploads\/2025\/03\/O1CN01pL4UQ425jS0rEUgbA_2778787562-0-cib.jpg\" alt=\"\" width=\"1000\" height=\"1000\" srcset=\"https:\/\/www.cosmepak.com\/wp-content\/uploads\/2025\/03\/O1CN01pL4UQ425jS0rEUgbA_2778787562-0-cib.jpg 1000w, https:\/\/www.cosmepak.com\/wp-content\/uploads\/2025\/03\/O1CN01pL4UQ425jS0rEUgbA_2778787562-0-cib-300x300.jpg 300w, https:\/\/www.cosmepak.com\/wp-content\/uploads\/2025\/03\/O1CN01pL4UQ425jS0rEUgbA_2778787562-0-cib-150x150.jpg 150w, https:\/\/www.cosmepak.com\/wp-content\/uploads\/2025\/03\/O1CN01pL4UQ425jS0rEUgbA_2778787562-0-cib-768x768.jpg 768w, https:\/\/www.cosmepak.com\/wp-content\/uploads\/2025\/03\/O1CN01pL4UQ425jS0rEUgbA_2778787562-0-cib-12x12.jpg 12w, https:\/\/www.cosmepak.com\/wp-content\/uploads\/2025\/03\/O1CN01pL4UQ425jS0rEUgbA_2778787562-0-cib-600x600.jpg 600w, https:\/\/www.cosmepak.com\/wp-content\/uploads\/2025\/03\/O1CN01pL4UQ425jS0rEUgbA_2778787562-0-cib-100x100.jpg 100w\" sizes=\"(max-width: 1000px) 100vw, 1000px\" \/><\/td>\n<td style=\"width: 50%;\"><img decoding=\"async\" class=\"alignnone size-full wp-image-3976\" src=\"https:\/\/www.cosmepak.com\/wp-content\/uploads\/2025\/03\/O1CN01stNk7j25jS0i1osnY_2778787562-0-cib-1.jpg\" alt=\"\" width=\"1000\" height=\"1000\" srcset=\"https:\/\/www.cosmepak.com\/wp-content\/uploads\/2025\/03\/O1CN01stNk7j25jS0i1osnY_2778787562-0-cib-1.jpg 1000w, https:\/\/www.cosmepak.com\/wp-content\/uploads\/2025\/03\/O1CN01stNk7j25jS0i1osnY_2778787562-0-cib-1-300x300.jpg 300w, https:\/\/www.cosmepak.com\/wp-content\/uploads\/2025\/03\/O1CN01stNk7j25jS0i1osnY_2778787562-0-cib-1-150x150.jpg 150w, https:\/\/www.cosmepak.com\/wp-content\/uploads\/2025\/03\/O1CN01stNk7j25jS0i1osnY_2778787562-0-cib-1-768x768.jpg 768w, https:\/\/www.cosmepak.com\/wp-content\/uploads\/2025\/03\/O1CN01stNk7j25jS0i1osnY_2778787562-0-cib-1-12x12.jpg 12w, https:\/\/www.cosmepak.com\/wp-content\/uploads\/2025\/03\/O1CN01stNk7j25jS0i1osnY_2778787562-0-cib-1-600x600.jpg 600w, https:\/\/www.cosmepak.com\/wp-content\/uploads\/2025\/03\/O1CN01stNk7j25jS0i1osnY_2778787562-0-cib-1-100x100.jpg 100w\" sizes=\"(max-width: 1000px) 100vw, 1000px\" \/><\/td>\n<\/tr>\n<\/tbody>\n<\/table>\n<p>&nbsp;<\/p>","protected":false},"excerpt":{"rendered":"<p>V\u1eadt li\u1ec7u chai: th\u1ee7y tinh<\/p>\n<p>NAPCITY: 30ml<\/p>\n<p>K\u00edch th\u01b0\u1edbc: OD: 37mm;<\/p>\n<p>Package Size: 55.3*25.7*20.8cm<\/p>\n<p>G\u00f3i S\u1ed1 l\u01b0\u1ee3ng: 156pcs \/ Carton<\/p>\n<p>G\u00f3i GW: 16kg<\/p>\n<p>Single Weight: 90.9g<\/p>\n<p>M\u00e0u s\u1eafc: 6 m\u00e0u<\/p>\n<p>Ho\u00e0n thi\u1ec7n b\u1ec1 m\u1eb7t: in m\u00e0n h\u00ecnh, d\u1eadp n\u00f3ng, gradient phun, k\u1ebft th\u00fac m\u1edd, v.v.<\/p>\n<p>MOQ: 5000pcs;<\/p>\n<p>&nbsp;<\/p>","protected":false},"featured_media":1457,"comment_status":"closed","ping_status":"closed","template":"","meta":{"_acf_changed":false},"product_brand":[],"product_cat":[17],"product_tag":[],"class_list":{"0":"post-1460","1":"product","2":"type-product","3":"status-publish","4":"has-post-thumbnail","6":"product_cat-perfume-bottle","8":"first","9":"outofstock","10":"shipping-taxable","11":"product-type-simple"},"acf":[],"_links":{"self":[{"href":"https:\/\/www.cosmepak.com\/vi\/wp-json\/wp\/v2\/product\/1460","targetHints":{"allow":["GET"]}}],"collection":[{"href":"https:\/\/www.cosmepak.com\/vi\/wp-json\/wp\/v2\/product"}],"about":[{"href":"https:\/\/www.cosmepak.com\/vi\/wp-json\/wp\/v2\/types\/product"}],"replies":[{"embeddable":true,"href":"https:\/\/www.cosmepak.com\/vi\/wp-json\/wp\/v2\/comments?post=1460"}],"wp:featuredmedia":[{"embeddable":true,"href":"https:\/\/www.cosmepak.com\/vi\/wp-json\/wp\/v2\/media\/1457"}],"wp:attachment":[{"href":"https:\/\/www.cosmepak.com\/vi\/wp-json\/wp\/v2\/media?parent=1460"}],"wp:term":[{"taxonomy":"product_brand","embeddable":true,"href":"https:\/\/www.cosmepak.com\/vi\/wp-json\/wp\/v2\/product_brand?post=1460"},{"taxonomy":"product_cat","embeddable":true,"href":"https:\/\/www.cosmepak.com\/vi\/wp-json\/wp\/v2\/product_cat?post=1460"},{"taxonomy":"product_tag","embeddable":true,"href":"https:\/\/www.cosmepak.com\/vi\/wp-json\/wp\/v2\/product_tag?post=1460"}],"curies":[{"name":"WP","href":"https:\/\/api.w.org\/{rel}","templated":true}]}}