{"id":1461,"date":"2025-03-27T15:31:09","date_gmt":"2025-03-27T07:31:09","guid":{"rendered":"https:\/\/www.cosmepak.com\/?post_type=product&#038;p=1461"},"modified":"2026-01-14T14:00:49","modified_gmt":"2026-01-14T06:00:49","slug":"chai-nuoc-hoa-30ml-suong-mu-chai-nuoc-hoa-vang","status":"publish","type":"product","link":"https:\/\/www.cosmepak.com\/vi\/product\/perfume-bottle-30ml-mist-perfume-bottle-jaunce\/","title":{"rendered":"Chai n\u01b0\u1edbc hoa -30ml MISTUME chai\/ Jaunce"},"content":{"rendered":"<table style=\"border-collapse: collapse; width: 100%; height: 216px;\">\n<tbody>\n<tr style=\"height: 24px;\">\n<td style=\"width: 44.5017%; height: 24px; text-align: center;\">Dung t\u00edch<\/td>\n<td style=\"width: 55.4983%; height: 24px; text-align: center;\">\u00a030ml<\/td>\n<\/tr>\n<tr style=\"height: 24px;\">\n<td style=\"width: 44.5017%; height: 24px; text-align: center;\">Ng\u01b0\u1eddi m\u1eabu<\/td>\n<td style=\"width: 55.4983%; height: 24px; text-align: center;\">JH-30<\/td>\n<\/tr>\n<tr style=\"height: 24px;\">\n<td style=\"width: 44.5017%; height: 24px; text-align: center;\">V\u1eadt li\u1ec7u chai<\/td>\n<td style=\"width: 55.4983%; height: 24px; text-align: center;\">Th\u1ee7y tinh<\/td>\n<\/tr>\n<tr style=\"height: 24px;\">\n<td style=\"width: 44.5017%; height: 24px; text-align: center;\">V\u1eadt li\u1ec7u n\u1eafp<\/td>\n<td style=\"width: 55.4983%; height: 24px; text-align: center;\">V\u00e0ng<\/td>\n<\/tr>\n<tr style=\"height: 24px;\">\n<td style=\"width: 44.5017%; height: 24px; text-align: center;\">K\u00edch c\u1ee1<\/td>\n<td style=\"width: 55.4983%; height: 24px; text-align: center;\">53*22*78mm<\/td>\n<\/tr>\n<tr style=\"height: 24px;\">\n<td style=\"width: 44.5017%; height: 24px; text-align: center;\">C\u00e2n n\u1eb7ng<\/td>\n<td style=\"width: 55.4983%; height: 24px; text-align: center;\">97.2g<\/td>\n<\/tr>\n<tr style=\"height: 24px;\">\n<td style=\"width: 44.5017%; height: 24px; text-align: center;\">T\u00f9y ch\u1ec9nh<\/td>\n<td style=\"width: 55.4983%; height: 24px; text-align: center;\">Ch\u1ea5p nh\u1eadn<\/td>\n<\/tr>\n<tr style=\"height: 24px;\">\n<td style=\"width: 44.5017%; height: 24px; text-align: center;\">M\u00e0u s\u1eafc<\/td>\n<td style=\"width: 55.4983%; height: 24px; text-align: center;\">T\u00f9y ch\u1ec9nh<\/td>\n<\/tr>\n<tr style=\"height: 24px;\">\n<td style=\"width: 44.5017%; height: 24px; text-align: center;\">S\u1ea3n ph\u1ea9m OEM \/ ODM<\/td>\n<td style=\"width: 55.4983%; height: 24px; text-align: center;\">Ch\u1ea5p nh\u1eadn<\/td>\n<\/tr>\n<\/tbody>\n<\/table>\n<p>Chai n\u01b0\u1edbc hoa th\u1ee7y tinh n\u00e0y l\u00e0 m\u1ed9t l\u1ef1a ch\u1ecdn th\u1ef1c t\u1ebf cho nh\u1eefng ng\u01b0\u1eddi \u0111am m\u00ea n\u01b0\u1edbc hoa. L\u1ee3i th\u1ebf c\u1ed1t l\u00f5i c\u1ee7a n\u00f3 n\u1eb1m \u1edf &#8220; t\u00ednh di \u0111\u1ed9ng&#8221; v\u00e0 &#8220; th\u1ef1c t\u1ebf&#8221;  . V\u1ec1 c\u00f4ng su\u1ea5t, n\u00f3 cung c\u1ea5p ba t\u00f9y ch\u1ecdn: 30ml, 50ml v\u00e0 80ml. Phi\u00ean b\u1ea3n 30ml ph\u00f9 h\u1ee3p cho h\u00e0nh l\u00fd c\u1ea7m tay h\u00e0ng ng\u00e0y v\u00e0 c\u00e1c chuy\u1ebfn \u0111i ng\u1eafn, trong khi phi\u00ean b\u1ea3n 50ml v\u00e0 80ml \u0111\u00e1p \u1ee9ng nhu c\u1ea7u l\u01b0u tr\u1eef t\u1ea1i nh\u00e0 ho\u1eb7c s\u1eed d\u1ee5ng l\u00e2u d\u00e0i. Cho d\u00f9 \u0111\u01b0\u1ee3c \u0111\u1eb7t trong m\u1ed9t t\u00fai x\u00e1ch, t\u00fai trang \u0111i\u1ec3m ho\u1eb7c h\u00e0nh l\u00fd du l\u1ecbch, n\u00f3 c\u00f3 th\u1ec3 \u0111\u01b0\u1ee3c \u0111i\u1ec1u ch\u1ec9nh linh ho\u1ea1t \u0111\u1ec3 ph\u00f9 h\u1ee3p v\u1edbi nhu c\u1ea7u c\u1ee7a b\u1ea1n, cho ph\u00e9p b\u1ea1n b\u1ed5 sung n\u01b0\u1edbc hoa c\u1ee7a m\u00ecnh b\u1ea5t c\u1ee9 l\u00fac n\u00e0o v\u00e0 duy tr\u00ec m\u1ed9t m\u00f9i h\u01b0\u01a1ng quy\u1ebfn r\u0169.<\/p>\n<p>V\u1ec1 ngo\u1ea1i h\u00ecnh v\u00e0 thi\u1ebft k\u1ebf v\u1eadt li\u1ec7u, n\u00f3 s\u1eed d\u1ee5ng v\u1eadt li\u1ec7u th\u1ee7y tinh trong su\u1ed1t k\u1ebft h\u1ee3p v\u1edbi h\u00ecnh vu\u00f4ng, tr\u00ecnh b\u00e0y m\u1ed9t k\u1ebft c\u1ea5u r\u00f5 r\u00e0ng v\u00e0 trong su\u1ed1t cho ph\u00e9p b\u1ea1n nh\u00ecn th\u1ea5y tr\u1ef1c quan n\u01b0\u1edbc hoa c\u00f2n l\u1ea1i. N\u00f3 c\u0169ng s\u1eed d\u1ee5ng v\u1eadt li\u1ec7u th\u1ee7y tinh d\u00e0y, kh\u00f4ng ch\u1ec9 b\u1ec1n v\u00e0 l\u00e2u d\u00e0i m\u00e0 c\u00f2n mang l\u1ea1i cho s\u1ea3n ph\u1ea9m m\u1ed9t c\u1ea3m gi\u00e1c \u1ed5n \u0111\u1ecbnh v\u00e0 thanh l\u1ecbch. Thi\u1ebft k\u1ebf chi ti\u1ebft r\u1ea5t c\u1ea9n th\u1eadn: mi\u1ec7ng chai ren v\u00e0 n\u1eafp chai ph\u00f9 h\u1ee3p tr\u01a1n tru, cung c\u1ea5p hi\u1ec7u su\u1ea5t ni\u00eam phong tuy\u1ec7t v\u1eddi, c\u00f3 th\u1ec3 ng\u0103n ch\u1eb7n n\u01b0\u1edbc hoa bay h\u01a1i ho\u1eb7c r\u00f2 r\u1ec9 m\u1ed9t c\u00e1ch hi\u1ec7u qu\u1ea3. Thi\u1ebft k\u1ebf \u0111\u00e1y ph\u1eb3ng d\u00e0y l\u00e0m t\u0103ng s\u1ef1 \u1ed5n \u0111\u1ecbnh v\u00e0 kh\u00f4ng d\u1ec5 g\u1eadt, l\u00e0m cho n\u00f3 thu\u1eadn ti\u1ec7n v\u00e0 kh\u00f4ng lo l\u1eafng cho vi\u1ec7c \u0111\u1eb7t ho\u1eb7c s\u1eed d\u1ee5ng h\u00e0ng ng\u00e0y.<\/p>\n<p>\u0110\u1ea7u phun l\u00e0 th\u00e0nh ph\u1ea7n c\u1ed1t l\u00f5i v\u00e0 s\u1eed d\u1ee5ng \u0111\u1ea7u phun nh\u00f4m lo\u1ea1i \u00e9p. S\u01b0\u01a1ng m\u00f9 l\u00e0 tinh t\u1ebf v\u00e0 \u0111\u1ed3ng nh\u1ea5t, kh\u00f4ng c\u00f3 c\u1ed9t n\u01b0\u1edbc, c\u00f3 th\u1ec3 ph\u00f3ng tinh ho\u00e0n to\u00e0n n\u01b0\u1edbc hoa, \u0111\u1ea3m b\u1ea3o m\u1ed9t tr\u1ea3i nghi\u1ec7m tho\u1ea3i m\u00e1i trong khi s\u1eed d\u1ee5ng v\u00e0 tr\u00e1nh l\u00e3ng ph\u00ed n\u01b0\u1edbc hoa, ti\u1ebft ki\u1ec7m hi\u1ec7u qu\u1ea3 s\u1ed1 l\u01b0\u1ee3ng \u0111\u01b0\u1ee3c s\u1eed d\u1ee5ng. Ngo\u00e0i ra, s\u1ea3n ph\u1ea9m ph\u00f9 h\u1ee3p v\u1edbi m\u1ed9t lo\u1ea1t c\u00e1c k\u1ecbch b\u1ea3n, cho d\u00f9 cho vi\u1ec7c mang du l\u1ecbch, chuy\u1ebfn \u0111i l\u00e0m vi\u1ec7c, ho\u1eb7c s\u1eed d\u1ee5ng h\u00e0ng ng\u00e0y t\u1ea1i nh\u00e0 v\u00e0 l\u01b0u tr\u1eef b\u1ed9 ph\u1eadn n\u01b0\u1edbc hoa, n\u00f3 c\u00f3 th\u1ec3 ho\u00e0n h\u1ea3o th\u00edch \u1ee9ng v\u00e0 \u0111\u00e1p \u1ee9ng c\u00e1c nhu c\u1ea7u kh\u00e1c nhau.<\/p>\n<p><img fetchpriority=\"high\" decoding=\"async\" class=\"alignnone wp-image-1467\" src=\"https:\/\/www.cosmepak.com\/wp-content\/uploads\/2025\/03\/O1CN01cps3Ub25jRmdZwnY0_2778787562-0-cib.jpg\" alt=\"Chai n\u01b0\u1edbc hoa 30ml3\" width=\"1375\" height=\"1375\" srcset=\"https:\/\/www.cosmepak.com\/wp-content\/uploads\/2025\/03\/O1CN01cps3Ub25jRmdZwnY0_2778787562-0-cib.jpg 1000w, https:\/\/www.cosmepak.com\/wp-content\/uploads\/2025\/03\/O1CN01cps3Ub25jRmdZwnY0_2778787562-0-cib-300x300.jpg 300w, https:\/\/www.cosmepak.com\/wp-content\/uploads\/2025\/03\/O1CN01cps3Ub25jRmdZwnY0_2778787562-0-cib-150x150.jpg 150w, https:\/\/www.cosmepak.com\/wp-content\/uploads\/2025\/03\/O1CN01cps3Ub25jRmdZwnY0_2778787562-0-cib-768x768.jpg 768w, https:\/\/www.cosmepak.com\/wp-content\/uploads\/2025\/03\/O1CN01cps3Ub25jRmdZwnY0_2778787562-0-cib-600x600.jpg 600w, https:\/\/www.cosmepak.com\/wp-content\/uploads\/2025\/03\/O1CN01cps3Ub25jRmdZwnY0_2778787562-0-cib-100x100.jpg 100w\" sizes=\"(max-width: 1375px) 100vw, 1375px\" \/><\/p>\n<p><img decoding=\"async\" class=\"alignnone wp-image-1462\" src=\"https:\/\/www.cosmepak.com\/wp-content\/uploads\/2025\/03\/O1CN01MRjPRi21fXwQf7HcR_2211038467012-0-cib.jpg\" alt=\"Chai n\u01b0\u1edbc hoa 30ml2\" width=\"446\" height=\"446\" srcset=\"https:\/\/www.cosmepak.com\/wp-content\/uploads\/2025\/03\/O1CN01MRjPRi21fXwQf7HcR_2211038467012-0-cib.jpg 1000w, https:\/\/www.cosmepak.com\/wp-content\/uploads\/2025\/03\/O1CN01MRjPRi21fXwQf7HcR_2211038467012-0-cib-300x300.jpg 300w, https:\/\/www.cosmepak.com\/wp-content\/uploads\/2025\/03\/O1CN01MRjPRi21fXwQf7HcR_2211038467012-0-cib-150x150.jpg 150w, https:\/\/www.cosmepak.com\/wp-content\/uploads\/2025\/03\/O1CN01MRjPRi21fXwQf7HcR_2211038467012-0-cib-768x768.jpg 768w, https:\/\/www.cosmepak.com\/wp-content\/uploads\/2025\/03\/O1CN01MRjPRi21fXwQf7HcR_2211038467012-0-cib-600x600.jpg 600w, https:\/\/www.cosmepak.com\/wp-content\/uploads\/2025\/03\/O1CN01MRjPRi21fXwQf7HcR_2211038467012-0-cib-100x100.jpg 100w\" sizes=\"(max-width: 446px) 100vw, 446px\" \/> <img decoding=\"async\" class=\"alignnone wp-image-1463\" src=\"https:\/\/www.cosmepak.com\/wp-content\/uploads\/2025\/03\/O1CN01mvTq3121fXwUuK3gy_2211038467012-0-cib.jpg\" alt=\"\" width=\"441\" height=\"441\" srcset=\"https:\/\/www.cosmepak.com\/wp-content\/uploads\/2025\/03\/O1CN01mvTq3121fXwUuK3gy_2211038467012-0-cib.jpg 1000w, https:\/\/www.cosmepak.com\/wp-content\/uploads\/2025\/03\/O1CN01mvTq3121fXwUuK3gy_2211038467012-0-cib-300x300.jpg 300w, https:\/\/www.cosmepak.com\/wp-content\/uploads\/2025\/03\/O1CN01mvTq3121fXwUuK3gy_2211038467012-0-cib-150x150.jpg 150w, https:\/\/www.cosmepak.com\/wp-content\/uploads\/2025\/03\/O1CN01mvTq3121fXwUuK3gy_2211038467012-0-cib-768x768.jpg 768w, https:\/\/www.cosmepak.com\/wp-content\/uploads\/2025\/03\/O1CN01mvTq3121fXwUuK3gy_2211038467012-0-cib-600x600.jpg 600w, https:\/\/www.cosmepak.com\/wp-content\/uploads\/2025\/03\/O1CN01mvTq3121fXwUuK3gy_2211038467012-0-cib-100x100.jpg 100w\" sizes=\"(max-width: 441px) 100vw, 441px\" \/> <img loading=\"lazy\" decoding=\"async\" class=\"alignnone wp-image-1464\" src=\"https:\/\/www.cosmepak.com\/wp-content\/uploads\/2025\/03\/O1CN01N0ixbt21fXwShmTbf_2211038467012-0-cib.jpg\" alt=\"\" width=\"436\" height=\"436\" srcset=\"https:\/\/www.cosmepak.com\/wp-content\/uploads\/2025\/03\/O1CN01N0ixbt21fXwShmTbf_2211038467012-0-cib.jpg 1000w, https:\/\/www.cosmepak.com\/wp-content\/uploads\/2025\/03\/O1CN01N0ixbt21fXwShmTbf_2211038467012-0-cib-300x300.jpg 300w, https:\/\/www.cosmepak.com\/wp-content\/uploads\/2025\/03\/O1CN01N0ixbt21fXwShmTbf_2211038467012-0-cib-150x150.jpg 150w, https:\/\/www.cosmepak.com\/wp-content\/uploads\/2025\/03\/O1CN01N0ixbt21fXwShmTbf_2211038467012-0-cib-768x768.jpg 768w, https:\/\/www.cosmepak.com\/wp-content\/uploads\/2025\/03\/O1CN01N0ixbt21fXwShmTbf_2211038467012-0-cib-600x600.jpg 600w, https:\/\/www.cosmepak.com\/wp-content\/uploads\/2025\/03\/O1CN01N0ixbt21fXwShmTbf_2211038467012-0-cib-100x100.jpg 100w\" sizes=\"(max-width: 436px) 100vw, 436px\" \/><\/p>\n<table style=\"border-collapse: collapse; width: 100%;\">\n<tbody>\n<tr>\n<td style=\"width: 40.1818%;\"><img loading=\"lazy\" decoding=\"async\" class=\"alignnone size-full wp-image-1346\" src=\"https:\/\/www.cosmepak.com\/wp-content\/uploads\/2024\/12\/company_\u526f\u672c.jpg\" alt=\"\" width=\"1060\" height=\"764\" srcset=\"https:\/\/www.cosmepak.com\/wp-content\/uploads\/2024\/12\/company_\u526f\u672c.jpg 1060w, https:\/\/www.cosmepak.com\/wp-content\/uploads\/2024\/12\/company_\u526f\u672c-300x216.jpg 300w, https:\/\/www.cosmepak.com\/wp-content\/uploads\/2024\/12\/company_\u526f\u672c-1024x738.jpg 1024w, https:\/\/www.cosmepak.com\/wp-content\/uploads\/2024\/12\/company_\u526f\u672c-768x554.jpg 768w, https:\/\/www.cosmepak.com\/wp-content\/uploads\/2024\/12\/company_\u526f\u672c-600x432.jpg 600w\" sizes=\"(max-width: 1060px) 100vw, 1060px\" \/><\/td>\n<td style=\"width: 59.8182%;\">Nh\u00e0 m\u00e1y c\u1ee7a ch\u00fang t\u00f4i c\u00f3 chuy\u00ean v\u1ec1 s\u1ea3n xu\u1ea5t bao b\u00ec m\u1ef9 ph\u1ea9m h\u01a1n 10 n\u0103m;<\/p>\n<p>\u2611  B\u00e2y gi\u1edd ch\u00fang t\u00f4i c\u00f3 1 nh\u00e0 m\u00e1y cho chai th\u1ee7y tinh, c\u00f4ng su\u1ea5t c\u00f3 th\u1ec3 l\u00e0 400.000pcs \/ ng\u00e0y.<br \/>\n\u2611  1Factory cho chai nh\u1ef1a, c\u00f4ng su\u1ea5t c\u00f3 th\u1ec3 l\u00e0 50.000pcs \/ ng\u00e0y.<br \/>\n\u2611  1factory cho chai c\u1ef1u sinh vi\u00ean, c\u00f4ng su\u1ea5t c\u00f3 th\u1ec3 l\u00e0 100.000pcs \/ ng\u00e0y.<br \/>\nCh\u00fang t\u00f4i \u0111\u00e3 v\u01b0\u1ee3t qua ch\u1ee9ng nh\u1eadn ISO9000 \/ 14000, c\u0169ng c\u00f3 th\u1ec3 cung c\u1ea5p SGS v\u00e0 MSDS.<br \/>\nCh\u00fang t\u00f4i \u0111ang tu\u00e2n th\u1ee7 nguy\u00ean t\u1eafc kinh doanh trung th\u1ef1c cho m\u1ecdi kh\u00e1ch h\u00e0ng.<br \/>\nCh\u00e0o m\u1eebng b\u1ea1n \u0111\u00e3 h\u1ee3p t\u00e1c!<\/td>\n<\/tr>\n<\/tbody>\n<\/table>\n<p><img loading=\"lazy\" decoding=\"async\" class=\"alignnone size-full wp-image-1347\" src=\"https:\/\/www.cosmepak.com\/wp-content\/uploads\/2024\/12\/\u9996\u987519202_03.jpg\" alt=\"nh\u00e0 m\u00e1y hi\u1ec3n th\u1ecb\" width=\"1920\" height=\"885\" srcset=\"https:\/\/www.cosmepak.com\/wp-content\/uploads\/2024\/12\/\u9996\u987519202_03.jpg 1920w, https:\/\/www.cosmepak.com\/wp-content\/uploads\/2024\/12\/\u9996\u987519202_03-300x138.jpg 300w, https:\/\/www.cosmepak.com\/wp-content\/uploads\/2024\/12\/\u9996\u987519202_03-1024x472.jpg 1024w, https:\/\/www.cosmepak.com\/wp-content\/uploads\/2024\/12\/\u9996\u987519202_03-768x354.jpg 768w, https:\/\/www.cosmepak.com\/wp-content\/uploads\/2024\/12\/\u9996\u987519202_03-1536x708.jpg 1536w, https:\/\/www.cosmepak.com\/wp-content\/uploads\/2024\/12\/\u9996\u987519202_03-600x277.jpg 600w\" sizes=\"(max-width: 1920px) 100vw, 1920px\" \/><\/p>","protected":false},"excerpt":{"rendered":"<p>V\u1eadt li\u1ec7u chai: th\u1ee7y tinh<\/p>\n<p>NAPCITY: 30ml<\/p>\n<p>K\u00edch th\u01b0\u1edbc: Chi\u1ec1u d\u00e0i: 53mm;<\/p>\n<p>Single Weight: 97.2g<\/p>\n<p>M\u00e0u s\u1eafc: T\u00f9y ch\u1ec9nh<\/p>\n<p>B\u1ec1 m\u1eb7t ho\u00e0n thi\u1ec7n: In m\u00e0n h\u00ecnh, s\u01b0\u01a1ng gi\u00e1, d\u1eadp n\u00f3ng, gradient phun, k\u1ebft th\u00fac m\u1edd, v.v.<\/p>\n<p>MOQ: 5000pcs;<\/p>\n<p>&nbsp;<\/p>","protected":false},"featured_media":1465,"comment_status":"closed","ping_status":"closed","template":"","meta":{"_acf_changed":false},"product_brand":[],"product_cat":[17],"product_tag":[],"class_list":{"0":"post-1461","1":"product","2":"type-product","3":"status-publish","4":"has-post-thumbnail","6":"product_cat-perfume-bottle","8":"first","9":"outofstock","10":"shipping-taxable","11":"product-type-simple"},"acf":[],"_links":{"self":[{"href":"https:\/\/www.cosmepak.com\/vi\/wp-json\/wp\/v2\/product\/1461","targetHints":{"allow":["GET"]}}],"collection":[{"href":"https:\/\/www.cosmepak.com\/vi\/wp-json\/wp\/v2\/product"}],"about":[{"href":"https:\/\/www.cosmepak.com\/vi\/wp-json\/wp\/v2\/types\/product"}],"replies":[{"embeddable":true,"href":"https:\/\/www.cosmepak.com\/vi\/wp-json\/wp\/v2\/comments?post=1461"}],"wp:featuredmedia":[{"embeddable":true,"href":"https:\/\/www.cosmepak.com\/vi\/wp-json\/wp\/v2\/media\/1465"}],"wp:attachment":[{"href":"https:\/\/www.cosmepak.com\/vi\/wp-json\/wp\/v2\/media?parent=1461"}],"wp:term":[{"taxonomy":"product_brand","embeddable":true,"href":"https:\/\/www.cosmepak.com\/vi\/wp-json\/wp\/v2\/product_brand?post=1461"},{"taxonomy":"product_cat","embeddable":true,"href":"https:\/\/www.cosmepak.com\/vi\/wp-json\/wp\/v2\/product_cat?post=1461"},{"taxonomy":"product_tag","embeddable":true,"href":"https:\/\/www.cosmepak.com\/vi\/wp-json\/wp\/v2\/product_tag?post=1461"}],"curies":[{"name":"WP","href":"https:\/\/api.w.org\/{rel}","templated":true}]}}