{"id":1468,"date":"2025-03-27T15:34:36","date_gmt":"2025-03-27T07:34:36","guid":{"rendered":"https:\/\/www.cosmepak.com\/?post_type=product&#038;p=1468"},"modified":"2026-02-06T13:33:30","modified_gmt":"2026-02-06T05:33:30","slug":"perfume-bottle-30ml-high-quality-mist-perfume-bottle-jaunce","status":"publish","type":"product","link":"https:\/\/www.cosmepak.com\/vi\/product\/perfume-bottle-30ml-high-quality-mist-perfume-bottle-jaunce\/","title":{"rendered":"Chai n\u01b0\u1edbc hoa -30ml Ch\u1ea5t l\u01b0\u1ee3ng cao s\u01b0\u01a1ng m\u00f9 n\u01b0\u1edbc hoa Chai \/ Jaunce"},"content":{"rendered":"<table style=\"border-collapse: collapse; width: 100%; height: 216px;\">\n<tbody>\n<tr style=\"height: 24px;\">\n<td style=\"width: 44.5017%; height: 24px; text-align: center;\">Dung t\u00edch<\/td>\n<td style=\"width: 55.4983%; height: 24px; text-align: center;\">\u00a030ml<\/td>\n<\/tr>\n<tr style=\"height: 24px;\">\n<td style=\"width: 44.5017%; height: 24px; text-align: center;\">Ng\u01b0\u1eddi m\u1eabu<\/td>\n<td style=\"width: 55.4983%; height: 24px; text-align: center;\">JH-30<\/td>\n<\/tr>\n<tr style=\"height: 24px;\">\n<td style=\"width: 44.5017%; height: 24px; text-align: center;\">V\u1eadt li\u1ec7u chai<\/td>\n<td style=\"width: 55.4983%; height: 24px; text-align: center;\">Th\u1ee7y tinh<\/td>\n<\/tr>\n<tr style=\"height: 24px;\">\n<td style=\"width: 44.5017%; height: 24px; text-align: center;\">V\u1eadt li\u1ec7u n\u1eafp<\/td>\n<td style=\"width: 55.4983%; height: 24px; text-align: center;\">V\u00e0ng<\/td>\n<\/tr>\n<tr style=\"height: 24px;\">\n<td style=\"width: 44.5017%; height: 24px; text-align: center;\">K\u00edch c\u1ee1<\/td>\n<td style=\"width: 55.4983%; height: 24px; text-align: center;\">53*22*78mm<\/td>\n<\/tr>\n<tr style=\"height: 24px;\">\n<td style=\"width: 44.5017%; height: 24px; text-align: center;\">C\u00e2n n\u1eb7ng<\/td>\n<td style=\"width: 55.4983%; height: 24px; text-align: center;\">97.2g<\/td>\n<\/tr>\n<tr style=\"height: 24px;\">\n<td style=\"width: 44.5017%; height: 24px; text-align: center;\">T\u00f9y ch\u1ec9nh<\/td>\n<td style=\"width: 55.4983%; height: 24px; text-align: center;\">Ch\u1ea5p nh\u1eadn<\/td>\n<\/tr>\n<tr style=\"height: 24px;\">\n<td style=\"width: 44.5017%; height: 24px; text-align: center;\">M\u00e0u s\u1eafc<\/td>\n<td style=\"width: 55.4983%; height: 24px; text-align: center;\">T\u00f9y ch\u1ec9nh<\/td>\n<\/tr>\n<tr style=\"height: 24px;\">\n<td style=\"width: 44.5017%; height: 24px; text-align: center;\">S\u1ea3n ph\u1ea9m OEM \/ ODM<\/td>\n<td style=\"width: 55.4983%; height: 24px; text-align: center;\">Ch\u1ea5p nh\u1eadn<\/td>\n<\/tr>\n<\/tbody>\n<\/table>\n<p>\u0110\u00e2y l\u00e0 m\u1ed9t chai h\u00ecnh vu\u00f4ng v\u1edbi dung l\u01b0\u1ee3ng 30ml \/ 50ml-chai vai ph\u1eb3ng. N\u00f3 \u0111\u01b0\u1ee3c l\u00e0m b\u1eb1ng k\u00ednh trong su\u1ed1t ch\u1ea5t l\u01b0\u1ee3ng cao.<\/p>\n<p>Thi\u1ebft k\u1ebf \u0111\u00e1y d\u00e0y th\u01b0\u1eddng \u0111\u01b0\u1ee3c \u00e1p d\u1ee5ng cho c\u00e1c lo\u1ea1t chai n\u01b0\u1edbc hoa cao c\u1ea5p, l\u00e0m cho c\u00e1c s\u1ea3n ph\u1ea9m tr\u00f4ng sang tr\u1ecdng v\u00e0 uy t\u00edn h\u01a1n, t\u0103ng c\u01b0\u1eddng s\u1ef1 l\u1edbp h\u1ecdc c\u1ee7a ch\u00fang.<\/p>\n<p>Kh\u1ea3 n\u0103ng thi\u1ebft k\u1ebf kh\u00e1c nhau c\u00f3 th\u1ec3 \u0111\u00e1p \u1ee9ng c\u00e1c k\u1ecbch b\u1ea3n s\u1eed d\u1ee5ng kh\u00e1c nhau. C\u1ed5 chai v\u00edt l\u00e0m cho n\u00f3 thu\u1eadn ti\u1ec7n \u0111\u1ec3 l\u1ea5p \u0111\u1ea7y n\u01b0\u1edbc hoa. Phun v\u00edt c\u00f3 ch\u1ea5t l\u1ecfng t\u1ed1t v\u00e0 c\u00f3 th\u1ec3 \u0111\u01b0\u1ee3c t\u00e1i s\u1eed d\u1ee5ng. V\u1eadt li\u1ec7u th\u1ee7y tinh l\u00e0 th\u00e2n thi\u1ec7n v\u1edbi m\u00f4i tr\u01b0\u1eddng.<\/p>\n<p>C\u01a1 s\u1edf chai th\u1ee7y tinh d\u00e0y l\u00e0m t\u0103ng tr\u1ecdng l\u01b0\u1ee3ng t\u1ed5ng th\u1ec3 v\u00e0 k\u1ebft c\u1ea5u c\u1ee7a chai, cho n\u00f3 m\u1ed9t \u0111\u1eb7c \u0111i\u1ec3m ch\u1ea5t l\u01b0\u1ee3ng cao c\u00f3 th\u1ec3 thu h\u00fat ng\u01b0\u1eddi ti\u00eau d\u00f9ng \u0111\u00e1nh gi\u00e1 cao ch\u1ea5t l\u01b0\u1ee3ng. T\u00ednh n\u0103ng n\u00e0y c\u0169ng \u0111\u1ea3m b\u1ea3o chai&#8217; \u0111\u1ed9 b\u1ec1n v\u00e0 gi\u1ea3m kh\u1ea3 n\u0103ng ph\u00e1 v\u1ee1.<\/p>\n<p>V\u1edbi dung l\u01b0\u1ee3ng 30ml, chai n\u00e0y l\u00e0 ho\u00e0n h\u1ea3o cho du l\u1ecbch v\u00e0 s\u1eed d\u1ee5ng tr\u00ean \u0111\u01b0\u1eddng \u0111i. K\u00edch th\u01b0\u1edbc nh\u1ecf g\u1ecdn c\u1ee7a n\u00f3 d\u1ec5 d\u00e0ng ph\u00f9 h\u1ee3p v\u1edbi t\u00fai x\u00e1ch ho\u1eb7c b\u1ed9 d\u1ee5ng c\u1ee5 du l\u1ecbch, l\u00e0m cho n\u00f3 thu\u1eadn ti\u1ec7n cho ng\u01b0\u1eddi d\u00f9ng mu\u1ed1n mang theo m\u00f9i h\u01b0\u01a1ng y\u00eau th\u00edch c\u1ee7a h\u1ecd b\u1ea5t c\u1ee9 n\u01a1i n\u00e0o h\u1ecd \u0111i. N\u00f3 c\u0169ng \u0111\u01b0\u1ee3c trang b\u1ecb m\u1ed9t m\u00e1y b\u01a1m phun ch\u1ea5t l\u01b0\u1ee3ng cao, c\u00f3 th\u1ec3 \u0111\u1ea1t \u0111\u01b0\u1ee3c hi\u1ec7u \u1ee9ng phun t\u1ed1t.<\/p>\n<p>Phun \u00e2m thanh kim lo\u1ea1i kh\u00f4ng ch\u1ec9 tr\u00f4ng \u0111\u1eb9p v\u00e0 th\u1ef1c t\u1ebf, m\u00e0 c\u00f2n n\u00e2ng cao ch\u1ea5t l\u01b0\u1ee3ng s\u1ea3n ph\u1ea9m. B\u00eca h\u00ecnh T vu\u00f4ng, m\u00e0u v\u00e0ng t\u1ecfa ra c\u1ea3m gi\u00e1c sang tr\u1ecdng trong phong c\u00e1ch khi\u00eam t\u1ed1n c\u1ee7a n\u00f3.<\/p>\n<p class=\"ai-center-markdown-p\">Chai vu\u00f4ng 30ml c\u00f3 th\u1ec3 \u0111\u01b0\u1ee3c t\u00f9y ch\u1ec9nh v\u1edbi m\u00e0u s\u1eafc, k\u1ebft th\u00fac v\u00e0 nh\u00e3n kh\u00e1c nhau \u0111\u1ec3 ph\u00f9 h\u1ee3p v\u1edbi s\u1edf th\u00edch th\u01b0\u01a1ng hi\u1ec7u v\u00e0 th\u1ea9m m\u1ef9 c\u1ee7a c\u00e1c d\u00f2ng n\u01b0\u1edbc hoa kh\u00e1c nhau. Cho d\u00f9 n\u00f3&#8217; s m\u1ed9t thi\u1ebft k\u1ebf t\u1ed1i thi\u1ec3u ho\u1eb7c m\u1ed9t c\u00e1i nh\u00ecn ph\u1ee9c t\u1ea1p h\u01a1n, chai n\u00e0y c\u00f3 th\u1ec3 \u0111\u01b0\u1ee3c \u0111i\u1ec1u ch\u1ec9nh \u0111\u1ec3 \u0111\u00e1p \u1ee9ng c\u00e1c y\u00eau c\u1ea7u th\u01b0\u01a1ng hi\u1ec7u c\u1ee5 th\u1ec3.<\/p>\n<p class=\"ai-center-markdown-p\">M\u1eb7c d\u00f9 ch\u1ee7 y\u1ebfu \u0111\u01b0\u1ee3c thi\u1ebft k\u1ebf cho n\u01b0\u1edbc hoa, chai n\u00e0y c\u0169ng c\u00f3 th\u1ec3 \u0111\u01b0\u1ee3c s\u1eed d\u1ee5ng cho c\u00e1c s\u1ea3n ph\u1ea9m l\u1ecfng kh\u00e1c nh\u01b0 tinh d\u1ea7u, s\u01b0\u01a1ng m\u00f9 m\u1eb7t v\u00e0 c\u00e1c gi\u1ea3i ph\u00e1p m\u1ef9 ph\u1ea9m kh\u00e1c. Thi\u1ebft k\u1ebf linh ho\u1ea1t c\u1ee7a n\u00f3 l\u00e0m cho n\u00f3 tr\u1edf th\u00e0nh m\u1ed9t b\u1ed5 sung c\u00f3 gi\u00e1 tr\u1ecb cho b\u1ea5t k\u1ef3 d\u00f2ng s\u1ea3n ph\u1ea9m n\u00e0o.<\/p>\n<p>Ch\u00fang t\u00f4i cung c\u1ea5p d\u1ecbch v\u1ee5 tuy\u1ec7t v\u1eddi cho m\u1ed7i kh\u00e1ch h\u00e0ng c\u1ee7a ch\u00fang t\u00f4i v\u00e0 ki\u1ec3m so\u00e1t nghi\u00eam ng\u1eb7t m\u1ecdi kh\u00eda c\u1ea1nh ch\u1ea5t l\u01b0\u1ee3ng c\u1ee7a s\u1ea3n ph\u1ea9m c\u1ee7a ch\u00fang t\u00f4i. S\u1ef1 h\u00e0i l\u00f2ng c\u1ee7a b\u1ea1n l\u00e0 \u0111\u1ed9ng l\u1ef1c l\u1edbn nh\u1ea5t c\u1ee7a ch\u00fang t\u00f4i, v\u00e0 c\u00f9ng nhau ch\u00fang t\u00f4i c\u00f3 th\u1ec3 \u0111\u1ea1t \u0111\u01b0\u1ee3c th\u00e0nh c\u00f4ng l\u1eabn nhau.<\/p>\n<p><img fetchpriority=\"high\" decoding=\"async\" class=\"alignnone wp-image-1467\" src=\"https:\/\/www.cosmepak.com\/wp-content\/uploads\/2025\/03\/O1CN01cps3Ub25jRmdZwnY0_2778787562-0-cib.jpg\" alt=\"Chai n\u01b0\u1edbc hoa 30ml3\" width=\"1375\" height=\"1375\" srcset=\"https:\/\/www.cosmepak.com\/wp-content\/uploads\/2025\/03\/O1CN01cps3Ub25jRmdZwnY0_2778787562-0-cib.jpg 1000w, https:\/\/www.cosmepak.com\/wp-content\/uploads\/2025\/03\/O1CN01cps3Ub25jRmdZwnY0_2778787562-0-cib-300x300.jpg 300w, https:\/\/www.cosmepak.com\/wp-content\/uploads\/2025\/03\/O1CN01cps3Ub25jRmdZwnY0_2778787562-0-cib-150x150.jpg 150w, https:\/\/www.cosmepak.com\/wp-content\/uploads\/2025\/03\/O1CN01cps3Ub25jRmdZwnY0_2778787562-0-cib-768x768.jpg 768w, https:\/\/www.cosmepak.com\/wp-content\/uploads\/2025\/03\/O1CN01cps3Ub25jRmdZwnY0_2778787562-0-cib-600x600.jpg 600w, https:\/\/www.cosmepak.com\/wp-content\/uploads\/2025\/03\/O1CN01cps3Ub25jRmdZwnY0_2778787562-0-cib-100x100.jpg 100w\" sizes=\"(max-width: 1375px) 100vw, 1375px\" \/><\/p>\n<table style=\"border-collapse: collapse; width: 100%;\">\n<tbody>\n<tr>\n<td style=\"width: 33.3333%;\"><img decoding=\"async\" class=\"alignnone size-full wp-image-3958\" src=\"https:\/\/www.cosmepak.com\/wp-content\/uploads\/2025\/03\/11-9.jpg\" alt=\"\" width=\"1000\" height=\"1000\" srcset=\"https:\/\/www.cosmepak.com\/wp-content\/uploads\/2025\/03\/11-9.jpg 1000w, https:\/\/www.cosmepak.com\/wp-content\/uploads\/2025\/03\/11-9-300x300.jpg 300w, https:\/\/www.cosmepak.com\/wp-content\/uploads\/2025\/03\/11-9-150x150.jpg 150w, https:\/\/www.cosmepak.com\/wp-content\/uploads\/2025\/03\/11-9-768x768.jpg 768w, https:\/\/www.cosmepak.com\/wp-content\/uploads\/2025\/03\/11-9-12x12.jpg 12w, https:\/\/www.cosmepak.com\/wp-content\/uploads\/2025\/03\/11-9-600x600.jpg 600w, https:\/\/www.cosmepak.com\/wp-content\/uploads\/2025\/03\/11-9-100x100.jpg 100w\" sizes=\"(max-width: 1000px) 100vw, 1000px\" \/><\/td>\n<td style=\"width: 33.3333%;\"><img decoding=\"async\" class=\"alignnone size-full wp-image-3959\" src=\"https:\/\/www.cosmepak.com\/wp-content\/uploads\/2025\/03\/2-11.jpg\" alt=\"\" width=\"1000\" height=\"1000\" srcset=\"https:\/\/www.cosmepak.com\/wp-content\/uploads\/2025\/03\/2-11.jpg 1000w, https:\/\/www.cosmepak.com\/wp-content\/uploads\/2025\/03\/2-11-300x300.jpg 300w, https:\/\/www.cosmepak.com\/wp-content\/uploads\/2025\/03\/2-11-150x150.jpg 150w, https:\/\/www.cosmepak.com\/wp-content\/uploads\/2025\/03\/2-11-768x768.jpg 768w, https:\/\/www.cosmepak.com\/wp-content\/uploads\/2025\/03\/2-11-12x12.jpg 12w, https:\/\/www.cosmepak.com\/wp-content\/uploads\/2025\/03\/2-11-600x600.jpg 600w, https:\/\/www.cosmepak.com\/wp-content\/uploads\/2025\/03\/2-11-100x100.jpg 100w\" sizes=\"(max-width: 1000px) 100vw, 1000px\" \/><\/td>\n<td style=\"width: 33.3333%;\"><img loading=\"lazy\" decoding=\"async\" class=\"alignnone size-full wp-image-3960\" src=\"https:\/\/www.cosmepak.com\/wp-content\/uploads\/2025\/03\/3-14.jpg\" alt=\"\" width=\"1000\" height=\"1000\" srcset=\"https:\/\/www.cosmepak.com\/wp-content\/uploads\/2025\/03\/3-14.jpg 1000w, https:\/\/www.cosmepak.com\/wp-content\/uploads\/2025\/03\/3-14-300x300.jpg 300w, https:\/\/www.cosmepak.com\/wp-content\/uploads\/2025\/03\/3-14-150x150.jpg 150w, https:\/\/www.cosmepak.com\/wp-content\/uploads\/2025\/03\/3-14-768x768.jpg 768w, https:\/\/www.cosmepak.com\/wp-content\/uploads\/2025\/03\/3-14-12x12.jpg 12w, https:\/\/www.cosmepak.com\/wp-content\/uploads\/2025\/03\/3-14-600x600.jpg 600w, https:\/\/www.cosmepak.com\/wp-content\/uploads\/2025\/03\/3-14-100x100.jpg 100w\" sizes=\"(max-width: 1000px) 100vw, 1000px\" \/><\/td>\n<\/tr>\n<\/tbody>\n<\/table>\n<table style=\"border-collapse: collapse; width: 100%;\">\n<tbody>\n<tr>\n<td style=\"width: 50%;\"><img loading=\"lazy\" decoding=\"async\" class=\"alignnone size-full wp-image-3961\" src=\"https:\/\/www.cosmepak.com\/wp-content\/uploads\/2025\/03\/6-14.jpg\" alt=\"\" width=\"1000\" height=\"1000\" srcset=\"https:\/\/www.cosmepak.com\/wp-content\/uploads\/2025\/03\/6-14.jpg 1000w, https:\/\/www.cosmepak.com\/wp-content\/uploads\/2025\/03\/6-14-300x300.jpg 300w, https:\/\/www.cosmepak.com\/wp-content\/uploads\/2025\/03\/6-14-150x150.jpg 150w, https:\/\/www.cosmepak.com\/wp-content\/uploads\/2025\/03\/6-14-768x768.jpg 768w, https:\/\/www.cosmepak.com\/wp-content\/uploads\/2025\/03\/6-14-12x12.jpg 12w, https:\/\/www.cosmepak.com\/wp-content\/uploads\/2025\/03\/6-14-600x600.jpg 600w, https:\/\/www.cosmepak.com\/wp-content\/uploads\/2025\/03\/6-14-100x100.jpg 100w\" sizes=\"(max-width: 1000px) 100vw, 1000px\" \/><\/td>\n<td style=\"width: 50%;\"><img loading=\"lazy\" decoding=\"async\" class=\"alignnone size-full wp-image-3962\" src=\"https:\/\/www.cosmepak.com\/wp-content\/uploads\/2025\/03\/7-11.jpg\" alt=\"\" width=\"1000\" height=\"1000\" srcset=\"https:\/\/www.cosmepak.com\/wp-content\/uploads\/2025\/03\/7-11.jpg 1000w, https:\/\/www.cosmepak.com\/wp-content\/uploads\/2025\/03\/7-11-300x300.jpg 300w, https:\/\/www.cosmepak.com\/wp-content\/uploads\/2025\/03\/7-11-150x150.jpg 150w, https:\/\/www.cosmepak.com\/wp-content\/uploads\/2025\/03\/7-11-768x768.jpg 768w, https:\/\/www.cosmepak.com\/wp-content\/uploads\/2025\/03\/7-11-12x12.jpg 12w, https:\/\/www.cosmepak.com\/wp-content\/uploads\/2025\/03\/7-11-600x600.jpg 600w, https:\/\/www.cosmepak.com\/wp-content\/uploads\/2025\/03\/7-11-100x100.jpg 100w\" sizes=\"(max-width: 1000px) 100vw, 1000px\" \/><\/td>\n<\/tr>\n<\/tbody>\n<\/table>\n<p class=\"ai-center-markdown-p\">","protected":false},"excerpt":{"rendered":"<p>V\u1eadt li\u1ec7u chai: th\u1ee7y tinh<\/p>\n<p>NAPCITY: 30ml<\/p>\n<p>K\u00edch th\u01b0\u1edbc: Chi\u1ec1u d\u00e0i: 53mm;<\/p>\n<p>Single Weight: 97.2g<\/p>\n<p>M\u00e0u s\u1eafc: T\u00f9y ch\u1ec9nh<\/p>\n<p>B\u1ec1 m\u1eb7t ho\u00e0n thi\u1ec7n: In m\u00e0n h\u00ecnh, s\u01b0\u01a1ng gi\u00e1, d\u1eadp n\u00f3ng, gradient phun, k\u1ebft th\u00fac m\u1edd, v.v.<\/p>\n<p>MOQ: 5000pcs;<\/p>\n<p>&nbsp;<\/p>","protected":false},"featured_media":1463,"comment_status":"closed","ping_status":"closed","template":"","meta":{"_acf_changed":false},"product_brand":[],"product_cat":[17],"product_tag":[],"class_list":{"0":"post-1468","1":"product","2":"type-product","3":"status-publish","4":"has-post-thumbnail","6":"product_cat-perfume-bottle","8":"first","9":"outofstock","10":"shipping-taxable","11":"product-type-simple"},"acf":[],"_links":{"self":[{"href":"https:\/\/www.cosmepak.com\/vi\/wp-json\/wp\/v2\/product\/1468","targetHints":{"allow":["GET"]}}],"collection":[{"href":"https:\/\/www.cosmepak.com\/vi\/wp-json\/wp\/v2\/product"}],"about":[{"href":"https:\/\/www.cosmepak.com\/vi\/wp-json\/wp\/v2\/types\/product"}],"replies":[{"embeddable":true,"href":"https:\/\/www.cosmepak.com\/vi\/wp-json\/wp\/v2\/comments?post=1468"}],"wp:featuredmedia":[{"embeddable":true,"href":"https:\/\/www.cosmepak.com\/vi\/wp-json\/wp\/v2\/media\/1463"}],"wp:attachment":[{"href":"https:\/\/www.cosmepak.com\/vi\/wp-json\/wp\/v2\/media?parent=1468"}],"wp:term":[{"taxonomy":"product_brand","embeddable":true,"href":"https:\/\/www.cosmepak.com\/vi\/wp-json\/wp\/v2\/product_brand?post=1468"},{"taxonomy":"product_cat","embeddable":true,"href":"https:\/\/www.cosmepak.com\/vi\/wp-json\/wp\/v2\/product_cat?post=1468"},{"taxonomy":"product_tag","embeddable":true,"href":"https:\/\/www.cosmepak.com\/vi\/wp-json\/wp\/v2\/product_tag?post=1468"}],"curies":[{"name":"WP","href":"https:\/\/api.w.org\/{rel}","templated":true}]}}