{"id":1473,"date":"2025-03-27T15:50:03","date_gmt":"2025-03-27T07:50:03","guid":{"rendered":"https:\/\/www.cosmepak.com\/?post_type=product&#038;p=1473"},"modified":"2026-02-06T14:27:51","modified_gmt":"2026-02-06T06:27:51","slug":"chai-nuoc-hoa-50ml-chai-nuoc-hoa-vuong-vang","status":"publish","type":"product","link":"https:\/\/www.cosmepak.com\/vi\/product\/perfume-bottle-50ml-squareperfume-bottle-jaunce\/","title":{"rendered":"Chai n\u01b0\u1edbc hoa -50ml Chai n\u01b0\u1edbc hoa\/ Jaunce"},"content":{"rendered":"<table style=\"border-collapse: collapse; width: 100%; height: 216px;\">\n<tbody>\n<tr style=\"height: 24px;\">\n<td style=\"width: 44.5017%; height: 24px; text-align: center;\">Dung t\u00edch<\/td>\n<td style=\"width: 55.4983%; height: 24px; text-align: center;\">\u00a050ml<\/td>\n<\/tr>\n<tr style=\"height: 24px;\">\n<td style=\"width: 44.5017%; height: 24px; text-align: center;\">Ng\u01b0\u1eddi m\u1eabu<\/td>\n<td style=\"width: 55.4983%; height: 24px; text-align: center;\">JH-50<\/td>\n<\/tr>\n<tr style=\"height: 24px;\">\n<td style=\"width: 44.5017%; height: 24px; text-align: center;\">V\u1eadt li\u1ec7u chai<\/td>\n<td style=\"width: 55.4983%; height: 24px; text-align: center;\">Th\u1ee7y tinh<\/td>\n<\/tr>\n<tr style=\"height: 24px;\">\n<td style=\"width: 44.5017%; height: 24px; text-align: center;\">V\u1eadt li\u1ec7u n\u1eafp<\/td>\n<td style=\"width: 55.4983%; height: 24px; text-align: center;\">V\u00e0ng<\/td>\n<\/tr>\n<tr style=\"height: 24px;\">\n<td style=\"width: 44.5017%; height: 24px; text-align: center;\">K\u00edch c\u1ee1<\/td>\n<td style=\"width: 55.4983%; height: 24px; text-align: center;\">65.2*29*90mm<\/td>\n<\/tr>\n<tr style=\"height: 24px;\">\n<td style=\"width: 44.5017%; height: 24px; text-align: center;\">C\u00e2n n\u1eb7ng<\/td>\n<td style=\"width: 55.4983%; height: 24px; text-align: center;\">143g<\/td>\n<\/tr>\n<tr style=\"height: 24px;\">\n<td style=\"width: 44.5017%; height: 24px; text-align: center;\">T\u00f9y ch\u1ec9nh<\/td>\n<td style=\"width: 55.4983%; height: 24px; text-align: center;\">Ch\u1ea5p nh\u1eadn<\/td>\n<\/tr>\n<tr style=\"height: 24px;\">\n<td style=\"width: 44.5017%; height: 24px; text-align: center;\">M\u00e0u s\u1eafc<\/td>\n<td style=\"width: 55.4983%; height: 24px; text-align: center;\">T\u00f9y ch\u1ec9nh<\/td>\n<\/tr>\n<tr style=\"height: 24px;\">\n<td style=\"width: 44.5017%; height: 24px; text-align: center;\">S\u1ea3n ph\u1ea9m OEM \/ ODM<\/td>\n<td style=\"width: 55.4983%; height: 24px; text-align: center;\">Ch\u1ea5p nh\u1eadn<\/td>\n<\/tr>\n<\/tbody>\n<\/table>\n<p>Chai \u0111\u00f4ng l\u1ea1nh vu\u00f4ng 50ml n\u1ed5i b\u1eadt v\u1edbi thi\u1ebft k\u1ebf sang tr\u1ecdng v\u00e0 hi\u1ec7n \u0111\u1ea1i c\u1ee7a n\u00f3. Th\u1ee7y tinh b\u0103ng cung c\u1ea5p m\u1ed9t c\u00e1i nh\u00ecn tinh t\u1ebf v\u00e0 sang tr\u1ecdng, \u0111\u1ea3m b\u1ea3o r\u1eb1ng n\u00f3 b\u1eaft m\u1eaft v\u00e0o b\u1ea5t k\u1ef3 s\u1ef1 v\u00f4 \u00edch ho\u1eb7c k\u1ec7. Ph\u1ea7n \u0111\u00e1y th\u1ee7y tinh d\u00e0y kh\u00f4ng ch\u1ec9 l\u00e0m t\u0103ng s\u1ee9c h\u1ea5p d\u1eabn th\u1ea9m m\u1ef9 c\u1ee7a n\u00f3 m\u00e0 c\u00f2n cung c\u1ea5p s\u1ef1 \u1ed5n \u0111\u1ecbnh, ng\u0103n ch\u1eb7n s\u1ef1 l\u1eadt ng\u1eabu nhi\u00ean.<\/p>\n<p>Chai \u0111\u00e1y ph\u1eb3ng vu\u00f4ng n\u00e0y \u0111\u00e3 \u0111\u01b0\u1ee3c thi\u1ebft k\u1ebf t\u1ec9 m\u1ec9, v\u1edbi s\u1ef1 ch\u00fa \u00fd l\u1edbn \u0111\u1ebfn t\u1eebng chi ti\u1ebft. H\u00ecnh d\u1ea1ng c\u1ee7a n\u00f3 c\u00f3 c\u00e1c \u0111\u01b0\u1eddng m\u1ecbn v\u00e0 thi\u1ebft k\u1ebf vai ph\u1eb3ng. N\u00f3 \u0111\u01b0\u1ee3c ho\u00e0n th\u00e0nh v\u1edbi m\u1ed9t quy tr\u00ecnh s\u01a1n nh\u00f4m m\u1ea1 \u0111i\u1ec7n v\u00e0 \u0111\u01b0\u1ee3c trang b\u1ecb m\u1ed9t n\u1eafp nh\u00f4m h\u00ecnh T m\u1ea1 \u0111i\u1ec7n m\u00e0u ph\u00f9 h\u1ee3p. K\u1ebft c\u1ea5u kim lo\u1ea1i th\u1ed1ng nh\u1ea5t n\u00e0y th\u00eam m\u1ed9t c\u1ea3m gi\u00e1c thanh l\u1ecbch cao c\u1ea5p, n\u00e2ng cao h\u00ecnh \u1ea3nh th\u1ecb gi\u00e1c c\u1ee7a th\u01b0\u01a1ng hi\u1ec7u c\u1ee7a b\u1ea1n v\u00e0 l\u00e0m cho s\u1ea3n ph\u1ea9m c\u1ee7a b\u1ea1n n\u1ed5i b\u1eadt v\u00e0 \u0111\u1ed9c \u0111\u00e1o.<\/p>\n<p>C\u01a1 s\u1edf th\u1ee7y tinh d\u00e0y th\u00eam tr\u1ecdng l\u01b0\u1ee3ng, cho chai m\u1ed9t k\u1ebft c\u1ea5u v\u1eefng ch\u1eafc. B\u1ec1 m\u1eb7t k\u00ednh b\u0103ng l\u00e0 m\u1ed9t chi\u1ebfn th\u1eafng thi\u1ebft k\u1ebf hai m\u1ee5c \u0111\u00edch: n\u00f3 khu\u1ebfch \u0111\u1ea1i v\u1ebb ngo\u00e0i tinh t\u1ebf c\u1ee7a chai v\u00e0 cung c\u1ea5p m\u1ed9t s\u1ef1 n\u1eafm gi\u1eef kh\u00f4ng tr\u01b0\u1ee3t, gi\u1ea3m nguy c\u01a1 tr\u01b0\u1ee3t kh\u1ecfi tay trong khi s\u1eed d\u1ee5ng ho\u1eb7c \u1ee9ng d\u1ee5ng.<\/p>\n<p>K\u00edch th\u01b0\u1edbc n\u00e0y l\u00e0 \u0111\u00fang v\u00e0 l\u00e0m cho n\u00f3 tr\u1edf th\u00e0nh m\u1ed9t l\u1ef1a ch\u1ecdn \u0111a m\u1ee5c \u0111\u00edch l\u00fd t\u01b0\u1edfng cho b\u1ed9 s\u01b0u t\u1eadp n\u01b0\u1edbc hoa c\u1ee7a b\u1ea1n. Cho d\u00f9 n\u00f3&#8217; s tinh khi\u1ebft n\u01b0\u1edbc hoa, cologne, ho\u1eb7c tinh d\u1ea7u, n\u00f3 c\u00f3 th\u1ec3 \u0111\u00e1p \u1ee9ng nhu c\u1ea7u c\u1ee7a b\u1ea1n. N\u00f3 ph\u00f9 h\u1ee3p cho c\u1ea3 s\u1eed d\u1ee5ng c\u00e1 nh\u00e2n h\u00e0ng ng\u00e0y v\u00e0 \u0111\u1ec3 mang xung quanh khi \u0111i du l\u1ecbch &#8211; Tr\u1ecdng l\u01b0\u1ee3ng nh\u1eb9, nh\u1ecf g\u1ecdn v\u00e0 d\u1ec5 d\u00e0ng ph\u00f9 h\u1ee3p v\u1edbi t\u00fai x\u00e1ch, h\u00e0nh l\u00fd ho\u1eb7c b\u1ed9 du l\u1ecbch, m\u00e0 kh\u00f4ng chi\u1ebfm qu\u00e1 nhi\u1ec1u kh\u00f4ng gian.<\/p>\n<p>Chai th\u1ee7y tinh t\u00e1i s\u1eed d\u1ee5ng c\u1ee7a ch\u00fang t\u00f4i l\u00e0 m\u1ed9t l\u1ef1a ch\u1ecdn thay th\u1ebf th\u00e2n thi\u1ec7n v\u1edbi m\u00f4i tr\u01b0\u1eddng cho chai nh\u1ef1a d\u00f9ng m\u1ed9t l\u1ea7n. Th\u1ee7y tinh c\u00f3 th\u1ec3 \u0111\u01b0\u1ee3c t\u00e1i ch\u1ebf ho\u00e0n to\u00e0n, b\u1ec1n v\u00e0 th\u00edch h\u1ee3p cho vi\u1ec7c s\u1eed d\u1ee5ng l\u1eb7p \u0111i l\u1eb7p l\u1ea1i, v\u00e0 c\u00f3 th\u1ec3 gi\u1ea3m thi\u1ec3u t\u00e1c \u0111\u1ed9ng \u0111\u1ebfn m\u00f4i tr\u01b0\u1eddng \u1edf m\u1ee9c \u0111\u1ed9 t\u1ed1i \u0111a.<\/p>\n<p>chai lo\u1ea1t n\u00e0y ch\u00fang t\u00f4i c\u0169ng ch\u1ea5p nh\u1eadn m\u00e0u t\u00f9y ch\u1ec9nh, ch\u00fang t\u00f4i h\u1ed7 tr\u1ee3 b\u1ea5t k\u1ef3 in m\u00e0u pantone. v\u00e0 hi\u1ec7u qu\u1ea3 c\u00f3 b\u00f3ng v\u00e0 m\u1edd \u0111\u1ec3 l\u1ef1a ch\u1ecdn. Ch\u00fang t\u00f4i c\u0169ng cung c\u1ea5p m\u1ed9t lo\u1ea1t c\u00e1c ph\u1ee5 ki\u1ec7n \u0111\u1ec3 b\u1ea1n l\u1ef1a ch\u1ecdn. phun s\u01b0\u01a1ng m\u00f9 ch\u00fang t\u00f4i c\u00f3 ti\u00eam m\u00e0u tr\u1eafng \/ \u0111en b\u00ecnh th\u01b0\u1eddng, v\u00e0 c\u0169ng c\u00f3 m\u00e0u v\u00e0ng v\u00e0 b\u1ea1c cho bao b\u00ec n\u01b0\u1edbc hoa cao c\u1ea5p.<\/p>\n<p><img fetchpriority=\"high\" decoding=\"async\" class=\"alignnone wp-image-1471\" src=\"https:\/\/www.cosmepak.com\/wp-content\/uploads\/2025\/03\/O1CN01S5lNzt25jRmV230Ns_2778787562-0-cib.jpg\" alt=\"\" width=\"1354\" height=\"1354\" srcset=\"https:\/\/www.cosmepak.com\/wp-content\/uploads\/2025\/03\/O1CN01S5lNzt25jRmV230Ns_2778787562-0-cib.jpg 800w, https:\/\/www.cosmepak.com\/wp-content\/uploads\/2025\/03\/O1CN01S5lNzt25jRmV230Ns_2778787562-0-cib-300x300.jpg 300w, https:\/\/www.cosmepak.com\/wp-content\/uploads\/2025\/03\/O1CN01S5lNzt25jRmV230Ns_2778787562-0-cib-150x150.jpg 150w, https:\/\/www.cosmepak.com\/wp-content\/uploads\/2025\/03\/O1CN01S5lNzt25jRmV230Ns_2778787562-0-cib-768x768.jpg 768w, https:\/\/www.cosmepak.com\/wp-content\/uploads\/2025\/03\/O1CN01S5lNzt25jRmV230Ns_2778787562-0-cib-600x600.jpg 600w, https:\/\/www.cosmepak.com\/wp-content\/uploads\/2025\/03\/O1CN01S5lNzt25jRmV230Ns_2778787562-0-cib-100x100.jpg 100w\" sizes=\"(max-width: 1354px) 100vw, 1354px\" \/><\/p>\n<table style=\"border-collapse: collapse; width: 100%;\">\n<tbody>\n<tr>\n<td style=\"width: 33.3333%;\"><img decoding=\"async\" class=\"alignnone size-full wp-image-3974\" src=\"https:\/\/www.cosmepak.com\/wp-content\/uploads\/2025\/03\/12-3.jpg\" alt=\"\" width=\"1000\" height=\"1000\" srcset=\"https:\/\/www.cosmepak.com\/wp-content\/uploads\/2025\/03\/12-3.jpg 1000w, https:\/\/www.cosmepak.com\/wp-content\/uploads\/2025\/03\/12-3-300x300.jpg 300w, https:\/\/www.cosmepak.com\/wp-content\/uploads\/2025\/03\/12-3-150x150.jpg 150w, https:\/\/www.cosmepak.com\/wp-content\/uploads\/2025\/03\/12-3-768x768.jpg 768w, https:\/\/www.cosmepak.com\/wp-content\/uploads\/2025\/03\/12-3-12x12.jpg 12w, https:\/\/www.cosmepak.com\/wp-content\/uploads\/2025\/03\/12-3-600x600.jpg 600w, https:\/\/www.cosmepak.com\/wp-content\/uploads\/2025\/03\/12-3-100x100.jpg 100w\" sizes=\"(max-width: 1000px) 100vw, 1000px\" \/><\/td>\n<td style=\"width: 33.3333%;\"><img decoding=\"async\" class=\"alignnone size-full wp-image-3972\" src=\"https:\/\/www.cosmepak.com\/wp-content\/uploads\/2025\/03\/15.jpg\" alt=\"\" width=\"1000\" height=\"1000\" srcset=\"https:\/\/www.cosmepak.com\/wp-content\/uploads\/2025\/03\/15.jpg 1000w, https:\/\/www.cosmepak.com\/wp-content\/uploads\/2025\/03\/15-300x300.jpg 300w, https:\/\/www.cosmepak.com\/wp-content\/uploads\/2025\/03\/15-150x150.jpg 150w, https:\/\/www.cosmepak.com\/wp-content\/uploads\/2025\/03\/15-768x768.jpg 768w, https:\/\/www.cosmepak.com\/wp-content\/uploads\/2025\/03\/15-12x12.jpg 12w, https:\/\/www.cosmepak.com\/wp-content\/uploads\/2025\/03\/15-600x600.jpg 600w, https:\/\/www.cosmepak.com\/wp-content\/uploads\/2025\/03\/15-100x100.jpg 100w\" sizes=\"(max-width: 1000px) 100vw, 1000px\" \/><\/td>\n<td style=\"width: 33.3333%;\"><img loading=\"lazy\" decoding=\"async\" class=\"alignnone size-full wp-image-3971\" src=\"https:\/\/www.cosmepak.com\/wp-content\/uploads\/2025\/03\/14.jpg\" alt=\"\" width=\"1000\" height=\"1000\" srcset=\"https:\/\/www.cosmepak.com\/wp-content\/uploads\/2025\/03\/14.jpg 1000w, https:\/\/www.cosmepak.com\/wp-content\/uploads\/2025\/03\/14-300x300.jpg 300w, https:\/\/www.cosmepak.com\/wp-content\/uploads\/2025\/03\/14-150x150.jpg 150w, https:\/\/www.cosmepak.com\/wp-content\/uploads\/2025\/03\/14-768x768.jpg 768w, https:\/\/www.cosmepak.com\/wp-content\/uploads\/2025\/03\/14-12x12.jpg 12w, https:\/\/www.cosmepak.com\/wp-content\/uploads\/2025\/03\/14-600x600.jpg 600w, https:\/\/www.cosmepak.com\/wp-content\/uploads\/2025\/03\/14-100x100.jpg 100w\" sizes=\"(max-width: 1000px) 100vw, 1000px\" \/><\/td>\n<\/tr>\n<\/tbody>\n<\/table>\n<p class=\"ai-center-markdown-p\">","protected":false},"excerpt":{"rendered":"<p>V\u1eadt li\u1ec7u chai: th\u1ee7y tinh<\/p>\n<p>NAPCITY: 50ml<\/p>\n<p>K\u00edch th\u01b0\u1edbc: Chi\u1ec1u d\u00e0i: 65,2mm;<\/p>\n<p>Tr\u1ecdng l\u01b0\u1ee3ng \u0111\u01a1n: 143g<\/p>\n<p>M\u00e0u s\u1eafc: T\u00f9y ch\u1ec9nh<\/p>\n<p>B\u1ec1 m\u1eb7t ho\u00e0n thi\u1ec7n: In m\u00e0n h\u00ecnh, s\u01b0\u01a1ng gi\u00e1, d\u1eadp n\u00f3ng, gradient phun, k\u1ebft th\u00fac m\u1edd, v.v.<\/p>\n<p>MOQ: 5000pcs;<\/p>\n<p>&nbsp;<\/p>","protected":false},"featured_media":1470,"comment_status":"closed","ping_status":"closed","template":"","meta":{"_acf_changed":false},"product_brand":[],"product_cat":[17],"product_tag":[],"class_list":{"0":"post-1473","1":"product","2":"type-product","3":"status-publish","4":"has-post-thumbnail","6":"product_cat-perfume-bottle","8":"first","9":"outofstock","10":"shipping-taxable","11":"product-type-simple"},"acf":[],"_links":{"self":[{"href":"https:\/\/www.cosmepak.com\/vi\/wp-json\/wp\/v2\/product\/1473","targetHints":{"allow":["GET"]}}],"collection":[{"href":"https:\/\/www.cosmepak.com\/vi\/wp-json\/wp\/v2\/product"}],"about":[{"href":"https:\/\/www.cosmepak.com\/vi\/wp-json\/wp\/v2\/types\/product"}],"replies":[{"embeddable":true,"href":"https:\/\/www.cosmepak.com\/vi\/wp-json\/wp\/v2\/comments?post=1473"}],"wp:featuredmedia":[{"embeddable":true,"href":"https:\/\/www.cosmepak.com\/vi\/wp-json\/wp\/v2\/media\/1470"}],"wp:attachment":[{"href":"https:\/\/www.cosmepak.com\/vi\/wp-json\/wp\/v2\/media?parent=1473"}],"wp:term":[{"taxonomy":"product_brand","embeddable":true,"href":"https:\/\/www.cosmepak.com\/vi\/wp-json\/wp\/v2\/product_brand?post=1473"},{"taxonomy":"product_cat","embeddable":true,"href":"https:\/\/www.cosmepak.com\/vi\/wp-json\/wp\/v2\/product_cat?post=1473"},{"taxonomy":"product_tag","embeddable":true,"href":"https:\/\/www.cosmepak.com\/vi\/wp-json\/wp\/v2\/product_tag?post=1473"}],"curies":[{"name":"WP","href":"https:\/\/api.w.org\/{rel}","templated":true}]}}