{"id":1476,"date":"2025-03-27T15:59:57","date_gmt":"2025-03-27T07:59:57","guid":{"rendered":"https:\/\/www.cosmepak.com\/?post_type=product&#038;p=1476"},"modified":"2026-01-30T16:19:39","modified_gmt":"2026-01-30T08:19:39","slug":"chai-nuoc-hoa-15ml-nho-capcity-chai-nuoc-hoa-vang","status":"publish","type":"product","link":"https:\/\/www.cosmepak.com\/vi\/product\/perfume-bottle-15ml-small-capcity-perfume-bottle-jaunce\/","title":{"rendered":"Chai n\u01b0\u1edbc hoa -15ml chai n\u01b0\u1edbc hoa nh\u1ecf\/ jaunce"},"content":{"rendered":"<table style=\"border-collapse: collapse; width: 100%; height: 216px;\">\n<tbody>\n<tr style=\"height: 24px;\">\n<td style=\"width: 44.5017%; height: 24px; text-align: center;\">Dung t\u00edch<\/td>\n<td style=\"width: 55.4983%; height: 24px; text-align: center;\">\u00a015ml<\/td>\n<\/tr>\n<tr style=\"height: 24px;\">\n<td style=\"width: 44.5017%; height: 24px; text-align: center;\">Ng\u01b0\u1eddi m\u1eabu<\/td>\n<td style=\"width: 55.4983%; height: 24px; text-align: center;\">JH-15<\/td>\n<\/tr>\n<tr style=\"height: 24px;\">\n<td style=\"width: 44.5017%; height: 24px; text-align: center;\">V\u1eadt li\u1ec7u chai<\/td>\n<td style=\"width: 55.4983%; height: 24px; text-align: center;\">Th\u1ee7y tinh<\/td>\n<\/tr>\n<tr style=\"height: 24px;\">\n<td style=\"width: 44.5017%; height: 24px; text-align: center;\">N\u1eafp<\/td>\n<td style=\"width: 55.4983%; height: 24px; text-align: center;\">M\u00e0u v\u00e0ng \/ \u0111en \/ b\u1ea1c<\/td>\n<\/tr>\n<tr style=\"height: 24px;\">\n<td style=\"width: 44.5017%; height: 24px; text-align: center;\">K\u00edch c\u1ee1<\/td>\n<td style=\"width: 55.4983%; height: 24px; text-align: center;\">23*126mm<\/td>\n<\/tr>\n<tr style=\"height: 24px;\">\n<td style=\"width: 44.5017%; height: 24px; text-align: center;\">C\u00e2n n\u1eb7ng<\/td>\n<td style=\"width: 55.4983%; height: 24px; text-align: center;\">60g<\/td>\n<\/tr>\n<tr style=\"height: 24px;\">\n<td style=\"width: 44.5017%; height: 24px; text-align: center;\">T\u00f9y ch\u1ec9nh<\/td>\n<td style=\"width: 55.4983%; height: 24px; text-align: center;\">Ch\u1ea5p nh\u1eadn<\/td>\n<\/tr>\n<tr style=\"height: 24px;\">\n<td style=\"width: 44.5017%; height: 24px; text-align: center;\">M\u00e0u s\u1eafc<\/td>\n<td style=\"width: 55.4983%; height: 24px; text-align: center;\">T\u00f9y ch\u1ec9nh<\/td>\n<\/tr>\n<tr style=\"height: 24px;\">\n<td style=\"width: 44.5017%; height: 24px; text-align: center;\">S\u1ea3n ph\u1ea9m OEM \/ ODM<\/td>\n<td style=\"width: 55.4983%; height: 24px; text-align: center;\">Ch\u1ea5p nh\u1eadn<\/td>\n<\/tr>\n<\/tbody>\n<\/table>\n<p>Trong m\u1ed9t th\u1eddi \u0111\u1ea1i m\u00e0 ch\u1ee7 ngh\u0129a t\u1ed1i thi\u1ec3u g\u1eb7p g\u1ee1 s\u1ef1 sang tr\u1ecdng c\u1ed1 \u00fd, c\u00e1c l\u1ecd n\u01b0\u1edbc hoa di \u0111\u1ed9ng n\u00e0y \u0111\u1ee9ng nh\u01b0 nh\u1eefng ch\u1ee9ng minh nh\u1ecf b\u00e9 cho thi\u1ebft k\u1ebf c\u00f3 \u00fd ngh\u0129 v\u00e0 tinh t\u1ebf h\u00e0ng ng\u00e0y.<\/p>\n<p>\u0110\u00e2y l\u00e0 m\u1ed9t chai n\u01b0\u1edbc hoa m\u1ecfng k\u00edch th\u01b0\u1edbc nh\u1ecf 15ml, v\u1edbi \u0111\u01b0\u1eddng k\u00ednh 23mm v\u00e0 chi\u1ec1u cao 126mm. N\u00f3 c\u00f3 th\u1ec3 \u0111\u01b0\u1ee3c \u0111\u1eb7t trong b\u1ea5t k\u1ef3 t\u00fai n\u00e0o v\u00e0 thu\u1eadn ti\u1ec7n \u0111\u1ec3 mang theo. Chai n\u00e0y c\u00f3 hai ki\u1ec3u: h\u00ecnh tr\u1ee5 v\u00e0 h\u00ecnh ch\u1eef nh\u1eadt. Thi\u1ebft k\u1ebf \u0111\u00e1y d\u00e0y l\u00e0m cho chai tr\u00f4ng c\u00f3 k\u1ebft c\u1ea5u h\u01a1n. M\u1edf chai r\u00e8n l\u00e0 thu\u1eadn ti\u1ec7n \u0111\u1ec3 l\u1ea5p \u0111\u1ea7y v\u00e0 c\u00f3 th\u1ec3 \u0111\u01b0\u1ee3c t\u00e1i s\u1eed d\u1ee5ng.<\/p>\n<p>Th\u00e2n chai th\u1ee7y tinh trong su\u1ed1t cho ph\u00e9p b\u1ea1n nh\u00ecn r\u00f5 tr\u1ea1ng th\u00e1i s\u1eed d\u1ee5ng. Phun ren c\u00f3 t\u00f9y ch\u1ecdn m\u00e0u \u00e9p phun v\u00e0 l\u1edbp ph\u1ee7 \u0111i\u1ec7n nh\u00f4m. Khi k\u1ebft h\u1ee3p v\u1edbi v\u1ecf b\u00ean ngo\u00e0i c\u00f9ng m\u00e0u s\u1eafc, s\u1ef1 xu\u1ea5t hi\u1ec7n t\u1ed5ng th\u1ec3 h\u00e0i h\u00f2a v\u00e0 ph\u1ed1i h\u1ee3p.<\/p>\n<p>N\u1eafp chai g\u1ed7 t\u1ef1 nhi\u00ean c\u00f3 m\u00e0u s\u1ed3i \u00e1nh s\u00e1ng \u1ea5m \u00e1p v\u00e0 m\u00e0u h\u1ea1t ch\u00f3 phong ph\u00fa \u0111\u1ec3 b\u1ea1n l\u1ef1a ch\u1ecdn. M\u1ed7i m\u00e0u c\u00f3 m\u00f4 h\u00ecnh k\u1ebft c\u1ea5u \u0111\u1ed9c \u0111\u00e1o c\u1ee7a ri\u00eang m\u00ecnh, th\u00eam m\u1ed9t c\u1ea3m gi\u00e1c v\u1ebb \u0111\u1eb9p t\u1ef1 nhi\u00ean. Chai nh\u1ecf \u0111\u01b0\u1ee3c bao ph\u1ee7 kim lo\u1ea1i cung c\u1ea5p m\u1ed9t tr\u1ea3i nghi\u1ec7m sang tr\u1ecdng t\u1ed1i thi\u1ec3u v\u00e0 hi\u1ec7n \u0111\u1ea1i. C\u01a1 th\u1ec3 k\u00ednh cong v\u00e0 m\u1ecbn c\u1ee7a n\u00f3 c\u1ea3m th\u1ea5y c\u1ef1c k\u1ef3 nh\u1eb9 trong tay, trong khi n\u1eafp kim lo\u1ea1i ch\u1ea5t l\u01b0\u1ee3ng cao &#8211; m\u00e0u \u0111en m\u1edd, b\u1ea1c \u0111\u00e1nh b\u00f3ng v\u00e0 v\u00e0ng \u1ea5m \u00e1p &#8211; th\u00eam m\u1ed9t tr\u1ecdng l\u01b0\u1ee3ng th\u1ecfa m\u00e3n, l\u00e0m n\u1ed5i b\u1eadt ch\u1ea5t l\u01b0\u1ee3ng cao c\u1ee7a s\u1ea3n ph\u1ea9m.<\/p>\n<p class=\"ai-center-markdown-p\">T\u1ea1i sao ch\u1ecdn chai n\u01b0\u1edbc hoa c\u1ee7a ch\u00fang t\u00f4i?<\/p>\n<p>1. ch\u1ed1ng r\u00f2 r\u1ec9, ni\u00eam phong k\u00edn kh\u00f4ng kh\u00ed cho du l\u1ecbch kh\u00f4ng h\u1ed7n lo\u1ea1n<\/p>\n<p>2.Reusable &amp; amp; c\u00f3 th\u1ec3 l\u1ea5p l\u1ea1i \u0111\u1ec3 gi\u1ea3m ch\u1ea5t th\u1ea3i<\/p>\n<p>3. T\u00f9y ch\u1ecdn thi\u1ebft k\u1ebf k\u00e9p \u0111\u1ec3 ph\u00f9 h\u1ee3p v\u1edbi phong c\u00e1ch c\u00e1 nh\u00e2n c\u1ee7a b\u1ea1n<\/p>\n<p>4. k\u00edch th\u01b0\u1edbc nh\u1ecf g\u1ecdn 10ml - \u0111\u01b0\u1ee3c ch\u1ea5p thu\u1eadn cho h\u00e0nh l\u00fd c\u1ea7m tay<\/p>\n<p>Ch\u00fang t\u00f4i c\u0169ng h\u1ed7 tr\u1ee3 c\u00e1c gi\u1ea3i ph\u00e1p \u0111\u00f3ng g\u00f3i m\u1ef9 ph\u1ea9m m\u1ed9t d\u1eebng. cho chai ch\u00fang t\u00f4i c\u00f3 th\u1ec3 cung c\u1ea5p t\u00f9y ch\u1ec9nh m\u00e0u s\u1eafc (ch\u00fang t\u00f4i c\u00f3 th\u1ec3 s\u1ea3n xu\u1ea5t theo b\u1ea5t k\u1ef3 m\u00e0u pantone n\u00e0o), in m\u00e0n h\u00ecnh l\u1ee5a theo d\u1ecbch v\u1ee5 v\u1ebd ngh\u1ec7 thu\u1eadt ho\u1eb7c d\u00e1n nh\u00e3n c\u1ee7a b\u1ea1n. n\u1ebfu c\u0169ng c\u00f3 th\u1ec3 gi\u00fap b\u1ea1n cung c\u1ea5p h\u1ed9p g\u00f3i vv b\u1ea5t k\u1ef3 y\u00eau c\u1ea7u n\u00e0o vui l\u00f2ng g\u1eedi email cho ch\u00fang t\u00f4i, ch\u00fang t\u00f4i c\u00f3 th\u1ec3 cung c\u1ea5p t\u00e0i li\u1ec7u tham kh\u1ea3o cho b\u1ea1n.<\/p>\n<p>N\u00e2ng cao th\u00f3i quen th\u01a1m m\u00f9i c\u1ee7a b\u1ea1n v\u1edbi b\u1ed9 s\u01b0u t\u1eadp l\u1ecd n\u01b0\u1edbc hoa di \u0111\u1ed9ng c\u1ee7a ch\u00fang t\u00f4i - n\u01a1i thi\u1ebft k\u1ebf t\u1ed1i thi\u1ec3u \u0111\u00e1p \u1ee9ng s\u1ef1 sang tr\u1ecdng h\u00e0ng ng\u00e0y, ho\u00e0n h\u1ea3o \u0111\u1ec3 mang theo m\u00f9i h\u01b0\u01a1ng y\u00eau th\u00edch c\u1ee7a b\u1ea1n t\u1eeb ph\u00f2ng h\u1ecdp \u0111\u1ebfn b\u1eefa s\u00e1ng.<\/p>\n<p>&nbsp;<\/p>\n<p><img fetchpriority=\"high\" decoding=\"async\" class=\"alignnone wp-image-1483\" src=\"https:\/\/www.cosmepak.com\/wp-content\/uploads\/2025\/03\/O1CN01bOJLYM25jRr6vrORN_2778787562-0-cib.jpg\" alt=\"\" width=\"1378\" height=\"1378\" srcset=\"https:\/\/www.cosmepak.com\/wp-content\/uploads\/2025\/03\/O1CN01bOJLYM25jRr6vrORN_2778787562-0-cib.jpg 1000w, https:\/\/www.cosmepak.com\/wp-content\/uploads\/2025\/03\/O1CN01bOJLYM25jRr6vrORN_2778787562-0-cib-300x300.jpg 300w, https:\/\/www.cosmepak.com\/wp-content\/uploads\/2025\/03\/O1CN01bOJLYM25jRr6vrORN_2778787562-0-cib-150x150.jpg 150w, https:\/\/www.cosmepak.com\/wp-content\/uploads\/2025\/03\/O1CN01bOJLYM25jRr6vrORN_2778787562-0-cib-768x768.jpg 768w, https:\/\/www.cosmepak.com\/wp-content\/uploads\/2025\/03\/O1CN01bOJLYM25jRr6vrORN_2778787562-0-cib-600x600.jpg 600w, https:\/\/www.cosmepak.com\/wp-content\/uploads\/2025\/03\/O1CN01bOJLYM25jRr6vrORN_2778787562-0-cib-100x100.jpg 100w\" sizes=\"(max-width: 1378px) 100vw, 1378px\" \/><\/p>\n<table style=\"border-collapse: collapse; width: 100%;\">\n<tbody>\n<tr>\n<td style=\"width: 33.3333%;\"><img decoding=\"async\" class=\"alignnone size-full wp-image-3954\" src=\"https:\/\/www.cosmepak.com\/wp-content\/uploads\/2025\/03\/31-1.jpg\" alt=\"\" width=\"1000\" height=\"1000\" srcset=\"https:\/\/www.cosmepak.com\/wp-content\/uploads\/2025\/03\/31-1.jpg 1000w, https:\/\/www.cosmepak.com\/wp-content\/uploads\/2025\/03\/31-1-300x300.jpg 300w, https:\/\/www.cosmepak.com\/wp-content\/uploads\/2025\/03\/31-1-150x150.jpg 150w, https:\/\/www.cosmepak.com\/wp-content\/uploads\/2025\/03\/31-1-768x768.jpg 768w, https:\/\/www.cosmepak.com\/wp-content\/uploads\/2025\/03\/31-1-12x12.jpg 12w, https:\/\/www.cosmepak.com\/wp-content\/uploads\/2025\/03\/31-1-600x600.jpg 600w, https:\/\/www.cosmepak.com\/wp-content\/uploads\/2025\/03\/31-1-100x100.jpg 100w\" sizes=\"(max-width: 1000px) 100vw, 1000px\" \/><\/td>\n<td style=\"width: 33.3333%;\"><img decoding=\"async\" class=\"alignnone size-full wp-image-3953\" src=\"https:\/\/www.cosmepak.com\/wp-content\/uploads\/2025\/03\/21-1.jpg\" alt=\"\" width=\"1000\" height=\"1000\" srcset=\"https:\/\/www.cosmepak.com\/wp-content\/uploads\/2025\/03\/21-1.jpg 1000w, https:\/\/www.cosmepak.com\/wp-content\/uploads\/2025\/03\/21-1-300x300.jpg 300w, https:\/\/www.cosmepak.com\/wp-content\/uploads\/2025\/03\/21-1-150x150.jpg 150w, https:\/\/www.cosmepak.com\/wp-content\/uploads\/2025\/03\/21-1-768x768.jpg 768w, https:\/\/www.cosmepak.com\/wp-content\/uploads\/2025\/03\/21-1-12x12.jpg 12w, https:\/\/www.cosmepak.com\/wp-content\/uploads\/2025\/03\/21-1-600x600.jpg 600w, https:\/\/www.cosmepak.com\/wp-content\/uploads\/2025\/03\/21-1-100x100.jpg 100w\" sizes=\"(max-width: 1000px) 100vw, 1000px\" \/><\/td>\n<td style=\"width: 33.3333%;\"><img loading=\"lazy\" decoding=\"async\" class=\"alignnone size-full wp-image-3955\" src=\"https:\/\/www.cosmepak.com\/wp-content\/uploads\/2025\/03\/41-1.jpg\" alt=\"\" width=\"1000\" height=\"1000\" srcset=\"https:\/\/www.cosmepak.com\/wp-content\/uploads\/2025\/03\/41-1.jpg 1000w, https:\/\/www.cosmepak.com\/wp-content\/uploads\/2025\/03\/41-1-300x300.jpg 300w, https:\/\/www.cosmepak.com\/wp-content\/uploads\/2025\/03\/41-1-150x150.jpg 150w, https:\/\/www.cosmepak.com\/wp-content\/uploads\/2025\/03\/41-1-768x768.jpg 768w, https:\/\/www.cosmepak.com\/wp-content\/uploads\/2025\/03\/41-1-12x12.jpg 12w, https:\/\/www.cosmepak.com\/wp-content\/uploads\/2025\/03\/41-1-600x600.jpg 600w, https:\/\/www.cosmepak.com\/wp-content\/uploads\/2025\/03\/41-1-100x100.jpg 100w\" sizes=\"(max-width: 1000px) 100vw, 1000px\" \/><\/td>\n<\/tr>\n<\/tbody>\n<\/table>\n<p class=\"ai-center-markdown-p\">\u0110\u1ec3 bi\u1ebft th\u00eam th\u00f4ng tin ho\u1eb7c mua, vui l\u00f2ng truy c\u1eadp trang web c\u1ee7a ch\u00fang t\u00f4i ho\u1eb7c li\u00ean h\u1ec7 v\u1edbi \u0111\u1ed9i ng\u0169 d\u1ecbch v\u1ee5 kh\u00e1ch h\u00e0ng c\u1ee7a ch\u00fang t\u00f4i.<\/p>\n<p>&nbsp;<\/p>\n<p class=\"ai-center-markdown-p\">","protected":false},"excerpt":{"rendered":"<p>V\u1eadt li\u1ec7u chai: th\u1ee7y tinh<\/p>\n<p>Capcity: 15ml<\/p>\n<p>K\u00edch th\u01b0\u1edbc: Chi\u1ec1u d\u00e0i: OD: 23,1mm;<\/p>\n<p>Tr\u1ecdng l\u01b0\u1ee3ng \u0111\u01a1n: 60g<\/p>\n<p>M\u00e0u s\u1eafc: T\u00f9y ch\u1ec9nh<\/p>\n<p>B\u1ec1 m\u1eb7t ho\u00e0n thi\u1ec7n: In m\u00e0n h\u00ecnh, s\u01b0\u01a1ng gi\u00e1, d\u1eadp n\u00f3ng, gradient phun, k\u1ebft th\u00fac m\u1edd, v.v.<\/p>\n<p>MOQ: 5000pcs;<\/p>\n<p>&nbsp;<\/p>","protected":false},"featured_media":1482,"comment_status":"closed","ping_status":"closed","template":"","meta":{"_acf_changed":false},"product_brand":[],"product_cat":[17],"product_tag":[],"class_list":{"0":"post-1476","1":"product","2":"type-product","3":"status-publish","4":"has-post-thumbnail","6":"product_cat-perfume-bottle","8":"first","9":"outofstock","10":"shipping-taxable","11":"product-type-simple"},"acf":[],"_links":{"self":[{"href":"https:\/\/www.cosmepak.com\/vi\/wp-json\/wp\/v2\/product\/1476","targetHints":{"allow":["GET"]}}],"collection":[{"href":"https:\/\/www.cosmepak.com\/vi\/wp-json\/wp\/v2\/product"}],"about":[{"href":"https:\/\/www.cosmepak.com\/vi\/wp-json\/wp\/v2\/types\/product"}],"replies":[{"embeddable":true,"href":"https:\/\/www.cosmepak.com\/vi\/wp-json\/wp\/v2\/comments?post=1476"}],"wp:featuredmedia":[{"embeddable":true,"href":"https:\/\/www.cosmepak.com\/vi\/wp-json\/wp\/v2\/media\/1482"}],"wp:attachment":[{"href":"https:\/\/www.cosmepak.com\/vi\/wp-json\/wp\/v2\/media?parent=1476"}],"wp:term":[{"taxonomy":"product_brand","embeddable":true,"href":"https:\/\/www.cosmepak.com\/vi\/wp-json\/wp\/v2\/product_brand?post=1476"},{"taxonomy":"product_cat","embeddable":true,"href":"https:\/\/www.cosmepak.com\/vi\/wp-json\/wp\/v2\/product_cat?post=1476"},{"taxonomy":"product_tag","embeddable":true,"href":"https:\/\/www.cosmepak.com\/vi\/wp-json\/wp\/v2\/product_tag?post=1476"}],"curies":[{"name":"WP","href":"https:\/\/api.w.org\/{rel}","templated":true}]}}