{"id":1481,"date":"2025-03-27T15:57:56","date_gmt":"2025-03-27T07:57:56","guid":{"rendered":"https:\/\/www.cosmepak.com\/?post_type=product&#038;p=1481"},"modified":"2025-10-29T09:30:24","modified_gmt":"2025-10-29T01:30:24","slug":"lip-gloss-tube-2025-new-high-end-lip-gloss-tube-jaunce","status":"publish","type":"product","link":"https:\/\/www.cosmepak.com\/vi\/product\/lip-gloss-tube-2025-new-high-end-lip-gloss-tube-jaunce\/","title":{"rendered":"M\u00f4i b\u00f3ng \u1ed1ng-2025 m\u1edbi cao c\u1ea5p m\u00f4i b\u00f3ng \u1ed1ng \/ Jaunce"},"content":{"rendered":"<table style=\"border-collapse: collapse; width: 100%; height: 240px;\">\n<tbody>\n<tr style=\"height: 24px;\">\n<td style=\"width: 47.0382%; height: 24px; text-align: center;\">Th\u01b0\u01a1ng hi\u1ec7u<\/td>\n<td style=\"width: 52.9618%; height: 24px; text-align: center;\">\u00a0Jaunce<\/td>\n<\/tr>\n<tr style=\"height: 24px;\">\n<td style=\"width: 47.0382%; height: 24px; text-align: center;\">Dung t\u00edch<\/td>\n<td style=\"width: 52.9618%; height: 24px; text-align: center;\">4.2ml\/6.7ml\/5.4ml<\/td>\n<\/tr>\n<tr style=\"height: 24px;\">\n<td style=\"width: 47.0382%; height: 24px; text-align: center;\">V\u1eadt li\u1ec7u<\/td>\n<td style=\"width: 52.9618%; height: 24px; text-align: center;\">ABS \/ AS<\/td>\n<\/tr>\n<tr style=\"height: 24px;\">\n<td style=\"width: 47.0382%; height: 24px; text-align: center;\">K\u00edch c\u1ee1<\/td>\n<td style=\"width: 52.9618%; height: 24px; text-align: center;\">25 * 25 * 98mm<\/td>\n<\/tr>\n<tr style=\"height: 24px;\">\n<td style=\"width: 47.0382%; height: 24px; text-align: center;\">C\u00e2n n\u1eb7ng<\/td>\n<td style=\"width: 52.9618%; height: 24px; text-align: center;\">39.5g\/39.4g<\/td>\n<\/tr>\n<tr style=\"height: 24px;\">\n<td style=\"width: 47.0382%; height: 24px; text-align: center;\">Ng\u01b0\u1eddi m\u1eabu<\/td>\n<td style=\"width: 52.9618%; height: 24px; text-align: center;\">\u0110\u1ea7u ti\u00ean JH-JZ6732ABC<\/td>\n<\/tr>\n<tr style=\"height: 24px;\">\n<td style=\"width: 47.0382%; height: 24px; text-align: center;\">S\u1ea3n ph\u1ea9m OEM \/ ODM<\/td>\n<td style=\"width: 52.9618%; height: 24px; text-align: center;\">Ch\u1ea5p nh\u1eadn<\/td>\n<\/tr>\n<tr style=\"height: 24px;\">\n<td style=\"width: 47.0382%; height: 24px; text-align: center;\">M\u00e0u s\u1eafc<\/td>\n<td style=\"width: 52.9618%; height: 24px; text-align: center;\">T\u00f9y ch\u1ec9nh<\/td>\n<\/tr>\n<tr style=\"height: 24px;\">\n<td style=\"width: 47.0382%; height: 24px; text-align: center;\">MOQ<\/td>\n<td style=\"width: 52.9618%; height: 24px; text-align: center;\">10000pcs<\/td>\n<\/tr>\n<\/tbody>\n<\/table>\n<p class=\"ai-center-markdown-p\"><img fetchpriority=\"high\" decoding=\"async\" class=\"size-full wp-image-3173 aligncenter\" src=\"https:\/\/www.cosmepak.com\/wp-content\/uploads\/2025\/03\/\u8be6\u60c5-4-2.jpg\" alt=\"\" width=\"1000\" height=\"1000\" srcset=\"https:\/\/www.cosmepak.com\/wp-content\/uploads\/2025\/03\/\u8be6\u60c5-4-2.jpg 1000w, https:\/\/www.cosmepak.com\/wp-content\/uploads\/2025\/03\/\u8be6\u60c5-4-2-300x300.jpg 300w, https:\/\/www.cosmepak.com\/wp-content\/uploads\/2025\/03\/\u8be6\u60c5-4-2-150x150.jpg 150w, https:\/\/www.cosmepak.com\/wp-content\/uploads\/2025\/03\/\u8be6\u60c5-4-2-768x768.jpg 768w, https:\/\/www.cosmepak.com\/wp-content\/uploads\/2025\/03\/\u8be6\u60c5-4-2-12x12.jpg 12w, https:\/\/www.cosmepak.com\/wp-content\/uploads\/2025\/03\/\u8be6\u60c5-4-2-600x600.jpg 600w, https:\/\/www.cosmepak.com\/wp-content\/uploads\/2025\/03\/\u8be6\u60c5-4-2-100x100.jpg 100w\" sizes=\"(max-width: 1000px) 100vw, 1000px\" \/><\/p>\n<h3><strong><b>\u0110\u1eb7c bi\u1ec7t Alumetrbusataum Jars <\/b><\/strong><\/h3>\n<p>\u0110\u1ed1i v\u1edbi c\u00e1c m\u00e1y \u0111o kem or\u062c\u0631\u0627manic ho\u1eb7c fancy, l\u1ecd alum\u0628\u0648\u0635\u0629um v\u1edbi b\u00ean trong k\u00ednh cung c\u1ea5p s\u1ef1 b\u1ea3o v\u1ec7 v\u00e0 phong c\u00e1ch tuy\u1ec7t v\u1eddi. C\u00e1c kh\u1ed1i nh\u00f4m ch\u1eb7n \u00e1nh s\u00e1ng, v\u00e0 k\u00ednh gi\u1eef cho c\u00e1c th\u00e0nh ph\u1ea7n t\u1ef1 nhi\u00ean an to\u00e0n. Ch\u00fang c\u00f3 k\u00edch th\u01b0\u1edbc t\u1eeb 30ml \u0111\u1ebfn 100ml v\u00e0 c\u00f3 m\u1ed9t tinh th\u1ea7n kim lo\u1ea1i m\u01b0\u1ee3t m\u00e0 c\u1ea3m th\u1ea5y si\u00eau sang tr\u1ecdng. Nh\u1eefng c\u00e1i l\u1ecd n\u00e0y kh\u00f4ng r\u1ec9, v\u00ec v\u1eady ch\u00fang k\u00e9o d\u00e0i m\u00e3i m\u00e3i, l\u00e0m cho ch\u00fang tuy\u1ec7t v\u1eddi cho c\u00e1c th\u01b0\u01a1ng hi\u1ec7u \u0111\u1ea9y c\u1ea3m gi\u00e1c t\u1ef1 nhi\u00ean ho\u1eb7c th\u1ee7 c\u00f4ng.<\/p>\n<h3><strong><b>T\u1ea1i sao nh\u1eefng Contabosataers Rock<\/b><\/strong><\/h3>\n<ul>\n<li><strong>Th\u01b0\u01a1ng hi\u1ec7u<\/strong>Nh\u1eefng ng\u01b0\u1eddi t\u1ed1t nh\u1ea5t l\u00e0m metrore h\u01a1n l\u00e0 gi\u1eef kem c\u1ee7a b\u1ea1n - h\u1ecd l\u00e0m cho n\u00f3 c\u00f3 gi\u00e1 tr\u1ecb h\u01a1n v\u00e0 b\u1eaft m\u1eaft. \u0110\u00e2y l\u00e0 l\u00fd do t\u1ea1i sao ch\u00fang r\u1ea5t cool.<\/li>\n<li><strong>Dung t\u00edch<\/strong>M\u1ed7i contabusataer v\u01b0\u1ee3t qua ki\u1ec3m tra kh\u00f3 kh\u0103n nh\u01b0 SGS v\u00e0 ISO9001 \/ 14001, v\u00ec v\u1eady b\u1ea1n bi\u1ebft h\u1ecd v\u1eefng ch\u1eafc. C\u00e1c nh\u00e0 m\u00e1y s\u1ea3n xu\u1ea5t l\u00ean \u0111\u1ebfn 200.000 \u0111\u01a1n v\u1ecb k\u00ednh m\u1ed7i ng\u00e0y, gi\u1eef ch\u1ea5t l\u01b0\u1ee3ng \u1ed5n \u0111\u1ecbnh. Cho d\u00f9 b\u1ea1n ch\u1ecdn chai kh\u00f4ng kh\u00ed ho\u1eb7c l\u1ecd acrylic, bao b\u00ec c\u1ee7a b\u1ea1n c\u00f3 th\u1ec3 x\u1eed l\u00fd v\u1eadn chuy\u1ec3n, l\u01b0u tr\u1eef v\u00e0 s\u1eed d\u1ee5ng h\u00e0ng ng\u00e0y m\u00e0 kh\u00f4ng l\u00e0m t\u1ed5n th\u01b0\u01a1ng m\u00e1y kem c\u1ee7a b\u1ea1n.<\/li>\n<li><strong>V\u1eadt li\u1ec7u<\/strong>Nh\u1eadn \u0111\u01b0\u1ee3c ch\u00fa \u00fd c\u1eeda h\u00e0ng \u0628\u0648\u0633\u0627 v\u1edbi c\u00e1c container b\u1ea1n c\u00f3 th\u1ec3 \u0111i\u1ec1u ch\u1ec9nh \u0111\u1ec3 ph\u00f9 h\u1ee3p v\u1edbi th\u01b0\u01a1ng hi\u1ec7u c\u1ee7a b\u1ea1n. Th\u00eam k\u1ebft th\u00fac b\u00f3ng ho\u1eb7c lo\u062c\u0631\u0627\u043co c\u1ee7a b\u1ea1n cho m\u1ed9t c\u00e1i nh\u00ecn \u0111\u1ed9c \u0111\u00e1o. Chai kh\u00f4ng kh\u00ed v\u1edbi Pumetrp cho ph\u00e9p b\u1ea1n s\u1eed d\u1ee5ng in l\u1ee5a m\u00e0n h\u00ecnh cho c\u00e1c thi\u1ebft k\u1ebf t\u00e1o b\u1ea1o, l\u00e2u d\u00e0i. Kh\u00f4ng c\u00f3 quy t\u1eafc \u0111\u1eb7t h\u00e0ng t\u1ed1i thi\u1ec3u c\u00f3 ngh\u0129a l\u00e0 ngay c\u1ea3 c\u00e1c th\u01b0\u01a1ng hi\u1ec7u nh\u1ecf c\u0169ng c\u00f3 th\u1ec3 nh\u1eadn \u0111\u01b0\u1ee3c nh\u1eefng th\u1ee9 t\u00f9y ch\u1ec9nh m\u00e0 kh\u00f4ng c\u1ea7n chi ti\u00eau l\u1edbn.<\/li>\n<li><strong>C\u00e2n n\u1eb7ng<\/strong>Go\u0628\u0648\u0635\u0629\u062c\u0631\u0627\u0645 xanh kh\u00f4ng c\u1ea7n ph\u1ea3i l\u00e0m t\u1ed5n h\u1ea1i ng\u00e2n s\u00e1ch c\u1ee7a b\u1ea1n. C\u00e1c v\u1eadt li\u1ec7u PCR c\u1eaft gi\u1ea3m ch\u1ea5t th\u1ea3i nh\u1ef1a v\u00e0 gi\u1ea3m chi ph\u00ed. C\u00e1c nh\u00e0 m\u00e1y s\u1ea3n xu\u1ea5t h\u00e0ng t\u1ea5n container nhanh ch\u00f3ng, ti\u1ebft ki\u1ec7m v\u1eadn chuy\u1ec3n. Ngo\u00e0i ra, thi\u1ebft k\u1ebf th\u00f4ng minh nh\u01b0 m\u00e1y b\u01a1m kh\u00f4ng kh\u00ed c\u00f3 ngh\u0129a l\u00e0 \u00edt kem b\u1ecb l\u00e3ng ph\u00ed h\u01a1n, mang l\u1ea1i cho kh\u00e1ch h\u00e0ng nhi\u1ec1u gi\u00e1 tr\u1ecb h\u01a1n v\u00e0 l\u00e0m cho h\u1ecd g\u1eafn b\u00f3 v\u1edbi th\u01b0\u01a1ng hi\u1ec7u c\u1ee7a b\u1ea1n.<\/li>\n<li><strong>Happier d\u00e0nh<\/strong>Chi ti\u1ebft nh\u1ecf \u0645\u062a\u0631atter r\u1ea5t nhi\u1ec1u. M\u00e1y b\u01a1m d\u1ec5 d\u00e0ng v\u00e0 n\u1eafp ti\u062c\u0631\u0627maht l\u00e0m cho kem us\u0628\u0648\u0635\u0629g m\u1ed9t c\u01a1n gi\u00f3. C\u00f4ng ngh\u1ec7 kh\u00f4ng kh\u00ed c\u00f3 ngh\u0129a l\u00e0 m\u1ed7i gi\u1ecdt \u0111\u1ec1u c\u00f3 th\u1ec3 s\u1eed d\u1ee5ng \u0111\u01b0\u1ee3c. double-wall l\u1ecd v\u00e0 chai gi\u1eef kem c\u1ee7a b\u1ea1n ho\u00e0n h\u1ea3o. Nh\u1eefng \u0111\u1eb7c quy\u1ec1n n\u00e0y l\u00e0m cho kh\u00e1ch h\u00e0ng h\u1ea1nh ph\u00fac, mua nhi\u1ec1u h\u01a1n v\u00e0 \u0111\u1ec3 l\u1ea1i \u0111\u00e1nh gi\u00e1 tuy\u1ec7t v\u1eddi.<\/li>\n<li><strong>Ng\u01b0\u1eddi m\u1eabu<\/strong>T\u1ea1o th\u01b0\u01a1ng hi\u1ec7u c\u1ee7a b\u1ea1n v\u1edbi chuy\u00ean gia<\/li>\n<li><strong>Choos\u0628\u0648\u0635\u0629\u062c\u0631\u0627\u0645 th\u00f9ng ch\u1ee9a ph\u00f9 h\u1ee3p cho kem m\u1ef9 ph\u1ea9m c\u1ee7a b\u1ea1n l\u00e0 m\u1ed9t th\u1ecfa thu\u1eadn r\u1ea5t l\u1edbn - n\u00f3 c\u00f3 th\u1ec3 l\u00e0m cho s\u1ea3n ph\u1ea9m c\u1ee7a b\u1ea1n th\u00e0nh c\u00f4ng. T\u1eeb chai kh\u00f4ng kh\u00ed gi\u1eef cho c\u00e1c c\u00f4ng th\u1ee9c kh\u00f3 kh\u0103n t\u01b0\u01a1i \u0111\u1ebfn l\u1ecd acrylic sang tr\u1ecdng tr\u00f4ng tuy\u1ec7t v\u1eddi, bao b\u00ec th\u00f4ng minh b\u1ea3o v\u1ec7 kem c\u1ee7a b\u1ea1n v\u00e0 l\u00e0m cho th\u01b0\u01a1ng hi\u1ec7u c\u1ee7a b\u1ea1n n\u1ed5i b\u1eadt. Nh\u1eefng t\u00f9y ch\u1ecdn n\u00e0y s\u1eed d\u1ee5ng c\u00f4ng ngh\u1ec7 m\u00e1t m\u1ebb, v\u1eadt li\u1ec7u th\u00e2n thi\u1ec7n v\u1edbi tr\u00e1i \u0111\u1ea5t v\u00e0 thi\u1ebft k\u1ebf m\u00e0 b\u1ea1n c\u00f3 th\u1ec3 t\u1ef1 t\u1ea1o ra \u0111\u1ec3 g\u00e2y \u1ea5n t\u01b0\u1ee3ng cho kh\u00e1ch h\u00e0ng c\u1ee7a m\u00ecnh.<\/strong>S\u1eb5n s\u00e0ng \u0111\u1ec3 \u0111\u01b0a n\u00f3 l\u00ean m\u1ed9t notch? Chuy\u00ean gia packa\u062c\u0631\u0627\u0645\u0628\u0648\u0635\u0629g chuy\u00ean gia cung c\u1ea5p gi\u00fap \u0111\u1ee1 t\u1eeb b\u1eaft \u0111\u1ea7u \u0111\u1ebfn k\u1ebft th\u00fac, t\u1eeb m\u01a1 m\u1ed9ng l\u00ean thi\u1ebft k\u1ebf \u0111\u1ec3 th\u1eed nghi\u1ec7m m\u1eabu v\u00e0 v\u1eadn chuy\u1ec3n tr\u00ean to\u00e0n th\u1ebf gi\u1edbi. Cho d\u00f9 b\u1ea1n \u0111ang ra m\u1eaft m\u1ed9t kem m\u1edbi ho\u1eb7c ph\u00e1t tri\u1ec3n l\u1edbn, h\u1ecd s\u1ebd l\u00e0m cho bao b\u00ec c\u1ee7a b\u1ea1n ph\u00f9 h\u1ee3p v\u1edbi m\u1ee5c ti\u00eau c\u1ee7a b\u1ea1n.<\/li>\n<li><strong>www.cos\u0645\u062a\u0631epak.com<\/strong>or e\u0645\u062a\u0631ail<\/li>\n<li><strong>cho m\u1eb9o mi\u1ec5n ph\u00ed v\u00e0 sametrples. Gi\u1ea5c m\u01a1 c\u1ee7a b\u1ea1n l\u00e0 ch\u1ec9 m\u1ed9t c\u00fa nh\u1ea5p chu\u1ed9t!<\/strong>Q: L\u00e0m th\u1ebf n\u00e0o \u0111\u1ec3 t\u00f4i ch\u1ecdn ri\u062c\u0631\u0627\u0645ht metraterial cho conta\u0628\u0648\u0635\u0629er kem c\u1ee7a t\u00f4i?<\/li>\n<li><strong>A: Ki\u1ec3m tra th\u00e0nh ph\u1ea7n c\u1ee7a m\u00e1y \u0111o kem c\u1ee7a b\u1ea1n v\u00e0 c\u00e1ch b\u1ea1n mu\u1ed1n th\u01b0\u01a1ng hi\u1ec7u c\u1ee7a b\u1ea1n c\u1ea3m th\u1ea5y. Th\u1ee7y tinh ho\u1eb7c nh\u00f4m l\u00e0 tuy\u1ec7t v\u1eddi cho kem fancy ho\u1eb7c h\u1eefu c\u01a1 v\u00ec ch\u00fang kh\u00f4ng ph\u1ea3n \u1ee9ng v\u00e0 tr\u00f4ng s\u1eafc n\u00e9t. Nh\u1ef1a PET ho\u1eb7c PP nh\u1eb9 v\u00e0 r\u1ebb cho m\u1ecdi th\u1ee9. N\u1ebfu kem c\u1ee7a b\u1ea1n nh\u1ea1y c\u1ea3m, chai kh\u00f4ng kh\u00ed gi\u1eef kh\u00f4ng kh\u00ed ra ngo\u00e0i. H\u00e3y th\u1eed c\u00e1c m\u1eabu \u0111\u1ec3 t\u00ecm nh\u1eefng g\u00ec ho\u1ea1t \u0111\u1ed9ng.<\/strong>Q: T\u00f4i c\u00f3 th\u1ec3 g\u1eedi h\u00e0ng cho c\u00e1c \u0111\u01a1n \u0111\u1eb7t h\u00e0ng nh\u1ecf kh\u00f4ng?<\/li>\n<li><strong>H\u00ecnh d\u1ea1ng<\/strong>A: V\u00e2ng! R\u1ea5t nhi\u1ec1u nh\u00e0 cung c\u1ea5p cho ph\u00e9p b\u1ea1n \u0111\u1eb7t h\u00e0ng l\u00f4 s\u043c\u0435\u0442\u0440all v\u1edbi c\u00e1c c\u1ea3m \u1ee9ng t\u00f9y ch\u1ec9nh nh\u01b0 lo\u062c\u0631\u0627\u0645os ho\u1eb7c f\u0628\u0648\u0635\u0629ishes m\u00e1t m\u1ebb, ngay c\u1ea3 cho c\u00e1c th\u01b0\u01a1ng hi\u1ec7u nh\u1ecf. N\u00f3i chuy\u1ec7n v\u1edbi c\u00e1c chuy\u00ean gia \u0111\u00f3ng g\u00f3i \u0111\u1ec3 t\u00ecm c\u00e1c l\u1ef1a ch\u1ecdn ph\u00f9 h\u1ee3p v\u1edbi ng\u00e2n s\u00e1ch c\u1ee7a b\u1ea1n.<\/li>\n<li><strong>Q: T\u1ea1i sao chai kh\u00f4ng kh\u00ed l\u00e0 \u062c\u0631\u0627\u0645ood cho kem metry?<\/strong>A: Chai kh\u00f4ng kh\u00ed s\u1eed d\u1ee5ng m\u00e1y b\u01a1m m\u00e1y h\u00fat ch\u00e2n kh\u00f4ng \u0111\u1ec3 ch\u1eb7n kh\u00f4ng kh\u00ed, l\u00e0m cho kem c\u1ee7a b\u1ea1n k\u00e9o d\u00e0i l\u00ean \u0111\u1ebfn 30% v\u00e0 gi\u1eef cho c\u00e1c th\u00e0nh ph\u1ea7n nh\u1ea1y c\u1ea3m an to\u00e0n. H\u1ecd cung c\u1ea5p \u0111\u00fang l\u01b0\u1ee3ng, ti\u1ebft ki\u1ec7m kem v\u00e0 tr\u00f4ng thanh l\u1ecbch, tuy\u1ec7t v\u1eddi cho c\u00e1c s\u1ea3n ph\u1ea9m sang tr\u1ecdng ho\u1eb7c tinh t\u1ebf.<\/li>\n<li><strong>L\u00e0m th\u1ebf n\u00e0o \u0111\u1ec3 l\u1ef1a ch\u1ecdn Contabocaer ho\u00e0n h\u1ea3o cho kem m\u1ef9 ph\u1ea9m c\u1ee7a b\u1ea1n?  - C\u00f4ng nghi\u1ec7p Jaunce<\/strong>Plastic bottle Danh s\u00e1ch c\u00e1c b\u00e0i vi\u1ebft li\u00ean quan - Jaunce\u0628\u0648\u0635\u0629 dustrial<\/li>\n<\/ul>\n<h3><strong><b>Ch\u1ecdn ch\u1ee9a t\u1ed1t nh\u1ea5t cho kem m\u1ef9 ph\u1ea9m c\u1ee7a b\u1ea1n kh\u00f4ng ch\u1ec9 l\u00e0 t\u00ecm m\u1ed9t l\u1ecd ho\u1eb7c chai m\u00e1t m\u1ebb. \u0110\u00f3 l\u00e0 v\u1ec1 vi\u1ec7c gi\u1eef cho kem c\u1ee7a b\u1ea1n an to\u00e0n, l\u00e0m cho n\u00f3 k\u00e9o d\u00e0i v\u00e0 th\u1ec3 hi\u1ec7n t\u00ednh c\u00e1ch c\u1ee7a th\u01b0\u01a1ng hi\u1ec7u c\u1ee7a b\u1ea1n. M\u1ed9t l\u1ef1a ch\u1ecdn container th\u00f4ng minh gi\u1eef cho san-pham c\u1ee7a b\u1ea1n t\u01b0\u01a1i m\u1edbi v\u00e0 thu h\u00fat s\u1ef1 ch\u00fa \u00fd, nh\u01b0ng m\u1ed9t c\u00e1i x\u1ea5u c\u00f3 th\u1ec3 g\u00e2y r\u00f2 r\u1ec9, h\u01b0 h\u1ecfng ho\u1eb7c m\u1ed9t c\u00e1i nh\u00ecn \u0111\u01a1n gi\u1ea3n. H\u01b0\u1edbng d\u1eabn n\u00e0y h\u01b0\u1edbng d\u1eabn b\u1ea1n qua nh\u1eefng g\u00ec c\u1ea7n xem x\u00e9t, cho th\u1ea5y t \u1eaf t m\u1ed9t s\u1ed1 t\u00f9y ch\u1ecdn container tuy\u1ec7t v\u1eddi, v\u00e0 gi\u1ea3i th\u00edch c\u00e1ch bao b\u00ec chuy\u00ean gia c\u00f3 th\u1ec3 l\u00e0m cho kem c\u1ee7a b\u1ea1n t\u1ecfa s\u00e1ng. \u0110\u1ed1i v\u1edbi bao b\u00ec tuy\u1ec7t v\u1eddi pha tr\u1ed9n phong c\u00e1ch, ch\u1ee9c n\u0103ng v\u00e0 th\u00e2n thi\u1ec7n v\u1edbi m\u00f4i tr\u01b0\u1eddng, ki\u1ec3m tra<\/b><\/strong><\/h3>\n<p>T\u00ecm \u0111\u00fang ch\u1ee9a c\u00f3 ngh\u0129a l\u00e0 suy ngh\u0129 v\u1ec1 nhu c\u1ea7u c\u1ee7a kem c\u1ee7a b\u1ea1n v\u00e0 tinh th\u1ea7n c\u1ee7a th\u01b0\u01a1ng hi\u1ec7u c\u1ee7a b\u1ea1n. M\u1ed9t l\u1ef1a ch\u1ecdn t\u1ed1t pha tr\u1ed9n t\u00ednh th\u1ef1c t\u1ebf, tr\u00f4ng \u0111\u1eb9p v\u00e0 l\u1ef1a ch\u1ecdn xanh \u0111\u1ec3 l\u00e0m cho san-pham c\u1ee7a b\u1ea1n n\u1ed5i b\u1eadt.<\/p>\n<p>\u5927\u5c0f\u548c\u7b80\u5355\u662f\u5173\u952e<\/p>\n<p>K\u00edch th\u01b0\u1edbc c\u1ee7a th\u00f9ng ch\u1ee9a c\u1ee7a b\u1ea1n thay \u0111\u1ed5i c\u00e1ch m\u1ecdi ng\u01b0\u1eddi s\u1eed d\u1ee5ng v\u00e0 mang kem c\u1ee7a b\u1ea1n. \u0110\u1ed1i v\u1edbi kem khu\u00f4n m\u1eb7t b\u1ea1n s\u1eed d\u1ee5ng m\u1ed7i ng\u00e0y, k\u00edch th\u01b0\u1edbc 15ml \u0111\u1ebfn 50ml l\u00e0 tuy\u1ec7t v\u1eddi \u0111\u1ec3 n\u00e9m v\u00e0o v\u00ed ho\u1eb7c gi\u1eef tr\u00ean b\u1ed3n r\u1eeda c\u1ee7a b\u1ea1n. 100ml l\u1edbn h\u01a1n l\u00e0m vi\u1ec7c cho kem c\u01a1 th\u1ec3. Thi\u1ebft k\u1ebf d\u1ec5 d\u00e0ng, nh\u01b0 m\u00e1y b\u01a1m, ch\u1ec9 cung c\u1ea5p \u0111\u00fang s\u1ed1 l\u01b0\u1ee3ng v\u00e0 tr\u00e1nh l\u1ed9n x\u1ed9n.  G\u1ea5 p th\u00f9ng ch\u1ee9a \u0111\u00f4i t\u01b0\u1eddng c\u1ea3m th\u1ea5y c\u1ee9ng v\u00e0 cao c\u1ea5p, l\u00e0m cho kem c\u1ee7a b\u1ea1n c\u00f3 v\u1ebb \u0111\u1eb7c bi\u1ec7t m\u00e0 kh\u00f4ng chi ph\u00ed m\u1ed9t t\u1ea5n.<\/p>\n<p>M\u1ed9t container tuy\u1ec7t v\u1eddi l\u00e0m cho kem c\u1ee7a b\u1ea1n tr\u00f4ng tuy\u1ec7t v\u1eddi v\u00e0 ho\u1ea1t \u0111\u1ed9ng t\u1ed1t h\u01a1n. D\u01b0\u1edbi \u0111\u00e2y l\u00e0 m\u1ed9t s\u1ed1 l\u1ef1a ch\u1ecdn h\u00e0ng \u0111\u1ea7u \u0111\u1ec3 gi\u1eef san-pham c\u1ee7a b\u1ea1n an to\u00e0n v\u00e0 t\u0103ng c\u01b0\u1eddng th\u01b0\u01a1ng hi\u1ec7u c\u1ee7a b\u1ea1n.<\/p>\n<p>N\u1ebfu kem c\u1ee7a b\u1ea1n c\u00f3 th\u00e0nh ph\u1ea7n tinh t\u1ebf, Chai kh\u00f4ng kh\u00ed v\u1edbi b\u01a1m l\u00e0 m\u1ed9t vi\u00ean qu\u00fd ho\u00e0n to\u00e0n. M\u00e1y b\u01a1m ch\u00e2n kh\u00f4ng c\u1ee7a n\u00f3 ng\u0103n ch\u1eb7n kh\u00f4ng kh\u00ed v\u00e0o, v\u00ec v\u1eady kem c\u1ee7a b\u1ea1n gi\u1eef t\u01b0\u01a1i l\u00ean \u0111\u1ebfn 30% l\u00e2u h\u01a1n so v\u1edbi chai th\u00f4ng th\u01b0\u1eddng. M\u1ed7i m\u00e1y b\u01a1m cung c\u1ea5p l\u01b0\u1ee3ng ho\u00e0n h\u1ea3o, ti\u1ebft ki\u1ec7m kem v\u00e0 l\u00e0m cho vi\u1ec7c s\u1eed d\u1ee5ng n\u00f3 si\u00eau d\u1ec5 d\u00e0ng. N\u00f3 c\u00f3 k\u00edch th\u01b0\u1edbc t\u1eeb 15ml \u0111\u1ebfn 50ml, v\u00e0 b\u1ea1n c\u00f3 th\u1ec3 th\u00eam logo th\u01b0\u01a1ng hi\u1ec7u c\u1ee7a m\u00ecnh b\u1eb1ng in m\u00e0n h\u00ecnh l\u1ee5a. Tr\u00f4ng hi\u1ec7n \u0111\u1ea1i, s\u1ea1ch s\u1ebd c\u1ee7a n\u00f3 ph\u00f9 h\u1ee3p v\u1edbi san-phams sang tr\u1ecdng, v\u00e0 c\u00f4ng ngh\u1ec7 kh\u00f4ng kh\u00ed gi\u1eef cho kem c\u1ee7a b\u1ea1n t\u1ed1t t\u1eeb \u0111\u1ea7u \u0111\u1ebfn cu\u1ed1i.<\/p>\n<table style=\"border-collapse: collapse; width: 100%;\">\n<tbody>\n<tr>\n<td style=\"width: 33.3333%;\"><img decoding=\"async\" class=\"alignnone size-full wp-image-3174\" src=\"https:\/\/www.cosmepak.com\/wp-content\/uploads\/2025\/03\/\u8be6\u60c5-10-1.jpg\" alt=\"\" width=\"1000\" height=\"1000\" srcset=\"https:\/\/www.cosmepak.com\/wp-content\/uploads\/2025\/03\/\u8be6\u60c5-10-1.jpg 1000w, https:\/\/www.cosmepak.com\/wp-content\/uploads\/2025\/03\/\u8be6\u60c5-10-1-300x300.jpg 300w, https:\/\/www.cosmepak.com\/wp-content\/uploads\/2025\/03\/\u8be6\u60c5-10-1-150x150.jpg 150w, https:\/\/www.cosmepak.com\/wp-content\/uploads\/2025\/03\/\u8be6\u60c5-10-1-768x768.jpg 768w, https:\/\/www.cosmepak.com\/wp-content\/uploads\/2025\/03\/\u8be6\u60c5-10-1-12x12.jpg 12w, https:\/\/www.cosmepak.com\/wp-content\/uploads\/2025\/03\/\u8be6\u60c5-10-1-600x600.jpg 600w, https:\/\/www.cosmepak.com\/wp-content\/uploads\/2025\/03\/\u8be6\u60c5-10-1-100x100.jpg 100w\" sizes=\"(max-width: 1000px) 100vw, 1000px\" \/><\/td>\n<td style=\"width: 33.3333%;\"><img decoding=\"async\" class=\"alignnone size-full wp-image-3175\" src=\"https:\/\/www.cosmepak.com\/wp-content\/uploads\/2025\/03\/\u8be6\u60c5-12.jpg\" alt=\"\" width=\"1000\" height=\"1000\" srcset=\"https:\/\/www.cosmepak.com\/wp-content\/uploads\/2025\/03\/\u8be6\u60c5-12.jpg 1000w, https:\/\/www.cosmepak.com\/wp-content\/uploads\/2025\/03\/\u8be6\u60c5-12-300x300.jpg 300w, https:\/\/www.cosmepak.com\/wp-content\/uploads\/2025\/03\/\u8be6\u60c5-12-150x150.jpg 150w, https:\/\/www.cosmepak.com\/wp-content\/uploads\/2025\/03\/\u8be6\u60c5-12-768x768.jpg 768w, https:\/\/www.cosmepak.com\/wp-content\/uploads\/2025\/03\/\u8be6\u60c5-12-12x12.jpg 12w, https:\/\/www.cosmepak.com\/wp-content\/uploads\/2025\/03\/\u8be6\u60c5-12-600x600.jpg 600w, https:\/\/www.cosmepak.com\/wp-content\/uploads\/2025\/03\/\u8be6\u60c5-12-100x100.jpg 100w\" sizes=\"(max-width: 1000px) 100vw, 1000px\" \/><\/td>\n<td style=\"width: 33.3333%;\"><img loading=\"lazy\" decoding=\"async\" class=\"alignnone size-full wp-image-3176\" src=\"https:\/\/www.cosmepak.com\/wp-content\/uploads\/2025\/03\/\u8be6\u60c5-13-1.jpg\" alt=\"\" width=\"1000\" height=\"1000\" srcset=\"https:\/\/www.cosmepak.com\/wp-content\/uploads\/2025\/03\/\u8be6\u60c5-13-1.jpg 1000w, https:\/\/www.cosmepak.com\/wp-content\/uploads\/2025\/03\/\u8be6\u60c5-13-1-300x300.jpg 300w, https:\/\/www.cosmepak.com\/wp-content\/uploads\/2025\/03\/\u8be6\u60c5-13-1-150x150.jpg 150w, https:\/\/www.cosmepak.com\/wp-content\/uploads\/2025\/03\/\u8be6\u60c5-13-1-768x768.jpg 768w, https:\/\/www.cosmepak.com\/wp-content\/uploads\/2025\/03\/\u8be6\u60c5-13-1-12x12.jpg 12w, https:\/\/www.cosmepak.com\/wp-content\/uploads\/2025\/03\/\u8be6\u60c5-13-1-600x600.jpg 600w, https:\/\/www.cosmepak.com\/wp-content\/uploads\/2025\/03\/\u8be6\u60c5-13-1-100x100.jpg 100w\" sizes=\"(max-width: 1000px) 100vw, 1000px\" \/><\/td>\n<\/tr>\n<\/tbody>\n<\/table>\n<table style=\"border-collapse: collapse; width: 100%;\">\n<tbody>\n<tr>\n<td style=\"width: 100%;\"><img loading=\"lazy\" decoding=\"async\" class=\"alignnone wp-image-3177\" src=\"https:\/\/www.cosmepak.com\/wp-content\/uploads\/2025\/03\/\u4e3b\u56fe-5-2.jpg\" alt=\"\" width=\"1348\" height=\"1348\" srcset=\"https:\/\/www.cosmepak.com\/wp-content\/uploads\/2025\/03\/\u4e3b\u56fe-5-2.jpg 1000w, https:\/\/www.cosmepak.com\/wp-content\/uploads\/2025\/03\/\u4e3b\u56fe-5-2-300x300.jpg 300w, https:\/\/www.cosmepak.com\/wp-content\/uploads\/2025\/03\/\u4e3b\u56fe-5-2-150x150.jpg 150w, https:\/\/www.cosmepak.com\/wp-content\/uploads\/2025\/03\/\u4e3b\u56fe-5-2-768x768.jpg 768w, https:\/\/www.cosmepak.com\/wp-content\/uploads\/2025\/03\/\u4e3b\u56fe-5-2-12x12.jpg 12w, https:\/\/www.cosmepak.com\/wp-content\/uploads\/2025\/03\/\u4e3b\u56fe-5-2-600x600.jpg 600w, https:\/\/www.cosmepak.com\/wp-content\/uploads\/2025\/03\/\u4e3b\u56fe-5-2-100x100.jpg 100w\" sizes=\"(max-width: 1348px) 100vw, 1348px\" \/><\/td>\n<\/tr>\n<\/tbody>\n<\/table>","protected":false},"excerpt":{"rendered":"<p>V\u1eadt li\u1ec7u: ABS \/ AS<\/p>\n<p>C\u00f4ng su\u1ea5t: 4.2ml \/ 6.7ml \/ 5.4ml<\/p>\n<p>K\u00edch th\u01b0\u1edbc: 25 * 98mm<\/p>\n<p>H\u00ecnh d\u1ea1ng: hai \u0111\u1ea7u \u0111\u1ecf<\/p>\n<p>M\u00e0u s\u1eafc: Ch\u1ea5p nh\u1eadn t\u00f9y ch\u1ec9nh (b\u1ea5t k\u1ef3 m\u00e0u pantone n\u00e0o c\u00f3 s\u1eb5n)<\/p>\n<p>Ho\u00e0n thi\u1ec7n b\u1ec1 m\u1eb7t: in m\u00e0n h\u00ecnh, d\u1eadp n\u00f3ng, ho\u00e0n thi\u1ec7n m\u1edd, v.v.<\/p>\n<p>MOQ: 10000pcs<\/p>\n<p>M\u1eabu: c\u00f3 s\u1eb5n m\u1eabu mi\u1ec5n ph\u00ed<\/p>\n<p>&nbsp;<\/p>\n<p>&nbsp;<\/p>","protected":false},"featured_media":3174,"comment_status":"closed","ping_status":"closed","template":"","meta":{"_acf_changed":false},"product_brand":[],"product_cat":[54,36],"product_tag":[39],"class_list":{"0":"post-1481","1":"product","2":"type-product","3":"status-publish","4":"has-post-thumbnail","6":"product_cat-lip-gloss-tube","7":"product_cat-makeup","8":"product_tag-makeup","10":"first","11":"outofstock","12":"shipping-taxable","13":"product-type-simple"},"acf":[],"_links":{"self":[{"href":"https:\/\/www.cosmepak.com\/vi\/wp-json\/wp\/v2\/product\/1481","targetHints":{"allow":["GET"]}}],"collection":[{"href":"https:\/\/www.cosmepak.com\/vi\/wp-json\/wp\/v2\/product"}],"about":[{"href":"https:\/\/www.cosmepak.com\/vi\/wp-json\/wp\/v2\/types\/product"}],"replies":[{"embeddable":true,"href":"https:\/\/www.cosmepak.com\/vi\/wp-json\/wp\/v2\/comments?post=1481"}],"wp:featuredmedia":[{"embeddable":true,"href":"https:\/\/www.cosmepak.com\/vi\/wp-json\/wp\/v2\/media\/3174"}],"wp:attachment":[{"href":"https:\/\/www.cosmepak.com\/vi\/wp-json\/wp\/v2\/media?parent=1481"}],"wp:term":[{"taxonomy":"product_brand","embeddable":true,"href":"https:\/\/www.cosmepak.com\/vi\/wp-json\/wp\/v2\/product_brand?post=1481"},{"taxonomy":"product_cat","embeddable":true,"href":"https:\/\/www.cosmepak.com\/vi\/wp-json\/wp\/v2\/product_cat?post=1481"},{"taxonomy":"product_tag","embeddable":true,"href":"https:\/\/www.cosmepak.com\/vi\/wp-json\/wp\/v2\/product_tag?post=1481"}],"curies":[{"name":"WP","href":"https:\/\/api.w.org\/{rel}","templated":true}]}}