{"id":1488,"date":"2025-03-27T16:21:52","date_gmt":"2025-03-27T08:21:52","guid":{"rendered":"https:\/\/www.cosmepak.com\/?post_type=product&#038;p=1488"},"modified":"2025-09-09T13:59:09","modified_gmt":"2025-09-09T05:59:09","slug":"mieng-ong-9","status":"publish","type":"product","link":"https:\/\/www.cosmepak.com\/vi\/product\/lipglosstube-9\/","title":{"rendered":"M\u00f4i b\u00f3ng \u1ed1ng-INS phong c\u00e1ch tinh th\u1ec3 minh b\u1ea1ch vu\u00f4ng son m\u00f4i \u1ed1ng \/ Jaunce"},"content":{"rendered":"<table style=\"border-collapse: collapse; width: 100%; height: 240px;\">\n<tbody>\n<tr style=\"height: 24px;\">\n<td style=\"width: 24.7995%; height: 24px;\">Th\u01b0\u01a1ng hi\u1ec7u<\/td>\n<td style=\"width: 75.2005%; height: 24px;\">\u00a0Jaunce<\/td>\n<\/tr>\n<tr style=\"height: 24px;\">\n<td style=\"width: 24.7995%; height: 24px;\">Dung t\u00edch<\/td>\n<td style=\"width: 75.2005%; height: 24px;\">3.5g<\/td>\n<\/tr>\n<tr style=\"height: 24px;\">\n<td style=\"width: 24.7995%; height: 24px;\">H\u00ecnh d\u1ea1ng<\/td>\n<td style=\"width: 75.2005%; height: 24px;\">Tr\u00f2n<\/td>\n<\/tr>\n<tr style=\"height: 24px;\">\n<td style=\"width: 24.7995%; height: 24px;\">K\u00edch c\u1ee1<\/td>\n<td style=\"width: 75.2005%; height: 24px;\">22*67.5mm<\/td>\n<\/tr>\n<tr style=\"height: 24px;\">\n<td style=\"width: 24.7995%; height: 24px;\">C\u00e2n n\u1eb7ng<\/td>\n<td style=\"width: 75.2005%; height: 24px;\">22g<\/td>\n<\/tr>\n<tr style=\"height: 24px;\">\n<td style=\"width: 24.7995%; height: 24px;\">Ph\u00f9 h\u1ee3p<\/td>\n<td style=\"width: 75.2005%; height: 24px;\">\u00a0N\u1eafp<\/td>\n<\/tr>\n<tr style=\"height: 24px;\">\n<td style=\"width: 24.7995%; height: 24px;\">Ng\u01b0\u1eddi m\u1eabu<\/td>\n<td style=\"width: 75.2005%; height: 24px;\">JH-JZ-3384<\/td>\n<\/tr>\n<tr style=\"height: 24px;\">\n<td style=\"width: 24.7995%; height: 24px;\">S\u1ea3n ph\u1ea9m OEM \/ ODM<\/td>\n<td style=\"width: 75.2005%; height: 24px;\">Ch\u1ea5p nh\u1eadn<\/td>\n<\/tr>\n<tr style=\"height: 24px;\">\n<td style=\"width: 24.7995%; height: 24px;\">M\u00e0u s\u1eafc<\/td>\n<td style=\"width: 75.2005%; height: 24px;\">T\u00f9y ch\u1ec9nh<\/td>\n<\/tr>\n<tr style=\"height: 24px;\">\n<td style=\"width: 24.7995%; height: 24px;\">MOQ<\/td>\n<td style=\"width: 75.2005%; height: 24px;\">10000pcs<\/td>\n<\/tr>\n<\/tbody>\n<\/table>\n<p>&nbsp;<\/p>\n<p><img fetchpriority=\"high\" decoding=\"async\" class=\"alignnone wp-image-1495\" src=\"https:\/\/www.cosmepak.com\/wp-content\/uploads\/2025\/03\/\u5fae\u4fe1\u56fe\u7247_20250327155843.jpg\" alt=\"\" width=\"1470\" height=\"1470\" srcset=\"https:\/\/www.cosmepak.com\/wp-content\/uploads\/2025\/03\/\u5fae\u4fe1\u56fe\u7247_20250327155843.jpg 800w, https:\/\/www.cosmepak.com\/wp-content\/uploads\/2025\/03\/\u5fae\u4fe1\u56fe\u7247_20250327155843-300x300.jpg 300w, https:\/\/www.cosmepak.com\/wp-content\/uploads\/2025\/03\/\u5fae\u4fe1\u56fe\u7247_20250327155843-150x150.jpg 150w, https:\/\/www.cosmepak.com\/wp-content\/uploads\/2025\/03\/\u5fae\u4fe1\u56fe\u7247_20250327155843-768x768.jpg 768w, https:\/\/www.cosmepak.com\/wp-content\/uploads\/2025\/03\/\u5fae\u4fe1\u56fe\u7247_20250327155843-600x600.jpg 600w, https:\/\/www.cosmepak.com\/wp-content\/uploads\/2025\/03\/\u5fae\u4fe1\u56fe\u7247_20250327155843-100x100.jpg 100w\" sizes=\"(max-width: 1470px) 100vw, 1470px\" \/><img decoding=\"async\" class=\"alignnone wp-image-1497\" src=\"https:\/\/www.cosmepak.com\/wp-content\/uploads\/2025\/03\/\u5fae\u4fe1\u56fe\u7247_20250327155846.jpg\" alt=\"\" width=\"1388\" height=\"1388\" srcset=\"https:\/\/www.cosmepak.com\/wp-content\/uploads\/2025\/03\/\u5fae\u4fe1\u56fe\u7247_20250327155846.jpg 1000w, https:\/\/www.cosmepak.com\/wp-content\/uploads\/2025\/03\/\u5fae\u4fe1\u56fe\u7247_20250327155846-300x300.jpg 300w, https:\/\/www.cosmepak.com\/wp-content\/uploads\/2025\/03\/\u5fae\u4fe1\u56fe\u7247_20250327155846-150x150.jpg 150w, https:\/\/www.cosmepak.com\/wp-content\/uploads\/2025\/03\/\u5fae\u4fe1\u56fe\u7247_20250327155846-768x768.jpg 768w, https:\/\/www.cosmepak.com\/wp-content\/uploads\/2025\/03\/\u5fae\u4fe1\u56fe\u7247_20250327155846-600x600.jpg 600w, https:\/\/www.cosmepak.com\/wp-content\/uploads\/2025\/03\/\u5fae\u4fe1\u56fe\u7247_20250327155846-100x100.jpg 100w\" sizes=\"(max-width: 1388px) 100vw, 1388px\" \/><img decoding=\"async\" class=\"alignnone wp-image-1498\" src=\"https:\/\/www.cosmepak.com\/wp-content\/uploads\/2025\/03\/\u5fae\u4fe1\u56fe\u7247_20250327155848.jpg\" alt=\"\" width=\"1387\" height=\"1387\" srcset=\"https:\/\/www.cosmepak.com\/wp-content\/uploads\/2025\/03\/\u5fae\u4fe1\u56fe\u7247_20250327155848.jpg 1000w, https:\/\/www.cosmepak.com\/wp-content\/uploads\/2025\/03\/\u5fae\u4fe1\u56fe\u7247_20250327155848-300x300.jpg 300w, https:\/\/www.cosmepak.com\/wp-content\/uploads\/2025\/03\/\u5fae\u4fe1\u56fe\u7247_20250327155848-150x150.jpg 150w, https:\/\/www.cosmepak.com\/wp-content\/uploads\/2025\/03\/\u5fae\u4fe1\u56fe\u7247_20250327155848-768x768.jpg 768w, https:\/\/www.cosmepak.com\/wp-content\/uploads\/2025\/03\/\u5fae\u4fe1\u56fe\u7247_20250327155848-600x600.jpg 600w, https:\/\/www.cosmepak.com\/wp-content\/uploads\/2025\/03\/\u5fae\u4fe1\u56fe\u7247_20250327155848-100x100.jpg 100w\" sizes=\"(max-width: 1387px) 100vw, 1387px\" \/><\/p>\n<p><img loading=\"lazy\" decoding=\"async\" class=\"alignnone wp-image-1343 size-full\" src=\"https:\/\/www.cosmepak.com\/wp-content\/uploads\/2024\/12\/\u5fae\u4fe1\u56fe\u7247_20250213141726.jpg\" alt=\"\" width=\"1920\" height=\"919\" srcset=\"https:\/\/www.cosmepak.com\/wp-content\/uploads\/2024\/12\/\u5fae\u4fe1\u56fe\u7247_20250213141726.jpg 1920w, https:\/\/www.cosmepak.com\/wp-content\/uploads\/2024\/12\/\u5fae\u4fe1\u56fe\u7247_20250213141726-300x144.jpg 300w, https:\/\/www.cosmepak.com\/wp-content\/uploads\/2024\/12\/\u5fae\u4fe1\u56fe\u7247_20250213141726-1024x490.jpg 1024w, https:\/\/www.cosmepak.com\/wp-content\/uploads\/2024\/12\/\u5fae\u4fe1\u56fe\u7247_20250213141726-768x368.jpg 768w, https:\/\/www.cosmepak.com\/wp-content\/uploads\/2024\/12\/\u5fae\u4fe1\u56fe\u7247_20250213141726-1536x735.jpg 1536w, https:\/\/www.cosmepak.com\/wp-content\/uploads\/2024\/12\/\u5fae\u4fe1\u56fe\u7247_20250213141726-600x287.jpg 600w\" sizes=\"(max-width: 1920px) 100vw, 1920px\" \/><\/p>\n<h3 id=\"crystal-clear-transparent-pink-square-lipstick-tube-packaging\" class=\"ai-center-markdown-h3\">Crystal r\u00f5 r\u00e0ng trong su\u1ed1t m\u00e0u h\u1ed3ng vu\u00f4ng son m\u00f4i \u1ed1ng bao b\u00ec<\/h3>\n<p class=\"ai-center-markdown-p\">Trong th\u1ebf gi\u1edbi v\u1ebb \u0111\u1eb9p v\u00e0 m\u1ef9 ph\u1ea9m lu\u00f4n ph\u00e1t tri\u1ec3n, bao b\u00ec \u0111\u00f3ng vai tr\u00f2 quan tr\u1ecdng trong vi\u1ec7c thu h\u00fat ng\u01b0\u1eddi ti\u00eau d\u00f9ng v\u00e0 t\u0103ng c\u01b0\u1eddng s\u1ef1 h\u1ea5p d\u1eabn t\u1ed5ng th\u1ec3 c\u1ee7a m\u1ed9t s\u1ea3n ph\u1ea9m. M\u1ed9t trong nh\u1eefng xu h\u01b0\u1edbng m\u1edbi nh\u1ea5t t\u1ea1o ra s\u00f3ng trong ng\u00e0nh c\u00f4ng nghi\u1ec7p l\u00e0\u00a0<strong class=\"ai-center-markdown-strong\">tinh th\u1ec3 r\u00f5 r\u00e0ng trong su\u1ed1t h\u1ed3ng vu\u00f4ng son m\u00f4i bao b\u00ec \u1ed1ng<\/strong>. Thi\u1ebft k\u1ebf bao b\u00ec s\u00e1ng t\u1ea1o n\u00e0y kh\u00f4ng ch\u1ec9 t\u1ecfa ra s\u1ef1 thanh l\u1ecbch v\u00e0 tinh t\u1ebf m\u00e0 c\u00f2n cung c\u1ea5p l\u1ee3i \u00edch th\u1ef1c t\u1ebf cho c\u1ea3 th\u01b0\u01a1ng hi\u1ec7u v\u00e0 ng\u01b0\u1eddi ti\u00eau d\u00f9ng.<\/p>\n<h4 id=\"elegant-and-modern-design\" class=\"ai-center-markdown-h4\">Thi\u1ebft k\u1ebf thanh l\u1ecbch v\u00e0 hi\u1ec7n \u0111\u1ea1i<\/h4>\n<p class=\"ai-center-markdown-p\">\u1ed1ng son m\u00f4i vu\u00f4ng h\u1ed3ng trong su\u1ed1t tinh th\u1ec3 l\u00e0 m\u1ed9t s\u1ef1 pha tr\u1ed9n ho\u00e0n h\u1ea3o c\u1ee7a th\u1ea9m m\u1ef9 v\u00e0 ch\u1ee9c n\u0103ng hi\u1ec7n \u0111\u1ea1i. Thi\u1ebft k\u1ebf minh b\u1ea1ch cho ph\u00e9p ng\u01b0\u1eddi ti\u00eau d\u00f9ng nh\u00ecn th\u1ea5y m\u00e0u s\u1eafc v\u00e0 k\u1ebft c\u1ea5u th\u1ef1c t\u1ebf c\u1ee7a son m\u00f4i ho\u1eb7c d\u01b0\u1ee1ng m\u00f4i b\u00ean trong, lo\u1ea1i b\u1ecf b\u1ea5t k\u1ef3 suy \u0111o\u00e1n n\u00e0o v\u00e0 l\u00e0m cho qu\u00e1 tr\u00ecnh l\u1ef1a ch\u1ecdn d\u1ec5 d\u00e0ng h\u01a1n. M\u00e0u h\u1ed3ng m\u1ec1m m\u1ea1i th\u00eam m\u1ed9t c\u1ea3m gi\u00e1c n\u1eef t\u00ednh v\u00e0 thanh l\u1ecbch, l\u00e0m cho n\u00f3 tr\u1edf th\u00e0nh m\u1ed9t l\u1ef1a ch\u1ecdn h\u1ea5p d\u1eabn cho nh\u1eefng ng\u01b0\u1eddi \u0111am m\u00ea l\u00e0m \u0111\u1eb9p.<\/p>\n<h4 id=\"versatility-and-customization\" class=\"ai-center-markdown-h4\">T\u00ednh linh ho\u1ea1t v\u00e0 t\u00f9y ch\u1ec9nh<\/h4>\n<p class=\"ai-center-markdown-p\">M\u1ed9t trong nh\u1eefng \u0111\u1eb7c \u0111i\u1ec3m n\u1ed5i b\u1eadt c\u1ee7a bao b\u00ec n\u00e0y l\u00e0 t\u00ednh linh ho\u1ea1t c\u1ee7a n\u00f3. N\u00f3 c\u00f3 th\u1ec3 \u0111\u01b0\u1ee3c s\u1eed d\u1ee5ng cho c\u00e1c lo\u1ea1i s\u1ea3n ph\u1ea9m m\u00f4i kh\u00e1c nhau, bao g\u1ed3m son m\u00f4i, balsam m\u00f4i v\u00e0 b\u00f3ng m\u00f4i. C\u00e1c th\u01b0\u01a1ng hi\u1ec7u c\u00f3 th\u1ec3 t\u00f9y ch\u1ec9nh bao b\u00ec v\u1edbi logo, m\u00e0u s\u1eafc th\u01b0\u01a1ng hi\u1ec7u v\u00e0 c\u00e1c y\u1ebfu t\u1ed1 thi\u1ebft k\u1ebf kh\u00e1c \u0111\u1ec3 t\u1ea1o ra m\u1ed9t c\u00e1i nh\u00ecn \u0111\u1ed9c \u0111\u00e1o v\u00e0 g\u1eafn k\u1ebft ph\u00f9 h\u1ee3p v\u1edbi b\u1ea3n s\u1eafc th\u01b0\u01a1ng hi\u1ec7u c\u1ee7a h\u1ecd. H\u00ecnh d\u1ea1ng vu\u00f4ng c\u0169ng cung c\u1ea5p kh\u00f4ng gian r\u1ed9ng r\u00e3i cho th\u01b0\u01a1ng hi\u1ec7u v\u00e0 d\u00e1n nh\u00e3n, \u0111\u1ea3m b\u1ea3o r\u1eb1ng th\u00f4ng tin s\u1ea3n ph\u1ea9m quan tr\u1ecdng d\u1ec5 d\u00e0ng truy c\u1eadp cho ng\u01b0\u1eddi ti\u00eau d\u00f9ng.<\/p>\n<h4 id=\"durability-and-protection\" class=\"ai-center-markdown-h4\">B\u1ec1n v\u00e0 b\u1ea3o v\u1ec7<\/h4>\n<p class=\"ai-center-markdown-p\">Ngo\u00e0i h\u1ea5p d\u1eabn th\u1ea9m m\u1ef9 c\u1ee7a n\u00f3, \u1ed1ng son m\u00f4i vu\u00f4ng h\u1ed3ng trong su\u1ed1t \u0111\u01b0\u1ee3c thi\u1ebft k\u1ebf \u0111\u1ec3 b\u1ec1n v\u00e0 b\u1ea3o v\u1ec7. C\u00e1c v\u1eadt li\u1ec7u ch\u1ea5t l\u01b0\u1ee3ng cao \u0111\u01b0\u1ee3c s\u1eed d\u1ee5ng trong x\u00e2y d\u1ef1ng c\u1ee7a n\u00f3 \u0111\u1ea3m b\u1ea3o r\u1eb1ng son m\u00f4i ho\u1eb7c b\u0103n m\u00f4i v\u1eabn nguy\u00ean v\u1eb9n v\u00e0 \u0111\u01b0\u1ee3c b\u1ea3o v\u1ec7 kh\u1ecfi c\u00e1c y\u1ebfu t\u1ed1 b\u00ean ngo\u00e0i nh\u01b0 nhi\u1ec7t, \u0111\u1ed9 \u1ea9m v\u00e0 thi\u1ec7t h\u1ea1i v\u1eadt l\u00fd. S\u1ef1 b\u1ec1n n\u00e0y l\u00e0 c\u1ea7n thi\u1ebft \u0111\u1ec3 duy tr\u00ec s\u1ea3n ph\u1ea9m&#8217; ch\u1ea5t l\u01b0\u1ee3ng v\u00e0 k\u00e9o d\u00e0i th\u1eddi gian s\u1eed d\u1ee5ng c\u1ee7a n\u00f3.<\/p>\n<h4 id=\"eco-friendly-option\" class=\"ai-center-markdown-h4\">L\u1ef1a ch\u1ecdn th\u00e2n thi\u1ec7n v\u1edbi m\u00f4i tr\u01b0\u1eddng<\/h4>\n<p class=\"ai-center-markdown-p\">H\u00f4m nay&#8217; th\u1ecb tr\u01b0\u1eddng c\u00f3 \u00fd th\u1ee9c v\u1ec1 m\u00f4i tr\u01b0\u1eddng, t\u00ednh b\u1ec1n v\u1eefng l\u00e0 m\u1ed9t c\u00e2n nh\u1eafc quan tr\u1ecdng cho c\u1ea3 th\u01b0\u01a1ng hi\u1ec7u v\u00e0 ng\u01b0\u1eddi ti\u00eau d\u00f9ng. \u1ed1ng son m\u00f4i vu\u00f4ng h\u1ed3ng trong su\u1ed1t c\u00f3 th\u1ec3 \u0111\u01b0\u1ee3c l\u00e0m t\u1eeb v\u1eadt li\u1ec7u th\u00e2n thi\u1ec7n v\u1edbi m\u00f4i tr\u01b0\u1eddng, l\u00e0m cho n\u00f3 tr\u1edf th\u00e0nh m\u1ed9t l\u1ef1a ch\u1ecdn \u0111\u00f3ng g\u00f3i b\u1ec1n v\u1eefng. C\u00e1c th\u01b0\u01a1ng hi\u1ec7u c\u00f3 th\u1ec3 l\u1ef1a ch\u1ecdn c\u00e1c v\u1eadt li\u1ec7u c\u00f3 th\u1ec3 t\u00e1i ch\u1ebf ho\u1eb7c ph\u00e2n h\u1ee7y sinh h\u1ecdc, gi\u1ea3m d\u1ea5u ch\u00e2n m\u00f4i tr\u01b0\u1eddng c\u1ee7a h\u1ecd v\u00e0 h\u1ea5p d\u1eabn ng\u01b0\u1eddi ti\u00eau d\u00f9ng c\u00f3 \u00fd th\u1ee9c v\u1ec1 m\u00f4i tr\u01b0\u1eddng.<\/p>\n<h4 id=\"conclusion\" class=\"ai-center-markdown-h4\">K\u1ebft lu\u1eadn<\/h4>\n<p class=\"ai-center-markdown-p\">Bao b\u00ec \u1ed1ng son m\u00f4i vu\u00f4ng h\u1ed3ng trong su\u1ed1t l\u00e0 m\u1ed9t l\u1ef1a ch\u1ecdn phong c\u00e1ch, th\u1ef1c t\u1ebf v\u00e0 b\u1ec1n v\u1eefng cho c\u00e1c th\u01b0\u01a1ng hi\u1ec7u l\u00e0m \u0111\u1eb9p hi\u1ec7n \u0111\u1ea1i. Thi\u1ebft k\u1ebf thanh l\u1ecbch, t\u00ednh linh ho\u1ea1t, \u0111\u1ed9 b\u1ec1n v\u00e0 c\u00e1c l\u1ef1a ch\u1ecdn th\u00e2n thi\u1ec7n v\u1edbi m\u00f4i tr\u01b0\u1eddng c\u1ee7a n\u00f3 l\u00e0m cho n\u00f3 tr\u1edf th\u00e0nh m\u1ed9t gi\u1ea3i ph\u00e1p \u0111\u00f3ng g\u00f3i n\u1ed5i b\u1eadt trong th\u1ecb tr\u01b0\u1eddng m\u1ef9 ph\u1ea9m c\u1ea1nh tranh. B\u1eb1ng c\u00e1ch \u00e1p d\u1ee5ng bao b\u00ec s\u00e1ng t\u1ea1o n\u00e0y, c\u00e1c th\u01b0\u01a1ng hi\u1ec7u c\u00f3 th\u1ec3 t\u0103ng c\u01b0\u1eddng h\u1ea5p d\u1eabn s\u1ea3n ph\u1ea9m c\u1ee7a h\u1ecd, thu h\u00fat nhi\u1ec1u ng\u01b0\u1eddi ti\u00eau d\u00f9ng h\u01a1n v\u00e0 \u0111\u00f3ng g\u00f3p cho m\u1ed9t t\u01b0\u01a1ng lai b\u1ec1n v\u1eefng h\u01a1n.<\/p>\n<p><img loading=\"lazy\" decoding=\"async\" class=\"alignnone size-full wp-image-1347\" src=\"https:\/\/www.cosmepak.com\/wp-content\/uploads\/2024\/12\/\u9996\u987519202_03.jpg\" alt=\"\" width=\"1920\" height=\"885\" srcset=\"https:\/\/www.cosmepak.com\/wp-content\/uploads\/2024\/12\/\u9996\u987519202_03.jpg 1920w, https:\/\/www.cosmepak.com\/wp-content\/uploads\/2024\/12\/\u9996\u987519202_03-300x138.jpg 300w, https:\/\/www.cosmepak.com\/wp-content\/uploads\/2024\/12\/\u9996\u987519202_03-1024x472.jpg 1024w, https:\/\/www.cosmepak.com\/wp-content\/uploads\/2024\/12\/\u9996\u987519202_03-768x354.jpg 768w, https:\/\/www.cosmepak.com\/wp-content\/uploads\/2024\/12\/\u9996\u987519202_03-1536x708.jpg 1536w, https:\/\/www.cosmepak.com\/wp-content\/uploads\/2024\/12\/\u9996\u987519202_03-600x277.jpg 600w\" sizes=\"(max-width: 1920px) 100vw, 1920px\" \/> <img loading=\"lazy\" decoding=\"async\" class=\"alignnone size-full wp-image-1348\" src=\"https:\/\/www.cosmepak.com\/wp-content\/uploads\/2024\/12\/\u9996\u987519202_04.jpg\" alt=\"\" width=\"1920\" height=\"694\" srcset=\"https:\/\/www.cosmepak.com\/wp-content\/uploads\/2024\/12\/\u9996\u987519202_04.jpg 1920w, https:\/\/www.cosmepak.com\/wp-content\/uploads\/2024\/12\/\u9996\u987519202_04-300x108.jpg 300w, https:\/\/www.cosmepak.com\/wp-content\/uploads\/2024\/12\/\u9996\u987519202_04-1024x370.jpg 1024w, https:\/\/www.cosmepak.com\/wp-content\/uploads\/2024\/12\/\u9996\u987519202_04-768x278.jpg 768w, https:\/\/www.cosmepak.com\/wp-content\/uploads\/2024\/12\/\u9996\u987519202_04-1536x555.jpg 1536w, https:\/\/www.cosmepak.com\/wp-content\/uploads\/2024\/12\/\u9996\u987519202_04-600x217.jpg 600w\" sizes=\"(max-width: 1920px) 100vw, 1920px\" \/><\/p>\n<p><img loading=\"lazy\" decoding=\"async\" class=\"alignnone size-full wp-image-1350\" src=\"https:\/\/www.cosmepak.com\/wp-content\/uploads\/2024\/12\/\u9996\u987519202_05-1.jpg\" alt=\"\" width=\"1920\" height=\"970\" srcset=\"https:\/\/www.cosmepak.com\/wp-content\/uploads\/2024\/12\/\u9996\u987519202_05-1.jpg 1920w, https:\/\/www.cosmepak.com\/wp-content\/uploads\/2024\/12\/\u9996\u987519202_05-1-300x152.jpg 300w, https:\/\/www.cosmepak.com\/wp-content\/uploads\/2024\/12\/\u9996\u987519202_05-1-1024x517.jpg 1024w, https:\/\/www.cosmepak.com\/wp-content\/uploads\/2024\/12\/\u9996\u987519202_05-1-768x388.jpg 768w, https:\/\/www.cosmepak.com\/wp-content\/uploads\/2024\/12\/\u9996\u987519202_05-1-1536x776.jpg 1536w, https:\/\/www.cosmepak.com\/wp-content\/uploads\/2024\/12\/\u9996\u987519202_05-1-600x303.jpg 600w\" sizes=\"(max-width: 1920px) 100vw, 1920px\" \/><\/p>\n<p><img loading=\"lazy\" decoding=\"async\" class=\"alignnone wp-image-1351\" src=\"https:\/\/www.cosmepak.com\/wp-content\/uploads\/2024\/12\/\u7269\u6d41\u8fd0\u8f93\u753b\u9762-2.jpg\" alt=\"\" width=\"1424\" height=\"1068\" srcset=\"https:\/\/www.cosmepak.com\/wp-content\/uploads\/2024\/12\/\u7269\u6d41\u8fd0\u8f93\u753b\u9762-2.jpg 800w, https:\/\/www.cosmepak.com\/wp-content\/uploads\/2024\/12\/\u7269\u6d41\u8fd0\u8f93\u753b\u9762-2-300x225.jpg 300w, https:\/\/www.cosmepak.com\/wp-content\/uploads\/2024\/12\/\u7269\u6d41\u8fd0\u8f93\u753b\u9762-2-768x576.jpg 768w, https:\/\/www.cosmepak.com\/wp-content\/uploads\/2024\/12\/\u7269\u6d41\u8fd0\u8f93\u753b\u9762-2-600x450.jpg 600w\" sizes=\"(max-width: 1424px) 100vw, 1424px\" \/><\/p>\n<table style=\"border-collapse: collapse; width: 100%; height: 144px;\">\n<tbody>\n<tr style=\"height: 24px;\">\n<td style=\"width: 33.3333%; text-align: center; height: 24px;\"><span style=\"font-size: 14pt;\"><strong>Th\u1ec3 hi\u1ec7n<\/strong><\/span><\/td>\n<td style=\"width: 33.3333%; text-align: center; height: 24px;\"><span style=\"font-size: 14pt;\"><strong>V\u1eadn chuy\u1ec3n h\u00e0ng kh\u00f4ng<\/strong><\/span><\/td>\n<td style=\"width: 33.3333%; text-align: center; height: 24px;\"><span style=\"font-size: 14pt;\"><strong>V\u1eadn chuy\u1ec3n bi\u1ec3n<\/strong><\/span><\/td>\n<\/tr>\n<tr style=\"height: 24px;\">\n<td style=\"width: 33.3333%; text-align: center; height: 24px;\">Ch\u00e2u \u00c2u 4-6 ng\u00e0y<\/td>\n<td style=\"width: 33.3333%; text-align: center; height: 24px;\">Ch\u00e2u \u00c2u 4-6 ng\u00e0y<\/td>\n<td style=\"width: 33.3333%; text-align: center; height: 24px;\">Ch\u00e2u \u00c2u 25-35 ng\u00e0y<\/td>\n<\/tr>\n<tr style=\"height: 24px;\">\n<td style=\"width: 33.3333%; text-align: center; height: 24px;\">Morth M\u1ef9 4-6 ng\u00e0y<\/td>\n<td style=\"width: 33.3333%; text-align: center; height: 24px;\">Morth M\u1ef9 4-6 ng\u00e0y<\/td>\n<td style=\"width: 33.3333%; text-align: center; height: 24px;\">Morth M\u1ef9 25-35 ng\u00e0y<\/td>\n<\/tr>\n<tr style=\"height: 24px;\">\n<td style=\"width: 33.3333%; text-align: center; height: 24px;\">\u0110\u00f4ng Nam \u00c1 3-5 ng\u00e0y<\/td>\n<td style=\"width: 33.3333%; text-align: center; height: 24px;\">\u0110\u00f4ng Nam \u00c1 3-5 ng\u00e0y<\/td>\n<td style=\"width: 33.3333%; text-align: center; height: 24px;\">\u0110\u00f4ng Nam \u00c1 25-35 ng\u00e0y<\/td>\n<\/tr>\n<tr style=\"height: 24px;\">\n<td style=\"width: 33.3333%; text-align: center; height: 24px;\">Trung \u0110\u00f4ng 4-6 ng\u00e0y<\/td>\n<td style=\"width: 33.3333%; text-align: center; height: 24px;\">Trung \u0110\u00f4ng 4-6 ng\u00e0y<\/td>\n<td style=\"width: 33.3333%; text-align: center; height: 24px;\">Trung \u0110\u00f4ng 25-35 ng\u00e0y<\/td>\n<\/tr>\n<tr style=\"height: 24px;\">\n<td style=\"width: 33.3333%; text-align: center; height: 24px;\">Nam Phi 5-8 ng\u00e0y<\/td>\n<td style=\"width: 33.3333%; text-align: center; height: 24px;\">Nam Phi 5-8 ng\u00e0y<\/td>\n<td style=\"width: 33.3333%; text-align: center; height: 24px;\">Nam Phi 25-35 ng\u00e0y<\/td>\n<\/tr>\n<\/tbody>\n<\/table>\n<p><span style=\"font-size: 14pt;\"><strong>RFQ:\u00a0<\/strong><\/span><\/p>\n<h3 id=\"why-should-you-buy-from-us-instead-of-other-suppliers\" class=\"ai-center-markdown-h3\" data-spm-anchor-id=\"a2700.micro_cgs_home.0.i9.6e743e5ftETPZu\">T\u1ea1i sao b\u1ea1n n\u00ean mua t\u1eeb ch\u00fang t\u00f4i thay v\u00ec c\u00e1c nh\u00e0 cung c\u1ea5p kh\u00e1c?<\/h3>\n<ol class=\"ai-center-markdown-ol\" start=\"1\">\n<li class=\"ai-center-markdown-li\"><strong class=\"ai-center-markdown-strong\">Thi\u1ebft k\u1ebf t\u00f9y ch\u1ec9nh ch\u1ec9 trong 3 ph\u00fat<\/strong>D\u1ecbch v\u1ee5 thi\u1ebft k\u1ebf nhanh ch\u00f3ng v\u00e0 hi\u1ec7u qu\u1ea3 ph\u00f9 h\u1ee3p v\u1edbi nhu c\u1ea7u c\u1ee7a b\u1ea1n.<\/li>\n<li class=\"ai-center-markdown-li\"><strong class=\"ai-center-markdown-strong\">D\u1ecbch v\u1ee5 tr\u1ef1c tuy\u1ebfn 24\/7<\/strong>Lu\u00f4n s\u1eb5n s\u00e0ng h\u1ed7 tr\u1ee3 b\u1ea1n, b\u1ea5t k\u1ec3 th\u1eddi gian.<\/li>\n<li class=\"ai-center-markdown-li\"><strong class=\"ai-center-markdown-strong\">Chuy\u1ec3n \u0111\u1ed5i m\u1eabu nhanh<\/strong>: M\u1eabu c\u1ed5 phi\u1ebfu c\u00f3 s\u1eb5n trong 7 ng\u00e0y, m\u1eabu in t\u00f9y ch\u1ec9nh trong 15 ng\u00e0y.<\/li>\n<li class=\"ai-center-markdown-li\"><strong class=\"ai-center-markdown-strong\">Th\u1eddi gian d\u1eabn \u0111\u00e1ng tin c\u1eady<\/strong>: Th\u1eddi gian d\u1eabn h\u00e0ng 35 ng\u00e0y nh\u1ea5t qu\u00e1n cho \u0111\u01a1n \u0111\u1eb7t h\u00e0ng c\u1ee7a b\u1ea1n.<\/li>\n<li class=\"ai-center-markdown-li\"><strong class=\"ai-center-markdown-strong\">Chuy\u00ean m\u00f4n \u0111\u01b0\u1ee3c ch\u1ee9ng minh<\/strong>H\u01a1n 10 n\u0103m kinh nghi\u1ec7m trong ng\u00e0nh c\u00f4ng nghi\u1ec7p \u0111\u00f3ng g\u00f3i m\u1ef9 ph\u1ea9m.<\/li>\n<li class=\"ai-center-markdown-li\"><strong class=\"ai-center-markdown-strong\">Nh\u00e0 m\u00e1y tr\u1ef1c ti\u1ebfp<\/strong>: Gi\u00e1 v\u00e0 d\u1ecbch v\u1ee5 t\u1ed1t nh\u1ea5t tr\u1ef1c ti\u1ebfp t\u1eeb nh\u00e0 m\u00e1y c\u1ee7a ch\u00fang t\u00f4i.<\/li>\n<li class=\"ai-center-markdown-li\"><strong class=\"ai-center-markdown-strong\">Gi\u1ea3i ph\u00e1p to\u00e0n di\u1ec7n<\/strong>: Gi\u1ea3i ph\u00e1p m\u1ed9t c\u1eeda cho t\u1ea5t c\u1ea3 nhu c\u1ea7u \u0111\u00f3ng g\u00f3i m\u1ef9 ph\u1ea9m c\u1ee7a b\u1ea1n.<\/li>\n<\/ol>\n<h3 id=\"who-are-we\" class=\"ai-center-markdown-h3\">Ch\u00fang t\u00f4i l\u00e0 ai?<\/h3>\n<p class=\"ai-center-markdown-p\">Ch\u00fang t\u00f4i l\u00e0 m\u1ed9t c\u00f4ng ty \u0111\u00f3ng g\u00f3i m\u1ef9 ph\u1ea9m c\u00f3 tr\u1ee5 s\u1edf t\u1ea1i Zhejiang, Trung Qu\u1ed1c, \u0111\u01b0\u1ee3c th\u00e0nh l\u1eadp v\u00e0o n\u0103m 2014. C\u00e1c th\u1ecb tr\u01b0\u1eddng ch\u00ednh c\u1ee7a ch\u00fang t\u00f4i bao g\u1ed3m:<\/p>\n<ul class=\"ai-center-markdown-ul\">\n<li class=\"ai-center-markdown-li\">Th\u1ecb tr\u01b0\u1eddng n\u1ed9i \u0111\u1ecba: 70%<\/li>\n<li class=\"ai-center-markdown-li\">Ch\u00e2u \u0110\u1ea1i D\u01b0\u01a1ng: 8%<\/li>\n<li class=\"ai-center-markdown-li\">Trung \u0110\u00f4ng: 7%<\/li>\n<li class=\"ai-center-markdown-li\">\u0110\u00f4ng \u00c1: 2%<\/li>\n<li class=\"ai-center-markdown-li\">B\u1eafc M\u1ef9: 2%<\/li>\n<li class=\"ai-center-markdown-li\">T\u00e2y \u00c2u: 2%<\/li>\n<li class=\"ai-center-markdown-li\">\u0110\u00f4ng Nam \u00c1: 2%<\/li>\n<li class=\"ai-center-markdown-li\">Nam \u00c1: 1%<\/li>\n<li class=\"ai-center-markdown-li\">Nam M\u1ef9: 1%<\/li>\n<li class=\"ai-center-markdown-li\">Ch\u00e2u \u00c2u: 1%<\/li>\n<li class=\"ai-center-markdown-li\">Trung M\u1ef9: 1%<\/li>\n<li class=\"ai-center-markdown-li\">B\u1eafc \u00c2u: 1%<\/li>\n<li class=\"ai-center-markdown-li\">Ch\u00e2u Phi: 1%<\/li>\n<li class=\"ai-center-markdown-li\">\u0110\u00f4ng \u00c2u: 1%<\/li>\n<\/ul>\n<h3 id=\"how-can-we-guarantee-quality\" class=\"ai-center-markdown-h3\">L\u00e0m th\u1ebf n\u00e0o \u0111\u1ec3 \u0111\u1ea3m b\u1ea3o ch\u1ea5t l\u01b0\u1ee3ng?<\/h3>\n<ul class=\"ai-center-markdown-ul\">\n<li class=\"ai-center-markdown-li\"><strong class=\"ai-center-markdown-strong\">M\u1eabu tr\u01b0\u1edbc s\u1ea3n xu\u1ea5t<\/strong>: Lu\u00f4n \u0111\u01b0\u1ee3c cung c\u1ea5p tr\u01b0\u1edbc khi s\u1ea3n xu\u1ea5t h\u00e0ng lo\u1ea1t.<\/li>\n<li class=\"ai-center-markdown-li\"><strong class=\"ai-center-markdown-strong\">Ki\u1ec3m tra cu\u1ed1i c\u00f9ng<\/strong>: Ki\u1ec3m tra to\u00e0n di\u1ec7n tr\u01b0\u1edbc khi v\u1eadn chuy\u1ec3n.<\/li>\n<\/ul>\n<h3 id=\"what-can-you-buy-from-us\" class=\"ai-center-markdown-h3\">B\u1ea1n c\u00f3 th\u1ec3 mua g\u00ec t\u1eeb ch\u00fang t\u00f4i?<\/h3>\n<ul class=\"ai-center-markdown-ul\">\n<li class=\"ai-center-markdown-li\">Chai th\u1ee7y tinh<\/li>\n<li class=\"ai-center-markdown-li\">Chai nh\u1ef1a \/ l\u1ecd \/ \u1ed1ng<\/li>\n<li class=\"ai-center-markdown-li\">Chai nh\u00f4m \/ l\u1ecd \/ \u1ed1ng<\/li>\n<li class=\"ai-center-markdown-li\">V\u1eadt li\u1ec7u \u0111\u00f3ng g\u00f3i m\u1ef9 ph\u1ea9m kh\u00e1c nhau<\/li>\n<\/ul>\n<h3 id=\"what-services-can-we-provide\" class=\"ai-center-markdown-h3\">Ch\u00fang t\u00f4i c\u00f3 th\u1ec3 cung c\u1ea5p d\u1ecbch v\u1ee5 g\u00ec?<\/h3>\n<ul class=\"ai-center-markdown-ul\">\n<li class=\"ai-center-markdown-li\"><strong class=\"ai-center-markdown-strong\">\u0110i\u1ec1u kho\u1ea3n giao h\u00e0ng<\/strong>S\u1ea3n ph\u1ea9m: FOB, CFR, CIF<\/li>\n<li class=\"ai-center-markdown-li\"><strong class=\"ai-center-markdown-strong\">Ti\u1ec1n t\u1ec7 thanh to\u00e1n<\/strong>\u0110\u1ed3ng USD, EUR, HKD, CNY<\/li>\n<li class=\"ai-center-markdown-li\"><strong class=\"ai-center-markdown-strong\">Lo\u1ea1i thanh to\u00e1n<\/strong>S\u1ed1 l\u01b0\u1ee3ng: T \/ T, L \/ C, D \/ P, D \/ A<\/li>\n<\/ul>","protected":false},"excerpt":{"rendered":"<p>V\u1eadt li\u1ec7u: ABS<\/p>\n<p>Capacity: 3.5g<\/p>\n<p>K\u00edch th\u01b0\u1edbc: 67,5*22mm<\/p>\n<p>M\u00e0u s\u1eafc: Ch\u1ea5p nh\u1eadn t\u00f9y ch\u1ec9nh (b\u1ea5t k\u1ef3 m\u00e0u pantone n\u00e0o c\u00f3 s\u1eb5n)<\/p>\n<p>Ho\u00e0n thi\u1ec7n b\u1ec1 m\u1eb7t: in m\u00e0n h\u00ecnh, d\u1eadp n\u00f3ng, ho\u00e0n thi\u1ec7n m\u1edd, v.v.<\/p>\n<p>MOQ: 10000pcs<\/p>\n<p>M\u1eabu: c\u00f3 s\u1eb5n m\u1eabu mi\u1ec5n ph\u00ed<\/p>\n<p>&nbsp;<\/p>\n<p>&nbsp;<\/p>","protected":false},"featured_media":1493,"comment_status":"closed","ping_status":"closed","template":"","meta":{"_acf_changed":false},"product_brand":[],"product_cat":[53,36],"product_tag":[39],"class_list":{"0":"post-1488","1":"product","2":"type-product","3":"status-publish","4":"has-post-thumbnail","6":"product_cat-lipstick-tube","7":"product_cat-makeup","8":"product_tag-makeup","10":"first","11":"outofstock","12":"shipping-taxable","13":"product-type-simple"},"acf":[],"_links":{"self":[{"href":"https:\/\/www.cosmepak.com\/vi\/wp-json\/wp\/v2\/product\/1488","targetHints":{"allow":["GET"]}}],"collection":[{"href":"https:\/\/www.cosmepak.com\/vi\/wp-json\/wp\/v2\/product"}],"about":[{"href":"https:\/\/www.cosmepak.com\/vi\/wp-json\/wp\/v2\/types\/product"}],"replies":[{"embeddable":true,"href":"https:\/\/www.cosmepak.com\/vi\/wp-json\/wp\/v2\/comments?post=1488"}],"wp:featuredmedia":[{"embeddable":true,"href":"https:\/\/www.cosmepak.com\/vi\/wp-json\/wp\/v2\/media\/1493"}],"wp:attachment":[{"href":"https:\/\/www.cosmepak.com\/vi\/wp-json\/wp\/v2\/media?parent=1488"}],"wp:term":[{"taxonomy":"product_brand","embeddable":true,"href":"https:\/\/www.cosmepak.com\/vi\/wp-json\/wp\/v2\/product_brand?post=1488"},{"taxonomy":"product_cat","embeddable":true,"href":"https:\/\/www.cosmepak.com\/vi\/wp-json\/wp\/v2\/product_cat?post=1488"},{"taxonomy":"product_tag","embeddable":true,"href":"https:\/\/www.cosmepak.com\/vi\/wp-json\/wp\/v2\/product_tag?post=1488"}],"curies":[{"name":"WP","href":"https:\/\/api.w.org\/{rel}","templated":true}]}}