{"id":1489,"date":"2025-03-27T16:16:02","date_gmt":"2025-03-27T08:16:02","guid":{"rendered":"https:\/\/www.cosmepak.com\/?post_type=product&#038;p=1489"},"modified":"2026-01-30T14:53:24","modified_gmt":"2026-01-30T06:53:24","slug":"30ml-50ml-100ml-black-color-perfume-bottle-with-ball-cap","status":"publish","type":"product","link":"https:\/\/www.cosmepak.com\/vi\/product\/30ml-50ml-100ml-black-color-perfume-bottle-with-ball-cap\/","title":{"rendered":"30ml 50ml 100ml chai n\u01b0\u1edbc hoa m\u00e0u \u0111en v\u1edbi n\u1eafp b\u00f3ng"},"content":{"rendered":"<table style=\"border-collapse: collapse; width: 100%; height: 122px;\">\n<tbody>\n<tr style=\"height: 24px;\">\n<td style=\"width: 33.3333%; height: 122px;\" rowspan=\"4\"><img fetchpriority=\"high\" decoding=\"async\" class=\"alignnone size-full wp-image-3983\" src=\"https:\/\/www.cosmepak.com\/wp-content\/uploads\/2025\/03\/O1CN01YNc7oS2L5BA72uWLb_974269640-0-cib1.jpg\" alt=\"\" width=\"1000\" height=\"1000\" srcset=\"https:\/\/www.cosmepak.com\/wp-content\/uploads\/2025\/03\/O1CN01YNc7oS2L5BA72uWLb_974269640-0-cib1.jpg 1000w, https:\/\/www.cosmepak.com\/wp-content\/uploads\/2025\/03\/O1CN01YNc7oS2L5BA72uWLb_974269640-0-cib1-300x300.jpg 300w, https:\/\/www.cosmepak.com\/wp-content\/uploads\/2025\/03\/O1CN01YNc7oS2L5BA72uWLb_974269640-0-cib1-150x150.jpg 150w, https:\/\/www.cosmepak.com\/wp-content\/uploads\/2025\/03\/O1CN01YNc7oS2L5BA72uWLb_974269640-0-cib1-768x768.jpg 768w, https:\/\/www.cosmepak.com\/wp-content\/uploads\/2025\/03\/O1CN01YNc7oS2L5BA72uWLb_974269640-0-cib1-12x12.jpg 12w, https:\/\/www.cosmepak.com\/wp-content\/uploads\/2025\/03\/O1CN01YNc7oS2L5BA72uWLb_974269640-0-cib1-600x600.jpg 600w, https:\/\/www.cosmepak.com\/wp-content\/uploads\/2025\/03\/O1CN01YNc7oS2L5BA72uWLb_974269640-0-cib1-100x100.jpg 100w\" sizes=\"(max-width: 1000px) 100vw, 1000px\" \/><\/td>\n<td style=\"width: 29.4018%; height: 24px; text-align: center;\">Ng\u01b0\u1eddi m\u1eabu<\/td>\n<td style=\"width: 37.2648%; height: 24px; text-align: center;\">JH-PHXHB4550 \/ JH-PHXHB5756 \/ JH-PHXBHC6866<\/td>\n<\/tr>\n<tr style=\"height: 24px;\">\n<td style=\"width: 29.4018%; height: 24px; text-align: center;\">Dung t\u00edch<\/td>\n<td style=\"width: 37.2648%; height: 24px; text-align: center;\">30ML \/ 50ML \/ 100ML<\/td>\n<\/tr>\n<tr style=\"height: 24px;\">\n<td style=\"width: 29.4018%; height: 24px; text-align: center;\">V\u1eadt li\u1ec7u<\/td>\n<td style=\"width: 37.2648%; height: 24px; text-align: center;\">K\u00ednh<\/td>\n<\/tr>\n<tr style=\"height: 24px;\">\n<td style=\"width: 29.4018%; height: 24px; text-align: center;\">C\u00e2n n\u1eb7ng<\/td>\n<td style=\"width: 37.2648%; height: 24px; text-align: center;\">81G \/ 132G \/ 202G<\/td>\n<\/tr>\n<\/tbody>\n<\/table>\n<table style=\"border-collapse: collapse; width: 100%; height: 96px;\">\n<tbody>\n<tr style=\"height: 24px;\">\n<td style=\"width: 16.6667%; text-align: center; height: 24px;\"><strong>Dung t\u00edch<\/strong><\/td>\n<td style=\"width: 16.6667%; text-align: center; height: 24px;\"><strong>K\u00edch th\u01b0\u1edbc c\u1ed5<\/strong><\/td>\n<td style=\"width: 16.6667%; text-align: center; height: 24px;\"><strong>\u0110\u01b0\u1eddng k\u00ednh<\/strong><\/td>\n<td style=\"width: 16.6667%; text-align: center; height: 24px;\"><strong>Chi\u1ec1u cao vai<\/strong><\/td>\n<td style=\"width: 16.6667%; text-align: center; height: 24px;\"><strong>T\u1ed5ng chi\u1ec1u cao<\/strong><\/td>\n<td style=\"width: 16.6667%; text-align: center; height: 24px;\"><strong>C\u00e2n n\u1eb7ng<\/strong><\/td>\n<\/tr>\n<tr style=\"height: 24px;\">\n<td style=\"width: 16.6667%; text-align: center; height: 24px;\">30ml<\/td>\n<td style=\"width: 16.6667%; text-align: center; height: 24px;\">15 mm<\/td>\n<td style=\"width: 16.6667%; text-align: center; height: 24px;\">50.5mm<\/td>\n<td style=\"width: 16.6667%; text-align: center; height: 24px;\">38mm<\/td>\n<td style=\"width: 16.6667%; text-align: center; height: 24px;\">71.5mm<\/td>\n<td style=\"width: 16.6667%; text-align: center; height: 24px;\">80g<\/td>\n<\/tr>\n<tr style=\"height: 24px;\">\n<td style=\"width: 16.6667%; text-align: center; height: 24px;\">50ml<\/td>\n<td style=\"width: 16.6667%; text-align: center; height: 24px;\">15 mm<\/td>\n<td style=\"width: 16.6667%; text-align: center; height: 24px;\">55.5mm<\/td>\n<td style=\"width: 16.6667%; text-align: center; height: 24px;\">51mm<\/td>\n<td style=\"width: 16.6667%; text-align: center; height: 24px;\">81.5mm<\/td>\n<td style=\"width: 16.6667%; text-align: center; height: 24px;\">132g<\/td>\n<\/tr>\n<tr style=\"height: 24px;\">\n<td style=\"width: 16.6667%; text-align: center; height: 24px;\">100ml<\/td>\n<td style=\"width: 16.6667%; text-align: center; height: 24px;\">15 mm<\/td>\n<td style=\"width: 16.6667%; text-align: center; height: 24px;\">Formetrulas t\u1ef1 nhi\u00ean v\u1edbi \u00edt ho\u1eb7c kh\u00f4ng c\u00f3 ch\u1ea5t b\u1ea3o qu\u1ea3n c\u1ea7n ch\u0103m s\u00f3c th\u00eam. C\u00e1c l\u1ecd kh\u00f4ng an to\u00e0n b\u1edfi v\u00ec ch\u00fang \u0111\u1ec3 b\u00e0sa \u062c\u0631\u0627\u0645erms sau khi m\u1edf. Chai ch\u00e2n kh\u00f4ng t\u1ea1o ra m\u1ed9t h\u1ec7 th\u1ed1ng s\u1ea1ch s\u1ebd, \u0111\u00f3ng c\u1eeda. \u0110i\u1ec1u n\u00e0y b\u1ea3o v\u1ec7 s\u1ea3n ph\u1ea9m c\u1ee7a b\u1ea1n m\u00e0 kh\u00f4ng c\u1ea7n th\u00eam h\u00f3a ch\u1ea5t. C\u00e1c th\u01b0\u01a1ng hi\u1ec7u ch\u0103m s\u00f3c da v\u1edbi c\u00e1c c\u00f4ng th\u1ee9c t\u1ef1 nhi\u00ean y\u00eau th\u00edch m\u00e1y b\u01a1m ch\u00e2n kh\u00f4ng c\u1ee7a Jaunce v\u00ec l\u00fd do n\u00e0y.<\/td>\n<td style=\"width: 16.6667%; text-align: center; height: 24px;\">60mm<\/td>\n<td style=\"width: 16.6667%; text-align: center; height: 24px;\">104mm<\/td>\n<td style=\"width: 16.6667%; text-align: center; height: 24px;\">202g<\/td>\n<\/tr>\n<\/tbody>\n<\/table>\n<p>\u0110\u00e2y l\u00e0 m\u1ed9t chai n\u01b0\u1edbc hoa \u0111en \u0111\u1eb9p. Chai c\u00f3 h\u00ecnh tr\u1ee5 th\u1eb3ng, v\u1edbi vai ph\u1eb3ng v\u00e0 thi\u1ebft k\u1ebf c\u01a1 s\u1edf ph\u1eb3ng. V\u1ebb ngo\u00e0i t\u1ed5ng th\u1ec3 l\u00e0 m\u1ecbn m\u1ea1ch v\u00e0 thanh l\u1ecbch. B\u1ec1 m\u1eb7t c\u1ee7a chai \u0111\u01b0\u1ee3c ph\u1ee7 b\u1eb1ng s\u01a1n \u0111en m\u1edd, tr\u00ecnh b\u00e0y m\u1ed9t k\u1ebft c\u1ea5u th\u1ea5p v\u00e0 tinh t\u1ebf. N\u00f3 tr\u00e1nh \u0111\u1ed9 c\u1ee9ng c\u1ee7a b\u1ec1 m\u1eb7t b\u00f3ng v\u00e0 c\u0169ng cung c\u1ea5p c\u00e1c \u0111\u1eb7c t\u00ednh ch\u1ed1ng tr\u01b0\u1ee3t tuy\u1ec7t v\u1eddi. \u1ede vai c\u1ee7a chai, c\u00f3 c\u00e1c m\u00f4 h\u00ecnh phong c\u00e1ch d\u00e2n t\u1ed9c tinh t\u1ebf m\u1edf r\u1ed9ng \u0111\u1ebfn mi\u1ec7ng chai, th\u00eam m\u1ed9t quy\u1ebfn r\u0169 v\u0103n h\u00f3a \u0111\u1ed9c \u0111\u00e1o v\u00e0o thi\u1ebft k\u1ebf t\u1ed5ng th\u1ec3 v\u00e0 l\u00e0m cho chai n\u1ed5i b\u1eadt theo c\u00e1ch ri\u00eang c\u1ee7a n\u00f3.<\/p>\n<p>M\u1edf chai c\u1ee7a chai n\u01b0\u1edbc hoa n\u00e0y \u00e1p d\u1ee5ng thi\u1ebft k\u1ebf snap-on, k\u1ebft h\u1ee3p v\u1edbi phun nh\u00f4m m\u1ea1 \u0111i\u1ec7n v\u00e0 n\u1eafp h\u00ecnh c\u1ea7u \u0111en. Hi\u1ec7u \u1ee9ng t\u1ed5ng th\u1ec3 t\u1ea1o ra m\u1ed9t s\u1ef1 t\u01b0\u01a1ng ph\u1ea3n h\u00e0i h\u00f2a v\u00e0 sang tr\u1ecdng, th\u1ec3 hi\u1ec7n ho\u00e0n h\u1ea3o m\u1ed9t phong c\u00e1ch th\u1ea5p nh\u01b0ng sang tr\u1ecdng. Chai n\u01b0\u1edbc hoa c\u1ee7a ch\u00fang t\u00f4i c\u00f3 ba c\u00f4ng su\u1ea5t: 30ml, 50ml v\u00e0 100ml, c\u00f3 th\u1ec3 \u0111\u00e1p \u1ee9ng \u0111\u1ea7y \u0111\u1ee7 nhu c\u1ea7u c\u1ee7a c\u00e1c d\u1ecbp kh\u00e1c nhau. Ph\u1ea3i c\u00f3 m\u1ed9t m\u00f4 h\u00ecnh kh\u1ea3 thi cho th\u01b0\u01a1ng hi\u1ec7u c\u1ee7a b\u1ea1n.<\/p>\n<p>Chai \u0111en v\u1edbi khu\u00f4n m\u1eb7t tr\u1ed1ng, k\u1ebft h\u1ee3p v\u1edbi phun v\u00e0ng v\u00e0 n\u1eafp tr\u00f2n b\u00f3ng s\u00e1ng d\u1ec5 th\u01b0\u01a1ng, c\u00f3 nh\u1eabn v\u00e0ng \u1edf c\u1ed5, gi\u1ed1ng nh\u01b0 m\u1ed9t qu\u00fd \u00f4ng.<\/p>\n<p>T\u1ea5t nhi\u00ean, thi\u1ebft k\u1ebf chai kh\u00f4ng ch\u1ec9 c\u00f3 th\u1ec3 \u0111\u01b0\u1ee3c ch\u1ecdn trong m\u00e0u \u0111en m\u1edd b\u00ed \u1ea9n nh\u01b0 \u0111\u01b0\u1ee3c hi\u1ec3n th\u1ecb trong h\u00ecnh \u1ea3nh, m\u00e0 c\u00f2n trong m\u00e0u tr\u1eafng m\u1edd, c\u0169ng nh\u01b0 c\u00e1c b\u1ec1 m\u1eb7t m\u1edd m\u00e0u kh\u00e1c nhau. Ngo\u00e0i ra, n\u00f3 c\u0169ng c\u00f3 th\u1ec3 \u0111\u01b0\u1ee3c s\u01a1n b\u1eb1ng m\u00e0u s\u1eafc b\u00e1n minh b\u1ea1ch t\u01b0\u01a1i s\u00e1ng v\u00e0 \u0111\u1ea7y m\u00e0u s\u1eafc. M\u00e0u s\u1eafc kh\u00e1c nhau c\u00f3 th\u1ec3 \u0111\u01b0\u1ee3c k\u1ebft h\u1ee3p v\u1edbi c\u00e1c ph\u1ee5 ki\u1ec7n kh\u00e1c nhau \u0111\u1ec3 t\u1ea1o ra c\u1ea3m gi\u00e1c ri\u00eang bi\u1ec7t.<\/p>\n<p>V\u00e0 chai n\u00e0y \u0111\u01b0\u1ee3c trang b\u1ecb m\u1ed9t m\u00e1y phun \u00e1p su\u1ea5t snap-on, c\u00f3 hi\u1ec7u \u1ee9ng nguy\u00ean t\u1eed h\u00f3a tuy\u1ec7t v\u1eddi. Khi \u0111\u01b0\u1ee3c \u00e9p, n\u01b0\u1edbc hoa s\u1ebd phun ra trong m\u1ed9t m\u00f9i s\u01b0\u01a1ng m\u1ecbn v\u00e0 \u0111\u1ed3ng \u0111\u1ec1u, cho ph\u00e9p m\u00f9i th\u01a1m lan r\u1ed9ng \u0111\u1ed3ng \u0111\u1ec1u tr\u00ean da. C\u1ea3m gi\u00e1c \u00e9p c\u1ee7a m\u00e1y phun l\u00e0 m\u01b0\u1ee3t m\u00e0, v\u00e0 \u0111\u1ea7u ra ch\u1ea5t l\u1ecfng l\u00e0 \u1ed5n \u0111\u1ecbnh.<\/p>\n<table style=\"border-collapse: collapse; width: 100%;\">\n<tbody>\n<tr>\n<td style=\"width: 33.3333%;\"><img decoding=\"async\" class=\"alignnone size-full wp-image-3984\" src=\"https:\/\/www.cosmepak.com\/wp-content\/uploads\/2025\/03\/7-12.jpg\" alt=\"\" width=\"1000\" height=\"1000\" srcset=\"https:\/\/www.cosmepak.com\/wp-content\/uploads\/2025\/03\/7-12.jpg 1000w, https:\/\/www.cosmepak.com\/wp-content\/uploads\/2025\/03\/7-12-300x300.jpg 300w, https:\/\/www.cosmepak.com\/wp-content\/uploads\/2025\/03\/7-12-150x150.jpg 150w, https:\/\/www.cosmepak.com\/wp-content\/uploads\/2025\/03\/7-12-768x768.jpg 768w, https:\/\/www.cosmepak.com\/wp-content\/uploads\/2025\/03\/7-12-12x12.jpg 12w, https:\/\/www.cosmepak.com\/wp-content\/uploads\/2025\/03\/7-12-600x600.jpg 600w, https:\/\/www.cosmepak.com\/wp-content\/uploads\/2025\/03\/7-12-100x100.jpg 100w\" sizes=\"(max-width: 1000px) 100vw, 1000px\" \/><\/td>\n<td style=\"width: 33.3333%;\"><img decoding=\"async\" class=\"alignnone size-full wp-image-3985\" src=\"https:\/\/www.cosmepak.com\/wp-content\/uploads\/2025\/03\/8-11.jpg\" alt=\"\" width=\"1000\" height=\"1000\" srcset=\"https:\/\/www.cosmepak.com\/wp-content\/uploads\/2025\/03\/8-11.jpg 1000w, https:\/\/www.cosmepak.com\/wp-content\/uploads\/2025\/03\/8-11-300x300.jpg 300w, https:\/\/www.cosmepak.com\/wp-content\/uploads\/2025\/03\/8-11-150x150.jpg 150w, https:\/\/www.cosmepak.com\/wp-content\/uploads\/2025\/03\/8-11-768x768.jpg 768w, https:\/\/www.cosmepak.com\/wp-content\/uploads\/2025\/03\/8-11-12x12.jpg 12w, https:\/\/www.cosmepak.com\/wp-content\/uploads\/2025\/03\/8-11-600x600.jpg 600w, https:\/\/www.cosmepak.com\/wp-content\/uploads\/2025\/03\/8-11-100x100.jpg 100w\" sizes=\"(max-width: 1000px) 100vw, 1000px\" \/><\/td>\n<td style=\"width: 33.3333%;\"><img loading=\"lazy\" decoding=\"async\" class=\"alignnone size-full wp-image-3986\" src=\"https:\/\/www.cosmepak.com\/wp-content\/uploads\/2025\/03\/9-5.jpg\" alt=\"\" width=\"1000\" height=\"1000\" srcset=\"https:\/\/www.cosmepak.com\/wp-content\/uploads\/2025\/03\/9-5.jpg 1000w, https:\/\/www.cosmepak.com\/wp-content\/uploads\/2025\/03\/9-5-300x300.jpg 300w, https:\/\/www.cosmepak.com\/wp-content\/uploads\/2025\/03\/9-5-150x150.jpg 150w, https:\/\/www.cosmepak.com\/wp-content\/uploads\/2025\/03\/9-5-768x768.jpg 768w, https:\/\/www.cosmepak.com\/wp-content\/uploads\/2025\/03\/9-5-12x12.jpg 12w, https:\/\/www.cosmepak.com\/wp-content\/uploads\/2025\/03\/9-5-600x600.jpg 600w, https:\/\/www.cosmepak.com\/wp-content\/uploads\/2025\/03\/9-5-100x100.jpg 100w\" sizes=\"(max-width: 1000px) 100vw, 1000px\" \/><\/td>\n<\/tr>\n<\/tbody>\n<\/table>\n<table style=\"border-collapse: collapse; width: 100%;\">\n<tbody>\n<tr>\n<td style=\"width: 50%;\"><img loading=\"lazy\" decoding=\"async\" class=\"alignnone size-full wp-image-3987\" src=\"https:\/\/www.cosmepak.com\/wp-content\/uploads\/2025\/03\/5-9.jpg\" alt=\"\" width=\"1000\" height=\"1000\" srcset=\"https:\/\/www.cosmepak.com\/wp-content\/uploads\/2025\/03\/5-9.jpg 1000w, https:\/\/www.cosmepak.com\/wp-content\/uploads\/2025\/03\/5-9-300x300.jpg 300w, https:\/\/www.cosmepak.com\/wp-content\/uploads\/2025\/03\/5-9-150x150.jpg 150w, https:\/\/www.cosmepak.com\/wp-content\/uploads\/2025\/03\/5-9-768x768.jpg 768w, https:\/\/www.cosmepak.com\/wp-content\/uploads\/2025\/03\/5-9-12x12.jpg 12w, https:\/\/www.cosmepak.com\/wp-content\/uploads\/2025\/03\/5-9-600x600.jpg 600w, https:\/\/www.cosmepak.com\/wp-content\/uploads\/2025\/03\/5-9-100x100.jpg 100w\" sizes=\"(max-width: 1000px) 100vw, 1000px\" \/><\/td>\n<td style=\"width: 50%;\"><img loading=\"lazy\" decoding=\"async\" class=\"alignnone size-full wp-image-3988\" src=\"https:\/\/www.cosmepak.com\/wp-content\/uploads\/2025\/03\/1-21.jpg\" alt=\"\" width=\"1000\" height=\"1000\" srcset=\"https:\/\/www.cosmepak.com\/wp-content\/uploads\/2025\/03\/1-21.jpg 1000w, https:\/\/www.cosmepak.com\/wp-content\/uploads\/2025\/03\/1-21-300x300.jpg 300w, https:\/\/www.cosmepak.com\/wp-content\/uploads\/2025\/03\/1-21-150x150.jpg 150w, https:\/\/www.cosmepak.com\/wp-content\/uploads\/2025\/03\/1-21-768x768.jpg 768w, https:\/\/www.cosmepak.com\/wp-content\/uploads\/2025\/03\/1-21-12x12.jpg 12w, https:\/\/www.cosmepak.com\/wp-content\/uploads\/2025\/03\/1-21-600x600.jpg 600w, https:\/\/www.cosmepak.com\/wp-content\/uploads\/2025\/03\/1-21-100x100.jpg 100w\" sizes=\"(max-width: 1000px) 100vw, 1000px\" \/><\/td>\n<\/tr>\n<\/tbody>\n<\/table>","protected":false},"excerpt":{"rendered":"<p>V\u1eadt li\u1ec7u chai: th\u1ee7y tinh<\/p>\n<p>NAPCITY: 30ml<\/p>\n<p>M\u00e0u s\u1eafc: T\u00f9y ch\u1ec9nh<\/p>\n<p>B\u1ec1 m\u1eb7t ho\u00e0n thi\u1ec7n: In m\u00e0n h\u00ecnh, s\u01b0\u01a1ng gi\u00e1, d\u1eadp n\u00f3ng, gradient phun, k\u1ebft th\u00fac m\u1edd, v.v.<\/p>\n<p>MOQ: 5000pcs;<\/p>\n<p>&nbsp;<\/p>","protected":false},"featured_media":3989,"comment_status":"closed","ping_status":"closed","template":"","meta":{"_acf_changed":false},"product_brand":[],"product_cat":[17],"product_tag":[],"class_list":{"0":"post-1489","1":"product","2":"type-product","3":"status-publish","4":"has-post-thumbnail","6":"product_cat-perfume-bottle","8":"first","9":"outofstock","10":"shipping-taxable","11":"product-type-simple"},"acf":[],"_links":{"self":[{"href":"https:\/\/www.cosmepak.com\/vi\/wp-json\/wp\/v2\/product\/1489","targetHints":{"allow":["GET"]}}],"collection":[{"href":"https:\/\/www.cosmepak.com\/vi\/wp-json\/wp\/v2\/product"}],"about":[{"href":"https:\/\/www.cosmepak.com\/vi\/wp-json\/wp\/v2\/types\/product"}],"replies":[{"embeddable":true,"href":"https:\/\/www.cosmepak.com\/vi\/wp-json\/wp\/v2\/comments?post=1489"}],"wp:featuredmedia":[{"embeddable":true,"href":"https:\/\/www.cosmepak.com\/vi\/wp-json\/wp\/v2\/media\/3989"}],"wp:attachment":[{"href":"https:\/\/www.cosmepak.com\/vi\/wp-json\/wp\/v2\/media?parent=1489"}],"wp:term":[{"taxonomy":"product_brand","embeddable":true,"href":"https:\/\/www.cosmepak.com\/vi\/wp-json\/wp\/v2\/product_brand?post=1489"},{"taxonomy":"product_cat","embeddable":true,"href":"https:\/\/www.cosmepak.com\/vi\/wp-json\/wp\/v2\/product_cat?post=1489"},{"taxonomy":"product_tag","embeddable":true,"href":"https:\/\/www.cosmepak.com\/vi\/wp-json\/wp\/v2\/product_tag?post=1489"}],"curies":[{"name":"WP","href":"https:\/\/api.w.org\/{rel}","templated":true}]}}