{"id":1496,"date":"2025-03-27T16:19:39","date_gmt":"2025-03-27T08:19:39","guid":{"rendered":"https:\/\/www.cosmepak.com\/?post_type=product&#038;p=1496"},"modified":"2026-04-23T14:30:13","modified_gmt":"2026-04-23T06:30:13","slug":"chai-nuoc-hoa-50ml-hinh-xi-lanh-chai-nuoc-hoa-vang","status":"publish","type":"product","link":"https:\/\/www.cosmepak.com\/vi\/product\/perfume-bottle-50ml-cylinder-shape-perfume-bottle-jaunce\/","title":{"rendered":"Chai n\u01b0\u1edbc hoa -50ml xi lanh h\u00ecnh th\u00e0nh chai n\u01b0\u1edbc hoa\/ Jaunce"},"content":{"rendered":"<p><img fetchpriority=\"high\" decoding=\"async\" class=\"alignnone wp-image-1490\" src=\"https:\/\/www.cosmepak.com\/wp-content\/uploads\/2025\/03\/O1CN01avbEkm29TesZczGiO_2213179168069-0-cib.jpg\" alt=\"chai n\u01b0\u1edbc hoa7\" width=\"1363\" height=\"1363\" srcset=\"https:\/\/www.cosmepak.com\/wp-content\/uploads\/2025\/03\/O1CN01avbEkm29TesZczGiO_2213179168069-0-cib.jpg 1000w, https:\/\/www.cosmepak.com\/wp-content\/uploads\/2025\/03\/O1CN01avbEkm29TesZczGiO_2213179168069-0-cib-300x300.jpg 300w, https:\/\/www.cosmepak.com\/wp-content\/uploads\/2025\/03\/O1CN01avbEkm29TesZczGiO_2213179168069-0-cib-150x150.jpg 150w, https:\/\/www.cosmepak.com\/wp-content\/uploads\/2025\/03\/O1CN01avbEkm29TesZczGiO_2213179168069-0-cib-768x768.jpg 768w, https:\/\/www.cosmepak.com\/wp-content\/uploads\/2025\/03\/O1CN01avbEkm29TesZczGiO_2213179168069-0-cib-600x600.jpg 600w, https:\/\/www.cosmepak.com\/wp-content\/uploads\/2025\/03\/O1CN01avbEkm29TesZczGiO_2213179168069-0-cib-100x100.jpg 100w\" sizes=\"(max-width: 1363px) 100vw, 1363px\" \/><\/p>\n<p>\u0110\u00e2y l\u00e0 m\u1ed9t chai n\u01b0\u1edbc hoa th\u1ee7y tinh 50ml v\u1edbi hai ki\u1ec3u thi\u1ebft k\u1ebf: h\u00ecnh tr\u1ee5 v\u00e0 h\u00ecnh ch\u1eef nh\u1eadt. N\u00f3 ph\u00f9 h\u1ee3p v\u1edbi nhi\u1ec1u d\u1ecbp kh\u00e1c nhau. C\u1ea3 hai chai \u0111\u1ec1u c\u00f3 c\u01a1 s\u1edf d\u00e0y, l\u00e0m b\u1eb1ng v\u1eadt li\u1ec7u th\u1ee7y tinh trong su\u1ed1t cao v\u00e0 \u0111\u01b0\u1ee3c trang b\u1ecb m\u1ed9t m\u00e1y b\u01a1m phun tinh t\u1ebf, d\u1eabn \u0111\u1ebfn hi\u1ec7u \u1ee9ng nguy\u00ean t\u1eed h\u00f3a ch\u1ea5t l\u1ecfng tuy\u1ec7t v\u1eddi. Hai chai n\u01b0\u1edbc hoa n\u00e0y k\u1ebft h\u1ee3p ho\u00e0n h\u1ea3o v\u1ebb \u0111\u1eb9p, t\u00ednh th\u1ef1c t\u1ebf v\u00e0 \u0111\u1ed9 b\u1ec1n. N\u00f3 kh\u00f4ng ch\u1ec9 t\u0103ng c\u01b0\u1eddng s\u1ef1 h\u1ea5p d\u1eabn th\u1ecb gi\u00e1c c\u1ee7a n\u01b0\u1edbc hoa m\u00e0 c\u00f2n \u0111\u1ea3m b\u1ea3o s\u1ef1 \u1ed5n \u0111\u1ecbnh v\u00e0 thu\u1eadn ti\u1ec7n trong khi s\u1eed d\u1ee5ng. Cho d\u00f9 cho s\u1eed d\u1ee5ng c\u00e1 nh\u00e2n ho\u1eb7c nh\u01b0 m\u1ed9t m\u00f3n qu\u00e0, chai n\u00e0y l\u00e0 s\u1ef1 l\u1ef1a ch\u1ecdn l\u00fd t\u01b0\u1edfng cho b\u1ea5t k\u1ef3 ng\u01b0\u1eddi \u0111am m\u00ea n\u01b0\u1edbc hoa n\u00e0o.<\/p>\n<p>C\u1ea3 hai thi\u1ebft k\u1ebf \u0111\u1ec1u c\u00f3 m\u1ed9t \u0111\u00e1y k\u00ednh d\u00e0y, kh\u00f4ng ch\u1ec9 cung c\u1ea5p s\u1ef1 \u1ed5n \u0111\u1ecbnh v\u00e0 b\u1ec1n. h\u00ecnh d\u1ea1ng tr\u00f2n v\u00e0 vu\u00f4ng c\u1ee7a c\u00e1c chai \u0111\u1ec3 \u0111\u00e1p \u1ee9ng c\u00e1c s\u1edf th\u00edch th\u1ea9m m\u1ef9 kh\u00e1c nhau. c\u01a1 s\u1edf th\u1ee7y tinh d\u00e0y \u0111\u1ea3m b\u1ea3o r\u1eb1ng chai \u00edt c\u00f3 kh\u1ea3 n\u0103ng l\u1eadt, do \u0111\u00f3 gi\u1ea3m nguy c\u01a1 tr\u00e0n v\u00e0 v\u1ee1.<\/p>\n<p>Thi\u1ebft k\u1ebf n\u1eafp chai snap-on, k\u1ebft h\u1ee3p v\u1edbi phun nh\u00f4m m\u1ea1 \u0111i\u1ec7n m\u00e0u v\u00e0ng v\u00e0 b\u1ea1c, \u0111\u1ec1u phong c\u00e1ch v\u00e0 th\u1ef1c t\u1ebf, cung c\u1ea5p an ninh v\u00e0 \u0111\u1ed9 b\u1ec1n tuy\u1ec7t v\u1eddi. Ch\u1ea5t l\u1ecfng phun b\u1eb1ng phun \u0111i\u1ec7n nh\u00f4m c\u00f3 hi\u1ec7u \u1ee9ng s\u01b0\u01a1ng m\u1ecbn v\u00e0 m\u1ecbn, v\u00e0 \u0111\u01b0\u1ee3c ph\u00e2n ph\u1ed1i \u0111\u1ed3ng \u0111\u1ec1u tr\u00ean kh\u1eafp kh\u00f4ng kh\u00ed, mang l\u1ea1i c\u1ea3m gi\u00e1c vui v\u1ebb cho ng\u01b0\u1eddi d\u00f9ng.<\/p>\n<p>V\u1ecf b\u1ecdc m\u00e0u v\u00e0ng v\u00e0 b\u1ea1c m\u1ea1 \u0111i\u1ec7n th\u01b0\u1eddng l\u00e0 l\u1ef1a ch\u1ecdn l\u00fd t\u01b0\u1edfng cho chai n\u01b0\u1edbc hoa cao c\u1ea5p, sang tr\u1ecdng nh\u01b0ng h\u00e0i h\u00f2a trong thi\u1ebft k\u1ebf. T\u1ea5t nhi\u00ean, ch\u00fang t\u00f4i c\u0169ng cung c\u1ea5p m\u1ed9t v\u1ecf b\u00ean ngo\u00e0i b\u1eb1ng nh\u1ef1a ho\u00e0n to\u00e0n, c\u1ea3 th\u1ea9m m\u1ef9 v\u00e0 ch\u1ee9c n\u0103ng. B\u1ea5t k\u1ec3 b\u1ea1n th\u00edch s\u1ea3n ph\u1ea9m n\u00e0o, lu\u00f4n c\u00f3 m\u1ed9t s\u1ea3n ph\u1ea9m \u0111\u00e1p \u1ee9ng y\u00eau c\u1ea7u thi\u1ebft k\u1ebf c\u1ee7a b\u1ea1n.<\/p>\n<p>\u0110\u1ed3ng th\u1eddi, ch\u00fang t\u00f4i c\u0169ng cung c\u1ea5p c\u00e1c t\u00f9y ch\u1ecdn t\u00f9y ch\u1ec9nh kh\u00e1c nhau. Ch\u00fang t\u00f4i cung c\u1ea5p quy tr\u00ecnh s\u01a1n phun b\u00e1n minh b\u1ea1ch, quy tr\u00ecnh s\u01a1n phun m\u00e0u r\u1eafn. Mi\u1ec5n l\u00e0 b\u1ea1n cung c\u1ea5p s\u1ed1 m\u00e0u Pantone, ch\u00fang t\u00f4i c\u00f3 th\u1ec3 ti\u1ebfn h\u00e0nh s\u1ea3n xu\u1ea5t m\u1eabu phun d\u1ef1a tr\u00ean m\u00e0u s\u1eafc c\u1ee7a b\u1ea1n. T\u1ea5t nhi\u00ean, ch\u00fang t\u00f4i c\u0169ng cung c\u1ea5p c\u00e1c d\u1ecbch v\u1ee5 nh\u01b0 in m\u00e0n h\u00ecnh, d\u1eadp v\u00e0ng, d\u1eadp b\u1ea1c, in nh\u00e3n \u0111\u1ecbnh v\u1ecb, v.v.<\/p>\n<p>&nbsp;<\/p>\n<p><img decoding=\"async\" class=\"alignnone wp-image-1491\" src=\"https:\/\/www.cosmepak.com\/wp-content\/uploads\/2025\/03\/O1CN01KMAJAZ29TesZcwFUm_2213179168069-0-cib.jpg\" alt=\"Chai n\u01b0\u1edbc hoa 30ml 5\" width=\"669\" height=\"669\" srcset=\"https:\/\/www.cosmepak.com\/wp-content\/uploads\/2025\/03\/O1CN01KMAJAZ29TesZcwFUm_2213179168069-0-cib.jpg 1000w, https:\/\/www.cosmepak.com\/wp-content\/uploads\/2025\/03\/O1CN01KMAJAZ29TesZcwFUm_2213179168069-0-cib-300x300.jpg 300w, https:\/\/www.cosmepak.com\/wp-content\/uploads\/2025\/03\/O1CN01KMAJAZ29TesZcwFUm_2213179168069-0-cib-150x150.jpg 150w, https:\/\/www.cosmepak.com\/wp-content\/uploads\/2025\/03\/O1CN01KMAJAZ29TesZcwFUm_2213179168069-0-cib-768x768.jpg 768w, https:\/\/www.cosmepak.com\/wp-content\/uploads\/2025\/03\/O1CN01KMAJAZ29TesZcwFUm_2213179168069-0-cib-600x600.jpg 600w, https:\/\/www.cosmepak.com\/wp-content\/uploads\/2025\/03\/O1CN01KMAJAZ29TesZcwFUm_2213179168069-0-cib-100x100.jpg 100w\" sizes=\"(max-width: 669px) 100vw, 669px\" \/> <img decoding=\"async\" class=\"alignnone wp-image-1492\" src=\"https:\/\/www.cosmepak.com\/wp-content\/uploads\/2025\/03\/O1CN01pBOAh429TesefHdJX_2213179168069-0-cib.jpg\" alt=\"\" width=\"674\" height=\"674\" srcset=\"https:\/\/www.cosmepak.com\/wp-content\/uploads\/2025\/03\/O1CN01pBOAh429TesefHdJX_2213179168069-0-cib.jpg 1000w, https:\/\/www.cosmepak.com\/wp-content\/uploads\/2025\/03\/O1CN01pBOAh429TesefHdJX_2213179168069-0-cib-300x300.jpg 300w, https:\/\/www.cosmepak.com\/wp-content\/uploads\/2025\/03\/O1CN01pBOAh429TesefHdJX_2213179168069-0-cib-150x150.jpg 150w, https:\/\/www.cosmepak.com\/wp-content\/uploads\/2025\/03\/O1CN01pBOAh429TesefHdJX_2213179168069-0-cib-768x768.jpg 768w, https:\/\/www.cosmepak.com\/wp-content\/uploads\/2025\/03\/O1CN01pBOAh429TesefHdJX_2213179168069-0-cib-600x600.jpg 600w, https:\/\/www.cosmepak.com\/wp-content\/uploads\/2025\/03\/O1CN01pBOAh429TesefHdJX_2213179168069-0-cib-100x100.jpg 100w\" sizes=\"(max-width: 674px) 100vw, 674px\" \/><\/p>\n<p>&nbsp;<\/p>","protected":false},"excerpt":{"rendered":"<p>V\u1eadt li\u1ec7u chai: th\u1ee7y tinh<\/p>\n<p>NAPCITY: 50ml<\/p>\n<p>M\u00e0u s\u1eafc: T\u00f9y ch\u1ec9nh<\/p>\n<p>B\u1ec1 m\u1eb7t ho\u00e0n thi\u1ec7n: In m\u00e0n h\u00ecnh, s\u01b0\u01a1ng gi\u00e1, d\u1eadp n\u00f3ng, gradient phun, k\u1ebft th\u00fac m\u1edd, v.v.<\/p>\n<p>MOQ: 5000pcs;<\/p>\n<p>&nbsp;<\/p>","protected":false},"featured_media":1492,"comment_status":"closed","ping_status":"closed","template":"","meta":{"_acf_changed":false},"product_brand":[],"product_cat":[17],"product_tag":[],"class_list":{"0":"post-1496","1":"product","2":"type-product","3":"status-publish","4":"has-post-thumbnail","6":"product_cat-perfume-bottle","8":"first","9":"outofstock","10":"shipping-taxable","11":"product-type-simple"},"acf":[],"_links":{"self":[{"href":"https:\/\/www.cosmepak.com\/vi\/wp-json\/wp\/v2\/product\/1496","targetHints":{"allow":["GET"]}}],"collection":[{"href":"https:\/\/www.cosmepak.com\/vi\/wp-json\/wp\/v2\/product"}],"about":[{"href":"https:\/\/www.cosmepak.com\/vi\/wp-json\/wp\/v2\/types\/product"}],"replies":[{"embeddable":true,"href":"https:\/\/www.cosmepak.com\/vi\/wp-json\/wp\/v2\/comments?post=1496"}],"wp:featuredmedia":[{"embeddable":true,"href":"https:\/\/www.cosmepak.com\/vi\/wp-json\/wp\/v2\/media\/1492"}],"wp:attachment":[{"href":"https:\/\/www.cosmepak.com\/vi\/wp-json\/wp\/v2\/media?parent=1496"}],"wp:term":[{"taxonomy":"product_brand","embeddable":true,"href":"https:\/\/www.cosmepak.com\/vi\/wp-json\/wp\/v2\/product_brand?post=1496"},{"taxonomy":"product_cat","embeddable":true,"href":"https:\/\/www.cosmepak.com\/vi\/wp-json\/wp\/v2\/product_cat?post=1496"},{"taxonomy":"product_tag","embeddable":true,"href":"https:\/\/www.cosmepak.com\/vi\/wp-json\/wp\/v2\/product_tag?post=1496"}],"curies":[{"name":"WP","href":"https:\/\/api.w.org\/{rel}","templated":true}]}}