{"id":1499,"date":"2025-03-27T16:29:13","date_gmt":"2025-03-27T08:29:13","guid":{"rendered":"https:\/\/www.cosmepak.com\/?post_type=product&#038;p=1499"},"modified":"2025-09-08T15:21:05","modified_gmt":"2025-09-08T07:21:05","slug":"son-bong-ong-9-2","status":"publish","type":"product","link":"https:\/\/www.cosmepak.com\/vi\/product\/lipglosstube-9-2\/","title":{"rendered":"M\u00f4i b\u00f3ng \u1ed1ng-b\u1ea1c vu\u00f4ng trong su\u1ed1t m\u00f4i b\u00f3ng \u1ed1ng \/ Jaunce"},"content":{"rendered":"<table style=\"border-collapse: collapse; width: 100%; height: 240px;\">\n<tbody>\n<tr style=\"height: 24px;\">\n<td style=\"width: 24.7995%; height: 24px;\">Th\u01b0\u01a1ng hi\u1ec7u<\/td>\n<td style=\"width: 75.2005%; height: 24px;\">\u00a0Jaunce<\/td>\n<\/tr>\n<tr style=\"height: 24px;\">\n<td style=\"width: 24.7995%; height: 24px;\">Dung t\u00edch<\/td>\n<td style=\"width: 75.2005%; height: 24px;\">8ml<\/td>\n<\/tr>\n<tr style=\"height: 24px;\">\n<td style=\"width: 24.7995%; height: 24px;\">H\u00ecnh d\u1ea1ng<\/td>\n<td style=\"width: 75.2005%; height: 24px;\">Qu\u1ea3ng tr\u01b0\u1eddng<\/td>\n<\/tr>\n<tr style=\"height: 24px;\">\n<td style=\"width: 24.7995%; height: 24px;\">K\u00edch c\u1ee1<\/td>\n<td style=\"width: 75.2005%; height: 24px;\">20*101mm<\/td>\n<\/tr>\n<tr style=\"height: 24px;\">\n<td style=\"width: 24.7995%; height: 24px;\">C\u00e2n n\u1eb7ng<\/td>\n<td style=\"width: 75.2005%; height: 24px;\">30.9g<\/td>\n<\/tr>\n<tr style=\"height: 24px;\">\n<td style=\"width: 24.7995%; height: 24px;\">Ph\u00f9 h\u1ee3p<\/td>\n<td style=\"width: 75.2005%; height: 24px;\">\u00a0N\u1eafp<\/td>\n<\/tr>\n<tr style=\"height: 24px;\">\n<td style=\"width: 24.7995%; height: 24px;\">Ng\u01b0\u1eddi m\u1eabu<\/td>\n<td style=\"width: 75.2005%; height: 24px;\">JH-JZ-7393#<\/td>\n<\/tr>\n<tr style=\"height: 24px;\">\n<td style=\"width: 24.7995%; height: 24px;\">S\u1ea3n ph\u1ea9m OEM \/ ODM<\/td>\n<td style=\"width: 75.2005%; height: 24px;\">Ch\u1ea5p nh\u1eadn<\/td>\n<\/tr>\n<tr style=\"height: 24px;\">\n<td style=\"width: 24.7995%; height: 24px;\">M\u00e0u s\u1eafc<\/td>\n<td style=\"width: 75.2005%; height: 24px;\">T\u00f9y ch\u1ec9nh<\/td>\n<\/tr>\n<tr style=\"height: 24px;\">\n<td style=\"width: 24.7995%; height: 24px;\">MOQ<\/td>\n<td style=\"width: 75.2005%; height: 24px;\">10000pcs<\/td>\n<\/tr>\n<\/tbody>\n<\/table>\n<p>&nbsp;<\/p>\n<p><img fetchpriority=\"high\" decoding=\"async\" class=\"alignnone size-full wp-image-1503\" src=\"https:\/\/www.cosmepak.com\/wp-content\/uploads\/2025\/03\/\u5fae\u4fe1\u56fe\u7247_20250327162524.jpg\" alt=\"\" width=\"1000\" height=\"1000\" srcset=\"https:\/\/www.cosmepak.com\/wp-content\/uploads\/2025\/03\/\u5fae\u4fe1\u56fe\u7247_20250327162524.jpg 1000w, https:\/\/www.cosmepak.com\/wp-content\/uploads\/2025\/03\/\u5fae\u4fe1\u56fe\u7247_20250327162524-300x300.jpg 300w, https:\/\/www.cosmepak.com\/wp-content\/uploads\/2025\/03\/\u5fae\u4fe1\u56fe\u7247_20250327162524-150x150.jpg 150w, https:\/\/www.cosmepak.com\/wp-content\/uploads\/2025\/03\/\u5fae\u4fe1\u56fe\u7247_20250327162524-768x768.jpg 768w, https:\/\/www.cosmepak.com\/wp-content\/uploads\/2025\/03\/\u5fae\u4fe1\u56fe\u7247_20250327162524-600x600.jpg 600w, https:\/\/www.cosmepak.com\/wp-content\/uploads\/2025\/03\/\u5fae\u4fe1\u56fe\u7247_20250327162524-100x100.jpg 100w\" sizes=\"(max-width: 1000px) 100vw, 1000px\" \/><img decoding=\"async\" class=\"alignnone size-full wp-image-1504\" src=\"https:\/\/www.cosmepak.com\/wp-content\/uploads\/2025\/03\/\u5fae\u4fe1\u56fe\u7247_20250327162526.jpg\" alt=\"\" width=\"1000\" height=\"1000\" srcset=\"https:\/\/www.cosmepak.com\/wp-content\/uploads\/2025\/03\/\u5fae\u4fe1\u56fe\u7247_20250327162526.jpg 1000w, https:\/\/www.cosmepak.com\/wp-content\/uploads\/2025\/03\/\u5fae\u4fe1\u56fe\u7247_20250327162526-300x300.jpg 300w, https:\/\/www.cosmepak.com\/wp-content\/uploads\/2025\/03\/\u5fae\u4fe1\u56fe\u7247_20250327162526-150x150.jpg 150w, https:\/\/www.cosmepak.com\/wp-content\/uploads\/2025\/03\/\u5fae\u4fe1\u56fe\u7247_20250327162526-768x768.jpg 768w, https:\/\/www.cosmepak.com\/wp-content\/uploads\/2025\/03\/\u5fae\u4fe1\u56fe\u7247_20250327162526-600x600.jpg 600w, https:\/\/www.cosmepak.com\/wp-content\/uploads\/2025\/03\/\u5fae\u4fe1\u56fe\u7247_20250327162526-100x100.jpg 100w\" sizes=\"(max-width: 1000px) 100vw, 1000px\" \/><img decoding=\"async\" class=\"alignnone size-full wp-image-1506\" src=\"https:\/\/www.cosmepak.com\/wp-content\/uploads\/2025\/03\/\u5fae\u4fe1\u56fe\u7247_20250327162529.jpg\" alt=\"\" width=\"1000\" height=\"1000\" srcset=\"https:\/\/www.cosmepak.com\/wp-content\/uploads\/2025\/03\/\u5fae\u4fe1\u56fe\u7247_20250327162529.jpg 1000w, https:\/\/www.cosmepak.com\/wp-content\/uploads\/2025\/03\/\u5fae\u4fe1\u56fe\u7247_20250327162529-300x300.jpg 300w, https:\/\/www.cosmepak.com\/wp-content\/uploads\/2025\/03\/\u5fae\u4fe1\u56fe\u7247_20250327162529-150x150.jpg 150w, https:\/\/www.cosmepak.com\/wp-content\/uploads\/2025\/03\/\u5fae\u4fe1\u56fe\u7247_20250327162529-768x768.jpg 768w, https:\/\/www.cosmepak.com\/wp-content\/uploads\/2025\/03\/\u5fae\u4fe1\u56fe\u7247_20250327162529-600x600.jpg 600w, https:\/\/www.cosmepak.com\/wp-content\/uploads\/2025\/03\/\u5fae\u4fe1\u56fe\u7247_20250327162529-100x100.jpg 100w\" sizes=\"(max-width: 1000px) 100vw, 1000px\" \/><\/p>\n<p>&nbsp;<\/p>\n<p>&nbsp;<\/p>\n<p>&nbsp;<\/p>\n<p>&nbsp;<\/p>\n<p><img loading=\"lazy\" decoding=\"async\" class=\"alignnone wp-image-1343 size-full\" src=\"https:\/\/www.cosmepak.com\/wp-content\/uploads\/2024\/12\/\u5fae\u4fe1\u56fe\u7247_20250213141726.jpg\" alt=\"\" width=\"1920\" height=\"919\" srcset=\"https:\/\/www.cosmepak.com\/wp-content\/uploads\/2024\/12\/\u5fae\u4fe1\u56fe\u7247_20250213141726.jpg 1920w, https:\/\/www.cosmepak.com\/wp-content\/uploads\/2024\/12\/\u5fae\u4fe1\u56fe\u7247_20250213141726-300x144.jpg 300w, https:\/\/www.cosmepak.com\/wp-content\/uploads\/2024\/12\/\u5fae\u4fe1\u56fe\u7247_20250213141726-1024x490.jpg 1024w, https:\/\/www.cosmepak.com\/wp-content\/uploads\/2024\/12\/\u5fae\u4fe1\u56fe\u7247_20250213141726-768x368.jpg 768w, https:\/\/www.cosmepak.com\/wp-content\/uploads\/2024\/12\/\u5fae\u4fe1\u56fe\u7247_20250213141726-1536x735.jpg 1536w, https:\/\/www.cosmepak.com\/wp-content\/uploads\/2024\/12\/\u5fae\u4fe1\u56fe\u7247_20250213141726-600x287.jpg 600w\" sizes=\"(max-width: 1920px) 100vw, 1920px\" \/><\/p>\n<h3 id=\"new-arrival-silver-square-transparent-concealer-tube-lip-gloss-tube-8ml-plastic-packaging\" class=\"ai-center-markdown-h3\" data-spm-anchor-id=\"a2700.29482153.0.i11.554071d2cgx89y\">M\u1edbi \u0111\u1ebfn: B\u1ea1c vu\u00f4ng trong su\u1ed1t concealer \u1ed1ng b\u00f3ng m\u00f4i \u1ed1ng 8ml bao b\u00ec nh\u1ef1a<\/h3>\n<h4 id=\"introduction\" class=\"ai-center-markdown-h4\">Gi\u1edbi thi\u1ec7u<\/h4>\n<p class=\"ai-center-markdown-p\">Trong th\u1ebf gi\u1edbi m\u1ef9 ph\u1ea9m lu\u00f4n ph\u00e1t tri\u1ec3n, bao b\u00ec \u0111\u00f3ng vai tr\u00f2 quan tr\u1ecdng trong vi\u1ec7c thu h\u00fat kh\u00e1ch h\u00e0ng v\u00e0 n\u00e2ng cao tr\u1ea3i nghi\u1ec7m s\u1ea3n ph\u1ea9m t\u1ed5ng th\u1ec3. L\u1eddi \u0111\u1ec1 ngh\u1ecb m\u1edbi nh\u1ea5t c\u1ee7a ch\u00fang t\u00f4i, The\u00a0<strong class=\"ai-center-markdown-strong\">B\u1ea1c vu\u00f4ng trong su\u1ed1t concealer \u1ed1ng m\u00f4i b\u00f3ng \u1ed1ng<\/strong>, \u0111\u01b0\u1ee3c thi\u1ebft k\u1ebf \u0111\u1ec3 \u0111\u00e1p \u1ee9ng nhu c\u1ea7u c\u1ee7a ng\u01b0\u1eddi ti\u00eau d\u00f9ng hi\u1ec7n \u0111\u1ea1i \u0111\u00e1nh gi\u00e1 cao c\u1ea3 th\u1ea9m m\u1ef9 v\u00e0 ch\u1ee9c n\u0103ng. Bao b\u00ec nh\u1ef1a 8ml n\u00e0y l\u00e0 ho\u00e0n h\u1ea3o cho c\u00e1c th\u01b0\u01a1ng hi\u1ec7u mu\u1ed1n \u0111\u01b0a ra m\u1ed9t tuy\u00ean b\u1ed1 v\u1edbi c\u00e1c s\u1ea3n ph\u1ea9m m\u1ef9 ph\u1ea9m c\u1ee7a h\u1ecd.<\/p>\n<h4 id=\"key-features\" class=\"ai-center-markdown-h4\">C\u00e1c t\u00ednh n\u0103ng ch\u00ednh<\/h4>\n<p class=\"ai-center-markdown-p\"><strong class=\"ai-center-markdown-strong\">1. Thi\u1ebft k\u1ebf thanh l\u1ecbch:<\/strong>\u00a0Thi\u1ebft k\u1ebf vu\u00f4ng b\u1ea1c t\u1ecfa ra s\u1ef1 tinh t\u1ebf v\u00e0 thanh l\u1ecbch, l\u00e0m cho n\u00f3 tr\u1edf th\u00e0nh m\u1ed9t l\u1ef1a ch\u1ecdn l\u00fd t\u01b0\u1edfng cho c\u00e1c s\u1ea3n ph\u1ea9m m\u1ef9 ph\u1ea9m cao c\u1ea5p. V\u1ebb \u0111\u1eb9p v\u00e0 hi\u1ec7n \u0111\u1ea1i c\u1ee7a \u1ed1ng n\u00e0y ch\u1eafc ch\u1eafn s\u1ebd thu h\u00fat m\u1eaft c\u1ee7a kh\u00e1ch h\u00e0ng kh\u00f4n ngoan.<\/p>\n<p class=\"ai-center-markdown-p\"><strong class=\"ai-center-markdown-strong\">2. S\u1ef1 minh b\u1ea1ch:<\/strong>\u00a0C\u01a1 th\u1ec3 minh b\u1ea1ch cho ph\u00e9p ng\u01b0\u1eddi ti\u00eau d\u00f9ng nh\u00ecn th\u1ea5y s\u1ea3n ph\u1ea9m b\u00ean trong, cho h\u1ecd m\u1ed9t \u00fd t\u01b0\u1edfng r\u00f5 r\u00e0ng v\u1ec1 b\u00f3ng t\u1ed1i v\u00e0 t\u00ednh nh\u1ea5t qu\u00e1n. T\u00ednh n\u0103ng n\u00e0y \u0111\u1eb7c bi\u1ec7t h\u1eefu \u00edch cho c\u00e1c s\u1ea3n ph\u1ea9m b\u00f3ng m\u00f4i v\u00e0 m\u00e0u che gi\u1ea5u, n\u01a1i \u0111\u1ed9 ch\u00ednh x\u00e1c m\u00e0u s\u1eafc l\u00e0 c\u1ea7n thi\u1ebft.<\/p>\n<p class=\"ai-center-markdown-p\"><strong class=\"ai-center-markdown-strong\">3. V\u1eadt li\u1ec7u b\u1ec1n:<\/strong>\u00a0\u0110\u01b0\u1ee3c l\u00e0m t\u1eeb nh\u1ef1a ch\u1ea5t l\u01b0\u1ee3ng cao, \u1ed1ng n\u00e0y l\u00e0 c\u1ea3 nh\u1eb9 v\u00e0 b\u1ec1n. N\u00f3 \u0111\u1ea3m b\u1ea3o r\u1eb1ng s\u1ea3n ph\u1ea9m v\u1eabn an to\u00e0n v\u00e0 nguy\u00ean v\u1eb9n trong qu\u00e1 tr\u00ecnh v\u1eadn chuy\u1ec3n v\u00e0 s\u1eed d\u1ee5ng h\u00e0ng ng\u00e0y.<\/p>\n<p class=\"ai-center-markdown-p\"><strong class=\"ai-center-markdown-strong\">4. K\u00edch th\u01b0\u1edbc thu\u1eadn ti\u1ec7n:<\/strong>\u00a0V\u1edbi dung l\u01b0\u1ee3ng 8ml, \u1ed1ng n\u00e0y l\u00e0 ho\u00e0n h\u1ea3o cho vi\u1ec7c s\u1eed d\u1ee5ng tr\u00ean \u0111\u01b0\u1eddng \u0111i. K\u00edch th\u01b0\u1edbc nh\u1ecf g\u1ecdn c\u1ee7a n\u00f3 gi\u00fap d\u1ec5 d\u00e0ng mang theo trong t\u00fai ho\u1eb7c t\u00fai trang \u0111i\u1ec3m, cho ph\u00e9p ng\u01b0\u1eddi ti\u00eau d\u00f9ng ch\u1ea1m v\u00e0o trang \u0111i\u1ec3m c\u1ee7a h\u1ecd b\u1ea5t c\u1ee9 l\u00fac n\u00e0o, b\u1ea5t c\u1ee9 n\u01a1i n\u00e0o.<\/p>\n<p class=\"ai-center-markdown-p\"><strong class=\"ai-center-markdown-strong\">5. S\u1eed d\u1ee5ng \u0111a n\u0103ng:<\/strong>\u00a0Bao b\u00ec n\u00e0y ph\u00f9 h\u1ee3p v\u1edbi m\u1ed9t lo\u1ea1t c\u00e1c s\u1ea3n ph\u1ea9m m\u1ef9 ph\u1ea9m, bao g\u1ed3m b\u00f3ng m\u00f4i, ch\u1ea5t che gi\u1ea5u v\u00e0 c\u00e1c s\u1ea3n ph\u1ea9m trang \u0111i\u1ec3m l\u1ecfng kh\u00e1c. Thi\u1ebft k\u1ebf linh ho\u1ea1t c\u1ee7a n\u00f3 l\u00e0m cho n\u00f3 tr\u1edf th\u00e0nh m\u1ed9t b\u1ed5 sung c\u00f3 gi\u00e1 tr\u1ecb cho b\u1ea5t k\u1ef3 d\u00f2ng m\u1ef9 ph\u1ea9m n\u00e0o.<\/p>\n<h4 id=\"benefits-for-brands\" class=\"ai-center-markdown-h4\">L\u1ee3i \u00edch cho c\u00e1c th\u01b0\u01a1ng hi\u1ec7u<\/h4>\n<p class=\"ai-center-markdown-p\"><strong class=\"ai-center-markdown-strong\">1. H\u00ecnh \u1ea3nh th\u01b0\u01a1ng hi\u1ec7u n\u00e2ng cao:<\/strong>\u00a0S\u1ef1 xu\u1ea5t hi\u1ec7n sang tr\u1ecdng c\u1ee7a \u1ed1ng vu\u00f4ng b\u1ea1c c\u00f3 th\u1ec3 n\u00e2ng cao gi\u00e1 tr\u1ecb nh\u1eadn th\u1ee9c c\u1ee7a s\u1ea3n ph\u1ea9m c\u1ee7a b\u1ea1n, gi\u00fap thu h\u00fat m\u1ed9t kh\u00e1ch h\u00e0ng cao c\u1ea5p h\u01a1n.<\/p>\n<p class=\"ai-center-markdown-p\"><strong class=\"ai-center-markdown-strong\">2. T\u0103ng s\u1ef1 h\u00e0i l\u00f2ng c\u1ee7a kh\u00e1ch h\u00e0ng:<\/strong>\u00a0Thi\u1ebft k\u1ebf minh b\u1ea1ch v\u00e0 v\u1eadt li\u1ec7u b\u1ec1n \u0111\u1ea3m b\u1ea3o kh\u00e1ch h\u00e0ng c\u00f3 tr\u1ea3i nghi\u1ec7m t\u00edch c\u1ef1c v\u1edbi s\u1ea3n ph\u1ea9m c\u1ee7a b\u1ea1n t\u1eeb c\u00e1i nh\u00ecn \u0111\u1ea7u ti\u00ean cho \u0111\u1ebfn l\u1ea7n s\u1eed d\u1ee5ng cu\u1ed1i c\u00f9ng.<\/p>\n<p class=\"ai-center-markdown-p\"><strong class=\"ai-center-markdown-strong\">3. L\u1ee3i th\u1ebf c\u1ea1nh tranh:<\/strong>\u00a0Trong m\u1ed9t th\u1ecb tr\u01b0\u1eddng \u0111\u00f4ng \u0111\u00fac, bao b\u00ec \u0111\u1ed9c \u0111\u00e1o v\u00e0 h\u1ea5p d\u1eabn c\u00f3 th\u1ec3 \u0111\u1eb7t th\u01b0\u01a1ng hi\u1ec7u c\u1ee7a b\u1ea1n kh\u00e1c bi\u1ec7t v\u1edbi c\u00e1c \u0111\u1ed1i th\u1ee7 c\u1ea1nh tranh. \u0110i\u1ec1u n\u00e0y \u1ed1ng&#8217; thi\u1ebft k\u1ebf hi\u1ec7n \u0111\u1ea1i v\u00e0 c\u00e1c t\u00ednh n\u0103ng th\u1ef1c t\u1ebf c\u00f3 th\u1ec3 cung c\u1ea5p cho b\u1ea1n l\u1ee3i th\u1ebf b\u1ea1n c\u1ea7n \u0111\u1ec3 th\u00e0nh c\u00f4ng.<\/p>\n<h4 id=\"conclusion\" class=\"ai-center-markdown-h4\">K\u1ebft lu\u1eadn<\/h4>\n<p class=\"ai-center-markdown-p\">C\u00e1c\u00a0<strong class=\"ai-center-markdown-strong\">B\u1ea1c vu\u00f4ng trong su\u1ed1t concealer \u1ed1ng m\u00f4i b\u00f3ng \u1ed1ng<\/strong>\u00a0kh\u00f4ng ch\u1ec9 l\u00e0 \u0111\u00f3ng g\u00f3i; n\u00f3&#8217; M\u1ed9t tuy\u00ean b\u1ed1 v\u1ec1 ch\u1ea5t l\u01b0\u1ee3ng v\u00e0 phong c\u00e1ch. B\u1eb1ng c\u00e1ch ch\u1ecdn bao b\u00ec nh\u1ef1a 8ml n\u00e0y, c\u00e1c th\u01b0\u01a1ng hi\u1ec7u c\u00f3 th\u1ec3 n\u00e2ng cao s\u1ea3n ph\u1ea9m c\u1ee7a h\u1ecd v\u00e0 thu h\u00fat kh\u00e1n gi\u1ea3 r\u1ed9ng h\u01a1n. \u0110\u1ea7u t\u01b0 v\u00e0o bao b\u00ec ph\u1ea3n \u00e1nh s\u1ef1 xu\u1ea5t s\u1eafc c\u1ee7a s\u1ea3n ph\u1ea9m c\u1ee7a b\u1ea1n v\u00e0 xem th\u01b0\u01a1ng hi\u1ec7u c\u1ee7a b\u1ea1n ph\u00e1t tri\u1ec3n m\u1ea1nh m\u1ebd.<\/p>\n<p class=\"ai-center-markdown-p\">\u0110\u1ec3 bi\u1ebft th\u00eam th\u00f4ng tin ho\u1eb7c \u0111\u1eb7t h\u00e0ng, vui l\u00f2ng li\u00ean h\u1ec7 v\u1edbi ch\u00fang t\u00f4i.<\/p>\n<p><img loading=\"lazy\" decoding=\"async\" class=\"alignnone size-full wp-image-1347\" src=\"https:\/\/www.cosmepak.com\/wp-content\/uploads\/2024\/12\/\u9996\u987519202_03.jpg\" alt=\"\" width=\"1920\" height=\"885\" srcset=\"https:\/\/www.cosmepak.com\/wp-content\/uploads\/2024\/12\/\u9996\u987519202_03.jpg 1920w, https:\/\/www.cosmepak.com\/wp-content\/uploads\/2024\/12\/\u9996\u987519202_03-300x138.jpg 300w, https:\/\/www.cosmepak.com\/wp-content\/uploads\/2024\/12\/\u9996\u987519202_03-1024x472.jpg 1024w, https:\/\/www.cosmepak.com\/wp-content\/uploads\/2024\/12\/\u9996\u987519202_03-768x354.jpg 768w, https:\/\/www.cosmepak.com\/wp-content\/uploads\/2024\/12\/\u9996\u987519202_03-1536x708.jpg 1536w, https:\/\/www.cosmepak.com\/wp-content\/uploads\/2024\/12\/\u9996\u987519202_03-600x277.jpg 600w\" sizes=\"(max-width: 1920px) 100vw, 1920px\" \/> <img loading=\"lazy\" decoding=\"async\" class=\"alignnone size-full wp-image-1348\" src=\"https:\/\/www.cosmepak.com\/wp-content\/uploads\/2024\/12\/\u9996\u987519202_04.jpg\" alt=\"\" width=\"1920\" height=\"694\" srcset=\"https:\/\/www.cosmepak.com\/wp-content\/uploads\/2024\/12\/\u9996\u987519202_04.jpg 1920w, https:\/\/www.cosmepak.com\/wp-content\/uploads\/2024\/12\/\u9996\u987519202_04-300x108.jpg 300w, https:\/\/www.cosmepak.com\/wp-content\/uploads\/2024\/12\/\u9996\u987519202_04-1024x370.jpg 1024w, https:\/\/www.cosmepak.com\/wp-content\/uploads\/2024\/12\/\u9996\u987519202_04-768x278.jpg 768w, https:\/\/www.cosmepak.com\/wp-content\/uploads\/2024\/12\/\u9996\u987519202_04-1536x555.jpg 1536w, https:\/\/www.cosmepak.com\/wp-content\/uploads\/2024\/12\/\u9996\u987519202_04-600x217.jpg 600w\" sizes=\"(max-width: 1920px) 100vw, 1920px\" \/><\/p>\n<p><img loading=\"lazy\" decoding=\"async\" class=\"alignnone size-full wp-image-1350\" src=\"https:\/\/www.cosmepak.com\/wp-content\/uploads\/2024\/12\/\u9996\u987519202_05-1.jpg\" alt=\"\" width=\"1920\" height=\"970\" srcset=\"https:\/\/www.cosmepak.com\/wp-content\/uploads\/2024\/12\/\u9996\u987519202_05-1.jpg 1920w, https:\/\/www.cosmepak.com\/wp-content\/uploads\/2024\/12\/\u9996\u987519202_05-1-300x152.jpg 300w, https:\/\/www.cosmepak.com\/wp-content\/uploads\/2024\/12\/\u9996\u987519202_05-1-1024x517.jpg 1024w, https:\/\/www.cosmepak.com\/wp-content\/uploads\/2024\/12\/\u9996\u987519202_05-1-768x388.jpg 768w, https:\/\/www.cosmepak.com\/wp-content\/uploads\/2024\/12\/\u9996\u987519202_05-1-1536x776.jpg 1536w, https:\/\/www.cosmepak.com\/wp-content\/uploads\/2024\/12\/\u9996\u987519202_05-1-600x303.jpg 600w\" sizes=\"(max-width: 1920px) 100vw, 1920px\" \/><\/p>\n<p><img loading=\"lazy\" decoding=\"async\" class=\"alignnone wp-image-1351\" src=\"https:\/\/www.cosmepak.com\/wp-content\/uploads\/2024\/12\/\u7269\u6d41\u8fd0\u8f93\u753b\u9762-2.jpg\" alt=\"\" width=\"1424\" height=\"1068\" srcset=\"https:\/\/www.cosmepak.com\/wp-content\/uploads\/2024\/12\/\u7269\u6d41\u8fd0\u8f93\u753b\u9762-2.jpg 800w, https:\/\/www.cosmepak.com\/wp-content\/uploads\/2024\/12\/\u7269\u6d41\u8fd0\u8f93\u753b\u9762-2-300x225.jpg 300w, https:\/\/www.cosmepak.com\/wp-content\/uploads\/2024\/12\/\u7269\u6d41\u8fd0\u8f93\u753b\u9762-2-768x576.jpg 768w, https:\/\/www.cosmepak.com\/wp-content\/uploads\/2024\/12\/\u7269\u6d41\u8fd0\u8f93\u753b\u9762-2-600x450.jpg 600w\" sizes=\"(max-width: 1424px) 100vw, 1424px\" \/><\/p>\n<table style=\"border-collapse: collapse; width: 100%; height: 144px;\">\n<tbody>\n<tr style=\"height: 24px;\">\n<td style=\"width: 33.3333%; text-align: center; height: 24px;\"><span style=\"font-size: 14pt;\"><strong>Th\u1ec3 hi\u1ec7n<\/strong><\/span><\/td>\n<td style=\"width: 33.3333%; text-align: center; height: 24px;\"><span style=\"font-size: 14pt;\"><strong>V\u1eadn chuy\u1ec3n h\u00e0ng kh\u00f4ng<\/strong><\/span><\/td>\n<td style=\"width: 33.3333%; text-align: center; height: 24px;\"><span style=\"font-size: 14pt;\"><strong>V\u1eadn chuy\u1ec3n bi\u1ec3n<\/strong><\/span><\/td>\n<\/tr>\n<tr style=\"height: 24px;\">\n<td style=\"width: 33.3333%; text-align: center; height: 24px;\">Ch\u00e2u \u00c2u 4-6 ng\u00e0y<\/td>\n<td style=\"width: 33.3333%; text-align: center; height: 24px;\">Ch\u00e2u \u00c2u 4-6 ng\u00e0y<\/td>\n<td style=\"width: 33.3333%; text-align: center; height: 24px;\">Ch\u00e2u \u00c2u 25-35 ng\u00e0y<\/td>\n<\/tr>\n<tr style=\"height: 24px;\">\n<td style=\"width: 33.3333%; text-align: center; height: 24px;\">Morth M\u1ef9 4-6 ng\u00e0y<\/td>\n<td style=\"width: 33.3333%; text-align: center; height: 24px;\">Morth M\u1ef9 4-6 ng\u00e0y<\/td>\n<td style=\"width: 33.3333%; text-align: center; height: 24px;\">Morth M\u1ef9 25-35 ng\u00e0y<\/td>\n<\/tr>\n<tr style=\"height: 24px;\">\n<td style=\"width: 33.3333%; text-align: center; height: 24px;\">\u0110\u00f4ng Nam \u00c1 3-5 ng\u00e0y<\/td>\n<td style=\"width: 33.3333%; text-align: center; height: 24px;\">\u0110\u00f4ng Nam \u00c1 3-5 ng\u00e0y<\/td>\n<td style=\"width: 33.3333%; text-align: center; height: 24px;\">\u0110\u00f4ng Nam \u00c1 25-35 ng\u00e0y<\/td>\n<\/tr>\n<tr style=\"height: 24px;\">\n<td style=\"width: 33.3333%; text-align: center; height: 24px;\">Trung \u0110\u00f4ng 4-6 ng\u00e0y<\/td>\n<td style=\"width: 33.3333%; text-align: center; height: 24px;\">Trung \u0110\u00f4ng 4-6 ng\u00e0y<\/td>\n<td style=\"width: 33.3333%; text-align: center; height: 24px;\">Trung \u0110\u00f4ng 25-35 ng\u00e0y<\/td>\n<\/tr>\n<tr style=\"height: 24px;\">\n<td style=\"width: 33.3333%; text-align: center; height: 24px;\">Nam Phi 5-8 ng\u00e0y<\/td>\n<td style=\"width: 33.3333%; text-align: center; height: 24px;\">Nam Phi 5-8 ng\u00e0y<\/td>\n<td style=\"width: 33.3333%; text-align: center; height: 24px;\">Nam Phi 25-35 ng\u00e0y<\/td>\n<\/tr>\n<\/tbody>\n<\/table>\n<p><span style=\"font-size: 14pt;\"><strong>RFQ:\u00a0<\/strong><\/span><\/p>\n<h3 id=\"why-should-you-buy-from-us-instead-of-other-suppliers\" class=\"ai-center-markdown-h3\">T\u1ea1i sao b\u1ea1n n\u00ean mua t\u1eeb ch\u00fang t\u00f4i thay v\u00ec c\u00e1c nh\u00e0 cung c\u1ea5p kh\u00e1c?<\/h3>\n<ol class=\"ai-center-markdown-ol\" start=\"1\">\n<li class=\"ai-center-markdown-li\"><strong class=\"ai-center-markdown-strong\">Thi\u1ebft k\u1ebf t\u00f9y ch\u1ec9nh trong 3 ph\u00fat<\/strong>Ch\u00fang t\u00f4i cung c\u1ea5p d\u1ecbch v\u1ee5 thi\u1ebft k\u1ebf nhanh ch\u00f3ng ph\u00f9 h\u1ee3p v\u1edbi nhu c\u1ea7u c\u1ee7a b\u1ea1n.<\/li>\n<li class=\"ai-center-markdown-li\"><strong class=\"ai-center-markdown-strong\">D\u1ecbch v\u1ee5 tr\u1ef1c tuy\u1ebfn 24\/7<\/strong>\u0110\u1ed9i ng\u0169 c\u1ee7a ch\u00fang t\u00f4i s\u1eb5n s\u00e0ng 24 gi\u1edd \u0111\u1ec3 h\u1ed7 tr\u1ee3 b\u1ea1n.<\/li>\n<li class=\"ai-center-markdown-li\"><strong class=\"ai-center-markdown-strong\">Giao h\u00e0ng m\u1eabu nhanh<\/strong>: M\u1eabu c\u1ed5 phi\u1ebfu c\u00f3 s\u1eb5n trong 7 ng\u00e0y, v\u00e0 m\u1eabu in t\u00f9y ch\u1ec9nh trong 15 ng\u00e0y.<\/li>\n<li class=\"ai-center-markdown-li\"><strong class=\"ai-center-markdown-strong\">Th\u1eddi gian d\u1eabn nhanh<\/strong>S\u1ea3n xu\u1ea5t hi\u1ec7u qu\u1ea3 v\u1edbi th\u1eddi gian d\u1eabn ch\u1ec9 35 ng\u00e0y.<\/li>\n<li class=\"ai-center-markdown-li\"><strong class=\"ai-center-markdown-strong\">Nh\u00e0 s\u1ea3n xu\u1ea5t c\u00f3 kinh nghi\u1ec7m<\/strong>H\u01a1n 10 n\u0103m chuy\u00ean m\u00f4n trong \u0111\u00f3ng g\u00f3i m\u1ef9 ph\u1ea9m.<\/li>\n<li class=\"ai-center-markdown-li\"><strong class=\"ai-center-markdown-strong\">B\u00e1n h\u00e0ng tr\u1ef1c ti\u1ebfp nh\u00e0 m\u00e1y<\/strong>: Cung c\u1ea5p gi\u00e1 v\u00e0 d\u1ecbch v\u1ee5 t\u1ed1t nh\u1ea5t tr\u1ef1c ti\u1ebfp t\u1eeb nh\u00e0 m\u00e1y c\u1ee7a ch\u00fang t\u00f4i.<\/li>\n<li class=\"ai-center-markdown-li\"><strong class=\"ai-center-markdown-strong\">Gi\u1ea3i ph\u00e1p One-Stop<\/strong>: Gi\u1ea3i ph\u00e1p to\u00e0n di\u1ec7n cho t\u1ea5t c\u1ea3 nhu c\u1ea7u \u0111\u00f3ng g\u00f3i m\u1ef9 ph\u1ea9m c\u1ee7a b\u1ea1n.<\/li>\n<\/ol>\n<h3 id=\"who-are-we\" class=\"ai-center-markdown-h3\">Ch\u00fang t\u00f4i l\u00e0 ai?<\/h3>\n<p class=\"ai-center-markdown-p\">Ch\u00fang t\u00f4i l\u00e0 m\u1ed9t c\u00f4ng ty c\u00f3 tr\u1ee5 s\u1edf t\u1ea1i Trung Qu\u1ed1c \u0111\u01b0\u1ee3c th\u00e0nh l\u1eadp v\u00e0o n\u0103m 2014. C\u00e1c th\u1ecb tr\u01b0\u1eddng ch\u00ednh c\u1ee7a ch\u00fang t\u00f4i bao g\u1ed3m:<\/p>\n<ul class=\"ai-center-markdown-ul\">\n<li class=\"ai-center-markdown-li\">Th\u1ecb tr\u01b0\u1eddng n\u1ed9i \u0111\u1ecba: 70.00%<\/li>\n<li class=\"ai-center-markdown-li\">Ch\u00e2u \u0110\u1ea1i D\u01b0\u01a1ng: 8.00%<\/li>\n<li class=\"ai-center-markdown-li\">Trung \u0110\u00f4ng: 7.00%<\/li>\n<li class=\"ai-center-markdown-li\">\u0110\u00f4ng \u00c1: 2.00%<\/li>\n<li class=\"ai-center-markdown-li\">B\u1eafc M\u1ef9: 2.00%<\/li>\n<li class=\"ai-center-markdown-li\">T\u00e2y \u00c2u: 2.00%<\/li>\n<li class=\"ai-center-markdown-li\">\u0110\u00f4ng Nam \u00c1: 2.00%<\/li>\n<li class=\"ai-center-markdown-li\">Nam \u00c1: 1.00%<\/li>\n<li class=\"ai-center-markdown-li\">Nam M\u1ef9: 1,00%<\/li>\n<li class=\"ai-center-markdown-li\">Ch\u00e2u \u00c2u: 1,00%<\/li>\n<li class=\"ai-center-markdown-li\">Trung M\u1ef9: 1.00%<\/li>\n<li class=\"ai-center-markdown-li\">B\u1eafc \u00c2u: 1,00%<\/li>\n<li class=\"ai-center-markdown-li\">Ch\u00e2u Phi: 1.00%<\/li>\n<li class=\"ai-center-markdown-li\">\u0110\u00f4ng \u00c2u: 1.00%<\/li>\n<\/ul>\n<h3 id=\"how-can-we-guarantee-quality\" class=\"ai-center-markdown-h3\">L\u00e0m th\u1ebf n\u00e0o \u0111\u1ec3 \u0111\u1ea3m b\u1ea3o ch\u1ea5t l\u01b0\u1ee3ng?<\/h3>\n<ul class=\"ai-center-markdown-ul\">\n<li class=\"ai-center-markdown-li\"><strong class=\"ai-center-markdown-strong\">M\u1eabu tr\u01b0\u1edbc s\u1ea3n xu\u1ea5t<\/strong>: Ch\u00fang t\u00f4i lu\u00f4n cung c\u1ea5p m\u1ed9t m\u1eabu tr\u01b0\u1edbc khi s\u1ea3n xu\u1ea5t h\u00e0ng lo\u1ea1t.<\/li>\n<li class=\"ai-center-markdown-li\"><strong class=\"ai-center-markdown-strong\">Ki\u1ec3m tra cu\u1ed1i c\u00f9ng<\/strong>M\u1ed7i l\u00f4 h\u00e0ng tr\u1ea3i qua ki\u1ec3m tra cu\u1ed1i c\u00f9ng k\u1ef9 l\u01b0\u1ee1ng.<\/li>\n<\/ul>\n<h3 id=\"what-can-you-buy-from-us\" class=\"ai-center-markdown-h3\">B\u1ea1n c\u00f3 th\u1ec3 mua g\u00ec t\u1eeb ch\u00fang t\u00f4i?<\/h3>\n<ul class=\"ai-center-markdown-ul\">\n<li class=\"ai-center-markdown-li\">Chai th\u1ee7y tinh<\/li>\n<li class=\"ai-center-markdown-li\">Chai nh\u1ef1a \/ l\u1ecd \/ \u1ed1ng<\/li>\n<li class=\"ai-center-markdown-li\">Chai nh\u00f4m \/ l\u1ecd \/ \u1ed1ng<\/li>\n<li class=\"ai-center-markdown-li\">C\u00e1c v\u1eadt li\u1ec7u \u0111\u00f3ng g\u00f3i m\u1ef9 ph\u1ea9m kh\u00e1c<\/li>\n<\/ul>\n<h3 id=\"what-services-can-we-provide\" class=\"ai-center-markdown-h3\">Ch\u00fang t\u00f4i c\u00f3 th\u1ec3 cung c\u1ea5p d\u1ecbch v\u1ee5 g\u00ec?<\/h3>\n<ul class=\"ai-center-markdown-ul\">\n<li class=\"ai-center-markdown-li\"><strong class=\"ai-center-markdown-strong\">\u0110i\u1ec1u kho\u1ea3n giao h\u00e0ng \u0111\u01b0\u1ee3c ch\u1ea5p nh\u1eadn<\/strong>S\u1ea3n ph\u1ea9m: FOB, CFR, CIF<\/li>\n<li class=\"ai-center-markdown-li\"><strong class=\"ai-center-markdown-strong\">Ti\u1ec1n t\u1ec7 thanh to\u00e1n \u0111\u01b0\u1ee3c ch\u1ea5p nh\u1eadn<\/strong>\u0110\u1ed3ng USD, EUR, HKD, CNY<\/li>\n<li class=\"ai-center-markdown-li\"><strong class=\"ai-center-markdown-strong\">Lo\u1ea1i thanh to\u00e1n \u0111\u01b0\u1ee3c ch\u1ea5p nh\u1eadn<\/strong>S\u1ed1 l\u01b0\u1ee3ng: T \/ T, L \/ C, D \/ P, D \/ A<\/li>\n<\/ul>","protected":false},"excerpt":{"rendered":"<p>V\u1eadt li\u1ec7u: ABS \/ AS<\/p>\n<p>Dung l\u01b0\u1ee3ng: 8ml<\/p>\n<p>K\u00edch th\u01b0\u1edbc: 101*20 mm<\/p>\n<p>M\u00e0u s\u1eafc: Ch\u1ea5p nh\u1eadn t\u00f9y ch\u1ec9nh (b\u1ea5t k\u1ef3 m\u00e0u pantone n\u00e0o c\u00f3 s\u1eb5n)<\/p>\n<p>Ho\u00e0n thi\u1ec7n b\u1ec1 m\u1eb7t: in m\u00e0n h\u00ecnh, d\u1eadp n\u00f3ng, ho\u00e0n thi\u1ec7n m\u1edd, v.v.<\/p>\n<p>MOQ: 10000pcs<\/p>\n<p>M\u1eabu: c\u00f3 s\u1eb5n m\u1eabu mi\u1ec5n ph\u00ed<\/p>\n<p>&nbsp;<\/p>\n<p>&nbsp;<\/p>","protected":false},"featured_media":1502,"comment_status":"closed","ping_status":"closed","template":"","meta":{"_acf_changed":false},"product_brand":[],"product_cat":[54,36],"product_tag":[39],"class_list":{"0":"post-1499","1":"product","2":"type-product","3":"status-publish","4":"has-post-thumbnail","6":"product_cat-lip-gloss-tube","7":"product_cat-makeup","8":"product_tag-makeup","10":"first","11":"outofstock","12":"shipping-taxable","13":"product-type-simple"},"acf":[],"_links":{"self":[{"href":"https:\/\/www.cosmepak.com\/vi\/wp-json\/wp\/v2\/product\/1499","targetHints":{"allow":["GET"]}}],"collection":[{"href":"https:\/\/www.cosmepak.com\/vi\/wp-json\/wp\/v2\/product"}],"about":[{"href":"https:\/\/www.cosmepak.com\/vi\/wp-json\/wp\/v2\/types\/product"}],"replies":[{"embeddable":true,"href":"https:\/\/www.cosmepak.com\/vi\/wp-json\/wp\/v2\/comments?post=1499"}],"wp:featuredmedia":[{"embeddable":true,"href":"https:\/\/www.cosmepak.com\/vi\/wp-json\/wp\/v2\/media\/1502"}],"wp:attachment":[{"href":"https:\/\/www.cosmepak.com\/vi\/wp-json\/wp\/v2\/media?parent=1499"}],"wp:term":[{"taxonomy":"product_brand","embeddable":true,"href":"https:\/\/www.cosmepak.com\/vi\/wp-json\/wp\/v2\/product_brand?post=1499"},{"taxonomy":"product_cat","embeddable":true,"href":"https:\/\/www.cosmepak.com\/vi\/wp-json\/wp\/v2\/product_cat?post=1499"},{"taxonomy":"product_tag","embeddable":true,"href":"https:\/\/www.cosmepak.com\/vi\/wp-json\/wp\/v2\/product_tag?post=1499"}],"curies":[{"name":"WP","href":"https:\/\/api.w.org\/{rel}","templated":true}]}}