{"id":151,"date":"2024-12-31T12:08:23","date_gmt":"2024-12-31T04:08:23","guid":{"rendered":"http:\/\/www.cosmepak.com\/?post_type=product&#038;p=151"},"modified":"2025-10-17T14:02:57","modified_gmt":"2025-10-17T06:02:57","slug":"100ml-transparent-perfume-bottle-15-neck-size","status":"publish","type":"product","link":"https:\/\/www.cosmepak.com\/vi\/product\/100ml-transparent-perfume-bottle-15-neck-size\/","title":{"rendered":"Chai n\u01b0\u1edbc hoa trong su\u1ed1t 100ml K\u00edch th\u01b0\u1edbc c\u1ed5 15 #"},"content":{"rendered":"<table style=\"border-collapse: collapse; width: 93.8182%; height: 247px;\">\n<tbody>\n<tr style=\"height: 24px;\">\n<td style=\"width: 39.0625%; height: 247px;\" rowspan=\"10\"><img fetchpriority=\"high\" decoding=\"async\" class=\"alignnone size-full wp-image-3033\" src=\"https:\/\/www.cosmepak.com\/wp-content\/uploads\/2024\/12\/\u4e3b\u56fe-8.jpg\" alt=\"\" width=\"1500\" height=\"1500\" srcset=\"https:\/\/www.cosmepak.com\/wp-content\/uploads\/2024\/12\/\u4e3b\u56fe-8.jpg 1500w, https:\/\/www.cosmepak.com\/wp-content\/uploads\/2024\/12\/\u4e3b\u56fe-8-300x300.jpg 300w, https:\/\/www.cosmepak.com\/wp-content\/uploads\/2024\/12\/\u4e3b\u56fe-8-1024x1024.jpg 1024w, https:\/\/www.cosmepak.com\/wp-content\/uploads\/2024\/12\/\u4e3b\u56fe-8-150x150.jpg 150w, https:\/\/www.cosmepak.com\/wp-content\/uploads\/2024\/12\/\u4e3b\u56fe-8-768x768.jpg 768w, https:\/\/www.cosmepak.com\/wp-content\/uploads\/2024\/12\/\u4e3b\u56fe-8-12x12.jpg 12w, https:\/\/www.cosmepak.com\/wp-content\/uploads\/2024\/12\/\u4e3b\u56fe-8-600x600.jpg 600w, https:\/\/www.cosmepak.com\/wp-content\/uploads\/2024\/12\/\u4e3b\u56fe-8-100x100.jpg 100w\" sizes=\"(max-width: 1500px) 100vw, 1500px\" \/><\/td>\n<td style=\"width: 25.9108%; height: 24px;\">T\u00ean s\u1ea3n ph\u1ea9m<\/td>\n<td style=\"width: 86.1633%; height: 24px;\">Chai n\u01b0\u1edbc hoa 100ml<\/td>\n<\/tr>\n<tr style=\"height: 24px;\">\n<td style=\"width: 25.9108%; height: 24px;\">V\u1eadt li\u1ec7u<\/td>\n<td style=\"width: 86.1633%; height: 24px;\">Th\u1ee7y tinh<\/td>\n<\/tr>\n<tr style=\"height: 28px;\">\n<td style=\"width: 25.9108%; height: 28px;\">K\u00edch c\u1ee1<\/td>\n<td style=\"width: 86.1633%; height: 28px;\">58 * 123mm<\/td>\n<\/tr>\n<tr style=\"height: 27px;\">\n<td style=\"width: 25.9108%; height: 27px;\">K\u00edch th\u01b0\u1edbc c\u1ed5<\/td>\n<td style=\"width: 86.1633%; height: 27px;\">15 mm<\/td>\n<\/tr>\n<tr style=\"height: 24px;\">\n<td style=\"width: 25.9108%; height: 24px;\">M\u00e0u s\u1eafc<\/td>\n<td style=\"width: 86.1633%; height: 24px;\">Ch\u1ea5p nh\u1eadn t\u00f9y ch\u1ec9nh<\/td>\n<\/tr>\n<tr style=\"height: 24px;\">\n<td style=\"width: 25.9108%; height: 24px;\">\u0110i\u1ec1u tr\u1ecb ngh\u1ec7 thu\u1eadt<\/td>\n<td style=\"width: 86.1633%; height: 24px;\">In m\u00e0n h\u00ecnh l\u1ee5a \/ d\u00e1n nh\u00e3n \/ d\u1eadp n\u00f3ng ~<\/td>\n<\/tr>\n<tr style=\"height: 24px;\">\n<td style=\"width: 25.9108%; height: 24px;\">Dung t\u00edch<\/td>\n<td style=\"width: 86.1633%; height: 24px;\">100ml<\/td>\n<\/tr>\n<tr style=\"height: 24px;\">\n<td style=\"width: 25.9108%; height: 24px;\">MOQ<\/td>\n<td style=\"width: 86.1633%; height: 24px;\">10000pcs cho t\u00f9y ch\u1ec9nh<\/td>\n<\/tr>\n<tr style=\"height: 24px;\">\n<td style=\"width: 25.9108%; height: 24px;\">Th\u1eddi gian giao h\u00e0ng<\/td>\n<td style=\"width: 86.1633%; height: 24px;\">35-45 ng\u00e0y sau khi nh\u1eadn ti\u1ec1n g\u1eedi.<\/td>\n<\/tr>\n<tr style=\"height: 24px;\">\n<td style=\"width: 25.9108%; height: 24px;\">Th\u1eddi h\u1ea1n thanh to\u00e1n<\/td>\n<td style=\"width: 86.1633%; height: 24px;\">Ti\u1ec1n g\u1eedi 50%, s\u1ed1 d\u01b0 50% \u0111\u01b0\u1ee3c tr\u1ea3 tr\u01b0\u1edbc khi t\u1ea3i.<\/td>\n<\/tr>\n<\/tbody>\n<\/table>\n<p>Chai th\u1ee7y tinh n\u01b0\u1edbc hoa n\u00e0y k\u1ebft h\u1ee3p thi\u1ebft k\u1ebf hi\u1ec7n \u0111\u1ea1i v\u1edbi \u0111\u1ed9 b\u1ec1n: th\u1ee7 c\u00f4ng tinh t\u1ebf \u0111\u1ea3m b\u1ea3o m\u1ed9t x\u00e2y d\u1ef1ng d\u00e0y, kh\u00f4ng c\u00f3 th\u1ec3 l\u1eadt, v\u00e0 k\u1ebft th\u00fac r\u00f5 r\u00e0ng, s\u00e1ng c\u1ee7a n\u00f3 cho m\u01b0\u1ee3n m\u1ed9t b\u1ea7u kh\u00f4ng kh\u00ed t\u01b0\u01a1i m\u1edbi, m\u00e1t m\u1ebb. H\u00ecnh d\u1ea1ng \u0111\u1ed9c \u0111\u00e1o t\u1ecfa s\u00e1ng h\u01a1n v\u1edbi m\u1ed9t n\u1eafp b\u00f3ng nh\u1ef1a m\u00e0u s\u1eafc v\u00e0 m\u00e1y phun s\u01b0\u01a1ng m\u00f9 v\u00e0ng-b\u1ea1c - kh\u00f4ng c\u00f3 v\u1ebft b\u1ee5i d\u01b0 th\u1eeba, ch\u1ec9 l\u00e0 m\u1ed9t m\u1ea3nh thanh l\u1ecbch c\u0169ng th\u1ef1c t\u1ebf \u0111\u1ec3 phun v\u00e0 phong c\u00e1ch nh\u01b0 m\u1ed9t gi\u1ecdng trang tr\u00ed.<\/p>\n<p>Chai n\u01b0\u1edbc hoa n\u00e0y k\u1ebft h\u1ee3p s\u1ef1 b\u1ec1n v\u1eefng v\u1edbi s\u1ef1 tinh t\u1ebf. \u0110\u01b0\u1ee3c ch\u1ebf t\u1ea1o t\u1eeb th\u1ee7y tinh amber t\u00e1i ch\u1ebf, k\u1ebft c\u1ea5u b\u0103ng c\u1ee7a n\u00f3 ph\u00e2n t\u00e1n \u00e1nh s\u00e1ng nh\u1eb9 nh\u00e0ng, trong khi n\u1eafp tre - \u0111\u01b0\u1ee3c c\u00e1c th\u1ee7 c\u00f4ng xoay tay - th\u00eam s\u1ef1 \u1ea5m \u00e1p. Thi\u1ebft k\u1ebf c\u00f3 th\u1ec3 \u0111i\u1ec1n l\u1ea1i l\u00e0m gi\u1ea3m ch\u1ea5t th\u1ea3i, v\u00e0 nh\u00e3n t\u1ed1i thi\u1ec3u, in b\u1eb1ng m\u1ef1c \u0111\u1eadu n\u00e0nh, ho\u00e0n th\u00e0nh th\u1ea9m m\u1ef9 th\u00e2n thi\u1ec7n v\u1edbi m\u00f4i tr\u01b0\u1eddng. Ho\u00e0n h\u1ea3o cho m\u00f9i th\u01a1m \u0111\u1ea5t ho\u1eb7c g\u1ed7, n\u00f3 l\u00e0 m\u1ed9t l\u1ef1a ch\u1ecdn phong c\u00e1ch cho ng\u01b0\u1eddi ti\u00eau d\u00f9ng c\u00f3 \u00fd th\u1ee9c t\u1eeb ch\u1ed1i th\u1ecfa hi\u1ec7p v\u1ec1 v\u1ebb \u0111\u1eb9p.<\/p>\n<p>Trong l\u0129nh v\u1ef1c \u0111\u00f3ng g\u00f3i s\u1ea3n ph\u1ea9m l\u00e0m \u0111\u1eb9p v\u00e0 ch\u0103m s\u00f3c c\u00e1 nh\u00e2n, m\u1ed9t container t\u00edch h\u1ee3p t\u00ednh th\u1ef1c t\u1ebf, th\u00e2n thi\u1ec7n v\u1edbi m\u00f4i tr\u01b0\u1eddng v\u00e0 kh\u1ea3 n\u0103ng th\u00edch \u1ee9ng th\u01b0\u01a1ng hi\u1ec7u l\u00e0 m\u1ed9t \u0111\u1ed9ng l\u1ef1c quan tr\u1ecdng \u0111\u1ec3 c\u00e1c s\u1ea3n ph\u1ea9m \u0111\u1ea1t \u0111\u01b0\u1ee3c \u01b0u \u0111\u00e3i th\u1ecb tr\u01b0\u1eddng. Chai n\u01b0\u1edbc hoa c\u1ee7a ch\u00fang t\u00f4i v\u1edbi th\u00f4ng s\u1ed1 k\u1ef9 thu\u1eadt ch\u00ednh x\u00e1c nh\u01b0ng c\u0169ng n\u1ed5i b\u1eadt l\u00e0 \u0111\u1ed1i t\u00e1c \u0111\u00f3ng g\u00f3i l\u00fd t\u01b0\u1edfng cho s\u1ea3n ph\u1ea9m c\u1ee7a b\u1ea1n, nh\u1edd tri\u1ebft l\u00fd m\u00f4i tr\u01b0\u1eddng n\u1ed5i b\u1eadt c\u1ee7a h\u1ecd, d\u1ecbch v\u1ee5 t\u00f9y ch\u1ec9nh linh ho\u1ea1t v\u00e0 nhi\u1ec1u k\u1ecbch b\u1ea3n \u1ee9ng d\u1ee5ng.<\/p>\n<p>Ch\u00fang t\u00f4i cung c\u1ea5p chai n\u01b0\u1edbc hoa n\u00e0y trong ba c\u00f4ng su\u1ea5t kh\u00e1c nhau: 30ml, 50ml v\u00e0 100ml cho l\u1ef1a ch\u1ecdn c\u1ee7a b\u1ea1n. V\u00e0 c\u0169ng c\u00f3 s\u1eb5n trong m\u1ed9t m\u00e0u Amber. Ch\u00fang t\u00f4i c\u0169ng cung c\u1ea5p m\u00e0u s\u1eafc t\u00f9y ch\u1ec9nh, logo v\u00e0 in theo y\u00eau c\u1ea7u \u0111\u1eb7c bi\u1ec7t c\u1ee7a b\u1ea1n.<\/p>\n<p>&nbsp;<\/p>\n<table style=\"border-collapse: collapse; width: 100%;\">\n<tbody>\n<tr>\n<td style=\"width: 33.3333%;\" colspan=\"3\"><img decoding=\"async\" class=\"wp-image-3034 alignleft\" src=\"https:\/\/www.cosmepak.com\/wp-content\/uploads\/2024\/12\/8-3.jpg\" alt=\"\" width=\"1344\" height=\"1344\" srcset=\"https:\/\/www.cosmepak.com\/wp-content\/uploads\/2024\/12\/8-3.jpg 1000w, https:\/\/www.cosmepak.com\/wp-content\/uploads\/2024\/12\/8-3-300x300.jpg 300w, https:\/\/www.cosmepak.com\/wp-content\/uploads\/2024\/12\/8-3-150x150.jpg 150w, https:\/\/www.cosmepak.com\/wp-content\/uploads\/2024\/12\/8-3-768x768.jpg 768w, https:\/\/www.cosmepak.com\/wp-content\/uploads\/2024\/12\/8-3-12x12.jpg 12w, https:\/\/www.cosmepak.com\/wp-content\/uploads\/2024\/12\/8-3-600x600.jpg 600w, https:\/\/www.cosmepak.com\/wp-content\/uploads\/2024\/12\/8-3-100x100.jpg 100w\" sizes=\"(max-width: 1344px) 100vw, 1344px\" \/><\/td>\n<\/tr>\n<tr>\n<td style=\"width: 33.3333%;\"><img decoding=\"async\" class=\"alignnone size-full wp-image-3035\" src=\"https:\/\/www.cosmepak.com\/wp-content\/uploads\/2024\/12\/\u8be6\u60c5-10.jpg\" alt=\"\" width=\"1000\" height=\"1000\" srcset=\"https:\/\/www.cosmepak.com\/wp-content\/uploads\/2024\/12\/\u8be6\u60c5-10.jpg 1000w, https:\/\/www.cosmepak.com\/wp-content\/uploads\/2024\/12\/\u8be6\u60c5-10-300x300.jpg 300w, https:\/\/www.cosmepak.com\/wp-content\/uploads\/2024\/12\/\u8be6\u60c5-10-150x150.jpg 150w, https:\/\/www.cosmepak.com\/wp-content\/uploads\/2024\/12\/\u8be6\u60c5-10-768x768.jpg 768w, https:\/\/www.cosmepak.com\/wp-content\/uploads\/2024\/12\/\u8be6\u60c5-10-12x12.jpg 12w, https:\/\/www.cosmepak.com\/wp-content\/uploads\/2024\/12\/\u8be6\u60c5-10-600x600.jpg 600w, https:\/\/www.cosmepak.com\/wp-content\/uploads\/2024\/12\/\u8be6\u60c5-10-100x100.jpg 100w\" sizes=\"(max-width: 1000px) 100vw, 1000px\" \/><\/td>\n<td style=\"width: 33.3333%;\"><img loading=\"lazy\" decoding=\"async\" class=\"alignnone size-full wp-image-3036\" src=\"https:\/\/www.cosmepak.com\/wp-content\/uploads\/2024\/12\/\u8be6\u60c5-11.jpg\" alt=\"\" width=\"1000\" height=\"1000\" srcset=\"https:\/\/www.cosmepak.com\/wp-content\/uploads\/2024\/12\/\u8be6\u60c5-11.jpg 1000w, https:\/\/www.cosmepak.com\/wp-content\/uploads\/2024\/12\/\u8be6\u60c5-11-300x300.jpg 300w, https:\/\/www.cosmepak.com\/wp-content\/uploads\/2024\/12\/\u8be6\u60c5-11-150x150.jpg 150w, https:\/\/www.cosmepak.com\/wp-content\/uploads\/2024\/12\/\u8be6\u60c5-11-768x768.jpg 768w, https:\/\/www.cosmepak.com\/wp-content\/uploads\/2024\/12\/\u8be6\u60c5-11-12x12.jpg 12w, https:\/\/www.cosmepak.com\/wp-content\/uploads\/2024\/12\/\u8be6\u60c5-11-600x600.jpg 600w, https:\/\/www.cosmepak.com\/wp-content\/uploads\/2024\/12\/\u8be6\u60c5-11-100x100.jpg 100w\" sizes=\"(max-width: 1000px) 100vw, 1000px\" \/><\/td>\n<td style=\"width: 33.3333%;\"><img loading=\"lazy\" decoding=\"async\" class=\"alignnone size-full wp-image-3037\" src=\"https:\/\/www.cosmepak.com\/wp-content\/uploads\/2024\/12\/5-3.jpg\" alt=\"\" width=\"1000\" height=\"1000\" srcset=\"https:\/\/www.cosmepak.com\/wp-content\/uploads\/2024\/12\/5-3.jpg 1000w, https:\/\/www.cosmepak.com\/wp-content\/uploads\/2024\/12\/5-3-300x300.jpg 300w, https:\/\/www.cosmepak.com\/wp-content\/uploads\/2024\/12\/5-3-150x150.jpg 150w, https:\/\/www.cosmepak.com\/wp-content\/uploads\/2024\/12\/5-3-768x768.jpg 768w, https:\/\/www.cosmepak.com\/wp-content\/uploads\/2024\/12\/5-3-12x12.jpg 12w, https:\/\/www.cosmepak.com\/wp-content\/uploads\/2024\/12\/5-3-600x600.jpg 600w, https:\/\/www.cosmepak.com\/wp-content\/uploads\/2024\/12\/5-3-100x100.jpg 100w\" sizes=\"(max-width: 1000px) 100vw, 1000px\" \/><\/td>\n<\/tr>\n<\/tbody>\n<\/table>\n<p><img loading=\"lazy\" decoding=\"async\" class=\"alignnone wp-image-3038\" src=\"https:\/\/www.cosmepak.com\/wp-content\/uploads\/2024\/12\/\u8be6\u60c5-4.jpg\" alt=\"\" width=\"1394\" height=\"1394\" srcset=\"https:\/\/www.cosmepak.com\/wp-content\/uploads\/2024\/12\/\u8be6\u60c5-4.jpg 1000w, https:\/\/www.cosmepak.com\/wp-content\/uploads\/2024\/12\/\u8be6\u60c5-4-300x300.jpg 300w, https:\/\/www.cosmepak.com\/wp-content\/uploads\/2024\/12\/\u8be6\u60c5-4-150x150.jpg 150w, https:\/\/www.cosmepak.com\/wp-content\/uploads\/2024\/12\/\u8be6\u60c5-4-768x768.jpg 768w, https:\/\/www.cosmepak.com\/wp-content\/uploads\/2024\/12\/\u8be6\u60c5-4-12x12.jpg 12w, https:\/\/www.cosmepak.com\/wp-content\/uploads\/2024\/12\/\u8be6\u60c5-4-600x600.jpg 600w, https:\/\/www.cosmepak.com\/wp-content\/uploads\/2024\/12\/\u8be6\u60c5-4-100x100.jpg 100w\" sizes=\"(max-width: 1394px) 100vw, 1394px\" \/><\/p>\n<p style=\"text-align: center;\">V\u1ec1 ch\u00fang t\u00f4i<\/p>\n<p>Nh\u00e0 m\u00e1y c\u1ee7a ch\u00fang t\u00f4i \u0111\u00e3 chuy\u00ean s\u1ea3n xu\u1ea5t bao b\u00ec m\u1ef9 ph\u1ea9m h\u01a1n 10 n\u0103m. Ch\u00fang t\u00f4i \u0111\u00e3 v\u01b0\u1ee3t qua ch\u1ee9ng nh\u1eadn ISO9000 \/ 14000, c\u0169ng c\u00f3 th\u1ec3 cung c\u1ea5p SGS v\u00e0 MSDS.<br \/>\nCh\u00fang t\u00f4i \u0111ang tu\u00e2n th\u1ee7 nguy\u00ean t\u1eafc kinh doanh trung th\u1ef1c cho m\u1ecdi kh\u00e1ch h\u00e0ng.<\/p>\n<p>Ch\u00fang t\u00f4i chuy\u00ean v\u1ec1 m\u1ed9t lo\u1ea1t c\u00e1c s\u1ea3n ph\u1ea9m \u0111\u00f3ng g\u00f3i bao g\u1ed3m chai th\u1ee7y tinh, th\u00f9ng ch\u1ee9a nh\u1ef1a v\u00e0 gi\u1ea3i ph\u00e1p ph\u00e2n ph\u1ed1i. S\u1ea3n ph\u1ea9m c\u1ee7a ch\u00fang t\u00f4i \u0111\u01b0\u1ee3c s\u1eed d\u1ee5ng r\u1ed9ng r\u00e3i trong m\u1ef9 ph\u1ea9m, ch\u0103m s\u00f3c c\u00e1 nh\u00e2n v\u00e0 c\u00e1c ng\u00e0nh c\u00f4ng nghi\u1ec7p gia d\u1ee5ng.<\/p>\n<p>Hangzhou Jaunce l\u00e0 l\u1ef1a ch\u1ecdn t\u1ed1t nh\u1ea5t c\u1ee7a b\u1ea1n, ch\u00fang t\u00f4i kh\u00f4ng ch\u1ec9 l\u00e0 nh\u00e0 cung c\u1ea5p, ch\u00fang t\u00f4i c\u0169ng l\u00e0 b\u1ea1n b\u00e8 c\u1ee7a b\u1ea1n, xin vui l\u00f2ng \u0111\u1ec3 ch\u00fang t\u00f4i gi\u00e0nh chi\u1ebfn th\u1eafng c\u00f9ng nhau.<\/p>\n<p><img loading=\"lazy\" decoding=\"async\" class=\"alignnone size-full wp-image-2391\" src=\"https:\/\/www.cosmepak.com\/wp-content\/uploads\/2025\/06\/factory-has-specialized-in-cosmetic-packaging-manufacturing.webp\" alt=\"\" width=\"1920\" height=\"885\" srcset=\"https:\/\/www.cosmepak.com\/wp-content\/uploads\/2025\/06\/factory-has-specialized-in-cosmetic-packaging-manufacturing.webp 1920w, https:\/\/www.cosmepak.com\/wp-content\/uploads\/2025\/06\/factory-has-specialized-in-cosmetic-packaging-manufacturing-300x138.webp 300w, https:\/\/www.cosmepak.com\/wp-content\/uploads\/2025\/06\/factory-has-specialized-in-cosmetic-packaging-manufacturing-1024x472.webp 1024w, https:\/\/www.cosmepak.com\/wp-content\/uploads\/2025\/06\/factory-has-specialized-in-cosmetic-packaging-manufacturing-768x354.webp 768w, https:\/\/www.cosmepak.com\/wp-content\/uploads\/2025\/06\/factory-has-specialized-in-cosmetic-packaging-manufacturing-1536x708.webp 1536w, https:\/\/www.cosmepak.com\/wp-content\/uploads\/2025\/06\/factory-has-specialized-in-cosmetic-packaging-manufacturing-18x8.webp 18w, https:\/\/www.cosmepak.com\/wp-content\/uploads\/2025\/06\/factory-has-specialized-in-cosmetic-packaging-manufacturing-600x277.webp 600w\" sizes=\"(max-width: 1920px) 100vw, 1920px\" \/><\/p>\n<p>&nbsp;<\/p>","protected":false},"excerpt":{"rendered":"<p>Dung l\u01b0\u1ee3ng: 100ml<\/p>\n<p>K\u00edch th\u01b0\u1edbc c\u1ed5: 15mm<\/p>\n<p>V\u1eadt li\u1ec7u: th\u1ee7y tinh<\/p>\n<p>K\u00edch th\u01b0\u1edbc: 58 * 123mm<\/p>\n<p>T\u00f9y ch\u1ec9nh: Ch\u1ea5p nh\u1eadn m\u00e0u s\u1eafc \/ logo \/ ph\u1ee5 ki\u1ec7n vv v\u1edbi MOQ 10000pcs<\/p>\n<p>MOQ: 5000pcs trong su\u1ed1t m\u00e0u s\u1eafc r\u00f5 r\u00e0ng<\/p>","protected":false},"featured_media":3039,"comment_status":"closed","ping_status":"closed","template":"","meta":{"_acf_changed":false},"product_brand":[],"product_cat":[17],"product_tag":[],"class_list":{"0":"post-151","1":"product","2":"type-product","3":"status-publish","4":"has-post-thumbnail","6":"product_cat-perfume-bottle","8":"first","9":"outofstock","10":"shipping-taxable","11":"product-type-simple"},"acf":[],"_links":{"self":[{"href":"https:\/\/www.cosmepak.com\/vi\/wp-json\/wp\/v2\/product\/151","targetHints":{"allow":["GET"]}}],"collection":[{"href":"https:\/\/www.cosmepak.com\/vi\/wp-json\/wp\/v2\/product"}],"about":[{"href":"https:\/\/www.cosmepak.com\/vi\/wp-json\/wp\/v2\/types\/product"}],"replies":[{"embeddable":true,"href":"https:\/\/www.cosmepak.com\/vi\/wp-json\/wp\/v2\/comments?post=151"}],"wp:featuredmedia":[{"embeddable":true,"href":"https:\/\/www.cosmepak.com\/vi\/wp-json\/wp\/v2\/media\/3039"}],"wp:attachment":[{"href":"https:\/\/www.cosmepak.com\/vi\/wp-json\/wp\/v2\/media?parent=151"}],"wp:term":[{"taxonomy":"product_brand","embeddable":true,"href":"https:\/\/www.cosmepak.com\/vi\/wp-json\/wp\/v2\/product_brand?post=151"},{"taxonomy":"product_cat","embeddable":true,"href":"https:\/\/www.cosmepak.com\/vi\/wp-json\/wp\/v2\/product_cat?post=151"},{"taxonomy":"product_tag","embeddable":true,"href":"https:\/\/www.cosmepak.com\/vi\/wp-json\/wp\/v2\/product_tag?post=151"}],"curies":[{"name":"WP","href":"https:\/\/api.w.org\/{rel}","templated":true}]}}