{"id":1519,"date":"2025-03-27T16:59:31","date_gmt":"2025-03-27T08:59:31","guid":{"rendered":"https:\/\/www.cosmepak.com\/?post_type=product&#038;p=1519"},"modified":"2025-09-04T13:44:12","modified_gmt":"2025-09-04T05:44:12","slug":"chai-phun-nhua-500ml-vang","status":"publish","type":"product","link":"https:\/\/www.cosmepak.com\/vi\/product\/500ml-plastic-spray-bottle-jaunce\/","title":{"rendered":"Chai phun nh\u1ef1a 500ml \/ Jaunce"},"content":{"rendered":"<table style=\"border-collapse: collapse; width: 100%; height: 168px;\">\n<tbody>\n<tr style=\"height: 24px;\">\n<td style=\"width: 33.3333%; height: 168px;\" rowspan=\"7\"><img fetchpriority=\"high\" decoding=\"async\" class=\"alignnone size-full wp-image-1513\" src=\"https:\/\/www.cosmepak.com\/wp-content\/uploads\/2025\/03\/9.jpg\" alt=\"chai phun\" width=\"1000\" height=\"1000\" srcset=\"https:\/\/www.cosmepak.com\/wp-content\/uploads\/2025\/03\/9.jpg 1000w, https:\/\/www.cosmepak.com\/wp-content\/uploads\/2025\/03\/9-300x300.jpg 300w, https:\/\/www.cosmepak.com\/wp-content\/uploads\/2025\/03\/9-150x150.jpg 150w, https:\/\/www.cosmepak.com\/wp-content\/uploads\/2025\/03\/9-768x768.jpg 768w, https:\/\/www.cosmepak.com\/wp-content\/uploads\/2025\/03\/9-600x600.jpg 600w, https:\/\/www.cosmepak.com\/wp-content\/uploads\/2025\/03\/9-100x100.jpg 100w\" sizes=\"(max-width: 1000px) 100vw, 1000px\" \/><\/td>\n<td style=\"width: 13.6311%; height: 24px;\">Th\u01b0\u01a1ng hi\u1ec7u<\/td>\n<td style=\"width: 53.0355%; height: 24px;\">Jaunce<\/td>\n<\/tr>\n<tr style=\"height: 24px;\">\n<td style=\"width: 13.6311%; height: 24px;\">Ng\u01b0\u1eddi m\u1eabu<\/td>\n<td style=\"width: 53.0355%; height: 24px;\">JH-LW9302<\/td>\n<\/tr>\n<tr style=\"height: 24px;\">\n<td style=\"width: 13.6311%; height: 24px;\">Kh\u1ea3 n\u0103ng<\/td>\n<td style=\"width: 53.0355%; height: 24px;\">500ml<\/td>\n<\/tr>\n<tr style=\"height: 24px;\">\n<td style=\"width: 13.6311%; height: 24px;\">C\u00e2n n\u1eb7ng<\/td>\n<td style=\"width: 53.0355%; height: 24px;\">51g<\/td>\n<\/tr>\n<tr style=\"height: 24px;\">\n<td style=\"width: 13.6311%; height: 24px;\">M\u00e0u s\u1eafc<\/td>\n<td style=\"width: 53.0355%; height: 24px;\">t\u00f9y ch\u1ec9nh<\/td>\n<\/tr>\n<tr style=\"height: 24px;\">\n<td style=\"width: 13.6311%; height: 24px;\">V\u1eadt li\u1ec7u<\/td>\n<td style=\"width: 53.0355%; height: 24px;\">S\u1ea3n ph\u1ea9m PE\/PP<\/td>\n<\/tr>\n<tr style=\"height: 24px;\">\n<td style=\"width: 13.6311%; height: 24px;\">K\u00edch c\u1ee1<\/td>\n<td style=\"width: 53.0355%; height: 24px;\">65*206mm<\/td>\n<\/tr>\n<\/tbody>\n<\/table>\n<p>Chai vai tr\u00f2n 500ml v\u1edbi b\u00ecnh x\u1ecbt.<\/p>\n<p>&nbsp;<\/p>\n<p><img decoding=\"async\" class=\"alignnone wp-image-1514\" src=\"https:\/\/www.cosmepak.com\/wp-content\/uploads\/2025\/03\/6.jpg\" alt=\"\" width=\"1378\" height=\"1378\" srcset=\"https:\/\/www.cosmepak.com\/wp-content\/uploads\/2025\/03\/6.jpg 1000w, https:\/\/www.cosmepak.com\/wp-content\/uploads\/2025\/03\/6-300x300.jpg 300w, https:\/\/www.cosmepak.com\/wp-content\/uploads\/2025\/03\/6-150x150.jpg 150w, https:\/\/www.cosmepak.com\/wp-content\/uploads\/2025\/03\/6-768x768.jpg 768w, https:\/\/www.cosmepak.com\/wp-content\/uploads\/2025\/03\/6-600x600.jpg 600w, https:\/\/www.cosmepak.com\/wp-content\/uploads\/2025\/03\/6-100x100.jpg 100w\" sizes=\"(max-width: 1378px) 100vw, 1378px\" \/> \u00a0<img decoding=\"async\" class=\"alignnone wp-image-1516\" src=\"https:\/\/www.cosmepak.com\/wp-content\/uploads\/2025\/03\/11.jpg\" alt=\"\" width=\"1374\" height=\"1374\" srcset=\"https:\/\/www.cosmepak.com\/wp-content\/uploads\/2025\/03\/11.jpg 1000w, https:\/\/www.cosmepak.com\/wp-content\/uploads\/2025\/03\/11-300x300.jpg 300w, https:\/\/www.cosmepak.com\/wp-content\/uploads\/2025\/03\/11-150x150.jpg 150w, https:\/\/www.cosmepak.com\/wp-content\/uploads\/2025\/03\/11-768x768.jpg 768w, https:\/\/www.cosmepak.com\/wp-content\/uploads\/2025\/03\/11-600x600.jpg 600w, https:\/\/www.cosmepak.com\/wp-content\/uploads\/2025\/03\/11-100x100.jpg 100w\" sizes=\"(max-width: 1374px) 100vw, 1374px\" \/><\/p>\n<p><img loading=\"lazy\" decoding=\"async\" class=\"alignnone wp-image-1517\" src=\"https:\/\/www.cosmepak.com\/wp-content\/uploads\/2025\/03\/4-1.jpg\" alt=\"chai nh\u1ef1a\" width=\"678\" height=\"678\" srcset=\"https:\/\/www.cosmepak.com\/wp-content\/uploads\/2025\/03\/4-1.jpg 1000w, https:\/\/www.cosmepak.com\/wp-content\/uploads\/2025\/03\/4-1-300x300.jpg 300w, https:\/\/www.cosmepak.com\/wp-content\/uploads\/2025\/03\/4-1-150x150.jpg 150w, https:\/\/www.cosmepak.com\/wp-content\/uploads\/2025\/03\/4-1-768x768.jpg 768w, https:\/\/www.cosmepak.com\/wp-content\/uploads\/2025\/03\/4-1-600x600.jpg 600w, https:\/\/www.cosmepak.com\/wp-content\/uploads\/2025\/03\/4-1-100x100.jpg 100w\" sizes=\"(max-width: 678px) 100vw, 678px\" \/> <img loading=\"lazy\" decoding=\"async\" class=\"alignnone wp-image-1518\" src=\"https:\/\/www.cosmepak.com\/wp-content\/uploads\/2025\/03\/2.jpg\" alt=\"\" width=\"675\" height=\"675\" srcset=\"https:\/\/www.cosmepak.com\/wp-content\/uploads\/2025\/03\/2.jpg 1000w, https:\/\/www.cosmepak.com\/wp-content\/uploads\/2025\/03\/2-300x300.jpg 300w, https:\/\/www.cosmepak.com\/wp-content\/uploads\/2025\/03\/2-150x150.jpg 150w, https:\/\/www.cosmepak.com\/wp-content\/uploads\/2025\/03\/2-768x768.jpg 768w, https:\/\/www.cosmepak.com\/wp-content\/uploads\/2025\/03\/2-600x600.jpg 600w, https:\/\/www.cosmepak.com\/wp-content\/uploads\/2025\/03\/2-100x100.jpg 100w\" sizes=\"(max-width: 675px) 100vw, 675px\" \/><\/p>\n<h2 id=\"versatile-plastic-spray-bottles-for-household-use\" class=\"ai-center-markdown-h2\" data-spm-anchor-id=\"0.8443394.0.i9.613d3e5fM1b7Mc\">Chai phun nh\u1ef1a \u0111a n\u0103ng cho s\u1eed d\u1ee5ng trong gia \u0111\u00ecnh<\/h2>\n<h3 id=\"introduction\" class=\"ai-center-markdown-h3\">Gi\u1edbi thi\u1ec7u<\/h3>\n<p class=\"ai-center-markdown-p\">H\u00f4m nay&#8217; Tr\u00ean th\u1ebf gi\u1edbi n\u00e0y, vi\u1ec7c duy tr\u00ec s\u1ef1 s\u1ea1ch s\u1ebd v\u00e0 v\u1ec7 sinh \u0111\u00e3 tr\u1edf n\u00ean quan tr\u1ecdng h\u01a1n bao gi\u1edd h\u1ebft. M\u1ed9t trong nh\u1eefng c\u00f4ng c\u1ee5 c\u1ea7n thi\u1ebft nh\u1ea5t trong n\u1ed7 l\u1ef1c n\u00e0y l\u00e0 chai phun. Cho d\u00f9 b\u1ea1n c\u1ea7n kh\u1eed tr\u00f9ng b\u1ec1 m\u1eb7t, l\u00e0m s\u1ea1ch nh\u00e0 ho\u1eb7c l\u01b0u tr\u1eef dung d\u1ecbch d\u1ef1a tr\u00ean r\u01b0\u1ee3u, m\u1ed9t chai phun \u0111\u00e1ng tin c\u1eady l\u00e0 \u0111i\u1ec1u kh\u00f4ng th\u1ec3 thi\u1ebfu. B\u00e0i vi\u1ebft n\u00e0y t\u1eadp trung v\u00e0o vi\u1ec7c s\u1eed d\u1ee5ng linh ho\u1ea1t c\u1ee7a chai phun nh\u1ef1a 300ml v\u00e0 500ml, l\u00fd t\u01b0\u1edfng cho c\u00e1c \u1ee9ng d\u1ee5ng gia \u0111\u00ecnh kh\u00e1c nhau.<\/p>\n<h3 id=\"key-features\" class=\"ai-center-markdown-h3\">C\u00e1c t\u00ednh n\u0103ng ch\u00ednh<\/h3>\n<p class=\"ai-center-markdown-p\"><strong class=\"ai-center-markdown-strong\">1.\u00a0<\/strong>V\u1eadt li\u1ec7u b\u1ec1n: ** Nh\u1eefng chai phun n\u00e0y \u0111\u01b0\u1ee3c l\u00e0m ho\u00e0n to\u00e0n b\u1eb1ng nh\u1ef1a ch\u1ea5t l\u01b0\u1ee3ng cao, \u0111\u1ea3m b\u1ea3o \u0111\u1ed9 b\u1ec1n v\u00e0 tu\u1ed5i th\u1ecd d\u00e0i. Ch\u00fang ch\u1ed1ng n\u1ee9t v\u00e0 v\u1ee1, l\u00e0m cho ch\u00fang ho\u00e0n h\u1ea3o cho vi\u1ec7c s\u1eed d\u1ee5ng h\u00e0ng ng\u00e0y.<\/p>\n<p class=\"ai-center-markdown-p\"><strong class=\"ai-center-markdown-strong\">2.\u00a0<\/strong>V\u00f2ng phun c\u00f3 th\u1ec3 \u0111i\u1ec1u ch\u1ec9nh: ** C\u00e1c chai phun \u0111i k\u00e8m v\u1edbi m\u1ed9t v\u00f2i phun c\u00f3 th\u1ec3 \u0111i\u1ec1u ch\u1ec9nh cho ph\u00e9p b\u1ea1n ki\u1ec3m so\u00e1t m\u00f4 h\u00ecnh phun. Cho d\u00f9 b\u1ea1n c\u1ea7n m\u1ed9t s\u01b0\u01a1ng m\u00f9 m\u1ecbn \u0111\u1ec3 l\u00e0m s\u1ea1ch tinh t\u1ebf ho\u1eb7c m\u1ed9t d\u00f2ng ch\u1ea3y m\u1ea1nh m\u1ebd cho c\u00e1c nhi\u1ec7m v\u1ee5 kh\u00f3 kh\u0103n h\u01a1n, c\u00e1c chai n\u00e0y c\u00f3 th\u1ec3 x\u1eed l\u00fd t\u1ea5t c\u1ea3.<\/p>\n<p class=\"ai-center-markdown-p\"><strong class=\"ai-center-markdown-strong\">3.\u00a0<\/strong>Thi\u1ebft k\u1ebf ergonomic:** Thi\u1ebft k\u1ebf ergonomic c\u1ee7a s\u00fang phun \u0111\u1ea3m b\u1ea3o m\u1ed9t n\u1eafm b\u1eaft tho\u1ea3i m\u00e1i, gi\u1ea3m m\u1ec7t m\u1ecfi tay trong khi s\u1eed d\u1ee5ng k\u00e9o d\u00e0i. T\u00ednh n\u0103ng n\u00e0y \u0111\u1eb7c bi\u1ec7t c\u00f3 l\u1ee3i cho nh\u1eefng ng\u01b0\u1eddi c\u1ea7n s\u1eed d\u1ee5ng chai phun th\u01b0\u1eddng xuy\u00ean.<\/p>\n<h3 id=\"applications\" class=\"ai-center-markdown-h3\">\u1ee8ng d\u1ee5ng<\/h3>\n<p class=\"ai-center-markdown-p\"><strong class=\"ai-center-markdown-strong\">1.\u00a0<\/strong>Phun kh\u1eed tr\u00f9ng: ** Trong kh\u00ed h\u1eadu hi\u1ec7n t\u1ea1i, kh\u1eed tr\u00f9ng b\u1ec1 m\u1eb7t l\u00e0 m\u1ed9t nhu c\u1ea7u h\u00e0ng ng\u00e0y. Nh\u1eefng chai phun n\u00e0y l\u00e0 ho\u00e0n h\u1ea3o \u0111\u1ec3 l\u01b0u tr\u1eef v\u00e0 ph\u00e2n ph\u1ed1i c\u00e1c gi\u1ea3i ph\u00e1p kh\u1eed tr\u00f9ng, \u0111\u1ea3m b\u1ea3o r\u1eb1ng nh\u00e0 c\u1ee7a b\u1ea1n v\u1eabn kh\u00f4ng c\u00f3 vi khu\u1ea9n.<\/p>\n<p class=\"ai-center-markdown-p\"><strong class=\"ai-center-markdown-strong\">2.\u00a0<\/strong>Phun r\u01b0\u1ee3u: ** R\u01b0\u1ee3u l\u00e0 m\u1ed9t ch\u1ea5t kh\u1eed tr\u00f9ng v\u00e0 l\u00e0m s\u1ea1ch ph\u1ed5 bi\u1ebfn. Nh\u1eefng chai n\u00e0y l\u00e0 l\u00fd t\u01b0\u1edfng cho vi\u1ec7c l\u01b0u tr\u1eef dung d\u1ecbch r\u01b0\u1ee3u, l\u00e0m cho n\u00f3 d\u1ec5 d\u00e0ng \u0111\u1ec3 v\u1ec7 sinh tay, b\u1ec1 m\u1eb7t v\u00e0 c\u00e1c v\u1eadt th\u1ec3 kh\u00e1c nhau.<\/p>\n<p class=\"ai-center-markdown-p\"><strong class=\"ai-center-markdown-strong\">3.\u00a0<\/strong>D\u1ea7u l\u00e0m s\u1ea1ch gia \u0111\u00ecnh: ** T\u1eeb qu\u1ea7y b\u1ebfp \u0111\u1ebfn g\u1ea1ch ph\u00f2ng t\u1eafm, c\u00e1c chai phun n\u00e0y c\u00f3 th\u1ec3 \u0111\u01b0\u1ee3c s\u1eed d\u1ee5ng \u0111\u1ec3 l\u01b0u tr\u1eef v\u00e0 ph\u00e2n ph\u1ed1i c\u00e1c gi\u1ea3i ph\u00e1p l\u00e0m s\u1ea1ch gia \u0111\u00ecnh kh\u00e1c nhau. V\u00f2ng phun c\u00f3 th\u1ec3 \u0111i\u1ec1u ch\u1ec9nh c\u1ee7a ch\u00fang cho ph\u00e9p \u1ee9ng d\u1ee5ng ch\u00ednh x\u00e1c, \u0111\u1ea3m b\u1ea3o l\u00e0m s\u1ea1ch k\u1ef9 l\u01b0\u1ee1ng.<\/p>\n<h3 id=\"benefits\" class=\"ai-center-markdown-h3\">L\u1ee3i \u00edch<\/h3>\n<p class=\"ai-center-markdown-p\"><strong class=\"ai-center-markdown-strong\">1.\u00a0<\/strong>Thu\u1eadn ti\u1ec7n: ** C\u00f4ng su\u1ea5t 300ml v\u00e0 500ml l\u00e0 ho\u00e0n h\u1ea3o cho s\u1eed d\u1ee5ng trong gia \u0111\u00ecnh, cung c\u1ea5p l\u01b0u tr\u1eef phong ph\u00fa m\u00e0 kh\u00f4ng qu\u00e1 kh\u1ed5ng l\u1ed3. \u0110i\u1ec1u n\u00e0y l\u00e0m cho ch\u00fang d\u1ec5 x\u1eed l\u00fd v\u00e0 l\u01b0u tr\u1eef.<\/p>\n<p class=\"ai-center-markdown-p\"><strong class=\"ai-center-markdown-strong\">2.\u00a0<\/strong>S\u1ef1 linh ho\u1ea1t: ** Nh\u1eefng chai phun n\u00e0y l\u00e0 linh ho\u1ea1t v\u00e0 c\u00f3 th\u1ec3 \u0111\u01b0\u1ee3c s\u1eed d\u1ee5ng cho nhi\u1ec1u m\u1ee5c \u0111\u00edch kh\u00e1c nhau, t\u1eeb l\u00e0m s\u1ea1ch v\u00e0 kh\u1eed tr\u00f9ng \u0111\u1ebfn l\u00e0m v\u01b0\u1eddn v\u00e0 nhi\u1ec1u h\u01a1n n\u1eefa.<\/p>\n<p class=\"ai-center-markdown-p\"><strong class=\"ai-center-markdown-strong\">3.\u00a0<\/strong>Hi\u1ec7u qu\u1ea3 v\u1ec1 chi ph\u00ed: ** \u0110\u1ea7u t\u01b0 v\u00e0o chai phun c\u00f3 th\u1ec3 t\u00e1i s\u1eed d\u1ee5ng l\u00e0 m\u1ed9t gi\u1ea3i ph\u00e1p hi\u1ec7u qu\u1ea3 v\u1ec1 chi ph\u00ed. Ch\u00fang c\u00f3 th\u1ec3 \u0111\u01b0\u1ee3c l\u1ea5p \u0111\u1ea7y v\u00e0 t\u00e1i s\u1eed d\u1ee5ng nhi\u1ec1u l\u1ea7n, gi\u1ea3m nhu c\u1ea7u chai nh\u1ef1a s\u1eed d\u1ee5ng m\u1ed9t l\u1ea7n.<\/p>\n<h3 id=\"conclusion\" class=\"ai-center-markdown-h3\">K\u1ebft lu\u1eadn<\/h3>\n<p class=\"ai-center-markdown-p\">K\u1ebft lu\u1eadn, chai phun nh\u1ef1a 300ml v\u00e0 500ml l\u00e0 c\u00f4ng c\u1ee5 c\u1ea7n thi\u1ebft \u0111\u1ec3 duy tr\u00ec s\u1ef1 s\u1ea1ch s\u1ebd v\u00e0 v\u1ec7 sinh trong nh\u00e0 c\u1ee7a b\u1ea1n. S\u1ef1 b\u1ec1n c\u1ee7a ch\u00fang, v\u00f2i phun c\u00f3 th\u1ec3 \u0111i\u1ec1u ch\u1ec9nh v\u00e0 thi\u1ebft k\u1ebf ergonomic l\u00e0m cho ch\u00fang l\u00fd t\u01b0\u1edfng cho nhi\u1ec1u \u1ee9ng d\u1ee5ng kh\u00e1c nhau, t\u1eeb kh\u1eed tr\u00f9ng v\u00e0 l\u00e0m s\u1ea1ch cho \u0111\u1ebfn l\u01b0u tr\u1eef dung d\u1ecbch r\u01b0\u1ee3u. \u0110\u1ea7u t\u01b0 v\u00e0o c\u00e1c chai phun linh ho\u1ea1t n\u00e0y v\u00e0 t\u1eadn h\u01b0\u1edfng s\u1ef1 ti\u1ec7n l\u1ee3i v\u00e0 hi\u1ec7u qu\u1ea3 m\u00e0 ch\u00fang mang l\u1ea1i cho th\u00f3i quen l\u00e0m s\u1ea1ch gia \u0111\u00ecnh c\u1ee7a b\u1ea1n.<\/p>\n<p><img loading=\"lazy\" decoding=\"async\" class=\"alignnone size-full wp-image-1347\" src=\"https:\/\/www.cosmepak.com\/wp-content\/uploads\/2024\/12\/\u9996\u987519202_03.jpg\" alt=\"nh\u00e0 m\u00e1y hi\u1ec3n th\u1ecb\" width=\"1920\" height=\"885\" srcset=\"https:\/\/www.cosmepak.com\/wp-content\/uploads\/2024\/12\/\u9996\u987519202_03.jpg 1920w, https:\/\/www.cosmepak.com\/wp-content\/uploads\/2024\/12\/\u9996\u987519202_03-300x138.jpg 300w, https:\/\/www.cosmepak.com\/wp-content\/uploads\/2024\/12\/\u9996\u987519202_03-1024x472.jpg 1024w, https:\/\/www.cosmepak.com\/wp-content\/uploads\/2024\/12\/\u9996\u987519202_03-768x354.jpg 768w, https:\/\/www.cosmepak.com\/wp-content\/uploads\/2024\/12\/\u9996\u987519202_03-1536x708.jpg 1536w, https:\/\/www.cosmepak.com\/wp-content\/uploads\/2024\/12\/\u9996\u987519202_03-600x277.jpg 600w\" sizes=\"(max-width: 1920px) 100vw, 1920px\" \/><\/p>\n<p><img loading=\"lazy\" decoding=\"async\" class=\"alignnone size-full wp-image-1348\" src=\"https:\/\/www.cosmepak.com\/wp-content\/uploads\/2024\/12\/\u9996\u987519202_04.jpg\" alt=\"\" width=\"1920\" height=\"694\" srcset=\"https:\/\/www.cosmepak.com\/wp-content\/uploads\/2024\/12\/\u9996\u987519202_04.jpg 1920w, https:\/\/www.cosmepak.com\/wp-content\/uploads\/2024\/12\/\u9996\u987519202_04-300x108.jpg 300w, https:\/\/www.cosmepak.com\/wp-content\/uploads\/2024\/12\/\u9996\u987519202_04-1024x370.jpg 1024w, https:\/\/www.cosmepak.com\/wp-content\/uploads\/2024\/12\/\u9996\u987519202_04-768x278.jpg 768w, https:\/\/www.cosmepak.com\/wp-content\/uploads\/2024\/12\/\u9996\u987519202_04-1536x555.jpg 1536w, https:\/\/www.cosmepak.com\/wp-content\/uploads\/2024\/12\/\u9996\u987519202_04-600x217.jpg 600w\" sizes=\"(max-width: 1920px) 100vw, 1920px\" \/><img loading=\"lazy\" decoding=\"async\" class=\"alignnone size-full wp-image-1350\" src=\"https:\/\/www.cosmepak.com\/wp-content\/uploads\/2024\/12\/\u9996\u987519202_05-1.jpg\" alt=\"\" width=\"1920\" height=\"970\" srcset=\"https:\/\/www.cosmepak.com\/wp-content\/uploads\/2024\/12\/\u9996\u987519202_05-1.jpg 1920w, https:\/\/www.cosmepak.com\/wp-content\/uploads\/2024\/12\/\u9996\u987519202_05-1-300x152.jpg 300w, https:\/\/www.cosmepak.com\/wp-content\/uploads\/2024\/12\/\u9996\u987519202_05-1-1024x517.jpg 1024w, https:\/\/www.cosmepak.com\/wp-content\/uploads\/2024\/12\/\u9996\u987519202_05-1-768x388.jpg 768w, https:\/\/www.cosmepak.com\/wp-content\/uploads\/2024\/12\/\u9996\u987519202_05-1-1536x776.jpg 1536w, https:\/\/www.cosmepak.com\/wp-content\/uploads\/2024\/12\/\u9996\u987519202_05-1-600x303.jpg 600w\" sizes=\"(max-width: 1920px) 100vw, 1920px\" \/><img loading=\"lazy\" decoding=\"async\" class=\"alignnone wp-image-1351\" src=\"https:\/\/www.cosmepak.com\/wp-content\/uploads\/2024\/12\/\u7269\u6d41\u8fd0\u8f93\u753b\u9762-2.jpg\" alt=\"\" width=\"1385\" height=\"1039\" srcset=\"https:\/\/www.cosmepak.com\/wp-content\/uploads\/2024\/12\/\u7269\u6d41\u8fd0\u8f93\u753b\u9762-2.jpg 800w, https:\/\/www.cosmepak.com\/wp-content\/uploads\/2024\/12\/\u7269\u6d41\u8fd0\u8f93\u753b\u9762-2-300x225.jpg 300w, https:\/\/www.cosmepak.com\/wp-content\/uploads\/2024\/12\/\u7269\u6d41\u8fd0\u8f93\u753b\u9762-2-768x576.jpg 768w, https:\/\/www.cosmepak.com\/wp-content\/uploads\/2024\/12\/\u7269\u6d41\u8fd0\u8f93\u753b\u9762-2-600x450.jpg 600w\" sizes=\"(max-width: 1385px) 100vw, 1385px\" \/><\/p>\n<table style=\"border-collapse: collapse; width: 100%;\">\n<tbody>\n<tr>\n<td style=\"width: 33.3333%; text-align: center;\"><strong>Th\u1ec3 hi\u1ec7n<\/strong><\/td>\n<td style=\"width: 33.3333%; text-align: center;\"><strong>V\u1eadn chuy\u1ec3n h\u00e0ng kh\u00f4ng<\/strong><\/td>\n<td style=\"width: 33.3333%; text-align: center;\"><strong>V\u1eadn chuy\u1ec3n bi\u1ec3n<\/strong><\/td>\n<\/tr>\n<tr>\n<td style=\"width: 33.3333%; text-align: center;\">Europ 4-6 ng\u00e0y<\/p>\n<p>B\u1eafc M\u1ef9 4-6 ng\u00e0y<\/p>\n<p>\u0110\u00f4ng Nam \u00c1 3-5 ng\u00e0y<\/p>\n<p>Trung \u0110\u00f4ng 4-6 ng\u00e0y<\/p>\n<p>Nam Phi 5-8 ng\u00e0y<\/td>\n<td style=\"width: 33.3333%; text-align: center;\">Europ 4-6 ng\u00e0y<\/p>\n<p>B\u1eafc M\u1ef9 4-6 ng\u00e0y<\/p>\n<p>\u0110\u00f4ng Nam \u00c1 3-5 ng\u00e0y<\/p>\n<p>Trung \u0110\u00f4ng 4-6 ng\u00e0y<\/p>\n<p>Nam Phi 5-8 ng\u00e0y<\/td>\n<td style=\"width: 33.3333%; text-align: center;\">Europ 25-35 ng\u00e0y<\/p>\n<p>B\u1eafc M\u1ef9 25-35 ng\u00e0y<\/p>\n<p>\u0110\u00f4ng Nam \u00c1 25-35 ng\u00e0y<\/p>\n<p>Trung \u0110\u00f4ng 25-35 ng\u00e0y<\/p>\n<p>Nam Phi 25-35 ng\u00e0y<\/td>\n<\/tr>\n<\/tbody>\n<\/table>\n<h3 id=\"faq\" class=\"ai-center-markdown-h3\">C\u00e2u h\u1ecfi th\u01b0\u1eddng g\u1eb7p:<\/h3>\n<p class=\"ai-center-markdown-p\"><strong class=\"ai-center-markdown-strong\">1. T\u1ea1i sao b\u1ea1n n\u00ean mua t\u1eeb ch\u00fang t\u00f4i thay v\u00ec c\u00e1c nh\u00e0 cung c\u1ea5p kh\u00e1c?<\/strong><\/p>\n<ul class=\"ai-center-markdown-ul\">\n<li class=\"ai-center-markdown-li\">Thi\u1ebft k\u1ebf t\u00f9y ch\u1ec9nh s\u1eb5n s\u00e0ng ch\u1ec9 trong 3 ph\u00fat.<\/li>\n<li class=\"ai-center-markdown-li\">D\u1ecbch v\u1ee5 kh\u00e1ch h\u00e0ng tr\u1ef1c tuy\u1ebfn 24\/7.<\/li>\n<li class=\"ai-center-markdown-li\">M\u1eabu c\u1ed5 phi\u1ebfu c\u00f3 s\u1eb5n trong 7 ng\u00e0y; m\u1eabu in t\u00f9y ch\u1ec9nh trong 15 ng\u00e0y.<\/li>\n<li class=\"ai-center-markdown-li\">Th\u1eddi gian d\u1eabn \u0111\u1ea7u 35 ng\u00e0y cho \u0111\u01a1n \u0111\u1eb7t h\u00e0ng.<\/li>\n<li class=\"ai-center-markdown-li\">H\u01a1n 10 n\u0103m kinh nghi\u1ec7m trong \u0111\u00f3ng g\u00f3i m\u1ef9 ph\u1ea9m chuy\u00ean nghi\u1ec7p.<\/li>\n<li class=\"ai-center-markdown-li\">B\u00e1n h\u00e0ng tr\u1ef1c ti\u1ebfp nh\u00e0 m\u00e1y \u0111\u1ea3m b\u1ea3o gi\u00e1 v\u00e0 d\u1ecbch v\u1ee5 t\u1ed1t nh\u1ea5t.<\/li>\n<li class=\"ai-center-markdown-li\">Gi\u1ea3i ph\u00e1p m\u1ed9t c\u1eeda cho t\u1ea5t c\u1ea3 nhu c\u1ea7u \u0111\u00f3ng g\u00f3i m\u1ef9 ph\u1ea9m.<\/li>\n<\/ul>\n<p class=\"ai-center-markdown-p\"><strong class=\"ai-center-markdown-strong\">2. Ch\u00fang t\u00f4i l\u00e0 ai?<\/strong>\u00a0Ch\u00fang t\u00f4i c\u00f3 tr\u1ee5 s\u1edf t\u1ea1i Zhejiang, Trung Qu\u1ed1c, v\u00e0 \u0111\u00e3 ho\u1ea1t \u0111\u1ed9ng t\u1eeb n\u0103m 2014. C\u00e1c th\u1ecb tr\u01b0\u1eddng ch\u00ednh c\u1ee7a ch\u00fang t\u00f4i bao g\u1ed3m:<\/p>\n<ul class=\"ai-center-markdown-ul\">\n<li class=\"ai-center-markdown-li\">Th\u1ecb tr\u01b0\u1eddng n\u1ed9i \u0111\u1ecba (70,00%)<\/li>\n<li class=\"ai-center-markdown-li\">Ch\u00e2u \u0110\u1ea1i D\u01b0\u01a1ng (8.00%)<\/li>\n<li class=\"ai-center-markdown-li\">Trung \u0110\u00f4ng (7.00%)<\/li>\n<li class=\"ai-center-markdown-li\">\u0110\u00f4ng \u00c1 (2.00%)<\/li>\n<li class=\"ai-center-markdown-li\">B\u1eafc M\u1ef9 (2.00%)<\/li>\n<li class=\"ai-center-markdown-li\">T\u00e2y \u00c2u (2.00%)<\/li>\n<li class=\"ai-center-markdown-li\">\u0110\u00f4ng Nam \u00c1 (2,00%)<\/li>\n<li class=\"ai-center-markdown-li\">Nam \u00c1 (1.00%)<\/li>\n<li class=\"ai-center-markdown-li\">Nam M\u1ef9 (1.00%)<\/li>\n<li class=\"ai-center-markdown-li\">Ch\u00e2u \u00c2u (1,00%)<\/li>\n<li class=\"ai-center-markdown-li\">Trung M\u1ef9 (1.00%)<\/li>\n<li class=\"ai-center-markdown-li\">B\u1eafc \u00c2u (1,00%)<\/li>\n<li class=\"ai-center-markdown-li\">Ch\u00e2u Phi (1.00%)<\/li>\n<li class=\"ai-center-markdown-li\">\u0110\u00f4ng \u00c2u (1.00%)<\/li>\n<\/ul>\n<p class=\"ai-center-markdown-p\"><strong class=\"ai-center-markdown-strong\">3. L\u00e0m th\u1ebf n\u00e0o ch\u00fang t\u00f4i c\u00f3 th\u1ec3 \u0111\u1ea3m b\u1ea3o ch\u1ea5t l\u01b0\u1ee3ng?<\/strong><\/p>\n<ul class=\"ai-center-markdown-ul\">\n<li class=\"ai-center-markdown-li\">Ch\u00fang t\u00f4i lu\u00f4n cung c\u1ea5p m\u1ed9t m\u1eabu s\u1ea3n xu\u1ea5t tr\u01b0\u1edbc khi s\u1ea3n xu\u1ea5t h\u00e0ng lo\u1ea1t.<\/li>\n<li class=\"ai-center-markdown-li\">Ch\u00fang t\u00f4i ti\u1ebfn h\u00e0nh ki\u1ec3m tra cu\u1ed1i c\u00f9ng tr\u01b0\u1edbc khi v\u1eadn chuy\u1ec3n.<\/li>\n<\/ul>\n<p class=\"ai-center-markdown-p\"><strong class=\"ai-center-markdown-strong\">4. B\u1ea1n c\u00f3 th\u1ec3 mua g\u00ec t\u1eeb ch\u00fang t\u00f4i?<\/strong><\/p>\n<ul class=\"ai-center-markdown-ul\">\n<li class=\"ai-center-markdown-li\">Chai th\u1ee7y tinh<\/li>\n<li class=\"ai-center-markdown-li\">Chai nh\u1ef1a, l\u1ecd v\u00e0 \u1ed1ng<\/li>\n<li class=\"ai-center-markdown-li\">Chai nh\u00f4m, l\u1ecd v\u00e0 \u1ed1ng<\/li>\n<li class=\"ai-center-markdown-li\">V\u1eadt li\u1ec7u \u0111\u00f3ng g\u00f3i m\u1ef9 ph\u1ea9m kh\u00e1c nhau<\/li>\n<\/ul>\n<p class=\"ai-center-markdown-p\" data-spm-anchor-id=\"0.8443394.0.i11.613d3e5fM1b7Mc\"><strong class=\"ai-center-markdown-strong\">5. Ch\u00fang t\u00f4i c\u00f3 th\u1ec3 cung c\u1ea5p d\u1ecbch v\u1ee5 g\u00ec?<\/strong><\/p>\n<ul class=\"ai-center-markdown-ul\">\n<li class=\"ai-center-markdown-li\">\u0110i\u1ec1u kho\u1ea3n giao h\u00e0ng \u0111\u01b0\u1ee3c ch\u1ea5p nh\u1eadn: FOB, CFR, CIF<\/li>\n<li class=\"ai-center-markdown-li\">Ti\u1ec1n t\u1ec7 thanh to\u00e1n \u0111\u01b0\u1ee3c ch\u1ea5p nh\u1eadn: USD, EUR, HKD, CNY<\/li>\n<li class=\"ai-center-markdown-li\">Lo\u1ea1i thanh to\u00e1n \u0111\u01b0\u1ee3c ch\u1ea5p nh\u1eadn: T \/ T, L \/ C, D \/ P, D \/ A<\/li>\n<li class=\"ai-center-markdown-li\" data-spm-anchor-id=\"0.8443394.0.i12.613d3e5fM1b7Mc\">Ng\u00f4n ng\u1eef \u0111\u01b0\u1ee3c n\u00f3i: ti\u1ebfng Anh, ti\u1ebfng Trung Qu\u1ed1c<\/li>\n<\/ul>","protected":false},"excerpt":{"rendered":"<p>V\u1eadt li\u1ec7u chai: th\u00fa c\u01b0ng<\/p>\n<p>C\u00f4ng su\u1ea5t: 500ml<\/p>\n<p>B\u01a1m: B\u01a1m phun PP<\/p>\n<p>M\u00e0u s\u1eafc: T\u00f9y ch\u1ec9nh<\/p>\n<p>B\u1ec1 m\u1eb7t ho\u00e0n thi\u1ec7n: In m\u00e0n h\u00ecnh, s\u01b0\u01a1ng gi\u00e1, d\u1eadp n\u00f3ng, gradient phun, k\u1ebft th\u00fac m\u1edd, v.v.<\/p>\n<p>MOQ: 5000pcs;<\/p>\n<p>&nbsp;<\/p>","protected":false},"featured_media":1520,"comment_status":"closed","ping_status":"closed","template":"","meta":{"_acf_changed":false},"product_brand":[],"product_cat":[18,48],"product_tag":[],"class_list":{"0":"post-1519","1":"product","2":"type-product","3":"status-publish","4":"has-post-thumbnail","6":"product_cat-plastic-bottle","7":"product_cat-spray-bottle","9":"first","10":"outofstock","11":"shipping-taxable","12":"product-type-simple"},"acf":[],"_links":{"self":[{"href":"https:\/\/www.cosmepak.com\/vi\/wp-json\/wp\/v2\/product\/1519","targetHints":{"allow":["GET"]}}],"collection":[{"href":"https:\/\/www.cosmepak.com\/vi\/wp-json\/wp\/v2\/product"}],"about":[{"href":"https:\/\/www.cosmepak.com\/vi\/wp-json\/wp\/v2\/types\/product"}],"replies":[{"embeddable":true,"href":"https:\/\/www.cosmepak.com\/vi\/wp-json\/wp\/v2\/comments?post=1519"}],"wp:featuredmedia":[{"embeddable":true,"href":"https:\/\/www.cosmepak.com\/vi\/wp-json\/wp\/v2\/media\/1520"}],"wp:attachment":[{"href":"https:\/\/www.cosmepak.com\/vi\/wp-json\/wp\/v2\/media?parent=1519"}],"wp:term":[{"taxonomy":"product_brand","embeddable":true,"href":"https:\/\/www.cosmepak.com\/vi\/wp-json\/wp\/v2\/product_brand?post=1519"},{"taxonomy":"product_cat","embeddable":true,"href":"https:\/\/www.cosmepak.com\/vi\/wp-json\/wp\/v2\/product_cat?post=1519"},{"taxonomy":"product_tag","embeddable":true,"href":"https:\/\/www.cosmepak.com\/vi\/wp-json\/wp\/v2\/product_tag?post=1519"}],"curies":[{"name":"WP","href":"https:\/\/api.w.org\/{rel}","templated":true}]}}