{"id":152,"date":"2024-12-31T12:08:02","date_gmt":"2024-12-31T04:08:02","guid":{"rendered":"http:\/\/www.cosmepak.com\/?post_type=product&#038;p=152"},"modified":"2026-04-28T14:14:41","modified_gmt":"2026-04-28T06:14:41","slug":"glass-bottle-140ml-round-dissuser-bottle","status":"publish","type":"product","link":"https:\/\/www.cosmepak.com\/vi\/product\/glass-bottle-140ml-round-dissuser-bottle\/","title":{"rendered":"Chai th\u1ee7y tinh \/ 140ml Chai Dissuser tr\u00f2n"},"content":{"rendered":"<table style=\"border-collapse: collapse; width: 100%;\">\n<tbody>\n<tr>\n<td style=\"width: 45.7802%; text-align: center;\">T\u00ean v\u1eadt ph\u1ea9m<\/td>\n<td style=\"width: 54.2198%; text-align: center;\">Chai khu\u1ebfch t\u00e1n<\/td>\n<\/tr>\n<tr>\n<td style=\"width: 45.7802%; text-align: center;\">Dung t\u00edch<\/td>\n<td style=\"width: 54.2198%; text-align: center;\">140ml<\/td>\n<\/tr>\n<tr>\n<td style=\"width: 45.7802%; text-align: center;\">K\u00edch c\u1ee1<\/td>\n<td style=\"width: 54.2198%; text-align: center;\">70x 76mm<\/td>\n<\/tr>\n<tr>\n<td style=\"width: 45.7802%; text-align: center;\">V\u1eadt li\u1ec7u<\/td>\n<td style=\"width: 54.2198%; text-align: center;\">Th\u1ee7y tinh<\/td>\n<\/tr>\n<tr>\n<td style=\"width: 45.7802%; text-align: center;\">M\u00e0u s\u1eafc<\/td>\n<td style=\"width: 54.2198%; text-align: center;\">t\u00f9y ch\u1ec9nh<\/td>\n<\/tr>\n<tr>\n<td style=\"width: 45.7802%; text-align: center;\">\u0110i\u1ec1u tr\u1ecb ngh\u1ec7 thu\u1eadt<\/td>\n<td style=\"width: 54.2198%; text-align: center;\">In l\u1ee5a, d\u00e1n nh\u00e3n.<\/td>\n<\/tr>\n<tr>\n<td style=\"width: 45.7802%; text-align: center;\">MOQ<\/td>\n<td style=\"width: 54.2198%; text-align: center;\">5000pcs<\/td>\n<\/tr>\n<\/tbody>\n<\/table>\n<p><img fetchpriority=\"high\" decoding=\"async\" class=\"alignnone wp-image-1357\" src=\"https:\/\/www.cosmepak.com\/wp-content\/uploads\/2024\/12\/O1CN01H3wXf42GHTelEiJtv_2218387698990-0-cib.jpg\" alt=\"\" width=\"1375\" height=\"1405\" srcset=\"https:\/\/www.cosmepak.com\/wp-content\/uploads\/2024\/12\/O1CN01H3wXf42GHTelEiJtv_2218387698990-0-cib.jpg 790w, https:\/\/www.cosmepak.com\/wp-content\/uploads\/2024\/12\/O1CN01H3wXf42GHTelEiJtv_2218387698990-0-cib-294x300.jpg 294w, https:\/\/www.cosmepak.com\/wp-content\/uploads\/2024\/12\/O1CN01H3wXf42GHTelEiJtv_2218387698990-0-cib-768x785.jpg 768w, https:\/\/www.cosmepak.com\/wp-content\/uploads\/2024\/12\/O1CN01H3wXf42GHTelEiJtv_2218387698990-0-cib-600x613.jpg 600w\" sizes=\"(max-width: 1375px) 100vw, 1375px\" \/><\/p>\n<p>Chai aromatherapy n\u00e0y c\u00f3 m\u1ed9t c\u00e1i nh\u00ecn \u0111\u01a1n gi\u1ea3n, phong c\u00e1ch trong m\u00e0u s\u1eafc s\u00f4i \u0111\u1ed9ng. B\u1ea1n c\u00f3 th\u1ec3 ch\u1ecdn t\u1eeb c\u00e1c t\u00f9y ch\u1ecdn nh\u01b0 m\u00e0u h\u1ed3ng, c\u00e0 ri, matcha, m\u00e0u v\u00e0ng s\u1ed1ng \u0111\u1ed9ng, m\u00e0u \u0111en m\u1edd, m\u00e0u \u0111en b\u00f3ng, m\u00e0u v\u00e0ng ho\u1eb7c m\u00e0u xanh l\u00e1 c\u00e2y. N\u1ebfu b\u1ea1n c\u1ea7n m\u1ed9t m\u00e0u s\u1eafc kh\u00e1c nhau, ch\u00fang t\u00f4i&#8217; s\u1ebd vui v\u1ebb x\u1eed l\u00fd t\u00f9y ch\u1ec9nh. Ngo\u00e0i ra, ch\u00fang t\u00f4i ch\u00e0o \u0111\u00f3n c\u00e1c \u0111i\u1ec1u ch\u1ec9nh nh\u01b0 in m\u00e0n h\u00ecnh l\u1ee5a, \u0111\u1ed3ng, b\u1ea1c n\u00f3ng, tia c\u1ef1c t\u00edm ho\u1eb7c k\u1ebft th\u00fac t\u01b0\u01a1ng t\u1ef1.<\/p>\n<p>N\u00f3&#8217; l\u00e0 m\u1ed9t l\u1ef1a ch\u1ecdn tuy\u1ec7t v\u1eddi cho m\u1ee5c \u0111\u00edch kh\u00e1ch s\u1ea1n ho\u1eb7c t\u1eb7ng qu\u00e0. Chai aromatherapy ti\u1ec7n d\u1ee5ng n\u00e0y c\u00f3 chi\u1ec1u d\u00e0i 7cm v\u00e0 cao 7,6cm. N\u00f3 s\u1eed d\u1ee5ng th\u1ee7y tinh trong su\u1ed1t t\u00e1i ch\u1ebf, k\u1ebft h\u1ee3p v\u1edbi m\u1ed9t n\u1eafp v\u00edt kim lo\u1ea1i thanh l\u1ecbch b\u1eb1ng v\u00e0ng, b\u1ea1c ho\u1eb7c v\u00e0ng h\u1ed3ng. H\u01a1n n\u1eefa, n\u00f3 ho\u1ea1t \u0111\u1ed9ng t\u1ed1t v\u1edbi b\u1ea5t k\u1ef3 tinh d\u1ea7u n\u00e0o - t\u1eeb hoa o\u1ea3i h\u01b0\u01a1ng v\u00e0 c\u00e2y xanh d\u01b0\u01a1ng \u0111\u1ebfn h\u1ed7n h\u1ee3p citrus.<\/p>\n<p>Chai \u0111i k\u00e8m v\u1edbi m\u1ed9t ni\u00eam phong silicone c\u00f3 th\u1ec3 t\u00e1ch ra. \u0110i\u1ec1u \u0111\u00f3 gi\u1eef cho d\u1ea7u t\u01b0\u01a1i khi n\u00f3&#8217; S kh\u00f4ng h\u00e0nh \u0111\u1ed9ng. N\u00f3 ph\u00f9 h\u1ee3p v\u1edbi c\u00e1c \u0111i\u1ec3m ch\u1eb7t ch\u1ebd, nh\u01b0 ph\u00f2ng ng\u1ee7, ph\u00f2ng t\u1eafm ho\u1eb7c v\u0103n ph\u00f2ng \u1edf nh\u00e0. B\u00ean trong, n\u00f3 ch\u1ee9a 140ml tinh d\u1ea7u ho\u1eb7c d\u1ea7u m\u00f9i th\u01a1m. M\u00f9i th\u01a1m lan r\u1ed9ng m\u1ed9t c\u00e1ch \u1ed5n \u0111\u1ecbnh, v\u00e0 l\u00e0m s\u1ea1ch l\u00e0 \u0111\u01a1n gi\u1ea3n cho b\u1ed5 sung m\u1edbi.<\/p>\n<p>\u0110\u1ec3 t\u00f9y ch\u1ec9nh s\u1eed d\u1ee5ng m\u00e3 m\u00e0u Pantone t\u1eeb kh\u00e1ch h\u00e0ng, h\u00e3y l\u00e0m theo c\u00e1c b\u01b0\u1edbc n\u00e0y.<\/p>\n<p>B\u1eaft \u0111\u1ea7u v\u1edbi giao ti\u1ebfp kh\u00e1ch h\u00e0ng. \u0110\u1ea7u ti\u00ean, x\u00e1c minh nhu c\u1ea7u ch\u00ednh x\u00e1c, ch\u1eb3ng h\u1ea1n nh\u01b0 m\u00e3 m\u00e0u Pantone, k\u00edch th\u01b0\u1edbc \u0111\u01a1n \u0111\u1eb7t h\u00e0ng v\u00e0 ng\u00e0y h\u1ebft h\u1ea1n. Ti\u1ebfp theo, h\u1ecfi n\u1ebfu c\u00f3 y\u00eau c\u1ea7u b\u1ed5 sung, ch\u1eb3ng h\u1ea1n nh\u01b0 bao b\u00ec \u0111\u1eb7c bi\u1ec7t ho\u1eb7c nh\u00e3n.<\/p>\n<p>Di chuy\u1ec3n \u0111\u1ebfn x\u00e1c nh\u1eadn m\u1eabu m\u00e0u. S\u1eed d\u1ee5ng kh\u00e1ch h\u00e0ng&#8217; s M\u00e3 Pantone \u0111\u1ec3 t\u1ea1o c\u00e1c m\u1eabu ph\u00f9 h\u1ee3p. Sau \u0111\u00f3, g\u1eedi cho h\u1ecd \u0111\u1ec3 ch\u1ea5p thu\u1eadn. B\u01b0\u1edbc n\u00e0y \u0111\u1ea3m b\u1ea3o b\u00f3ng t\u1ed1i l\u00e0 spot-on.<\/p>\n<p>Chu\u1ea9n b\u1ecb nguy\u00ean li\u1ec7u th\u00f4. Ngu\u1ed3n cung c\u1ea5p ho\u1eb7c s\u1eb5n s\u00e0ng ph\u00f9 h\u1ee3p v\u1edbi th\u00f4ng s\u1ed1 k\u1ef9 thu\u1eadt Pantone. \u0110\u1ed3ng th\u1eddi, ki\u1ec3m tra r\u1eb1ng c\u00e1c v\u1eadt li\u1ec7u v\u1eabn c\u00f3 ch\u1ea5t l\u01b0\u1ee3ng cao nh\u1ea5t v\u00e0 \u0111\u1ed3ng nh\u1ea5t trong \u00e2m thanh.<\/p>\n<p>X\u1eed l\u00fd s\u1ea3n xu\u1ea5t m\u00e0u s\u1eafc ph\u00f9 h\u1ee3p. G\u1eafn b\u00f3 ch\u1eb7t ch\u1ebd v\u1edbi c\u00e1c s\u1ed1 Pantone trong su\u1ed1t qu\u00e1 tr\u00ecnh l\u00e0m. Ch\u1ea1y m\u1ed9t batch th\u1eed nghi\u1ec7m nh\u1ecf. B\u1eb1ng c\u00e1ch \u0111\u00f3, m\u00e0u s\u1eafc ph\u00f9 h\u1ee3p v\u1edbi nh\u1eefng g\u00ec kh\u00e1ch h\u00e0ng mu\u1ed1n.<\/p>\n<p>\u00c1p d\u1ee5ng ki\u1ec3m so\u00e1t ch\u1ea5t l\u01b0\u1ee3ng. Ki\u1ec3m tra m\u00e0u s\u1eafc nhi\u1ec1u l\u1ea7n trong qu\u00e1 tr\u00ecnh s\u1ea3n xu\u1ea5t. \u0110i\u1ec1u n\u00e0y gi\u1eef cho m\u1ed7i batch \u0111\u1ec1u. Cu\u1ed1i c\u00f9ng, ki\u1ec3m tra c\u00e1c m\u1ee5c \u0111\u1ea7y \u0111\u1ee7 \u0111\u1ec3 x\u00e1c nh\u1eadn ch\u00fang \u0111\u00e1p \u1ee9ng c\u00e1c ti\u00eau chu\u1ea9n.<\/p>\n<p>T\u00ecm x\u00e1c nh\u1eadn kh\u00e1ch h\u00e0ng. Cung c\u1ea5p c\u00e1c m\u1eabu \u0111\u01b0\u1ee3c th\u1ef1c hi\u1ec7n ho\u1eb7c c\u00e1c m\u1ea3nh cu\u1ed1i c\u00f9ng \u0111\u1ec3 xem x\u00e9t. \u0110i\u1ec1u ch\u1ec9nh d\u1ef1a tr\u00ean \u0111\u1ea7u v\u00e0o c\u1ee7a h\u1ecd, v\u00e0 tinh ch\u1ec9nh khi c\u1ea7n thi\u1ebft.<\/p>\n<p>Kh\u1edfi \u0111\u1ed9ng s\u1ea3n xu\u1ea5t h\u00e0ng lo\u1ea1t. M\u1ed9t khi h\u1ecd cho \u0111i tr\u01b0\u1edbc, leo l\u00ean quy m\u00f4 \u0111\u1ea7y \u0111\u1ee7. Duy tr\u00ec m\u00e0u s\u1eafc v\u00e0 ti\u00eau chu\u1ea9n \u1ed5n \u0111\u1ecbnh tr\u00ean t\u1ea5t c\u1ea3 c\u00e1c chuy\u1ebfn ch\u1ea1y.<\/p>\n<p>K\u1ebft th\u00fac v\u1edbi \u0111\u00f3ng g\u00f3i v\u00e0 v\u1eadn chuy\u1ec3n. G\u00f3i theo kh\u00e1ch h\u00e0ng&#8217; S mong mu\u1ed1n. Sau \u0111\u00f3, thi\u1ebft l\u1eadp v\u1eadn chuy\u1ec3n \u0111\u1ec3 giao h\u00e0ng theo l\u1ecbch tr\u00ecnh.<\/p>\n<p>&nbsp;<\/p>\n<p><img decoding=\"async\" class=\"alignnone wp-image-1356\" src=\"https:\/\/www.cosmepak.com\/wp-content\/uploads\/2024\/12\/1-2.jpg\" alt=\"\" width=\"1399\" height=\"1399\" srcset=\"https:\/\/www.cosmepak.com\/wp-content\/uploads\/2024\/12\/1-2.jpg 1000w, https:\/\/www.cosmepak.com\/wp-content\/uploads\/2024\/12\/1-2-300x300.jpg 300w, https:\/\/www.cosmepak.com\/wp-content\/uploads\/2024\/12\/1-2-150x150.jpg 150w, https:\/\/www.cosmepak.com\/wp-content\/uploads\/2024\/12\/1-2-768x768.jpg 768w, https:\/\/www.cosmepak.com\/wp-content\/uploads\/2024\/12\/1-2-600x600.jpg 600w, https:\/\/www.cosmepak.com\/wp-content\/uploads\/2024\/12\/1-2-100x100.jpg 100w\" sizes=\"(max-width: 1399px) 100vw, 1399px\" \/><\/p>\n<p>C\u00e1ch t\u00f9y ch\u1ec9nh d\u1ef1a tr\u00ean m\u00e3 m\u00e0u Pantone do kh\u00e1ch h\u00e0ng cung c\u1ea5p<br \/>\n<strong>Giao ti\u1ebfp kh\u00e1ch h\u00e0ng:<\/strong><br \/>\nX\u00e1c nh\u1eadn c\u00e1c y\u00eau c\u1ea7u t\u00f9y ch\u1ec9nh c\u1ee5 th\u1ec3 c\u1ee7a kh\u00e1ch h\u00e0ng, bao g\u1ed3m m\u00e3 m\u00e0u Pantone, s\u1ed1 l\u01b0\u1ee3ng, th\u1eddi gian giao h\u00e0ng, v.v.<br \/>\nX\u00e1c nh\u1eadn v\u1edbi kh\u00e1ch h\u00e0ng n\u1ebfu c\u00f3 b\u1ea5t k\u1ef3 y\u00eau c\u1ea7u \u0111\u1eb7c bi\u1ec7t n\u00e0o kh\u00e1c, ch\u1eb3ng h\u1ea1n nh\u01b0 \u0111\u00f3ng g\u00f3i, nh\u00e3n, v.v.<br \/>\n<strong>X\u00e1c nh\u1eadn m\u1eabu m\u00e0u:<\/strong><br \/>\nD\u1ef1a tr\u00ean m\u00e3 m\u00e0u Pantone do kh\u00e1ch h\u00e0ng cung c\u1ea5p, chu\u1ea9n b\u1ecb c\u00e1c m\u1eabu m\u00e0u t\u01b0\u01a1ng \u1ee9ng.<br \/>\nG\u1eedi m\u1eabu m\u00e0u cho kh\u00e1ch h\u00e0ng \u0111\u1ec3 x\u00e1c nh\u1eadn \u0111\u1ec3 \u0111\u1ea3m b\u1ea3o \u0111\u1ed9 ch\u00ednh x\u00e1c c\u1ee7a m\u00e0u s\u1eafc.<br \/>\n<strong>Chu\u1ea9n b\u1ecb nguy\u00ean li\u1ec7u th\u00f4:<\/strong><br \/>\nMua ho\u1eb7c chu\u1ea9n b\u1ecb nguy\u00ean li\u1ec7u th\u00f4 \u0111\u00e1p \u1ee9ng y\u00eau c\u1ea7u m\u00e3 m\u00e0u Pantone.<br \/>\n\u0110\u1ea3m b\u1ea3o ch\u1ea5t l\u01b0\u1ee3ng v\u00e0 m\u00e0u s\u1eafc nh\u1ea5t qu\u00e1n c\u1ee7a nguy\u00ean li\u1ec7u th\u00f4.<br \/>\n<strong>S\u1ea3n xu\u1ea5t m\u00e0u s\u1eafc ph\u00f9 h\u1ee3p:<\/strong><br \/>\nTrong qu\u00e1 tr\u00ecnh s\u1ea3n xu\u1ea5t, k\u1ebft h\u1ee3p m\u00e0u s\u1eafc \u0111\u01b0\u1ee3c th\u1ef1c hi\u1ec7n nghi\u00eam ng\u1eb7t theo s\u1ed1 m\u00e0u Pantone.<br \/>\nTh\u1ef1c hi\u1ec7n s\u1ea3n xu\u1ea5t th\u1eed nghi\u1ec7m quy m\u00f4 nh\u1ecf \u0111\u1ec3 \u0111\u1ea3m b\u1ea3o r\u1eb1ng m\u00e0u s\u1eafc ph\u00f9 h\u1ee3p v\u1edbi kh\u00e1ch h\u00e0ng&#8217; y\u00eau c\u1ea7u s.<br \/>\n<strong>Ki\u1ec3m so\u00e1t ch\u1ea5t l\u01b0\u1ee3ng:<\/strong><br \/>\nTrong qu\u00e1 tr\u00ecnh s\u1ea3n xu\u1ea5t, nhi\u1ec1u ki\u1ec3m tra m\u00e0u s\u1eafc \u0111\u01b0\u1ee3c ti\u1ebfn h\u00e0nh \u0111\u1ec3 \u0111\u1ea3m b\u1ea3o r\u1eb1ng m\u00e0u s\u1eafc c\u1ee7a m\u1ed7i l\u00f4 s\u1ea3n ph\u1ea9m l\u00e0 nh\u1ea5t qu\u00e1n.<br \/>\nTh\u1ef1c hi\u1ec7n ki\u1ec3m tra s\u1ea3n ph\u1ea9m cu\u1ed1i c\u00f9ng \u0111\u1ec3 \u0111\u1ea3m b\u1ea3o r\u1eb1ng ch\u1ea5t l\u01b0\u1ee3ng s\u1ea3n ph\u1ea9m \u0111\u00e1p \u1ee9ng c\u00e1c ti\u00eau chu\u1ea9n.<br \/>\n<strong>X\u00e1c nh\u1eadn kh\u00e1ch h\u00e0ng:<\/strong><br \/>\nG\u1eedi c\u00e1c m\u1eabu s\u1ea3n xu\u1ea5t ho\u1eb7c s\u1ea3n ph\u1ea9m ho\u00e0n th\u00e0nh cho kh\u00e1ch h\u00e0ng \u0111\u1ec3 x\u00e1c nh\u1eadn.<br \/>\nTh\u1ef1c hi\u1ec7n c\u00e1c \u0111i\u1ec1u ch\u1ec9nh cu\u1ed1i c\u00f9ng v\u00e0 c\u1ea3i ti\u1ebfn d\u1ef1a tr\u00ean kh\u00e1ch h\u00e0ng&#8217; ph\u1ea3n h\u1ed3i.<br \/>\n<strong>S\u1ea3n xu\u1ea5t h\u00e0ng lo\u1ea1t:<\/strong><br \/>\nSau khi kh\u00e1ch h\u00e0ng x\u00e1c nh\u1eadn r\u1eb1ng n\u00f3 l\u00e0 \u0111\u00fang, s\u1ea3n xu\u1ea5t quy m\u00f4 l\u1edbn s\u1ebd \u0111\u01b0\u1ee3c th\u1ef1c hi\u1ec7n.<br \/>\n\u0110\u1ea3m b\u1ea3o r\u1eb1ng m\u00e0u s\u1eafc v\u00e0 ch\u1ea5t l\u01b0\u1ee3ng c\u1ee7a m\u1ed7i l\u00f4 s\u1ea3n ph\u1ea9m \u0111\u1ec1u nh\u1ea5t qu\u00e1n.<br \/>\n<strong>Bao b\u00ec v\u00e0 v\u1eadn chuy\u1ec3n:<\/strong><br \/>\nBao b\u00ec \u0111\u01b0\u1ee3c th\u1ef1c hi\u1ec7n theo kh\u00e1ch h\u00e0ng&#8217; y\u00eau c\u1ea7u s.<br \/>\nS\u1eafp x\u1ebfp h\u1eadu c\u1ea7n v\u00e0 giao h\u00e0ng cho kh\u00e1ch h\u00e0ng k\u1ecbp th\u1eddi.<\/p>\n<table style=\"border-collapse: collapse; width: 100%;\">\n<tbody>\n<tr>\n<td style=\"width: 50%;\"><img decoding=\"async\" class=\"alignnone size-full wp-image-1346\" src=\"https:\/\/www.cosmepak.com\/wp-content\/uploads\/2024\/12\/company_\u526f\u672c.jpg\" alt=\"\" width=\"1060\" height=\"764\" srcset=\"https:\/\/www.cosmepak.com\/wp-content\/uploads\/2024\/12\/company_\u526f\u672c.jpg 1060w, https:\/\/www.cosmepak.com\/wp-content\/uploads\/2024\/12\/company_\u526f\u672c-300x216.jpg 300w, https:\/\/www.cosmepak.com\/wp-content\/uploads\/2024\/12\/company_\u526f\u672c-1024x738.jpg 1024w, https:\/\/www.cosmepak.com\/wp-content\/uploads\/2024\/12\/company_\u526f\u672c-768x554.jpg 768w, https:\/\/www.cosmepak.com\/wp-content\/uploads\/2024\/12\/company_\u526f\u672c-600x432.jpg 600w\" sizes=\"(max-width: 1060px) 100vw, 1060px\" \/><\/td>\n<td style=\"width: 50%;\">Nh\u00e0 m\u00e1y c\u1ee7a ch\u00fang t\u00f4i c\u00f3 chuy\u00ean v\u1ec1 s\u1ea3n xu\u1ea5t bao b\u00ec m\u1ef9 ph\u1ea9m h\u01a1n 10 n\u0103m;<\/p>\n<p>\u2611  B\u00e2y gi\u1edd ch\u00fang t\u00f4i c\u00f3 1 nh\u00e0 m\u00e1y cho chai th\u1ee7y tinh, c\u00f4ng su\u1ea5t c\u00f3 th\u1ec3 l\u00e0 400.000pcs \/ ng\u00e0y.<br \/>\n\u2611  1Factory cho chai nh\u1ef1a, c\u00f4ng su\u1ea5t c\u00f3 th\u1ec3 l\u00e0 50.000pcs \/ ng\u00e0y.<br \/>\n\u2611  1factory cho chai c\u1ef1u sinh vi\u00ean, c\u00f4ng su\u1ea5t c\u00f3 th\u1ec3 l\u00e0 100.000pcs \/ ng\u00e0y.<br \/>\nCh\u00fang t\u00f4i \u0111\u00e3 v\u01b0\u1ee3t qua ch\u1ee9ng nh\u1eadn ISO9000 \/ 14000, c\u0169ng c\u00f3 th\u1ec3 cung c\u1ea5p SGS v\u00e0 MSDS.<br \/>\nCh\u00fang t\u00f4i \u0111ang tu\u00e2n th\u1ee7 nguy\u00ean t\u1eafc kinh doanh trung th\u1ef1c cho m\u1ecdi kh\u00e1ch h\u00e0ng.<br \/>\nCh\u00e0o m\u1eebng b\u1ea1n \u0111\u00e3 h\u1ee3p t\u00e1c!<\/td>\n<\/tr>\n<\/tbody>\n<\/table>\n<p><img loading=\"lazy\" decoding=\"async\" class=\"alignnone size-full wp-image-1347\" src=\"https:\/\/www.cosmepak.com\/wp-content\/uploads\/2024\/12\/\u9996\u987519202_03.jpg\" alt=\"\" width=\"1920\" height=\"885\" srcset=\"https:\/\/www.cosmepak.com\/wp-content\/uploads\/2024\/12\/\u9996\u987519202_03.jpg 1920w, https:\/\/www.cosmepak.com\/wp-content\/uploads\/2024\/12\/\u9996\u987519202_03-300x138.jpg 300w, https:\/\/www.cosmepak.com\/wp-content\/uploads\/2024\/12\/\u9996\u987519202_03-1024x472.jpg 1024w, https:\/\/www.cosmepak.com\/wp-content\/uploads\/2024\/12\/\u9996\u987519202_03-768x354.jpg 768w, https:\/\/www.cosmepak.com\/wp-content\/uploads\/2024\/12\/\u9996\u987519202_03-1536x708.jpg 1536w, https:\/\/www.cosmepak.com\/wp-content\/uploads\/2024\/12\/\u9996\u987519202_03-600x277.jpg 600w\" sizes=\"(max-width: 1920px) 100vw, 1920px\" \/><\/p>\n<p>&nbsp;<\/p>\n<p>&nbsp;<\/p>\n<div><\/div>","protected":false},"excerpt":{"rendered":"<p>V\u1eadt li\u1ec7u: th\u1ee7y tinh<\/p>\n<p>C\u00f4ng su\u1ea5t: 140ml<\/p>\n<p>M\u00e0u s\u1eafc: Ch\u1ea5p nh\u1eadn (b\u1ea5t k\u1ef3 m\u00e0u pantone c\u00f3 s\u1eb5n)<\/p>\n<p>K\u00edch th\u01b0\u1edbc OD OD: 70mm;<\/p>\n<p>MOQ: 10000pcs \u0111\u1ec3 t\u00f9y ch\u1ec9nh<\/p>\n<p>\u1ee8ng d\u1ee5ng: \u0110\u01b0\u1ee3c s\u1eed d\u1ee5ng r\u1ed9ng r\u00e3i trong ph\u00f2ng ng\u1ee7 \/ ph\u00f2ng kh\u00e1ch \/ v\u0103n ph\u00f2ng \/ nh\u00e0 v\u1ec7 sinh vv<\/p>","protected":false},"featured_media":1262,"comment_status":"closed","ping_status":"closed","template":"","meta":{"_acf_changed":false},"product_brand":[],"product_cat":[17],"product_tag":[],"class_list":{"0":"post-152","1":"product","2":"type-product","3":"status-publish","4":"has-post-thumbnail","6":"product_cat-perfume-bottle","8":"first","9":"outofstock","10":"shipping-taxable","11":"product-type-simple"},"acf":[],"_links":{"self":[{"href":"https:\/\/www.cosmepak.com\/vi\/wp-json\/wp\/v2\/product\/152","targetHints":{"allow":["GET"]}}],"collection":[{"href":"https:\/\/www.cosmepak.com\/vi\/wp-json\/wp\/v2\/product"}],"about":[{"href":"https:\/\/www.cosmepak.com\/vi\/wp-json\/wp\/v2\/types\/product"}],"replies":[{"embeddable":true,"href":"https:\/\/www.cosmepak.com\/vi\/wp-json\/wp\/v2\/comments?post=152"}],"wp:featuredmedia":[{"embeddable":true,"href":"https:\/\/www.cosmepak.com\/vi\/wp-json\/wp\/v2\/media\/1262"}],"wp:attachment":[{"href":"https:\/\/www.cosmepak.com\/vi\/wp-json\/wp\/v2\/media?parent=152"}],"wp:term":[{"taxonomy":"product_brand","embeddable":true,"href":"https:\/\/www.cosmepak.com\/vi\/wp-json\/wp\/v2\/product_brand?post=152"},{"taxonomy":"product_cat","embeddable":true,"href":"https:\/\/www.cosmepak.com\/vi\/wp-json\/wp\/v2\/product_cat?post=152"},{"taxonomy":"product_tag","embeddable":true,"href":"https:\/\/www.cosmepak.com\/vi\/wp-json\/wp\/v2\/product_tag?post=152"}],"curies":[{"name":"WP","href":"https:\/\/api.w.org\/{rel}","templated":true}]}}