{"id":1521,"date":"2025-03-28T09:44:00","date_gmt":"2025-03-28T01:44:00","guid":{"rendered":"https:\/\/www.cosmepak.com\/?post_type=product&#038;p=1521"},"modified":"2025-10-22T15:33:18","modified_gmt":"2025-10-22T07:33:18","slug":"essential-oil-bottle-10ml-15ml-20ml-30ml-50ml-essential-oil-glass-bottle-jaunce","status":"publish","type":"product","link":"https:\/\/www.cosmepak.com\/vi\/product\/essential-oil-bottle-10ml-15ml-20ml-30ml-50ml-essential-oil-glass-bottle-jaunce\/","title":{"rendered":"Chai tinh d\u1ea7u-10ml 15ml 20ml 30ml 50ml chai th\u1ee7y tinh d\u1ea7u \/ Jaunce"},"content":{"rendered":"<table style=\"border-collapse: collapse; width: 100%; height: 242px;\">\n<tbody>\n<tr style=\"height: 24px;\">\n<td style=\"width: 52.3373%; height: 24px; text-align: center;\">Th\u01b0\u01a1ng hi\u1ec7u<\/td>\n<td style=\"width: 47.6627%; height: 24px; text-align: center;\">\u00a0Jaunce<\/td>\n<\/tr>\n<tr style=\"height: 24px;\">\n<td style=\"width: 52.3373%; height: 24px; text-align: center;\">Dung t\u00edch<\/td>\n<td style=\"width: 47.6627%; height: 24px; text-align: center;\">10ml \/ 15ml \/ 20ml \/ 30ml \/ 50ml<\/td>\n<\/tr>\n<tr style=\"height: 24px;\">\n<td style=\"width: 52.3373%; height: 24px; text-align: center;\">H\u00ecnh d\u1ea1ng<\/td>\n<td style=\"width: 47.6627%; height: 24px; text-align: center;\">Tr\u00f2n<\/td>\n<\/tr>\n<tr style=\"height: 24px;\">\n<td style=\"width: 52.3373%; height: 24px; text-align: center;\">V\u1eadt li\u1ec7u<\/td>\n<td style=\"width: 47.6627%; height: 24px; text-align: center;\">Th\u1ee7y tinh, PP, Cao su<\/td>\n<\/tr>\n<tr style=\"height: 24px;\">\n<td style=\"width: 52.3373%; height: 26px; text-align: center;\">C\u00e2n n\u1eb7ng<\/td>\n<td style=\"width: 47.6627%; height: 26px; text-align: center;\">31g \/ 36g \/ 40g \/ 49g \/ 62g<\/td>\n<\/tr>\n<tr style=\"height: 24px;\">\n<td style=\"width: 52.3373%; height: 24px; text-align: center;\">Ph\u00f9 h\u1ee3p<\/td>\n<td style=\"width: 47.6627%; height: 24px; text-align: center;\">Thu\u1ed1c nh\u1ecf gi\u1ecdt<\/td>\n<\/tr>\n<tr style=\"height: 24px;\">\n<td style=\"width: 52.3373%; height: 24px; text-align: center;\">Ng\u01b0\u1eddi m\u1eabu<\/td>\n<td style=\"width: 47.6627%; height: 24px; text-align: center;\">JH-LWM06<\/td>\n<\/tr>\n<tr style=\"height: 24px;\">\n<td style=\"width: 52.3373%; height: 24px; text-align: center;\">S\u1ea3n ph\u1ea9m OEM \/ ODM<\/td>\n<td style=\"width: 47.6627%; height: 24px; text-align: center;\">Ch\u1ea5p nh\u1eadn<\/td>\n<\/tr>\n<tr style=\"height: 24px;\">\n<td style=\"width: 52.3373%; height: 24px; text-align: center;\">M\u00e0u s\u1eafc<\/td>\n<td style=\"width: 47.6627%; height: 24px; text-align: center;\">T\u00f9y ch\u1ec9nh<\/td>\n<\/tr>\n<tr style=\"height: 24px;\">\n<td style=\"width: 52.3373%; height: 24px; text-align: center;\">MOQ<\/td>\n<td style=\"width: 47.6627%; height: 24px; text-align: center;\">Chung 5000pcs;<\/td>\n<\/tr>\n<\/tbody>\n<\/table>\n<p>&nbsp;<\/p>\n<p><img fetchpriority=\"high\" decoding=\"async\" class=\"size-full wp-image-1524 aligncenter\" src=\"https:\/\/www.cosmepak.com\/wp-content\/uploads\/2025\/03\/photobank-3-2.jpg\" alt=\"\" width=\"1000\" height=\"1000\" srcset=\"https:\/\/www.cosmepak.com\/wp-content\/uploads\/2025\/03\/photobank-3-2.jpg 1000w, https:\/\/www.cosmepak.com\/wp-content\/uploads\/2025\/03\/photobank-3-2-300x300.jpg 300w, https:\/\/www.cosmepak.com\/wp-content\/uploads\/2025\/03\/photobank-3-2-150x150.jpg 150w, https:\/\/www.cosmepak.com\/wp-content\/uploads\/2025\/03\/photobank-3-2-768x768.jpg 768w, https:\/\/www.cosmepak.com\/wp-content\/uploads\/2025\/03\/photobank-3-2-600x600.jpg 600w, https:\/\/www.cosmepak.com\/wp-content\/uploads\/2025\/03\/photobank-3-2-100x100.jpg 100w\" sizes=\"(max-width: 1000px) 100vw, 1000px\" \/><\/p>\n<table style=\"border-collapse: collapse; width: 100%;\">\n<tbody>\n<tr>\n<td style=\"width: 16.6667%; text-align: center;\"><strong>Dung t\u00edch<\/strong><\/td>\n<td style=\"width: 16.6667%; text-align: center;\"><strong>T\u1ed5ng chi\u1ec1u cao<\/strong><\/td>\n<td style=\"width: 16.6667%; text-align: center;\"><strong>Chai chi\u1ec1u cao<\/strong><\/td>\n<td style=\"width: 16.6667%; text-align: center;\"><strong>Chi\u1ec1u cao c\u00f3 th\u1ec3 in<\/strong><\/td>\n<td style=\"width: 16.6667%; text-align: center;\"><strong>Dia<\/strong><\/td>\n<td style=\"width: 16.6667%; text-align: center;\"><strong>C\u00e2n n\u1eb7ng<\/strong><\/td>\n<\/tr>\n<tr>\n<td style=\"width: 16.6667%; text-align: center;\">10ml<\/td>\n<td style=\"width: 16.6667%; text-align: center;\">82mm<\/td>\n<td style=\"width: 16.6667%; text-align: center;\">58mm<\/td>\n<td style=\"width: 16.6667%; text-align: center;\">31mm<\/td>\n<td style=\"width: 16.6667%; text-align: center;\">24.5mm<\/td>\n<td style=\"width: 16.6667%; text-align: center;\">31g<\/td>\n<\/tr>\n<tr>\n<td style=\"width: 16.6667%; text-align: center;\">15ml<\/td>\n<td style=\"width: 16.6667%; text-align: center;\">88mm<\/td>\n<td style=\"width: 16.6667%; text-align: center;\">65mm<\/td>\n<td style=\"width: 16.6667%; text-align: center;\">36mm<\/td>\n<td style=\"width: 16.6667%; text-align: center;\">28.5mm<\/td>\n<td style=\"width: 16.6667%; text-align: center;\">36g<\/td>\n<\/tr>\n<tr>\n<td style=\"width: 16.6667%; text-align: center;\">20ml<\/td>\n<td style=\"width: 16.6667%; text-align: center;\">95mm<\/td>\n<td style=\"width: 16.6667%; text-align: center;\">71mm<\/td>\n<td style=\"width: 16.6667%; text-align: center;\">42mm<\/td>\n<td style=\"width: 16.6667%; text-align: center;\">29mm<\/td>\n<td style=\"width: 16.6667%; text-align: center;\">40g<\/td>\n<\/tr>\n<tr>\n<td style=\"width: 16.6667%; text-align: center;\">30ml<\/td>\n<td style=\"width: 16.6667%; text-align: center;\">103mm<\/td>\n<td style=\"width: 16.6667%; text-align: center;\">78mm<\/td>\n<td style=\"width: 16.6667%; text-align: center;\">50mm<\/td>\n<td style=\"width: 16.6667%; text-align: center;\">33mm<\/td>\n<td style=\"width: 16.6667%; text-align: center;\">49g<\/td>\n<\/tr>\n<tr>\n<td style=\"width: 16.6667%; text-align: center;\">50ml<\/td>\n<td style=\"width: 16.6667%; text-align: center;\">116mm<\/td>\n<td style=\"width: 16.6667%; text-align: center;\">92mm<\/td>\n<td style=\"width: 16.6667%; text-align: center;\">60mm<\/td>\n<td style=\"width: 16.6667%; text-align: center;\">37mm<\/td>\n<td style=\"width: 16.6667%; text-align: center;\">62g<\/td>\n<\/tr>\n<\/tbody>\n<\/table>\n<table style=\"border-collapse: collapse; width: 100%; height: 144px;\">\n<tbody>\n<tr style=\"height: 24px;\">\n<td style=\"width: 20%; text-align: center; height: 24px;\"><strong>M\u1ee5c\u00a0<\/strong><\/td>\n<td style=\"width: 20%; text-align: center; height: 24px;\"><strong>QTY<\/strong><\/td>\n<td style=\"width: 20%; text-align: center; height: 24px;\"><strong>K\u00edch th\u01b0\u1edbc g\u00f3i<\/strong><\/td>\n<td style=\"width: 20%; text-align: center; height: 24px;\"><strong>T\u00e2y B\u1eafc<\/strong><\/td>\n<td style=\"width: 20%; text-align: center; height: 24px;\"><strong>GW<\/strong><\/td>\n<\/tr>\n<tr style=\"height: 24px;\">\n<td style=\"width: 20%; text-align: center; height: 24px;\">10ml<\/td>\n<td style=\"width: 20%; text-align: center; height: 24px;\">768pcs<\/td>\n<td style=\"width: 20%; text-align: center; height: 24px;\">42*27*24<\/td>\n<td style=\"width: 20%; text-align: center; height: 24px;\">23.8kg<\/td>\n<td style=\"width: 20%; text-align: center; height: 24px;\">25.8kg<\/td>\n<\/tr>\n<tr style=\"height: 24px;\">\n<td style=\"width: 20%; text-align: center; height: 24px;\">15ml<\/td>\n<td style=\"width: 20%; text-align: center; height: 24px;\">468pcs<\/td>\n<td style=\"width: 20%; text-align: center; height: 24px;\">40*31*21<\/td>\n<td style=\"width: 20%; text-align: center; height: 24px;\">16.8kg<\/td>\n<td style=\"width: 20%; text-align: center; height: 24px;\">18.8kg<\/td>\n<\/tr>\n<tr style=\"height: 24px;\">\n<td style=\"width: 20%; text-align: center; height: 24px;\">20ml<\/td>\n<td style=\"width: 20%; text-align: center; height: 24px;\">468pcs<\/td>\n<td style=\"width: 20%; text-align: center; height: 24px;\">40*21*23<\/td>\n<td style=\"width: 20%; text-align: center; height: 24px;\">18.7kg<\/td>\n<td style=\"width: 20%; text-align: center; height: 24px;\">20.7kg<\/td>\n<\/tr>\n<tr style=\"height: 24px;\">\n<td style=\"width: 20%; text-align: center; height: 24px;\">30ml<\/td>\n<td style=\"width: 20%; text-align: center; height: 24px;\">330pcs<\/td>\n<td style=\"width: 20%; text-align: center; height: 24px;\">40*30*25<\/td>\n<td style=\"width: 20%; text-align: center; height: 24px;\">16.1kg<\/td>\n<td style=\"width: 20%; text-align: center; height: 24px;\">18.1kg<\/td>\n<\/tr>\n<tr style=\"height: 24px;\">\n<td style=\"width: 20%; text-align: center; height: 24px;\">50ml<\/td>\n<td style=\"width: 20%; text-align: center; height: 24px;\">264pcs<\/td>\n<td style=\"width: 20%; text-align: center; height: 24px;\">44*28*29<\/td>\n<td style=\"width: 20%; text-align: center; height: 24px;\">16.4kg<\/td>\n<td style=\"width: 20%; text-align: center; height: 24px;\">18.4kg<\/td>\n<\/tr>\n<\/tbody>\n<\/table>\n<div><img decoding=\"async\" class=\"alignnone  wp-image-3182\" src=\"https:\/\/www.cosmepak.com\/wp-content\/uploads\/2025\/03\/9-3.jpg\" alt=\"\" width=\"1373\" height=\"1373\" srcset=\"https:\/\/www.cosmepak.com\/wp-content\/uploads\/2025\/03\/9-3.jpg 1000w, https:\/\/www.cosmepak.com\/wp-content\/uploads\/2025\/03\/9-3-300x300.jpg 300w, https:\/\/www.cosmepak.com\/wp-content\/uploads\/2025\/03\/9-3-150x150.jpg 150w, https:\/\/www.cosmepak.com\/wp-content\/uploads\/2025\/03\/9-3-768x768.jpg 768w, https:\/\/www.cosmepak.com\/wp-content\/uploads\/2025\/03\/9-3-12x12.jpg 12w, https:\/\/www.cosmepak.com\/wp-content\/uploads\/2025\/03\/9-3-600x600.jpg 600w, https:\/\/www.cosmepak.com\/wp-content\/uploads\/2025\/03\/9-3-100x100.jpg 100w\" sizes=\"(max-width: 1373px) 100vw, 1373px\" \/><\/div>\n<div>Thi\u1ebft k\u1ebf m\u00e0u s\u1eafc ch\u1eb7n \u00e1nh s\u00e1ng: S\u1eed d\u1ee5ng v\u1eadt li\u1ec7u th\u1ee7y tinh trong su\u1ed1t cao h\u1ed5 th\u01a1m s\u00e2u v\u00e0 n\u00e2u t\u1ed1i, n\u00f3 c\u00f3 th\u1ec3 ch\u1eb7n hi\u1ec7u qu\u1ea3 tia c\u1ef1c t\u00edm v\u00e0 \u00e1nh s\u00e1ng m\u1ea1nh, gi\u1ea3m oxy h\u00f3a, b\u1ed1c h\u01a1i ho\u1eb7c suy tho\u00e1i c\u00e1c th\u00e0nh ph\u1ea7n tinh d\u1ea7u do ti\u1ebfp x\u00fac v\u1edbi \u00e1nh s\u00e1ng, k\u00e9o d\u00e0i s\u1ea3n ph\u1ea9m &#8217; Th\u1eddi gian s\u1eed d\u1ee5ng, v\u00e0 \u0111\u1ea3m b\u1ea3o m\u00f9i h\u01b0\u01a1ng v\u00e0 hi\u1ec7u qu\u1ea3 c\u1ee7a tinh d\u1ea7u v\u1eabn \u1ed5n \u0111\u1ecbnh nh\u01b0 d\u1ef1 \u0111\u1ecbnh ban \u0111\u1ea7u (\u0111\u1eb7c bi\u1ec7t ph\u00f9 h\u1ee3p v\u1edbi tinh d\u1ea7u c\u00f3 \u0111\u1ed9 nh\u1ea1y c\u1ea3m \u00e1nh s\u00e1ng m\u1ea1nh nh\u01b0 hoa h\u01b0\u01a1ng, c\u00e2y tr\u00e0 v\u00e0 hoa h\u1ed3ng).<br \/>\nN\u1ec1n th\u1ee7y tinh ch\u1ea5t l\u01b0\u1ee3ng cao: Th\u00e2n chai \u0111\u01b0\u1ee3c l\u00e0m b\u1eb1ng th\u1ee7y tinh borosilicate cao ho\u1eb7c th\u1ee7y tinh c\u1ea5p th\u1ef1c ph\u1ea9m, kh\u00f4ng c\u00f3 t\u1ea1p ch\u1ea5t, v\u1edbi truy\u1ec1n \u00e1nh s\u00e1ng \u0111\u1ed3ng nh\u1ea5t, v\u00e0 ch\u1ed1ng axit v\u00e0 ki\u1ec1m, v\u00e0 kh\u00f4ng ph\u1ea3n \u1ee9ng h\u00f3a h\u1ecdc v\u1edbi c\u00e1c th\u00e0nh ph\u1ea7n tinh d\u1ea7u, \u0111\u1ea3m b\u1ea3o s\u1eed d\u1ee5ng an to\u00e0n.<\/div>\n<div>Cung c\u1ea5p 5 th\u00f4ng s\u1ed1 k\u1ef9 thu\u1eadt c\u00f4ng su\u1ea5t ch\u00ednh, bao g\u1ed3m t\u1ea5t c\u1ea3 c\u00e1c k\u1ecbch b\u1ea3n c\u1ee7a &#8220; th\u1eed nghi\u1ec7m di \u0111\u1ed9ng&#8221; , &#8220; s\u1eed d\u1ee5ng h\u00e0ng ng\u00e0y&#8221; v\u00e0 &#8220; l\u01b0u tr\u1eef c\u00f4ng su\u1ea5t l\u1edbn&#8221;:<\/div>\n<div>\n<table style=\"border-collapse: collapse; width: 100%; height: 144px;\">\n<tbody>\n<tr style=\"height: 24px;\">\n<td style=\"width: 22.966%; height: 24px; text-align: center;\"><strong>Dung t\u00edch<\/strong><\/td>\n<td style=\"width: 40.5689%; height: 24px; text-align: center;\"><strong>C\u00e1ch s\u1eed d\u1ee5ng<\/strong><\/td>\n<td style=\"width: 36.465%; height: 24px; text-align: center;\"><strong>Gi\u00e1 tr\u1ecb<\/strong><\/td>\n<\/tr>\n<tr style=\"height: 24px;\">\n<td style=\"width: 22.966%; height: 24px; text-align: center;\">10ml<\/td>\n<td style=\"width: 40.5689%; height: 24px; text-align: left;\">Du l\u1ecbch th\u00e2n thi\u1ec7n, bao b\u00ec m\u1eabu, s\u1eed d\u1ee5ng th\u1eed nghi\u1ec7m tinh d\u1ea7u m\u1ed9t th\u00e0nh ph\u1ea7n<\/td>\n<td style=\"width: 36.465%; height: 24px; text-align: left;\">K\u00edch th\u01b0\u1edbc nh\u1ecf g\u1ecdn, n\u00f3 c\u00f3 th\u1ec3 d\u1ec5 d\u00e0ng \u0111\u01b0\u1ee3c \u0111\u1eb7t trong m\u1ed9t t\u00fai trang \u0111i\u1ec3m di \u0111\u1ed9ng ho\u1eb7c h\u1ed9p l\u01b0u tr\u1eef, tr\u00e1nh s\u1ef1 b\u1ea5t ti\u1ec7n c\u1ee7a vi\u1ec7c mang theo m\u1ed9t m\u1eb7t h\u00e0ng c\u00f4ng su\u1ea5t l\u1edbn.<\/td>\n<\/tr>\n<tr style=\"height: 24px;\">\n<td style=\"width: 22.966%; height: 24px; text-align: center;\">15ml<\/td>\n<td style=\"width: 40.5689%; height: 24px; text-align: left;\">Tinh d\u1ea7u s\u1eed d\u1ee5ng h\u00e0ng ng\u00e0y c\u00e1 nh\u00e2n (ch\u1eb3ng h\u1ea1n nh\u01b0 tinh d\u1ea7u ch\u0103m s\u00f3c m\u1eb7t)<\/td>\n<td style=\"width: 36.465%; height: 24px; text-align: left;\">Kh\u1ea3 n\u0103ng l\u00e0 trung b\u00ecnh. M\u1ed9t li\u1ec1u \u0111\u01a1n (2-3 gi\u1ecdt) c\u00f3 th\u1ec3 \u0111\u00e1p \u1ee9ng y\u00eau c\u1ea7u s\u1eed d\u1ee5ng trong 1-2 th\u00e1ng, gi\u1ea3m \u00f4 nhi\u1ec5m do m\u1edf l\u1eb7p \u0111i l\u1eb7p l\u1ea1i<\/td>\n<\/tr>\n<tr style=\"height: 24px;\">\n<td style=\"width: 22.966%; height: 24px; text-align: center;\">20ml<\/td>\n<td style=\"width: 40.5689%; height: 24px; text-align: left;\">Tinh d\u1ea7u h\u1ed9 gia \u0111\u00ecnh ph\u1ed5 bi\u1ebfn (ch\u1eb3ng h\u1ea1n nh\u01b0 d\u1ea7u tr\u1ecb li\u1ec7u th\u01a1m v\u00e0 d\u1ea7u ch\u0103m s\u00f3c c\u01a1 th\u1ec3)<\/td>\n<td style=\"width: 36.465%; height: 24px; text-align: left;\">C\u00e2n b\u1eb1ng c\u00f4ng su\u1ea5t v\u00e0 kh\u1ea3 n\u0103ng di \u0111\u1ed9ng, th\u00edch h\u1ee3p cho vi\u1ec7c s\u1eed d\u1ee5ng l\u00e2u d\u00e0i v\u00e0 kh\u00f4ng y\u00eau c\u1ea7u b\u1ed5 sung th\u01b0\u1eddng xuy\u00ean<\/td>\n<\/tr>\n<tr style=\"height: 24px;\">\n<td style=\"width: 22.966%; height: 24px; text-align: center;\">30ml<\/td>\n<td style=\"width: 40.5689%; height: 24px; text-align: left;\">S\u1ea3n ph\u1ea9m m\u1eb7c ch\u00ednh th\u1ee9c th\u01b0\u01a1ng hi\u1ec7u, ph\u00f9 h\u1ee3p cho nhi\u1ec1u ng\u01b0\u1eddi chia s\u1ebb (ch\u1eb3ng h\u1ea1n nh\u01b0 cho gia \u0111\u00ecnh ho\u1eb7c studio)<\/td>\n<td style=\"width: 36.465%; height: 24px; text-align: left;\">\u0110i\u1ec1u ch\u1ec9nh v\u1edbi c\u00f4ng su\u1ea5t ti\u00eau chu\u1ea9n c\u1ee7a chai tinh d\u1ea7u ch\u00ednh th\u1ed1ng, \u0111\u00e1p \u1ee9ng y\u00eau c\u1ea7u s\u1ea3n xu\u1ea5t c\u1ee7a th\u01b0\u01a1ng hi\u1ec7u \u0111\u1ec3 ti\u00eau chu\u1ea9n h\u00f3a.<\/td>\n<\/tr>\n<tr style=\"height: 24px;\">\n<td style=\"width: 22.966%; height: 24px; text-align: center;\">50ml<\/td>\n<td style=\"width: 40.5689%; height: 24px; text-align: left;\">L\u01b0u tr\u1eef c\u00f4ng su\u1ea5t l\u1edbn (ch\u1eb3ng h\u1ea1n nh\u01b0 d\u1ea7u c\u01a1 b\u1ea3n, tinh d\u1ea7u h\u1ee3p ch\u1ea5t)<\/td>\n<td style=\"width: 36.465%; height: 24px; text-align: left;\">Th\u00edch h\u1ee3p cho vi\u1ec7c l\u01b0u tr\u1eef l\u00e2u d\u00e0i ho\u1eb7c s\u1eed d\u1ee5ng quy m\u00f4 l\u1edbn b\u1edfi c\u00e1c t\u1ed5 ch\u1ee9c (ph\u00f2ng l\u00e0m \u0111\u1eb9p, trung t\u00e2m tr\u1ecb li\u1ec7u th\u01a1m), gi\u1ea3m t\u1ea7n s\u1ed1 t\u00e1i ch\u1ee9a h\u00e0ng<\/td>\n<\/tr>\n<\/tbody>\n<\/table>\n<p>To\u00e0n b\u1ed9 s\u1ea3n ph\u1ea9m bao g\u1ed3m &#8220; chai th\u1ee7y tinh cao su dropper th\u1ee7y tinh trong su\u1ed1t dropper&#8221; C\u00e1c th\u00e0nh ph\u1ea7n l\u00e0m vi\u1ec7c c\u00f9ng nhau \u0111\u1ec3 n\u00e2ng cao tr\u1ea3i nghi\u1ec7m ng\u01b0\u1eddi d\u00f9ng:<br \/>\nM\u00e1y gi\u1ecdt cao su: \u0110\u01b0\u1ee3c l\u00e0m b\u1eb1ng v\u1eadt li\u1ec7u silicone \u0111\u00e0n h\u1ed3i cao, n\u00f3 c\u00f3 kh\u1ea3 n\u0103ng ni\u00eam phong m\u1ea1nh m\u1ebd, l\u1ef1c h\u00fat \u1ed5n \u0111\u1ecbnh khi \u00e9p v\u00e0 cho ph\u00e9p ki\u1ec3m so\u00e1t ch\u00ednh x\u00e1c l\u01b0\u1ee3ng tinh d\u1ea7u \u0111\u01b0\u1ee3c l\u1ea5y (ch\u1eb3ng h\u1ea1n nh\u01b0 1 gi\u1ecdt ho\u1eb7c 2 gi\u1ecdt), tr\u00e1nh l\u00e3ng ph\u00ed ho\u1eb7c li\u1ec1u l\u01b0\u1ee3ng kh\u00f4ng ki\u1ec3m so\u00e1t khi \u0111\u1ed5. N\u00f3 \u0111\u1eb7c bi\u1ec7t ph\u00f9 h\u1ee3p cho c\u00e1c c\u00f4ng th\u1ee9c tr\u1ecb li\u1ec7u th\u01a1m \u0111\u00f2i h\u1ecfi t\u1ef7 l\u1ec7 ch\u00ednh x\u00e1c.<br \/>\nM\u00e1y gi\u1ecdt th\u1ee7y tinh trong su\u1ed1t: B\u1ee9c t\u01b0\u1eddng \u1ed1ng r\u00f5 r\u00e0ng, cho ph\u00e9p b\u1ea1n nh\u00ecn th\u1ea5y l\u01b0\u1ee3ng tinh d\u1ea7u h\u1ea5p th\u1ee5 tr\u1ef1c ti\u1ebfp, v\u00e0 d\u1ec5 l\u00e0m s\u1ea1ch v\u00e0 ch\u1ed1ng nhi\u1ec7t \u0111\u1ed9 cao. N\u00f3 v\u1eabn minh b\u1ea1ch v\u00e0 kh\u00f4ng c\u00f3 d\u01b0 l\u01b0\u1ee3ng ngay c\u1ea3 sau khi s\u1eed d\u1ee5ng nhi\u1ec1u l\u1ea7n.<br \/>\nThi\u1ebft k\u1ebf chai: \u0110\u01b0\u1eddng k\u00ednh mi\u1ec7ng chai t\u01b0\u01a1ng th\u00edch v\u1edbi k\u00edch th\u01b0\u1edbc c\u1ee7a m\u00e1y gi\u1ecdt, vi\u1ec7c ch\u00e8n v\u00e0 lo\u1ea1i b\u1ecf l\u00e0 m\u01b0\u1ee3t m\u00e0 v\u00e0 kh\u00f4ng d\u1ec5 b\u1ecb r\u00f2 r\u1ec9, v\u00e0 n\u00f3 c\u00f3 th\u1ec3 duy tr\u00ec ni\u00eam phong ngay c\u1ea3 khi \u0111\u1ea3o ng\u01b0\u1ee3c.<\/p>\n<p>Theo nhu c\u1ea7u c\u1ee7a kh\u00e1ch h\u00e0ng kh\u00e1c nhau, ch\u00fang t\u00f4i cung c\u1ea5p ba gi\u1ea3i ph\u00e1p t\u00f9y ch\u1ec9nh:<br \/>\nD\u1ecbch v\u1ee5 in m\u00e0n h\u00ecnh: Logo th\u01b0\u01a1ng hi\u1ec7u, t\u00ean s\u1ea3n ph\u1ea9m, c\u00e1c th\u00e0nh ph\u1ea7n tinh d\u1ea7u v\u00e0 h\u01b0\u1edbng d\u1eabn s\u1eed d\u1ee5ng c\u00f3 th\u1ec3 \u0111\u01b0\u1ee3c in tr\u00ean th\u00e2n chai, t\u0103ng c\u01b0\u1eddng s\u1ef1 nh\u1eadn d\u1ea1ng th\u01b0\u01a1ng hi\u1ec7u (ph\u00f9 h\u1ee3p cho c\u00e1c th\u01b0\u01a1ng hi\u1ec7u l\u00e0m \u0111\u1eb9p v\u00e0 studio li\u1ec7u ph\u00e1p th\u01a1m \u0111\u1ec3 t\u1ea1o ra th\u01b0\u01a1ng hi\u1ec7u ri\u00eang c\u1ee7a h\u1ecd).<br \/>\nT\u00f9y ch\u1ec9nh m\u00e0u s\u1eafc: B\u00ean c\u1ea1nh m\u00e0u h\u1ed5 ph\u00e1ch s\u00e2u v\u00e0 n\u00e2u m\u1eb7c \u0111\u1ecbnh, m\u00e0u th\u1ee7y tinh c\u00f3 th\u1ec3 \u0111\u01b0\u1ee3c \u0111i\u1ec1u ch\u1ec9nh theo y\u00eau c\u1ea7u (ch\u1eb3ng h\u1ea1n nh\u01b0 h\u1ed5 ph\u00e1ch nh\u1eb9 v\u00e0 xanh h\u1ea3i qu\u00e2n), ph\u00f9 h\u1ee3p v\u1edbi phong c\u00e1ch th\u1ecb gi\u00e1c th\u01b0\u01a1ng hi\u1ec7u.<br \/>\nD\u1ecbch v\u1ee5 d\u00e1n nh\u00e3n: Ch\u00fang t\u00f4i cung c\u1ea5p nh\u00e3n d\u00ednh v\u00e0 d\u00e1n nh\u00e3n t\u00f9y ch\u1ec9nh \u0111\u1ec3 d\u00e1n nh\u00e3n, v\u00e0 v\u1eadt li\u1ec7u nh\u00e3n c\u00f3 th\u1ec3 \u0111\u01b0\u1ee3c ch\u1ecdn l\u00e0 c\u00e1c lo\u1ea1i ch\u1ed1ng n\u01b0\u1edbc v\u00e0 ch\u1ed1ng tr\u1ea7y x\u01b0\u1edbc, thu\u1eadn ti\u1ec7n \u0111\u1ec3 \u0111\u00e1nh d\u1ea5u t\u00ean tinh d\u1ea7u, ng\u00e0y s\u1ea3n xu\u1ea5t v\u00e0 ng\u00e0y h\u1ebft h\u1ea1n, v.v.  (ph\u00f9 h\u1ee3p v\u1edbi ng\u01b0\u1eddi d\u00f9ng c\u00e1 nh\u00e2n \u0111\u1ec3 l\u01b0u tr\u1eef ph\u00e2n lo\u1ea1i ho\u1eb7c bao b\u00ec tu\u00e2n th\u1ee7 th\u01b0\u01a1ng hi\u1ec7u).<\/p>\n<table style=\"border-collapse: collapse; width: 100%;\">\n<tbody>\n<tr>\n<td style=\"width: 33.3333%;\"><img decoding=\"async\" class=\"alignnone size-full wp-image-3192\" src=\"https:\/\/www.cosmepak.com\/wp-content\/uploads\/2025\/03\/4-6.jpg\" alt=\"\" width=\"1000\" height=\"1000\" srcset=\"https:\/\/www.cosmepak.com\/wp-content\/uploads\/2025\/03\/4-6.jpg 1000w, https:\/\/www.cosmepak.com\/wp-content\/uploads\/2025\/03\/4-6-300x300.jpg 300w, https:\/\/www.cosmepak.com\/wp-content\/uploads\/2025\/03\/4-6-150x150.jpg 150w, https:\/\/www.cosmepak.com\/wp-content\/uploads\/2025\/03\/4-6-768x768.jpg 768w, https:\/\/www.cosmepak.com\/wp-content\/uploads\/2025\/03\/4-6-12x12.jpg 12w, https:\/\/www.cosmepak.com\/wp-content\/uploads\/2025\/03\/4-6-600x600.jpg 600w, https:\/\/www.cosmepak.com\/wp-content\/uploads\/2025\/03\/4-6-100x100.jpg 100w\" sizes=\"(max-width: 1000px) 100vw, 1000px\" \/><\/td>\n<td style=\"width: 33.3333%;\"><img loading=\"lazy\" decoding=\"async\" class=\"alignnone size-full wp-image-3193\" src=\"https:\/\/www.cosmepak.com\/wp-content\/uploads\/2025\/03\/5-4.jpg\" alt=\"\" width=\"1000\" height=\"1000\" srcset=\"https:\/\/www.cosmepak.com\/wp-content\/uploads\/2025\/03\/5-4.jpg 1000w, https:\/\/www.cosmepak.com\/wp-content\/uploads\/2025\/03\/5-4-300x300.jpg 300w, https:\/\/www.cosmepak.com\/wp-content\/uploads\/2025\/03\/5-4-150x150.jpg 150w, https:\/\/www.cosmepak.com\/wp-content\/uploads\/2025\/03\/5-4-768x768.jpg 768w, https:\/\/www.cosmepak.com\/wp-content\/uploads\/2025\/03\/5-4-12x12.jpg 12w, https:\/\/www.cosmepak.com\/wp-content\/uploads\/2025\/03\/5-4-600x600.jpg 600w, https:\/\/www.cosmepak.com\/wp-content\/uploads\/2025\/03\/5-4-100x100.jpg 100w\" sizes=\"(max-width: 1000px) 100vw, 1000px\" \/><\/td>\n<td style=\"width: 33.3333%;\"><img loading=\"lazy\" decoding=\"async\" class=\"alignnone size-full wp-image-3194\" src=\"https:\/\/www.cosmepak.com\/wp-content\/uploads\/2025\/03\/ai-4.jpg\" alt=\"\" width=\"1024\" height=\"1024\" srcset=\"https:\/\/www.cosmepak.com\/wp-content\/uploads\/2025\/03\/ai-4.jpg 1024w, https:\/\/www.cosmepak.com\/wp-content\/uploads\/2025\/03\/ai-4-300x300.jpg 300w, https:\/\/www.cosmepak.com\/wp-content\/uploads\/2025\/03\/ai-4-150x150.jpg 150w, https:\/\/www.cosmepak.com\/wp-content\/uploads\/2025\/03\/ai-4-768x768.jpg 768w, https:\/\/www.cosmepak.com\/wp-content\/uploads\/2025\/03\/ai-4-12x12.jpg 12w, https:\/\/www.cosmepak.com\/wp-content\/uploads\/2025\/03\/ai-4-600x600.jpg 600w, https:\/\/www.cosmepak.com\/wp-content\/uploads\/2025\/03\/ai-4-100x100.jpg 100w\" sizes=\"(max-width: 1024px) 100vw, 1024px\" \/><\/td>\n<\/tr>\n<\/tbody>\n<\/table>\n<table style=\"border-collapse: collapse; width: 100%;\">\n<tbody>\n<tr>\n<td style=\"width: 50%;\"><img loading=\"lazy\" decoding=\"async\" class=\"alignnone size-full wp-image-3195\" src=\"https:\/\/www.cosmepak.com\/wp-content\/uploads\/2025\/03\/ai-8.jpg\" alt=\"\" width=\"1024\" height=\"1024\" srcset=\"https:\/\/www.cosmepak.com\/wp-content\/uploads\/2025\/03\/ai-8.jpg 1024w, https:\/\/www.cosmepak.com\/wp-content\/uploads\/2025\/03\/ai-8-300x300.jpg 300w, https:\/\/www.cosmepak.com\/wp-content\/uploads\/2025\/03\/ai-8-150x150.jpg 150w, https:\/\/www.cosmepak.com\/wp-content\/uploads\/2025\/03\/ai-8-768x768.jpg 768w, https:\/\/www.cosmepak.com\/wp-content\/uploads\/2025\/03\/ai-8-12x12.jpg 12w, https:\/\/www.cosmepak.com\/wp-content\/uploads\/2025\/03\/ai-8-600x600.jpg 600w, https:\/\/www.cosmepak.com\/wp-content\/uploads\/2025\/03\/ai-8-100x100.jpg 100w\" sizes=\"(max-width: 1024px) 100vw, 1024px\" \/><\/td>\n<td style=\"width: 50%;\"><img loading=\"lazy\" decoding=\"async\" class=\"alignnone size-full wp-image-3196\" src=\"https:\/\/www.cosmepak.com\/wp-content\/uploads\/2025\/03\/ai-1.jpg\" alt=\"\" width=\"1024\" height=\"1024\" srcset=\"https:\/\/www.cosmepak.com\/wp-content\/uploads\/2025\/03\/ai-1.jpg 1024w, https:\/\/www.cosmepak.com\/wp-content\/uploads\/2025\/03\/ai-1-300x300.jpg 300w, https:\/\/www.cosmepak.com\/wp-content\/uploads\/2025\/03\/ai-1-150x150.jpg 150w, https:\/\/www.cosmepak.com\/wp-content\/uploads\/2025\/03\/ai-1-768x768.jpg 768w, https:\/\/www.cosmepak.com\/wp-content\/uploads\/2025\/03\/ai-1-12x12.jpg 12w, https:\/\/www.cosmepak.com\/wp-content\/uploads\/2025\/03\/ai-1-600x600.jpg 600w, https:\/\/www.cosmepak.com\/wp-content\/uploads\/2025\/03\/ai-1-100x100.jpg 100w\" sizes=\"(max-width: 1024px) 100vw, 1024px\" \/><\/td>\n<\/tr>\n<\/tbody>\n<\/table>\n<\/div>","protected":false},"excerpt":{"rendered":"<p>V\u1eadt li\u1ec7u: th\u1ee7y tinh<\/p>\n<p>M\u00f4 h\u00ecnh: JH-LWM06<\/p>\n<p>C\u00f4ng su\u1ea5t: 10ml, 15ml, 20ml, 30ml, 50ml<\/p>\n<p>K\u00edch th\u01b0\u1edbc c\u1ed5: 17.5mm<\/p>\n<p>M\u00e0u s\u1eafc: Ch\u1ea5p nh\u1eadn t\u00f9y ch\u1ec9nh (b\u1ea5t k\u1ef3 m\u00e0u pantone n\u00e0o c\u00f3 s\u1eb5n)<\/p>\n<p>Ho\u00e0n thi\u1ec7n b\u1ec1 m\u1eb7t: in m\u00e0n h\u00ecnh, d\u1eadp n\u00f3ng, gradient phun, k\u1ebft th\u00fac m\u1edd, v.v.<\/p>\n<p>MOQ: 5000pcs<\/p>\n<p>M\u1eabu: c\u00f3 s\u1eb5n m\u1eabu mi\u1ec5n ph\u00ed<\/p>\n<p>&nbsp;<\/p>\n<p>&nbsp;<\/p>","protected":false},"featured_media":1523,"comment_status":"closed","ping_status":"closed","template":"","meta":{"_acf_changed":false},"product_brand":[],"product_cat":[15,58],"product_tag":[40],"class_list":{"0":"post-1521","1":"product","2":"type-product","3":"status-publish","4":"has-post-thumbnail","6":"product_cat-essential-oil-bottle","7":"product_cat-glass-essential-oil-bottle","8":"product_tag-essential-oil-bottle","10":"first","11":"outofstock","12":"shipping-taxable","13":"product-type-simple"},"acf":[],"_links":{"self":[{"href":"https:\/\/www.cosmepak.com\/vi\/wp-json\/wp\/v2\/product\/1521","targetHints":{"allow":["GET"]}}],"collection":[{"href":"https:\/\/www.cosmepak.com\/vi\/wp-json\/wp\/v2\/product"}],"about":[{"href":"https:\/\/www.cosmepak.com\/vi\/wp-json\/wp\/v2\/types\/product"}],"replies":[{"embeddable":true,"href":"https:\/\/www.cosmepak.com\/vi\/wp-json\/wp\/v2\/comments?post=1521"}],"wp:featuredmedia":[{"embeddable":true,"href":"https:\/\/www.cosmepak.com\/vi\/wp-json\/wp\/v2\/media\/1523"}],"wp:attachment":[{"href":"https:\/\/www.cosmepak.com\/vi\/wp-json\/wp\/v2\/media?parent=1521"}],"wp:term":[{"taxonomy":"product_brand","embeddable":true,"href":"https:\/\/www.cosmepak.com\/vi\/wp-json\/wp\/v2\/product_brand?post=1521"},{"taxonomy":"product_cat","embeddable":true,"href":"https:\/\/www.cosmepak.com\/vi\/wp-json\/wp\/v2\/product_cat?post=1521"},{"taxonomy":"product_tag","embeddable":true,"href":"https:\/\/www.cosmepak.com\/vi\/wp-json\/wp\/v2\/product_tag?post=1521"}],"curies":[{"name":"WP","href":"https:\/\/api.w.org\/{rel}","templated":true}]}}