{"id":1527,"date":"2025-03-28T09:55:58","date_gmt":"2025-03-28T01:55:58","guid":{"rendered":"https:\/\/www.cosmepak.com\/?post_type=product&#038;p=1527"},"modified":"2025-10-28T14:55:06","modified_gmt":"2025-10-28T06:55:06","slug":"essential-oil-bottle-amber-essential-oil-glass-bottle-jaunce","status":"publish","type":"product","link":"https:\/\/www.cosmepak.com\/vi\/product\/essential-oil-bottle-amber-essential-oil-glass-bottle-jaunce\/","title":{"rendered":"Chai tinh d\u1ea7u-Chai th\u1ee7y tinh d\u1ea7u Amber \/ Jaunce"},"content":{"rendered":"<table style=\"border-collapse: collapse; width: 100%; height: 242px;\">\n<tbody>\n<tr style=\"height: 24px;\">\n<td style=\"width: 51.0414%; height: 24px; text-align: center;\">Th\u01b0\u01a1ng hi\u1ec7u<\/td>\n<td style=\"width: 48.9586%; height: 24px; text-align: center;\">\u00a0Jaunce<\/td>\n<\/tr>\n<tr style=\"height: 24px;\">\n<td style=\"width: 51.0414%; height: 24px; text-align: center;\">Dung t\u00edch<\/td>\n<td style=\"width: 48.9586%; height: 24px; text-align: center;\">10ml, 15ml, 20ml, 30ml, 50ml<\/td>\n<\/tr>\n<tr style=\"height: 24px;\">\n<td style=\"width: 51.0414%; height: 24px; text-align: center;\">H\u00ecnh d\u1ea1ng<\/td>\n<td style=\"width: 48.9586%; height: 24px; text-align: center;\">Tr\u00f2n<\/td>\n<\/tr>\n<tr style=\"height: 24px;\">\n<td style=\"width: 51.0414%; height: 26px; text-align: center;\">C\u00e2n n\u1eb7ng<\/td>\n<td style=\"width: 48.9586%; height: 26px; text-align: center;\">39g \/ 45g \/ 48g \/ 58g \/ 72g<\/td>\n<\/tr>\n<tr style=\"height: 24px;\">\n<td style=\"width: 51.0414%; height: 24px; text-align: center;\">Ph\u00f9 h\u1ee3p<\/td>\n<td style=\"width: 48.9586%; height: 24px; text-align: center;\">Thu\u1ed1c nh\u1ecf gi\u1ecdt<\/td>\n<\/tr>\n<tr style=\"height: 24px;\">\n<td style=\"width: 51.0414%; height: 24px; text-align: center;\">Ng\u01b0\u1eddi m\u1eabu<\/td>\n<td style=\"width: 48.9586%; height: 24px; text-align: center;\">H\u1ec7 th\u1ed1ng JH-LWM03<\/td>\n<\/tr>\n<tr style=\"height: 24px;\">\n<td style=\"width: 51.0414%; height: 24px; text-align: center;\">S\u1ea3n ph\u1ea9m OEM \/ ODM<\/td>\n<td style=\"width: 48.9586%; height: 24px; text-align: center;\">Ch\u1ea5p nh\u1eadn<\/td>\n<\/tr>\n<tr style=\"height: 24px;\">\n<td style=\"width: 51.0414%; height: 24px; text-align: center;\">M\u00e0u s\u1eafc<\/td>\n<td style=\"width: 48.9586%; height: 24px; text-align: center;\">T\u00f9y ch\u1ec9nh<\/td>\n<\/tr>\n<tr style=\"height: 24px;\">\n<td style=\"width: 51.0414%; height: 24px; text-align: center;\">MOQ<\/td>\n<td style=\"width: 48.9586%; height: 24px; text-align: center;\">Chung 5000pcs;<\/td>\n<\/tr>\n<\/tbody>\n<\/table>\n<p><img fetchpriority=\"high\" decoding=\"async\" class=\"size-full wp-image-3201 aligncenter\" src=\"https:\/\/www.cosmepak.com\/wp-content\/uploads\/2025\/03\/10-5.jpg\" alt=\"\" width=\"1000\" height=\"1173\" srcset=\"https:\/\/www.cosmepak.com\/wp-content\/uploads\/2025\/03\/10-5.jpg 1000w, https:\/\/www.cosmepak.com\/wp-content\/uploads\/2025\/03\/10-5-256x300.jpg 256w, https:\/\/www.cosmepak.com\/wp-content\/uploads\/2025\/03\/10-5-873x1024.jpg 873w, https:\/\/www.cosmepak.com\/wp-content\/uploads\/2025\/03\/10-5-768x901.jpg 768w, https:\/\/www.cosmepak.com\/wp-content\/uploads\/2025\/03\/10-5-10x12.jpg 10w, https:\/\/www.cosmepak.com\/wp-content\/uploads\/2025\/03\/10-5-600x704.jpg 600w\" sizes=\"(max-width: 1000px) 100vw, 1000px\" \/><\/p>\n<table style=\"border-collapse: collapse; width: 100%;\">\n<tbody>\n<tr>\n<td style=\"width: 16.6667%; text-align: center;\"><strong>Dung t\u00edch<\/strong><\/td>\n<td style=\"width: 16.6667%; text-align: center;\"><strong>T\u1ed5ng chi\u1ec1u cao<\/strong><\/td>\n<td style=\"width: 16.6667%; text-align: center;\"><strong>Chai chi\u1ec1u cao<\/strong><\/td>\n<td style=\"width: 16.6667%; text-align: center;\"><strong>Chi\u1ec1u cao c\u00f3 th\u1ec3 in<\/strong><\/td>\n<td style=\"width: 16.6667%; text-align: center;\"><strong>Dia<\/strong><\/td>\n<td style=\"width: 16.6667%; text-align: center;\"><strong>C\u00e2n n\u1eb7ng<\/strong><\/td>\n<\/tr>\n<tr>\n<td style=\"width: 16.6667%; text-align: center;\">10ml<\/td>\n<td style=\"width: 16.6667%; text-align: center;\">86 mm<\/td>\n<td style=\"width: 16.6667%; text-align: center;\">58mm<\/td>\n<td style=\"width: 16.6667%; text-align: center;\">31mm<\/td>\n<td style=\"width: 16.6667%; text-align: center;\">24.5mm<\/td>\n<td style=\"width: 16.6667%; text-align: center;\">27g<\/td>\n<\/tr>\n<tr>\n<td style=\"width: 16.6667%; text-align: center;\">15ml<\/td>\n<td style=\"width: 16.6667%; text-align: center;\">95mm<\/td>\n<td style=\"width: 16.6667%; text-align: center;\">65mm<\/td>\n<td style=\"width: 16.6667%; text-align: center;\">36mm<\/td>\n<td style=\"width: 16.6667%; text-align: center;\">28.5mm<\/td>\n<td style=\"width: 16.6667%; text-align: center;\">31g<\/td>\n<\/tr>\n<tr>\n<td style=\"width: 16.6667%; text-align: center;\">20ml<\/td>\n<td style=\"width: 16.6667%; text-align: center;\">102mm<\/td>\n<td style=\"width: 16.6667%; text-align: center;\">71mm<\/td>\n<td style=\"width: 16.6667%; text-align: center;\">42mm<\/td>\n<td style=\"width: 16.6667%; text-align: center;\">29mm<\/td>\n<td style=\"width: 16.6667%; text-align: center;\">35g<\/td>\n<\/tr>\n<tr>\n<td style=\"width: 16.6667%; text-align: center;\">30ml<\/td>\n<td style=\"width: 16.6667%; text-align: center;\">110mm<\/td>\n<td style=\"width: 16.6667%; text-align: center;\">78mm<\/td>\n<td style=\"width: 16.6667%; text-align: center;\">50mm<\/td>\n<td style=\"width: 16.6667%; text-align: center;\">33mm<\/td>\n<td style=\"width: 16.6667%; text-align: center;\">44g<\/td>\n<\/tr>\n<tr>\n<td style=\"width: 16.6667%; text-align: center;\">50ml<\/td>\n<td style=\"width: 16.6667%; text-align: center;\">121mm<\/td>\n<td style=\"width: 16.6667%; text-align: center;\">92mm<\/td>\n<td style=\"width: 16.6667%; text-align: center;\">60mm<\/td>\n<td style=\"width: 16.6667%; text-align: center;\">37mm<\/td>\n<td style=\"width: 16.6667%; text-align: center;\">59g<\/td>\n<\/tr>\n<\/tbody>\n<\/table>\n<table style=\"border-collapse: collapse; width: 100%;\">\n<tbody>\n<tr>\n<td style=\"width: 20%; text-align: center;\"><strong>M\u1ee5c<\/strong><\/td>\n<td style=\"width: 20%; text-align: center;\"><strong>QTY<\/strong><\/td>\n<td style=\"width: 20%; text-align: center;\"><strong>K\u00edch th\u01b0\u1edbc g\u00f3i<\/strong><\/td>\n<td style=\"width: 20%; text-align: center;\"><strong>T\u00e2y B\u1eafc<\/strong><\/td>\n<td style=\"width: 20%; text-align: center;\"><strong>GW<\/strong><\/td>\n<\/tr>\n<tr>\n<td style=\"width: 20%; text-align: center;\">10ml<\/td>\n<td style=\"width: 20%; text-align: center;\">768pcs<\/td>\n<td style=\"width: 20%; text-align: center;\">42*27*24<\/td>\n<td style=\"width: 20%; text-align: center;\">30kg<\/td>\n<td style=\"width: 20%; text-align: center;\">32kg<\/td>\n<\/tr>\n<tr>\n<td style=\"width: 20%; text-align: center;\">15ml<\/td>\n<td style=\"width: 20%; text-align: center;\">468pcs<\/td>\n<td style=\"width: 20%; text-align: center;\">40*31*21<\/td>\n<td style=\"width: 20%; text-align: center;\">21.1kg<\/td>\n<td style=\"width: 20%; text-align: center;\">23.1kg<\/td>\n<\/tr>\n<tr>\n<td style=\"width: 20%; text-align: center;\">20ml<\/td>\n<td style=\"width: 20%; text-align: center;\">468pcs<\/td>\n<td style=\"width: 20%; text-align: center;\">40*31*23<\/td>\n<td style=\"width: 20%; text-align: center;\">22.5kg<\/td>\n<td style=\"width: 20%; text-align: center;\">24.5kg<\/td>\n<\/tr>\n<tr>\n<td style=\"width: 20%; text-align: center;\">30ml<\/td>\n<td style=\"width: 20%; text-align: center;\">330pcs<\/td>\n<td style=\"width: 20%; text-align: center;\">40*30*25<\/td>\n<td style=\"width: 20%; text-align: center;\">19.1kg<\/td>\n<td style=\"width: 20%; text-align: center;\">21.1kg<\/td>\n<\/tr>\n<tr>\n<td style=\"width: 20%; text-align: center;\">50ml<\/td>\n<td style=\"width: 20%; text-align: center;\">264pcs<\/td>\n<td style=\"width: 20%; text-align: center;\">44*28*29<\/td>\n<td style=\"width: 20%; text-align: center;\">19 kg<\/td>\n<td style=\"width: 20%; text-align: center;\">21kg<\/td>\n<\/tr>\n<\/tbody>\n<\/table>\n<p>Q1: Metaterial t\u1ed1t nh\u1ea5t cho sk\u0628\u0648\u0635\u0629care packa\u062c\u0631\u0627\u0645ing l\u00e0 g\u00ec?<\/p>\n<p>A: Th\u1ee7y tinh l\u00e0 \u062c\u0631\u0627\u0645reat cho ch\u0103m s\u00f3c cao c\u1ea5p. N\u00f3 tr\u00f4ng \u0111\u1eb9p v\u00e0 b\u1ea3o v\u1ec7 t\u1ed1t. Nh\u1ef1a l\u00e0 awesometrie cho c\u00e1c s\u1ea3n ph\u1ea9m th\u00e2n thi\u1ec7n v\u1edbi ng\u00e2n s\u00e1ch. N\u00f3 linh ho\u1ea1t v\u00e0 m\u1ea1nh m\u1ebd.<\/p>\n<p>Q2: T\u00f4i c\u00f3 th\u1ec3 thi\u1ebft k\u1ebf packa\u062c\u0631\u0627\u0645\u0628\u0648\u0635\u0629 c\u1ee7a ri\u00eang t\u00f4i kh\u00f4ng?<\/p>\n<p>A: V\u00e2ng! Jaunce cung c\u1ea5p custometrization \u0111\u1ea7y \u0111\u1ee7. T\u1eeb nh\u00e3n \u0111\u1ebfn h\u00ecnh d\u1ea1ng v\u00e0 m\u00e0u s\u1eafc, ch\u00fang t\u00f4i \u0111\u1ea3m b\u1ea3o packa\u062c\u0631\u0627\u0645\u0628\u0648\u0635\u0629g c\u1ee7a b\u1ea1n ph\u00f9 h\u1ee3p v\u1edbi th\u01b0\u01a1ng hi\u1ec7u c\u1ee7a b\u1ea1n.<\/p>\n<p>Q3: L\u00e0m th\u1ebf n\u00e0o t\u00f4i c\u00f3 th\u1ec3 \u0111\u00f3ng g\u00f3i th\u00e2n thi\u1ec7n v\u1edbi m\u00f4i tr\u01b0\u1eddng h\u01a1n?<\/p>\n<p>A: S\u1eed d\u1ee5ng c\u00e1c v\u1eadt li\u1ec7u t\u00e1i ch\u1ebf ho\u1eb7c sinh h\u1ecdc nh\u01b0 th\u1ee7y tinh ho\u1eb7c nh\u1ef1a PCR. Jaunce cung c\u1ea5p c\u00e1c l\u1ef1a ch\u1ecdn xanh \u0111\u1ec3 gi\u1ea3m thi\u1ec7t h\u1ea1i cho h\u00e0nh tinh.<\/p>\n<table style=\"border-collapse: collapse; width: 100%;\">\n<tbody>\n<tr>\n<td style=\"width: 33.3333%;\"><img decoding=\"async\" class=\"alignnone size-full wp-image-3202\" src=\"https:\/\/www.cosmepak.com\/wp-content\/uploads\/2025\/03\/1-11.jpg\" alt=\"\" width=\"1000\" height=\"1000\" srcset=\"https:\/\/www.cosmepak.com\/wp-content\/uploads\/2025\/03\/1-11.jpg 1000w, https:\/\/www.cosmepak.com\/wp-content\/uploads\/2025\/03\/1-11-300x300.jpg 300w, https:\/\/www.cosmepak.com\/wp-content\/uploads\/2025\/03\/1-11-150x150.jpg 150w, https:\/\/www.cosmepak.com\/wp-content\/uploads\/2025\/03\/1-11-768x768.jpg 768w, https:\/\/www.cosmepak.com\/wp-content\/uploads\/2025\/03\/1-11-12x12.jpg 12w, https:\/\/www.cosmepak.com\/wp-content\/uploads\/2025\/03\/1-11-600x600.jpg 600w, https:\/\/www.cosmepak.com\/wp-content\/uploads\/2025\/03\/1-11-100x100.jpg 100w\" sizes=\"(max-width: 1000px) 100vw, 1000px\" \/><\/td>\n<td style=\"width: 33.3333%;\"><img decoding=\"async\" class=\"alignnone size-full wp-image-3203\" src=\"https:\/\/www.cosmepak.com\/wp-content\/uploads\/2025\/03\/2-3.jpg\" alt=\"\" width=\"1000\" height=\"1000\" srcset=\"https:\/\/www.cosmepak.com\/wp-content\/uploads\/2025\/03\/2-3.jpg 1000w, https:\/\/www.cosmepak.com\/wp-content\/uploads\/2025\/03\/2-3-300x300.jpg 300w, https:\/\/www.cosmepak.com\/wp-content\/uploads\/2025\/03\/2-3-150x150.jpg 150w, https:\/\/www.cosmepak.com\/wp-content\/uploads\/2025\/03\/2-3-768x768.jpg 768w, https:\/\/www.cosmepak.com\/wp-content\/uploads\/2025\/03\/2-3-12x12.jpg 12w, https:\/\/www.cosmepak.com\/wp-content\/uploads\/2025\/03\/2-3-600x600.jpg 600w, https:\/\/www.cosmepak.com\/wp-content\/uploads\/2025\/03\/2-3-100x100.jpg 100w\" sizes=\"(max-width: 1000px) 100vw, 1000px\" \/><\/td>\n<td style=\"width: 33.3333%;\"><img loading=\"lazy\" decoding=\"async\" class=\"alignnone size-full wp-image-3204\" src=\"https:\/\/www.cosmepak.com\/wp-content\/uploads\/2025\/03\/3-5.jpg\" alt=\"\" width=\"1000\" height=\"1000\" srcset=\"https:\/\/www.cosmepak.com\/wp-content\/uploads\/2025\/03\/3-5.jpg 1000w, https:\/\/www.cosmepak.com\/wp-content\/uploads\/2025\/03\/3-5-300x300.jpg 300w, https:\/\/www.cosmepak.com\/wp-content\/uploads\/2025\/03\/3-5-150x150.jpg 150w, https:\/\/www.cosmepak.com\/wp-content\/uploads\/2025\/03\/3-5-768x768.jpg 768w, https:\/\/www.cosmepak.com\/wp-content\/uploads\/2025\/03\/3-5-12x12.jpg 12w, https:\/\/www.cosmepak.com\/wp-content\/uploads\/2025\/03\/3-5-600x600.jpg 600w, https:\/\/www.cosmepak.com\/wp-content\/uploads\/2025\/03\/3-5-100x100.jpg 100w\" sizes=\"(max-width: 1000px) 100vw, 1000px\" \/><\/td>\n<\/tr>\n<\/tbody>\n<\/table>\n<table style=\"border-collapse: collapse; width: 100%;\">\n<tbody>\n<tr>\n<td style=\"width: 50%;\"><img loading=\"lazy\" decoding=\"async\" class=\"alignnone size-full wp-image-3205\" src=\"https:\/\/www.cosmepak.com\/wp-content\/uploads\/2025\/03\/7-5.jpg\" alt=\"\" width=\"1000\" height=\"1000\" srcset=\"https:\/\/www.cosmepak.com\/wp-content\/uploads\/2025\/03\/7-5.jpg 1000w, https:\/\/www.cosmepak.com\/wp-content\/uploads\/2025\/03\/7-5-300x300.jpg 300w, https:\/\/www.cosmepak.com\/wp-content\/uploads\/2025\/03\/7-5-150x150.jpg 150w, https:\/\/www.cosmepak.com\/wp-content\/uploads\/2025\/03\/7-5-768x768.jpg 768w, https:\/\/www.cosmepak.com\/wp-content\/uploads\/2025\/03\/7-5-12x12.jpg 12w, https:\/\/www.cosmepak.com\/wp-content\/uploads\/2025\/03\/7-5-600x600.jpg 600w, https:\/\/www.cosmepak.com\/wp-content\/uploads\/2025\/03\/7-5-100x100.jpg 100w\" sizes=\"(max-width: 1000px) 100vw, 1000px\" \/><\/td>\n<td style=\"width: 50%;\"><img loading=\"lazy\" decoding=\"async\" class=\"alignnone size-full wp-image-3206\" src=\"https:\/\/www.cosmepak.com\/wp-content\/uploads\/2025\/03\/8-4.jpg\" alt=\"\" width=\"1000\" height=\"1000\" srcset=\"https:\/\/www.cosmepak.com\/wp-content\/uploads\/2025\/03\/8-4.jpg 1000w, https:\/\/www.cosmepak.com\/wp-content\/uploads\/2025\/03\/8-4-300x300.jpg 300w, https:\/\/www.cosmepak.com\/wp-content\/uploads\/2025\/03\/8-4-150x150.jpg 150w, https:\/\/www.cosmepak.com\/wp-content\/uploads\/2025\/03\/8-4-768x768.jpg 768w, https:\/\/www.cosmepak.com\/wp-content\/uploads\/2025\/03\/8-4-12x12.jpg 12w, https:\/\/www.cosmepak.com\/wp-content\/uploads\/2025\/03\/8-4-600x600.jpg 600w, https:\/\/www.cosmepak.com\/wp-content\/uploads\/2025\/03\/8-4-100x100.jpg 100w\" sizes=\"(max-width: 1000px) 100vw, 1000px\" \/><\/td>\n<\/tr>\n<\/tbody>\n<\/table>","protected":false},"excerpt":{"rendered":"<p>M\u00f4 h\u00ecnh: JH-LWM03<\/p>\n<p>Ch\u1ea5t li\u1ec7u : Chai th\u1ee7y tinh PP nh\u00f4m b\u01a1m<\/p>\n<p>C\u00f4ng su\u1ea5t: 10ml, 15ml, 20ml, 30ml, 50ml<\/p>\n<p>\u0110\u1ea7u ra ch\u1ea5t l\u1ecfng: 0,1-0,15ml \/ t<\/p>\n<p>M\u00e0u s\u1eafc: Ch\u1ea5p nh\u1eadn t\u00f9y ch\u1ec9nh (b\u1ea5t k\u1ef3 m\u00e0u pantone n\u00e0o c\u00f3 s\u1eb5n)<\/p>\n<p>\u1ee8ng d\u1ee5ng: Chai n\u01b0\u1edbc hoa ph\u1ee5c v\u1ee5 c\u1ea3 m\u1ee5c \u0111\u00edch ch\u1ee9c n\u0103ng v\u00e0 th\u1ea9m m\u1ef9 trong ng\u00e0nh c\u00f4ng nghi\u1ec7p n\u01b0\u1edbc hoa. \u1ee8ng d\u1ee5ng ch\u00ednh Inculde: l\u01b0u tr\u1eef v\u00e0 b\u1ea3o qu\u1ea3n n\u01b0\u1edbc hoa;<\/p>\n<p>K\u1ebft th\u00fac b\u1ec1 m\u1eb7t: In m\u00e0n h\u00ecnh, d\u1eadp n\u00f3ng, d\u1ed1c phun, k\u1ebft th\u00fac m\u1edd, d\u00e1n nh\u00e3n vv<\/p>\n<p>MOQ: 5000pcs<\/p>\n<p>M\u1eabu: c\u00f3 s\u1eb5n m\u1eabu mi\u1ec5n ph\u00ed<\/p>\n<p>&nbsp;<\/p>\n<p>&nbsp;<\/p>","protected":false},"featured_media":3207,"comment_status":"closed","ping_status":"closed","template":"","meta":{"_acf_changed":false},"product_brand":[],"product_cat":[15,58],"product_tag":[40],"class_list":{"0":"post-1527","1":"product","2":"type-product","3":"status-publish","4":"has-post-thumbnail","6":"product_cat-essential-oil-bottle","7":"product_cat-glass-essential-oil-bottle","8":"product_tag-essential-oil-bottle","10":"first","11":"outofstock","12":"shipping-taxable","13":"product-type-simple"},"acf":[],"_links":{"self":[{"href":"https:\/\/www.cosmepak.com\/vi\/wp-json\/wp\/v2\/product\/1527","targetHints":{"allow":["GET"]}}],"collection":[{"href":"https:\/\/www.cosmepak.com\/vi\/wp-json\/wp\/v2\/product"}],"about":[{"href":"https:\/\/www.cosmepak.com\/vi\/wp-json\/wp\/v2\/types\/product"}],"replies":[{"embeddable":true,"href":"https:\/\/www.cosmepak.com\/vi\/wp-json\/wp\/v2\/comments?post=1527"}],"wp:featuredmedia":[{"embeddable":true,"href":"https:\/\/www.cosmepak.com\/vi\/wp-json\/wp\/v2\/media\/3207"}],"wp:attachment":[{"href":"https:\/\/www.cosmepak.com\/vi\/wp-json\/wp\/v2\/media?parent=1527"}],"wp:term":[{"taxonomy":"product_brand","embeddable":true,"href":"https:\/\/www.cosmepak.com\/vi\/wp-json\/wp\/v2\/product_brand?post=1527"},{"taxonomy":"product_cat","embeddable":true,"href":"https:\/\/www.cosmepak.com\/vi\/wp-json\/wp\/v2\/product_cat?post=1527"},{"taxonomy":"product_tag","embeddable":true,"href":"https:\/\/www.cosmepak.com\/vi\/wp-json\/wp\/v2\/product_tag?post=1527"}],"curies":[{"name":"WP","href":"https:\/\/api.w.org\/{rel}","templated":true}]}}