{"id":1541,"date":"2025-03-28T11:15:14","date_gmt":"2025-03-28T03:15:14","guid":{"rendered":"https:\/\/www.cosmepak.com\/?post_type=product&#038;p=1541"},"modified":"2025-09-04T13:36:39","modified_gmt":"2025-09-04T05:36:39","slug":"chai-nhua-oem-odm-voi-nap-vit-vang","status":"publish","type":"product","link":"https:\/\/www.cosmepak.com\/vi\/product\/oem-odm-plastic-bottle-with-screw-cap-jaunce\/","title":{"rendered":"Chai nh\u1ef1a OEM \/ ODM v\u1edbi n\u1eafp v\u00edt \/ Jaunce"},"content":{"rendered":"<table style=\"border-collapse: collapse; width: 100%; height: 168px;\">\n<tbody>\n<tr style=\"height: 24px;\">\n<td style=\"width: 33.3333%; height: 168px;\" rowspan=\"7\"><img fetchpriority=\"high\" decoding=\"async\" class=\"alignnone size-full wp-image-1540\" src=\"https:\/\/www.cosmepak.com\/wp-content\/uploads\/2025\/03\/3-1.jpg\" alt=\"Chai nh\u1ef1a 30ml\" width=\"1000\" height=\"1000\" srcset=\"https:\/\/www.cosmepak.com\/wp-content\/uploads\/2025\/03\/3-1.jpg 1000w, https:\/\/www.cosmepak.com\/wp-content\/uploads\/2025\/03\/3-1-300x300.jpg 300w, https:\/\/www.cosmepak.com\/wp-content\/uploads\/2025\/03\/3-1-150x150.jpg 150w, https:\/\/www.cosmepak.com\/wp-content\/uploads\/2025\/03\/3-1-768x768.jpg 768w, https:\/\/www.cosmepak.com\/wp-content\/uploads\/2025\/03\/3-1-600x600.jpg 600w, https:\/\/www.cosmepak.com\/wp-content\/uploads\/2025\/03\/3-1-100x100.jpg 100w\" sizes=\"(max-width: 1000px) 100vw, 1000px\" \/><\/td>\n<td style=\"width: 13.6311%; height: 24px;\">Th\u01b0\u01a1ng hi\u1ec7u<\/td>\n<td style=\"width: 53.0355%; height: 24px;\">Jaunce<\/td>\n<\/tr>\n<tr style=\"height: 24px;\">\n<td style=\"width: 13.6311%; height: 24px;\">Ng\u01b0\u1eddi m\u1eabu<\/td>\n<td style=\"width: 53.0355%; height: 24px;\">JH-LWSM01<\/td>\n<\/tr>\n<tr style=\"height: 24px;\">\n<td style=\"width: 13.6311%; height: 24px;\">Kh\u1ea3 n\u0103ng<\/td>\n<td style=\"width: 53.0355%; height: 24px;\">30ml<\/td>\n<\/tr>\n<tr style=\"height: 24px;\">\n<td style=\"width: 13.6311%; height: 24px;\">C\u00e2n n\u1eb7ng<\/td>\n<td style=\"width: 53.0355%; height: 24px;\">9g<\/td>\n<\/tr>\n<tr style=\"height: 24px;\">\n<td style=\"width: 13.6311%; height: 24px;\">M\u00e0u s\u1eafc<\/td>\n<td style=\"width: 53.0355%; height: 24px;\">t\u00f9y ch\u1ec9nh<\/td>\n<\/tr>\n<tr style=\"height: 24px;\">\n<td style=\"width: 13.6311%; height: 24px;\">V\u1eadt li\u1ec7u<\/td>\n<td style=\"width: 53.0355%; height: 24px;\">PET \/ PP<\/td>\n<\/tr>\n<tr style=\"height: 24px;\">\n<td style=\"width: 13.6311%; height: 24px;\">K\u00edch c\u1ee1<\/td>\n<td style=\"width: 53.0355%; height: 24px;\">27*79mm<\/td>\n<\/tr>\n<\/tbody>\n<\/table>\n<p>Chai vai tr\u00f2n 30ml v\u1edbi n\u1eafp v\u00edt, c\u00f4ng su\u1ea5t Samll d\u1ec5 mang theo, ch\u1ea5p nh\u1eadn m\u00e0u s\u1eafc t\u00f9y ch\u1ec9nh.<\/p>\n<p><img decoding=\"async\" class=\"alignnone wp-image-1537\" src=\"https:\/\/www.cosmepak.com\/wp-content\/uploads\/2025\/03\/11-1.jpg\" alt=\"chai nh\u1ef1a\" width=\"1388\" height=\"1388\" srcset=\"https:\/\/www.cosmepak.com\/wp-content\/uploads\/2025\/03\/11-1.jpg 1000w, https:\/\/www.cosmepak.com\/wp-content\/uploads\/2025\/03\/11-1-300x300.jpg 300w, https:\/\/www.cosmepak.com\/wp-content\/uploads\/2025\/03\/11-1-150x150.jpg 150w, https:\/\/www.cosmepak.com\/wp-content\/uploads\/2025\/03\/11-1-768x768.jpg 768w, https:\/\/www.cosmepak.com\/wp-content\/uploads\/2025\/03\/11-1-600x600.jpg 600w, https:\/\/www.cosmepak.com\/wp-content\/uploads\/2025\/03\/11-1-100x100.jpg 100w\" sizes=\"(max-width: 1388px) 100vw, 1388px\" \/><img decoding=\"async\" class=\"alignnone wp-image-1538\" src=\"https:\/\/www.cosmepak.com\/wp-content\/uploads\/2025\/03\/10-1.jpg\" alt=\"Chai nh\u1ef1a 30ml\" width=\"680\" height=\"680\" srcset=\"https:\/\/www.cosmepak.com\/wp-content\/uploads\/2025\/03\/10-1.jpg 1000w, https:\/\/www.cosmepak.com\/wp-content\/uploads\/2025\/03\/10-1-300x300.jpg 300w, https:\/\/www.cosmepak.com\/wp-content\/uploads\/2025\/03\/10-1-150x150.jpg 150w, https:\/\/www.cosmepak.com\/wp-content\/uploads\/2025\/03\/10-1-768x768.jpg 768w, https:\/\/www.cosmepak.com\/wp-content\/uploads\/2025\/03\/10-1-600x600.jpg 600w, https:\/\/www.cosmepak.com\/wp-content\/uploads\/2025\/03\/10-1-100x100.jpg 100w\" sizes=\"(max-width: 680px) 100vw, 680px\" \/> <img loading=\"lazy\" decoding=\"async\" class=\"alignnone wp-image-1539\" src=\"https:\/\/www.cosmepak.com\/wp-content\/uploads\/2025\/03\/9-1.jpg\" alt=\"\" width=\"679\" height=\"679\" srcset=\"https:\/\/www.cosmepak.com\/wp-content\/uploads\/2025\/03\/9-1.jpg 1000w, https:\/\/www.cosmepak.com\/wp-content\/uploads\/2025\/03\/9-1-300x300.jpg 300w, https:\/\/www.cosmepak.com\/wp-content\/uploads\/2025\/03\/9-1-150x150.jpg 150w, https:\/\/www.cosmepak.com\/wp-content\/uploads\/2025\/03\/9-1-768x768.jpg 768w, https:\/\/www.cosmepak.com\/wp-content\/uploads\/2025\/03\/9-1-600x600.jpg 600w, https:\/\/www.cosmepak.com\/wp-content\/uploads\/2025\/03\/9-1-100x100.jpg 100w\" sizes=\"(max-width: 679px) 100vw, 679px\" \/><\/p>\n<p><img loading=\"lazy\" decoding=\"async\" class=\"alignnone wp-image-1542\" src=\"https:\/\/www.cosmepak.com\/wp-content\/uploads\/2025\/03\/6-1.jpg\" alt=\"chai nh\u1ef1a\" width=\"1388\" height=\"1388\" srcset=\"https:\/\/www.cosmepak.com\/wp-content\/uploads\/2025\/03\/6-1.jpg 1000w, https:\/\/www.cosmepak.com\/wp-content\/uploads\/2025\/03\/6-1-300x300.jpg 300w, https:\/\/www.cosmepak.com\/wp-content\/uploads\/2025\/03\/6-1-150x150.jpg 150w, https:\/\/www.cosmepak.com\/wp-content\/uploads\/2025\/03\/6-1-768x768.jpg 768w, https:\/\/www.cosmepak.com\/wp-content\/uploads\/2025\/03\/6-1-600x600.jpg 600w, https:\/\/www.cosmepak.com\/wp-content\/uploads\/2025\/03\/6-1-100x100.jpg 100w\" sizes=\"(max-width: 1388px) 100vw, 1388px\" \/><\/p>\n<h2 id=\"30ml-round-shoulder-bottle-with-screw-cap\" class=\"ai-center-markdown-h2\" data-spm-anchor-id=\"0.8443394.0.i7.613d3e5fM1b7Mc\">Chai vai tr\u00f2n 30ml v\u1edbi n\u1eafp v\u00edt<\/h2>\n<h3 id=\"introduction\" class=\"ai-center-markdown-h3\">Gi\u1edbi thi\u1ec7u<\/h3>\n<p class=\"ai-center-markdown-p\">Khi n\u00f3i \u0111\u1ebfn c\u00e1c gi\u1ea3i ph\u00e1p \u0111\u00f3ng g\u00f3i, chai vai tr\u00f2n 30ml v\u1edbi n\u1eafp v\u00edt n\u1ed5i b\u1eadt nh\u01b0 m\u1ed9t l\u1ef1a ch\u1ecdn l\u00fd t\u01b0\u1edfng. Chai c\u00f4ng su\u1ea5t nh\u1ecf n\u00e0y kh\u00f4ng ch\u1ec9 d\u1ec5 mang m\u00e0 c\u00f2n cung c\u1ea5p m\u1ed9t lo\u1ea1t c\u00e1c t\u00f9y ch\u1ecdn t\u00f9y ch\u1ec9nh \u0111\u1ec3 \u0111\u00e1p \u1ee9ng nhu c\u1ea7u kh\u00e1c nhau.<\/p>\n<h3 id=\"compact-and-portable\" class=\"ai-center-markdown-h3\">Compact v\u00e0 di \u0111\u1ed9ng<\/h3>\n<p class=\"ai-center-markdown-p\">C\u00f4ng su\u1ea5t 30ml l\u00e0m cho chai n\u00e0y ho\u00e0n h\u1ea3o cho vi\u1ec7c s\u1eed d\u1ee5ng tr\u00ean \u0111\u01b0\u1eddng \u0111i. Cho d\u00f9 b\u1ea1n&#8217; du l\u1ecbch l\u1ea1i, \u0111i ph\u00f2ng t\u1eadp th\u1ec3 d\u1ee5c, ho\u1eb7c \u0111\u01a1n gi\u1ea3n l\u00e0 c\u1ea7n m\u1ed9t container nh\u1ecf g\u1ecdn cho v\u1eadt d\u1ee5ng c\u1ea7n thi\u1ebft h\u00e0ng ng\u00e0y c\u1ee7a b\u1ea1n, chai n\u00e0y ph\u00f9 h\u1ee3p v\u1edbi h\u00f3a \u0111\u01a1n. K\u00edch th\u01b0\u1edbc nh\u1ecf c\u1ee7a n\u00f3 \u0111\u1ea3m b\u1ea3o r\u1eb1ng n\u00f3 c\u00f3 th\u1ec3 d\u1ec5 d\u00e0ng tr\u01b0\u1ee3t v\u00e0o t\u00fai, v\u00ed ho\u1eb7c b\u1ed9 d\u1ee5ng c\u1ee5 du l\u1ecbch m\u00e0 kh\u00f4ng chi\u1ebfm nhi\u1ec1u kh\u00f4ng gian.<\/p>\n<h3 id=\"secure-and-convenient\" class=\"ai-center-markdown-h3\">An to\u00e0n v\u00e0 thu\u1eadn ti\u1ec7n<\/h3>\n<p class=\"ai-center-markdown-p\">Thi\u1ebft k\u1ebf n\u1eafp v\u00edt cung c\u1ea5p m\u1ed9t \u0111\u00f3ng an to\u00e0n, ng\u0103n ch\u1eb7n r\u00f2 r\u1ec9 v\u00e0 r\u00f2 r\u1ec9. T\u00ednh n\u0103ng n\u00e0y \u0111\u1eb7c bi\u1ec7t quan tr\u1ecdng \u0111\u1ed1i v\u1edbi c\u00e1c ch\u1ea5t l\u1ecfng nh\u01b0 kem lotion, huy\u1ebft thanh ho\u1eb7c tinh d\u1ea7u. N\u1eafp v\u00edt \u0111\u1ea3m b\u1ea3o r\u1eb1ng n\u1ed9i dung v\u1eabn an to\u00e0n b\u00ean trong, cho b\u1ea1n y\u00ean t\u00e2m cho d\u00f9 b\u1ea1n&#8217; \u1edf nh\u00e0 ho\u1eb7c di chuy\u1ec3n.<\/p>\n<h3 id=\"customizable-colors\" class=\"ai-center-markdown-h3\">M\u00e0u s\u1eafc t\u00f9y ch\u1ec9nh<\/h3>\n<p class=\"ai-center-markdown-p\">M\u1ed9t trong nh\u1eefng t\u00ednh n\u0103ng n\u1ed5i b\u1eadt c\u1ee7a chai n\u00e0y l\u00e0 c\u00e1c t\u00f9y ch\u1ecdn m\u00e0u s\u1eafc t\u00f9y ch\u1ec9nh c\u1ee7a n\u00f3. C\u00e1c doanh nghi\u1ec7p v\u00e0 c\u00e1 nh\u00e2n \u0111\u1ec1u c\u00f3 th\u1ec3 l\u1ef1a ch\u1ecdn t\u1eeb nhi\u1ec1u m\u00e0u s\u1eafc \u0111\u1ec3 ph\u00f9 h\u1ee3p v\u1edbi th\u01b0\u01a1ng hi\u1ec7u ho\u1eb7c s\u1edf th\u00edch c\u00e1 nh\u00e2n c\u1ee7a h\u1ecd. T\u00f9y ch\u1ec9nh n\u00e0y kh\u00f4ng ch\u1ec9 t\u0103ng c\u01b0\u1eddng s\u1ef1 h\u1ea5p d\u1eabn th\u1ea9m m\u1ef9 c\u1ee7a chai m\u00e0 c\u00f2n gi\u00fap c\u00f4ng nh\u1eadn v\u00e0 ph\u00e2n bi\u1ec7t th\u01b0\u01a1ng hi\u1ec7u.<\/p>\n<h3 id=\"versatile-uses\" class=\"ai-center-markdown-h3\">S\u1eed d\u1ee5ng \u0111a n\u0103ng<\/h3>\n<p class=\"ai-center-markdown-p\">Chai vai tr\u00f2n 30ml l\u00e0 linh ho\u1ea1t v\u00e0 c\u00f3 th\u1ec3 \u0111\u01b0\u1ee3c s\u1eed d\u1ee5ng cho m\u1ed9t lo\u1ea1t c\u00e1c s\u1ea3n ph\u1ea9m. T\u1eeb m\u1ef9 ph\u1ea9m v\u00e0 c\u00e1c s\u1ea3n ph\u1ea9m ch\u0103m s\u00f3c c\u00e1 nh\u00e2n \u0111\u1ebfn d\u01b0\u1ee3c ph\u1ea9m v\u00e0 s\u1ea3n ph\u1ea9m th\u1ef1c ph\u1ea9m, chai n\u00e0y ph\u00f9 h\u1ee3p v\u1edbi m\u1ed9t lo\u1ea1t c\u00e1c \u1ee9ng d\u1ee5ng. S\u1ef1 linh ho\u1ea1t c\u1ee7a n\u00f3 l\u00e0m cho n\u00f3 tr\u1edf th\u00e0nh m\u1ed9t b\u1ed5 sung c\u00f3 gi\u00e1 tr\u1ecb cho b\u1ea5t k\u1ef3 d\u00f2ng s\u1ea3n ph\u1ea9m n\u00e0o.<\/p>\n<h3 id=\"conclusion\" class=\"ai-center-markdown-h3\">K\u1ebft lu\u1eadn<\/h3>\n<p class=\"ai-center-markdown-p\">T\u00f3m l\u1ea1i, chai vai tr\u00f2n 30ml v\u1edbi n\u1eafp v\u00edt l\u00e0 m\u1ed9t gi\u1ea3i ph\u00e1p \u0111\u00f3ng g\u00f3i th\u1ef1c t\u1ebf, an to\u00e0n v\u00e0 t\u00f9y ch\u1ec9nh. K\u00edch th\u01b0\u1edbc nh\u1ecf g\u1ecdn c\u1ee7a n\u00f3 l\u00e0m cho n\u00f3 r\u1ea5t di \u0111\u1ed9ng, trong khi n\u1eafp v\u00edt \u0111\u1ea3m b\u1ea3o n\u1ed9i dung \u0111\u01b0\u1ee3c ni\u00eam phong an to\u00e0n. T\u00f9y ch\u1ecdn t\u00f9y ch\u1ec9nh m\u00e0u s\u1eafc th\u00eam m\u1ed9t l\u1edbp c\u00e1 nh\u00e2n h\u00f3a b\u1ed5 sung, l\u00e0m cho chai n\u00e0y tr\u1edf th\u00e0nh m\u1ed9t l\u1ef1a ch\u1ecdn tuy\u1ec7t v\u1eddi cho c\u00e1c \u1ee9ng d\u1ee5ng kh\u00e1c nhau. Cho d\u00f9 cho s\u1eed d\u1ee5ng c\u00e1 nh\u00e2n ho\u1eb7c nhu c\u1ea7u kinh doanh, chai n\u00e0y cung c\u1ea5p c\u1ea3 ch\u1ee9c n\u0103ng v\u00e0 phong c\u00e1ch.<\/p>\n<p><img loading=\"lazy\" decoding=\"async\" class=\"alignnone size-full wp-image-1347\" src=\"https:\/\/www.cosmepak.com\/wp-content\/uploads\/2024\/12\/\u9996\u987519202_03.jpg\" alt=\"nh\u00e0 m\u00e1y hi\u1ec3n th\u1ecb\" width=\"1920\" height=\"885\" srcset=\"https:\/\/www.cosmepak.com\/wp-content\/uploads\/2024\/12\/\u9996\u987519202_03.jpg 1920w, https:\/\/www.cosmepak.com\/wp-content\/uploads\/2024\/12\/\u9996\u987519202_03-300x138.jpg 300w, https:\/\/www.cosmepak.com\/wp-content\/uploads\/2024\/12\/\u9996\u987519202_03-1024x472.jpg 1024w, https:\/\/www.cosmepak.com\/wp-content\/uploads\/2024\/12\/\u9996\u987519202_03-768x354.jpg 768w, https:\/\/www.cosmepak.com\/wp-content\/uploads\/2024\/12\/\u9996\u987519202_03-1536x708.jpg 1536w, https:\/\/www.cosmepak.com\/wp-content\/uploads\/2024\/12\/\u9996\u987519202_03-600x277.jpg 600w\" sizes=\"(max-width: 1920px) 100vw, 1920px\" \/><\/p>\n<p><img loading=\"lazy\" decoding=\"async\" class=\"alignnone size-full wp-image-1348\" src=\"https:\/\/www.cosmepak.com\/wp-content\/uploads\/2024\/12\/\u9996\u987519202_04.jpg\" alt=\"\" width=\"1920\" height=\"694\" srcset=\"https:\/\/www.cosmepak.com\/wp-content\/uploads\/2024\/12\/\u9996\u987519202_04.jpg 1920w, https:\/\/www.cosmepak.com\/wp-content\/uploads\/2024\/12\/\u9996\u987519202_04-300x108.jpg 300w, https:\/\/www.cosmepak.com\/wp-content\/uploads\/2024\/12\/\u9996\u987519202_04-1024x370.jpg 1024w, https:\/\/www.cosmepak.com\/wp-content\/uploads\/2024\/12\/\u9996\u987519202_04-768x278.jpg 768w, https:\/\/www.cosmepak.com\/wp-content\/uploads\/2024\/12\/\u9996\u987519202_04-1536x555.jpg 1536w, https:\/\/www.cosmepak.com\/wp-content\/uploads\/2024\/12\/\u9996\u987519202_04-600x217.jpg 600w\" sizes=\"(max-width: 1920px) 100vw, 1920px\" \/><img loading=\"lazy\" decoding=\"async\" class=\"alignnone size-full wp-image-1350\" src=\"https:\/\/www.cosmepak.com\/wp-content\/uploads\/2024\/12\/\u9996\u987519202_05-1.jpg\" alt=\"\" width=\"1920\" height=\"970\" srcset=\"https:\/\/www.cosmepak.com\/wp-content\/uploads\/2024\/12\/\u9996\u987519202_05-1.jpg 1920w, https:\/\/www.cosmepak.com\/wp-content\/uploads\/2024\/12\/\u9996\u987519202_05-1-300x152.jpg 300w, https:\/\/www.cosmepak.com\/wp-content\/uploads\/2024\/12\/\u9996\u987519202_05-1-1024x517.jpg 1024w, https:\/\/www.cosmepak.com\/wp-content\/uploads\/2024\/12\/\u9996\u987519202_05-1-768x388.jpg 768w, https:\/\/www.cosmepak.com\/wp-content\/uploads\/2024\/12\/\u9996\u987519202_05-1-1536x776.jpg 1536w, https:\/\/www.cosmepak.com\/wp-content\/uploads\/2024\/12\/\u9996\u987519202_05-1-600x303.jpg 600w\" sizes=\"(max-width: 1920px) 100vw, 1920px\" \/><img loading=\"lazy\" decoding=\"async\" class=\"alignnone wp-image-1351\" src=\"https:\/\/www.cosmepak.com\/wp-content\/uploads\/2024\/12\/\u7269\u6d41\u8fd0\u8f93\u753b\u9762-2.jpg\" alt=\"\" width=\"1385\" height=\"1039\" srcset=\"https:\/\/www.cosmepak.com\/wp-content\/uploads\/2024\/12\/\u7269\u6d41\u8fd0\u8f93\u753b\u9762-2.jpg 800w, https:\/\/www.cosmepak.com\/wp-content\/uploads\/2024\/12\/\u7269\u6d41\u8fd0\u8f93\u753b\u9762-2-300x225.jpg 300w, https:\/\/www.cosmepak.com\/wp-content\/uploads\/2024\/12\/\u7269\u6d41\u8fd0\u8f93\u753b\u9762-2-768x576.jpg 768w, https:\/\/www.cosmepak.com\/wp-content\/uploads\/2024\/12\/\u7269\u6d41\u8fd0\u8f93\u753b\u9762-2-600x450.jpg 600w\" sizes=\"(max-width: 1385px) 100vw, 1385px\" \/><\/p>\n<table style=\"border-collapse: collapse; width: 100%;\">\n<tbody>\n<tr>\n<td style=\"width: 33.3333%; text-align: center;\"><strong>Th\u1ec3 hi\u1ec7n<\/strong><\/td>\n<td style=\"width: 33.3333%; text-align: center;\"><strong>V\u1eadn chuy\u1ec3n h\u00e0ng kh\u00f4ng<\/strong><\/td>\n<td style=\"width: 33.3333%; text-align: center;\"><strong>V\u1eadn chuy\u1ec3n bi\u1ec3n<\/strong><\/td>\n<\/tr>\n<tr>\n<td style=\"width: 33.3333%; text-align: center;\">Europ 4-6 ng\u00e0y<\/p>\n<p>B\u1eafc M\u1ef9 4-6 ng\u00e0y<\/p>\n<p>\u0110\u00f4ng Nam \u00c1 3-5 ng\u00e0y<\/p>\n<p>Trung \u0110\u00f4ng 4-6 ng\u00e0y<\/p>\n<p>Nam Phi 5-8 ng\u00e0y<\/td>\n<td style=\"width: 33.3333%; text-align: center;\">Europ 4-6 ng\u00e0y<\/p>\n<p>B\u1eafc M\u1ef9 4-6 ng\u00e0y<\/p>\n<p>\u0110\u00f4ng Nam \u00c1 3-5 ng\u00e0y<\/p>\n<p>Trung \u0110\u00f4ng 4-6 ng\u00e0y<\/p>\n<p>Nam Phi 5-8 ng\u00e0y<\/td>\n<td style=\"width: 33.3333%; text-align: center;\">Europ 25-35 ng\u00e0y<\/p>\n<p>B\u1eafc M\u1ef9 25-35 ng\u00e0y<\/p>\n<p>\u0110\u00f4ng Nam \u00c1 25-35 ng\u00e0y<\/p>\n<p>Trung \u0110\u00f4ng 25-35 ng\u00e0y<\/p>\n<p>Nam Phi 25-35 ng\u00e0y<\/td>\n<\/tr>\n<\/tbody>\n<\/table>\n<h3 id=\"faq\" class=\"ai-center-markdown-h3\" data-spm-anchor-id=\"0.8443394.0.i8.613d3e5fM1b7Mc\">C\u00e2u h\u1ecfi th\u01b0\u1eddng g\u1eb7p:<\/h3>\n<h4 id=\"1-why-should-you-buy-from-us-instead-of-other-suppliers\" class=\"ai-center-markdown-h4\">1. T\u1ea1i sao b\u1ea1n n\u00ean mua t\u1eeb ch\u00fang t\u00f4i thay v\u00ec c\u00e1c nh\u00e0 cung c\u1ea5p kh\u00e1c?<\/h4>\n<ul class=\"ai-center-markdown-ul\">\n<li class=\"ai-center-markdown-li\"><strong class=\"ai-center-markdown-strong\">Thi\u1ebft k\u1ebf t\u00f9y ch\u1ec9nh trong 3 ph\u00fat<\/strong>: Nh\u1eadn thi\u1ebft k\u1ebf c\u1ee7a b\u1ea1n ph\u00f9 h\u1ee3p nhanh ch\u00f3ng.<\/li>\n<li class=\"ai-center-markdown-li\"><strong class=\"ai-center-markdown-strong\">D\u1ecbch v\u1ee5 tr\u1ef1c tuy\u1ebfn 24\/7<\/strong>Ch\u00fang t\u00f4i lu\u00f4n s\u1eb5n s\u00e0ng h\u1ed7 tr\u1ee3 b\u1ea1n.<\/li>\n<li class=\"ai-center-markdown-li\"><strong class=\"ai-center-markdown-strong\">Chuy\u1ec3n \u0111\u1ed5i m\u1eabu nhanh<\/strong>: M\u1eabu c\u1ed5 phi\u1ebfu s\u1eb5n s\u00e0ng trong 7 ng\u00e0y; m\u1eabu in t\u00f9y ch\u1ec9nh trong 15 ng\u00e0y.<\/li>\n<li class=\"ai-center-markdown-li\"><strong class=\"ai-center-markdown-strong\">Th\u1eddi gian d\u1eabn hi\u1ec7u qu\u1ea3<\/strong>\u0110\u01a1n h\u00e0ng ho\u00e0n th\u00e0nh trong v\u00f2ng 35 ng\u00e0y.<\/li>\n<li class=\"ai-center-markdown-li\"><strong class=\"ai-center-markdown-strong\">Th\u1ee9 k\u1ef7 chuy\u00ean m\u00f4n<\/strong>H\u01a1n 10 n\u0103m kinh nghi\u1ec7m trong \u0111\u00f3ng g\u00f3i m\u1ef9 ph\u1ea9m.<\/li>\n<li class=\"ai-center-markdown-li\"><strong class=\"ai-center-markdown-strong\">Gi\u00e1 tr\u1ef1c ti\u1ebfp nh\u00e0 m\u00e1y<\/strong>: Gi\u00e1 v\u00e0 d\u1ecbch v\u1ee5 t\u1ed1t nh\u1ea5t tr\u1ef1c ti\u1ebfp t\u1eeb nh\u00e0 m\u00e1y.<\/li>\n<li class=\"ai-center-markdown-li\"><strong class=\"ai-center-markdown-strong\">Gi\u1ea3i ph\u00e1p One-Stop<\/strong>: D\u1ecbch v\u1ee5 to\u00e0n di\u1ec7n cho t\u1ea5t c\u1ea3 nhu c\u1ea7u \u0111\u00f3ng g\u00f3i m\u1ef9 ph\u1ea9m c\u1ee7a b\u1ea1n.<\/li>\n<\/ul>\n<h4 id=\"2-who-are-we\" class=\"ai-center-markdown-h4\">2. Ch\u00fang t\u00f4i l\u00e0 ai?<\/h4>\n<p class=\"ai-center-markdown-p\">Ch\u00fang t\u00f4i c\u00f3 tr\u1ee5 s\u1edf t\u1ea1i Zhejiang, Trung Qu\u1ed1c, v\u00e0 \u0111\u00e3 ho\u1ea1t \u0111\u1ed9ng t\u1eeb n\u0103m 2014. C\u00e1c th\u1ecb tr\u01b0\u1eddng ch\u00ednh c\u1ee7a ch\u00fang t\u00f4i bao g\u1ed3m:<\/p>\n<ul class=\"ai-center-markdown-ul\">\n<li class=\"ai-center-markdown-li\">Th\u1ecb tr\u01b0\u1eddng n\u1ed9i \u0111\u1ecba (70,00%)<\/li>\n<li class=\"ai-center-markdown-li\">Ch\u00e2u \u0110\u1ea1i D\u01b0\u01a1ng (8.00%)<\/li>\n<li class=\"ai-center-markdown-li\">Trung \u0110\u00f4ng (7.00%)<\/li>\n<li class=\"ai-center-markdown-li\">\u0110\u00f4ng \u00c1 (2.00%)<\/li>\n<li class=\"ai-center-markdown-li\">B\u1eafc M\u1ef9 (2.00%)<\/li>\n<li class=\"ai-center-markdown-li\">T\u00e2y \u00c2u (2.00%)<\/li>\n<li class=\"ai-center-markdown-li\">\u0110\u00f4ng Nam \u00c1 (2,00%)<\/li>\n<li class=\"ai-center-markdown-li\">Nam \u00c1 (1.00%)<\/li>\n<li class=\"ai-center-markdown-li\">Nam M\u1ef9 (1.00%)<\/li>\n<li class=\"ai-center-markdown-li\">Ch\u00e2u \u00c2u (1,00%)<\/li>\n<li class=\"ai-center-markdown-li\">Trung M\u1ef9 (1.00%)<\/li>\n<li class=\"ai-center-markdown-li\">B\u1eafc \u00c2u (1,00%)<\/li>\n<li class=\"ai-center-markdown-li\">Ch\u00e2u Phi (1.00%)<\/li>\n<li class=\"ai-center-markdown-li\">\u0110\u00f4ng \u00c2u (1.00%)<\/li>\n<\/ul>\n<h4 id=\"3-how-can-we-guarantee-quality\" class=\"ai-center-markdown-h4\">3. L\u00e0m th\u1ebf n\u00e0o ch\u00fang t\u00f4i c\u00f3 th\u1ec3 \u0111\u1ea3m b\u1ea3o ch\u1ea5t l\u01b0\u1ee3ng?<\/h4>\n<ul class=\"ai-center-markdown-ul\">\n<li class=\"ai-center-markdown-li\"><strong class=\"ai-center-markdown-strong\">M\u1eabu tr\u01b0\u1edbc s\u1ea3n xu\u1ea5t<\/strong>: Lu\u00f4n \u0111\u01b0\u1ee3c cung c\u1ea5p tr\u01b0\u1edbc khi s\u1ea3n xu\u1ea5t h\u00e0ng lo\u1ea1t.<\/li>\n<li class=\"ai-center-markdown-li\"><strong class=\"ai-center-markdown-strong\">Ki\u1ec3m tra cu\u1ed1i c\u00f9ng<\/strong>: Ki\u1ec3m tra k\u1ef9 l\u01b0\u1ee1ng \u0111\u01b0\u1ee3c th\u1ef1c hi\u1ec7n tr\u01b0\u1edbc khi v\u1eadn chuy\u1ec3n.<\/li>\n<\/ul>\n<h4 id=\"4-what-can-you-buy-from-us\" class=\"ai-center-markdown-h4\">4. B\u1ea1n c\u00f3 th\u1ec3 mua g\u00ec t\u1eeb ch\u00fang t\u00f4i?<\/h4>\n<p class=\"ai-center-markdown-p\">Ch\u00fang t\u00f4i cung c\u1ea5p m\u1ed9t lo\u1ea1t c\u00e1c v\u1eadt li\u1ec7u \u0111\u00f3ng g\u00f3i m\u1ef9 ph\u1ea9m bao g\u1ed3m:<\/p>\n<ul class=\"ai-center-markdown-ul\">\n<li class=\"ai-center-markdown-li\">Chai th\u1ee7y tinh<\/li>\n<li class=\"ai-center-markdown-li\">Chai nh\u1ef1a \/ l\u1ecd \/ \u1ed1ng<\/li>\n<li class=\"ai-center-markdown-li\">Chai nh\u00f4m \/ l\u1ecd \/ \u1ed1ng<\/li>\n<\/ul>\n<h4 id=\"5-what-services-can-we-provide\" class=\"ai-center-markdown-h4\">5. Ch\u00fang t\u00f4i c\u00f3 th\u1ec3 cung c\u1ea5p d\u1ecbch v\u1ee5 g\u00ec?<\/h4>\n<ul class=\"ai-center-markdown-ul\">\n<li class=\"ai-center-markdown-li\"><strong class=\"ai-center-markdown-strong\">\u0110i\u1ec1u kho\u1ea3n giao h\u00e0ng \u0111\u01b0\u1ee3c ch\u1ea5p nh\u1eadn<\/strong>S\u1ea3n ph\u1ea9m: FOB, CFR, CIF<\/li>\n<li class=\"ai-center-markdown-li\"><strong class=\"ai-center-markdown-strong\">Ti\u1ec1n t\u1ec7 thanh to\u00e1n \u0111\u01b0\u1ee3c ch\u1ea5p nh\u1eadn<\/strong>\u0110\u1ed3ng USD, EUR, HKD, CNY<\/li>\n<li class=\"ai-center-markdown-li\"><strong class=\"ai-center-markdown-strong\">Lo\u1ea1i thanh to\u00e1n \u0111\u01b0\u1ee3c ch\u1ea5p nh\u1eadn<\/strong>S\u1ed1 l\u01b0\u1ee3ng: T \/ T, L \/ C, D \/ P, D \/ A<\/li>\n<li class=\"ai-center-markdown-li\"><strong class=\"ai-center-markdown-strong\">Ng\u00f4n ng\u1eef n\u00f3i<\/strong>Ti\u1ebfng Anh, Trung Qu\u1ed1c<\/li>\n<\/ul>","protected":false},"excerpt":{"rendered":"<p>V\u1eadt li\u1ec7u chai: th\u00fa c\u01b0ng<\/p>\n<p>V\u1eadt li\u1ec7u gi\u1edbi h\u1ea1n: PP<\/p>\n<p>Dung l\u01b0\u1ee3ng: 30ml<\/p>\n<p>M\u0169: M\u0169 tr\u1ee5c v\u00edt \/ ren ch\u1ed1ng tr\u01b0\u1ee3t<\/p>\n<p>M\u00e0u s\u1eafc: T\u00f9y ch\u1ec9nh (b\u1ea5t k\u1ef3 m\u00e0u pantone n\u00e0o c\u00f3 s\u1eb5n)<\/p>\n<p>B\u1ec1 m\u1eb7t ho\u00e0n thi\u1ec7n: In m\u00e0n h\u00ecnh, s\u01b0\u01a1ng gi\u00e1, d\u1eadp n\u00f3ng, gradient phun, k\u1ebft th\u00fac m\u1edd, v.v.<\/p>\n<p>MOQ: 5000pcs;<\/p>\n<p>&nbsp;<\/p>","protected":false},"featured_media":1543,"comment_status":"closed","ping_status":"closed","template":"","meta":{"_acf_changed":false},"product_brand":[],"product_cat":[18,51],"product_tag":[41],"class_list":{"0":"post-1541","1":"product","2":"type-product","3":"status-publish","4":"has-post-thumbnail","6":"product_cat-plastic-bottle","7":"product_cat-remover-bottle","8":"product_tag-plastic-bottle","10":"first","11":"outofstock","12":"shipping-taxable","13":"product-type-simple"},"acf":[],"_links":{"self":[{"href":"https:\/\/www.cosmepak.com\/vi\/wp-json\/wp\/v2\/product\/1541","targetHints":{"allow":["GET"]}}],"collection":[{"href":"https:\/\/www.cosmepak.com\/vi\/wp-json\/wp\/v2\/product"}],"about":[{"href":"https:\/\/www.cosmepak.com\/vi\/wp-json\/wp\/v2\/types\/product"}],"replies":[{"embeddable":true,"href":"https:\/\/www.cosmepak.com\/vi\/wp-json\/wp\/v2\/comments?post=1541"}],"wp:featuredmedia":[{"embeddable":true,"href":"https:\/\/www.cosmepak.com\/vi\/wp-json\/wp\/v2\/media\/1543"}],"wp:attachment":[{"href":"https:\/\/www.cosmepak.com\/vi\/wp-json\/wp\/v2\/media?parent=1541"}],"wp:term":[{"taxonomy":"product_brand","embeddable":true,"href":"https:\/\/www.cosmepak.com\/vi\/wp-json\/wp\/v2\/product_brand?post=1541"},{"taxonomy":"product_cat","embeddable":true,"href":"https:\/\/www.cosmepak.com\/vi\/wp-json\/wp\/v2\/product_cat?post=1541"},{"taxonomy":"product_tag","embeddable":true,"href":"https:\/\/www.cosmepak.com\/vi\/wp-json\/wp\/v2\/product_tag?post=1541"}],"curies":[{"name":"WP","href":"https:\/\/api.w.org\/{rel}","templated":true}]}}