{"id":1544,"date":"2025-03-28T11:51:02","date_gmt":"2025-03-28T03:51:02","guid":{"rendered":"https:\/\/www.cosmepak.com\/?post_type=product&#038;p=1544"},"modified":"2025-09-04T13:22:00","modified_gmt":"2025-09-04T05:22:00","slug":"chai-bom-nhua-jaunce","status":"publish","type":"product","link":"https:\/\/www.cosmepak.com\/vi\/product\/plastic-pump-bottle-jaunce\/","title":{"rendered":"Chai b\u01a1m nh\u1ef1a \/Jaunce"},"content":{"rendered":"<table style=\"border-collapse: collapse; width: 100%; height: 168px;\">\n<tbody>\n<tr style=\"height: 24px;\">\n<td style=\"width: 33.3333%; height: 168px;\" rowspan=\"7\"><img fetchpriority=\"high\" decoding=\"async\" class=\"alignnone size-full wp-image-1545\" src=\"https:\/\/www.cosmepak.com\/wp-content\/uploads\/2025\/03\/10895955599_624076099.jpg\" alt=\"chai nh\u1ef1a\" width=\"1000\" height=\"1000\" srcset=\"https:\/\/www.cosmepak.com\/wp-content\/uploads\/2025\/03\/10895955599_624076099.jpg 1000w, https:\/\/www.cosmepak.com\/wp-content\/uploads\/2025\/03\/10895955599_624076099-300x300.jpg 300w, https:\/\/www.cosmepak.com\/wp-content\/uploads\/2025\/03\/10895955599_624076099-150x150.jpg 150w, https:\/\/www.cosmepak.com\/wp-content\/uploads\/2025\/03\/10895955599_624076099-768x768.jpg 768w, https:\/\/www.cosmepak.com\/wp-content\/uploads\/2025\/03\/10895955599_624076099-600x600.jpg 600w, https:\/\/www.cosmepak.com\/wp-content\/uploads\/2025\/03\/10895955599_624076099-100x100.jpg 100w\" sizes=\"(max-width: 1000px) 100vw, 1000px\" \/><\/td>\n<td style=\"width: 29.2675%; height: 24px; text-align: center;\">Th\u01b0\u01a1ng hi\u1ec7u<\/td>\n<td style=\"width: 37.3991%; height: 24px; text-align: center;\">Jaunce<\/td>\n<\/tr>\n<tr style=\"height: 24px;\">\n<td style=\"width: 29.2675%; height: 24px; text-align: center;\">Ng\u01b0\u1eddi m\u1eabu<\/td>\n<td style=\"width: 37.3991%; height: 24px; text-align: center;\">JH-LWSM11<\/td>\n<\/tr>\n<tr style=\"height: 24px;\">\n<td style=\"width: 29.2675%; height: 24px; text-align: center;\">Kh\u1ea3 n\u0103ng<\/td>\n<td style=\"width: 37.3991%; height: 24px; text-align: center;\">50 \/ 100 \/ 150 \/ 200ml<\/td>\n<\/tr>\n<tr style=\"height: 24px;\">\n<td style=\"width: 29.2675%; height: 24px; text-align: center;\">C\u00e2n n\u1eb7ng<\/td>\n<td style=\"width: 37.3991%; height: 24px; text-align: center;\">14.8\/21.1\/26.1\/30.7g<\/td>\n<\/tr>\n<tr style=\"height: 24px;\">\n<td style=\"width: 29.2675%; height: 24px; text-align: center;\">M\u00e0u s\u1eafc<\/td>\n<td style=\"width: 37.3991%; height: 24px; text-align: center;\">t\u00f9y ch\u1ec9nh<\/td>\n<\/tr>\n<tr style=\"height: 24px;\">\n<td style=\"width: 29.2675%; height: 24px; text-align: center;\">V\u1eadt li\u1ec7u<\/td>\n<td style=\"width: 37.3991%; height: 24px; text-align: center;\">PET \/ PP<\/td>\n<\/tr>\n<tr style=\"height: 24px;\">\n<td style=\"width: 29.2675%; height: 24px; text-align: center;\">K\u00edch c\u1ee1<\/td>\n<td style=\"width: 37.3991%; height: 24px; text-align: center;\">27*79mm<\/td>\n<\/tr>\n<\/tbody>\n<\/table>\n<p>Chai vai tr\u00f2n v\u1edbi b\u01a1m phun, c\u00f4ng su\u1ea5t Samll d\u1ec5 d\u00e0ng mang theo, ch\u1ea5p nh\u1eadn m\u00e0u s\u1eafc t\u00f9y ch\u1ec9nh.<\/p>\n<p>Th\u00f4ng s\u1ed1 s\u1ea3n ph\u1ea9m<\/p>\n<table style=\"border-collapse: collapse; width: 100.361%;\">\n<tbody>\n<tr>\n<td style=\"width: 11.4318%; text-align: center;\">Dung t\u00edch<\/td>\n<td style=\"width: 12.5319%; text-align: center;\">T\u1ed5ng chi\u1ec1u cao<\/td>\n<td style=\"width: 14.3395%; text-align: center;\">Chai chi\u1ec1u cao<\/td>\n<td style=\"width: 12.856%; text-align: center;\">Chi\u1ec1u cao c\u00f3 th\u1ec3 in<\/td>\n<td style=\"width: 11.1575%; text-align: center;\">Dia<\/td>\n<td style=\"width: 14.1854%; text-align: center;\">Tr\u1ecdng l\u01b0\u1ee3ng chai Aingle<\/td>\n<td style=\"width: 12.2086%; text-align: center;\">G\u00f3i Qty<\/td>\n<td style=\"width: 18.4223%; text-align: center;\">Tr\u1ecdng l\u01b0\u1ee3ng g\u00f3i<\/td>\n<\/tr>\n<tr>\n<td style=\"width: 11.4318%; text-align: center;\">50ml<\/td>\n<td style=\"width: 12.5319%; text-align: center;\">96mm<\/td>\n<td style=\"width: 14.3395%; text-align: center;\">73mm<\/td>\n<td style=\"width: 12.856%; text-align: center;\">45mm<\/td>\n<td style=\"width: 11.1575%; text-align: center;\">42mm<\/td>\n<td style=\"width: 14.1854%; text-align: center;\">14.8g<\/td>\n<td style=\"width: 12.2086%; text-align: center;\">1000pcs<\/td>\n<td style=\"width: 18.4223%; text-align: center;\">11kg<\/td>\n<\/tr>\n<tr>\n<td style=\"width: 11.4318%; text-align: center;\">100ml<\/td>\n<td style=\"width: 12.5319%; text-align: center;\">115mm<\/td>\n<td style=\"width: 14.3395%; text-align: center;\">90mm<\/td>\n<td style=\"width: 12.856%; text-align: center;\">58mm<\/td>\n<td style=\"width: 11.1575%; text-align: center;\">46.5mm<\/td>\n<td style=\"width: 14.1854%; text-align: center;\">21.1g<\/td>\n<td style=\"width: 12.2086%; text-align: center;\">770pcs<\/td>\n<td style=\"width: 18.4223%; text-align: center;\">14.2kgs<\/td>\n<\/tr>\n<tr>\n<td style=\"width: 11.4318%; text-align: center;\">150ml<\/td>\n<td style=\"width: 12.5319%; text-align: center;\">129mm<\/td>\n<td style=\"width: 14.3395%; text-align: center;\">106mm<\/td>\n<td style=\"width: 12.856%; text-align: center;\">70mm<\/td>\n<td style=\"width: 11.1575%; text-align: center;\">52.5mm<\/td>\n<td style=\"width: 14.1854%; text-align: center;\">26.1g<\/td>\n<td style=\"width: 12.2086%; text-align: center;\">477pcs<\/td>\n<td style=\"width: 18.4223%; text-align: center;\">11.3kgs<\/td>\n<\/tr>\n<tr>\n<td style=\"width: 11.4318%; text-align: center;\">200ml<\/td>\n<td style=\"width: 12.5319%; text-align: center;\">153mm<\/td>\n<td style=\"width: 14.3395%; text-align: center;\">130mm<\/td>\n<td style=\"width: 12.856%; text-align: center;\">95mm<\/td>\n<td style=\"width: 11.1575%; text-align: center;\">53mm<\/td>\n<td style=\"width: 14.1854%; text-align: center;\">30.7g<\/td>\n<td style=\"width: 12.2086%; text-align: center;\">410pcs<\/td>\n<td style=\"width: 18.4223%; text-align: center;\">10.6kgs<\/td>\n<\/tr>\n<\/tbody>\n<\/table>\n<p><img decoding=\"async\" class=\"alignnone wp-image-1546\" src=\"https:\/\/www.cosmepak.com\/wp-content\/uploads\/2025\/03\/10895967086_624076099.jpg\" alt=\"chai nh\u1ef1a\" width=\"1392\" height=\"1392\" srcset=\"https:\/\/www.cosmepak.com\/wp-content\/uploads\/2025\/03\/10895967086_624076099.jpg 1000w, https:\/\/www.cosmepak.com\/wp-content\/uploads\/2025\/03\/10895967086_624076099-300x300.jpg 300w, https:\/\/www.cosmepak.com\/wp-content\/uploads\/2025\/03\/10895967086_624076099-150x150.jpg 150w, https:\/\/www.cosmepak.com\/wp-content\/uploads\/2025\/03\/10895967086_624076099-768x768.jpg 768w, https:\/\/www.cosmepak.com\/wp-content\/uploads\/2025\/03\/10895967086_624076099-600x600.jpg 600w, https:\/\/www.cosmepak.com\/wp-content\/uploads\/2025\/03\/10895967086_624076099-100x100.jpg 100w\" sizes=\"(max-width: 1392px) 100vw, 1392px\" \/> <img decoding=\"async\" class=\"alignnone wp-image-1547\" src=\"https:\/\/www.cosmepak.com\/wp-content\/uploads\/2025\/03\/10895973280_624076099.jpg\" alt=\"\" width=\"1379\" height=\"1842\" srcset=\"https:\/\/www.cosmepak.com\/wp-content\/uploads\/2025\/03\/10895973280_624076099.jpg 1000w, https:\/\/www.cosmepak.com\/wp-content\/uploads\/2025\/03\/10895973280_624076099-225x300.jpg 225w, https:\/\/www.cosmepak.com\/wp-content\/uploads\/2025\/03\/10895973280_624076099-766x1024.jpg 766w, https:\/\/www.cosmepak.com\/wp-content\/uploads\/2025\/03\/10895973280_624076099-768x1026.jpg 768w, https:\/\/www.cosmepak.com\/wp-content\/uploads\/2025\/03\/10895973280_624076099-600x802.jpg 600w\" sizes=\"(max-width: 1379px) 100vw, 1379px\" \/><\/p>\n<h3 id=\"versatile-50ml-200ml-dark-green-pet-plastic-spray-bottles\" class=\"ai-center-markdown-h3\" data-spm-anchor-id=\"0.8443394.0.i2.613d3e5fM1b7Mc\">Chai phun nh\u1ef1a PET m\u00e0u xanh l\u00e1 c\u00e2y t\u1ed1i 50ML-200ML \u0111a n\u0103ng<\/h3>\n<h4 id=\"introduction\" class=\"ai-center-markdown-h4\">Gi\u1edbi thi\u1ec7u<\/h4>\n<p class=\"ai-center-markdown-p\">Trong l\u0129nh v\u1ef1c gi\u1ea3i ph\u00e1p \u0111\u00f3ng g\u00f3i, chai phun nh\u1ef1a PET \u0111\u00e3 tr\u1edf n\u00ean kh\u00f4ng th\u1ec3 thi\u1ebfu do t\u00ednh linh ho\u1ea1t, b\u1ec1n v\u00e0 h\u1ea5p d\u1eabn th\u1ea9m m\u1ef9 c\u1ee7a ch\u00fang. Trong s\u1ed1 \u0111\u00f3, chai phun vai nghi\u00eang m\u00e0u xanh l\u00e1 c\u00e2y t\u1ed1i 50ML-200ML n\u1ed5i b\u1eadt v\u00ec thi\u1ebft k\u1ebf v\u00e0 ch\u1ee9c n\u0103ng \u0111\u1ed9c \u0111\u00e1o c\u1ee7a ch\u00fang. B\u00e0i vi\u1ebft n\u00e0y \u0111i s\u00e2u v\u00e0o c\u00e1c t\u00ednh n\u0103ng, l\u1ee3i \u00edch v\u00e0 \u1ee9ng d\u1ee5ng c\u1ee7a c\u00e1c chai phun n\u00e0y, nh\u1ea5n m\u1ea1nh l\u00fd do t\u1ea1i sao ch\u00fang l\u00e0 m\u1ed9t l\u1ef1a ch\u1ecdn \u01b0a th\u00edch trong c\u00e1c ng\u00e0nh c\u00f4ng nghi\u1ec7p kh\u00e1c nhau.<\/p>\n<h4 id=\"features\" class=\"ai-center-markdown-h4\">T\u00ednh n\u0103ng<\/h4>\n<ol class=\"ai-center-markdown-ol\" start=\"1\">\n<li class=\"ai-center-markdown-li\"><strong class=\"ai-center-markdown-strong\">V\u1eadt li\u1ec7u<\/strong>\u0110\u01b0\u1ee3c l\u00e0m t\u1eeb PET ch\u1ea5t l\u01b0\u1ee3ng cao (Polyethylene Terephthalate), c\u00e1c chai n\u00e0y \u0111\u01b0\u1ee3c bi\u1ebft \u0111\u1ebfn v\u1edbi s\u1ee9c m\u1ea1nh, b\u1ea3n ch\u1ea5t nh\u1eb9 v\u00e0 kh\u1ea3 n\u0103ng t\u00e1i ch\u1ebf.<\/li>\n<li class=\"ai-center-markdown-li\"><strong class=\"ai-center-markdown-strong\">Ph\u1ea1m vi c\u00f4ng su\u1ea5t<\/strong>C\u00f3 s\u1eb5n trong c\u00f4ng su\u1ea5t t\u1eeb 50ML \u0111\u1ebfn 200ML, ph\u1ee5c v\u1ee5 nhu c\u1ea7u \u0111a d\u1ea1ng.<\/li>\n<li class=\"ai-center-markdown-li\"><strong class=\"ai-center-markdown-strong\">Thi\u1ebft k\u1ebf<\/strong>Thi\u1ebft k\u1ebf vai nghi\u00eang kh\u00f4ng ch\u1ec9 th\u00eam m\u1ed9t h\u1ea5p d\u1eabn th\u1ea9m m\u1ef9 m\u00e0 c\u00f2n t\u0103ng c\u01b0\u1eddng \u0111\u1ed9 gi\u1eef v\u00e0 kh\u1ea3 n\u0103ng s\u1eed d\u1ee5ng.<\/li>\n<li class=\"ai-center-markdown-li\"><strong class=\"ai-center-markdown-strong\">M\u00e0u s\u1eafc<\/strong>M\u00e0u xanh l\u00e1 c\u00e2y t\u1ed1i cung c\u1ea5p m\u1ed9t c\u00e1i nh\u00ecn tinh vi trong khi b\u1ea3o v\u1ec7 n\u1ed9i dung kh\u1ecfi \u00e1nh s\u00e1ng UV, c\u00f3 th\u1ec3 l\u00e0m suy tho\u00e1i m\u1ed9t s\u1ed1 s\u1ea3n ph\u1ea9m.<\/li>\n<li class=\"ai-center-markdown-li\"><strong class=\"ai-center-markdown-strong\">C\u01a1 ch\u1ebf phun<\/strong>: \u0110\u01b0\u1ee3c trang b\u1ecb v\u00f2i phun \u0111\u00e1ng tin c\u1eady \u0111\u1ea3m b\u1ea3o s\u01b0\u01a1ng m\u00f9 m\u1ecbn, l\u00e0m cho n\u00f3 ph\u00f9 h\u1ee3p v\u1edbi c\u00e1c \u1ee9ng d\u1ee5ng kh\u00e1c nhau.<\/li>\n<\/ol>\n<h4 id=\"benefits\" class=\"ai-center-markdown-h4\">L\u1ee3i \u00edch<\/h4>\n<ol class=\"ai-center-markdown-ol\" start=\"1\">\n<li class=\"ai-center-markdown-li\"><strong class=\"ai-center-markdown-strong\">\u0110\u1ed9 b\u1ec1n<\/strong>: Nh\u1ef1a PET c\u00f3 kh\u1ea3 n\u0103ng ch\u1ed1ng t\u00e1c \u0111\u1ed9ng, \u0111\u1ea3m b\u1ea3o chai kh\u00f4ng d\u1ec5 d\u00e0ng ph\u00e1 v\u1ee1 ho\u1eb7c n\u1ee9t.<\/li>\n<li class=\"ai-center-markdown-li\"><strong class=\"ai-center-markdown-strong\">Th\u00e2n thi\u1ec7n v\u1edbi m\u00f4i tr\u01b0\u1eddng<\/strong>C\u00f3 th\u1ec3 t\u00e1i ch\u1ebf, c\u00e1c chai n\u00e0y g\u00f3p ph\u1ea7n v\u00e0o s\u1ef1 b\u1ec1n v\u1eefng m\u00f4i tr\u01b0\u1eddng.<\/li>\n<li class=\"ai-center-markdown-li\"><strong class=\"ai-center-markdown-strong\">S\u1ef1 linh ho\u1ea1t<\/strong>Th\u00edch h\u1ee3p cho m\u1ed9t lo\u1ea1t c\u00e1c s\u1ea3n ph\u1ea9m, t\u1eeb m\u1ef9 ph\u1ea9m v\u00e0 v\u1eadt ph\u1ea9m ch\u0103m s\u00f3c c\u00e1 nh\u00e2n \u0111\u1ebfn ch\u1ea5t l\u00e0m s\u1ea1ch gia \u0111\u00ecnh v\u00e0 gi\u1ea3i ph\u00e1p c\u00f4ng nghi\u1ec7p.<\/li>\n<li class=\"ai-center-markdown-li\"><strong class=\"ai-center-markdown-strong\">B\u1ea3o v\u1ec7<\/strong>M\u00e0u xanh l\u00e1 c\u00e2y t\u1ed1i cung c\u1ea5p b\u1ea3o v\u1ec7 ch\u1ed1ng l\u1ea1i tia c\u1ef1c t\u00edm, b\u1ea3o t\u1ed3n t\u00ednh to\u00e0n v\u1eb9n c\u1ee7a c\u00e1c s\u1ea3n ph\u1ea9m nh\u1ea1y c\u1ea3m \u00e1nh s\u00e1ng.<\/li>\n<li class=\"ai-center-markdown-li\"><strong class=\"ai-center-markdown-strong\">T\u00ednh di \u0111\u1ed9ng<\/strong>K\u00edch th\u01b0\u1edbc nh\u1ecf g\u1ecdn (50ML-200ML) l\u00e0m cho c\u00e1c chai n\u00e0y l\u00fd t\u01b0\u1edfng cho du l\u1ecbch v\u00e0 s\u1eed d\u1ee5ng di chuy\u1ec3n.<\/li>\n<\/ol>\n<h4 id=\"applications\" class=\"ai-center-markdown-h4\">\u1ee8ng d\u1ee5ng<\/h4>\n<ol class=\"ai-center-markdown-ol\" start=\"1\">\n<li class=\"ai-center-markdown-li\"><strong class=\"ai-center-markdown-strong\">M\u1ef9 ph\u1ea9m v\u00e0 ch\u0103m s\u00f3c c\u00e1 nh\u00e2n<\/strong>: L\u00fd t\u01b0\u1edfng cho n\u01b0\u1edbc hoa, s\u01b0\u01a1ng m\u00f9 m\u1eb7t, phun t\u00f3c v\u00e0 c\u00e1c s\u1ea3n ph\u1ea9m l\u00e0m \u0111\u1eb9p kh\u00e1c.<\/li>\n<li class=\"ai-center-markdown-li\"><strong class=\"ai-center-markdown-strong\">M\u00e1y d\u1ecdn d\u1eb9p gia \u0111\u00ecnh<\/strong>: Ho\u00e0n h\u1ea3o cho vi\u1ec7c l\u01b0u tr\u1eef v\u00e0 ph\u00e2n ph\u1ed1i gi\u1ea3i ph\u00e1p l\u00e0m s\u1ea1ch m\u1ed9t c\u00e1ch ki\u1ec3m so\u00e1t.<\/li>\n<li class=\"ai-center-markdown-li\"><strong class=\"ai-center-markdown-strong\">Ch\u0103m s\u00f3c s\u1ee9c kh\u1ecfe<\/strong>: Th\u00edch h\u1ee3p cho thu\u1ed1c kh\u1eed tr\u00f9ng, dung d\u1ecbch kh\u1eed tr\u00f9ng v\u00e0 phun y t\u1ebf kh\u00e1c.<\/li>\n<li class=\"ai-center-markdown-li\"><strong class=\"ai-center-markdown-strong\">S\u1eed d\u1ee5ng c\u00f4ng nghi\u1ec7p<\/strong>: C\u00f3 th\u1ec3 \u0111\u01b0\u1ee3c s\u1eed d\u1ee5ng cho c\u00e1c h\u00f3a ch\u1ea5t v\u00e0 gi\u1ea3i ph\u00e1p c\u00f4ng nghi\u1ec7p kh\u00e1c nhau \u0111\u00f2i h\u1ecfi \u1ee9ng d\u1ee5ng ch\u00ednh x\u00e1c.<\/li>\n<\/ol>\n<h4 id=\"conclusion\" class=\"ai-center-markdown-h4\">K\u1ebft lu\u1eadn<\/h4>\n<p class=\"ai-center-markdown-p\">Chai phun nh\u1ef1a PET nghi\u00eang m\u00e0u xanh l\u00e1 c\u00e2y t\u1ed1i 50ML-200ML cung c\u1ea5p m\u1ed9t s\u1ef1 pha tr\u1ed9n c\u1ee7a ch\u1ee9c n\u0103ng, \u0111\u1ed9 b\u1ec1n v\u00e0 h\u1ea5p d\u1eabn th\u1ea9m m\u1ef9. B\u1ea3n ch\u1ea5t linh ho\u1ea1t c\u1ee7a ch\u00fang l\u00e0m cho ch\u00fang ph\u00f9 h\u1ee3p v\u1edbi c\u00e1c ng\u00e0nh c\u00f4ng nghi\u1ec7p kh\u00e1c nhau, \u0111\u1ea3m b\u1ea3o s\u1ea3n ph\u1ea9m \u0111\u01b0\u1ee3c l\u01b0u tr\u1eef an to\u00e0n v\u00e0 ph\u00e2n ph\u1ed1i hi\u1ec7u qu\u1ea3. B\u1eb1ng c\u00e1ch l\u1ef1a ch\u1ecdn c\u00e1c chai phun n\u00e0y, c\u00e1c doanh nghi\u1ec7p kh\u00f4ng ch\u1ec9 n\u00e2ng cao tr\u00ecnh b\u00e0y s\u1ea3n ph\u1ea9m c\u1ee7a h\u1ecd m\u00e0 c\u00f2n g\u00f3p ph\u1ea7n v\u00e0o c\u00e1c gi\u1ea3i ph\u00e1p \u0111\u00f3ng g\u00f3i b\u1ec1n v\u1eefng.<\/p>\n<p>&nbsp;<\/p>\n<p><img loading=\"lazy\" decoding=\"async\" class=\"alignnone size-full wp-image-1347\" src=\"https:\/\/www.cosmepak.com\/wp-content\/uploads\/2024\/12\/\u9996\u987519202_03.jpg\" alt=\"nh\u00e0 m\u00e1y hi\u1ec3n th\u1ecb\" width=\"1920\" height=\"885\" srcset=\"https:\/\/www.cosmepak.com\/wp-content\/uploads\/2024\/12\/\u9996\u987519202_03.jpg 1920w, https:\/\/www.cosmepak.com\/wp-content\/uploads\/2024\/12\/\u9996\u987519202_03-300x138.jpg 300w, https:\/\/www.cosmepak.com\/wp-content\/uploads\/2024\/12\/\u9996\u987519202_03-1024x472.jpg 1024w, https:\/\/www.cosmepak.com\/wp-content\/uploads\/2024\/12\/\u9996\u987519202_03-768x354.jpg 768w, https:\/\/www.cosmepak.com\/wp-content\/uploads\/2024\/12\/\u9996\u987519202_03-1536x708.jpg 1536w, https:\/\/www.cosmepak.com\/wp-content\/uploads\/2024\/12\/\u9996\u987519202_03-600x277.jpg 600w\" sizes=\"(max-width: 1920px) 100vw, 1920px\" \/><\/p>\n<p><img loading=\"lazy\" decoding=\"async\" class=\"alignnone size-full wp-image-1348\" src=\"https:\/\/www.cosmepak.com\/wp-content\/uploads\/2024\/12\/\u9996\u987519202_04.jpg\" alt=\"\" width=\"1920\" height=\"694\" srcset=\"https:\/\/www.cosmepak.com\/wp-content\/uploads\/2024\/12\/\u9996\u987519202_04.jpg 1920w, https:\/\/www.cosmepak.com\/wp-content\/uploads\/2024\/12\/\u9996\u987519202_04-300x108.jpg 300w, https:\/\/www.cosmepak.com\/wp-content\/uploads\/2024\/12\/\u9996\u987519202_04-1024x370.jpg 1024w, https:\/\/www.cosmepak.com\/wp-content\/uploads\/2024\/12\/\u9996\u987519202_04-768x278.jpg 768w, https:\/\/www.cosmepak.com\/wp-content\/uploads\/2024\/12\/\u9996\u987519202_04-1536x555.jpg 1536w, https:\/\/www.cosmepak.com\/wp-content\/uploads\/2024\/12\/\u9996\u987519202_04-600x217.jpg 600w\" sizes=\"(max-width: 1920px) 100vw, 1920px\" \/><img loading=\"lazy\" decoding=\"async\" class=\"alignnone size-full wp-image-1350\" src=\"https:\/\/www.cosmepak.com\/wp-content\/uploads\/2024\/12\/\u9996\u987519202_05-1.jpg\" alt=\"\" width=\"1920\" height=\"970\" srcset=\"https:\/\/www.cosmepak.com\/wp-content\/uploads\/2024\/12\/\u9996\u987519202_05-1.jpg 1920w, https:\/\/www.cosmepak.com\/wp-content\/uploads\/2024\/12\/\u9996\u987519202_05-1-300x152.jpg 300w, https:\/\/www.cosmepak.com\/wp-content\/uploads\/2024\/12\/\u9996\u987519202_05-1-1024x517.jpg 1024w, https:\/\/www.cosmepak.com\/wp-content\/uploads\/2024\/12\/\u9996\u987519202_05-1-768x388.jpg 768w, https:\/\/www.cosmepak.com\/wp-content\/uploads\/2024\/12\/\u9996\u987519202_05-1-1536x776.jpg 1536w, https:\/\/www.cosmepak.com\/wp-content\/uploads\/2024\/12\/\u9996\u987519202_05-1-600x303.jpg 600w\" sizes=\"(max-width: 1920px) 100vw, 1920px\" \/><img loading=\"lazy\" decoding=\"async\" class=\"alignnone wp-image-1351\" src=\"https:\/\/www.cosmepak.com\/wp-content\/uploads\/2024\/12\/\u7269\u6d41\u8fd0\u8f93\u753b\u9762-2.jpg\" alt=\"\" width=\"1385\" height=\"1039\" srcset=\"https:\/\/www.cosmepak.com\/wp-content\/uploads\/2024\/12\/\u7269\u6d41\u8fd0\u8f93\u753b\u9762-2.jpg 800w, https:\/\/www.cosmepak.com\/wp-content\/uploads\/2024\/12\/\u7269\u6d41\u8fd0\u8f93\u753b\u9762-2-300x225.jpg 300w, https:\/\/www.cosmepak.com\/wp-content\/uploads\/2024\/12\/\u7269\u6d41\u8fd0\u8f93\u753b\u9762-2-768x576.jpg 768w, https:\/\/www.cosmepak.com\/wp-content\/uploads\/2024\/12\/\u7269\u6d41\u8fd0\u8f93\u753b\u9762-2-600x450.jpg 600w\" sizes=\"(max-width: 1385px) 100vw, 1385px\" \/><\/p>\n<table style=\"border-collapse: collapse; width: 100%;\">\n<tbody>\n<tr>\n<td style=\"width: 33.3333%; text-align: center;\"><strong>Th\u1ec3 hi\u1ec7n<\/strong><\/td>\n<td style=\"width: 33.3333%; text-align: center;\"><strong>V\u1eadn chuy\u1ec3n h\u00e0ng kh\u00f4ng<\/strong><\/td>\n<td style=\"width: 33.3333%; text-align: center;\"><strong>V\u1eadn chuy\u1ec3n bi\u1ec3n<\/strong><\/td>\n<\/tr>\n<tr>\n<td style=\"width: 33.3333%; text-align: center;\">Europ 4-6 ng\u00e0y<\/p>\n<p>B\u1eafc M\u1ef9 4-6 ng\u00e0y<\/p>\n<p>\u0110\u00f4ng Nam \u00c1 3-5 ng\u00e0y<\/p>\n<p>Trung \u0110\u00f4ng 4-6 ng\u00e0y<\/p>\n<p>Nam Phi 5-8 ng\u00e0y<\/td>\n<td style=\"width: 33.3333%; text-align: center;\">Europ 4-6 ng\u00e0y<\/p>\n<p>B\u1eafc M\u1ef9 4-6 ng\u00e0y<\/p>\n<p>\u0110\u00f4ng Nam \u00c1 3-5 ng\u00e0y<\/p>\n<p>Trung \u0110\u00f4ng 4-6 ng\u00e0y<\/p>\n<p>Nam Phi 5-8 ng\u00e0y<\/td>\n<td style=\"width: 33.3333%; text-align: center;\">Europ 25-35 ng\u00e0y<\/p>\n<p>B\u1eafc M\u1ef9 25-35 ng\u00e0y<\/p>\n<p>\u0110\u00f4ng Nam \u00c1 25-35 ng\u00e0y<\/p>\n<p>Trung \u0110\u00f4ng 25-35 ng\u00e0y<\/p>\n<p>Nam Phi 25-35 ng\u00e0y<\/td>\n<\/tr>\n<\/tbody>\n<\/table>\n<h3 id=\"faq\" class=\"ai-center-markdown-h3\" data-spm-anchor-id=\"0.8443394.0.i4.613d3e5fM1b7Mc\">C\u00e2u h\u1ecfi th\u01b0\u1eddng g\u1eb7p<\/h3>\n<p class=\"ai-center-markdown-p\"><strong class=\"ai-center-markdown-strong\">1. T\u1ea1i sao b\u1ea1n n\u00ean mua t\u1eeb ch\u00fang t\u00f4i thay v\u00ec c\u00e1c nh\u00e0 cung c\u1ea5p kh\u00e1c?<\/strong><\/p>\n<ul class=\"ai-center-markdown-ul\">\n<li class=\"ai-center-markdown-li\">Thi\u1ebft k\u1ebf t\u00f9y ch\u1ec9nh ch\u1ec9 trong 3 ph\u00fat.<\/li>\n<li class=\"ai-center-markdown-li\">D\u1ecbch v\u1ee5 tr\u1ef1c tuy\u1ebfn 24\/7.<\/li>\n<li class=\"ai-center-markdown-li\">M\u1eabu c\u1ed5 phi\u1ebfu c\u00f3 s\u1eb5n trong 7 ng\u00e0y; m\u1eabu in t\u00f9y ch\u1ec9nh trong 15 ng\u00e0y.<\/li>\n<li class=\"ai-center-markdown-li\">Th\u1eddi gian d\u1eabn \u0111\u1ea7u 35 ng\u00e0y.<\/li>\n<li class=\"ai-center-markdown-li\">H\u01a1n 10 n\u0103m chuy\u00ean m\u00f4n trong \u0111\u00f3ng g\u00f3i m\u1ef9 ph\u1ea9m.<\/li>\n<li class=\"ai-center-markdown-li\">B\u00e1n h\u00e0ng tr\u1ef1c ti\u1ebfp nh\u00e0 m\u00e1y \u0111\u1ea3m b\u1ea3o gi\u00e1 v\u00e0 d\u1ecbch v\u1ee5 t\u1ed1t nh\u1ea5t.<\/li>\n<li class=\"ai-center-markdown-li\">Gi\u1ea3i ph\u00e1p to\u00e0n di\u1ec7n cho bao b\u00ec m\u1ef9 ph\u1ea9m.<\/li>\n<\/ul>\n<p class=\"ai-center-markdown-p\"><strong class=\"ai-center-markdown-strong\">2. Ch\u00fang t\u00f4i l\u00e0 ai?<\/strong>\u00a0Ch\u00fang t\u00f4i l\u00e0 m\u1ed9t c\u00f4ng ty c\u00f3 tr\u1ee5 s\u1edf t\u1ea1i Zhejiang \u0111\u01b0\u1ee3c th\u00e0nh l\u1eadp v\u00e0o n\u0103m 2014. Ph\u00e2n ph\u1ed1i th\u1ecb tr\u01b0\u1eddng c\u1ee7a ch\u00fang t\u00f4i bao g\u1ed3m:<\/p>\n<ul class=\"ai-center-markdown-ul\">\n<li class=\"ai-center-markdown-li\">Th\u1ecb tr\u01b0\u1eddng n\u1ed9i \u0111\u1ecba: 70%<\/li>\n<li class=\"ai-center-markdown-li\">Ch\u00e2u \u0110\u1ea1i D\u01b0\u01a1ng: 8%<\/li>\n<li class=\"ai-center-markdown-li\">Trung \u0110\u00f4ng: 7%<\/li>\n<li class=\"ai-center-markdown-li\">\u0110\u00f4ng \u00c1: 2%<\/li>\n<li class=\"ai-center-markdown-li\">B\u1eafc M\u1ef9: 2%<\/li>\n<li class=\"ai-center-markdown-li\">T\u00e2y \u00c2u: 2%<\/li>\n<li class=\"ai-center-markdown-li\">\u0110\u00f4ng Nam \u00c1: 2%<\/li>\n<li class=\"ai-center-markdown-li\">Nam \u00c1: 1%<\/li>\n<li class=\"ai-center-markdown-li\">Nam M\u1ef9: 1%<\/li>\n<li class=\"ai-center-markdown-li\">Ch\u00e2u \u00c2u: 1%<\/li>\n<li class=\"ai-center-markdown-li\">Trung M\u1ef9: 1%<\/li>\n<li class=\"ai-center-markdown-li\">B\u1eafc \u00c2u: 1%<\/li>\n<li class=\"ai-center-markdown-li\">Ch\u00e2u Phi: 1%<\/li>\n<li class=\"ai-center-markdown-li\">\u0110\u00f4ng \u00c2u: 1%<\/li>\n<\/ul>\n<p class=\"ai-center-markdown-p\"><strong class=\"ai-center-markdown-strong\">3. L\u00e0m th\u1ebf n\u00e0o ch\u00fang t\u00f4i c\u00f3 th\u1ec3 \u0111\u1ea3m b\u1ea3o ch\u1ea5t l\u01b0\u1ee3ng?<\/strong><\/p>\n<ul class=\"ai-center-markdown-ul\">\n<li class=\"ai-center-markdown-li\">M\u1eabu s\u1ea3n xu\u1ea5t tr\u01b0\u1edbc lu\u00f4n \u0111\u01b0\u1ee3c cung c\u1ea5p tr\u01b0\u1edbc khi s\u1ea3n xu\u1ea5t h\u00e0ng lo\u1ea1t.<\/li>\n<li class=\"ai-center-markdown-li\">Ki\u1ec3m tra cu\u1ed1i c\u00f9ng lu\u00f4n \u0111\u01b0\u1ee3c th\u1ef1c hi\u1ec7n tr\u01b0\u1edbc khi v\u1eadn chuy\u1ec3n.<\/li>\n<\/ul>\n<p class=\"ai-center-markdown-p\"><strong class=\"ai-center-markdown-strong\">4. B\u1ea1n c\u00f3 th\u1ec3 mua g\u00ec t\u1eeb ch\u00fang t\u00f4i?<\/strong>\u00a0Ch\u00fang t\u00f4i cung c\u1ea5p m\u1ed9t lo\u1ea1t c\u00e1c v\u1eadt li\u1ec7u \u0111\u00f3ng g\u00f3i m\u1ef9 ph\u1ea9m bao g\u1ed3m:<\/p>\n<ul class=\"ai-center-markdown-ul\">\n<li class=\"ai-center-markdown-li\">Chai th\u1ee7y tinh<\/li>\n<li class=\"ai-center-markdown-li\">Chai nh\u1ef1a, l\u1ecd, \u1ed1ng<\/li>\n<li class=\"ai-center-markdown-li\">Chai nh\u00f4m, l\u1ecd, \u1ed1ng<\/li>\n<\/ul>\n<p class=\"ai-center-markdown-p\"><strong class=\"ai-center-markdown-strong\">5. Ch\u00fang t\u00f4i c\u00f3 th\u1ec3 cung c\u1ea5p d\u1ecbch v\u1ee5 g\u00ec?<\/strong><\/p>\n<ul class=\"ai-center-markdown-ul\">\n<li class=\"ai-center-markdown-li\">\u0110i\u1ec1u kho\u1ea3n giao h\u00e0ng \u0111\u01b0\u1ee3c ch\u1ea5p nh\u1eadn: FOB, CFR, CIF<\/li>\n<li class=\"ai-center-markdown-li\">Ti\u1ec1n t\u1ec7 thanh to\u00e1n \u0111\u01b0\u1ee3c ch\u1ea5p nh\u1eadn: USD, EUR, HKD, CNY<\/li>\n<li class=\"ai-center-markdown-li\">Lo\u1ea1i thanh to\u00e1n \u0111\u01b0\u1ee3c ch\u1ea5p nh\u1eadn: T \/ T, L \/ C, D \/ P, D \/ A<\/li>\n<li class=\"ai-center-markdown-li\" data-spm-anchor-id=\"0.8443394.0.i5.613d3e5fM1b7Mc\">Ng\u00f4n ng\u1eef \u0111\u01b0\u1ee3c n\u00f3i: ti\u1ebfng Anh, ti\u1ebfng Trung Qu\u1ed1c<\/li>\n<\/ul>","protected":false},"excerpt":{"rendered":"<p>V\u1eadt li\u1ec7u chai: th\u00fa c\u01b0ng<\/p>\n<p>V\u1eadt li\u1ec7u gi\u1edbi h\u1ea1n: PP<\/p>\n<p>C\u00f4ng su\u1ea5t: 50ml \/ 100ml \/ 150ml \/ 200ml<\/p>\n<p>CAP: B\u01a1m v\u00edt<\/p>\n<p>M\u00e0u s\u1eafc: T\u00f9y ch\u1ec9nh (b\u1ea5t k\u1ef3 m\u00e0u pantone n\u00e0o c\u00f3 s\u1eb5n)<\/p>\n<p>B\u1ec1 m\u1eb7t ho\u00e0n thi\u1ec7n: In m\u00e0n h\u00ecnh, s\u01b0\u01a1ng gi\u00e1, d\u1eadp n\u00f3ng, gradient phun, k\u1ebft th\u00fac m\u1edd, v.v.<\/p>\n<p>MOQ: 5000pcs;<\/p>\n<p>&nbsp;<\/p>","protected":false},"featured_media":1548,"comment_status":"closed","ping_status":"closed","template":"","meta":{"_acf_changed":false},"product_brand":[],"product_cat":[18,48],"product_tag":[41],"class_list":{"0":"post-1544","1":"product","2":"type-product","3":"status-publish","4":"has-post-thumbnail","6":"product_cat-plastic-bottle","7":"product_cat-spray-bottle","8":"product_tag-plastic-bottle","10":"first","11":"outofstock","12":"shipping-taxable","13":"product-type-simple"},"acf":[],"_links":{"self":[{"href":"https:\/\/www.cosmepak.com\/vi\/wp-json\/wp\/v2\/product\/1544","targetHints":{"allow":["GET"]}}],"collection":[{"href":"https:\/\/www.cosmepak.com\/vi\/wp-json\/wp\/v2\/product"}],"about":[{"href":"https:\/\/www.cosmepak.com\/vi\/wp-json\/wp\/v2\/types\/product"}],"replies":[{"embeddable":true,"href":"https:\/\/www.cosmepak.com\/vi\/wp-json\/wp\/v2\/comments?post=1544"}],"wp:featuredmedia":[{"embeddable":true,"href":"https:\/\/www.cosmepak.com\/vi\/wp-json\/wp\/v2\/media\/1548"}],"wp:attachment":[{"href":"https:\/\/www.cosmepak.com\/vi\/wp-json\/wp\/v2\/media?parent=1544"}],"wp:term":[{"taxonomy":"product_brand","embeddable":true,"href":"https:\/\/www.cosmepak.com\/vi\/wp-json\/wp\/v2\/product_brand?post=1544"},{"taxonomy":"product_cat","embeddable":true,"href":"https:\/\/www.cosmepak.com\/vi\/wp-json\/wp\/v2\/product_cat?post=1544"},{"taxonomy":"product_tag","embeddable":true,"href":"https:\/\/www.cosmepak.com\/vi\/wp-json\/wp\/v2\/product_tag?post=1544"}],"curies":[{"name":"WP","href":"https:\/\/api.w.org\/{rel}","templated":true}]}}