{"id":1550,"date":"2025-03-28T13:19:26","date_gmt":"2025-03-28T05:19:26","guid":{"rendered":"https:\/\/www.cosmepak.com\/?post_type=product&#038;p=1550"},"modified":"2025-09-03T16:21:13","modified_gmt":"2025-09-03T08:21:13","slug":"chai-my-pham-nhua-bot-200ml-vang","status":"publish","type":"product","link":"https:\/\/www.cosmepak.com\/vi\/product\/200ml-foam-plastic-cosmetic-bottle-jaunce\/","title":{"rendered":"200ml B\u1ecdt nh\u1ef1a m\u1ef9 ph\u1ea9m Chai \/ Jaunce"},"content":{"rendered":"<table style=\"border-collapse: collapse; width: 100%; height: 168px;\">\n<tbody>\n<tr style=\"height: 24px;\">\n<td style=\"width: 33.3333%; height: 168px;\" rowspan=\"7\"><img fetchpriority=\"high\" decoding=\"async\" class=\"alignnone size-full wp-image-1558\" src=\"https:\/\/www.cosmepak.com\/wp-content\/uploads\/2025\/03\/10-2.jpg\" alt=\"\" width=\"1000\" height=\"1000\" srcset=\"https:\/\/www.cosmepak.com\/wp-content\/uploads\/2025\/03\/10-2.jpg 1000w, https:\/\/www.cosmepak.com\/wp-content\/uploads\/2025\/03\/10-2-300x300.jpg 300w, https:\/\/www.cosmepak.com\/wp-content\/uploads\/2025\/03\/10-2-150x150.jpg 150w, https:\/\/www.cosmepak.com\/wp-content\/uploads\/2025\/03\/10-2-768x768.jpg 768w, https:\/\/www.cosmepak.com\/wp-content\/uploads\/2025\/03\/10-2-600x600.jpg 600w, https:\/\/www.cosmepak.com\/wp-content\/uploads\/2025\/03\/10-2-100x100.jpg 100w\" sizes=\"(max-width: 1000px) 100vw, 1000px\" \/><\/td>\n<td style=\"width: 13.6311%; height: 24px;\">Th\u01b0\u01a1ng hi\u1ec7u<\/td>\n<td style=\"width: 53.0355%; height: 24px;\">Jaunce<\/td>\n<\/tr>\n<tr style=\"height: 24px;\">\n<td style=\"width: 13.6311%; height: 24px;\">Ng\u01b0\u1eddi m\u1eabu<\/td>\n<td style=\"width: 53.0355%; height: 24px;\">JH-LWMJ13<\/td>\n<\/tr>\n<tr style=\"height: 24px;\">\n<td style=\"width: 13.6311%; height: 24px;\">Kh\u1ea3 n\u0103ng<\/td>\n<td style=\"width: 53.0355%; height: 24px;\">200ml<\/td>\n<\/tr>\n<tr style=\"height: 24px;\">\n<td style=\"width: 13.6311%; height: 24px;\">C\u00e2n n\u1eb7ng<\/td>\n<td style=\"width: 53.0355%; height: 24px;\">53.3g<\/td>\n<\/tr>\n<tr style=\"height: 24px;\">\n<td style=\"width: 13.6311%; height: 24px;\">M\u00e0u s\u1eafc<\/td>\n<td style=\"width: 53.0355%; height: 24px;\">t\u00f9y ch\u1ec9nh<\/td>\n<\/tr>\n<tr style=\"height: 24px;\">\n<td style=\"width: 13.6311%; height: 24px;\">V\u1eadt li\u1ec7u<\/td>\n<td style=\"width: 53.0355%; height: 24px;\">PET \/ PP<\/td>\n<\/tr>\n<tr style=\"height: 24px;\">\n<td style=\"width: 13.6311%; height: 24px;\">K\u00edch c\u1ee1<\/td>\n<td style=\"width: 53.0355%; height: 24px;\">61.7*102mm<\/td>\n<\/tr>\n<\/tbody>\n<\/table>\n<p>Chai vai tr\u00f2n 200ml v\u1edbi b\u01a1m b\u1ecdt, ch\u1ea5p nh\u1eadn m\u00e0u s\u1eafc t\u00f9y ch\u1ec9nh.<\/p>\n<table style=\"border-collapse: collapse; width: 100%;\">\n<tbody>\n<tr>\n<td style=\"width: 16.6667%; text-align: center;\">Dung t\u00edch<\/td>\n<td style=\"width: 16.6667%; text-align: center;\">T\u1ed5ng chi\u1ec1u cao<\/td>\n<td style=\"width: 16.6667%; text-align: center;\">Chai chi\u1ec1u cao<\/td>\n<td style=\"width: 16.6667%; text-align: center;\">Chi\u1ec1u cao c\u00f3 th\u1ec3 in<\/td>\n<td style=\"width: 16.6667%; text-align: center;\">Dia<\/td>\n<td style=\"width: 16.6667%; text-align: center;\">C\u00e2n n\u1eb7ng<\/td>\n<\/tr>\n<tr>\n<td style=\"width: 16.6667%; text-align: center;\">200ml<\/td>\n<td style=\"width: 16.6667%; text-align: center;\">153.5mm<\/td>\n<td style=\"width: 16.6667%; text-align: center;\">102mm<\/td>\n<td style=\"width: 16.6667%; text-align: center;\">65mm<\/td>\n<td style=\"width: 16.6667%; text-align: center;\">61.7mm<\/td>\n<td style=\"width: 16.6667%; text-align: center;\">53.3g<\/td>\n<\/tr>\n<\/tbody>\n<\/table>\n<p><img decoding=\"async\" class=\"alignnone wp-image-1554\" src=\"https:\/\/www.cosmepak.com\/wp-content\/uploads\/2025\/03\/11-2.jpg\" alt=\"chai b\u1ecdt nh\u1ef1a\" width=\"1379\" height=\"1379\" srcset=\"https:\/\/www.cosmepak.com\/wp-content\/uploads\/2025\/03\/11-2.jpg 1000w, https:\/\/www.cosmepak.com\/wp-content\/uploads\/2025\/03\/11-2-300x300.jpg 300w, https:\/\/www.cosmepak.com\/wp-content\/uploads\/2025\/03\/11-2-150x150.jpg 150w, https:\/\/www.cosmepak.com\/wp-content\/uploads\/2025\/03\/11-2-768x768.jpg 768w, https:\/\/www.cosmepak.com\/wp-content\/uploads\/2025\/03\/11-2-600x600.jpg 600w, https:\/\/www.cosmepak.com\/wp-content\/uploads\/2025\/03\/11-2-100x100.jpg 100w\" sizes=\"(max-width: 1379px) 100vw, 1379px\" \/> <img decoding=\"async\" class=\"alignnone wp-image-1555\" src=\"https:\/\/www.cosmepak.com\/wp-content\/uploads\/2025\/03\/13.jpg\" alt=\"\" width=\"684\" height=\"684\" srcset=\"https:\/\/www.cosmepak.com\/wp-content\/uploads\/2025\/03\/13.jpg 1000w, https:\/\/www.cosmepak.com\/wp-content\/uploads\/2025\/03\/13-300x300.jpg 300w, https:\/\/www.cosmepak.com\/wp-content\/uploads\/2025\/03\/13-150x150.jpg 150w, https:\/\/www.cosmepak.com\/wp-content\/uploads\/2025\/03\/13-768x768.jpg 768w, https:\/\/www.cosmepak.com\/wp-content\/uploads\/2025\/03\/13-600x600.jpg 600w, https:\/\/www.cosmepak.com\/wp-content\/uploads\/2025\/03\/13-100x100.jpg 100w\" sizes=\"(max-width: 684px) 100vw, 684px\" \/> <img loading=\"lazy\" decoding=\"async\" class=\"alignnone wp-image-1556\" src=\"https:\/\/www.cosmepak.com\/wp-content\/uploads\/2025\/03\/12.jpg\" alt=\"\" width=\"684\" height=\"684\" srcset=\"https:\/\/www.cosmepak.com\/wp-content\/uploads\/2025\/03\/12.jpg 1000w, https:\/\/www.cosmepak.com\/wp-content\/uploads\/2025\/03\/12-300x300.jpg 300w, https:\/\/www.cosmepak.com\/wp-content\/uploads\/2025\/03\/12-150x150.jpg 150w, https:\/\/www.cosmepak.com\/wp-content\/uploads\/2025\/03\/12-768x768.jpg 768w, https:\/\/www.cosmepak.com\/wp-content\/uploads\/2025\/03\/12-600x600.jpg 600w, https:\/\/www.cosmepak.com\/wp-content\/uploads\/2025\/03\/12-100x100.jpg 100w\" sizes=\"(max-width: 684px) 100vw, 684px\" \/><\/p>\n<p><img loading=\"lazy\" decoding=\"async\" class=\"alignnone wp-image-1557\" src=\"https:\/\/www.cosmepak.com\/wp-content\/uploads\/2025\/03\/3-2.jpg\" alt=\"Chai b\u01a1m b\u1ecdt\" width=\"1375\" height=\"1375\" srcset=\"https:\/\/www.cosmepak.com\/wp-content\/uploads\/2025\/03\/3-2.jpg 1000w, https:\/\/www.cosmepak.com\/wp-content\/uploads\/2025\/03\/3-2-300x300.jpg 300w, https:\/\/www.cosmepak.com\/wp-content\/uploads\/2025\/03\/3-2-150x150.jpg 150w, https:\/\/www.cosmepak.com\/wp-content\/uploads\/2025\/03\/3-2-768x768.jpg 768w, https:\/\/www.cosmepak.com\/wp-content\/uploads\/2025\/03\/3-2-600x600.jpg 600w, https:\/\/www.cosmepak.com\/wp-content\/uploads\/2025\/03\/3-2-100x100.jpg 100w\" sizes=\"(max-width: 1375px) 100vw, 1375px\" \/><\/p>\n<h3 id=\"product-introduction-200ml-facial-cleanser-pe-foaming-dispenser-portable-foam-bottle\" class=\"ai-center-markdown-h3\">Gi\u1edbi thi\u1ec7u s\u1ea3n ph\u1ea9m: 200ml Ch\u1ea5t l\u00e0m s\u1ea1ch khu\u00f4n m\u1eb7t PE Foaming Dispenser Chai b\u1ecdt di \u0111\u1ed9ng<\/h3>\n<h4 id=\"overview\" class=\"ai-center-markdown-h4\"><strong class=\"ai-center-markdown-strong\">T\u1ed5ng quan<\/strong><\/h4>\n<p class=\"ai-center-markdown-p\">200ml Facial Cleanser PE Foaming Dispenser Portable Foam Bottle l\u00e0 m\u1ed9t s\u1ea3n ph\u1ea9m linh ho\u1ea1t v\u00e0 thu\u1eadn ti\u1ec7n \u0111\u01b0\u1ee3c thi\u1ebft k\u1ebf cho c\u00e1c c\u00e1 nh\u00e2n \u01b0u ti\u00ean ch\u0103m s\u00f3c da v\u00e0 v\u1ec7 sinh. M\u00e1y ph\u00e2n ph\u1ed1i s\u00e1ng t\u1ea1o n\u00e0y bi\u1ebfn ch\u1ea5t l\u00e0m s\u1ea1ch m\u1eb7t l\u1ecfng th\u00e0nh b\u1ecdt gi\u00e0u c\u00f3 kem, n\u00e2ng cao tr\u1ea3i nghi\u1ec7m l\u00e0m s\u1ea1ch.<\/p>\n<h4 id=\"key-features\" class=\"ai-center-markdown-h4\"><strong class=\"ai-center-markdown-strong\">C\u00e1c t\u00ednh n\u0103ng ch\u00ednh<\/strong><\/h4>\n<ol class=\"ai-center-markdown-ol\" start=\"1\">\n<li class=\"ai-center-markdown-li\"><strong class=\"ai-center-markdown-strong\">Dung t\u00edch<\/strong>Chai ch\u1ee9a l\u00ean \u0111\u1ebfn 200ml ch\u1ea5t l\u00e0m s\u1ea1ch m\u1eb7t, l\u00e0m cho n\u00f3 l\u00fd t\u01b0\u1edfng cho c\u1ea3 s\u1eed d\u1ee5ng t\u1ea1i nh\u00e0 v\u00e0 du l\u1ecbch.<\/li>\n<li class=\"ai-center-markdown-li\"><strong class=\"ai-center-markdown-strong\">V\u1eadt li\u1ec7u<\/strong>: \u0110\u01b0\u1ee3c l\u00e0m t\u1eeb PE ch\u1ea5t l\u01b0\u1ee3ng cao (Polyethylene), \u0111\u1ea3m b\u1ea3o \u0111\u1ed9 b\u1ec1n v\u00e0 an to\u00e0n.<\/li>\n<li class=\"ai-center-markdown-li\"><strong class=\"ai-center-markdown-strong\">C\u01a1 ch\u1ebf b\u1ecdt<\/strong>: B\u1ed9 ph\u00e2n ph\u1ed1i b\u1ecdt t\u00edch h\u1ee3p t\u1ea1o ra m\u1ed9t b\u1ecdt sang tr\u1ecdng, cho ph\u00e9p l\u00e0m s\u1ea1ch da s\u00e2u h\u01a1n v\u00e0 hi\u1ec7u qu\u1ea3 h\u01a1n.<\/li>\n<li class=\"ai-center-markdown-li\"><strong class=\"ai-center-markdown-strong\">T\u00ednh di \u0111\u1ed9ng<\/strong>Thi\u1ebft k\u1ebf nh\u1ecf g\u1ecdn c\u1ee7a n\u00f3 l\u00e0m cho n\u00f3 d\u1ec5 d\u00e0ng mang theo, ho\u00e0n h\u1ea3o cho c\u00e1c th\u00f3i quen ch\u0103m s\u00f3c da tr\u00ean \u0111\u01b0\u1eddng \u0111i.<\/li>\n<li class=\"ai-center-markdown-li\"><strong class=\"ai-center-markdown-strong\">D\u1ec5 s\u1eed d\u1ee5ng<\/strong>: Ch\u1ec9 c\u1ea7n nh\u1ea5n m\u00e1y b\u01a1m \u0111\u1ec3 ph\u00e2n ph\u1ed1i b\u1ecdt, lo\u1ea1i b\u1ecf s\u1ef1 c\u1ea7n thi\u1ebft cho c\u00e1c c\u00f4ng c\u1ee5 ho\u1eb7c ph\u1ee5 ki\u1ec7n b\u1ed5 sung.<\/li>\n<\/ol>\n<h4 id=\"benefits\" class=\"ai-center-markdown-h4\"><strong class=\"ai-center-markdown-strong\">L\u1ee3i \u00edch<\/strong><\/h4>\n<ul class=\"ai-center-markdown-ul\">\n<li class=\"ai-center-markdown-li\"><strong class=\"ai-center-markdown-strong\">T\u0103ng c\u01b0\u1eddng l\u00e0m s\u1ea1ch<\/strong>H\u00e0nh \u0111\u1ed9ng t\u1ea1o b\u1ecdt gi\u00fap lo\u1ea1i b\u1ecf t\u1ea1p ch\u1ea5t, d\u1ea7u d\u01b0 th\u1eeba v\u00e0 d\u01b0 l\u01b0\u1ee3ng trang \u0111i\u1ec3m hi\u1ec7u qu\u1ea3 h\u01a1n so v\u1edbi ch\u1ea5t l\u00e0m s\u1ea1ch l\u1ecfng truy\u1ec1n th\u1ed1ng.<\/li>\n<li class=\"ai-center-markdown-li\"><strong class=\"ai-center-markdown-strong\">Nh\u1eb9 nh\u00e0ng tr\u00ean da<\/strong>B\u1ecdt nh\u1eb9 nh\u00e0ng v\u00e0 ph\u00f9 h\u1ee3p v\u1edbi t\u1ea5t c\u1ea3 c\u00e1c lo\u1ea1i da, gi\u1ea3m nguy c\u01a1 k\u00edch \u1ee9ng.<\/li>\n<li class=\"ai-center-markdown-li\"><strong class=\"ai-center-markdown-strong\">Kinh t\u1ebf<\/strong>B\u1ed9 ph\u00e2n ph\u1ed1i b\u1ecdt \u0111\u1ea3m b\u1ea3o r\u1eb1ng b\u1ea1n s\u1eed d\u1ee5ng \u0111\u00fang l\u01b0\u1ee3ng s\u1ea3n ph\u1ea9m, ng\u0103n ch\u1eb7n l\u00e3ng ph\u00ed v\u00e0 k\u00e9o d\u00e0i tu\u1ed5i th\u1ecd c\u1ee7a ch\u1ea5t l\u00e0m s\u1ea1ch khu\u00f4n m\u1eb7t c\u1ee7a b\u1ea1n.<\/li>\n<li class=\"ai-center-markdown-li\"><strong class=\"ai-center-markdown-strong\">Du l\u1ecbch th\u00e2n thi\u1ec7n<\/strong>K\u00edch th\u01b0\u1edbc di \u0111\u1ed9ng v\u00e0 thi\u1ebft k\u1ebf ch\u1ed1ng r\u00f2 r\u1ec9 l\u00e0m cho n\u00f3 tr\u1edf th\u00e0nh m\u1ed9t l\u1ef1a ch\u1ecdn tuy\u1ec7t v\u1eddi cho du l\u1ecbch, \u0111\u1ea3m b\u1ea3o th\u00f3i quen ch\u0103m s\u00f3c da c\u1ee7a b\u1ea1n kh\u00f4ng b\u1ecb gi\u00e1n \u0111o\u1ea1n.<\/li>\n<\/ul>\n<h4 id=\"usage-instructions\" class=\"ai-center-markdown-h4\"><strong class=\"ai-center-markdown-strong\">H\u01b0\u1edbng d\u1eabn s\u1eed d\u1ee5ng<\/strong><\/h4>\n<ol class=\"ai-center-markdown-ol\" start=\"1\">\n<li class=\"ai-center-markdown-li\"><strong class=\"ai-center-markdown-strong\">L\u1ea5p \u0111\u1ea7y chai<\/strong>\u0110\u1ed5 ch\u1ea5t l\u00e0m s\u1ea1ch m\u1eb7t l\u1ecfng \u01b0a th\u00edch c\u1ee7a b\u1ea1n v\u00e0o chai, l\u00ean \u0111\u1ebfn d\u1ea5u 200ml.<\/li>\n<li class=\"ai-center-markdown-li\"><strong class=\"ai-center-markdown-strong\">B\u1ea3o m\u1eadt Cap<\/strong>\u0110\u1ea3m b\u1ea3o n\u1eafp \u0111\u01b0\u1ee3c \u0111\u00f3ng ch\u1eb7t ch\u1ebd \u0111\u1ec3 ng\u0103n ch\u1eb7n r\u00f2 r\u1ec9.<\/li>\n<li class=\"ai-center-markdown-li\"><strong class=\"ai-center-markdown-strong\">Ph\u00e2n ph\u1ed1i b\u1ecdt<\/strong>Nh\u1ea5n m\u00e1y b\u01a1m \u0111\u1ec3 gi\u1ea3i ph\u00f3ng m\u1ed9t l\u01b0\u1ee3ng nh\u1ecf b\u1ecdt tr\u00ean tay c\u1ee7a b\u1ea1n.<\/li>\n<li class=\"ai-center-markdown-li\"><strong class=\"ai-center-markdown-strong\">\u00c1p d\u1ee5ng cho m\u1eb7t<\/strong>Massage nh\u1eb9 nh\u00e0ng b\u1ecdt tr\u00ean khu\u00f4n m\u1eb7t c\u1ee7a b\u1ea1n trong c\u00e1c chuy\u1ec3n \u0111\u1ed9ng tr\u00f2n.<\/li>\n<li class=\"ai-center-markdown-li\"><strong class=\"ai-center-markdown-strong\">R\u1eeda s\u1ea1ch<\/strong>R\u1eeda m\u1eb7t b\u1eb1ng n\u01b0\u1edbc v\u00e0 v\u1ed7 kh\u00f4 b\u1eb1ng kh\u0103n s\u1ea1ch.<\/li>\n<\/ol>\n<h4 id=\"why-choose-our-product\" class=\"ai-center-markdown-h4\"><strong class=\"ai-center-markdown-strong\">T\u1ea1i sao ch\u1ecdn s\u1ea3n ph\u1ea9m c\u1ee7a ch\u00fang t\u00f4i?<\/strong><\/h4>\n<ul class=\"ai-center-markdown-ul\">\n<li class=\"ai-center-markdown-li\"><strong class=\"ai-center-markdown-strong\">\u0110\u1ea3m b\u1ea3o ch\u1ea5t l\u01b0\u1ee3ng<\/strong>: \u0110\u01b0\u1ee3c l\u00e0m t\u1eeb v\u1eadt li\u1ec7u PE b\u1ec1n v\u00e0 an to\u00e0n, \u0111\u1ea3m b\u1ea3o s\u1eed d\u1ee5ng l\u00e2u d\u00e0i.<\/li>\n<li class=\"ai-center-markdown-li\"><strong class=\"ai-center-markdown-strong\">Thi\u1ebft k\u1ebf s\u00e1ng t\u1ea1o<\/strong>: C\u01a1 ch\u1ebf t\u1ea1o b\u1ecdt cung c\u1ea5p m\u1ed9t tr\u1ea3i nghi\u1ec7m l\u00e0m s\u1ea1ch v\u01b0\u1ee3t tr\u1ed9i.<\/li>\n<li class=\"ai-center-markdown-li\"><strong class=\"ai-center-markdown-strong\">Thu\u1eadn ti\u1ec7n<\/strong>: Ho\u00e0n h\u1ea3o cho c\u1ea3 vi\u1ec7c s\u1eed d\u1ee5ng h\u00e0ng ng\u00e0y v\u00e0 du l\u1ecbch, l\u00e0m cho ch\u0103m s\u00f3c da d\u1ec5 d\u00e0ng.<\/li>\n<\/ul>\n<h4 id=\"conclusion\" class=\"ai-center-markdown-h4\"><strong class=\"ai-center-markdown-strong\">K\u1ebft lu\u1eadn<\/strong><\/h4>\n<p class=\"ai-center-markdown-p\" data-spm-anchor-id=\"0.8443394.0.i11.44063e5fx2hZJW\">200ml Facial Cleanser PE Foaming Dispenser Portable Foam Bottle l\u00e0 m\u1ed9t b\u1ed5 sung c\u1ea7n thi\u1ebft cho kho v\u0169 kh\u00ed ch\u0103m s\u00f3c da c\u1ee7a b\u1ea1n. Thi\u1ebft k\u1ebf s\u00e1ng t\u1ea1o v\u00e0 t\u00ednh n\u0103ng th\u1ef1c t\u1ebf c\u1ee7a n\u00f3 l\u00e0m cho n\u00f3 l\u00e0 m\u1ed9t must-have cho b\u1ea5t k\u1ef3 ai mu\u1ed1n n\u00e2ng cao th\u00f3i quen ch\u0103m s\u00f3c da c\u1ee7a h\u1ecd. Tr\u1ea3i nghi\u1ec7m nh\u1eefng l\u1ee3i \u00edch c\u1ee7a vi\u1ec7c l\u00e0m s\u1ea1ch hi\u1ec7u qu\u1ea3 v\u00e0 nh\u1eb9 nh\u00e0ng v\u1edbi chai b\u1ecdt di \u0111\u1ed9ng n\u00e0y.<\/p>\n<table style=\"border-collapse: collapse; width: 100%;\">\n<tbody>\n<tr>\n<td style=\"width: 40.1818%;\"><\/td>\n<td style=\"width: 59.8182%;\"><\/td>\n<\/tr>\n<\/tbody>\n<\/table>\n<p><img loading=\"lazy\" decoding=\"async\" class=\"alignnone size-full wp-image-1347\" src=\"https:\/\/www.cosmepak.com\/wp-content\/uploads\/2024\/12\/\u9996\u987519202_03.jpg\" alt=\"nh\u00e0 m\u00e1y hi\u1ec3n th\u1ecb\" width=\"1920\" height=\"885\" srcset=\"https:\/\/www.cosmepak.com\/wp-content\/uploads\/2024\/12\/\u9996\u987519202_03.jpg 1920w, https:\/\/www.cosmepak.com\/wp-content\/uploads\/2024\/12\/\u9996\u987519202_03-300x138.jpg 300w, https:\/\/www.cosmepak.com\/wp-content\/uploads\/2024\/12\/\u9996\u987519202_03-1024x472.jpg 1024w, https:\/\/www.cosmepak.com\/wp-content\/uploads\/2024\/12\/\u9996\u987519202_03-768x354.jpg 768w, https:\/\/www.cosmepak.com\/wp-content\/uploads\/2024\/12\/\u9996\u987519202_03-1536x708.jpg 1536w, https:\/\/www.cosmepak.com\/wp-content\/uploads\/2024\/12\/\u9996\u987519202_03-600x277.jpg 600w\" sizes=\"(max-width: 1920px) 100vw, 1920px\" \/><\/p>\n<p><img loading=\"lazy\" decoding=\"async\" class=\"alignnone size-full wp-image-1348\" src=\"https:\/\/www.cosmepak.com\/wp-content\/uploads\/2024\/12\/\u9996\u987519202_04.jpg\" alt=\"\" width=\"1920\" height=\"694\" srcset=\"https:\/\/www.cosmepak.com\/wp-content\/uploads\/2024\/12\/\u9996\u987519202_04.jpg 1920w, https:\/\/www.cosmepak.com\/wp-content\/uploads\/2024\/12\/\u9996\u987519202_04-300x108.jpg 300w, https:\/\/www.cosmepak.com\/wp-content\/uploads\/2024\/12\/\u9996\u987519202_04-1024x370.jpg 1024w, https:\/\/www.cosmepak.com\/wp-content\/uploads\/2024\/12\/\u9996\u987519202_04-768x278.jpg 768w, https:\/\/www.cosmepak.com\/wp-content\/uploads\/2024\/12\/\u9996\u987519202_04-1536x555.jpg 1536w, https:\/\/www.cosmepak.com\/wp-content\/uploads\/2024\/12\/\u9996\u987519202_04-600x217.jpg 600w\" sizes=\"(max-width: 1920px) 100vw, 1920px\" \/><img loading=\"lazy\" decoding=\"async\" class=\"alignnone size-full wp-image-1350\" src=\"https:\/\/www.cosmepak.com\/wp-content\/uploads\/2024\/12\/\u9996\u987519202_05-1.jpg\" alt=\"\" width=\"1920\" height=\"970\" srcset=\"https:\/\/www.cosmepak.com\/wp-content\/uploads\/2024\/12\/\u9996\u987519202_05-1.jpg 1920w, https:\/\/www.cosmepak.com\/wp-content\/uploads\/2024\/12\/\u9996\u987519202_05-1-300x152.jpg 300w, https:\/\/www.cosmepak.com\/wp-content\/uploads\/2024\/12\/\u9996\u987519202_05-1-1024x517.jpg 1024w, https:\/\/www.cosmepak.com\/wp-content\/uploads\/2024\/12\/\u9996\u987519202_05-1-768x388.jpg 768w, https:\/\/www.cosmepak.com\/wp-content\/uploads\/2024\/12\/\u9996\u987519202_05-1-1536x776.jpg 1536w, https:\/\/www.cosmepak.com\/wp-content\/uploads\/2024\/12\/\u9996\u987519202_05-1-600x303.jpg 600w\" sizes=\"(max-width: 1920px) 100vw, 1920px\" \/><img loading=\"lazy\" decoding=\"async\" class=\"alignnone wp-image-1351\" src=\"https:\/\/www.cosmepak.com\/wp-content\/uploads\/2024\/12\/\u7269\u6d41\u8fd0\u8f93\u753b\u9762-2.jpg\" alt=\"\" width=\"1385\" height=\"1039\" srcset=\"https:\/\/www.cosmepak.com\/wp-content\/uploads\/2024\/12\/\u7269\u6d41\u8fd0\u8f93\u753b\u9762-2.jpg 800w, https:\/\/www.cosmepak.com\/wp-content\/uploads\/2024\/12\/\u7269\u6d41\u8fd0\u8f93\u753b\u9762-2-300x225.jpg 300w, https:\/\/www.cosmepak.com\/wp-content\/uploads\/2024\/12\/\u7269\u6d41\u8fd0\u8f93\u753b\u9762-2-768x576.jpg 768w, https:\/\/www.cosmepak.com\/wp-content\/uploads\/2024\/12\/\u7269\u6d41\u8fd0\u8f93\u753b\u9762-2-600x450.jpg 600w\" sizes=\"(max-width: 1385px) 100vw, 1385px\" \/><\/p>\n<table style=\"border-collapse: collapse; width: 100%;\">\n<tbody>\n<tr>\n<td style=\"width: 33.3333%; text-align: center;\"><strong>Th\u1ec3 hi\u1ec7n<\/strong><\/td>\n<td style=\"width: 33.3333%; text-align: center;\"><strong>V\u1eadn chuy\u1ec3n h\u00e0ng kh\u00f4ng<\/strong><\/td>\n<td style=\"width: 33.3333%; text-align: center;\"><strong>V\u1eadn chuy\u1ec3n bi\u1ec3n<\/strong><\/td>\n<\/tr>\n<tr>\n<td style=\"width: 33.3333%; text-align: center;\">Europ 4-6 ng\u00e0y<\/p>\n<p>B\u1eafc M\u1ef9 4-6 ng\u00e0y<\/p>\n<p>\u0110\u00f4ng Nam \u00c1 3-5 ng\u00e0y<\/p>\n<p>Trung \u0110\u00f4ng 4-6 ng\u00e0y<\/p>\n<p>Nam Phi 5-8 ng\u00e0y<\/td>\n<td style=\"width: 33.3333%; text-align: center;\">Europ 4-6 ng\u00e0y<\/p>\n<p>B\u1eafc M\u1ef9 4-6 ng\u00e0y<\/p>\n<p>\u0110\u00f4ng Nam \u00c1 3-5 ng\u00e0y<\/p>\n<p>Trung \u0110\u00f4ng 4-6 ng\u00e0y<\/p>\n<p>Nam Phi 5-8 ng\u00e0y<\/td>\n<td style=\"width: 33.3333%; text-align: center;\">Europ 25-35 ng\u00e0y<\/p>\n<p>B\u1eafc M\u1ef9 25-35 ng\u00e0y<\/p>\n<p>\u0110\u00f4ng Nam \u00c1 25-35 ng\u00e0y<\/p>\n<p>Trung \u0110\u00f4ng 25-35 ng\u00e0y<\/p>\n<p>Nam Phi 25-35 ng\u00e0y<\/td>\n<\/tr>\n<\/tbody>\n<\/table>\n<h3 id=\"faq\" class=\"ai-center-markdown-h3\">C\u00e2u h\u1ecfi th\u01b0\u1eddng g\u1eb7p<\/h3>\n<p class=\"ai-center-markdown-p\"><strong class=\"ai-center-markdown-strong\">1. T\u1ea1i sao b\u1ea1n n\u00ean mua t\u1eeb ch\u00fang t\u00f4i thay v\u00ec c\u00e1c nh\u00e0 cung c\u1ea5p kh\u00e1c?<\/strong><\/p>\n<ul class=\"ai-center-markdown-ul\">\n<li class=\"ai-center-markdown-li\"><strong class=\"ai-center-markdown-strong\">Thi\u1ebft k\u1ebf t\u00f9y ch\u1ec9nh trong 3 ph\u00fat<\/strong>: Ch\u00fang t\u00f4i cung c\u1ea5p c\u00e1c gi\u1ea3i ph\u00e1p thi\u1ebft k\u1ebf nhanh ch\u00f3ng v\u00e0 c\u00e1 nh\u00e2n h\u00f3a.<\/li>\n<li class=\"ai-center-markdown-li\"><strong class=\"ai-center-markdown-strong\">D\u1ecbch v\u1ee5 tr\u1ef1c tuy\u1ebfn 24\/7<\/strong>\u0110\u1ed9i ng\u0169 c\u1ee7a ch\u00fang t\u00f4i s\u1eb5n s\u00e0ng 24 gi\u1edd \u0111\u1ec3 h\u1ed7 tr\u1ee3 b\u1ea1n.<\/li>\n<li class=\"ai-center-markdown-li\"><strong class=\"ai-center-markdown-strong\">Giao h\u00e0ng m\u1eabu nhanh<\/strong>: C\u00e1c m\u1eabu c\u1ed5 phi\u1ebfu c\u00f3 s\u1eb5n trong v\u00f2ng 7 ng\u00e0y v\u00e0 c\u00e1c m\u1eabu in t\u00f9y ch\u1ec9nh trong v\u00f2ng 15 ng\u00e0y.<\/li>\n<li class=\"ai-center-markdown-li\"><strong class=\"ai-center-markdown-strong\">Th\u1eddi gian d\u1eabn \u0111\u00e1ng tin c\u1eady<\/strong>Ch\u00fang t\u00f4i \u0111\u1ea3m b\u1ea3o th\u1eddi gian d\u1eabn \u0111\u1ea7u 35 ng\u00e0y cho t\u1ea5t c\u1ea3 c\u00e1c \u0111\u01a1n \u0111\u1eb7t h\u00e0ng.<\/li>\n<li class=\"ai-center-markdown-li\"><strong class=\"ai-center-markdown-strong\">Nh\u00e0 s\u1ea3n xu\u1ea5t c\u00f3 kinh nghi\u1ec7m<\/strong>: V\u1edbi h\u01a1n 10 n\u0103m kinh nghi\u1ec7m trong bao b\u00ec m\u1ef9 ph\u1ea9m, ch\u00fang t\u00f4i \u0111\u1ea3m b\u1ea3o s\u1ea3n ph\u1ea9m ch\u1ea5t l\u01b0\u1ee3ng cao.<\/li>\n<li class=\"ai-center-markdown-li\"><strong class=\"ai-center-markdown-strong\">Gi\u00e1 tr\u1ef1c ti\u1ebfp nh\u00e0 m\u00e1y<\/strong>: T\u1eadn h\u01b0\u1edfng gi\u00e1 v\u00e0 d\u1ecbch v\u1ee5 t\u1ed1t nh\u1ea5t tr\u1ef1c ti\u1ebfp t\u1eeb nh\u00e0 m\u00e1y c\u1ee7a ch\u00fang t\u00f4i.<\/li>\n<li class=\"ai-center-markdown-li\"><strong class=\"ai-center-markdown-strong\">Gi\u1ea3i ph\u00e1p \u0111\u00f3ng g\u00f3i to\u00e0n di\u1ec7n<\/strong>: Ch\u00fang t\u00f4i cung c\u1ea5p m\u1ed9t gi\u1ea3i ph\u00e1p m\u1ed9t c\u1eeda cho t\u1ea5t c\u1ea3 nhu c\u1ea7u \u0111\u00f3ng g\u00f3i m\u1ef9 ph\u1ea9m c\u1ee7a b\u1ea1n.<\/li>\n<\/ul>\n<p class=\"ai-center-markdown-p\"><strong class=\"ai-center-markdown-strong\">2. Ch\u00fang t\u00f4i l\u00e0 ai?<\/strong>\u00a0Ch\u00fang t\u00f4i l\u00e0 m\u1ed9t c\u00f4ng ty c\u00f3 tr\u1ee5 s\u1edf t\u1ea1i Trung Qu\u1ed1c, \u0111\u01b0\u1ee3c th\u00e0nh l\u1eadp v\u00e0o n\u0103m 2014. C\u00e1c th\u1ecb tr\u01b0\u1eddng ch\u00ednh c\u1ee7a ch\u00fang t\u00f4i bao g\u1ed3m:<\/p>\n<ul class=\"ai-center-markdown-ul\">\n<li class=\"ai-center-markdown-li\">Th\u1ecb tr\u01b0\u1eddng n\u1ed9i \u0111\u1ecba: 70%<\/li>\n<li class=\"ai-center-markdown-li\">Ch\u00e2u \u0110\u1ea1i D\u01b0\u01a1ng: 8%<\/li>\n<li class=\"ai-center-markdown-li\">Trung \u0110\u00f4ng: 7%<\/li>\n<li class=\"ai-center-markdown-li\">\u0110\u00f4ng \u00c1: 2%<\/li>\n<li class=\"ai-center-markdown-li\">B\u1eafc M\u1ef9: 2%<\/li>\n<li class=\"ai-center-markdown-li\">T\u00e2y \u00c2u: 2%<\/li>\n<li class=\"ai-center-markdown-li\">\u0110\u00f4ng Nam \u00c1: 2%<\/li>\n<li class=\"ai-center-markdown-li\">Nam \u00c1: 1%<\/li>\n<li class=\"ai-center-markdown-li\">Nam M\u1ef9: 1%<\/li>\n<li class=\"ai-center-markdown-li\">Ch\u00e2u \u00c2u: 1%<\/li>\n<li class=\"ai-center-markdown-li\">Trung M\u1ef9: 1%<\/li>\n<li class=\"ai-center-markdown-li\">B\u1eafc \u00c2u: 1%<\/li>\n<li class=\"ai-center-markdown-li\">Ch\u00e2u Phi: 1%<\/li>\n<li class=\"ai-center-markdown-li\">\u0110\u00f4ng \u00c2u: 1%<\/li>\n<\/ul>\n<p class=\"ai-center-markdown-p\"><strong class=\"ai-center-markdown-strong\">3. L\u00e0m th\u1ebf n\u00e0o ch\u00fang t\u00f4i c\u00f3 th\u1ec3 \u0111\u1ea3m b\u1ea3o ch\u1ea5t l\u01b0\u1ee3ng?<\/strong><\/p>\n<ul class=\"ai-center-markdown-ul\">\n<li class=\"ai-center-markdown-li\"><strong class=\"ai-center-markdown-strong\">M\u1eabu tr\u01b0\u1edbc s\u1ea3n xu\u1ea5t<\/strong>: Ch\u00fang t\u00f4i lu\u00f4n cung c\u1ea5p m\u1ed9t m\u1eabu tr\u01b0\u1edbc khi s\u1ea3n xu\u1ea5t h\u00e0ng lo\u1ea1t \u0111\u1ec3 \u0111\u1ea3m b\u1ea3o ch\u1ea5t l\u01b0\u1ee3ng.<\/li>\n<li class=\"ai-center-markdown-li\"><strong class=\"ai-center-markdown-strong\">Ki\u1ec3m tra cu\u1ed1i c\u00f9ng<\/strong>M\u1ed7i l\u00f4 h\u00e0ng tr\u1ea3i qua m\u1ed9t ki\u1ec3m tra cu\u1ed1i c\u00f9ng k\u1ef9 l\u01b0\u1ee1ng tr\u01b0\u1edbc khi g\u1eedi.<\/li>\n<\/ul>\n<p class=\"ai-center-markdown-p\"><strong class=\"ai-center-markdown-strong\">4. B\u1ea1n c\u00f3 th\u1ec3 mua g\u00ec t\u1eeb ch\u00fang t\u00f4i?<\/strong>\u00a0Ch\u00fang t\u00f4i cung c\u1ea5p m\u1ed9t lo\u1ea1t c\u00e1c v\u1eadt li\u1ec7u \u0111\u00f3ng g\u00f3i m\u1ef9 ph\u1ea9m bao g\u1ed3m:<\/p>\n<ul class=\"ai-center-markdown-ul\">\n<li class=\"ai-center-markdown-li\">Chai th\u1ee7y tinh<\/li>\n<li class=\"ai-center-markdown-li\">Chai nh\u1ef1a \/ l\u1ecd \/ \u1ed1ng<\/li>\n<li class=\"ai-center-markdown-li\">Chai nh\u00f4m \/ l\u1ecd \/ \u1ed1ng<\/li>\n<\/ul>\n<p class=\"ai-center-markdown-p\"><strong class=\"ai-center-markdown-strong\">5. Ch\u00fang t\u00f4i c\u00f3 th\u1ec3 cung c\u1ea5p d\u1ecbch v\u1ee5 g\u00ec?<\/strong><\/p>\n<ul class=\"ai-center-markdown-ul\">\n<li class=\"ai-center-markdown-li\"><strong class=\"ai-center-markdown-strong\">\u0110i\u1ec1u kho\u1ea3n giao h\u00e0ng<\/strong>: Ch\u00fang t\u00f4i ch\u1ea5p nh\u1eadn c\u00e1c \u0111i\u1ec1u kho\u1ea3n FOB, CFR v\u00e0 CIF.<\/li>\n<li class=\"ai-center-markdown-li\"><strong class=\"ai-center-markdown-strong\">Ti\u1ec1n t\u1ec7 thanh to\u00e1n<\/strong>: Ch\u00fang t\u00f4i ch\u1ea5p nh\u1eadn USD, EUR, HKD v\u00e0 CNY.<\/li>\n<li class=\"ai-center-markdown-li\"><strong class=\"ai-center-markdown-strong\">Ph\u01b0\u01a1ng ph\u00e1p thanh to\u00e1n<\/strong>: Ch\u00fang t\u00f4i ch\u1ea5p nh\u1eadn T \/ T, L \/ C, D \/ P v\u00e0 D \/ A.<\/li>\n<li class=\"ai-center-markdown-li\"><strong class=\"ai-center-markdown-strong\">Ng\u00f4n ng\u1eef n\u00f3i<\/strong>\u0110\u1ed9i ng\u0169 c\u1ee7a ch\u00fang t\u00f4i c\u00f3 th\u1ec3 giao ti\u1ebfp b\u1eb1ng ti\u1ebfng Anh v\u00e0 ti\u1ebfng Trung Qu\u1ed1c.<\/li>\n<\/ul>\n<p>&nbsp;<\/p>","protected":false},"excerpt":{"rendered":"<p>V\u1eadt li\u1ec7u chai: PE<\/p>\n<p>V\u1eadt li\u1ec7u gi\u1edbi h\u1ea1n: PP<\/p>\n<p>C\u00f4ng su\u1ea5t: 200ml<\/p>\n<p>N\u1eafp: B\u01a1m b\u1ecdt<\/p>\n<p>M\u00e0u s\u1eafc: T\u00f9y ch\u1ec9nh (b\u1ea5t k\u1ef3 m\u00e0u pantone n\u00e0o c\u00f3 s\u1eb5n)<\/p>\n<p>B\u1ec1 m\u1eb7t ho\u00e0n thi\u1ec7n: In m\u00e0n h\u00ecnh, s\u01b0\u01a1ng gi\u00e1, d\u1eadp n\u00f3ng, gradient phun, k\u1ebft th\u00fac m\u1edd, v.v.<\/p>\n<p>MOQ: 5000pcs;<\/p>\n<p>&nbsp;<\/p>","protected":false},"featured_media":1553,"comment_status":"closed","ping_status":"closed","template":"","meta":{"_acf_changed":false},"product_brand":[],"product_cat":[50,18],"product_tag":[41],"class_list":{"0":"post-1550","1":"product","2":"type-product","3":"status-publish","4":"has-post-thumbnail","6":"product_cat-foam-bottle","7":"product_cat-plastic-bottle","8":"product_tag-plastic-bottle","10":"first","11":"outofstock","12":"shipping-taxable","13":"product-type-simple"},"acf":[],"_links":{"self":[{"href":"https:\/\/www.cosmepak.com\/vi\/wp-json\/wp\/v2\/product\/1550","targetHints":{"allow":["GET"]}}],"collection":[{"href":"https:\/\/www.cosmepak.com\/vi\/wp-json\/wp\/v2\/product"}],"about":[{"href":"https:\/\/www.cosmepak.com\/vi\/wp-json\/wp\/v2\/types\/product"}],"replies":[{"embeddable":true,"href":"https:\/\/www.cosmepak.com\/vi\/wp-json\/wp\/v2\/comments?post=1550"}],"wp:featuredmedia":[{"embeddable":true,"href":"https:\/\/www.cosmepak.com\/vi\/wp-json\/wp\/v2\/media\/1553"}],"wp:attachment":[{"href":"https:\/\/www.cosmepak.com\/vi\/wp-json\/wp\/v2\/media?parent=1550"}],"wp:term":[{"taxonomy":"product_brand","embeddable":true,"href":"https:\/\/www.cosmepak.com\/vi\/wp-json\/wp\/v2\/product_brand?post=1550"},{"taxonomy":"product_cat","embeddable":true,"href":"https:\/\/www.cosmepak.com\/vi\/wp-json\/wp\/v2\/product_cat?post=1550"},{"taxonomy":"product_tag","embeddable":true,"href":"https:\/\/www.cosmepak.com\/vi\/wp-json\/wp\/v2\/product_tag?post=1550"}],"curies":[{"name":"WP","href":"https:\/\/api.w.org\/{rel}","templated":true}]}}