{"id":1562,"date":"2025-03-28T13:21:15","date_gmt":"2025-03-28T05:21:15","guid":{"rendered":"https:\/\/www.cosmepak.com\/?post_type=product&#038;p=1562"},"modified":"2025-10-23T14:14:50","modified_gmt":"2025-10-23T06:14:50","slug":"double-collar-dropper-bottle-cylinder-shape-serum-glass-bottle","status":"publish","type":"product","link":"https:\/\/www.cosmepak.com\/vi\/product\/double-collar-dropper-bottle-cylinder-shape-serum-glass-bottle\/","title":{"rendered":"Double Collar Dropper Chai Xi lanh H\u00ecnh d\u1ea1ng Th\u1ee7y tinh Serum Chai"},"content":{"rendered":"<table style=\"border-collapse: collapse; width: 100%; height: 242px;\">\n<tbody>\n<tr style=\"height: 24px;\">\n<td style=\"width: 52.2293%; height: 24px; text-align: center;\">Th\u01b0\u01a1ng hi\u1ec7u<\/td>\n<td style=\"width: 47.7707%; height: 24px; text-align: center;\">\u00a0Jaunce<\/td>\n<\/tr>\n<tr style=\"height: 24px;\">\n<td style=\"width: 52.2293%; height: 24px; text-align: center;\">Dung t\u00edch<\/td>\n<td style=\"width: 47.7707%; height: 24px; text-align: center;\">5ml \/ 10ml \/ 15ml \/ 30ml<\/td>\n<\/tr>\n<tr style=\"height: 24px;\">\n<td style=\"width: 52.2293%; height: 24px; text-align: center;\">H\u00ecnh d\u1ea1ng<\/td>\n<td style=\"width: 47.7707%; height: 24px; text-align: center;\">xi lanh<\/td>\n<\/tr>\n<tr style=\"height: 24px;\">\n<td style=\"width: 52.2293%; height: 24px; text-align: center;\">Ph\u00f9 h\u1ee3p<\/td>\n<td style=\"width: 47.7707%; height: 24px; text-align: center;\">Thu\u1ed1c nh\u1ecf gi\u1ecdt<\/td>\n<\/tr>\n<tr style=\"height: 24px;\">\n<td style=\"width: 52.2293%; height: 24px; text-align: center;\">Ng\u01b0\u1eddi m\u1eabu<\/td>\n<td style=\"width: 47.7707%; height: 24px; text-align: center;\">S\u1ea3n ph\u1ea9m JH-YM-20240422-1<\/td>\n<\/tr>\n<tr style=\"height: 24px;\">\n<td style=\"width: 52.2293%; height: 24px; text-align: center;\">S\u1ea3n ph\u1ea9m OEM \/ ODM<\/td>\n<td style=\"width: 47.7707%; height: 24px; text-align: center;\">Ch\u1ea5p nh\u1eadn<\/td>\n<\/tr>\n<tr style=\"height: 24px;\">\n<td style=\"width: 52.2293%; height: 24px; text-align: center;\">M\u00e0u s\u1eafc<\/td>\n<td style=\"width: 47.7707%; height: 24px; text-align: center;\">T\u00f9y ch\u1ec9nh<\/td>\n<\/tr>\n<tr style=\"height: 24px;\">\n<td style=\"width: 52.2293%; height: 24px; text-align: center;\">MOQ<\/td>\n<td style=\"width: 47.7707%; height: 24px; text-align: center;\">Chung 5000pcs;<\/td>\n<\/tr>\n<\/tbody>\n<\/table>\n<table style=\"border-collapse: collapse; width: 100%;\">\n<tbody>\n<tr>\n<td style=\"width: 16.6667%; text-align: center;\"><strong>Dung t\u00edch<\/strong><\/td>\n<td style=\"width: 16.6667%; text-align: center;\"><strong>Chai chi\u1ec1u cao<\/strong><\/td>\n<td style=\"width: 16.6667%; text-align: center;\"><strong>\u0110\u01b0\u1eddng k\u00ednh chai<\/strong><\/td>\n<td style=\"width: 16.6667%; text-align: center;\"><strong>Khu v\u1ef1c<\/strong><\/td>\n<td style=\"width: 16.6667%; text-align: center;\"><strong>Chi\u1ec1u cao c\u00f3 th\u1ec3 in<\/strong><\/td>\n<td style=\"width: 16.6667%; text-align: center;\"><strong>C\u00e2n n\u1eb7ng<\/strong><\/td>\n<\/tr>\n<tr>\n<td style=\"width: 16.6667%; text-align: center;\">5ml<\/td>\n<td style=\"width: 16.6667%; text-align: center;\">80mm<\/td>\n<td style=\"width: 16.6667%; text-align: center;\">27.5mm<\/td>\n<td style=\"width: 16.6667%; text-align: center;\">86 mm<\/td>\n<td style=\"width: 16.6667%; text-align: center;\">27mm<\/td>\n<td style=\"width: 16.6667%; text-align: center;\">40g<\/td>\n<\/tr>\n<tr>\n<td style=\"width: 16.6667%; text-align: center;\">10ml<\/td>\n<td style=\"width: 16.6667%; text-align: center;\">95mm<\/td>\n<td style=\"width: 16.6667%; text-align: center;\">26.5mm<\/td>\n<td style=\"width: 16.6667%; text-align: center;\">82.5mm<\/td>\n<td style=\"width: 16.6667%; text-align: center;\">43mm<\/td>\n<td style=\"width: 16.6667%; text-align: center;\">49g<\/td>\n<\/tr>\n<tr>\n<td style=\"width: 16.6667%; text-align: center;\">15ml<\/td>\n<td style=\"width: 16.6667%; text-align: center;\">114mm<\/td>\n<td style=\"width: 16.6667%; text-align: center;\">28.5mm<\/td>\n<td style=\"width: 16.6667%; text-align: center;\">89 mm<\/td>\n<td style=\"width: 16.6667%; text-align: center;\">60mm<\/td>\n<td style=\"width: 16.6667%; text-align: center;\">68g<\/td>\n<\/tr>\n<tr>\n<td style=\"width: 16.6667%; text-align: center;\">30ml<\/td>\n<td style=\"width: 16.6667%; text-align: center;\">T\u1eeb 132mm<\/td>\n<td style=\"width: 16.6667%; text-align: center;\">30.5mm<\/td>\n<td style=\"width: 16.6667%; text-align: center;\">96mm<\/td>\n<td style=\"width: 16.6667%; text-align: center;\">76mm<\/td>\n<td style=\"width: 16.6667%; text-align: center;\">89g<\/td>\n<\/tr>\n<\/tbody>\n<\/table>\n<div>Chai n\u00e0y cung c\u1ea5p 4 t\u00f9y ch\u1ecdn dung l\u01b0\u1ee3ng kh\u00e1c nhau: 5ml, 10ml, 15ml v\u00e0 30ml.<\/div>\n<div><strong>T\u00f9y ch\u1ecdn ti\u00eau chu\u1ea9n<\/strong>: Gradient v\u00e0ng, Gradient xanh, Gradient t\u00edm, Gradient \u0111en, Gradient tr\u1eafng, Gradient xanh l\u00e1 c\u00e2y, b\u1ea1c; M\u00e0u s\u1eafc gradient th\u01b0\u1eddng xuy\u00ean t\u1ef1 nhi\u00ean t\u1ecfa ra c\u1ea3m gi\u00e1c th\u1eddi trang v\u00e0 ph\u00f9 h\u1ee3p v\u1edbi v\u1ecb tr\u00ed cao c\u1ea5p c\u1ee7a h\u1ea7u h\u1ebft c\u00e1c th\u01b0\u01a1ng hi\u1ec7u ch\u0103m s\u00f3c da v\u00e0 n\u01b0\u1edbc hoa.<\/div>\n<div><strong>H\u1ed7 tr\u1ee3 t\u00f9y ch\u1ec9nh<\/strong>: In c\u00f3 th\u1ec3 \u0111\u01b0\u1ee3c t\u00f9y ch\u1ec9nh theo m\u00e3 m\u00e0u Pantone \u0111\u01b0\u1ee3c cung c\u1ea5p; T\u00f9y ch\u1ec9nh m\u00e3 m\u00e0u Pantone cho ph\u00e9p th\u1ed1ng nh\u1ea5t m\u00e0u s\u1eafc th\u01b0\u01a1ng hi\u1ec7u v\u00e0 t\u0103ng c\u01b0\u1eddng nh\u1eadn d\u1ea1ng th\u1ecb gi\u00e1c (ch\u1eb3ng h\u1ea1n nh\u01b0 th\u00e2n chai m\u00e0u \u0111\u1ed9c quy\u1ec1n th\u01b0\u01a1ng hi\u1ec7u).<\/div>\n<div>Th\u00e2n chai d\u00e0y l\u00e0m t\u0103ng kh\u1ea3 n\u0103ng ch\u1ed1ng s\u1ed1c v\u00e0 k\u1ebft c\u1ea5u c\u1ee7a n\u00f3, k\u00e9o d\u00e0i tu\u1ed5i th\u1ecd c\u1ee7a n\u00f3; c\u00e1c v\u1eadt li\u1ec7u th\u00e2n thi\u1ec7n v\u1edbi m\u00f4i tr\u01b0\u1eddng ph\u00f9 h\u1ee3p v\u1edbi xu h\u01b0\u1edbng ti\u00eau th\u1ee5 xanh hi\u1ec7n t\u1ea1i, v\u00e0 c\u00f3 th\u1ec3 n\u00e2ng cao th\u01b0\u01a1ng hi\u1ec7u&#8217; h\u00ecnh \u1ea3nh gi\u00e1 tr\u1ecb x\u00e3 h\u1ed9i.<\/div>\n<div>D\u1ecbch v\u1ee5 t\u00f9y ch\u1ec9nh c\u1ee7a ch\u00fang t\u00f4i c\u00f3 nh\u1eefng l\u1ee3i th\u1ebf c\u1ed1t l\u00f5i sau:<br \/>\nT\u00f9y ch\u1ec9nh m\u00e0u s\u1eafc Pantone l\u00e0 m\u1ed9t d\u1ecbch v\u1ee5 kh\u00e1c bi\u1ec7t quan tr\u1ecdng. L\u1ee3i th\u1ebf c\u1ee7a n\u00f3 n\u1eb1m trong:<br \/>\nPh\u00f9 h\u1ee3p ch\u00ednh x\u00e1c v\u1edbi h\u1ec7 th\u1ed1ng th\u1ecb gi\u00e1c th\u01b0\u01a1ng hi\u1ec7u, tr\u00e1nh v\u1ea5n \u0111\u1ec1 m\u00e0u s\u1eafc th\u00f4ng th\u01b0\u1eddng kh\u00f4ng ph\u00f9 h\u1ee3p v\u1edbi giai \u0111i\u1ec7u th\u01b0\u01a1ng hi\u1ec7u;<br \/>\nQu\u00e1 tr\u00ecnh in \u1ed5n \u0111\u1ecbnh v\u00e0 \u0111\u1ed9 ch\u00ednh x\u00e1c t\u00e1i t\u1ea1o m\u00e0u s\u1eafc cao, \u0111\u1ea3m b\u1ea3o m\u00e0u chai \u0111\u1ed3ng nh\u1ea5t trong qu\u00e1 tr\u00ecnh s\u1ea3n xu\u1ea5t l\u00f4 v\u00e0 lo\u1ea1i b\u1ecf nguy c\u01a1 kh\u00e1c bi\u1ec7t m\u00e0u s\u1eafc.<\/div>\n<div>\n<p><img fetchpriority=\"high\" decoding=\"async\" class=\"size-full wp-image-3227 aligncenter\" src=\"https:\/\/www.cosmepak.com\/wp-content\/uploads\/2025\/03\/O1CN01uEO52l1TbFVZm2lPg_2506382400-0-cib.jpg\" alt=\"\" width=\"800\" height=\"1345\" srcset=\"https:\/\/www.cosmepak.com\/wp-content\/uploads\/2025\/03\/O1CN01uEO52l1TbFVZm2lPg_2506382400-0-cib.jpg 800w, https:\/\/www.cosmepak.com\/wp-content\/uploads\/2025\/03\/O1CN01uEO52l1TbFVZm2lPg_2506382400-0-cib-178x300.jpg 178w, https:\/\/www.cosmepak.com\/wp-content\/uploads\/2025\/03\/O1CN01uEO52l1TbFVZm2lPg_2506382400-0-cib-609x1024.jpg 609w, https:\/\/www.cosmepak.com\/wp-content\/uploads\/2025\/03\/O1CN01uEO52l1TbFVZm2lPg_2506382400-0-cib-768x1291.jpg 768w, https:\/\/www.cosmepak.com\/wp-content\/uploads\/2025\/03\/O1CN01uEO52l1TbFVZm2lPg_2506382400-0-cib-7x12.jpg 7w, https:\/\/www.cosmepak.com\/wp-content\/uploads\/2025\/03\/O1CN01uEO52l1TbFVZm2lPg_2506382400-0-cib-600x1009.jpg 600w\" sizes=\"(max-width: 800px) 100vw, 800px\" \/><\/p>\n<table style=\"border-collapse: collapse; width: 100%;\">\n<tbody>\n<tr>\n<td style=\"width: 33.3333%;\"><img decoding=\"async\" class=\"alignnone size-full wp-image-3224\" src=\"https:\/\/www.cosmepak.com\/wp-content\/uploads\/2025\/03\/1-12.jpg\" alt=\"\" width=\"1000\" height=\"1000\" srcset=\"https:\/\/www.cosmepak.com\/wp-content\/uploads\/2025\/03\/1-12.jpg 1000w, https:\/\/www.cosmepak.com\/wp-content\/uploads\/2025\/03\/1-12-300x300.jpg 300w, https:\/\/www.cosmepak.com\/wp-content\/uploads\/2025\/03\/1-12-150x150.jpg 150w, https:\/\/www.cosmepak.com\/wp-content\/uploads\/2025\/03\/1-12-768x768.jpg 768w, https:\/\/www.cosmepak.com\/wp-content\/uploads\/2025\/03\/1-12-12x12.jpg 12w, https:\/\/www.cosmepak.com\/wp-content\/uploads\/2025\/03\/1-12-600x600.jpg 600w, https:\/\/www.cosmepak.com\/wp-content\/uploads\/2025\/03\/1-12-100x100.jpg 100w\" sizes=\"(max-width: 1000px) 100vw, 1000px\" \/><\/td>\n<td style=\"width: 33.3333%;\"><img decoding=\"async\" class=\"alignnone size-full wp-image-3226\" src=\"https:\/\/www.cosmepak.com\/wp-content\/uploads\/2025\/03\/7-6.jpg\" alt=\"\" width=\"680\" height=\"680\" srcset=\"https:\/\/www.cosmepak.com\/wp-content\/uploads\/2025\/03\/7-6.jpg 680w, https:\/\/www.cosmepak.com\/wp-content\/uploads\/2025\/03\/7-6-300x300.jpg 300w, https:\/\/www.cosmepak.com\/wp-content\/uploads\/2025\/03\/7-6-150x150.jpg 150w, https:\/\/www.cosmepak.com\/wp-content\/uploads\/2025\/03\/7-6-12x12.jpg 12w, https:\/\/www.cosmepak.com\/wp-content\/uploads\/2025\/03\/7-6-600x600.jpg 600w, https:\/\/www.cosmepak.com\/wp-content\/uploads\/2025\/03\/7-6-100x100.jpg 100w\" sizes=\"(max-width: 680px) 100vw, 680px\" \/><\/td>\n<td style=\"width: 33.3333%;\"><img loading=\"lazy\" decoding=\"async\" class=\"alignnone size-full wp-image-3225\" src=\"https:\/\/www.cosmepak.com\/wp-content\/uploads\/2025\/03\/3-6.jpg\" alt=\"\" width=\"1000\" height=\"1000\" srcset=\"https:\/\/www.cosmepak.com\/wp-content\/uploads\/2025\/03\/3-6.jpg 1000w, https:\/\/www.cosmepak.com\/wp-content\/uploads\/2025\/03\/3-6-300x300.jpg 300w, https:\/\/www.cosmepak.com\/wp-content\/uploads\/2025\/03\/3-6-150x150.jpg 150w, https:\/\/www.cosmepak.com\/wp-content\/uploads\/2025\/03\/3-6-768x768.jpg 768w, https:\/\/www.cosmepak.com\/wp-content\/uploads\/2025\/03\/3-6-12x12.jpg 12w, https:\/\/www.cosmepak.com\/wp-content\/uploads\/2025\/03\/3-6-600x600.jpg 600w, https:\/\/www.cosmepak.com\/wp-content\/uploads\/2025\/03\/3-6-100x100.jpg 100w\" sizes=\"(max-width: 1000px) 100vw, 1000px\" \/><\/td>\n<\/tr>\n<\/tbody>\n<\/table>\n<\/div>","protected":false},"excerpt":{"rendered":"<p>V\u1eadt li\u1ec7u: th\u1ee7y tinh<\/p>\n<p>C\u00f4ng su\u1ea5t: 5ml, 10ml, 15ml, 30ml<\/p>\n<p>M\u00e0u s\u1eafc: Ch\u1ea5p nh\u1eadn t\u00f9y ch\u1ec9nh (b\u1ea5t k\u1ef3 m\u00e0u pantone n\u00e0o c\u00f3 s\u1eb5n)<\/p>\n<p>Ho\u00e0n thi\u1ec7n b\u1ec1 m\u1eb7t: in m\u00e0n h\u00ecnh, d\u1eadp n\u00f3ng, gradient phun, k\u1ebft th\u00fac m\u1edd, v.v.<\/p>\n<p>MOQ: 5000pcs<\/p>\n<p>M\u1eabu: c\u00f3 s\u1eb5n m\u1eabu mi\u1ec5n ph\u00ed<\/p>\n<p>&nbsp;<\/p>\n<p>&nbsp;<\/p>","protected":false},"featured_media":3226,"comment_status":"closed","ping_status":"closed","template":"","meta":{"_acf_changed":false},"product_brand":[],"product_cat":[15,58],"product_tag":[40],"class_list":{"0":"post-1562","1":"product","2":"type-product","3":"status-publish","4":"has-post-thumbnail","6":"product_cat-essential-oil-bottle","7":"product_cat-glass-essential-oil-bottle","8":"product_tag-essential-oil-bottle","10":"first","11":"outofstock","12":"shipping-taxable","13":"product-type-simple"},"acf":[],"_links":{"self":[{"href":"https:\/\/www.cosmepak.com\/vi\/wp-json\/wp\/v2\/product\/1562","targetHints":{"allow":["GET"]}}],"collection":[{"href":"https:\/\/www.cosmepak.com\/vi\/wp-json\/wp\/v2\/product"}],"about":[{"href":"https:\/\/www.cosmepak.com\/vi\/wp-json\/wp\/v2\/types\/product"}],"replies":[{"embeddable":true,"href":"https:\/\/www.cosmepak.com\/vi\/wp-json\/wp\/v2\/comments?post=1562"}],"wp:featuredmedia":[{"embeddable":true,"href":"https:\/\/www.cosmepak.com\/vi\/wp-json\/wp\/v2\/media\/3226"}],"wp:attachment":[{"href":"https:\/\/www.cosmepak.com\/vi\/wp-json\/wp\/v2\/media?parent=1562"}],"wp:term":[{"taxonomy":"product_brand","embeddable":true,"href":"https:\/\/www.cosmepak.com\/vi\/wp-json\/wp\/v2\/product_brand?post=1562"},{"taxonomy":"product_cat","embeddable":true,"href":"https:\/\/www.cosmepak.com\/vi\/wp-json\/wp\/v2\/product_cat?post=1562"},{"taxonomy":"product_tag","embeddable":true,"href":"https:\/\/www.cosmepak.com\/vi\/wp-json\/wp\/v2\/product_tag?post=1562"}],"curies":[{"name":"WP","href":"https:\/\/api.w.org\/{rel}","templated":true}]}}