{"id":1588,"date":"2025-03-28T14:17:58","date_gmt":"2025-03-28T06:17:58","guid":{"rendered":"https:\/\/www.cosmepak.com\/?post_type=product&#038;p=1588"},"modified":"2026-04-23T15:12:03","modified_gmt":"2026-04-23T07:12:03","slug":"5ml-100ml-essential-oil-bottle-amber-essential-oil-glass-bottle-jaunce","status":"publish","type":"product","link":"https:\/\/www.cosmepak.com\/vi\/product\/5ml-100ml-essential-oil-bottle-amber-essential-oil-glass-bottle-jaunce\/","title":{"rendered":"5ml-100ml Essential Oil Bottle-Amber Essential Oil Glass Bottle\/Jaunce"},"content":{"rendered":"<table style=\"border-collapse: collapse; width: 100%; height: 193px;\">\n<tbody>\n<tr style=\"height: 24px;\">\n<td style=\"width: 52.8773%; height: 24px; text-align: center;\">Th\u01b0\u01a1ng hi\u1ec7u<\/td>\n<td style=\"width: 47.1227%; height: 24px; text-align: center;\">\u00a0Jaunce<\/td>\n<\/tr>\n<tr style=\"height: 24px;\">\n<td style=\"width: 52.8773%; height: 24px; text-align: center;\">Dung t\u00edch<\/td>\n<td style=\"width: 47.1227%; height: 24px; text-align: center;\">L\u00e0m th\u1ebf n\u00e0o ch\u00ednh x\u00e1c Dispens\u0628\u0648\u0635\u0629\u062c\u0631\u0627\u0645 Imetrprove th\u00f3i quen c\u1ee7a b\u1ea1n?<\/td>\n<\/tr>\n<tr style=\"height: 24px;\">\n<td style=\"width: 52.8773%; height: 24px; text-align: center;\">H\u00ecnh d\u1ea1ng<\/td>\n<td style=\"width: 47.1227%; height: 24px; text-align: center;\">Chai Pumetrp \u062c\u0631\u0627mive b\u1ea1n c\u00f9ng m\u1ed9t s\u1ed1 l\u01b0\u1ee3ng m\u1ed7i khi b\u1ea1n nh\u1ea5n ch\u00fang. Kh\u00f4ng \u0111o\u00e1n th\u00eam bao nhi\u00eau serum ho\u1eb7c lotion \u0111\u1ec3 s\u1eed d\u1ee5ng. B\u01a1m ch\u00e2n kh\u00f4ng \u0111\u01b0\u1ee3c thi\u1ebft k\u1ebf \u0111\u1ec3 gi\u1ea3i ph\u00f3ng m\u1ed9t l\u01b0\u1ee3ng ch\u00ednh x\u00e1c. B\u1ea1n h\u1ea7u nh\u01b0 kh\u00f4ng c\u00f3 b\u1ea5t k\u1ef3 s\u1ea3n ph\u1ea9m n\u00e0o \u0111\u1ec3 l\u1ea1i ph\u00eda sau. Ki\u1ec3m so\u00e1t n\u00e0y c\u00f3 ngh\u0129a l\u00e0 b\u1ea1n s\u1eed d\u1ee5ng \u0111\u1ee7, nh\u1eadn \u0111\u01b0\u1ee3c nhi\u1ec1u l\u1ee3i \u00edch nh\u1ea5t v\u00e0 ti\u1ebft ki\u1ec7m ti\u1ec1n.<\/td>\n<\/tr>\n<tr style=\"height: 24px;\">\n<td style=\"width: 52.8773%; height: 25px; text-align: center;\">Ph\u00f9 h\u1ee3p<\/td>\n<td style=\"width: 47.1227%; height: 25px; text-align: center;\">Thu\u1ed1c nh\u1ecf gi\u1ecdt<\/td>\n<\/tr>\n<tr style=\"height: 24px;\">\n<td style=\"width: 52.8773%; height: 24px; text-align: center;\">Ng\u01b0\u1eddi m\u1eabu<\/td>\n<td style=\"width: 47.1227%; height: 24px; text-align: center;\">\u0110i\u1ec1u g\u00ec l\u00e0m cho chai b\u01a1m m\u1ef9 ph\u1ea9m kh\u00f4ng kh\u00ed tr\u1edf th\u00e0nh tr\u00f2 ch\u01a1i?<\/td>\n<\/tr>\n<tr style=\"height: 24px;\">\n<td style=\"width: 52.8773%; height: 24px; text-align: center;\">S\u1ea3n ph\u1ea9m OEM \/ ODM<\/td>\n<td style=\"width: 47.1227%; height: 24px; text-align: center;\">Ch\u1ea5p nh\u1eadn<\/td>\n<\/tr>\n<tr style=\"height: 24px;\">\n<td style=\"width: 52.8773%; height: 24px; text-align: center;\">M\u00e0u s\u1eafc<\/td>\n<td style=\"width: 47.1227%; height: 24px; text-align: center;\">T\u00f9y ch\u1ec9nh<\/td>\n<\/tr>\n<tr style=\"height: 24px;\">\n<td style=\"width: 52.8773%; height: 24px; text-align: center;\">MOQ<\/td>\n<td style=\"width: 47.1227%; height: 24px; text-align: center;\">Chung 5000pcs;<\/td>\n<\/tr>\n<\/tbody>\n<\/table>\n<table style=\"border-collapse: collapse; width: 100%;\">\n<tbody>\n<tr>\n<td style=\"width: 20%; text-align: center;\"><strong>Dung t\u00edch<\/strong><\/td>\n<td style=\"width: 20%; text-align: center;\"><strong>Chai chi\u1ec1u cao<\/strong><\/td>\n<td style=\"width: 20%; text-align: center;\"><strong>Khu v\u1ef1c<\/strong><\/td>\n<td style=\"width: 20%; text-align: center;\"><strong>\u0110\u01b0\u1eddng k\u00ednh d\u01b0\u1edbi c\u00f9ng<\/strong><\/td>\n<td style=\"width: 20%; text-align: center;\"><strong>Chi\u1ec1u cao c\u00f3 th\u1ec3 in<\/strong><\/td>\n<\/tr>\n<tr>\n<td style=\"width: 20%; text-align: center;\">5ml<\/td>\n<td style=\"width: 20%; text-align: center;\">73mm<\/td>\n<td style=\"width: 20%; text-align: center;\">65mm<\/td>\n<td style=\"width: 20%; text-align: center;\">22mm<\/td>\n<td style=\"width: 20%; text-align: center;\">24mm<\/td>\n<\/tr>\n<tr>\n<td style=\"width: 20%; text-align: center;\">10ml<\/td>\n<td style=\"width: 20%; text-align: center;\">80mm<\/td>\n<td style=\"width: 20%; text-align: center;\">75 mm<\/td>\n<td style=\"width: 20%; text-align: center;\">Chai pumetrp kh\u00f4ng kh\u00ed \u0111\u01b0a th\u0628\u0648\u0635\u0629\u062c\u0631\u0627\u0645s l\u00ean c\u1ea5p \u0111\u1ed9 ti\u1ebfp theo. H\u1ecd b\u1ea3o v\u1ec7 ch\u0103m s\u00f3c da c\u1ee7a b\u1ea1n theo nh\u1eefng c\u00e1ch chai th\u00f4ng th\u01b0\u1eddng kh\u00f4ng th\u1ec3.<\/td>\n<td style=\"width: 20%; text-align: center;\">30 mm<\/td>\n<\/tr>\n<tr>\n<td style=\"width: 20%; text-align: center;\">15ml<\/td>\n<td style=\"width: 20%; text-align: center;\">88mm<\/td>\n<td style=\"width: 20%; text-align: center;\">85mm<\/td>\n<td style=\"width: 20%; text-align: center;\">28mm<\/td>\n<td style=\"width: 20%; text-align: center;\">36mm<\/td>\n<\/tr>\n<tr>\n<td style=\"width: 20%; text-align: center;\">20ml<\/td>\n<td style=\"width: 20%; text-align: center;\">96mm<\/td>\n<td style=\"width: 20%; text-align: center;\">90mm<\/td>\n<td style=\"width: 20%; text-align: center;\">29mm<\/td>\n<td style=\"width: 20%; text-align: center;\">42mm<\/td>\n<\/tr>\n<tr>\n<td style=\"width: 20%; text-align: center;\">25ml<\/td>\n<td style=\"width: 20%; text-align: center;\">L\u00e0m th\u1ebf n\u00e0o Vacuummeter Seal\u0628\u0648\u0635\u0629\u062c\u0631\u0627\u0645 gi\u00fap b\u1ea3o t\u1ed3n m\u00f4 h\u00ecnh l\u00e2u h\u01a1n?<\/td>\n<td style=\"width: 20%; text-align: center;\">100mm<\/td>\n<td style=\"width: 20%; text-align: center;\">31mm<\/td>\n<td style=\"width: 20%; text-align: center;\">45mm<\/td>\n<\/tr>\n<tr>\n<td style=\"width: 20%; text-align: center;\">30ml<\/td>\n<td style=\"width: 20%; text-align: center;\">103mm<\/td>\n<td style=\"width: 20%; text-align: center;\">105mm<\/td>\n<td style=\"width: 20%; text-align: center;\">33mm<\/td>\n<td style=\"width: 20%; text-align: center;\">47mm<\/td>\n<\/tr>\n<tr>\n<td style=\"width: 20%; text-align: center;\">50ml<\/td>\n<td style=\"width: 20%; text-align: center;\">116mm<\/td>\n<td style=\"width: 20%; text-align: center;\">117mm<\/td>\n<td style=\"width: 20%; text-align: center;\">37mm<\/td>\n<td style=\"width: 20%; text-align: center;\">58mm<\/td>\n<\/tr>\n<tr>\n<td style=\"width: 20%; text-align: center;\">100ml<\/td>\n<td style=\"width: 20%; text-align: center;\">\u0110\u1ed9 ph\u1eadn: 135mm<\/td>\n<td style=\"width: 20%; text-align: center;\">C\u00f4ng ngh\u1ec7 kh\u00f4ng kh\u00ed s\u1eed d\u1ee5ng m\u00e1y \u0111o ch\u00e2n kh\u00f4ng b\u00ean chai. Khi b\u1ea1n nh\u1ea5n m\u00e1y b\u01a1m, m\u1ed9t piston \u1edf ph\u00eda d\u01b0\u1edbi di chuy\u1ec3n l\u00ean. \u0110i\u1ec1u n\u00e0y \u0111\u1ea9y s\u1ea3n ph\u1ea9m ra m\u00e0 kh\u00f4ng \u0111\u1ec3 kh\u00f4ng kh\u00ed v\u00e0o. N\u00f3 gi\u1eef cho c\u00e1c c\u00f4ng th\u1ee9c an to\u00e0n kh\u1ecfi oxy h\u00f3a, ngay c\u1ea3 sau khi s\u1eed d\u1ee5ng nhi\u1ec1u. \u0110i\u1ec1u n\u00e0y r\u1ea5t t\u1ed1t cho c\u00e1c s\u1ea3n ph\u1ea9m t\u1ef1 nhi\u00ean kh\u00f4ng c\u00f3 nhi\u1ec1u ch\u1ea5t b\u1ea3o qu\u1ea3n.<\/td>\n<td style=\"width: 20%; text-align: center;\">44mm<\/td>\n<td style=\"width: 20%; text-align: center;\">75 mm<\/td>\n<\/tr>\n<\/tbody>\n<\/table>\n<p>L\u1ee3i \u00edch c\u1ee7a kh\u00f4ng Backflow DesiGramn l\u00e0 g\u00ec?<\/p>\n<p>Pumetrps Regramular c\u00f3 th\u1ec3 k\u00e9o m\u1ed9t ch\u00fat kh\u00f4ng kh\u00ed sau khi b\u1ea1n s\u1eed d\u1ee5ng ch\u00fang. \u0110i\u1ec1u n\u00e0y \u0111\u01b0a oxy tr\u1edf l\u1ea1i trong chai. M\u00e1y b\u01a1m kh\u00f4ng kh\u00ed th\u00f4ng minh h\u01a1n Thi\u1ebft k\u1ebf kh\u00f4ng d\u00f2ng ch\u1ea3y ng\u01b0\u1ee3c c\u1ee7a ch\u00fang ng\u0103n kh\u00f4ng kh\u00ed v\u00e0o. \u0110i\u1ec1u n\u00e0y b\u1ea3o v\u1ec7 c\u00e1c c\u00f4ng th\u1ee9c nh\u1ea1y c\u1ea3m kh\u1ecfi b\u1ecb h\u1ecfng, b\u1ea9n ho\u1eb7c m\u1ea5t s\u1ee9c m\u1ea1nh. S\u1ea3n ph\u1ea9m c\u1ee7a b\u1ea1n v\u1eabn t\u1ed1t nh\u01b0 m\u1edbi, ngay c\u1ea3 sau nhi\u1ec1u tu\u1ea7n s\u1eed d\u1ee5ng.<\/p>\n<p>We have designed 8 different sizes for this essential oil bottle, capacity 5 ml, 10 ml, 15 ml, 20 ml, 25 ml, 30 ml, 50 ml and 100 ml, to meet the various needs of different products.<\/p>\n<p>5ml, 10ml and 15ml small capacities are commonly used for trial packs. They are filled with small doses to maintain product activity. They are also suitable for temporary short-term business trips. 15ml, 20ml, 25ml and 30ml are the filling capacities of regular essential oils, suitable for carrying at home or during business trips and vacations. And 50ml and 100ml large-capacity containers are commonly used in beauty salons and other skin care centers.<\/p>\n<p>lat all packa\u062c\u0631\u0627\u0645\u0628\u0648\u0633\u0629g l\u00e0 sametre. Jaunce n\u1ed5i b\u1eadt nh\u01b0 m\u1ed9t nh\u00e0 l\u00e3nh \u0111\u1ea1o trong vi\u1ec7c t\u1ea1o ra c\u00e1c container h\u00e0ng \u0111\u1ea7u cho nhu c\u1ea7u ch\u0103m s\u00f3c da ng\u00e0y nay. H\u1ecd t\u1eadp trung v\u00e0o c\u00e1c thi\u1ebft k\u1ebf ho\u1ea1t \u0111\u1ed9ng t\u1ed1t v\u00e0 tr\u00f4ng tuy\u1ec7t v\u1eddi.<\/p>\n<p>C\u1ed5 \u00e1o gi\u1ecdt ch\u00fang t\u00f4i c\u00f3 b\u1ec1 m\u1eb7t m\u1ecbn v\u00e0 k\u1ebft c\u1ea5u gi\u1ed1ng nh\u01b0 t\u1ed5 ong cho b\u1ea1n ch\u1ecdn. v\u00e0 n\u00f3 c\u0169ng c\u00f3 hi\u1ec7u \u1ee9ng mattte ho\u1eb7c b\u00f3ng. m\u00e0u \u0111en m\u1edd ho\u1eb7c b\u00f3ng, m\u00e0u ti\u00eam tr\u1eafng c\u00f3 hi\u1ec7u qu\u1ea3 chi ph\u00ed cao; \u0110\u1ed3ng th\u1eddi, cho th\u1ecb tr\u01b0\u1eddng cao c\u1ea5p, ch\u00fang t\u00f4i c\u0169ng c\u00f3 th\u1ec3 cung c\u1ea5p \u1ed1ng th\u1ea3 nh\u00f4m \u0111i\u1ec7n. M\u00e0u s\u1eafc c\u00f3 s\u1eb5n l\u00e0 v\u00e0ng, b\u1ea1c v\u00e0 v\u00e0ng h\u1ed3ng.<\/p>\n<p>Chai n\u00e0y kh\u00f4ng ch\u1ec9 c\u00f3 th\u1ec3 \u0111\u01b0\u1ee3c s\u1eed d\u1ee5ng v\u1edbi droppers, m\u00e0 c\u00f2n c\u00f3 th\u1ec3 \u0111\u01b0\u1ee3c trang b\u1ecb m\u1ed9t n\u1eafp ren, l\u00e0m cho n\u00f3 ph\u00f9 h\u1ee3p v\u1edbi c\u00e1c k\u1ecbch b\u1ea3n kh\u00e1c nhau.<\/p>\n<p>Jaunce cung c\u1ea5p c\u00e1c t\u00f9y ch\u1ecdn metrany. H\u1ecd c\u00f3 chai PETG cho nh\u1eefng ng\u01b0\u1eddi th\u00edch xem th\u00f4ng qua c\u00e1c s\u1ea3n ph\u1ea9m \u0111\u1ec3 ki\u1ec3m tra m\u1ee9c \u0111\u1ed9 s\u1ea3n ph\u1ea9m. Chai PP m\u1ec1m v\u00e0 d\u1ec5 \u00e9p. Chai acrylic tr\u00f4ng sang tr\u1ecdng v\u00e0 sang tr\u1ecdng. V\u1eadt li\u1ec7u AS l\u00e0 ho\u00e0n h\u1ea3o cho m\u00e1y b\u01a1m ch\u00e2n kh\u00f4ng b\u1edfi v\u00ec ch\u00fang ch\u1eb7n oxy t\u1ed1t.<\/p>\n<table style=\"border-collapse: collapse; width: 100%;\">\n<tbody>\n<tr>\n<td style=\"width: 33.3333%;\"><img fetchpriority=\"high\" decoding=\"async\" class=\"alignnone size-full wp-image-3271\" src=\"https:\/\/www.cosmepak.com\/wp-content\/uploads\/2025\/03\/O1CN01ZX2w2b1TbFKcqGUVG_2506382400-0-cib.jpg\" alt=\"\" width=\"800\" height=\"800\" srcset=\"https:\/\/www.cosmepak.com\/wp-content\/uploads\/2025\/03\/O1CN01ZX2w2b1TbFKcqGUVG_2506382400-0-cib.jpg 800w, https:\/\/www.cosmepak.com\/wp-content\/uploads\/2025\/03\/O1CN01ZX2w2b1TbFKcqGUVG_2506382400-0-cib-300x300.jpg 300w, https:\/\/www.cosmepak.com\/wp-content\/uploads\/2025\/03\/O1CN01ZX2w2b1TbFKcqGUVG_2506382400-0-cib-150x150.jpg 150w, https:\/\/www.cosmepak.com\/wp-content\/uploads\/2025\/03\/O1CN01ZX2w2b1TbFKcqGUVG_2506382400-0-cib-768x768.jpg 768w, https:\/\/www.cosmepak.com\/wp-content\/uploads\/2025\/03\/O1CN01ZX2w2b1TbFKcqGUVG_2506382400-0-cib-12x12.jpg 12w, https:\/\/www.cosmepak.com\/wp-content\/uploads\/2025\/03\/O1CN01ZX2w2b1TbFKcqGUVG_2506382400-0-cib-600x600.jpg 600w, https:\/\/www.cosmepak.com\/wp-content\/uploads\/2025\/03\/O1CN01ZX2w2b1TbFKcqGUVG_2506382400-0-cib-100x100.jpg 100w\" sizes=\"(max-width: 800px) 100vw, 800px\" \/><\/td>\n<td style=\"width: 33.3333%;\"><img decoding=\"async\" class=\"alignnone size-full wp-image-3269\" src=\"https:\/\/www.cosmepak.com\/wp-content\/uploads\/2025\/03\/O1CN01DyKJ0N1TbFKvRkVv0_2506382400-0-cib.jpg\" alt=\"\" width=\"800\" height=\"800\" srcset=\"https:\/\/www.cosmepak.com\/wp-content\/uploads\/2025\/03\/O1CN01DyKJ0N1TbFKvRkVv0_2506382400-0-cib.jpg 800w, https:\/\/www.cosmepak.com\/wp-content\/uploads\/2025\/03\/O1CN01DyKJ0N1TbFKvRkVv0_2506382400-0-cib-300x300.jpg 300w, https:\/\/www.cosmepak.com\/wp-content\/uploads\/2025\/03\/O1CN01DyKJ0N1TbFKvRkVv0_2506382400-0-cib-150x150.jpg 150w, https:\/\/www.cosmepak.com\/wp-content\/uploads\/2025\/03\/O1CN01DyKJ0N1TbFKvRkVv0_2506382400-0-cib-768x768.jpg 768w, https:\/\/www.cosmepak.com\/wp-content\/uploads\/2025\/03\/O1CN01DyKJ0N1TbFKvRkVv0_2506382400-0-cib-12x12.jpg 12w, https:\/\/www.cosmepak.com\/wp-content\/uploads\/2025\/03\/O1CN01DyKJ0N1TbFKvRkVv0_2506382400-0-cib-600x600.jpg 600w, https:\/\/www.cosmepak.com\/wp-content\/uploads\/2025\/03\/O1CN01DyKJ0N1TbFKvRkVv0_2506382400-0-cib-100x100.jpg 100w\" sizes=\"(max-width: 800px) 100vw, 800px\" \/><\/td>\n<td style=\"width: 33.3333%;\"><img decoding=\"async\" class=\"alignnone size-full wp-image-3270\" src=\"https:\/\/www.cosmepak.com\/wp-content\/uploads\/2025\/03\/O1CN01er1DYT1TbFKnxmkFd_2506382400-0-cib.jpg\" alt=\"\" width=\"800\" height=\"800\" srcset=\"https:\/\/www.cosmepak.com\/wp-content\/uploads\/2025\/03\/O1CN01er1DYT1TbFKnxmkFd_2506382400-0-cib.jpg 800w, https:\/\/www.cosmepak.com\/wp-content\/uploads\/2025\/03\/O1CN01er1DYT1TbFKnxmkFd_2506382400-0-cib-300x300.jpg 300w, https:\/\/www.cosmepak.com\/wp-content\/uploads\/2025\/03\/O1CN01er1DYT1TbFKnxmkFd_2506382400-0-cib-150x150.jpg 150w, https:\/\/www.cosmepak.com\/wp-content\/uploads\/2025\/03\/O1CN01er1DYT1TbFKnxmkFd_2506382400-0-cib-768x768.jpg 768w, https:\/\/www.cosmepak.com\/wp-content\/uploads\/2025\/03\/O1CN01er1DYT1TbFKnxmkFd_2506382400-0-cib-12x12.jpg 12w, https:\/\/www.cosmepak.com\/wp-content\/uploads\/2025\/03\/O1CN01er1DYT1TbFKnxmkFd_2506382400-0-cib-600x600.jpg 600w, https:\/\/www.cosmepak.com\/wp-content\/uploads\/2025\/03\/O1CN01er1DYT1TbFKnxmkFd_2506382400-0-cib-100x100.jpg 100w\" sizes=\"(max-width: 800px) 100vw, 800px\" \/><\/td>\n<\/tr>\n<\/tbody>\n<\/table>\n<table style=\"border-collapse: collapse; width: 100%;\">\n<tbody>\n<tr>\n<td style=\"width: 50%;\"><img loading=\"lazy\" decoding=\"async\" class=\"alignnone size-full wp-image-3272\" src=\"https:\/\/www.cosmepak.com\/wp-content\/uploads\/2025\/03\/10-6.jpg\" alt=\"\" width=\"1000\" height=\"1000\" srcset=\"https:\/\/www.cosmepak.com\/wp-content\/uploads\/2025\/03\/10-6.jpg 1000w, https:\/\/www.cosmepak.com\/wp-content\/uploads\/2025\/03\/10-6-300x300.jpg 300w, https:\/\/www.cosmepak.com\/wp-content\/uploads\/2025\/03\/10-6-150x150.jpg 150w, https:\/\/www.cosmepak.com\/wp-content\/uploads\/2025\/03\/10-6-768x768.jpg 768w, https:\/\/www.cosmepak.com\/wp-content\/uploads\/2025\/03\/10-6-12x12.jpg 12w, https:\/\/www.cosmepak.com\/wp-content\/uploads\/2025\/03\/10-6-600x600.jpg 600w, https:\/\/www.cosmepak.com\/wp-content\/uploads\/2025\/03\/10-6-100x100.jpg 100w\" sizes=\"(max-width: 1000px) 100vw, 1000px\" \/><\/td>\n<td style=\"width: 50%;\"><img loading=\"lazy\" decoding=\"async\" class=\"alignnone size-full wp-image-3273\" src=\"https:\/\/www.cosmepak.com\/wp-content\/uploads\/2025\/03\/8-7.jpg\" alt=\"\" width=\"1000\" height=\"1000\" srcset=\"https:\/\/www.cosmepak.com\/wp-content\/uploads\/2025\/03\/8-7.jpg 1000w, https:\/\/www.cosmepak.com\/wp-content\/uploads\/2025\/03\/8-7-300x300.jpg 300w, https:\/\/www.cosmepak.com\/wp-content\/uploads\/2025\/03\/8-7-150x150.jpg 150w, https:\/\/www.cosmepak.com\/wp-content\/uploads\/2025\/03\/8-7-768x768.jpg 768w, https:\/\/www.cosmepak.com\/wp-content\/uploads\/2025\/03\/8-7-12x12.jpg 12w, https:\/\/www.cosmepak.com\/wp-content\/uploads\/2025\/03\/8-7-600x600.jpg 600w, https:\/\/www.cosmepak.com\/wp-content\/uploads\/2025\/03\/8-7-100x100.jpg 100w\" sizes=\"(max-width: 1000px) 100vw, 1000px\" \/><\/td>\n<\/tr>\n<\/tbody>\n<\/table>","protected":false},"excerpt":{"rendered":"<p>V\u1eadt li\u1ec7u: th\u1ee7y tinh<\/p>\n<p>Dung l\u01b0\u1ee3ng: 30ml<\/p>\n<p>M\u00e0u s\u1eafc: Ch\u1ea5p nh\u1eadn t\u00f9y ch\u1ec9nh (b\u1ea5t k\u1ef3 m\u00e0u pantone n\u00e0o c\u00f3 s\u1eb5n)<\/p>\n<p>&nbsp;<\/p>\n<p>Ho\u00e0n thi\u1ec7n b\u1ec1 m\u1eb7t: in m\u00e0n h\u00ecnh, d\u1eadp n\u00f3ng, gradient phun, k\u1ebft th\u00fac m\u1edd, v.v.<\/p>\n<p>MOQ: 5000pcs<\/p>\n<p>M\u1eabu: c\u00f3 s\u1eb5n m\u1eabu mi\u1ec5n ph\u00ed<\/p>\n<p>&nbsp;<\/p>\n<p>&nbsp;<\/p>","protected":false},"featured_media":3274,"comment_status":"closed","ping_status":"closed","template":"","meta":{"_acf_changed":false},"product_brand":[],"product_cat":[15,58],"product_tag":[40],"class_list":{"0":"post-1588","1":"product","2":"type-product","3":"status-publish","4":"has-post-thumbnail","6":"product_cat-essential-oil-bottle","7":"product_cat-glass-essential-oil-bottle","8":"product_tag-essential-oil-bottle","10":"first","11":"outofstock","12":"shipping-taxable","13":"product-type-simple"},"acf":[],"_links":{"self":[{"href":"https:\/\/www.cosmepak.com\/vi\/wp-json\/wp\/v2\/product\/1588","targetHints":{"allow":["GET"]}}],"collection":[{"href":"https:\/\/www.cosmepak.com\/vi\/wp-json\/wp\/v2\/product"}],"about":[{"href":"https:\/\/www.cosmepak.com\/vi\/wp-json\/wp\/v2\/types\/product"}],"replies":[{"embeddable":true,"href":"https:\/\/www.cosmepak.com\/vi\/wp-json\/wp\/v2\/comments?post=1588"}],"wp:featuredmedia":[{"embeddable":true,"href":"https:\/\/www.cosmepak.com\/vi\/wp-json\/wp\/v2\/media\/3274"}],"wp:attachment":[{"href":"https:\/\/www.cosmepak.com\/vi\/wp-json\/wp\/v2\/media?parent=1588"}],"wp:term":[{"taxonomy":"product_brand","embeddable":true,"href":"https:\/\/www.cosmepak.com\/vi\/wp-json\/wp\/v2\/product_brand?post=1588"},{"taxonomy":"product_cat","embeddable":true,"href":"https:\/\/www.cosmepak.com\/vi\/wp-json\/wp\/v2\/product_cat?post=1588"},{"taxonomy":"product_tag","embeddable":true,"href":"https:\/\/www.cosmepak.com\/vi\/wp-json\/wp\/v2\/product_tag?post=1588"}],"curies":[{"name":"WP","href":"https:\/\/api.w.org\/{rel}","templated":true}]}}