{"id":1608,"date":"2025-03-28T15:05:56","date_gmt":"2025-03-28T07:05:56","guid":{"rendered":"https:\/\/www.cosmepak.com\/?post_type=product&#038;p=1608"},"modified":"2026-03-05T14:25:17","modified_gmt":"2026-03-05T06:25:17","slug":"chai-nen-thuy-tinh-sang-trong-30ml-voi-bom-jaunce","status":"publish","type":"product","link":"https:\/\/www.cosmepak.com\/vi\/product\/luxury-30ml-glass-foundation-bottle-with-pump-jaunce\/","title":{"rendered":"Chai n\u1ec1n t\u1ea3ng th\u1ee7y tinh sang tr\u1ecdng 30ml v\u1edbi m\u00e1y b\u01a1m \/ Jaunce"},"content":{"rendered":"<table style=\"border-collapse: collapse; width: 100%; height: 144px;\">\n<tbody>\n<tr style=\"height: 24px;\">\n<td style=\"width: 33.3333%; height: 144px;\" rowspan=\"6\"><img fetchpriority=\"high\" decoding=\"async\" class=\"alignnone size-full wp-image-1609\" src=\"https:\/\/www.cosmepak.com\/wp-content\/uploads\/2025\/03\/O1CN01xzBv612L5B4ZoLsyi_974269640-0-cib.jpg\" alt=\"chai n\u1ec1n t\u1ea3ng\" width=\"1000\" height=\"1000\" srcset=\"https:\/\/www.cosmepak.com\/wp-content\/uploads\/2025\/03\/O1CN01xzBv612L5B4ZoLsyi_974269640-0-cib.jpg 1000w, https:\/\/www.cosmepak.com\/wp-content\/uploads\/2025\/03\/O1CN01xzBv612L5B4ZoLsyi_974269640-0-cib-300x300.jpg 300w, https:\/\/www.cosmepak.com\/wp-content\/uploads\/2025\/03\/O1CN01xzBv612L5B4ZoLsyi_974269640-0-cib-150x150.jpg 150w, https:\/\/www.cosmepak.com\/wp-content\/uploads\/2025\/03\/O1CN01xzBv612L5B4ZoLsyi_974269640-0-cib-768x768.jpg 768w, https:\/\/www.cosmepak.com\/wp-content\/uploads\/2025\/03\/O1CN01xzBv612L5B4ZoLsyi_974269640-0-cib-600x600.jpg 600w, https:\/\/www.cosmepak.com\/wp-content\/uploads\/2025\/03\/O1CN01xzBv612L5B4ZoLsyi_974269640-0-cib-100x100.jpg 100w\" sizes=\"(max-width: 1000px) 100vw, 1000px\" \/><\/td>\n<td style=\"width: 33.122%; height: 24px; text-align: center;\">Th\u01b0\u01a1ng hi\u1ec7u<\/td>\n<td style=\"width: 33.5446%; height: 24px; text-align: center;\">Jaunce<\/td>\n<\/tr>\n<tr style=\"height: 24px;\">\n<td style=\"width: 33.122%; height: 24px; text-align: center;\">Ng\u01b0\u1eddi m\u1eabu<\/td>\n<td style=\"width: 33.5446%; height: 24px; text-align: center;\">JH-PHF205<\/td>\n<\/tr>\n<tr style=\"height: 24px;\">\n<td style=\"width: 33.122%; height: 24px; text-align: center;\">Kh\u1ea3 n\u0103ng<\/td>\n<td style=\"width: 33.5446%; height: 24px; text-align: center;\">30ml<\/td>\n<\/tr>\n<tr style=\"height: 24px;\">\n<td style=\"width: 33.122%; height: 24px; text-align: center;\">K\u00edch th\u01b0\u1edbc c\u1ed5<\/td>\n<td style=\"width: 33.5446%; height: 24px; text-align: center;\">19.3mm<\/td>\n<\/tr>\n<tr style=\"height: 24px;\">\n<td style=\"width: 33.122%; height: 24px; text-align: center;\">B\u01a1m<\/td>\n<td style=\"width: 33.5446%; height: 24px; text-align: center;\">B\u01a1m kem d\u01b0\u1ee1ng da<\/td>\n<\/tr>\n<tr style=\"height: 24px;\">\n<td style=\"width: 33.122%; height: 24px; text-align: center;\">V\u1eadt li\u1ec7u<\/td>\n<td style=\"width: 33.5446%; height: 24px; text-align: center;\">Th\u1ee7y tinh<\/td>\n<\/tr>\n<\/tbody>\n<\/table>\n<table style=\"border-collapse: collapse; width: 100%;\">\n<tbody>\n<tr>\n<td style=\"width: 20%; text-align: center;\"><strong>Dung t\u00edch<\/strong><\/td>\n<td style=\"width: 20%; text-align: center;\"><strong>Chi\u1ec1u cao vai<\/strong><\/td>\n<td style=\"width: 20%; text-align: center;\"><strong>T\u1ed5ng chi\u1ec1u cao<\/strong><\/td>\n<td style=\"width: 20%; text-align: center;\"><strong>Chi\u1ec1u d\u00e0i<\/strong><\/td>\n<td style=\"width: 20%; text-align: center;\"><strong>Chi\u1ec1u r\u1ed9ng<\/strong><\/td>\n<\/tr>\n<tr>\n<td style=\"width: 20%; text-align: center;\">30ml<\/td>\n<td style=\"width: 20%; text-align: center;\">78.8mm<\/td>\n<td style=\"width: 20%; text-align: center;\">114.2mm<\/td>\n<td style=\"width: 20%; text-align: center;\">40mm<\/td>\n<td style=\"width: 20%; text-align: center;\">32.3mm<\/td>\n<\/tr>\n<\/tbody>\n<\/table>\n<p>V\u1eadt li\u1ec7u v\u00e0 Xanh Th\u0628\u0648\u0635\u0629kin\u062c\u0631\u0627\u0645<\/p>\n<p>C\u00e1c v\u1eadt li\u1ec7u b\u1ea1n ch\u1ecdn h\u00ecnh d\u1ea1ng c\u1ea3 phong c\u00e1ch v\u00e0 s\u1ee9c kh\u1ecfe c\u1ee7a h\u00e0nh tinh. L\u1ecd th\u1ee7y tinh tr\u00f4ng thanh l\u1ecbch nh\u01b0ng wei\u062c\u0631\u0627mh h\u01a1n. Chai nh\u1ef1a PET nh\u1eb9 v\u00e0 r\u1ebb cho c\u00e1c th\u01b0\u01a1ng hi\u1ec7u c\u00f3 ng\u00e2n s\u00e1ch. Nh\u1eefng ng\u01b0\u1eddi quan t\u00e2m \u0111\u1ebfn m\u00f4i tr\u01b0\u1eddng, th\u1eed v\u1eadt li\u1ec7u t\u00e1i ch\u1ebf ho\u1eb7c PCR (t\u00e1i ch\u1ebf sau ng\u01b0\u1eddi ti\u00eau d\u00f9ng) \u0111\u1ec3 gi\u1eef th\u00e2n thi\u1ec7n v\u1edbi m\u00f4i tr\u01b0\u1eddng. Nh\u1eefng th\u1ee9 n\u00e0y c\u1eaft gi\u1ea3m ch\u1ea5t th\u1ea3i trong khi v\u1eabn v\u1eefng ch\u1eafc, m\u00e0 kh\u00e1ch h\u00e0ng y\u00eau th\u00edch m\u00e0u xanh l\u00e1 c\u00e2y \u0111\u00e0o.<\/p>\n<p>Chai \u0111\u01b0\u1ee3c ch\u1ebf t\u1ea1o v\u1edbi m\u1ed9t c\u1eaft vu\u00f4ng tr\u00f2n \u0111\u1ed9c \u0111\u00e1o, c\u00f3 c\u00e1c \u0111\u01b0\u1eddng d\u00e2y m\u1ecbn v\u00e0 g\u1ecdn g\u00e0ng. N\u00f3 k\u1ebft h\u1ee3p s\u1ef1 hi\u1ec7n \u0111\u1ea1i v\u00e0 tinh vi, kh\u00f4ng ch\u1ec9 cung c\u1ea5p m\u1ed9t s\u1ef1 n\u1eafm gi\u1eef ergonomic tho\u1ea3i m\u00e1i m\u00e0 c\u00f2n n\u1ed5i b\u1eadt trong m\u00e0n h\u00ecnh k\u1ec7.<\/p>\n<p>V\u1ecf b\u1ecdc tr\u1eafng m\u1edd t\u01b0\u01a1ng ph\u1ea3n m\u1ea1nh m\u1ebd v\u1edbi th\u00e2n chai trong su\u1ed1t, l\u00e0m n\u1ed5i b\u1eadt \u0111\u1ed9 tinh khi\u1ebft v\u00e0 chuy\u00ean nghi\u1ec7p c\u1ee7a s\u1ea3n ph\u1ea9m trong khi b\u1ea3o v\u1ec7 chai kh\u1ecfi tr\u1ea7y x\u01b0\u1edbc hi\u1ec7u qu\u1ea3.<\/p>\n<p>Ch\u00fang t\u00f4i cung c\u1ea5p m\u1ed9t lo\u1ea1t c\u00e1c th\u00e2n chai m\u00e0u minh b\u1ea1ch cao trong c\u00e1c m\u00e0u s\u1eafc nh\u01b0 v\u00e0ng h\u1ed5 th\u1ea1ch, h\u1ed3ng h\u1ed3ng v\u00e0 n\u00e2u tr\u00e0 nh\u1eb9. Ch\u00fang c\u00f3 th\u1ec3 \u0111\u01b0\u1ee3c k\u1ebft h\u1ee3p t\u1ef1 do theo th\u01b0\u01a1ng hi\u1ec7u&#8217; phong c\u00e1ch s \u0111\u1ec3 \u0111\u00e1p \u1ee9ng c\u00e1c y\u00eau c\u1ea7u \u0111\u1ecbnh v\u1ecb th\u1ecb gi\u00e1c kh\u00e1c nhau.<\/p>\n<p>Cool Conta\u0628\u0648\u0635\u0627\u0631\u0627\u062a cho M\u00e1y kem c\u1ee7a b\u1ea1n<\/p>\n<p>M\u1ed9t \u062c\u0631\u0627\u0645\u0631\u064a\u062a conta\u0628\u0648\u0635\u0629er \u0645\u062a\u0631akes kem c\u1ee7a b\u1ea1n tr\u00f4ng tuy\u1ec7t v\u1eddi v\u00e0 l\u00e0m vi\u1ec7c t\u1ed1t h\u01a1n. D\u01b0\u1edbi \u0111\u00e2y l\u00e0 m\u1ed9t s\u1ed1 l\u1ef1a ch\u1ecdn h\u00e0ng \u0111\u1ea7u \u0111\u1ec3 gi\u1eef cho s\u1ea3n ph\u1ea9m c\u1ee7a b\u1ea1n an to\u00e0n v\u00e0 t\u0103ng c\u01b0\u1eddng th\u01b0\u01a1ng hi\u1ec7u c\u1ee7a b\u1ea1n.<\/p>\n<p>Chai kh\u00f4ng kh\u00ed v\u1edbi Pumetrp<\/p>\n<p>Ch\u00fang t\u00f4i h\u1ed7 tr\u1ee3 OEM \/ ODM t\u00f9y ch\u1ec9nh to\u00e0n b\u1ed9 quy tr\u00ecnh. B\u1ea1n c\u00f3 th\u1ec3 in logo th\u01b0\u01a1ng hi\u1ec7u, t\u00ean s\u1ea3n ph\u1ea9m, m\u00e3 m\u00e0u s\u1eafc v\u00e0 c\u00e1c th\u00f4ng tin kh\u00e1c tr\u00ean th\u00e2n chai. C\u00e1c k\u1ef9 thu\u1eadt kh\u00e1c nhau nh\u01b0 d\u1eadp l\u00e1, in m\u00e0n h\u00ecnh v\u00e0 in UV c\u00f3 th\u1ec3 \u0111\u01b0\u1ee3c \u00e1p d\u1ee5ng \u0111\u1ec3 t\u1ea1o ra nh\u1eadn d\u1ea1ng tr\u1ef1c quan \u0111\u1ed9c quy\u1ec1n.<\/p>\n<p>Chai th\u1ee7y tinh n\u00e0y ph\u00f9 h\u1ee3p cho c\u00e1c s\u1ea3n ph\u1ea9m l\u00e0m \u0111\u1eb9p l\u1ecfng nh\u01b0 n\u1ec1n t\u1ea3ng, ch\u1ea5t che gi\u1ea5u, tinh ch\u1ea5t v\u00e0 primer. N\u00f3 \u0111\u1eb7c bi\u1ec7t ph\u00f9 h\u1ee3p cho c\u00e1c th\u01b0\u01a1ng hi\u1ec7u trang \u0111i\u1ec3m theo \u0111u\u1ed5i k\u1ebft c\u1ea5u cao c\u1ea5p v\u00e0 kinh nghi\u1ec7m chuy\u00ean nghi\u1ec7p.<\/p>\n<p>&nbsp;<\/p>\n<p><img decoding=\"async\" class=\"alignnone wp-image-1610\" src=\"https:\/\/www.cosmepak.com\/wp-content\/uploads\/2025\/03\/O1CN01UCVWNP2L5B4ijMGN9_974269640-0-cib.jpg\" alt=\"chai n\u1ec1n t\u1ea3ng\" width=\"1374\" height=\"1915\" srcset=\"https:\/\/www.cosmepak.com\/wp-content\/uploads\/2025\/03\/O1CN01UCVWNP2L5B4ijMGN9_974269640-0-cib.jpg 800w, https:\/\/www.cosmepak.com\/wp-content\/uploads\/2025\/03\/O1CN01UCVWNP2L5B4ijMGN9_974269640-0-cib-215x300.jpg 215w, https:\/\/www.cosmepak.com\/wp-content\/uploads\/2025\/03\/O1CN01UCVWNP2L5B4ijMGN9_974269640-0-cib-735x1024.jpg 735w, https:\/\/www.cosmepak.com\/wp-content\/uploads\/2025\/03\/O1CN01UCVWNP2L5B4ijMGN9_974269640-0-cib-768x1070.jpg 768w, https:\/\/www.cosmepak.com\/wp-content\/uploads\/2025\/03\/O1CN01UCVWNP2L5B4ijMGN9_974269640-0-cib-600x836.jpg 600w\" sizes=\"(max-width: 1374px) 100vw, 1374px\" \/><\/p>\n<div>\n<table style=\"border-collapse: collapse; width: 100%;\">\n<tbody>\n<tr>\n<td style=\"width: 33.3333%;\"><img decoding=\"async\" class=\"alignnone size-full wp-image-3309\" src=\"https:\/\/www.cosmepak.com\/wp-content\/uploads\/2025\/03\/7-8.jpg\" alt=\"\" width=\"1000\" height=\"1000\" srcset=\"https:\/\/www.cosmepak.com\/wp-content\/uploads\/2025\/03\/7-8.jpg 1000w, https:\/\/www.cosmepak.com\/wp-content\/uploads\/2025\/03\/7-8-300x300.jpg 300w, https:\/\/www.cosmepak.com\/wp-content\/uploads\/2025\/03\/7-8-150x150.jpg 150w, https:\/\/www.cosmepak.com\/wp-content\/uploads\/2025\/03\/7-8-768x768.jpg 768w, https:\/\/www.cosmepak.com\/wp-content\/uploads\/2025\/03\/7-8-12x12.jpg 12w, https:\/\/www.cosmepak.com\/wp-content\/uploads\/2025\/03\/7-8-600x600.jpg 600w, https:\/\/www.cosmepak.com\/wp-content\/uploads\/2025\/03\/7-8-100x100.jpg 100w\" sizes=\"(max-width: 1000px) 100vw, 1000px\" \/><\/td>\n<td style=\"width: 33.3333%;\"><img loading=\"lazy\" decoding=\"async\" class=\"alignnone size-full wp-image-3310\" src=\"https:\/\/www.cosmepak.com\/wp-content\/uploads\/2025\/03\/6-9.jpg\" alt=\"\" width=\"1000\" height=\"1000\" srcset=\"https:\/\/www.cosmepak.com\/wp-content\/uploads\/2025\/03\/6-9.jpg 1000w, https:\/\/www.cosmepak.com\/wp-content\/uploads\/2025\/03\/6-9-300x300.jpg 300w, https:\/\/www.cosmepak.com\/wp-content\/uploads\/2025\/03\/6-9-150x150.jpg 150w, https:\/\/www.cosmepak.com\/wp-content\/uploads\/2025\/03\/6-9-768x768.jpg 768w, https:\/\/www.cosmepak.com\/wp-content\/uploads\/2025\/03\/6-9-12x12.jpg 12w, https:\/\/www.cosmepak.com\/wp-content\/uploads\/2025\/03\/6-9-600x600.jpg 600w, https:\/\/www.cosmepak.com\/wp-content\/uploads\/2025\/03\/6-9-100x100.jpg 100w\" sizes=\"(max-width: 1000px) 100vw, 1000px\" \/><\/td>\n<td style=\"width: 33.3333%;\"><img loading=\"lazy\" decoding=\"async\" class=\"alignnone size-full wp-image-3311\" src=\"https:\/\/www.cosmepak.com\/wp-content\/uploads\/2025\/03\/3-11.jpg\" alt=\"\" width=\"1000\" height=\"1000\" srcset=\"https:\/\/www.cosmepak.com\/wp-content\/uploads\/2025\/03\/3-11.jpg 1000w, https:\/\/www.cosmepak.com\/wp-content\/uploads\/2025\/03\/3-11-300x300.jpg 300w, https:\/\/www.cosmepak.com\/wp-content\/uploads\/2025\/03\/3-11-150x150.jpg 150w, https:\/\/www.cosmepak.com\/wp-content\/uploads\/2025\/03\/3-11-768x768.jpg 768w, https:\/\/www.cosmepak.com\/wp-content\/uploads\/2025\/03\/3-11-12x12.jpg 12w, https:\/\/www.cosmepak.com\/wp-content\/uploads\/2025\/03\/3-11-600x600.jpg 600w, https:\/\/www.cosmepak.com\/wp-content\/uploads\/2025\/03\/3-11-100x100.jpg 100w\" sizes=\"(max-width: 1000px) 100vw, 1000px\" \/><\/td>\n<\/tr>\n<\/tbody>\n<\/table>\n<\/div>\n<p>&nbsp;<\/p>","protected":false},"excerpt":{"rendered":"<p>V\u1eadt li\u1ec7u chai: th\u1ee7y tinh<\/p>\n<p>V\u1eadt li\u1ec7u gi\u1edbi h\u1ea1n: PP<\/p>\n<p>Dung l\u01b0\u1ee3ng: 30ml<\/p>\n<p>B\u01a1m: B\u01a1m kem d\u01b0\u1ee1ng da<\/p>\n<p>M\u00e0u s\u1eafc: T\u00f9y ch\u1ec9nh (b\u1ea5t k\u1ef3 m\u00e0u pantone n\u00e0o c\u00f3 s\u1eb5n)<\/p>\n<p>B\u1ec1 m\u1eb7t ho\u00e0n thi\u1ec7n: In m\u00e0n h\u00ecnh, s\u01b0\u01a1ng gi\u00e1, d\u1eadp n\u00f3ng, gradient phun, k\u1ebft th\u00fac m\u1edd, v.v.<\/p>\n<p>MOQ: 5000pcs;<\/p>\n<p>&nbsp;<\/p>","protected":false},"featured_media":1611,"comment_status":"closed","ping_status":"closed","template":"","meta":{"_acf_changed":false},"product_brand":[],"product_cat":[34],"product_tag":[],"class_list":{"0":"post-1608","1":"product","2":"type-product","3":"status-publish","4":"has-post-thumbnail","6":"product_cat-foundation-bottle","8":"first","9":"outofstock","10":"shipping-taxable","11":"product-type-simple"},"acf":[],"_links":{"self":[{"href":"https:\/\/www.cosmepak.com\/vi\/wp-json\/wp\/v2\/product\/1608","targetHints":{"allow":["GET"]}}],"collection":[{"href":"https:\/\/www.cosmepak.com\/vi\/wp-json\/wp\/v2\/product"}],"about":[{"href":"https:\/\/www.cosmepak.com\/vi\/wp-json\/wp\/v2\/types\/product"}],"replies":[{"embeddable":true,"href":"https:\/\/www.cosmepak.com\/vi\/wp-json\/wp\/v2\/comments?post=1608"}],"wp:featuredmedia":[{"embeddable":true,"href":"https:\/\/www.cosmepak.com\/vi\/wp-json\/wp\/v2\/media\/1611"}],"wp:attachment":[{"href":"https:\/\/www.cosmepak.com\/vi\/wp-json\/wp\/v2\/media?parent=1608"}],"wp:term":[{"taxonomy":"product_brand","embeddable":true,"href":"https:\/\/www.cosmepak.com\/vi\/wp-json\/wp\/v2\/product_brand?post=1608"},{"taxonomy":"product_cat","embeddable":true,"href":"https:\/\/www.cosmepak.com\/vi\/wp-json\/wp\/v2\/product_cat?post=1608"},{"taxonomy":"product_tag","embeddable":true,"href":"https:\/\/www.cosmepak.com\/vi\/wp-json\/wp\/v2\/product_tag?post=1608"}],"curies":[{"name":"WP","href":"https:\/\/api.w.org\/{rel}","templated":true}]}}