{"id":1615,"date":"2025-03-28T16:36:57","date_gmt":"2025-03-28T08:36:57","guid":{"rendered":"https:\/\/www.cosmepak.com\/?post_type=product&#038;p=1615"},"modified":"2026-02-06T16:20:42","modified_gmt":"2026-02-06T08:20:42","slug":"chai-thuy-tinh-nen-tang-tron-30ml-vang","status":"publish","type":"product","link":"https:\/\/www.cosmepak.com\/vi\/product\/30ml-round-foundation-glass-bottle-jaunce\/","title":{"rendered":"Chai th\u1ee7y tinh n\u1ec1n tr\u00f2n 30ml \/Jaunce"},"content":{"rendered":"<table style=\"border-collapse: collapse; width: 100%; height: 144px;\">\n<tbody>\n<tr style=\"height: 24px;\">\n<td style=\"width: 33.3333%; height: 144px;\" rowspan=\"6\"><img fetchpriority=\"high\" decoding=\"async\" class=\"alignnone size-full wp-image-1616\" src=\"https:\/\/www.cosmepak.com\/wp-content\/uploads\/2025\/03\/O1CN01oP47ue2L5AwEQKinW_974269640-0-cib.jpg\" alt=\"chai n\u1ec1n t\u1ea3ng\" width=\"1000\" height=\"1000\" srcset=\"https:\/\/www.cosmepak.com\/wp-content\/uploads\/2025\/03\/O1CN01oP47ue2L5AwEQKinW_974269640-0-cib.jpg 1000w, https:\/\/www.cosmepak.com\/wp-content\/uploads\/2025\/03\/O1CN01oP47ue2L5AwEQKinW_974269640-0-cib-300x300.jpg 300w, https:\/\/www.cosmepak.com\/wp-content\/uploads\/2025\/03\/O1CN01oP47ue2L5AwEQKinW_974269640-0-cib-150x150.jpg 150w, https:\/\/www.cosmepak.com\/wp-content\/uploads\/2025\/03\/O1CN01oP47ue2L5AwEQKinW_974269640-0-cib-768x768.jpg 768w, https:\/\/www.cosmepak.com\/wp-content\/uploads\/2025\/03\/O1CN01oP47ue2L5AwEQKinW_974269640-0-cib-600x600.jpg 600w, https:\/\/www.cosmepak.com\/wp-content\/uploads\/2025\/03\/O1CN01oP47ue2L5AwEQKinW_974269640-0-cib-100x100.jpg 100w\" sizes=\"(max-width: 1000px) 100vw, 1000px\" \/><\/td>\n<td style=\"width: 33.122%; height: 24px; text-align: center;\">Th\u01b0\u01a1ng hi\u1ec7u<\/td>\n<td style=\"width: 33.5446%; height: 24px; text-align: center;\">Jaunce<\/td>\n<\/tr>\n<tr style=\"height: 24px;\">\n<td style=\"width: 33.122%; height: 24px; text-align: center;\">Ng\u01b0\u1eddi m\u1eabu<\/td>\n<td style=\"width: 33.5446%; height: 24px; text-align: center;\">JH-Phf142<\/td>\n<\/tr>\n<tr style=\"height: 24px;\">\n<td style=\"width: 33.122%; height: 24px; text-align: center;\">Kh\u1ea3 n\u0103ng<\/td>\n<td style=\"width: 33.5446%; height: 24px; text-align: center;\">30ml<\/td>\n<\/tr>\n<tr style=\"height: 24px;\">\n<td style=\"width: 33.122%; height: 24px; text-align: center;\">K\u00edch th\u01b0\u1edbc c\u1ed5<\/td>\n<td style=\"width: 33.5446%; height: 24px; text-align: center;\">18mm<\/td>\n<\/tr>\n<tr style=\"height: 24px;\">\n<td style=\"width: 33.122%; height: 24px; text-align: center;\">B\u01a1m<\/td>\n<td style=\"width: 33.5446%; height: 24px; text-align: center;\">B\u01a1m kem d\u01b0\u1ee1ng da<\/td>\n<\/tr>\n<tr style=\"height: 24px;\">\n<td style=\"width: 33.122%; height: 24px; text-align: center;\">V\u1eadt li\u1ec7u<\/td>\n<td style=\"width: 33.5446%; height: 24px; text-align: center;\">Th\u1ee7y tinh<\/td>\n<\/tr>\n<\/tbody>\n<\/table>\n<table style=\"border-collapse: collapse; width: 100%;\">\n<tbody>\n<tr style=\"height: 24px;\">\n<td style=\"width: 20%; text-align: center; height: 24px;\"><strong>Dung t\u00edch<\/strong><\/td>\n<td style=\"width: 20%; text-align: center; height: 24px;\"><strong>Chi\u1ec1u cao vai<\/strong><\/td>\n<td style=\"width: 20%; text-align: center; height: 24px;\"><strong>T\u1ed5ng chi\u1ec1u cao<\/strong><\/td>\n<td style=\"width: 20%; text-align: center; height: 24px;\"><strong>Dia<\/strong><\/td>\n<\/tr>\n<tr style=\"height: 24px;\">\n<td style=\"width: 20%; text-align: center; height: 24px;\">30ml<\/td>\n<td style=\"width: 20%; text-align: center; height: 24px;\">57mm<\/td>\n<td style=\"width: 20%; text-align: center; height: 24px;\">95mm<\/td>\n<td style=\"width: 20%; text-align: center; height: 24px;\">40mm<\/td>\n<\/tr>\n<\/tbody>\n<\/table>\n<p>S\u1ea3n ph\u1ea9m n\u00e0y l\u00e0 m\u1ed9t chai th\u1ee7y tinh trong su\u1ed1t v\u1edbi dung l\u01b0\u1ee3ng 30ml, c\u00f3 nhi\u1ec1u thi\u1ebft k\u1ebf c\u1ea5u tr\u00fac th\u00e2n thi\u1ec7n v\u1edbi ng\u01b0\u1eddi d\u00f9ng. H\u00ecnh d\u1ea1ng t\u1ed5ng th\u1ec3 \u0111\u01a1n gi\u1ea3n v\u00e0 h\u00e0i h\u00f2a, k\u1ebft h\u1ee3p t\u00ednh th\u1ef1c t\u1ebf v\u00e0 th\u1ea9m m\u1ef9. Th\u00e2n chai \u0111\u01b0\u1ee3c l\u00e0m b\u1eb1ng th\u1ee7y tinh trong su\u1ed1t, cho ph\u00e9p n\u1ed9i dung b\u00ean trong \u0111\u01b0\u1ee3c nh\u00ecn th\u1ea5y r\u00f5 r\u00e0ng. K\u1ebft c\u1ea5u m\u01b0\u1ee3t m\u00e0, l\u1ee5a v\u00e0 m\u01b0\u1ee3t m\u00e0 nh\u1ea5t c\u00f3 th\u1ec3. Mi\u1ec7ng chai \u0111\u01b0\u1ee3c thi\u1ebft k\u1ebf v\u1edbi m\u1ed9t c\u1ea5u tr\u00fac ren, ho\u1ea1t \u0111\u1ed9ng k\u1ebft h\u1ee3p v\u1edbi \u0111\u1ea7u b\u01a1m lo\u1ea1i \u0111\u1ea9y, cung c\u1ea5p hi\u1ec7u su\u1ea5t ni\u00eam phong tuy\u1ec7t v\u1eddi v\u00e0 thu\u1eadn ti\u1ec7n \u0111\u1ec3 s\u1eed d\u1ee5ng. Ph\u1ea7n d\u01b0\u1edbi c\u1ee7a chai \u0111\u00e3 \u0111\u01b0\u1ee3c c\u1ee7ng c\u1ed1, t\u0103ng c\u01b0\u1eddng s\u1ef1 \u1ed5n \u0111\u1ecbnh v\u00e0 b\u1ec1n c\u1ee7a s\u1ea3n ph\u1ea9m, gi\u1ea3m hi\u1ec7u qu\u1ea3 nguy c\u01a1 thi\u1ec7t h\u1ea1i trong qu\u00e1 tr\u00ecnh v\u1eadn chuy\u1ec3n v\u00e0 s\u1eed d\u1ee5ng.<\/p>\n<p>Ch\u00fang t\u00f4i c\u0169ng c\u00f3 th\u1ec3 cung c\u1ea5p m\u1ed9t \u0111i\u1ec1u tr\u1ecb phun c\u00e1t tr\u00ean b\u1ec1 m\u1eb7t c\u1ee7a chai, t\u1ea1o ra m\u1ed9t k\u1ebft c\u1ea5u m\u1edd mang l\u1ea1i c\u1ea3m gi\u00e1c b\u00ed \u1ea9n. \u0110\u1ed3ng th\u1eddi, ch\u00fang t\u00f4i c\u0169ng cung c\u1ea5p c\u00e1c d\u1ecbch v\u1ee5 t\u00f9y ch\u1ec9nh nh\u01b0 l\u1edbp ph\u1ee7 m\u00e0u s\u1eafc v\u00e0 in m\u00e0n h\u00ecnh l\u1ee5a.<\/p>\n<p>\u0110\u01b0\u1eddng k\u00ednh c\u1ee7a m\u1edf chai l\u00e0 18 mm, \u0111\u01b0\u1eddng k\u00ednh c\u1ee7a th\u00e2n ch\u00ednh c\u1ee7a chai l\u00e0 40 mm, chi\u1ec1u cao c\u1ee7a ph\u1ea7n vai ph\u1eb3ng l\u00e0 57 mm v\u00e0 t\u1ed5ng chi\u1ec1u cao c\u1ee7a s\u1ea3n ph\u1ea9m n\u00e0y l\u00e0 95 mm. Thi\u1ebft k\u1ebf c\u01a1 s\u1edf d\u00e0y \u0111\u1ea3m b\u1ea3o v\u1ecb tr\u00ed \u1ed5n \u0111\u1ecbnh h\u01a1n v\u00e0 l\u00e0m cho s\u1ea3n ph\u1ea9m \u00edt d\u1ec5 b\u1ecb h\u01b0 h\u1ea1i h\u01a1n. \u0110\u1ea7u b\u01a1m s\u01a1n \u0111en \u0111\u01b0\u1ee3c \u00e9p phun t\u1ecfa ra c\u1ea3m gi\u00e1c sang tr\u1ecdng. Nh\u1ea5n ch\u1ea5t l\u1ecfng ra, v\u00e0 l\u01b0\u1ee3ng ch\u1ea5t l\u1ecfng x\u1ea3 ra c\u00f3 th\u1ec3 \u0111\u01b0\u1ee3c ki\u1ec3m so\u00e1t, do \u0111\u00f3 tr\u00e1nh l\u00e3ng ph\u00ed. L\u1ea5y bao nhi\u00eau b\u1ea1n c\u1ea7n. N\u00f3 s\u1ea1ch s\u1ebd v\u00e0 v\u1ec7 sinh, v\u00e0 s\u1ebd kh\u00f4ng g\u00e2y \u00f4 nhi\u1ec5m th\u1ee9 c\u1ea5p c\u1ee7a n\u1ed9i dung. K\u1ebft h\u1ee3p v\u1edbi m\u1ed9t v\u1ecf b\u00ean ngo\u00e0i c\u1ee7a c\u00f9ng m\u1ed9t s\u01a1 \u0111\u1ed3 m\u00e0u l\u00e0m cho to\u00e0n b\u1ed9 tr\u00f4ng h\u00e0i h\u00f2a h\u01a1n.<\/p>\n<p>https:\/\/www.cosmepak.com\/vi\/san-pham\/chai-phun-300ml-vang\/<\/p>\n<p><img decoding=\"async\" class=\"size-full wp-image-1617 aligncenter\" src=\"https:\/\/www.cosmepak.com\/wp-content\/uploads\/2025\/03\/O1CN01z01iek2L5AwTmHYnK_974269640-0-cib.jpg\" alt=\"chai n\u1ec1n t\u1ea3ng\" width=\"1000\" height=\"1376\" srcset=\"https:\/\/www.cosmepak.com\/wp-content\/uploads\/2025\/03\/O1CN01z01iek2L5AwTmHYnK_974269640-0-cib.jpg 1000w, https:\/\/www.cosmepak.com\/wp-content\/uploads\/2025\/03\/O1CN01z01iek2L5AwTmHYnK_974269640-0-cib-218x300.jpg 218w, https:\/\/www.cosmepak.com\/wp-content\/uploads\/2025\/03\/O1CN01z01iek2L5AwTmHYnK_974269640-0-cib-744x1024.jpg 744w, https:\/\/www.cosmepak.com\/wp-content\/uploads\/2025\/03\/O1CN01z01iek2L5AwTmHYnK_974269640-0-cib-768x1057.jpg 768w, https:\/\/www.cosmepak.com\/wp-content\/uploads\/2025\/03\/O1CN01z01iek2L5AwTmHYnK_974269640-0-cib-600x826.jpg 600w\" sizes=\"(max-width: 1000px) 100vw, 1000px\" \/><\/p>\n<table style=\"border-collapse: collapse; width: 100%;\">\n<tbody>\n<tr>\n<td style=\"width: 33.3333%;\"><img decoding=\"async\" class=\"alignnone size-full wp-image-3330\" src=\"https:\/\/www.cosmepak.com\/wp-content\/uploads\/2025\/03\/O1CN01UtL9rY2L5AwPPLF43_974269640-0-cib-1.jpg\" alt=\"\" width=\"1000\" height=\"1000\" srcset=\"https:\/\/www.cosmepak.com\/wp-content\/uploads\/2025\/03\/O1CN01UtL9rY2L5AwPPLF43_974269640-0-cib-1.jpg 1000w, https:\/\/www.cosmepak.com\/wp-content\/uploads\/2025\/03\/O1CN01UtL9rY2L5AwPPLF43_974269640-0-cib-1-300x300.jpg 300w, https:\/\/www.cosmepak.com\/wp-content\/uploads\/2025\/03\/O1CN01UtL9rY2L5AwPPLF43_974269640-0-cib-1-150x150.jpg 150w, https:\/\/www.cosmepak.com\/wp-content\/uploads\/2025\/03\/O1CN01UtL9rY2L5AwPPLF43_974269640-0-cib-1-768x768.jpg 768w, https:\/\/www.cosmepak.com\/wp-content\/uploads\/2025\/03\/O1CN01UtL9rY2L5AwPPLF43_974269640-0-cib-1-12x12.jpg 12w, https:\/\/www.cosmepak.com\/wp-content\/uploads\/2025\/03\/O1CN01UtL9rY2L5AwPPLF43_974269640-0-cib-1-600x600.jpg 600w, https:\/\/www.cosmepak.com\/wp-content\/uploads\/2025\/03\/O1CN01UtL9rY2L5AwPPLF43_974269640-0-cib-1-100x100.jpg 100w\" sizes=\"(max-width: 1000px) 100vw, 1000px\" \/><\/td>\n<td style=\"width: 33.3333%;\"><img loading=\"lazy\" decoding=\"async\" class=\"alignnone size-full wp-image-3327\" src=\"https:\/\/www.cosmepak.com\/wp-content\/uploads\/2025\/03\/O1CN01oP47ue2L5AwEQKinW_974269640-0-cib-1.jpg\" alt=\"\" width=\"1000\" height=\"1000\" srcset=\"https:\/\/www.cosmepak.com\/wp-content\/uploads\/2025\/03\/O1CN01oP47ue2L5AwEQKinW_974269640-0-cib-1.jpg 1000w, https:\/\/www.cosmepak.com\/wp-content\/uploads\/2025\/03\/O1CN01oP47ue2L5AwEQKinW_974269640-0-cib-1-300x300.jpg 300w, https:\/\/www.cosmepak.com\/wp-content\/uploads\/2025\/03\/O1CN01oP47ue2L5AwEQKinW_974269640-0-cib-1-150x150.jpg 150w, https:\/\/www.cosmepak.com\/wp-content\/uploads\/2025\/03\/O1CN01oP47ue2L5AwEQKinW_974269640-0-cib-1-768x768.jpg 768w, https:\/\/www.cosmepak.com\/wp-content\/uploads\/2025\/03\/O1CN01oP47ue2L5AwEQKinW_974269640-0-cib-1-12x12.jpg 12w, https:\/\/www.cosmepak.com\/wp-content\/uploads\/2025\/03\/O1CN01oP47ue2L5AwEQKinW_974269640-0-cib-1-600x600.jpg 600w, https:\/\/www.cosmepak.com\/wp-content\/uploads\/2025\/03\/O1CN01oP47ue2L5AwEQKinW_974269640-0-cib-1-100x100.jpg 100w\" sizes=\"(max-width: 1000px) 100vw, 1000px\" \/><\/td>\n<td style=\"width: 33.3333%;\"><img loading=\"lazy\" decoding=\"async\" class=\"alignnone size-full wp-image-3331\" src=\"https:\/\/www.cosmepak.com\/wp-content\/uploads\/2025\/03\/1-19.jpg\" alt=\"\" width=\"1000\" height=\"1000\" srcset=\"https:\/\/www.cosmepak.com\/wp-content\/uploads\/2025\/03\/1-19.jpg 1000w, https:\/\/www.cosmepak.com\/wp-content\/uploads\/2025\/03\/1-19-300x300.jpg 300w, https:\/\/www.cosmepak.com\/wp-content\/uploads\/2025\/03\/1-19-150x150.jpg 150w, https:\/\/www.cosmepak.com\/wp-content\/uploads\/2025\/03\/1-19-768x768.jpg 768w, https:\/\/www.cosmepak.com\/wp-content\/uploads\/2025\/03\/1-19-12x12.jpg 12w, https:\/\/www.cosmepak.com\/wp-content\/uploads\/2025\/03\/1-19-600x600.jpg 600w, https:\/\/www.cosmepak.com\/wp-content\/uploads\/2025\/03\/1-19-100x100.jpg 100w\" sizes=\"(max-width: 1000px) 100vw, 1000px\" \/><\/td>\n<\/tr>\n<\/tbody>\n<\/table>\n<p>&nbsp;<\/p>\n<p>&nbsp;<\/p>","protected":false},"excerpt":{"rendered":"<p>V\u1eadt li\u1ec7u chai: th\u1ee7y tinh<\/p>\n<p>V\u1eadt li\u1ec7u gi\u1edbi h\u1ea1n: PP<\/p>\n<p>Dung l\u01b0\u1ee3ng: 30ml<\/p>\n<p>B\u01a1m: B\u01a1m kem d\u01b0\u1ee1ng da<\/p>\n<p>M\u00e0u s\u1eafc: T\u00f9y ch\u1ec9nh (b\u1ea5t k\u1ef3 m\u00e0u pantone n\u00e0o c\u00f3 s\u1eb5n)<\/p>\n<p>B\u1ec1 m\u1eb7t ho\u00e0n thi\u1ec7n: In m\u00e0n h\u00ecnh, s\u01b0\u01a1ng gi\u00e1, d\u1eadp n\u00f3ng, gradient phun, k\u1ebft th\u00fac m\u1edd, v.v.<\/p>\n<p>MOQ: 5000pcs;<\/p>\n<p>&nbsp;<\/p>","protected":false},"featured_media":1616,"comment_status":"open","ping_status":"closed","template":"","meta":{"_acf_changed":false},"product_brand":[],"product_cat":[34],"product_tag":[],"class_list":{"0":"post-1615","1":"product","2":"type-product","3":"status-publish","4":"has-post-thumbnail","6":"product_cat-foundation-bottle","8":"first","9":"outofstock","10":"shipping-taxable","11":"product-type-simple"},"acf":[],"_links":{"self":[{"href":"https:\/\/www.cosmepak.com\/vi\/wp-json\/wp\/v2\/product\/1615","targetHints":{"allow":["GET"]}}],"collection":[{"href":"https:\/\/www.cosmepak.com\/vi\/wp-json\/wp\/v2\/product"}],"about":[{"href":"https:\/\/www.cosmepak.com\/vi\/wp-json\/wp\/v2\/types\/product"}],"replies":[{"embeddable":true,"href":"https:\/\/www.cosmepak.com\/vi\/wp-json\/wp\/v2\/comments?post=1615"}],"wp:featuredmedia":[{"embeddable":true,"href":"https:\/\/www.cosmepak.com\/vi\/wp-json\/wp\/v2\/media\/1616"}],"wp:attachment":[{"href":"https:\/\/www.cosmepak.com\/vi\/wp-json\/wp\/v2\/media?parent=1615"}],"wp:term":[{"taxonomy":"product_brand","embeddable":true,"href":"https:\/\/www.cosmepak.com\/vi\/wp-json\/wp\/v2\/product_brand?post=1615"},{"taxonomy":"product_cat","embeddable":true,"href":"https:\/\/www.cosmepak.com\/vi\/wp-json\/wp\/v2\/product_cat?post=1615"},{"taxonomy":"product_tag","embeddable":true,"href":"https:\/\/www.cosmepak.com\/vi\/wp-json\/wp\/v2\/product_tag?post=1615"}],"curies":[{"name":"WP","href":"https:\/\/api.w.org\/{rel}","templated":true}]}}