{"id":1618,"date":"2025-03-28T16:53:19","date_gmt":"2025-03-28T08:53:19","guid":{"rendered":"https:\/\/www.cosmepak.com\/?post_type=product&#038;p=1618"},"modified":"2025-11-05T16:07:22","modified_gmt":"2025-11-05T08:07:22","slug":"chai-thuy-tinh-nen-tang-vuong-15ml-vang","status":"publish","type":"product","link":"https:\/\/www.cosmepak.com\/vi\/product\/15ml-square-foundation-glass-bottle-jaunce\/","title":{"rendered":"15ml Square Foundation Glass \/Jaunce"},"content":{"rendered":"<table style=\"border-collapse: collapse; width: 100%; height: 144px;\">\n<tbody>\n<tr style=\"height: 24px;\">\n<td style=\"width: 33.3333%; height: 144px;\" rowspan=\"6\"><img fetchpriority=\"high\" decoding=\"async\" class=\"alignnone size-full wp-image-3345\" src=\"https:\/\/www.cosmepak.com\/wp-content\/uploads\/2025\/03\/O1CN01tg3eoY2L5AwBZJnbX_974269640-0-cib-1.jpg\" alt=\"\" width=\"1000\" height=\"1000\" srcset=\"https:\/\/www.cosmepak.com\/wp-content\/uploads\/2025\/03\/O1CN01tg3eoY2L5AwBZJnbX_974269640-0-cib-1.jpg 1000w, https:\/\/www.cosmepak.com\/wp-content\/uploads\/2025\/03\/O1CN01tg3eoY2L5AwBZJnbX_974269640-0-cib-1-300x300.jpg 300w, https:\/\/www.cosmepak.com\/wp-content\/uploads\/2025\/03\/O1CN01tg3eoY2L5AwBZJnbX_974269640-0-cib-1-150x150.jpg 150w, https:\/\/www.cosmepak.com\/wp-content\/uploads\/2025\/03\/O1CN01tg3eoY2L5AwBZJnbX_974269640-0-cib-1-768x768.jpg 768w, https:\/\/www.cosmepak.com\/wp-content\/uploads\/2025\/03\/O1CN01tg3eoY2L5AwBZJnbX_974269640-0-cib-1-12x12.jpg 12w, https:\/\/www.cosmepak.com\/wp-content\/uploads\/2025\/03\/O1CN01tg3eoY2L5AwBZJnbX_974269640-0-cib-1-600x600.jpg 600w, https:\/\/www.cosmepak.com\/wp-content\/uploads\/2025\/03\/O1CN01tg3eoY2L5AwBZJnbX_974269640-0-cib-1-100x100.jpg 100w\" sizes=\"(max-width: 1000px) 100vw, 1000px\" \/><\/td>\n<td style=\"width: 33.122%; height: 24px; text-align: center;\">Th\u01b0\u01a1ng hi\u1ec7u<\/td>\n<td style=\"width: 33.5446%; height: 24px; text-align: center;\">Jaunce<\/td>\n<\/tr>\n<tr style=\"height: 24px;\">\n<td style=\"width: 33.122%; height: 24px; text-align: center;\">Ng\u01b0\u1eddi m\u1eabu<\/td>\n<td style=\"width: 33.5446%; height: 24px; text-align: center;\">JH-Phf103<\/td>\n<\/tr>\n<tr style=\"height: 24px;\">\n<td style=\"width: 33.122%; height: 24px; text-align: center;\">Kh\u1ea3 n\u0103ng<\/td>\n<td style=\"width: 33.5446%; height: 24px; text-align: center;\">B\u00ecnh lu\u1eadn en: 40ml b\u01a1m \u00e1p l\u1ef1c \u0111\u1ea7u kem m\u1eaft tinh ch\u1ea5t \u1ed1ng<\/td>\n<\/tr>\n<tr style=\"height: 24px;\">\n<td style=\"width: 33.122%; height: 24px; text-align: center;\">K\u00edch th\u01b0\u1edbc c\u1ed5<\/td>\n<td style=\"width: 33.5446%; height: 24px; text-align: center;\">18mm<\/td>\n<\/tr>\n<tr style=\"height: 24px;\">\n<td style=\"width: 33.122%; height: 24px; text-align: center;\">B\u01a1m<\/td>\n<td style=\"width: 33.5446%; height: 24px; text-align: center;\">B\u01a1m kem d\u01b0\u1ee1ng da<\/td>\n<\/tr>\n<tr style=\"height: 24px;\">\n<td style=\"width: 33.122%; height: 24px; text-align: center;\">V\u1eadt li\u1ec7u<\/td>\n<td style=\"width: 33.5446%; height: 24px; text-align: center;\">Th\u1ee7y tinh<\/td>\n<\/tr>\n<\/tbody>\n<\/table>\n<table style=\"border-collapse: collapse; width: 100%;\">\n<tbody>\n<tr style=\"height: 24px;\">\n<td style=\"width: 20%; text-align: center; height: 24px;\"><strong>Dung t\u00edch<\/strong><\/td>\n<td style=\"width: 20%; text-align: center; height: 24px;\"><strong>Chi\u1ec1u cao vai<\/strong><\/td>\n<td style=\"width: 20%; text-align: center; height: 24px;\"><strong>T\u1ed5ng chi\u1ec1u cao<\/strong><\/td>\n<td style=\"width: 20%; text-align: center; height: 24px;\"><strong>Dia<\/strong><\/td>\n<\/tr>\n<tr style=\"height: 24px;\">\n<td style=\"width: 20%; text-align: center; height: 24px;\">15ml<\/td>\n<td style=\"width: 20%; text-align: center; height: 24px;\">43mm<\/td>\n<td style=\"width: 20%; text-align: center; height: 24px;\">85mm<\/td>\n<td style=\"width: 20%; text-align: center; height: 24px;\">32mm<\/td>\n<\/tr>\n<tr>\n<td style=\"width: 20%; text-align: center;\">25ml<\/td>\n<td style=\"width: 20%; text-align: center;\">50mm<\/td>\n<td style=\"width: 20%; text-align: center;\">92mm<\/td>\n<td style=\"width: 20%; text-align: center;\">32mm<\/td>\n<\/tr>\n<tr>\n<td style=\"width: 20%; text-align: center;\">35ml<\/td>\n<td style=\"width: 20%; text-align: center;\">64mm<\/td>\n<td style=\"width: 20%; text-align: center;\">105mm<\/td>\n<td style=\"width: 20%; text-align: center;\">32mm<\/td>\n<\/tr>\n<tr>\n<td style=\"width: 20%; text-align: center;\">40ml<\/td>\n<td style=\"width: 20%; text-align: center;\">78mm<\/td>\n<td style=\"width: 20%; text-align: center;\">120mm<\/td>\n<td style=\"width: 20%; text-align: center;\">32mm<\/td>\n<\/tr>\n<\/tbody>\n<\/table>\n<p>https:\/\/www.cosmepak.com\/ar\/product\/40ml-pressurized-pump-head-eye-cream-essence-tube\/<\/p>\n<p>B\u00ecnh lu\u1eadn v\u1ec1: 40ml pressurized pump head eye cream essence tube<br \/>\nhttps:\/\/www.cosmepak.com\/ja\/product\/titanium-alloy-eye-cream-tube\/<br \/>\nTitanium alloy eye cream tube  B\u00ecnh lu\u1eadn<\/p>\n<p>https:\/\/www.cosmepak.com\/ru\/product\/titanium-alloy-eye-cream-tube\/<\/p>\n<p>B\u00ecnh lu\u1eadn: Titanium h\u1ee3p kim kem m\u1eaft \u1ed1ng<\/p>\n<p>https:\/\/www.cosmepak.com\/vi\/san-pham\/chai-kem-nhua-500ml-vang\/<\/p>\n<p>&nbsp;<\/p>\n<p><img decoding=\"async\" class=\"wp-image-1620 aligncenter\" src=\"https:\/\/www.cosmepak.com\/wp-content\/uploads\/2025\/03\/O1CN01jK8lCN2L5AwIjoEFv_974269640-0-cib.jpg\" alt=\"Chai th\u1ee7y tinh n\u1ec1n t\u1ea3ng\" width=\"1373\" height=\"1893\" srcset=\"https:\/\/www.cosmepak.com\/wp-content\/uploads\/2025\/03\/O1CN01jK8lCN2L5AwIjoEFv_974269640-0-cib.jpg 1000w, https:\/\/www.cosmepak.com\/wp-content\/uploads\/2025\/03\/O1CN01jK8lCN2L5AwIjoEFv_974269640-0-cib-218x300.jpg 218w, https:\/\/www.cosmepak.com\/wp-content\/uploads\/2025\/03\/O1CN01jK8lCN2L5AwIjoEFv_974269640-0-cib-743x1024.jpg 743w, https:\/\/www.cosmepak.com\/wp-content\/uploads\/2025\/03\/O1CN01jK8lCN2L5AwIjoEFv_974269640-0-cib-768x1059.jpg 768w, https:\/\/www.cosmepak.com\/wp-content\/uploads\/2025\/03\/O1CN01jK8lCN2L5AwIjoEFv_974269640-0-cib-600x827.jpg 600w\" sizes=\"(max-width: 1373px) 100vw, 1373px\" \/><\/p>\n<table style=\"border-collapse: collapse; width: 100%;\">\n<tbody>\n<tr>\n<td style=\"width: 50%;\"><img decoding=\"async\" class=\"alignnone size-full wp-image-3344\" src=\"https:\/\/www.cosmepak.com\/wp-content\/uploads\/2025\/03\/O1CN01uRg7vT2L5AwCjXroW_974269640-0-cib-2.jpg\" alt=\"\" width=\"1000\" height=\"1000\" srcset=\"https:\/\/www.cosmepak.com\/wp-content\/uploads\/2025\/03\/O1CN01uRg7vT2L5AwCjXroW_974269640-0-cib-2.jpg 1000w, https:\/\/www.cosmepak.com\/wp-content\/uploads\/2025\/03\/O1CN01uRg7vT2L5AwCjXroW_974269640-0-cib-2-300x300.jpg 300w, https:\/\/www.cosmepak.com\/wp-content\/uploads\/2025\/03\/O1CN01uRg7vT2L5AwCjXroW_974269640-0-cib-2-150x150.jpg 150w, https:\/\/www.cosmepak.com\/wp-content\/uploads\/2025\/03\/O1CN01uRg7vT2L5AwCjXroW_974269640-0-cib-2-768x768.jpg 768w, https:\/\/www.cosmepak.com\/wp-content\/uploads\/2025\/03\/O1CN01uRg7vT2L5AwCjXroW_974269640-0-cib-2-12x12.jpg 12w, https:\/\/www.cosmepak.com\/wp-content\/uploads\/2025\/03\/O1CN01uRg7vT2L5AwCjXroW_974269640-0-cib-2-600x600.jpg 600w, https:\/\/www.cosmepak.com\/wp-content\/uploads\/2025\/03\/O1CN01uRg7vT2L5AwCjXroW_974269640-0-cib-2-100x100.jpg 100w\" sizes=\"(max-width: 1000px) 100vw, 1000px\" \/><\/td>\n<td style=\"width: 50%;\"><img loading=\"lazy\" decoding=\"async\" class=\"alignnone size-full wp-image-3346\" src=\"https:\/\/www.cosmepak.com\/wp-content\/uploads\/2025\/03\/O1CN01lWeYrl2L5Aw6tEQqp_974269640-0-cib-2.jpg\" alt=\"\" width=\"1000\" height=\"1000\" srcset=\"https:\/\/www.cosmepak.com\/wp-content\/uploads\/2025\/03\/O1CN01lWeYrl2L5Aw6tEQqp_974269640-0-cib-2.jpg 1000w, https:\/\/www.cosmepak.com\/wp-content\/uploads\/2025\/03\/O1CN01lWeYrl2L5Aw6tEQqp_974269640-0-cib-2-300x300.jpg 300w, https:\/\/www.cosmepak.com\/wp-content\/uploads\/2025\/03\/O1CN01lWeYrl2L5Aw6tEQqp_974269640-0-cib-2-150x150.jpg 150w, https:\/\/www.cosmepak.com\/wp-content\/uploads\/2025\/03\/O1CN01lWeYrl2L5Aw6tEQqp_974269640-0-cib-2-768x768.jpg 768w, https:\/\/www.cosmepak.com\/wp-content\/uploads\/2025\/03\/O1CN01lWeYrl2L5Aw6tEQqp_974269640-0-cib-2-12x12.jpg 12w, https:\/\/www.cosmepak.com\/wp-content\/uploads\/2025\/03\/O1CN01lWeYrl2L5Aw6tEQqp_974269640-0-cib-2-600x600.jpg 600w, https:\/\/www.cosmepak.com\/wp-content\/uploads\/2025\/03\/O1CN01lWeYrl2L5Aw6tEQqp_974269640-0-cib-2-100x100.jpg 100w\" sizes=\"(max-width: 1000px) 100vw, 1000px\" \/><\/td>\n<\/tr>\n<\/tbody>\n<\/table>","protected":false},"excerpt":{"rendered":"<p>V\u1eadt li\u1ec7u chai: th\u1ee7y tinh<\/p>\n<p>V\u1eadt li\u1ec7u gi\u1edbi h\u1ea1n: PP<\/p>\n<p>Dung l\u01b0\u1ee3ng: 15ml<\/p>\n<p>B\u01a1m: B\u01a1m kem d\u01b0\u1ee1ng da<\/p>\n<p>M\u00e0u s\u1eafc: T\u00f9y ch\u1ec9nh (b\u1ea5t k\u1ef3 m\u00e0u pantone n\u00e0o c\u00f3 s\u1eb5n)<\/p>\n<p>B\u1ec1 m\u1eb7t ho\u00e0n thi\u1ec7n: In m\u00e0n h\u00ecnh, s\u01b0\u01a1ng gi\u00e1, d\u1eadp n\u00f3ng, gradient phun, k\u1ebft th\u00fac m\u1edd, v.v.<\/p>\n<p>MOQ: 5000pcs;<\/p>\n<p>&nbsp;<\/p>","protected":false},"featured_media":1619,"comment_status":"open","ping_status":"closed","template":"","meta":{"_acf_changed":false},"product_brand":[],"product_cat":[34],"product_tag":[],"class_list":{"0":"post-1618","1":"product","2":"type-product","3":"status-publish","4":"has-post-thumbnail","6":"product_cat-foundation-bottle","8":"first","9":"outofstock","10":"shipping-taxable","11":"product-type-simple"},"acf":[],"_links":{"self":[{"href":"https:\/\/www.cosmepak.com\/vi\/wp-json\/wp\/v2\/product\/1618","targetHints":{"allow":["GET"]}}],"collection":[{"href":"https:\/\/www.cosmepak.com\/vi\/wp-json\/wp\/v2\/product"}],"about":[{"href":"https:\/\/www.cosmepak.com\/vi\/wp-json\/wp\/v2\/types\/product"}],"replies":[{"embeddable":true,"href":"https:\/\/www.cosmepak.com\/vi\/wp-json\/wp\/v2\/comments?post=1618"}],"wp:featuredmedia":[{"embeddable":true,"href":"https:\/\/www.cosmepak.com\/vi\/wp-json\/wp\/v2\/media\/1619"}],"wp:attachment":[{"href":"https:\/\/www.cosmepak.com\/vi\/wp-json\/wp\/v2\/media?parent=1618"}],"wp:term":[{"taxonomy":"product_brand","embeddable":true,"href":"https:\/\/www.cosmepak.com\/vi\/wp-json\/wp\/v2\/product_brand?post=1618"},{"taxonomy":"product_cat","embeddable":true,"href":"https:\/\/www.cosmepak.com\/vi\/wp-json\/wp\/v2\/product_cat?post=1618"},{"taxonomy":"product_tag","embeddable":true,"href":"https:\/\/www.cosmepak.com\/vi\/wp-json\/wp\/v2\/product_tag?post=1618"}],"curies":[{"name":"WP","href":"https:\/\/api.w.org\/{rel}","templated":true}]}}