{"id":1621,"date":"2025-03-28T16:56:35","date_gmt":"2025-03-28T08:56:35","guid":{"rendered":"https:\/\/www.cosmepak.com\/?post_type=product&#038;p=1621"},"modified":"2025-09-11T13:20:15","modified_gmt":"2025-09-11T05:20:15","slug":"25ml-chai-thuy-tinh-nen-vuong-vang","status":"publish","type":"product","link":"https:\/\/www.cosmepak.com\/vi\/product\/25ml-square-foundation-glass-bottle-jaunce\/","title":{"rendered":"Chai th\u1ee7y tinh n\u1ec1n vu\u00f4ng 25ml \/Jaunce"},"content":{"rendered":"<table style=\"border-collapse: collapse; width: 100%; height: 144px;\">\n<tbody>\n<tr style=\"height: 24px;\">\n<td style=\"width: 33.3333%; height: 144px;\" rowspan=\"6\"><img fetchpriority=\"high\" decoding=\"async\" class=\"alignnone size-full wp-image-1622\" src=\"https:\/\/www.cosmepak.com\/wp-content\/uploads\/2025\/03\/O1CN01lWeYrl2L5Aw6tEQqp_974269640-0-cib.jpg\" alt=\"chai n\u1ec1n t\u1ea3ng\" width=\"1000\" height=\"1000\" srcset=\"https:\/\/www.cosmepak.com\/wp-content\/uploads\/2025\/03\/O1CN01lWeYrl2L5Aw6tEQqp_974269640-0-cib.jpg 1000w, https:\/\/www.cosmepak.com\/wp-content\/uploads\/2025\/03\/O1CN01lWeYrl2L5Aw6tEQqp_974269640-0-cib-300x300.jpg 300w, https:\/\/www.cosmepak.com\/wp-content\/uploads\/2025\/03\/O1CN01lWeYrl2L5Aw6tEQqp_974269640-0-cib-150x150.jpg 150w, https:\/\/www.cosmepak.com\/wp-content\/uploads\/2025\/03\/O1CN01lWeYrl2L5Aw6tEQqp_974269640-0-cib-768x768.jpg 768w, https:\/\/www.cosmepak.com\/wp-content\/uploads\/2025\/03\/O1CN01lWeYrl2L5Aw6tEQqp_974269640-0-cib-600x600.jpg 600w, https:\/\/www.cosmepak.com\/wp-content\/uploads\/2025\/03\/O1CN01lWeYrl2L5Aw6tEQqp_974269640-0-cib-100x100.jpg 100w\" sizes=\"(max-width: 1000px) 100vw, 1000px\" \/><\/td>\n<td style=\"width: 33.122%; height: 24px; text-align: center;\">Th\u01b0\u01a1ng hi\u1ec7u<\/td>\n<td style=\"width: 33.5446%; height: 24px; text-align: center;\">Jaunce<\/td>\n<\/tr>\n<tr style=\"height: 24px;\">\n<td style=\"width: 33.122%; height: 24px; text-align: center;\">Ng\u01b0\u1eddi m\u1eabu<\/td>\n<td style=\"width: 33.5446%; height: 24px; text-align: center;\">JH-Phf103<\/td>\n<\/tr>\n<tr style=\"height: 24px;\">\n<td style=\"width: 33.122%; height: 24px; text-align: center;\">Kh\u1ea3 n\u0103ng<\/td>\n<td style=\"width: 33.5446%; height: 24px; text-align: center;\">15ml<\/td>\n<\/tr>\n<tr style=\"height: 24px;\">\n<td style=\"width: 33.122%; height: 24px; text-align: center;\">K\u00edch th\u01b0\u1edbc c\u1ed5<\/td>\n<td style=\"width: 33.5446%; height: 24px; text-align: center;\">18mm<\/td>\n<\/tr>\n<tr style=\"height: 24px;\">\n<td style=\"width: 33.122%; height: 24px; text-align: center;\">B\u01a1m<\/td>\n<td style=\"width: 33.5446%; height: 24px; text-align: center;\">B\u01a1m kem d\u01b0\u1ee1ng da<\/td>\n<\/tr>\n<tr style=\"height: 24px;\">\n<td style=\"width: 33.122%; height: 24px; text-align: center;\">V\u1eadt li\u1ec7u<\/td>\n<td style=\"width: 33.5446%; height: 24px; text-align: center;\">Th\u1ee7y tinh<\/td>\n<\/tr>\n<\/tbody>\n<\/table>\n<p>15ml B\u00ecnh h\u00ecnh K\u00ednh K\u00ednh, T\u00f9y ch\u1ec9nh ch\u1ea5p nh\u1eadn \u0111\u01b0\u1ee3c.<\/p>\n<table style=\"border-collapse: collapse; width: 100%;\">\n<tbody>\n<tr style=\"height: 24px;\">\n<td style=\"width: 20%; text-align: center; height: 24px;\"><strong>Dung t\u00edch<\/strong><\/td>\n<td style=\"width: 20%; text-align: center; height: 24px;\"><strong>Chi\u1ec1u cao vai<\/strong><\/td>\n<td style=\"width: 20%; text-align: center; height: 24px;\"><strong>T\u1ed5ng chi\u1ec1u cao<\/strong><\/td>\n<td style=\"width: 20%; text-align: center; height: 24px;\"><strong>Dia<\/strong><\/td>\n<\/tr>\n<tr style=\"height: 24px;\">\n<td style=\"width: 20%; text-align: center; height: 24px;\">25ml<\/td>\n<td style=\"width: 20%; text-align: center; height: 24px;\">50mm<\/td>\n<td style=\"width: 20%; text-align: center; height: 24px;\">92mm<\/td>\n<td style=\"width: 20%; text-align: center; height: 24px;\">32mm<\/td>\n<\/tr>\n<\/tbody>\n<\/table>\n<p><img decoding=\"async\" class=\"alignnone wp-image-1620\" src=\"https:\/\/www.cosmepak.com\/wp-content\/uploads\/2025\/03\/O1CN01jK8lCN2L5AwIjoEFv_974269640-0-cib.jpg\" alt=\"Chai th\u1ee7y tinh n\u1ec1n t\u1ea3ng\" width=\"1373\" height=\"1893\" srcset=\"https:\/\/www.cosmepak.com\/wp-content\/uploads\/2025\/03\/O1CN01jK8lCN2L5AwIjoEFv_974269640-0-cib.jpg 1000w, https:\/\/www.cosmepak.com\/wp-content\/uploads\/2025\/03\/O1CN01jK8lCN2L5AwIjoEFv_974269640-0-cib-218x300.jpg 218w, https:\/\/www.cosmepak.com\/wp-content\/uploads\/2025\/03\/O1CN01jK8lCN2L5AwIjoEFv_974269640-0-cib-743x1024.jpg 743w, https:\/\/www.cosmepak.com\/wp-content\/uploads\/2025\/03\/O1CN01jK8lCN2L5AwIjoEFv_974269640-0-cib-768x1059.jpg 768w, https:\/\/www.cosmepak.com\/wp-content\/uploads\/2025\/03\/O1CN01jK8lCN2L5AwIjoEFv_974269640-0-cib-600x827.jpg 600w\" sizes=\"(max-width: 1373px) 100vw, 1373px\" \/><\/p>\n<h2 id=\"introducing-our-15ml-square-shape-glass-foundation-bottle\" class=\"ai-center-markdown-h2\">Gi\u1edbi thi\u1ec7u Chai n\u1ec1n t\u1ea3ng th\u1ee7y tinh h\u00ecnh vu\u00f4ng 15ml c\u1ee7a ch\u00fang t\u00f4i<\/h2>\n<p class=\"ai-center-markdown-p\">B\u1ea1n \u0111ang t\u00ecm ki\u1ebfm m\u1ed9t chai n\u1ec1n t\u1ea3ng ch\u1ea5t l\u01b0\u1ee3ng cao k\u1ebft h\u1ee3p s\u1ef1 thanh l\u1ecbch v\u1edbi ch\u1ee9c n\u0103ng? \u0110\u1eebng t\u00ecm th\u00eam! Chai n\u1ec1n t\u1ea3ng th\u1ee7y tinh h\u00ecnh vu\u00f4ng 15ml c\u1ee7a ch\u00fang t\u00f4i l\u00e0 s\u1ef1 l\u1ef1a ch\u1ecdn ho\u00e0n h\u1ea3o cho nhu c\u1ea7u m\u1ef9 ph\u1ea9m c\u1ee7a b\u1ea1n.<\/p>\n<h3 id=\"key-features\" class=\"ai-center-markdown-h3\">T\u00ednh n\u0103ng ch\u00ednh:<\/h3>\n<p class=\"ai-center-markdown-p\"><strong class=\"ai-center-markdown-strong\">1. Thi\u1ebft k\u1ebf thanh l\u1ecbch:<\/strong>\u00a0Chai n\u1ec1n t\u1ea3ng c\u1ee7a ch\u00fang t\u00f4i t\u1ef1 h\u00e0o c\u00f3 h\u00ecnh d\u1ea1ng vu\u00f4ng thanh l\u1ecbch, cung c\u1ea5p m\u1ed9t c\u00e1i nh\u00ecn hi\u1ec7n \u0111\u1ea1i v\u00e0 tinh vi. Thi\u1ebft k\u1ebf kh\u00f4ng ch\u1ec9 h\u1ea5p d\u1eabn tr\u1ef1c quan m\u00e0 c\u00f2n th\u1ef1c t\u1ebf, \u0111\u1ea3m b\u1ea3o d\u1ec5 x\u1eed l\u00fd v\u00e0 l\u01b0u tr\u1eef.<\/p>\n<p class=\"ai-center-markdown-p\"><strong class=\"ai-center-markdown-strong\">2. Ch\u1ea5t li\u1ec7u ch\u1ea5t l\u01b0\u1ee3ng cao:<\/strong>\u00a0\u0110\u01b0\u1ee3c l\u00e0m t\u1eeb k\u00ednh b\u1ec1n v\u00e0 ch\u1ea5t l\u01b0\u1ee3ng cao, chai n\u00e0y \u0111\u1ea3m b\u1ea3o an to\u00e0n v\u00e0 b\u1ea3o t\u1ed3n n\u1ec1n t\u1ea3ng c\u1ee7a b\u1ea1n. V\u1eadt li\u1ec7u th\u1ee7y tinh c\u00f3 kh\u1ea3 n\u0103ng ch\u1ed1ng ph\u1ea3n \u1ee9ng h\u00f3a h\u1ecdc, \u0111\u1ea3m b\u1ea3o r\u1eb1ng s\u1ea3n ph\u1ea9m c\u1ee7a b\u1ea1n v\u1eabn t\u01b0\u01a1i v\u00e0 hi\u1ec7u qu\u1ea3 trong m\u1ed9t th\u1eddi gian d\u00e0i h\u01a1n.<\/p>\n<p class=\"ai-center-markdown-p\"><strong class=\"ai-center-markdown-strong\">3. C\u00f4ng su\u1ea5t ho\u00e0n h\u1ea3o:<\/strong>\u00a0V\u1edbi dung l\u01b0\u1ee3ng 15ml, chai n\u00e0y l\u00e0 l\u00fd t\u01b0\u1edfng cho c\u1ea3 s\u1eed d\u1ee5ng c\u00e1 nh\u00e2n v\u00e0 du l\u1ecbch. N\u00f3 cung c\u1ea5p \u0111\u00fang l\u01b0\u1ee3ng n\u1ec1n t\u1ea3ng, gi\u1ea3m ch\u1ea5t th\u1ea3i v\u00e0 \u0111\u1ea3m b\u1ea3o b\u1ea1n c\u00f3 \u0111\u1ee7 s\u1ea3n ph\u1ea9m cho nhu c\u1ea7u c\u1ee7a b\u1ea1n.<\/p>\n<p class=\"ai-center-markdown-p\"><strong class=\"ai-center-markdown-strong\">4. T\u00f9y ch\u1ec9nh ch\u1ea5p nh\u1eadn \u0111\u01b0\u1ee3c:<\/strong>\u00a0Ch\u00fang t\u00f4i hi\u1ec3u r\u1eb1ng th\u01b0\u01a1ng hi\u1ec7u r\u1ea5t quan tr\u1ecdng cho doanh nghi\u1ec7p c\u1ee7a b\u1ea1n. Do \u0111\u00f3, ch\u00fang t\u00f4i cung c\u1ea5p c\u00e1c t\u00f9y ch\u1ecdn t\u00f9y ch\u1ec9nh \u0111\u1ec3 \u0111i\u1ec1u ch\u1ec9nh chai theo y\u00eau c\u1ea7u c\u1ee5 th\u1ec3 c\u1ee7a b\u1ea1n. Cho d\u00f9 b\u1ea1n c\u1ea7n m\u1ed9t logo \u0111\u1ed9c \u0111\u00e1o, k\u00edch th\u01b0\u1edbc c\u1ee5 th\u1ec3 ho\u1eb7c c\u00e1c y\u1ebfu t\u1ed1 thi\u1ebft k\u1ebf c\u1ee5 th\u1ec3, ch\u00fang t\u00f4i \u1edf \u0111\u00e2y \u0111\u1ec3 ph\u00f9 h\u1ee3p v\u1edbi nhu c\u1ea7u c\u1ee7a b\u1ea1n.<\/p>\n<h3 id=\"benefits-of-customization\" class=\"ai-center-markdown-h3\">L\u1ee3i \u00edch c\u1ee7a t\u00f9y ch\u1ec9nh:<\/h3>\n<p class=\"ai-center-markdown-p\"><strong class=\"ai-center-markdown-strong\">1. C\u00f4ng nh\u1eadn th\u01b0\u01a1ng hi\u1ec7u:<\/strong>\u00a0T\u00f9y ch\u1ec9nh chai n\u1ec1n t\u1ea3ng c\u1ee7a b\u1ea1n v\u1edbi logo v\u00e0 c\u00e1c y\u1ebfu t\u1ed1 thi\u1ebft k\u1ebf c\u1ee7a b\u1ea1n gi\u00fap t\u1ea1o ra b\u1ea3n s\u1eafc th\u01b0\u01a1ng hi\u1ec7u m\u1ea1nh m\u1ebd. N\u00f3 \u0111\u1ea3m b\u1ea3o r\u1eb1ng s\u1ea3n ph\u1ea9m c\u1ee7a b\u1ea1n n\u1ed5i b\u1eadt tr\u00ean th\u1ecb tr\u01b0\u1eddng, thu h\u00fat nhi\u1ec1u kh\u00e1ch h\u00e0ng h\u01a1n.<\/p>\n<p class=\"ai-center-markdown-p\"><strong class=\"ai-center-markdown-strong\">2. N\u00e2ng cao tr\u1ea3i nghi\u1ec7m kh\u00e1ch h\u00e0ng:<\/strong>\u00a0M\u1ed9t chai t\u00f9y ch\u1ec9nh c\u00f3 th\u1ec3 n\u00e2ng cao tr\u1ea3i nghi\u1ec7m kh\u00e1ch h\u00e0ng t\u1ed5ng th\u1ec3 b\u1eb1ng c\u00e1ch cung c\u1ea5p m\u1ed9t c\u1ea3m \u1ee9ng \u0111\u1ed9c \u0111\u00e1o v\u00e0 c\u00e1 nh\u00e2n. N\u00f3 cho th\u1ea5y s\u1ef1 ch\u00fa \u00fd c\u1ee7a b\u1ea1n \u0111\u1ebfn chi ti\u1ebft v\u00e0 cam k\u1ebft v\u1edbi ch\u1ea5t l\u01b0\u1ee3ng, c\u00f3 th\u1ec3 c\u1ea3i thi\u1ec7n \u0111\u00e1ng k\u1ec3 s\u1ef1 h\u00e0i l\u00f2ng c\u1ee7a kh\u00e1ch h\u00e0ng.<\/p>\n<p class=\"ai-center-markdown-p\"><strong class=\"ai-center-markdown-strong\">3. L\u1ee3i th\u1ebf c\u1ea1nh tranh:<\/strong>\u00a0Trong m\u1ed9t th\u1ecb tr\u01b0\u1eddng c\u1ea1nh tranh, c\u00f3 m\u1ed9t s\u1ea3n ph\u1ea9m \u0111\u1eb7c bi\u1ec7t c\u00f3 th\u1ec3 cho b\u1ea1n m\u1ed9t l\u1ee3i th\u1ebf so v\u1edbi \u0111\u1ed1i th\u1ee7 c\u1ea1nh tranh c\u1ee7a b\u1ea1n. T\u00f9y ch\u1ec9nh cho ph\u00e9p b\u1ea1n ph\u00e2n bi\u1ec7t s\u1ea3n ph\u1ea9m c\u1ee7a m\u00ecnh v\u00e0 t\u1ea1o \u1ea5n t\u01b0\u1ee3ng l\u00e2u d\u00e0i v\u1edbi kh\u00e1ch h\u00e0ng c\u1ee7a b\u1ea1n.<\/p>\n<h3 id=\"why-choose-us\" class=\"ai-center-markdown-h3\">T\u1ea1i sao ch\u1ecdn ch\u00fang t\u00f4i?<\/h3>\n<p class=\"ai-center-markdown-p\"><strong class=\"ai-center-markdown-strong\">1. Chuy\u00ean m\u00f4n v\u1ec1 t\u00f9y ch\u1ec9nh:<\/strong>\u00a0V\u1edbi nhi\u1ec1u n\u0103m kinh nghi\u1ec7m trong ng\u00e0nh c\u00f4ng nghi\u1ec7p, ch\u00fang t\u00f4i xu\u1ea5t s\u1eafc trong vi\u1ec7c cung c\u1ea5p c\u00e1c gi\u1ea3i ph\u00e1p ph\u00f9 h\u1ee3p v\u1edbi nhu c\u1ea7u c\u1ee5 th\u1ec3 c\u1ee7a b\u1ea1n. \u0110\u1ed9i ng\u0169 chuy\u00ean gia c\u1ee7a ch\u00fang t\u00f4i d\u00e0nh ri\u00eang \u0111\u1ec3 cung c\u1ea5p d\u1ecbch v\u1ee5 t\u00f9y ch\u1ec9nh ch\u1ea5t l\u01b0\u1ee3ng cao.<\/p>\n<p class=\"ai-center-markdown-p\"><strong class=\"ai-center-markdown-strong\">2. Cam k\u1ebft v\u1edbi ch\u1ea5t l\u01b0\u1ee3ng:<\/strong>\u00a0Ch\u1ea5t l\u01b0\u1ee3ng l\u00e0 \u01b0u ti\u00ean h\u00e0ng \u0111\u1ea7u c\u1ee7a ch\u00fang t\u00f4i. Ch\u00fang t\u00f4i \u0111\u1ea3m b\u1ea3o r\u1eb1ng m\u1ed7i chai \u0111\u00e1p \u1ee9ng ti\u00eau chu\u1ea9n cao nh\u1ea5t v\u1ec1 th\u1ee7 c\u00f4ng v\u00e0 \u0111\u1ed9 b\u1ec1n. B\u1ea1n c\u00f3 th\u1ec3 tin t\u01b0\u1edfng s\u1ea3n ph\u1ea9m c\u1ee7a ch\u00fang t\u00f4i \u0111\u1ec3 \u0111\u1ea1i di\u1ec7n cho th\u01b0\u01a1ng hi\u1ec7u c\u1ee7a b\u1ea1n v\u1edbi s\u1ef1 xu\u1ea5t s\u1eafc.<\/p>\n<p class=\"ai-center-markdown-p\"><strong class=\"ai-center-markdown-strong\">3. Gi\u1ea3i ph\u00e1p th\u00e2n thi\u1ec7n v\u1edbi m\u00f4i tr\u01b0\u1eddng:<\/strong>\u00a0Ch\u00fang t\u00f4i cam k\u1ebft b\u1ec1n v\u1eefng. Chai th\u1ee7y tinh c\u1ee7a ch\u00fang t\u00f4i th\u00e2n thi\u1ec7n v\u1edbi m\u00f4i tr\u01b0\u1eddng v\u00e0 c\u00f3 th\u1ec3 t\u00e1i ch\u1ebf, l\u00e0m cho ch\u00fang tr\u1edf th\u00e0nh m\u1ed9t l\u1ef1a ch\u1ecdn c\u00f3 tr\u00e1ch nhi\u1ec7m cho doanh nghi\u1ec7p v\u00e0 m\u00f4i tr\u01b0\u1eddng c\u1ee7a b\u1ea1n.<\/p>\n<p><img decoding=\"async\" class=\"alignnone size-full wp-image-1347\" src=\"https:\/\/www.cosmepak.com\/wp-content\/uploads\/2024\/12\/\u9996\u987519202_03.jpg\" alt=\"nh\u00e0 m\u00e1y hi\u1ec3n th\u1ecb\" width=\"1920\" height=\"885\" srcset=\"https:\/\/www.cosmepak.com\/wp-content\/uploads\/2024\/12\/\u9996\u987519202_03.jpg 1920w, https:\/\/www.cosmepak.com\/wp-content\/uploads\/2024\/12\/\u9996\u987519202_03-300x138.jpg 300w, https:\/\/www.cosmepak.com\/wp-content\/uploads\/2024\/12\/\u9996\u987519202_03-1024x472.jpg 1024w, https:\/\/www.cosmepak.com\/wp-content\/uploads\/2024\/12\/\u9996\u987519202_03-768x354.jpg 768w, https:\/\/www.cosmepak.com\/wp-content\/uploads\/2024\/12\/\u9996\u987519202_03-1536x708.jpg 1536w, https:\/\/www.cosmepak.com\/wp-content\/uploads\/2024\/12\/\u9996\u987519202_03-600x277.jpg 600w\" sizes=\"(max-width: 1920px) 100vw, 1920px\" \/><\/p>\n<p><img loading=\"lazy\" decoding=\"async\" class=\"alignnone size-full wp-image-1348\" src=\"https:\/\/www.cosmepak.com\/wp-content\/uploads\/2024\/12\/\u9996\u987519202_04.jpg\" alt=\"\" width=\"1920\" height=\"694\" srcset=\"https:\/\/www.cosmepak.com\/wp-content\/uploads\/2024\/12\/\u9996\u987519202_04.jpg 1920w, https:\/\/www.cosmepak.com\/wp-content\/uploads\/2024\/12\/\u9996\u987519202_04-300x108.jpg 300w, https:\/\/www.cosmepak.com\/wp-content\/uploads\/2024\/12\/\u9996\u987519202_04-1024x370.jpg 1024w, https:\/\/www.cosmepak.com\/wp-content\/uploads\/2024\/12\/\u9996\u987519202_04-768x278.jpg 768w, https:\/\/www.cosmepak.com\/wp-content\/uploads\/2024\/12\/\u9996\u987519202_04-1536x555.jpg 1536w, https:\/\/www.cosmepak.com\/wp-content\/uploads\/2024\/12\/\u9996\u987519202_04-600x217.jpg 600w\" sizes=\"(max-width: 1920px) 100vw, 1920px\" \/><img loading=\"lazy\" decoding=\"async\" class=\"alignnone size-full wp-image-1350\" src=\"https:\/\/www.cosmepak.com\/wp-content\/uploads\/2024\/12\/\u9996\u987519202_05-1.jpg\" alt=\"\" width=\"1920\" height=\"970\" srcset=\"https:\/\/www.cosmepak.com\/wp-content\/uploads\/2024\/12\/\u9996\u987519202_05-1.jpg 1920w, https:\/\/www.cosmepak.com\/wp-content\/uploads\/2024\/12\/\u9996\u987519202_05-1-300x152.jpg 300w, https:\/\/www.cosmepak.com\/wp-content\/uploads\/2024\/12\/\u9996\u987519202_05-1-1024x517.jpg 1024w, https:\/\/www.cosmepak.com\/wp-content\/uploads\/2024\/12\/\u9996\u987519202_05-1-768x388.jpg 768w, https:\/\/www.cosmepak.com\/wp-content\/uploads\/2024\/12\/\u9996\u987519202_05-1-1536x776.jpg 1536w, https:\/\/www.cosmepak.com\/wp-content\/uploads\/2024\/12\/\u9996\u987519202_05-1-600x303.jpg 600w\" sizes=\"(max-width: 1920px) 100vw, 1920px\" \/><img loading=\"lazy\" decoding=\"async\" class=\"alignnone wp-image-1351\" src=\"https:\/\/www.cosmepak.com\/wp-content\/uploads\/2024\/12\/\u7269\u6d41\u8fd0\u8f93\u753b\u9762-2.jpg\" alt=\"\" width=\"1385\" height=\"1039\" srcset=\"https:\/\/www.cosmepak.com\/wp-content\/uploads\/2024\/12\/\u7269\u6d41\u8fd0\u8f93\u753b\u9762-2.jpg 800w, https:\/\/www.cosmepak.com\/wp-content\/uploads\/2024\/12\/\u7269\u6d41\u8fd0\u8f93\u753b\u9762-2-300x225.jpg 300w, https:\/\/www.cosmepak.com\/wp-content\/uploads\/2024\/12\/\u7269\u6d41\u8fd0\u8f93\u753b\u9762-2-768x576.jpg 768w, https:\/\/www.cosmepak.com\/wp-content\/uploads\/2024\/12\/\u7269\u6d41\u8fd0\u8f93\u753b\u9762-2-600x450.jpg 600w\" sizes=\"(max-width: 1385px) 100vw, 1385px\" \/><\/p>\n<table style=\"border-collapse: collapse; width: 100%;\">\n<tbody>\n<tr>\n<td style=\"width: 33.3333%; text-align: center;\"><strong>Th\u1ec3 hi\u1ec7n<\/strong><\/td>\n<td style=\"width: 33.3333%; text-align: center;\"><strong>V\u1eadn chuy\u1ec3n h\u00e0ng kh\u00f4ng<\/strong><\/td>\n<td style=\"width: 33.3333%; text-align: center;\"><strong>V\u1eadn chuy\u1ec3n bi\u1ec3n<\/strong><\/td>\n<\/tr>\n<tr>\n<td style=\"width: 33.3333%; text-align: center;\">Europ 4-6 ng\u00e0y<\/p>\n<p>B\u1eafc M\u1ef9 4-6 ng\u00e0y<\/p>\n<p>\u0110\u00f4ng Nam \u00c1 3-5 ng\u00e0y<\/p>\n<p>Trung \u0110\u00f4ng 4-6 ng\u00e0y<\/p>\n<p>Nam Phi 5-8 ng\u00e0y<\/td>\n<td style=\"width: 33.3333%; text-align: center;\">Europ 4-6 ng\u00e0y<\/p>\n<p>B\u1eafc M\u1ef9 4-6 ng\u00e0y<\/p>\n<p>\u0110\u00f4ng Nam \u00c1 3-5 ng\u00e0y<\/p>\n<p>Trung \u0110\u00f4ng 4-6 ng\u00e0y<\/p>\n<p>Nam Phi 5-8 ng\u00e0y<\/td>\n<td style=\"width: 33.3333%; text-align: center;\">Europ 25-35 ng\u00e0y<\/p>\n<p>B\u1eafc M\u1ef9 25-35 ng\u00e0y<\/p>\n<p>\u0110\u00f4ng Nam \u00c1 25-35 ng\u00e0y<\/p>\n<p>Trung \u0110\u00f4ng 25-35 ng\u00e0y<\/p>\n<p>Nam Phi 25-35 ng\u00e0y<\/td>\n<\/tr>\n<\/tbody>\n<\/table>\n<p><span style=\"font-size: 14pt;\"><strong>C\u00e2u h\u1ecfi th\u01b0\u1eddng g\u1eb7p:<\/strong><\/span><\/p>\n<p>1. T\u1ea1i sao b\u1ea1n n\u00ean mua t\u1eeb ch\u00fang t\u00f4i kh\u00f4ng ph\u1ea3i t\u1eeb c\u00e1c nh\u00e0 cung c\u1ea5p kh\u00e1c?<br \/>\n3 ph\u00fat \u0111\u01b0\u1ee3c thi\u1ebft k\u1ebf cho b\u1ea1n.<br \/>\nD\u1ecbch v\u1ee5 tr\u1ef1c tuy\u1ebfn 24 gi\u1edd.<br \/>\n7 ng\u00e0y m\u1eabu ch\u1ee9ng kho\u00e1n\/ 15 ng\u00e0y v\u1edbi in t\u00f9y ch\u1ec9nh.<br \/>\nTh\u1eddi gian d\u1eabn 35 ng\u00e0y.<br \/>\nNh\u00e0 m\u00e1y \u0111\u00f3ng g\u00f3i m\u1ef9 ph\u1ea9m chuy\u00ean nghi\u1ec7p h\u01a1n 10 n\u0103m.<br \/>\nC\u00e1c c\u1eeda h\u00e0ng nh\u00e0 m\u00e1y, gi\u00e1 t\u1ed1t nh\u1ea5t v\u00e0 d\u1ecbch v\u1ee5 t\u1ed1t nh\u1ea5t.<br \/>\nM\u1ed9t gi\u1ea3i ph\u00e1p tr\u1ea1m cho bao b\u00ec m\u1ef9 ph\u1ea9m.<br \/>\n2. Ch\u00fang ta l\u00e0 ai?<br \/>\nCh\u00fang t\u00f4i c\u00f3 tr\u1ee5 s\u1edf t\u1ea1i Chi\u1ebft Giang, Trung Qu\u1ed1c, b\u1eaft \u0111\u1ea7u t\u1eeb n\u0103m 2014, b\u00e1n cho th\u1ecb tr\u01b0\u1eddng n\u1ed9i \u0111\u1ecba (70,00%), Ch\u00e2u \u0110\u1ea1i D\u01b0\u01a1ng (8,00%), Mid East (7,00%), \u0110\u00f4ng<br \/>\nCh\u00e2u \u00c1 (2,00%), B\u1eafc M\u1ef9 (2,00%), T\u00e2y \u00c2u (2,00%), \u0110\u00f4ng Nam \u00c1 (2,00%), Nam \u00c1 (1,00%), Nam M\u1ef9 (1,00%), mi\u1ec1n Nam<br \/>\nCh\u00e2u \u00c2u (1,00%), Trung M\u1ef9 (1,00%), B\u1eafc \u00c2u (1,00%), Ch\u00e2u Phi (1,00%), \u0110\u00f4ng \u00c2u (1,00%).<\/p>\n<div>3. L\u00e0m th\u1ebf n\u00e0o ch\u00fang ta c\u00f3 th\u1ec3 \u0111\u1ea3m b\u1ea3o ch\u1ea5t l\u01b0\u1ee3ng?<br \/>\nLu\u00f4n lu\u00f4n l\u00e0 m\u1ed9t m\u1eabu ti\u1ec1n s\u1ea3n xu\u1ea5t tr\u01b0\u1edbc khi s\u1ea3n xu\u1ea5t h\u00e0ng lo\u1ea1t;<br \/>\n4. B\u1ea1n c\u00f3 th\u1ec3 mua g\u00ec t\u1eeb ch\u00fang t\u00f4i?<br \/>\nChai th\u1ee7y tinh, Chai nh\u1ef1a \/ l\u1ecd \/ Tubers, Chai nh\u00f4m \/ l\u1ecd \/ \u1ed1ng vv v\u1eadt li\u1ec7u \u0111\u00f3ng g\u00f3i m\u1ef9 ph\u1ea9m.<br \/>\n5. ch\u00fang t\u00f4i c\u00f3 th\u1ec3 cung c\u1ea5p d\u1ecbch v\u1ee5 g\u00ec?<br \/>\n\u0110i\u1ec1u kho\u1ea3n giao h\u00e0ng \u0111\u01b0\u1ee3c ch\u1ea5p nh\u1eadn: FOB, CFR, CIF;<\/div>\n<div>Ti\u1ec1n t\u1ec7 thanh to\u00e1n \u0111\u01b0\u1ee3c ch\u1ea5p nh\u1eadn: USD, EUR, HKD, CNY;<\/div>\n<div>Lo\u1ea1i thanh to\u00e1n \u0111\u01b0\u1ee3c ch\u1ea5p nh\u1eadn: T \/ T, L \/ C, D \/ PD \/ A;<br \/>\nNg\u00f4n ng\u1eef n\u00f3i: Ti\u1ebfng Anh, ti\u1ebfng Trung<\/div>\n<p>&nbsp;<\/p>","protected":false},"excerpt":{"rendered":"<p>V\u1eadt li\u1ec7u chai: th\u1ee7y tinh<\/p>\n<p>V\u1eadt li\u1ec7u gi\u1edbi h\u1ea1n: PP<\/p>\n<p>Dung l\u01b0\u1ee3ng: 25ml<\/p>\n<p>B\u01a1m: B\u01a1m kem d\u01b0\u1ee1ng da<\/p>\n<p>M\u00e0u s\u1eafc: T\u00f9y ch\u1ec9nh (b\u1ea5t k\u1ef3 m\u00e0u pantone n\u00e0o c\u00f3 s\u1eb5n)<\/p>\n<p>B\u1ec1 m\u1eb7t ho\u00e0n thi\u1ec7n: In m\u00e0n h\u00ecnh, s\u01b0\u01a1ng gi\u00e1, d\u1eadp n\u00f3ng, gradient phun, k\u1ebft th\u00fac m\u1edd, v.v.<\/p>\n<p>MOQ: 5000pcs;<\/p>\n<p>&nbsp;<\/p>","protected":false},"featured_media":1622,"comment_status":"closed","ping_status":"closed","template":"","meta":{"_acf_changed":false},"product_brand":[],"product_cat":[34],"product_tag":[],"class_list":{"0":"post-1621","1":"product","2":"type-product","3":"status-publish","4":"has-post-thumbnail","6":"product_cat-foundation-bottle","8":"first","9":"outofstock","10":"shipping-taxable","11":"product-type-simple"},"acf":[],"_links":{"self":[{"href":"https:\/\/www.cosmepak.com\/vi\/wp-json\/wp\/v2\/product\/1621","targetHints":{"allow":["GET"]}}],"collection":[{"href":"https:\/\/www.cosmepak.com\/vi\/wp-json\/wp\/v2\/product"}],"about":[{"href":"https:\/\/www.cosmepak.com\/vi\/wp-json\/wp\/v2\/types\/product"}],"replies":[{"embeddable":true,"href":"https:\/\/www.cosmepak.com\/vi\/wp-json\/wp\/v2\/comments?post=1621"}],"wp:featuredmedia":[{"embeddable":true,"href":"https:\/\/www.cosmepak.com\/vi\/wp-json\/wp\/v2\/media\/1622"}],"wp:attachment":[{"href":"https:\/\/www.cosmepak.com\/vi\/wp-json\/wp\/v2\/media?parent=1621"}],"wp:term":[{"taxonomy":"product_brand","embeddable":true,"href":"https:\/\/www.cosmepak.com\/vi\/wp-json\/wp\/v2\/product_brand?post=1621"},{"taxonomy":"product_cat","embeddable":true,"href":"https:\/\/www.cosmepak.com\/vi\/wp-json\/wp\/v2\/product_cat?post=1621"},{"taxonomy":"product_tag","embeddable":true,"href":"https:\/\/www.cosmepak.com\/vi\/wp-json\/wp\/v2\/product_tag?post=1621"}],"curies":[{"name":"WP","href":"https:\/\/api.w.org\/{rel}","templated":true}]}}