{"id":1623,"date":"2025-03-28T17:02:01","date_gmt":"2025-03-28T09:02:01","guid":{"rendered":"https:\/\/www.cosmepak.com\/?post_type=product&#038;p=1623"},"modified":"2025-10-17T16:00:37","modified_gmt":"2025-10-17T08:00:37","slug":"chai-thuy-tinh-nen-vuong-jaunce","status":"publish","type":"product","link":"https:\/\/www.cosmepak.com\/vi\/product\/square-foundation-glass-bottle-jaunce\/","title":{"rendered":"B\u00ecnh t\u0129nh th\u00e0nh b\u00ecnh th\u1ee7y tinh \/Jaunce"},"content":{"rendered":"<table style=\"border-collapse: collapse; width: 100%; height: 144px;\">\n<tbody>\n<tr style=\"height: 24px;\">\n<td style=\"width: 33.3333%; height: 144px;\" rowspan=\"6\"><img fetchpriority=\"high\" decoding=\"async\" class=\"alignnone size-full wp-image-1624\" src=\"https:\/\/www.cosmepak.com\/wp-content\/uploads\/2025\/03\/O1CN01uRg7vT2L5AwCjXroW_974269640-0-cib.jpg\" alt=\"chai n\u1ec1n t\u1ea3ng\" width=\"1000\" height=\"1000\" srcset=\"https:\/\/www.cosmepak.com\/wp-content\/uploads\/2025\/03\/O1CN01uRg7vT2L5AwCjXroW_974269640-0-cib.jpg 1000w, https:\/\/www.cosmepak.com\/wp-content\/uploads\/2025\/03\/O1CN01uRg7vT2L5AwCjXroW_974269640-0-cib-300x300.jpg 300w, https:\/\/www.cosmepak.com\/wp-content\/uploads\/2025\/03\/O1CN01uRg7vT2L5AwCjXroW_974269640-0-cib-150x150.jpg 150w, https:\/\/www.cosmepak.com\/wp-content\/uploads\/2025\/03\/O1CN01uRg7vT2L5AwCjXroW_974269640-0-cib-768x768.jpg 768w, https:\/\/www.cosmepak.com\/wp-content\/uploads\/2025\/03\/O1CN01uRg7vT2L5AwCjXroW_974269640-0-cib-600x600.jpg 600w, https:\/\/www.cosmepak.com\/wp-content\/uploads\/2025\/03\/O1CN01uRg7vT2L5AwCjXroW_974269640-0-cib-100x100.jpg 100w\" sizes=\"(max-width: 1000px) 100vw, 1000px\" \/><\/td>\n<td style=\"width: 33.122%; height: 24px; text-align: center;\">Th\u01b0\u01a1ng hi\u1ec7u<\/td>\n<td style=\"width: 33.5446%; height: 24px; text-align: center;\">Jaunce<\/td>\n<\/tr>\n<tr style=\"height: 24px;\">\n<td style=\"width: 33.122%; height: 24px; text-align: center;\">Ng\u01b0\u1eddi m\u1eabu<\/td>\n<td style=\"width: 33.5446%; height: 24px; text-align: center;\">JH-PHF103 \/ 098 \/ 066 \/ 104<\/td>\n<\/tr>\n<tr style=\"height: 24px;\">\n<td style=\"width: 33.122%; height: 24px; text-align: center;\">Kh\u1ea3 n\u0103ng<\/td>\n<td style=\"width: 33.5446%; height: 24px; text-align: center;\">15 \/ 25 \/ 35 \/ 40ml<\/td>\n<\/tr>\n<tr style=\"height: 24px;\">\n<td style=\"width: 33.122%; height: 24px; text-align: center;\">K\u00edch th\u01b0\u1edbc c\u1ed5<\/td>\n<td style=\"width: 33.5446%; height: 24px; text-align: center;\">18mm<\/td>\n<\/tr>\n<tr style=\"height: 24px;\">\n<td style=\"width: 33.122%; height: 24px; text-align: center;\">B\u01a1m<\/td>\n<td style=\"width: 33.5446%; height: 24px; text-align: center;\">B\u01a1m kem d\u01b0\u1ee1ng da<\/td>\n<\/tr>\n<tr style=\"height: 24px;\">\n<td style=\"width: 33.122%; height: 24px; text-align: center;\">V\u1eadt li\u1ec7u<\/td>\n<td style=\"width: 33.5446%; height: 24px; text-align: center;\">Th\u1ee7y tinh<\/td>\n<\/tr>\n<\/tbody>\n<\/table>\n<table style=\"border-collapse: collapse; width: 100%;\">\n<tbody>\n<tr style=\"height: 24px;\">\n<td style=\"width: 20%; text-align: center; height: 24px;\"><strong>Dung t\u00edch<\/strong><\/td>\n<td style=\"width: 20%; text-align: center; height: 24px;\"><strong>Chi\u1ec1u cao vai<\/strong><\/td>\n<td style=\"width: 20%; text-align: center; height: 24px;\"><strong>T\u1ed5ng chi\u1ec1u cao<\/strong><\/td>\n<td style=\"width: 20%; text-align: center; height: 24px;\"><strong>Dia<\/strong><\/td>\n<\/tr>\n<tr>\n<td style=\"width: 20%; text-align: center;\">15ml<\/td>\n<td style=\"width: 20%; text-align: center;\">43mm<\/td>\n<td style=\"width: 20%; text-align: center;\">85mm<\/td>\n<td style=\"width: 20%; text-align: center;\">32mm<\/td>\n<\/tr>\n<tr style=\"height: 24px;\">\n<td style=\"width: 20%; text-align: center; height: 24px;\">25ml<\/td>\n<td style=\"width: 20%; text-align: center; height: 24px;\">50mm<\/td>\n<td style=\"width: 20%; text-align: center; height: 24px;\">92mm<\/td>\n<td style=\"width: 20%; text-align: center; height: 24px;\">32mm<\/td>\n<\/tr>\n<tr>\n<td style=\"width: 20%; text-align: center;\">35ml<\/td>\n<td style=\"width: 20%; text-align: center;\">64mm<\/td>\n<td style=\"width: 20%; text-align: center;\">105mm<\/td>\n<td style=\"width: 20%; text-align: center;\">32mm<\/td>\n<\/tr>\n<tr>\n<td style=\"width: 20%; text-align: center;\">40ml<\/td>\n<td style=\"width: 20%; text-align: center;\">78mm<\/td>\n<td style=\"width: 20%; text-align: center;\">120mm<\/td>\n<td style=\"width: 20%; text-align: center;\">32mm<\/td>\n<\/tr>\n<\/tbody>\n<\/table>\n<p>Chai ch\u1ea5t l\u1ecfng n\u1ec1n h\u00ecnh ch\u1eef nh\u1eadt n\u00e0y trong su\u1ed1t. N\u00f3 c\u00f3 th\u1ec3 \u0111\u01b0\u1ee3c s\u1eed d\u1ee5ng \u0111\u1ec3 l\u1ea5p \u0111\u1ea7y ch\u1ea5t l\u1ecfng n\u1ec1n t\u1ea3ng, kem kem ch\u0103m s\u00f3c da v\u00e0 kem ch\u1ed1ng n\u1eafng, v.v. C\u00f3 nhi\u1ec1u th\u00f4ng s\u1ed1 k\u1ef9 thu\u1eadt kh\u00e1c nhau c\u00f3 s\u1eb5n, bao g\u1ed3m 15ml, 25ml, 35ml v\u00e0 40ml. \u0110\u01b0\u1eddng k\u00ednh mi\u1ec7ng chai l\u00e0 18mm v\u00e0 n\u00f3 c\u00f3 thi\u1ebft k\u1ebf v\u00edt, \u0111\u1ea3m b\u1ea3o ph\u00f9 h\u1ee3p ho\u00e0n h\u1ea3o. C\u01a1 s\u1edf chai th\u1ee7y tinh d\u00e0y, b\u1ec1n v\u1eefng v\u00e0 \u0111\u00e1ng tin c\u1eady; K\u1ebft h\u1ee3p v\u1edbi m\u00e1y b\u01a1m CD, \u0111\u1ea7u ra ch\u1ea5t l\u1ecfng l\u00e0 \u0111\u1ed3ng nh\u1ea5t. \u0110\u1ed3ng th\u1eddi, n\u00f3 c\u00f3 th\u1ec3 ch\u1ea5p nh\u1eadn c\u00e1c quy tr\u00ecnh nh\u01b0 in m\u00e0n h\u00ecnh, d\u1eadp v\u00e0ng, d\u1eadp b\u1ea1c, phun, phun c\u00e1t, m\u1ea1 \u0111i\u1ec7n v\u00e0 d\u00e1n nh\u00e3n.<\/p>\n<p><strong>L\u1ee3i th\u1ebf c\u1ee7a v\u1eadt li\u1ec7u th\u1ee7y tinh<\/strong><\/p>\n<p>T\u0103ng c\u01b0\u1eddng k\u1ebft c\u1ea5u: k\u00ednh trong su\u1ed1t l\u00e0m n\u1ed5i b\u1eadt s\u1ea3n ph\u1ea9m&#8217; k\u1ebft c\u1ea5u, t\u0103ng c\u01b0\u1eddng v\u1ecb tr\u00ed th\u1ecb gi\u00e1c cao c\u1ea5p c\u1ee7a m\u1ef9 ph\u1ea9m v\u00e0 ph\u00e2n bi\u1ec7t n\u00f3 v\u1edbi c\u1ea3m gi\u00e1c r\u1ebb c\u1ee7a chai nh\u1ef1a.<br \/>\nB\u1ec1n: Kh\u00e1ng t\u00e1c \u0111\u1ed9ng cao h\u01a1n so v\u1edbi k\u00ednh th\u00f4ng th\u01b0\u1eddng, duy tr\u00ec h\u00ecnh d\u1ea1ng sau khi s\u1eed d\u1ee5ng nhi\u1ec1u l\u1ea7n, do \u0111\u00f3 gi\u1ea3m t\u1ef7 l\u1ec7 tr\u1ea3 l\u1ea1i t\u1eeb ng\u01b0\u1eddi d\u00f9ng cu\u1ed1i.<br \/>\nTu\u00e2n th\u1ee7 th\u00e2n thi\u1ec7n v\u1edbi m\u00f4i tr\u01b0\u1eddng: V\u1eadt li\u1ec7u t\u00e1i ch\u1ebf tu\u00e2n th\u1ee7 EU ECOCERT, Trung Qu\u1ed1c GB \/ T 38727 v\u00e0 c\u00e1c ti\u00eau chu\u1ea9n m\u00f4i tr\u01b0\u1eddng kh\u00e1c, gi\u00fap c\u00e1c th\u01b0\u01a1ng hi\u1ec7u x\u00e2y d\u1ef1ng h\u00ecnh \u1ea3nh b\u1ec1n v\u1eefng.<br \/>\nT\u00f9y ch\u1ec9nh hi\u1ec7u qu\u1ea3 chi ph\u00ed cao<\/p>\n<p>H\u1ed7 tr\u1ee3 x\u1eed l\u00fd t\u00f9y ch\u1ec9nh nh\u01b0 in m\u00e0n h\u00ecnh l\u1ee5a, d\u1eadp n\u00f3ng v\u00e0 d\u00e1n nh\u00e3n tr\u00ean chai.<br \/>\nS\u1ed1 l\u01b0\u1ee3ng \u0111\u1eb7t h\u00e0ng t\u1ed1i thi\u1ec3u linh ho\u1ea1t (b\u1eaft \u0111\u1ea7u t\u1eeb 5.000 m\u1ea3nh).<br \/>\nSo v\u1edbi bao b\u00ec k\u00ednh cao c\u1ea5p t\u01b0\u01a1ng t\u1ef1, chi ph\u00ed mua s\u1eafm gi\u1ea3m 12% -15%.<\/p>\n<p><img decoding=\"async\" class=\"wp-image-1620 aligncenter\" src=\"https:\/\/www.cosmepak.com\/wp-content\/uploads\/2025\/03\/O1CN01jK8lCN2L5AwIjoEFv_974269640-0-cib.jpg\" alt=\"Chai th\u1ee7y tinh n\u1ec1n t\u1ea3ng\" width=\"1373\" height=\"1893\" srcset=\"https:\/\/www.cosmepak.com\/wp-content\/uploads\/2025\/03\/O1CN01jK8lCN2L5AwIjoEFv_974269640-0-cib.jpg 1000w, https:\/\/www.cosmepak.com\/wp-content\/uploads\/2025\/03\/O1CN01jK8lCN2L5AwIjoEFv_974269640-0-cib-218x300.jpg 218w, https:\/\/www.cosmepak.com\/wp-content\/uploads\/2025\/03\/O1CN01jK8lCN2L5AwIjoEFv_974269640-0-cib-743x1024.jpg 743w, https:\/\/www.cosmepak.com\/wp-content\/uploads\/2025\/03\/O1CN01jK8lCN2L5AwIjoEFv_974269640-0-cib-768x1059.jpg 768w, https:\/\/www.cosmepak.com\/wp-content\/uploads\/2025\/03\/O1CN01jK8lCN2L5AwIjoEFv_974269640-0-cib-600x827.jpg 600w\" sizes=\"(max-width: 1373px) 100vw, 1373px\" \/><\/p>\n<p>Ch\u00fang t\u00f4i l\u00e0 m\u1ed9t c\u00f4ng ty chuy\u00ean v\u1ec1 v\u1eadt li\u1ec7u \u0111\u00f3ng g\u00f3i cho m\u1ef9 ph\u1ea9m. K\u1ec3 t\u1eeb khi th\u00e0nh l\u1eadp v\u00e0o n\u0103m 2014, ch\u00fang t\u00f4i \u0111\u00e3 cung c\u1ea5p v\u1eadt li\u1ec7u \u0111\u00f3ng g\u00f3i cho c\u00e1c c\u00f4ng ty \u0111\u00f3ng g\u00f3i trong n\u01b0\u1edbc v\u00e0 n\u01b0\u1edbc ngo\u00e0i. Ch\u00fang t\u00f4i kh\u00f4ng ch\u1ec9 l\u00e0 m\u1ed9t c\u00f4ng ty v\u1eadt li\u1ec7u \u0111\u00f3ng g\u00f3i m\u1ef9 ph\u1ea9m; Ch\u00fang t\u00f4i c\u0169ng h\u1ed7 tr\u1ee3 kh\u00e1ch h\u00e0ng c\u1ee7a ch\u00fang t\u00f4i trong vi\u1ec7c ph\u00e1t tri\u1ec3n c\u00e1c thi\u1ebft k\u1ebf bao b\u00ec m\u1edbi. Ch\u00fang t\u00f4i c\u0169ng h\u1ed7 tr\u1ee3 d\u1ecbch v\u1ee5 g\u00f3i m\u1ef9 ph\u1ea9m m\u1ed9t d\u1eebng.<\/p>\n<p><img decoding=\"async\" class=\"alignnone size-full wp-image-1347\" src=\"https:\/\/www.cosmepak.com\/wp-content\/uploads\/2024\/12\/\u9996\u987519202_03.jpg\" alt=\"nh\u00e0 m\u00e1y hi\u1ec3n th\u1ecb\" width=\"1920\" height=\"885\" srcset=\"https:\/\/www.cosmepak.com\/wp-content\/uploads\/2024\/12\/\u9996\u987519202_03.jpg 1920w, https:\/\/www.cosmepak.com\/wp-content\/uploads\/2024\/12\/\u9996\u987519202_03-300x138.jpg 300w, https:\/\/www.cosmepak.com\/wp-content\/uploads\/2024\/12\/\u9996\u987519202_03-1024x472.jpg 1024w, https:\/\/www.cosmepak.com\/wp-content\/uploads\/2024\/12\/\u9996\u987519202_03-768x354.jpg 768w, https:\/\/www.cosmepak.com\/wp-content\/uploads\/2024\/12\/\u9996\u987519202_03-1536x708.jpg 1536w, https:\/\/www.cosmepak.com\/wp-content\/uploads\/2024\/12\/\u9996\u987519202_03-600x277.jpg 600w\" sizes=\"(max-width: 1920px) 100vw, 1920px\" \/><\/p>\n<p>&nbsp;<\/p>","protected":false},"excerpt":{"rendered":"<p>V\u1eadt li\u1ec7u chai: th\u1ee7y tinh<\/p>\n<p>V\u1eadt li\u1ec7u gi\u1edbi h\u1ea1n: PP<\/p>\n<p>C\u00f4ng su\u1ea5t: 15\/25\/35\/40ml<\/p>\n<p>B\u01a1m: B\u01a1m CD<\/p>\n<p>M\u00e0u s\u1eafc: T\u00f9y ch\u1ec9nh (b\u1ea5t k\u1ef3 m\u00e0u pantone n\u00e0o c\u00f3 s\u1eb5n)<\/p>\n<p>B\u1ec1 m\u1eb7t ho\u00e0n thi\u1ec7n: In m\u00e0n h\u00ecnh, s\u01b0\u01a1ng gi\u00e1, d\u1eadp n\u00f3ng, gradient phun, k\u1ebft th\u00fac m\u1edd, v.v.<\/p>\n<p>MOQ: 5000pcs;<\/p>\n<p>&nbsp;<\/p>","protected":false},"featured_media":1624,"comment_status":"closed","ping_status":"closed","template":"","meta":{"_acf_changed":false},"product_brand":[],"product_cat":[34],"product_tag":[],"class_list":{"0":"post-1623","1":"product","2":"type-product","3":"status-publish","4":"has-post-thumbnail","6":"product_cat-foundation-bottle","8":"first","9":"outofstock","10":"shipping-taxable","11":"product-type-simple"},"acf":[],"_links":{"self":[{"href":"https:\/\/www.cosmepak.com\/vi\/wp-json\/wp\/v2\/product\/1623","targetHints":{"allow":["GET"]}}],"collection":[{"href":"https:\/\/www.cosmepak.com\/vi\/wp-json\/wp\/v2\/product"}],"about":[{"href":"https:\/\/www.cosmepak.com\/vi\/wp-json\/wp\/v2\/types\/product"}],"replies":[{"embeddable":true,"href":"https:\/\/www.cosmepak.com\/vi\/wp-json\/wp\/v2\/comments?post=1623"}],"wp:featuredmedia":[{"embeddable":true,"href":"https:\/\/www.cosmepak.com\/vi\/wp-json\/wp\/v2\/media\/1624"}],"wp:attachment":[{"href":"https:\/\/www.cosmepak.com\/vi\/wp-json\/wp\/v2\/media?parent=1623"}],"wp:term":[{"taxonomy":"product_brand","embeddable":true,"href":"https:\/\/www.cosmepak.com\/vi\/wp-json\/wp\/v2\/product_brand?post=1623"},{"taxonomy":"product_cat","embeddable":true,"href":"https:\/\/www.cosmepak.com\/vi\/wp-json\/wp\/v2\/product_cat?post=1623"},{"taxonomy":"product_tag","embeddable":true,"href":"https:\/\/www.cosmepak.com\/vi\/wp-json\/wp\/v2\/product_tag?post=1623"}],"curies":[{"name":"WP","href":"https:\/\/api.w.org\/{rel}","templated":true}]}}