{"id":1631,"date":"2025-03-31T13:18:09","date_gmt":"2025-03-31T05:18:09","guid":{"rendered":"https:\/\/www.cosmepak.com\/?post_type=product&#038;p=1631"},"modified":"2025-09-11T10:21:08","modified_gmt":"2025-09-11T02:21:08","slug":"50ml-ap-suat-bom-long-nen-tang-chai-vang","status":"publish","type":"product","link":"https:\/\/www.cosmepak.com\/vi\/product\/50ml-pressure-pump-liquid-foundation-bottle-jaunce\/","title":{"rendered":"B\u01a1m \u00e1p su\u1ea5t 50ml chai n\u1ec1n t\u1ea3ng l\u1ecfng \/ Jaunce"},"content":{"rendered":"<table style=\"border-collapse: collapse; width: 100%; height: 144px;\">\n<tbody>\n<tr style=\"height: 24px;\">\n<td style=\"width: 33.3333%; height: 144px;\" rowspan=\"6\"><img fetchpriority=\"high\" decoding=\"async\" class=\"alignnone size-full wp-image-1632\" src=\"https:\/\/www.cosmepak.com\/wp-content\/uploads\/2025\/03\/1-6.jpg\" alt=\"chai n\u1ec1n t\u1ea3ng\" width=\"1000\" height=\"1000\" srcset=\"https:\/\/www.cosmepak.com\/wp-content\/uploads\/2025\/03\/1-6.jpg 1000w, https:\/\/www.cosmepak.com\/wp-content\/uploads\/2025\/03\/1-6-300x300.jpg 300w, https:\/\/www.cosmepak.com\/wp-content\/uploads\/2025\/03\/1-6-150x150.jpg 150w, https:\/\/www.cosmepak.com\/wp-content\/uploads\/2025\/03\/1-6-768x768.jpg 768w, https:\/\/www.cosmepak.com\/wp-content\/uploads\/2025\/03\/1-6-600x600.jpg 600w, https:\/\/www.cosmepak.com\/wp-content\/uploads\/2025\/03\/1-6-100x100.jpg 100w\" sizes=\"(max-width: 1000px) 100vw, 1000px\" \/><\/td>\n<td style=\"width: 33.122%; height: 24px; text-align: center;\">Th\u01b0\u01a1ng hi\u1ec7u<\/td>\n<td style=\"width: 33.5446%; height: 24px; text-align: center;\">Jaunce<\/td>\n<\/tr>\n<tr style=\"height: 24px;\">\n<td style=\"width: 33.122%; height: 24px; text-align: center;\">Ng\u01b0\u1eddi m\u1eabu<\/td>\n<td style=\"width: 33.5446%; height: 24px; text-align: center;\">JH-PHS180<\/td>\n<\/tr>\n<tr style=\"height: 24px;\">\n<td style=\"width: 33.122%; height: 24px; text-align: center;\">Kh\u1ea3 n\u0103ng<\/td>\n<td style=\"width: 33.5446%; height: 24px; text-align: center;\">50ml<\/td>\n<\/tr>\n<tr style=\"height: 24px;\">\n<td style=\"width: 33.122%; height: 24px; text-align: center;\">K\u00edch th\u01b0\u1edbc c\u1ed5<\/td>\n<td style=\"width: 33.5446%; height: 24px; text-align: center;\">18mm<\/td>\n<\/tr>\n<tr style=\"height: 24px;\">\n<td style=\"width: 33.122%; height: 24px; text-align: center;\">B\u01a1m<\/td>\n<td style=\"width: 33.5446%; height: 24px; text-align: center;\">B\u01a1m kem d\u01b0\u1ee1ng da<\/td>\n<\/tr>\n<tr style=\"height: 24px;\">\n<td style=\"width: 33.122%; height: 24px; text-align: center;\">V\u1eadt li\u1ec7u<\/td>\n<td style=\"width: 33.5446%; height: 24px; text-align: center;\">Th\u1ee7y tinh<\/td>\n<\/tr>\n<\/tbody>\n<\/table>\n<p>30ml h\u00ecnh vu\u00f4ng OEM \/ ODM chai n\u1ec1n t\u1ea3ng th\u1ee7y tinh \u0111\u1ea7y m\u00e0u s\u1eafc, t\u00f9y ch\u1ec9nh ch\u1ea5p nh\u1eadn \u0111\u01b0\u1ee3c.<\/p>\n<table style=\"border-collapse: collapse; width: 100%;\">\n<tbody>\n<tr style=\"height: 24px;\">\n<td style=\"width: 15.3036%; text-align: center; height: 24px;\"><strong>Dung t\u00edch<\/strong><\/td>\n<td style=\"width: 18.0526%; text-align: center; height: 24px;\"><strong>Chi\u1ec1u cao vai<\/strong><\/td>\n<td style=\"width: 16.5637%; text-align: center; height: 24px;\"><strong>T\u1ed5ng chi\u1ec1u cao<\/strong><\/td>\n<td style=\"width: 17.4455%; text-align: center; height: 24px;\"><strong>Chi\u1ec1u d\u00e0i d\u01b0\u1edbi c\u00f9ng<\/strong><\/td>\n<td style=\"width: 12.6346%; text-align: center;\"><strong>Chi\u1ec1u r\u1ed9ng<\/strong><\/td>\n<\/tr>\n<tr>\n<td style=\"width: 15.3036%; text-align: center;\">50ml<\/td>\n<td style=\"width: 18.0526%; text-align: center;\">81mm<\/td>\n<td style=\"width: 16.5637%; text-align: center;\">130mm<\/td>\n<td style=\"width: 17.4455%; text-align: center;\">49.5mm<\/td>\n<td style=\"width: 12.6346%; text-align: center;\">29mm<\/td>\n<\/tr>\n<\/tbody>\n<\/table>\n<p>Chai h\u00ecnh ch\u1eef nh\u1eadt g\u00f3c tr\u00f2n th\u1ee7y tinh 50ml ph\u00f9 h\u1ee3p \u0111\u1ec3 s\u1eed d\u1ee5ng trong bao b\u00ec lotion, huy\u1ebft thanh, n\u1ec1n t\u1ea3ng v\u00e0 c\u00e1c s\u1ea3n ph\u1ea9m t\u01b0\u01a1ng t\u1ef1 kh\u00e1c.<\/p>\n<p>C\u00f4ng ty ch\u00fang t\u00f4i t\u1ef1 h\u00e0o c\u00f3 m\u1ed9t \u0111\u1ed9i ng\u0169 chuy\u00ean nghi\u1ec7p c\u00f3 kh\u1ea3 n\u0103ng cung c\u1ea5p d\u1ecbch v\u1ee5 thi\u1ebft k\u1ebf chuy\u00ean nghi\u1ec7p, \u0111\u1ea3m b\u1ea3o s\u1ea3n ph\u1ea9m ch\u1ea5t l\u01b0\u1ee3ng cao v\u00e0 cung c\u1ea5p h\u1ed7 tr\u1ee3 tr\u01b0\u1edbc v\u00e0 sau b\u00e1n h\u00e0ng m\u1ea1nh m\u1ebd.<\/p>\n<p><img decoding=\"async\" class=\"alignnone wp-image-1633\" src=\"https:\/\/www.cosmepak.com\/wp-content\/uploads\/2025\/03\/O1CN01ezRup92L5AyHJ0g17_974269640-0-cib.jpg\" alt=\"chai n\u1ec1n t\u1ea3ng\" width=\"1380\" height=\"1968\" srcset=\"https:\/\/www.cosmepak.com\/wp-content\/uploads\/2025\/03\/O1CN01ezRup92L5AyHJ0g17_974269640-0-cib.jpg 1000w, https:\/\/www.cosmepak.com\/wp-content\/uploads\/2025\/03\/O1CN01ezRup92L5AyHJ0g17_974269640-0-cib-210x300.jpg 210w, https:\/\/www.cosmepak.com\/wp-content\/uploads\/2025\/03\/O1CN01ezRup92L5AyHJ0g17_974269640-0-cib-718x1024.jpg 718w, https:\/\/www.cosmepak.com\/wp-content\/uploads\/2025\/03\/O1CN01ezRup92L5AyHJ0g17_974269640-0-cib-768x1095.jpg 768w, https:\/\/www.cosmepak.com\/wp-content\/uploads\/2025\/03\/O1CN01ezRup92L5AyHJ0g17_974269640-0-cib-600x856.jpg 600w\" sizes=\"(max-width: 1380px) 100vw, 1380px\" \/><\/p>\n<p>C\u1ed5 chai r\u00f5 r\u00e0ng<br \/>\nC\u1ed5 chai c\u00f3 ch\u1ee7 \u0111\u1ec1 r\u00f5 r\u00e0ng v\u00e0 ch\u00ednh x\u00e1c, \u0111\u1ea3m b\u1ea3o ni\u00eam phong ch\u1eb7t ch\u1ebd v\u00e0 an to\u00e0n. \u0110i\u1ec1u n\u00e0y ng\u0103n ch\u1eb7n b\u1ea5t k\u1ef3 r\u00f2 r\u1ec9 n\u00e0o v\u00e0 duy tr\u00ec t\u00ednh to\u00e0n v\u1eb9n c\u1ee7a n\u1ed9i dung.<\/p>\n<p>Bottom chai th\u1ee7y tinh d\u00e0y<br \/>\nPh\u1ea7n d\u01b0\u1edbi chai th\u1ee7y tinh \u0111\u01b0\u1ee3c l\u00e0m d\u00e0y \u0111\u1ec3 b\u1ed5 sung s\u1ef1 \u1ed5n \u0111\u1ecbnh v\u00e0 b\u1ec1n. Thi\u1ebft k\u1ebf n\u00e0y cung c\u1ea5p m\u1ed9t c\u01a1 s\u1edf v\u1eefng ch\u1eafc v\u00e0 \u0111\u00e1ng tin c\u1eady, l\u00e0m cho chai \u00edt d\u1ec5 b\u1ecb l\u1eadt.<\/p>\n<p>\u0110\u1ea7u b\u01a1m lotion m\u1ea1nh m\u1ebd<br \/>\n\u0110\u1ea7u b\u01a1m lotion \u0111\u01b0\u1ee3c thi\u1ebft k\u1ebf \u0111\u1ec3 ph\u00e2n ph\u1ed1i d\u1ec5 d\u00e0ng v\u00e0 hi\u1ec7u qu\u1ea3. V\u1edbi m\u1ed7i m\u00e1y \u00e9p, m\u00e1y b\u01a1m cung c\u1ea5p m\u1ed9t d\u00f2ng ch\u1ea3y m\u1ea1nh m\u1ebd v\u00e0 nh\u1ea5t qu\u00e1n c\u1ee7a s\u1ea3n ph\u1ea9m, l\u00e0m cho n\u00f3 thu\u1eadn ti\u1ec7n cho vi\u1ec7c s\u1eed d\u1ee5ng h\u00e0ng ng\u00e0y.<\/p>\n<p>D\u1ecbch v\u1ee5 t\u00f9y ch\u1ec9nh<br \/>\nS\u1ea3n ph\u1ea9m n\u00e0y cung c\u1ea5p nhi\u1ec1u d\u1ecbch v\u1ee5 t\u00f9y ch\u1ec9nh \u0111\u1ec3 \u0111\u00e1p \u1ee9ng nhu c\u1ea7u th\u01b0\u01a1ng hi\u1ec7u c\u1ee7a b\u1ea1n:<\/p>\n<p>In m\u00e0n h\u00ecnh l\u1ee5a<br \/>\nD\u1eadp n\u00f3ng (v\u00e0ng \/ b\u1ea1c)<br \/>\nS\u01a1n<br \/>\nS\u01b0\u01a1ng b\u0103ng<br \/>\nM\u1ea1 \u0111i\u1ec7n<br \/>\nNh\u00e3n hi\u1ec7u<br \/>\nN\u00e2ng cao th\u1ea9m m\u1ef9 v\u00e0 ch\u1ee9c n\u0103ng c\u1ee7a s\u1ea3n ph\u1ea9m c\u1ee7a b\u1ea1n v\u1edbi c\u00e1c t\u00f9y ch\u1ecdn t\u00f9y ch\u1ec9nh cao c\u1ea5p c\u1ee7a ch\u00fang t\u00f4i.<\/p>\n<p><img decoding=\"async\" class=\"alignnone wp-image-1634\" src=\"https:\/\/www.cosmepak.com\/wp-content\/uploads\/2025\/03\/O1CN01w6nao02L5AyJI0pDU_974269640-0-cib.jpg\" alt=\"chai n\u1ec1n t\u1ea3ng\" width=\"1381\" height=\"1381\" srcset=\"https:\/\/www.cosmepak.com\/wp-content\/uploads\/2025\/03\/O1CN01w6nao02L5AyJI0pDU_974269640-0-cib.jpg 1000w, https:\/\/www.cosmepak.com\/wp-content\/uploads\/2025\/03\/O1CN01w6nao02L5AyJI0pDU_974269640-0-cib-300x300.jpg 300w, https:\/\/www.cosmepak.com\/wp-content\/uploads\/2025\/03\/O1CN01w6nao02L5AyJI0pDU_974269640-0-cib-150x150.jpg 150w, https:\/\/www.cosmepak.com\/wp-content\/uploads\/2025\/03\/O1CN01w6nao02L5AyJI0pDU_974269640-0-cib-768x768.jpg 768w, https:\/\/www.cosmepak.com\/wp-content\/uploads\/2025\/03\/O1CN01w6nao02L5AyJI0pDU_974269640-0-cib-600x600.jpg 600w, https:\/\/www.cosmepak.com\/wp-content\/uploads\/2025\/03\/O1CN01w6nao02L5AyJI0pDU_974269640-0-cib-100x100.jpg 100w\" sizes=\"(max-width: 1381px) 100vw, 1381px\" \/><\/p>\n<p><img loading=\"lazy\" decoding=\"async\" class=\"alignnone size-full wp-image-1347\" src=\"https:\/\/www.cosmepak.com\/wp-content\/uploads\/2024\/12\/\u9996\u987519202_03.jpg\" alt=\"nh\u00e0 m\u00e1y hi\u1ec3n th\u1ecb\" width=\"1920\" height=\"885\" srcset=\"https:\/\/www.cosmepak.com\/wp-content\/uploads\/2024\/12\/\u9996\u987519202_03.jpg 1920w, https:\/\/www.cosmepak.com\/wp-content\/uploads\/2024\/12\/\u9996\u987519202_03-300x138.jpg 300w, https:\/\/www.cosmepak.com\/wp-content\/uploads\/2024\/12\/\u9996\u987519202_03-1024x472.jpg 1024w, https:\/\/www.cosmepak.com\/wp-content\/uploads\/2024\/12\/\u9996\u987519202_03-768x354.jpg 768w, https:\/\/www.cosmepak.com\/wp-content\/uploads\/2024\/12\/\u9996\u987519202_03-1536x708.jpg 1536w, https:\/\/www.cosmepak.com\/wp-content\/uploads\/2024\/12\/\u9996\u987519202_03-600x277.jpg 600w\" sizes=\"(max-width: 1920px) 100vw, 1920px\" \/><\/p>\n<p>M\u1ed9t ph\u00e2n chia lao \u0111\u1ed9ng r\u00f5 r\u00e0ng l\u00e0 r\u1ea5t quan tr\u1ecdng cho ho\u1ea1t \u0111\u1ed9ng tr\u01a1n tru c\u1ee7a b\u1ea5t k\u1ef3 t\u1ed5 ch\u1ee9c n\u00e0o. N\u00f3 kh\u00f4ng ch\u1ec9 t\u0103ng c\u01b0\u1eddng hi\u1ec7u qu\u1ea3 v\u00e0 tr\u00e1ch nhi\u1ec7m m\u00e0 c\u00f2n \u0111\u1ea3m b\u1ea3o r\u1eb1ng m\u1ed7i giai \u0111o\u1ea1n c\u1ee7a qu\u00e1 tr\u00ecnh \u0111\u01b0\u1ee3c th\u1ef1c hi\u1ec7n theo ti\u00eau chu\u1ea9n cao nh\u1ea5t. B\u1eb1ng c\u00e1ch ki\u1ec3m so\u00e1t nghi\u00eam ng\u1eb7t t\u1eebng giai \u0111o\u1ea1n, c\u00e1c t\u1ed5 ch\u1ee9c c\u00f3 th\u1ec3 \u0111\u1ea1t \u0111\u01b0\u1ee3c k\u1ebft qu\u1ea3 t\u1ed1t h\u01a1n v\u00e0 duy tr\u00ec l\u1ee3i th\u1ebf c\u1ea1nh tranh.<\/p>\n<p><img loading=\"lazy\" decoding=\"async\" class=\"alignnone size-full wp-image-1348\" src=\"https:\/\/www.cosmepak.com\/wp-content\/uploads\/2024\/12\/\u9996\u987519202_04.jpg\" alt=\"\" width=\"1920\" height=\"694\" srcset=\"https:\/\/www.cosmepak.com\/wp-content\/uploads\/2024\/12\/\u9996\u987519202_04.jpg 1920w, https:\/\/www.cosmepak.com\/wp-content\/uploads\/2024\/12\/\u9996\u987519202_04-300x108.jpg 300w, https:\/\/www.cosmepak.com\/wp-content\/uploads\/2024\/12\/\u9996\u987519202_04-1024x370.jpg 1024w, https:\/\/www.cosmepak.com\/wp-content\/uploads\/2024\/12\/\u9996\u987519202_04-768x278.jpg 768w, https:\/\/www.cosmepak.com\/wp-content\/uploads\/2024\/12\/\u9996\u987519202_04-1536x555.jpg 1536w, https:\/\/www.cosmepak.com\/wp-content\/uploads\/2024\/12\/\u9996\u987519202_04-600x217.jpg 600w\" sizes=\"(max-width: 1920px) 100vw, 1920px\" \/><img loading=\"lazy\" decoding=\"async\" class=\"alignnone size-full wp-image-1350\" src=\"https:\/\/www.cosmepak.com\/wp-content\/uploads\/2024\/12\/\u9996\u987519202_05-1.jpg\" alt=\"\" width=\"1920\" height=\"970\" srcset=\"https:\/\/www.cosmepak.com\/wp-content\/uploads\/2024\/12\/\u9996\u987519202_05-1.jpg 1920w, https:\/\/www.cosmepak.com\/wp-content\/uploads\/2024\/12\/\u9996\u987519202_05-1-300x152.jpg 300w, https:\/\/www.cosmepak.com\/wp-content\/uploads\/2024\/12\/\u9996\u987519202_05-1-1024x517.jpg 1024w, https:\/\/www.cosmepak.com\/wp-content\/uploads\/2024\/12\/\u9996\u987519202_05-1-768x388.jpg 768w, https:\/\/www.cosmepak.com\/wp-content\/uploads\/2024\/12\/\u9996\u987519202_05-1-1536x776.jpg 1536w, https:\/\/www.cosmepak.com\/wp-content\/uploads\/2024\/12\/\u9996\u987519202_05-1-600x303.jpg 600w\" sizes=\"(max-width: 1920px) 100vw, 1920px\" \/><\/p>\n<p>C\u00f4ng ty c\u1ee7a ch\u00fang t\u00f4i tham gia tri\u1ec3n l\u00e3m l\u00e0m \u0111\u1eb9p qu\u1ed1c t\u1ebf m\u1ed7i n\u0103m \u0111\u1ec3 c\u1eadp nh\u1eadt v\u1edbi xu h\u01b0\u1edbng c\u00f4ng nghi\u1ec7p m\u1edbi nh\u1ea5t. B\u1eb1ng c\u00e1ch li\u00ean t\u1ee5c ph\u00e1t tri\u1ec3n c\u00e1c s\u1ea3n ph\u1ea9m m\u1edbi, ch\u00fang t\u00f4i c\u1ed1 g\u1eafng cung c\u1ea5p c\u00e1c s\u1ea3n ph\u1ea9m t\u1ed1t h\u01a1n cho kh\u00e1ch h\u00e0ng c\u1ee7a ch\u00fang t\u00f4i.<\/p>\n<p><img loading=\"lazy\" decoding=\"async\" class=\"alignnone wp-image-1351\" src=\"https:\/\/www.cosmepak.com\/wp-content\/uploads\/2024\/12\/\u7269\u6d41\u8fd0\u8f93\u753b\u9762-2.jpg\" alt=\"\" width=\"1385\" height=\"1039\" srcset=\"https:\/\/www.cosmepak.com\/wp-content\/uploads\/2024\/12\/\u7269\u6d41\u8fd0\u8f93\u753b\u9762-2.jpg 800w, https:\/\/www.cosmepak.com\/wp-content\/uploads\/2024\/12\/\u7269\u6d41\u8fd0\u8f93\u753b\u9762-2-300x225.jpg 300w, https:\/\/www.cosmepak.com\/wp-content\/uploads\/2024\/12\/\u7269\u6d41\u8fd0\u8f93\u753b\u9762-2-768x576.jpg 768w, https:\/\/www.cosmepak.com\/wp-content\/uploads\/2024\/12\/\u7269\u6d41\u8fd0\u8f93\u753b\u9762-2-600x450.jpg 600w\" sizes=\"(max-width: 1385px) 100vw, 1385px\" \/><\/p>\n<table style=\"border-collapse: collapse; width: 100%;\">\n<tbody>\n<tr>\n<td style=\"width: 33.3333%; text-align: center;\"><strong>Th\u1ec3 hi\u1ec7n<\/strong><\/td>\n<td style=\"width: 33.3333%; text-align: center;\"><strong>V\u1eadn chuy\u1ec3n h\u00e0ng kh\u00f4ng<\/strong><\/td>\n<td style=\"width: 33.3333%; text-align: center;\"><strong>V\u1eadn chuy\u1ec3n bi\u1ec3n<\/strong><\/td>\n<\/tr>\n<tr>\n<td style=\"width: 33.3333%; text-align: center;\">Europ 4-6 ng\u00e0y<\/p>\n<p>B\u1eafc M\u1ef9 4-6 ng\u00e0y<\/p>\n<p>\u0110\u00f4ng Nam \u00c1 3-5 ng\u00e0y<\/p>\n<p>Trung \u0110\u00f4ng 4-6 ng\u00e0y<\/p>\n<p>Nam Phi 5-8 ng\u00e0y<\/td>\n<td style=\"width: 33.3333%; text-align: center;\">Europ 4-6 ng\u00e0y<\/p>\n<p>B\u1eafc M\u1ef9 4-6 ng\u00e0y<\/p>\n<p>\u0110\u00f4ng Nam \u00c1 3-5 ng\u00e0y<\/p>\n<p>Trung \u0110\u00f4ng 4-6 ng\u00e0y<\/p>\n<p>Nam Phi 5-8 ng\u00e0y<\/td>\n<td style=\"width: 33.3333%; text-align: center;\">Europ 25-35 ng\u00e0y<\/p>\n<p>B\u1eafc M\u1ef9 25-35 ng\u00e0y<\/p>\n<p>\u0110\u00f4ng Nam \u00c1 25-35 ng\u00e0y<\/p>\n<p>Trung \u0110\u00f4ng 25-35 ng\u00e0y<\/p>\n<p>Nam Phi 25-35 ng\u00e0y<\/td>\n<\/tr>\n<\/tbody>\n<\/table>\n<p><span style=\"font-size: 14pt;\"><strong>C\u00e2u h\u1ecfi th\u01b0\u1eddng g\u1eb7p:<\/strong><\/span><\/p>\n<p>1. T\u1ea1i sao b\u1ea1n n\u00ean mua t\u1eeb ch\u00fang t\u00f4i kh\u00f4ng ph\u1ea3i t\u1eeb c\u00e1c nh\u00e0 cung c\u1ea5p kh\u00e1c?<br \/>\n3 ph\u00fat \u0111\u01b0\u1ee3c thi\u1ebft k\u1ebf cho b\u1ea1n.<br \/>\nD\u1ecbch v\u1ee5 tr\u1ef1c tuy\u1ebfn 24 gi\u1edd.<br \/>\n7 ng\u00e0y m\u1eabu ch\u1ee9ng kho\u00e1n\/ 15 ng\u00e0y v\u1edbi in t\u00f9y ch\u1ec9nh.<br \/>\nTh\u1eddi gian d\u1eabn 35 ng\u00e0y.<br \/>\nNh\u00e0 m\u00e1y \u0111\u00f3ng g\u00f3i m\u1ef9 ph\u1ea9m chuy\u00ean nghi\u1ec7p h\u01a1n 10 n\u0103m.<br \/>\nC\u00e1c c\u1eeda h\u00e0ng nh\u00e0 m\u00e1y, gi\u00e1 t\u1ed1t nh\u1ea5t v\u00e0 d\u1ecbch v\u1ee5 t\u1ed1t nh\u1ea5t.<br \/>\nM\u1ed9t gi\u1ea3i ph\u00e1p tr\u1ea1m cho bao b\u00ec m\u1ef9 ph\u1ea9m.<br \/>\n2. l\u00e0m th\u1ebf n\u00e0o ch\u00fang t\u00f4i c\u00f3 th\u1ec3 \u0111\u1ea3m b\u1ea3o ch\u1ea5t l\u01b0\u1ee3ng?<br \/>\nLu\u00f4n lu\u00f4n l\u00e0 m\u1ed9t m\u1eabu ti\u1ec1n s\u1ea3n xu\u1ea5t tr\u01b0\u1edbc khi s\u1ea3n xu\u1ea5t h\u00e0ng lo\u1ea1t;<br \/>\n3. b\u1ea1n c\u00f3 th\u1ec3 mua g\u00ec t\u1eeb ch\u00fang t\u00f4i?<br \/>\nChai th\u1ee7y tinh, Chai nh\u1ef1a \/ l\u1ecd \/ Tubers, Chai nh\u00f4m \/ l\u1ecd \/ \u1ed1ng vv v\u1eadt li\u1ec7u \u0111\u00f3ng g\u00f3i m\u1ef9 ph\u1ea9m.<br \/>\n4. ch\u00fang ta l\u00e0 ai?<br \/>\nCh\u00fang t\u00f4i c\u00f3 tr\u1ee5 s\u1edf t\u1ea1i Chi\u1ebft Giang, Trung Qu\u1ed1c, b\u1eaft \u0111\u1ea7u t\u1eeb n\u0103m 2014, b\u00e1n cho th\u1ecb tr\u01b0\u1eddng n\u1ed9i \u0111\u1ecba (70,00%), Ch\u00e2u \u0110\u1ea1i D\u01b0\u01a1ng (8,00%), Trung \u0110\u00f4ng (7,00%), \u0110\u00f4ng \u00c1 (2,00%), B\u1eafc M\u1ef9 (2,00%), T\u00e2y \u00c2u (2,00%)<br \/>\n5. ch\u00fang t\u00f4i c\u00f3 th\u1ec3 cung c\u1ea5p d\u1ecbch v\u1ee5 g\u00ec?<br \/>\n\u0110i\u1ec1u kho\u1ea3n giao h\u00e0ng \u0111\u01b0\u1ee3c ch\u1ea5p nh\u1eadn: FOB, CFR, CIF;<\/p>\n<div>Ti\u1ec1n t\u1ec7 thanh to\u00e1n \u0111\u01b0\u1ee3c ch\u1ea5p nh\u1eadn: USD, EUR, HKD, CNY;<\/div>\n<div>Lo\u1ea1i thanh to\u00e1n \u0111\u01b0\u1ee3c ch\u1ea5p nh\u1eadn: T \/ T, L \/ C, D \/ PD \/ A;<br \/>\nNg\u00f4n ng\u1eef n\u00f3i: Ti\u1ebfng Anh, ti\u1ebfng Trung<\/div>\n<p>&nbsp;<\/p>","protected":false},"excerpt":{"rendered":"<p>V\u1eadt li\u1ec7u chai: th\u1ee7y tinh<\/p>\n<p>V\u1eadt li\u1ec7u gi\u1edbi h\u1ea1n: PP<\/p>\n<p>C\u00f4ng su\u1ea5t: 50ml<\/p>\n<p>B\u01a1m: B\u01a1m kem d\u01b0\u1ee1ng da<\/p>\n<p>M\u00e0u s\u1eafc: T\u00f9y ch\u1ec9nh (b\u1ea5t k\u1ef3 m\u00e0u pantone n\u00e0o c\u00f3 s\u1eb5n)<\/p>\n<p>B\u1ec1 m\u1eb7t ho\u00e0n thi\u1ec7n: In m\u00e0n h\u00ecnh, s\u01b0\u01a1ng gi\u00e1, d\u1eadp n\u00f3ng, gradient phun, k\u1ebft th\u00fac m\u1edd, v.v.<\/p>\n<p>MOQ: 5000pcs;<\/p>\n<p>&nbsp;<\/p>","protected":false},"featured_media":1632,"comment_status":"closed","ping_status":"closed","template":"","meta":{"_acf_changed":false},"product_brand":[],"product_cat":[45],"product_tag":[],"class_list":{"0":"post-1631","1":"product","2":"type-product","3":"status-publish","4":"has-post-thumbnail","6":"product_cat-serum-pump-bottle","8":"first","9":"outofstock","10":"shipping-taxable","11":"product-type-simple"},"acf":[],"_links":{"self":[{"href":"https:\/\/www.cosmepak.com\/vi\/wp-json\/wp\/v2\/product\/1631","targetHints":{"allow":["GET"]}}],"collection":[{"href":"https:\/\/www.cosmepak.com\/vi\/wp-json\/wp\/v2\/product"}],"about":[{"href":"https:\/\/www.cosmepak.com\/vi\/wp-json\/wp\/v2\/types\/product"}],"replies":[{"embeddable":true,"href":"https:\/\/www.cosmepak.com\/vi\/wp-json\/wp\/v2\/comments?post=1631"}],"wp:featuredmedia":[{"embeddable":true,"href":"https:\/\/www.cosmepak.com\/vi\/wp-json\/wp\/v2\/media\/1632"}],"wp:attachment":[{"href":"https:\/\/www.cosmepak.com\/vi\/wp-json\/wp\/v2\/media?parent=1631"}],"wp:term":[{"taxonomy":"product_brand","embeddable":true,"href":"https:\/\/www.cosmepak.com\/vi\/wp-json\/wp\/v2\/product_brand?post=1631"},{"taxonomy":"product_cat","embeddable":true,"href":"https:\/\/www.cosmepak.com\/vi\/wp-json\/wp\/v2\/product_cat?post=1631"},{"taxonomy":"product_tag","embeddable":true,"href":"https:\/\/www.cosmepak.com\/vi\/wp-json\/wp\/v2\/product_tag?post=1631"}],"curies":[{"name":"WP","href":"https:\/\/api.w.org\/{rel}","templated":true}]}}