{"id":1638,"date":"2025-03-31T14:09:41","date_gmt":"2025-03-31T06:09:41","guid":{"rendered":"https:\/\/www.cosmepak.com\/?post_type=product&#038;p=1638"},"modified":"2026-04-23T14:26:34","modified_gmt":"2026-04-23T06:26:34","slug":"chai-nen-tang-long-30ml-voi-nap-bong-vang","status":"publish","type":"product","link":"https:\/\/www.cosmepak.com\/vi\/product\/30ml-liquid-foundation-bottle-with-ball-cap-jaunce\/","title":{"rendered":"Chai n\u1ec1n t\u1ea3ng ch\u1ea5t l\u1ecfng 30ml v\u1edbi n\u1eafp b\u00f3ng \/ Jaunce"},"content":{"rendered":"<table style=\"border-collapse: collapse; width: 100%; height: 144px;\">\n<tbody>\n<tr style=\"height: 24px;\">\n<td style=\"width: 33.3333%; height: 144px;\" rowspan=\"5\"><img fetchpriority=\"high\" decoding=\"async\" class=\"alignnone size-full wp-image-3900\" src=\"https:\/\/www.cosmepak.com\/wp-content\/uploads\/2025\/03\/O1CN01zlg5xb2511jdryMLr_2541887465-0-cib.jpg\" alt=\"\" width=\"1000\" height=\"1000\" srcset=\"https:\/\/www.cosmepak.com\/wp-content\/uploads\/2025\/03\/O1CN01zlg5xb2511jdryMLr_2541887465-0-cib.jpg 1000w, https:\/\/www.cosmepak.com\/wp-content\/uploads\/2025\/03\/O1CN01zlg5xb2511jdryMLr_2541887465-0-cib-300x300.jpg 300w, https:\/\/www.cosmepak.com\/wp-content\/uploads\/2025\/03\/O1CN01zlg5xb2511jdryMLr_2541887465-0-cib-150x150.jpg 150w, https:\/\/www.cosmepak.com\/wp-content\/uploads\/2025\/03\/O1CN01zlg5xb2511jdryMLr_2541887465-0-cib-768x768.jpg 768w, https:\/\/www.cosmepak.com\/wp-content\/uploads\/2025\/03\/O1CN01zlg5xb2511jdryMLr_2541887465-0-cib-12x12.jpg 12w, https:\/\/www.cosmepak.com\/wp-content\/uploads\/2025\/03\/O1CN01zlg5xb2511jdryMLr_2541887465-0-cib-600x600.jpg 600w, https:\/\/www.cosmepak.com\/wp-content\/uploads\/2025\/03\/O1CN01zlg5xb2511jdryMLr_2541887465-0-cib-100x100.jpg 100w\" sizes=\"(max-width: 1000px) 100vw, 1000px\" \/><\/td>\n<td style=\"width: 33.122%; height: 24px; text-align: center;\">Th\u01b0\u01a1ng hi\u1ec7u<\/td>\n<td style=\"width: 33.5446%; height: 24px; text-align: center;\">Jaunce<\/td>\n<\/tr>\n<tr style=\"height: 24px;\">\n<td style=\"width: 33.122%; height: 24px; text-align: center;\">Ng\u01b0\u1eddi m\u1eabu<\/td>\n<td style=\"width: 33.5446%; height: 24px; text-align: center;\">H\u1ec7 th\u1ed1ng JH-XBT229<\/td>\n<\/tr>\n<tr style=\"height: 24px;\">\n<td style=\"width: 33.122%; height: 24px; text-align: center;\">Kh\u1ea3 n\u0103ng<\/td>\n<td style=\"width: 33.5446%; height: 24px; text-align: center;\">30ml<\/td>\n<\/tr>\n<tr style=\"height: 24px;\">\n<td style=\"width: 33.122%; height: 24px; text-align: center;\">B\u01a1m<\/td>\n<td style=\"width: 33.5446%; height: 24px; text-align: center;\">B\u01a1m kem d\u01b0\u1ee1ng da<\/td>\n<\/tr>\n<tr style=\"height: 24px;\">\n<td style=\"width: 33.122%; height: 24px; text-align: center;\">V\u1eadt li\u1ec7u<\/td>\n<td style=\"width: 33.5446%; height: 24px; text-align: center;\">Th\u1ee7y tinh<\/td>\n<\/tr>\n<\/tbody>\n<\/table>\n<table style=\"border-collapse: collapse; width: 100%;\">\n<tbody>\n<tr style=\"height: 24px;\">\n<td style=\"width: 15.8763%; text-align: center; height: 24px;\"><strong>Dung t\u00edch<\/strong><\/td>\n<td style=\"width: 17.1363%; text-align: center; height: 24px;\"><strong>T\u1ed5ng chi\u1ec1u cao<\/strong><\/td>\n<td style=\"width: 14.4673%; text-align: center; height: 24px;\"><strong>Dia<\/strong><\/td>\n<\/tr>\n<tr style=\"height: 24px;\">\n<td style=\"width: 15.8763%; text-align: center; height: 24px;\">30ml<\/td>\n<td style=\"width: 17.1363%; text-align: center; height: 24px;\">99.6mm<\/td>\n<td style=\"width: 14.4673%; text-align: center; height: 24px;\">49mm<\/td>\n<\/tr>\n<\/tbody>\n<\/table>\n<p>This is a flat-shaped glass bottle with a classic round shoulder design. The flat square base makes the bottle more stable and less likely to tip over. The round shoulder design also makes the lines less harsh.<\/p>\n<p>The solid blue spray finish combined with the same blue spherical outer cover gives a more harmonious overall effect.The surface of the bottle has been finely treated, giving it a silky smooth and delicate texture, providing a comfortable grip experience.<\/p>\n<p>This bottle not only comes in the blue color option, but we can also spray it according to Pantone color codes. Besides the glossy and matte finishes, we can also offer color-translucent, semi-translucent, etc. for the bottle&#8217;s appearance.<br \/>\nThe bottle body can not only be customized in color, but also feature special logo text designs for printing, which fully aligns with the brand design concept. Of course, we also offer services such as labeling and gold stamping for the bottle bodies.<\/p>\n<p>Mi\u1ec7ng chai \u0111\u01b0\u1ee3c thi\u1ebft k\u1ebf \u0111\u1eb7c bi\u1ec7t v\u1edbi m\u1ed9t c\u1ea5u tr\u00fac ren, l\u00e0m cho qu\u00e1 tr\u00ecnh l\u00e0m \u0111\u1ea7y m\u01b0\u1ee3t m\u00e0 h\u01a1n v\u00e0 hi\u1ec7u qu\u1ea3 h\u01a1n, ng\u0103n ch\u1eb7n hi\u1ec7u qu\u1ea3 r\u00f2 r\u1ec9 ch\u1ea5t l\u1ecfng trong khi l\u00e0m \u0111\u1ea7y. \u0110\u1ed3ng th\u1eddi, m\u1ed9t thi\u1ebft k\u1ebf ni\u00eam phong quay \u0111\u01b0\u1ee3c th\u00f4ng qua, v\u00e0 sau khi th\u1eaft ch\u1eb7t, hi\u1ec7u su\u1ea5t ni\u00eam phong l\u00e0 tuy\u1ec7t v\u1eddi, c\u00f3 th\u1ec3 kh\u00f3a v\u1eefng ch\u1eafc ch\u1ea5t l\u1ecfng b\u00ean trong chai, ng\u0103n ch\u1eb7n hi\u1ec7u qu\u1ea3 c\u00e1c v\u1ea5n \u0111\u1ec1 r\u00f2 r\u1ec9 v\u00e0 \u0111\u1ea3m b\u1ea3o an to\u00e0n l\u01b0u tr\u1eef v\u00e0 v\u1eadn chuy\u1ec3n. Thi\u1ebft k\u1ebf \u0111\u1ea7u b\u01a1m \u00e9p ph\u00f9 h\u1ee3p cho ph\u00e9p ki\u1ec3m so\u00e1t kh\u1ed1i l\u01b0\u1ee3ng ch\u00ednh x\u00e1c. \u0110\u1ea7u ra ch\u1ea5t l\u1ecfng m\u1ed7i m\u00e1y \u00e9p \u1ed5n \u0111\u1ecbnh, tr\u00e1nh l\u00e3ng ph\u00ed ch\u1ea5t l\u1ecfng v\u00e0 l\u00e0m cho qu\u00e1 tr\u00ecnh s\u1eed d\u1ee5ng thu\u1eadn ti\u1ec7n h\u01a1n v\u00e0 kh\u00f4ng lo l\u1eafng, th\u1ef1c s\u1ef1 \u0111\u1ea1t \u0111\u01b0\u1ee3c s\u1ef1 t\u00edch h\u1ee3p ho\u00e0n h\u1ea3o c\u1ee7a t\u00ednh th\u1ef1c t\u1ebf v\u00e0 th\u1ea9m m\u1ef9.<\/p>\n<p>Overall, this is a delicate and compact foundation liquid bottle. Whether for business trips or for touch-ups at the office, it is of the right size and suitable for carrying around. If you are interested, please leave your contact information or send us an email for further inquiry.<\/p>\n<table style=\"border-collapse: collapse; width: 100%;\">\n<tbody>\n<tr>\n<td style=\"width: 50%;\"><img decoding=\"async\" class=\"alignnone size-full wp-image-3901\" src=\"https:\/\/www.cosmepak.com\/wp-content\/uploads\/2025\/03\/11-7.jpg\" alt=\"\" width=\"1000\" height=\"1000\" srcset=\"https:\/\/www.cosmepak.com\/wp-content\/uploads\/2025\/03\/11-7.jpg 1000w, https:\/\/www.cosmepak.com\/wp-content\/uploads\/2025\/03\/11-7-300x300.jpg 300w, https:\/\/www.cosmepak.com\/wp-content\/uploads\/2025\/03\/11-7-150x150.jpg 150w, https:\/\/www.cosmepak.com\/wp-content\/uploads\/2025\/03\/11-7-768x768.jpg 768w, https:\/\/www.cosmepak.com\/wp-content\/uploads\/2025\/03\/11-7-12x12.jpg 12w, https:\/\/www.cosmepak.com\/wp-content\/uploads\/2025\/03\/11-7-600x600.jpg 600w, https:\/\/www.cosmepak.com\/wp-content\/uploads\/2025\/03\/11-7-100x100.jpg 100w\" sizes=\"(max-width: 1000px) 100vw, 1000px\" \/><\/td>\n<td style=\"width: 50%;\"><img decoding=\"async\" class=\"alignnone size-full wp-image-3902\" src=\"https:\/\/www.cosmepak.com\/wp-content\/uploads\/2025\/03\/31.jpg\" alt=\"\" width=\"1000\" height=\"1000\" srcset=\"https:\/\/www.cosmepak.com\/wp-content\/uploads\/2025\/03\/31.jpg 1000w, https:\/\/www.cosmepak.com\/wp-content\/uploads\/2025\/03\/31-300x300.jpg 300w, https:\/\/www.cosmepak.com\/wp-content\/uploads\/2025\/03\/31-150x150.jpg 150w, https:\/\/www.cosmepak.com\/wp-content\/uploads\/2025\/03\/31-768x768.jpg 768w, https:\/\/www.cosmepak.com\/wp-content\/uploads\/2025\/03\/31-12x12.jpg 12w, https:\/\/www.cosmepak.com\/wp-content\/uploads\/2025\/03\/31-600x600.jpg 600w, https:\/\/www.cosmepak.com\/wp-content\/uploads\/2025\/03\/31-100x100.jpg 100w\" sizes=\"(max-width: 1000px) 100vw, 1000px\" \/><\/td>\n<\/tr>\n<\/tbody>\n<\/table>","protected":false},"excerpt":{"rendered":"<p>V\u1eadt li\u1ec7u chai: th\u1ee7y tinh<\/p>\n<p>H\u00ecnh d\u1ea1ng: V\u00f2ng tr\u00f2n<\/p>\n<p>Cap: Cap Ball<\/p>\n<p>Dung l\u01b0\u1ee3ng: 30ml<\/p>\n<p>B\u01a1m: B\u01a1m kem d\u01b0\u1ee1ng da<\/p>\n<p>M\u00e0u s\u1eafc: T\u00f9y ch\u1ec9nh (b\u1ea5t k\u1ef3 m\u00e0u pantone n\u00e0o c\u00f3 s\u1eb5n)<\/p>\n<p>B\u1ec1 m\u1eb7t ho\u00e0n thi\u1ec7n: In m\u00e0n h\u00ecnh, s\u01b0\u01a1ng gi\u00e1, d\u1eadp n\u00f3ng, gradient phun, k\u1ebft th\u00fac m\u1edd, v.v.<\/p>\n<p>MOQ: 5000pcs;<\/p>\n<p>&nbsp;<\/p>","protected":false},"featured_media":3904,"comment_status":"open","ping_status":"closed","template":"","meta":{"_acf_changed":false},"product_brand":[],"product_cat":[34],"product_tag":[],"class_list":{"0":"post-1638","1":"product","2":"type-product","3":"status-publish","4":"has-post-thumbnail","6":"product_cat-foundation-bottle","8":"first","9":"outofstock","10":"shipping-taxable","11":"product-type-simple"},"acf":[],"_links":{"self":[{"href":"https:\/\/www.cosmepak.com\/vi\/wp-json\/wp\/v2\/product\/1638","targetHints":{"allow":["GET"]}}],"collection":[{"href":"https:\/\/www.cosmepak.com\/vi\/wp-json\/wp\/v2\/product"}],"about":[{"href":"https:\/\/www.cosmepak.com\/vi\/wp-json\/wp\/v2\/types\/product"}],"replies":[{"embeddable":true,"href":"https:\/\/www.cosmepak.com\/vi\/wp-json\/wp\/v2\/comments?post=1638"}],"wp:featuredmedia":[{"embeddable":true,"href":"https:\/\/www.cosmepak.com\/vi\/wp-json\/wp\/v2\/media\/3904"}],"wp:attachment":[{"href":"https:\/\/www.cosmepak.com\/vi\/wp-json\/wp\/v2\/media?parent=1638"}],"wp:term":[{"taxonomy":"product_brand","embeddable":true,"href":"https:\/\/www.cosmepak.com\/vi\/wp-json\/wp\/v2\/product_brand?post=1638"},{"taxonomy":"product_cat","embeddable":true,"href":"https:\/\/www.cosmepak.com\/vi\/wp-json\/wp\/v2\/product_cat?post=1638"},{"taxonomy":"product_tag","embeddable":true,"href":"https:\/\/www.cosmepak.com\/vi\/wp-json\/wp\/v2\/product_tag?post=1638"}],"curies":[{"name":"WP","href":"https:\/\/api.w.org\/{rel}","templated":true}]}}