{"id":1643,"date":"2025-03-31T14:12:43","date_gmt":"2025-03-31T06:12:43","guid":{"rendered":"https:\/\/www.cosmepak.com\/?post_type=product&#038;p=1643"},"modified":"2026-01-05T15:36:59","modified_gmt":"2026-01-05T07:36:59","slug":"chai-nen-tang-minh-bach-30ml-voi-nap-bong-vang","status":"publish","type":"product","link":"https:\/\/www.cosmepak.com\/vi\/product\/30ml-transaparent-foundation-bottle-with-ball-cap-jaunce\/","title":{"rendered":"30ml Transaparent Foundation Chai v\u1edbi Ball Cap \/ Jaunce"},"content":{"rendered":"<table style=\"border-collapse: collapse; width: 100%; height: 144px;\">\n<tbody>\n<tr style=\"height: 24px;\">\n<td style=\"width: 33.3333%; height: 144px;\" rowspan=\"6\"><img fetchpriority=\"high\" decoding=\"async\" class=\"alignnone size-full wp-image-1642\" src=\"https:\/\/www.cosmepak.com\/wp-content\/uploads\/2025\/03\/O1CN01I5gvtj2L5AxiKYvVQ_974269640-0-cib-1.jpg\" alt=\"chai n\u1ec1n t\u1ea3ng\" width=\"1000\" height=\"1000\" srcset=\"https:\/\/www.cosmepak.com\/wp-content\/uploads\/2025\/03\/O1CN01I5gvtj2L5AxiKYvVQ_974269640-0-cib-1.jpg 1000w, https:\/\/www.cosmepak.com\/wp-content\/uploads\/2025\/03\/O1CN01I5gvtj2L5AxiKYvVQ_974269640-0-cib-1-300x300.jpg 300w, https:\/\/www.cosmepak.com\/wp-content\/uploads\/2025\/03\/O1CN01I5gvtj2L5AxiKYvVQ_974269640-0-cib-1-150x150.jpg 150w, https:\/\/www.cosmepak.com\/wp-content\/uploads\/2025\/03\/O1CN01I5gvtj2L5AxiKYvVQ_974269640-0-cib-1-768x768.jpg 768w, https:\/\/www.cosmepak.com\/wp-content\/uploads\/2025\/03\/O1CN01I5gvtj2L5AxiKYvVQ_974269640-0-cib-1-600x600.jpg 600w, https:\/\/www.cosmepak.com\/wp-content\/uploads\/2025\/03\/O1CN01I5gvtj2L5AxiKYvVQ_974269640-0-cib-1-100x100.jpg 100w\" sizes=\"(max-width: 1000px) 100vw, 1000px\" \/><\/td>\n<td style=\"width: 33.122%; height: 24px; text-align: center;\">Th\u01b0\u01a1ng hi\u1ec7u<\/td>\n<td style=\"width: 33.5446%; height: 24px; text-align: center;\">Jaunce<\/td>\n<\/tr>\n<tr style=\"height: 24px;\">\n<td style=\"width: 33.122%; height: 24px; text-align: center;\">Ng\u01b0\u1eddi m\u1eabu<\/td>\n<td style=\"width: 33.5446%; height: 24px; text-align: center;\">JH-Phf191<\/td>\n<\/tr>\n<tr style=\"height: 24px;\">\n<td style=\"width: 33.122%; height: 24px; text-align: center;\">Kh\u1ea3 n\u0103ng<\/td>\n<td style=\"width: 33.5446%; height: 24px; text-align: center;\">30ml<\/td>\n<\/tr>\n<tr style=\"height: 24px;\">\n<td style=\"width: 33.122%; height: 24px; text-align: center;\">K\u00edch th\u01b0\u1edbc c\u1ed5<\/td>\n<td style=\"width: 33.5446%; height: 24px; text-align: center;\">18mm<\/td>\n<\/tr>\n<tr style=\"height: 24px;\">\n<td style=\"width: 33.122%; height: 24px; text-align: center;\">B\u01a1m<\/td>\n<td style=\"width: 33.5446%; height: 24px; text-align: center;\">B\u01a1m kem d\u01b0\u1ee1ng da<\/td>\n<\/tr>\n<tr style=\"height: 24px;\">\n<td style=\"width: 33.122%; height: 24px; text-align: center;\">V\u1eadt li\u1ec7u<\/td>\n<td style=\"width: 33.5446%; height: 24px; text-align: center;\">Th\u1ee7y tinh<\/td>\n<\/tr>\n<\/tbody>\n<\/table>\n<p>Chai bao b\u00ec n\u1ec1n t\u1ea3ng k\u00ednh tr\u00f2n 30ml sang tr\u1ecdng, t\u00f9y ch\u1ec9nh \u0111\u01b0\u1ee3c ch\u1ea5p nh\u1eadn.<\/p>\n<table style=\"border-collapse: collapse; width: 100%;\">\n<tbody>\n<tr style=\"height: 24px;\">\n<td style=\"width: 15.8763%; text-align: center; height: 24px;\"><strong>Dung t\u00edch<\/strong><\/td>\n<td style=\"width: 17.5945%; text-align: center; height: 24px;\"><strong>Chi\u1ec1u cao vai<\/strong><\/td>\n<td style=\"width: 17.1363%; text-align: center; height: 24px;\"><strong>T\u1ed5ng chi\u1ec1u cao<\/strong><\/td>\n<td style=\"width: 14.4673%; text-align: center; height: 24px;\"><strong>Dia<\/strong><\/td>\n<td style=\"width: 14.9256%; text-align: center;\"><strong>\u00a0\u0110\u01b0\u1eddng k\u00ednh n\u1eafp<\/strong><\/td>\n<\/tr>\n<tr style=\"height: 24px;\">\n<td style=\"width: 15.8763%; text-align: center; height: 24px;\">30ml<\/td>\n<td style=\"width: 17.5945%; text-align: center; height: 24px;\">60mm<\/td>\n<td style=\"width: 17.1363%; text-align: center; height: 24px;\">100.5mm<\/td>\n<td style=\"width: 14.4673%; text-align: center; height: 24px;\">39mm<\/td>\n<td style=\"width: 14.9256%; text-align: center;\">40.5mm<\/td>\n<\/tr>\n<\/tbody>\n<\/table>\n<p class=\"ai-center-markdown-p\">Chai n\u1ec1n th\u1ee7y tinh tr\u00f2n 30ml n\u00e0y l\u00e0 m\u1ed9t thi\u1ebft k\u1ebf bao b\u00ec \u0111\u1ea1i di\u1ec7n cao, th\u1ec3 hi\u1ec7n s\u1ef1 thanh l\u1ecbch v\u00e0 tinh t\u1ebf. Ch\u01b0\u01a1ng tr\u00ecnh \u0111\u00f3ng g\u00f3i n\u00e0y kh\u00f4ng ch\u1ec9 h\u1ea5p d\u1eabn tr\u1ef1c quan m\u00e0 c\u00f2n cung c\u1ea5p b\u1ea3o v\u1ec7 tuy\u1ec7t v\u1eddi cho s\u1ea3n ph\u1ea9m. H\u01a1n n\u1eefa, n\u00f3 cung c\u1ea5p c\u00e1c t\u00f9y ch\u1ecdn t\u00f9y ch\u1ec9nh kh\u00e1c nhau \u0111\u1ec3 \u0111\u00e1p \u1ee9ng c\u00e1c y\u00eau c\u1ea7u \u0111\u1ed9c \u0111\u00e1o c\u1ee7a c\u00e1c th\u01b0\u01a1ng hi\u1ec7u sang tr\u1ecdng.<\/p>\n<p>Chai ch\u1ee9a 30ml n\u1ec1n t\u1ea3ng, l\u00e0m cho n\u00f3 ho\u00e0n h\u1ea3o cho m\u1ef9 ph\u1ea9m cao c\u1ea5p. Th\u1ee7y tinh h\u00ecnh tr\u00f2n c\u1ee7a n\u00f3 cung c\u1ea5p m\u1ed9t v\u1ebb ngo\u00e0i v\u00f4 th\u1eddi gian v\u00e0 thanh l\u1ecbch, ph\u00f9 h\u1ee3p v\u1edbi c\u00e1c s\u1ea3n ph\u1ea9m sang tr\u1ecdng. n\u00f3 c\u00f3 th\u1ec3 \u0111\u01b0\u1ee3c \u0111i\u1ec1u ch\u1ec9nh theo nhi\u1ec1u c\u00e1ch kh\u00e1c nhau \u0111\u1ec3 ph\u00f9 h\u1ee3p v\u1edbi c\u00e1c y\u00eau c\u1ea7u c\u1ee5 th\u1ec3 c\u1ee7a th\u01b0\u01a1ng hi\u1ec7u.<\/p>\n<h3 id=\"benefits-of-customization\" class=\"ai-center-markdown-h3\">L\u1ee3i \u00edch c\u1ee7a t\u00f9y ch\u1ec9nh<\/h3>\n<ul class=\"ai-center-markdown-ul\">\n<li class=\"ai-center-markdown-li\"><strong class=\"ai-center-markdown-strong\">Nh\u1eadn bi\u1ebft th\u01b0\u01a1ng hi\u1ec7u<\/strong>Bao b\u00ec t\u00f9y ch\u1ec9nh gi\u00fap t\u1ea1o ra m\u1ed9t b\u1ea3n s\u1eafc th\u01b0\u01a1ng hi\u1ec7u \u0111\u1ed9c \u0111\u00e1o, l\u00e0m cho s\u1ea3n ph\u1ea9m c\u00f3 th\u1ec3 nh\u1eadn ra ngay l\u1eadp t\u1ee9c.<\/li>\n<li class=\"ai-center-markdown-li\"><strong class=\"ai-center-markdown-strong\">Kh\u1ea9u kh\u00e1ng c\u00e1o kh\u00e1ch h\u00e0ng<\/strong>Bao b\u00ec sang tr\u1ecdng v\u00e0 \u0111\u1ed9c \u0111\u00e1o thu h\u00fat kh\u00e1ch h\u00e0ng nghi\u00eam t\u00fac v\u00e0 n\u00e2ng cao tr\u1ea3i nghi\u1ec7m t\u1ed5ng th\u1ec3 c\u1ee7a h\u1ecd.<\/li>\n<li class=\"ai-center-markdown-li\"><strong class=\"ai-center-markdown-strong\">L\u1ee3i th\u1ebf ch\u1ee9c n\u0103ng<\/strong>T\u00f9y ch\u1ec9nh c\u00f3 th\u1ec3 c\u1ea3i thi\u1ec7n ch\u1ee9c n\u0103ng c\u1ee7a bao b\u00ec, l\u00e0m cho n\u00f3 th\u00e2n thi\u1ec7n v\u1edbi ng\u01b0\u1eddi d\u00f9ng v\u00e0 hi\u1ec7u qu\u1ea3 h\u01a1n.<\/li>\n<\/ul>\n<p><img decoding=\"async\" class=\"alignnone wp-image-1640\" src=\"https:\/\/www.cosmepak.com\/wp-content\/uploads\/2025\/03\/O1CN015GBhtX2L5AxoWj2Vm_974269640-0-cib.jpg\" alt=\"chai n\u1ec1n t\u1ea3ng\" width=\"1412\" height=\"2141\" srcset=\"https:\/\/www.cosmepak.com\/wp-content\/uploads\/2025\/03\/O1CN015GBhtX2L5AxoWj2Vm_974269640-0-cib.jpg 750w, https:\/\/www.cosmepak.com\/wp-content\/uploads\/2025\/03\/O1CN015GBhtX2L5AxoWj2Vm_974269640-0-cib-198x300.jpg 198w, https:\/\/www.cosmepak.com\/wp-content\/uploads\/2025\/03\/O1CN015GBhtX2L5AxoWj2Vm_974269640-0-cib-675x1024.jpg 675w, https:\/\/www.cosmepak.com\/wp-content\/uploads\/2025\/03\/O1CN015GBhtX2L5AxoWj2Vm_974269640-0-cib-600x910.jpg 600w\" sizes=\"(max-width: 1412px) 100vw, 1412px\" \/> <img decoding=\"async\" class=\"alignnone wp-image-1641\" src=\"https:\/\/www.cosmepak.com\/wp-content\/uploads\/2025\/03\/O1CN01YKyctH2L5AxaAK1po_974269640-0-cib.jpg\" alt=\"\" width=\"1382\" height=\"1382\" srcset=\"https:\/\/www.cosmepak.com\/wp-content\/uploads\/2025\/03\/O1CN01YKyctH2L5AxaAK1po_974269640-0-cib.jpg 1000w, https:\/\/www.cosmepak.com\/wp-content\/uploads\/2025\/03\/O1CN01YKyctH2L5AxaAK1po_974269640-0-cib-300x300.jpg 300w, https:\/\/www.cosmepak.com\/wp-content\/uploads\/2025\/03\/O1CN01YKyctH2L5AxaAK1po_974269640-0-cib-150x150.jpg 150w, https:\/\/www.cosmepak.com\/wp-content\/uploads\/2025\/03\/O1CN01YKyctH2L5AxaAK1po_974269640-0-cib-768x768.jpg 768w, https:\/\/www.cosmepak.com\/wp-content\/uploads\/2025\/03\/O1CN01YKyctH2L5AxaAK1po_974269640-0-cib-600x600.jpg 600w, https:\/\/www.cosmepak.com\/wp-content\/uploads\/2025\/03\/O1CN01YKyctH2L5AxaAK1po_974269640-0-cib-100x100.jpg 100w\" sizes=\"(max-width: 1382px) 100vw, 1382px\" \/><\/p>\n<p>&nbsp;<\/p>\n<p>&nbsp;<\/p>","protected":false},"excerpt":{"rendered":"<p>V\u1eadt li\u1ec7u chai: th\u1ee7y tinh<\/p>\n<p>H\u00ecnh d\u1ea1ng: V\u00f2ng tr\u00f2n<\/p>\n<p>Cap: Cap Ball<\/p>\n<p>Dung l\u01b0\u1ee3ng: 30ml<\/p>\n<p>B\u01a1m: B\u01a1m kem d\u01b0\u1ee1ng da<\/p>\n<p>M\u00e0u s\u1eafc: T\u00f9y ch\u1ec9nh (b\u1ea5t k\u1ef3 m\u00e0u pantone n\u00e0o c\u00f3 s\u1eb5n)<\/p>\n<p>B\u1ec1 m\u1eb7t ho\u00e0n thi\u1ec7n: In m\u00e0n h\u00ecnh, s\u01b0\u01a1ng gi\u00e1, d\u1eadp n\u00f3ng, gradient phun, k\u1ebft th\u00fac m\u1edd, v.v.<\/p>\n<p>MOQ: 5000pcs;<\/p>\n<p>&nbsp;<\/p>","protected":false},"featured_media":1644,"comment_status":"closed","ping_status":"closed","template":"","meta":{"_acf_changed":false},"product_brand":[],"product_cat":[34],"product_tag":[],"class_list":{"0":"post-1643","1":"product","2":"type-product","3":"status-publish","4":"has-post-thumbnail","6":"product_cat-foundation-bottle","8":"first","9":"outofstock","10":"shipping-taxable","11":"product-type-simple"},"acf":[],"_links":{"self":[{"href":"https:\/\/www.cosmepak.com\/vi\/wp-json\/wp\/v2\/product\/1643","targetHints":{"allow":["GET"]}}],"collection":[{"href":"https:\/\/www.cosmepak.com\/vi\/wp-json\/wp\/v2\/product"}],"about":[{"href":"https:\/\/www.cosmepak.com\/vi\/wp-json\/wp\/v2\/types\/product"}],"replies":[{"embeddable":true,"href":"https:\/\/www.cosmepak.com\/vi\/wp-json\/wp\/v2\/comments?post=1643"}],"wp:featuredmedia":[{"embeddable":true,"href":"https:\/\/www.cosmepak.com\/vi\/wp-json\/wp\/v2\/media\/1644"}],"wp:attachment":[{"href":"https:\/\/www.cosmepak.com\/vi\/wp-json\/wp\/v2\/media?parent=1643"}],"wp:term":[{"taxonomy":"product_brand","embeddable":true,"href":"https:\/\/www.cosmepak.com\/vi\/wp-json\/wp\/v2\/product_brand?post=1643"},{"taxonomy":"product_cat","embeddable":true,"href":"https:\/\/www.cosmepak.com\/vi\/wp-json\/wp\/v2\/product_cat?post=1643"},{"taxonomy":"product_tag","embeddable":true,"href":"https:\/\/www.cosmepak.com\/vi\/wp-json\/wp\/v2\/product_tag?post=1643"}],"curies":[{"name":"WP","href":"https:\/\/api.w.org\/{rel}","templated":true}]}}