{"id":1645,"date":"2025-03-31T14:28:54","date_gmt":"2025-03-31T06:28:54","guid":{"rendered":"https:\/\/www.cosmepak.com\/?post_type=product&#038;p=1645"},"modified":"2026-01-05T15:25:29","modified_gmt":"2026-01-05T07:25:29","slug":"chai-nen-thuy-tinh-vai-tron-45ml-vang","status":"publish","type":"product","link":"https:\/\/www.cosmepak.com\/vi\/product\/45ml-round-shoulder-glass-foundation-bottle-jaunce\/","title":{"rendered":"Chai n\u1ec1n th\u1ee7y tinh vai tr\u00f2n 45ml \/ Jaunce"},"content":{"rendered":"<table style=\"border-collapse: collapse; width: 100%; height: 144px;\">\n<tbody>\n<tr style=\"height: 24px;\">\n<td style=\"width: 33.3333%; height: 144px;\" rowspan=\"6\"><img fetchpriority=\"high\" decoding=\"async\" class=\"alignnone size-full wp-image-1646\" src=\"https:\/\/www.cosmepak.com\/wp-content\/uploads\/2025\/03\/O1CN015C0pvv2L5ArLy7AeP_974269640-0-cib.jpg\" alt=\"chai n\u1ec1n t\u1ea3ng\" width=\"1000\" height=\"1000\" srcset=\"https:\/\/www.cosmepak.com\/wp-content\/uploads\/2025\/03\/O1CN015C0pvv2L5ArLy7AeP_974269640-0-cib.jpg 1000w, https:\/\/www.cosmepak.com\/wp-content\/uploads\/2025\/03\/O1CN015C0pvv2L5ArLy7AeP_974269640-0-cib-300x300.jpg 300w, https:\/\/www.cosmepak.com\/wp-content\/uploads\/2025\/03\/O1CN015C0pvv2L5ArLy7AeP_974269640-0-cib-150x150.jpg 150w, https:\/\/www.cosmepak.com\/wp-content\/uploads\/2025\/03\/O1CN015C0pvv2L5ArLy7AeP_974269640-0-cib-768x768.jpg 768w, https:\/\/www.cosmepak.com\/wp-content\/uploads\/2025\/03\/O1CN015C0pvv2L5ArLy7AeP_974269640-0-cib-600x600.jpg 600w, https:\/\/www.cosmepak.com\/wp-content\/uploads\/2025\/03\/O1CN015C0pvv2L5ArLy7AeP_974269640-0-cib-100x100.jpg 100w\" sizes=\"(max-width: 1000px) 100vw, 1000px\" \/><\/td>\n<td style=\"width: 33.122%; height: 24px; text-align: center;\">Th\u01b0\u01a1ng hi\u1ec7u<\/td>\n<td style=\"width: 33.5446%; height: 24px; text-align: center;\">Jaunce<\/td>\n<\/tr>\n<tr style=\"height: 24px;\">\n<td style=\"width: 33.122%; height: 24px; text-align: center;\">Ng\u01b0\u1eddi m\u1eabu<\/td>\n<td style=\"width: 33.5446%; height: 24px; text-align: center;\">JH-phpc3684<\/td>\n<\/tr>\n<tr style=\"height: 24px;\">\n<td style=\"width: 33.122%; height: 24px; text-align: center;\">Kh\u1ea3 n\u0103ng<\/td>\n<td style=\"width: 33.5446%; height: 24px; text-align: center;\">45ml<\/td>\n<\/tr>\n<tr style=\"height: 24px;\">\n<td style=\"width: 33.122%; height: 24px; text-align: center;\">H\u00ecnh d\u1ea1ng<\/td>\n<td style=\"width: 33.5446%; height: 24px; text-align: center;\">Vai tr\u00f2n<\/td>\n<\/tr>\n<tr style=\"height: 24px;\">\n<td style=\"width: 33.122%; height: 24px; text-align: center;\">B\u01a1m<\/td>\n<td style=\"width: 33.5446%; height: 24px; text-align: center;\">B\u01a1m kem d\u01b0\u1ee1ng da<\/td>\n<\/tr>\n<tr style=\"height: 24px;\">\n<td style=\"width: 33.122%; height: 24px; text-align: center;\">V\u1eadt li\u1ec7u<\/td>\n<td style=\"width: 33.5446%; height: 24px; text-align: center;\">Th\u1ee7y tinh<\/td>\n<\/tr>\n<\/tbody>\n<\/table>\n<p>45ml V\u00f2ng vai h\u00ecnh d\u1ea1ng bao b\u00ec K\u00ednh K\u00ednh, T\u00f9y ch\u1ec9nh ch\u1ea5p nh\u1eadn \u0111\u01b0\u1ee3c.<\/p>\n<table style=\"border-collapse: collapse; width: 100%;\">\n<tbody>\n<tr style=\"height: 24px;\">\n<td style=\"width: 15.8763%; text-align: center; height: 24px;\"><strong>Dung t\u00edch<\/strong><\/td>\n<td style=\"width: 17.5945%; text-align: center; height: 24px;\"><strong>Chi\u1ec1u cao vai<\/strong><\/td>\n<td style=\"width: 17.1363%; text-align: center; height: 24px;\"><strong>T\u1ed5ng chi\u1ec1u cao<\/strong><\/td>\n<td style=\"width: 14.4673%; text-align: center; height: 24px;\"><strong>Dia<\/strong><\/td>\n<\/tr>\n<tr style=\"height: 24px;\">\n<td style=\"width: 15.8763%; text-align: center; height: 24px;\">45ml<\/td>\n<td style=\"width: 17.5945%; text-align: center; height: 24px;\">71mm<\/td>\n<td style=\"width: 17.1363%; text-align: center; height: 24px;\">118mm<\/td>\n<td style=\"width: 14.4673%; text-align: center; height: 24px;\">41mm<\/td>\n<\/tr>\n<\/tbody>\n<\/table>\n<p>&nbsp;<\/p>\n<p><img decoding=\"async\" class=\"alignnone wp-image-1647\" src=\"https:\/\/www.cosmepak.com\/wp-content\/uploads\/2025\/03\/O1CN01Dwvg1c2L5AunY01uh_974269640-0-cib.jpg\" alt=\"chai n\u1ec1n t\u1ea3ng\" width=\"1377\" height=\"1877\" srcset=\"https:\/\/www.cosmepak.com\/wp-content\/uploads\/2025\/03\/O1CN01Dwvg1c2L5AunY01uh_974269640-0-cib.jpg 999w, https:\/\/www.cosmepak.com\/wp-content\/uploads\/2025\/03\/O1CN01Dwvg1c2L5AunY01uh_974269640-0-cib-220x300.jpg 220w, https:\/\/www.cosmepak.com\/wp-content\/uploads\/2025\/03\/O1CN01Dwvg1c2L5AunY01uh_974269640-0-cib-751x1024.jpg 751w, https:\/\/www.cosmepak.com\/wp-content\/uploads\/2025\/03\/O1CN01Dwvg1c2L5AunY01uh_974269640-0-cib-768x1047.jpg 768w, https:\/\/www.cosmepak.com\/wp-content\/uploads\/2025\/03\/O1CN01Dwvg1c2L5AunY01uh_974269640-0-cib-600x818.jpg 600w\" sizes=\"(max-width: 1377px) 100vw, 1377px\" \/><\/p>\n<p class=\"ai-center-markdown-p\">Chai n\u1ec1n t\u1ea3ng th\u1ee7y tinh h\u00ecnh vai tr\u00f2n. Gi\u1ea3i ph\u00e1p \u0111\u00f3ng g\u00f3i n\u00e0y kh\u00f4ng ch\u1ec9 cung c\u1ea5p m\u1ed9t ngo\u1ea1i h\u00ecnh thanh l\u1ecbch v\u00e0 thanh l\u1ecbch m\u00e0 c\u00f2n \u0111\u1ea3m b\u1ea3o an to\u00e0n v\u00e0 b\u1ea3o qu\u1ea3n s\u1ea3n ph\u1ea9m. H\u01a1n n\u1eefa, c\u00e1c t\u00f9y ch\u1ecdn t\u00f9y ch\u1ec9nh c\u00f3 s\u1eb5n \u0111\u1ec3 \u0111\u00e1p \u1ee9ng nhu c\u1ea7u c\u1ee5 th\u1ec3 c\u1ee7a c\u00e1c th\u01b0\u01a1ng hi\u1ec7u kh\u00e1c nhau.<\/p>\n<p>H\u00ecnh d\u1ea1ng vai tr\u00f2n c\u00f4ng su\u1ea5t 45ml, l\u00e0m cho n\u00f3 l\u00fd t\u01b0\u1edfng cho c\u00e1c s\u1ea3n ph\u1ea9m n\u1ec1n t\u1ea3ng. N\u00f3 \u0111\u01b0\u1ee3c l\u00e0m t\u1eeb k\u00ednh ch\u1ea5t l\u01b0\u1ee3ng cao, chai \u0111\u1ea3m b\u1ea3o \u0111\u1ed9 b\u1ec1n v\u00e0 c\u1ea3m gi\u00e1c cao c\u1ea5p v\u00e0 n\u00f3 c\u00f3 th\u1ec3 \u0111\u01b0\u1ee3c t\u00f9y ch\u1ec9nh theo nhi\u1ec1u c\u00e1ch kh\u00e1c nhau \u0111\u1ec3 \u0111\u00e1p \u1ee9ng c\u00e1c y\u00eau c\u1ea7u \u0111\u1ed9c \u0111\u00e1o c\u1ee7a c\u00e1c th\u01b0\u01a1ng hi\u1ec7u kh\u00e1c nhau.<\/p>\n<p>Ph\u1ea7n d\u01b0\u1edbi chai trong su\u1ed1t d\u00e0y kh\u00f4ng ch\u1ec9 l\u00e0m t\u0103ng k\u1ebft c\u1ea5u m\u00e0 c\u00f2n l\u00e0m cho n\u00f3 b\u1ec1n v\u1eefng v\u00e0 b\u1ec1n. Mi\u1ec7ng chai r\u00e8n l\u00e0m cho n\u00f3 d\u1ec5 d\u00e0ng \u0111\u1ec3 l\u1ea5p \u0111\u1ea7y. K\u1ebft h\u1ee3p v\u1edbi m\u00e1y b\u01a1m ch\u1ea5t l\u1ecfng \u0111en, n\u00f3 thu\u1eadn ti\u1ec7n \u0111\u1ec3 s\u1eed d\u1ee5ng. N\u00f3 c\u0169ng \u0111\u01b0\u1ee3c trang b\u1ecb v\u1ecf b\u00ean ngo\u00e0i c\u00f9ng m\u00e0u s\u1eafc (c\u00f3 s\u1eb5n trong k\u1ebft th\u00fac b\u00f3ng ho\u1eb7c m\u1edd).<\/p>\n<p>Ch\u00fang t\u00f4i h\u1ed7 tr\u1ee3 k\u1ebft th\u00fac kh\u00e1c nhau nh\u01b0 m\u1edd, b\u00f3ng, ho\u1eb7c b\u0103ng c\u00f3 th\u1ec3 \u0111\u01b0\u1ee3c \u00e1p d\u1ee5ng cho chai, v\u00e0 c\u00f3 th\u1ec3 l\u00e0m l\u1edbp ph\u1ee7 m\u00e0u \u0111\u1ec3 b\u1ea1n c\u00f3 th\u1ec3 ch\u1ecdn t\u1eeb m\u1ed9t lo\u1ea1t c\u00e1c m\u00e0u s\u1eafc \u0111\u1ec3 ph\u00f9 h\u1ee3p v\u1edbi b\u1ea3n s\u1eafc th\u01b0\u01a1ng hi\u1ec7u c\u1ee7a h\u1ecd.<\/p>\n<p>Chai n\u00e0y c\u00f3 th\u1ec3 \u0111\u01b0\u1ee3c k\u1ebft h\u1ee3p v\u1edbi c\u00e1c thi\u1ebft k\u1ebf n\u1eafp chai kh\u00e1c nhau v\u00e0 thi\u1ebft b\u1ecb b\u01a1m cho s\u1ef1 l\u1ef1a ch\u1ecdn c\u1ee7a b\u1ea1n.<\/p>\n<p>Bao b\u00ec t\u00f9y ch\u1ec9nh gi\u00fap t\u1ea1o ra m\u1ed9t b\u1ea3n s\u1eafc th\u01b0\u01a1ng hi\u1ec7u ri\u00eang bi\u1ec7t, l\u00e0m cho s\u1ea3n ph\u1ea9m d\u1ec5 nh\u1eadn ra. Bao b\u00ec \u0111\u1ed9c \u0111\u00e1o v\u00e0 h\u1ea5p d\u1eabn c\u00f3 th\u1ec3 thu h\u00fat s\u1ef1 ch\u00fa \u00fd c\u1ee7a kh\u00e1ch h\u00e0ng ti\u1ec1m n\u0103ng v\u00e0 n\u00e2ng cao tr\u1ea3i nghi\u1ec7m mua h\u00e0ng c\u1ee7a h\u1ecd.<\/p>\n<p>&nbsp;<\/p>","protected":false},"excerpt":{"rendered":"<p>V\u1eadt li\u1ec7u chai: th\u1ee7y tinh<\/p>\n<p>H\u00ecnh d\u1ea1ng: Lo\u1ea1i vai tr\u00f2n<\/p>\n<p>C\u00f4ng su\u1ea5t: 45ml<\/p>\n<p>B\u01a1m: B\u01a1m kem d\u01b0\u1ee1ng da<\/p>\n<p>M\u00e0u s\u1eafc: T\u00f9y ch\u1ec9nh (b\u1ea5t k\u1ef3 m\u00e0u pantone n\u00e0o c\u00f3 s\u1eb5n)<\/p>\n<p>B\u1ec1 m\u1eb7t ho\u00e0n thi\u1ec7n: In m\u00e0n h\u00ecnh, s\u01b0\u01a1ng gi\u00e1, d\u1eadp n\u00f3ng, gradient phun, k\u1ebft th\u00fac m\u1edd, v.v.<\/p>\n<p>MOQ: 5000pcs;<\/p>\n<p>&nbsp;<\/p>","protected":false},"featured_media":1648,"comment_status":"closed","ping_status":"closed","template":"","meta":{"_acf_changed":false},"product_brand":[],"product_cat":[34],"product_tag":[],"class_list":{"0":"post-1645","1":"product","2":"type-product","3":"status-publish","4":"has-post-thumbnail","6":"product_cat-foundation-bottle","8":"first","9":"outofstock","10":"shipping-taxable","11":"product-type-simple"},"acf":[],"_links":{"self":[{"href":"https:\/\/www.cosmepak.com\/vi\/wp-json\/wp\/v2\/product\/1645","targetHints":{"allow":["GET"]}}],"collection":[{"href":"https:\/\/www.cosmepak.com\/vi\/wp-json\/wp\/v2\/product"}],"about":[{"href":"https:\/\/www.cosmepak.com\/vi\/wp-json\/wp\/v2\/types\/product"}],"replies":[{"embeddable":true,"href":"https:\/\/www.cosmepak.com\/vi\/wp-json\/wp\/v2\/comments?post=1645"}],"wp:featuredmedia":[{"embeddable":true,"href":"https:\/\/www.cosmepak.com\/vi\/wp-json\/wp\/v2\/media\/1648"}],"wp:attachment":[{"href":"https:\/\/www.cosmepak.com\/vi\/wp-json\/wp\/v2\/media?parent=1645"}],"wp:term":[{"taxonomy":"product_brand","embeddable":true,"href":"https:\/\/www.cosmepak.com\/vi\/wp-json\/wp\/v2\/product_brand?post=1645"},{"taxonomy":"product_cat","embeddable":true,"href":"https:\/\/www.cosmepak.com\/vi\/wp-json\/wp\/v2\/product_cat?post=1645"},{"taxonomy":"product_tag","embeddable":true,"href":"https:\/\/www.cosmepak.com\/vi\/wp-json\/wp\/v2\/product_tag?post=1645"}],"curies":[{"name":"WP","href":"https:\/\/api.w.org\/{rel}","templated":true}]}}