{"id":1660,"date":"2025-04-01T10:15:17","date_gmt":"2025-04-01T02:15:17","guid":{"rendered":"https:\/\/www.cosmepak.com\/?post_type=product&#038;p=1660"},"modified":"2025-11-07T16:43:55","modified_gmt":"2025-11-07T08:43:55","slug":"60ml-my-pham-lotion-bao-bi-ong-vang","status":"publish","type":"product","link":"https:\/\/www.cosmepak.com\/vi\/product\/60ml-cosmetic-lotion-packaging-tube-jaunce\/","title":{"rendered":"60ml m\u1ef9 ph\u1ea9m Lotion Bao b\u00ec \u1ed1ng \/ Jaunce"},"content":{"rendered":"<table style=\"border-collapse: collapse; width: 100%; height: 144px;\">\n<tbody>\n<tr style=\"height: 24px;\">\n<td style=\"width: 33.3333%; height: 144px;\" rowspan=\"6\"><img fetchpriority=\"high\" decoding=\"async\" class=\"alignnone size-full wp-image-2884\" src=\"https:\/\/www.cosmepak.com\/wp-content\/uploads\/2025\/03\/1-1-1.jpg\" alt=\"\" width=\"1000\" height=\"1000\" srcset=\"https:\/\/www.cosmepak.com\/wp-content\/uploads\/2025\/03\/1-1-1.jpg 1000w, https:\/\/www.cosmepak.com\/wp-content\/uploads\/2025\/03\/1-1-1-300x300.jpg 300w, https:\/\/www.cosmepak.com\/wp-content\/uploads\/2025\/03\/1-1-1-150x150.jpg 150w, https:\/\/www.cosmepak.com\/wp-content\/uploads\/2025\/03\/1-1-1-768x768.jpg 768w, https:\/\/www.cosmepak.com\/wp-content\/uploads\/2025\/03\/1-1-1-12x12.jpg 12w, https:\/\/www.cosmepak.com\/wp-content\/uploads\/2025\/03\/1-1-1-600x600.jpg 600w, https:\/\/www.cosmepak.com\/wp-content\/uploads\/2025\/03\/1-1-1-100x100.jpg 100w\" sizes=\"(max-width: 1000px) 100vw, 1000px\" \/><\/td>\n<td style=\"width: 33.122%; height: 24px; text-align: center;\">Th\u01b0\u01a1ng hi\u1ec7u<\/td>\n<td style=\"width: 33.5446%; height: 24px; text-align: center;\">Jaunce<\/td>\n<\/tr>\n<tr style=\"height: 24px;\">\n<td style=\"width: 33.122%; height: 24px; text-align: center;\">Ng\u01b0\u1eddi m\u1eabu<\/td>\n<td style=\"width: 33.5446%; height: 24px; text-align: center;\">S\u1ed1 l\u01b0\u1ee3ng JH-LW9622<\/td>\n<\/tr>\n<tr style=\"height: 24px;\">\n<td style=\"width: 33.122%; height: 24px; text-align: center;\">Kh\u1ea3 n\u0103ng<\/td>\n<td style=\"width: 33.5446%; height: 24px; text-align: center;\">60ml<\/td>\n<\/tr>\n<tr style=\"height: 24px;\">\n<td style=\"width: 33.122%; height: 24px; text-align: center;\">M\u00e0u s\u1eafc<\/td>\n<td style=\"width: 33.5446%; height: 24px; text-align: center;\">M\u00e0u h\u1ed3ng \/ v\u00e0ng \/ xanh<\/td>\n<\/tr>\n<tr style=\"height: 24px;\">\n<td style=\"width: 33.122%; height: 24px; text-align: center;\">N\u1eafp<\/td>\n<td style=\"width: 33.5446%; height: 24px; text-align: center;\">PP Flip Cap<\/td>\n<\/tr>\n<tr style=\"height: 24px;\">\n<td style=\"width: 33.122%; height: 24px; text-align: center;\">V\u1eadt li\u1ec7u \u1ed1ng<\/td>\n<td style=\"width: 33.5446%; height: 24px; text-align: center;\">Th\u1ec3 d\u1ee5c<\/td>\n<\/tr>\n<\/tbody>\n<\/table>\n<table style=\"border-collapse: collapse; width: 100%;\">\n<tbody>\n<tr style=\"height: 24px;\">\n<td style=\"width: 10.349%; text-align: center; height: 24px;\"><strong>Dung t\u00edch<\/strong><\/td>\n<td style=\"width: 10.7582%; text-align: center; height: 24px;\"><strong>T\u1ed5ng chi\u1ec1u cao<\/strong><\/td>\n<td style=\"width: 12.509%; text-align: center; height: 24px;\"><strong>Chai chi\u1ec1u cao<\/strong><\/td>\n<td style=\"width: 11.4908%; text-align: center; height: 24px;\"><strong>Chi\u1ec1u cao c\u00f3 th\u1ec3 in<\/strong><\/td>\n<td style=\"width: 10.7503%; text-align: center;\"><strong>\u0110\u01b0\u1eddng k\u00ednh b\u01a1m<\/strong><\/td>\n<td style=\"width: 9.21676%; text-align: center;\"><strong>C\u00e2n n\u1eb7ng<\/strong><\/td>\n<\/tr>\n<tr style=\"height: 24px;\">\n<td style=\"width: 10.349%; text-align: center; height: 24px;\">60ml<\/td>\n<td style=\"width: 10.7582%; text-align: center; height: 24px;\">110mm<\/td>\n<td style=\"width: 12.509%; text-align: center; height: 24px;\">102mm<\/td>\n<td style=\"width: 11.4908%; text-align: center; height: 24px;\">72mm<\/td>\n<td style=\"width: 10.7503%; text-align: center;\">49mm<\/td>\n<td style=\"width: 9.21676%; text-align: center;\">16 g<\/td>\n<\/tr>\n<\/tbody>\n<\/table>\n<p>B\u1ed9 du l\u1ecbch m\u00e0u macaron n\u00e0y \u00e9p chai, v\u1edbi v\u1ebb ngo\u00e0i t\u01b0\u01a1i v\u00e0 b\u1eaft m\u1eaft v\u00e0 thi\u1ebft k\u1ebf th\u1ef1c t\u1ebf v\u00e0 thoughtful, \u0111\u00e3 tr\u1edf th\u00e0nh m\u1ed9t m\u1eb7t h\u00e0ng ph\u1ea3i c\u00f3 cho c\u00e1c chuy\u1ebfn \u0111i ng\u1eafn, d\u1ec5 d\u00e0ng gi\u1ea3i quy\u1ebft v\u1ea5n \u0111\u1ec1 bao b\u00ec s\u1ea3n ph\u1ea9m ch\u0103m s\u00f3c da. B\u1ed9 t\u00ednh n\u0103ng k\u1ebft h\u1ee3p c\u1ed5 \u0111i\u1ec3n c\u1ee7a th\u00e2n chai \u00e9p PE v\u00e0 n\u1eafp l\u1eadt PP. Ba th\u00e2n chai t\u01b0\u01a1ng \u1ee9ng \u0111\u01b0\u1ee3c l\u00e0m b\u1eb1ng m\u00e0u v\u00e0ng t\u01b0\u01a1i s\u00e1ng, m\u00e0u h\u1ed3ng v\u00e0 m\u00e0u xanh l\u00e1 c\u00e2y. M\u00e0u t\u01b0\u01a1i \u0111\u1ed9c \u0111\u00e1o c\u1ee7a macarons kh\u00f4ng ch\u1ec9 tr\u00f4ng n\u0103ng l\u01b0\u1ee3ng m\u00e0 c\u00f2n c\u00f3 th\u1ec3 d\u1ec5 d\u00e0ng ph\u00e2n bi\u1ec7t n\u1ed9i dung cho c\u00e1c m\u1ee5c \u0111\u00edch kh\u00e1c nhau, l\u00e0m cho l\u01b0u tr\u1eef du l\u1ecbch c\u00f3 tr\u1eadt t\u1ef1 v\u00e0 g\u1ecdn g\u00e0ng h\u01a1n.<\/p>\n<p>Kh\u1ed1i l\u01b0\u1ee3ng ch\u00ednh x\u00e1c 60ml \u0111\u00e3 \u0111\u01b0\u1ee3c xem x\u00e9t c\u1ea9n th\u1eadn \u0111\u1ec3 \u0111\u00e1p \u1ee9ng ho\u00e0n h\u1ea3o nhu c\u1ea7u du l\u1ecbch ng\u1eafn h\u1ea1n. N\u00f3 kh\u00f4ng ch\u1ec9 tr\u00e1nh s\u1ef1 b\u1ea5t ti\u1ec7n do c\u00f4ng su\u1ea5t qu\u00e1 m\u1ee9c m\u00e0 c\u00f2n \u0111\u1ea3m b\u1ea3o cung c\u1ea5p \u0111\u1ea7y \u0111\u1ee7 c\u00e1c s\u1ea3n ph\u1ea9m ch\u0103m s\u00f3c c\u00e1 nh\u00e2n nh\u01b0 thu\u1ed1c l\u00e0m s\u1ea1ch khu\u00f4n m\u1eb7t, r\u1eeda c\u01a1 th\u1ec3 v\u00e0 \u0111i\u1ec1u h\u00f2a t\u00f3c. Thi\u1ebft k\u1ebf chi ti\u1ebft r\u1ea5t th\u00e2n thi\u1ec7n v\u1edbi ng\u01b0\u1eddi d\u00f9ng: V\u1ecf l\u1eadt PP \u00e1p d\u1ee5ng c\u1ea5u tr\u00fac ch\u1ed1ng r\u00f2 r\u1ec9, \u0111\u00f3ng ch\u1eb7t ch\u1ebd ch\u1ed1ng l\u1ea1i mi\u1ec7ng chai, ng\u0103n ch\u1eb7n r\u00f2 r\u1ec9 ch\u1ea5t l\u1ecfng v\u00e0 \u00f4 nhi\u1ec5m h\u00e0nh l\u00fd m\u1ed9t c\u00e1ch hi\u1ec7u qu\u1ea3. Khi m\u1edf, n\u00f3 m\u01b0\u1ee3t m\u00e0 v\u00e0 d\u1ec5 d\u00e0ng \u0111\u1ec3 v\u1eadn h\u00e0nh ch\u1ec9 v\u1edbi m\u1ed9t tay. Thi\u1ebft k\u1ebf chai c\u00f4ng su\u1ea5t l\u1edbn ti\u1ebft ki\u1ec7m th\u1eddi gian v\u00e0 n\u1ed7 l\u1ef1c trong khi \u0111i\u1ec1n, cho ph\u00e9p ph\u00e2n ph\u1ed1i d\u1ec5 d\u00e0ng v\u00e0 d\u1ec5 d\u00e0ng m\u00e0 kh\u00f4ng c\u1ea7n c\u00f4ng c\u1ee5. Th\u00e2n chai linh ho\u1ea1t PE m\u1ec1m c\u00f3 k\u1ebft c\u1ea5u v\u1eeba ph\u1ea3i, l\u00e0m cho n\u00f3 d\u1ec5 d\u00e0ng n\u00e9n v\u00e0 lo\u1ea1i b\u1ecf ho\u00e0n to\u00e0n ch\u1ea5t l\u1ecfng b\u00ean trong chai, tr\u00e1nh l\u00e3ng ph\u00ed.<\/p>\n<p><img decoding=\"async\" class=\"alignnone size-full wp-image-2877 aligncenter\" src=\"https:\/\/www.cosmepak.com\/wp-content\/uploads\/2025\/03\/\u8be6\u60c5-4.jpg\" alt=\"\" width=\"1000\" height=\"1000\" srcset=\"https:\/\/www.cosmepak.com\/wp-content\/uploads\/2025\/03\/\u8be6\u60c5-4.jpg 1000w, https:\/\/www.cosmepak.com\/wp-content\/uploads\/2025\/03\/\u8be6\u60c5-4-300x300.jpg 300w, https:\/\/www.cosmepak.com\/wp-content\/uploads\/2025\/03\/\u8be6\u60c5-4-150x150.jpg 150w, https:\/\/www.cosmepak.com\/wp-content\/uploads\/2025\/03\/\u8be6\u60c5-4-768x768.jpg 768w, https:\/\/www.cosmepak.com\/wp-content\/uploads\/2025\/03\/\u8be6\u60c5-4-12x12.jpg 12w, https:\/\/www.cosmepak.com\/wp-content\/uploads\/2025\/03\/\u8be6\u60c5-4-600x600.jpg 600w, https:\/\/www.cosmepak.com\/wp-content\/uploads\/2025\/03\/\u8be6\u60c5-4-100x100.jpg 100w\" sizes=\"(max-width: 1000px) 100vw, 1000px\" \/><\/p>\n<p><img decoding=\"async\" class=\"alignnone wp-image-2880\" src=\"https:\/\/www.cosmepak.com\/wp-content\/uploads\/2025\/03\/1-5-1.jpg\" alt=\"\" width=\"1360\" height=\"1360\" srcset=\"https:\/\/www.cosmepak.com\/wp-content\/uploads\/2025\/03\/1-5-1.jpg 1000w, https:\/\/www.cosmepak.com\/wp-content\/uploads\/2025\/03\/1-5-1-300x300.jpg 300w, https:\/\/www.cosmepak.com\/wp-content\/uploads\/2025\/03\/1-5-1-150x150.jpg 150w, https:\/\/www.cosmepak.com\/wp-content\/uploads\/2025\/03\/1-5-1-768x768.jpg 768w, https:\/\/www.cosmepak.com\/wp-content\/uploads\/2025\/03\/1-5-1-12x12.jpg 12w, https:\/\/www.cosmepak.com\/wp-content\/uploads\/2025\/03\/1-5-1-600x600.jpg 600w, https:\/\/www.cosmepak.com\/wp-content\/uploads\/2025\/03\/1-5-1-100x100.jpg 100w\" sizes=\"(max-width: 1360px) 100vw, 1360px\" \/><\/p>\n<table style=\"border-collapse: collapse; width: 100%;\">\n<tbody>\n<tr>\n<td style=\"width: 33.3333%;\"><img loading=\"lazy\" decoding=\"async\" class=\"alignnone size-full wp-image-2889\" src=\"https:\/\/www.cosmepak.com\/wp-content\/uploads\/2025\/04\/2-7.jpg\" alt=\"\" width=\"1000\" height=\"1000\" srcset=\"https:\/\/www.cosmepak.com\/wp-content\/uploads\/2025\/04\/2-7.jpg 1000w, https:\/\/www.cosmepak.com\/wp-content\/uploads\/2025\/04\/2-7-300x300.jpg 300w, https:\/\/www.cosmepak.com\/wp-content\/uploads\/2025\/04\/2-7-150x150.jpg 150w, https:\/\/www.cosmepak.com\/wp-content\/uploads\/2025\/04\/2-7-768x768.jpg 768w, https:\/\/www.cosmepak.com\/wp-content\/uploads\/2025\/04\/2-7-12x12.jpg 12w, https:\/\/www.cosmepak.com\/wp-content\/uploads\/2025\/04\/2-7-600x600.jpg 600w, https:\/\/www.cosmepak.com\/wp-content\/uploads\/2025\/04\/2-7-100x100.jpg 100w\" sizes=\"(max-width: 1000px) 100vw, 1000px\" \/><\/td>\n<td style=\"width: 33.3333%;\"><img loading=\"lazy\" decoding=\"async\" class=\"alignnone size-full wp-image-2891\" src=\"https:\/\/www.cosmepak.com\/wp-content\/uploads\/2025\/04\/\u4e3b\u56fe-3.jpg\" alt=\"\" width=\"1000\" height=\"1000\" srcset=\"https:\/\/www.cosmepak.com\/wp-content\/uploads\/2025\/04\/\u4e3b\u56fe-3.jpg 1000w, https:\/\/www.cosmepak.com\/wp-content\/uploads\/2025\/04\/\u4e3b\u56fe-3-300x300.jpg 300w, https:\/\/www.cosmepak.com\/wp-content\/uploads\/2025\/04\/\u4e3b\u56fe-3-150x150.jpg 150w, https:\/\/www.cosmepak.com\/wp-content\/uploads\/2025\/04\/\u4e3b\u56fe-3-768x768.jpg 768w, https:\/\/www.cosmepak.com\/wp-content\/uploads\/2025\/04\/\u4e3b\u56fe-3-12x12.jpg 12w, https:\/\/www.cosmepak.com\/wp-content\/uploads\/2025\/04\/\u4e3b\u56fe-3-600x600.jpg 600w, https:\/\/www.cosmepak.com\/wp-content\/uploads\/2025\/04\/\u4e3b\u56fe-3-100x100.jpg 100w\" sizes=\"(max-width: 1000px) 100vw, 1000px\" \/><\/td>\n<td style=\"width: 33.3333%;\"><img loading=\"lazy\" decoding=\"async\" class=\"alignnone size-full wp-image-2890\" src=\"https:\/\/www.cosmepak.com\/wp-content\/uploads\/2025\/04\/6.jpg\" alt=\"\" width=\"1000\" height=\"1000\" srcset=\"https:\/\/www.cosmepak.com\/wp-content\/uploads\/2025\/04\/6.jpg 1000w, https:\/\/www.cosmepak.com\/wp-content\/uploads\/2025\/04\/6-300x300.jpg 300w, https:\/\/www.cosmepak.com\/wp-content\/uploads\/2025\/04\/6-150x150.jpg 150w, https:\/\/www.cosmepak.com\/wp-content\/uploads\/2025\/04\/6-768x768.jpg 768w, https:\/\/www.cosmepak.com\/wp-content\/uploads\/2025\/04\/6-12x12.jpg 12w, https:\/\/www.cosmepak.com\/wp-content\/uploads\/2025\/04\/6-600x600.jpg 600w, https:\/\/www.cosmepak.com\/wp-content\/uploads\/2025\/04\/6-100x100.jpg 100w\" sizes=\"(max-width: 1000px) 100vw, 1000px\" \/><\/td>\n<\/tr>\n<tr>\n<td style=\"width: 33.3333%;\"><img loading=\"lazy\" decoding=\"async\" class=\"alignnone size-full wp-image-2885\" src=\"https:\/\/www.cosmepak.com\/wp-content\/uploads\/2025\/03\/1-6-1.jpg\" alt=\"\" width=\"1000\" height=\"1000\" srcset=\"https:\/\/www.cosmepak.com\/wp-content\/uploads\/2025\/03\/1-6-1.jpg 1000w, https:\/\/www.cosmepak.com\/wp-content\/uploads\/2025\/03\/1-6-1-300x300.jpg 300w, https:\/\/www.cosmepak.com\/wp-content\/uploads\/2025\/03\/1-6-1-150x150.jpg 150w, https:\/\/www.cosmepak.com\/wp-content\/uploads\/2025\/03\/1-6-1-768x768.jpg 768w, https:\/\/www.cosmepak.com\/wp-content\/uploads\/2025\/03\/1-6-1-12x12.jpg 12w, https:\/\/www.cosmepak.com\/wp-content\/uploads\/2025\/03\/1-6-1-600x600.jpg 600w, https:\/\/www.cosmepak.com\/wp-content\/uploads\/2025\/03\/1-6-1-100x100.jpg 100w\" sizes=\"(max-width: 1000px) 100vw, 1000px\" \/><\/td>\n<td style=\"width: 33.3333%;\"><img loading=\"lazy\" decoding=\"async\" class=\"alignnone size-full wp-image-2879\" src=\"https:\/\/www.cosmepak.com\/wp-content\/uploads\/2025\/03\/1-2-1.jpg\" alt=\"\" width=\"1000\" height=\"1000\" srcset=\"https:\/\/www.cosmepak.com\/wp-content\/uploads\/2025\/03\/1-2-1.jpg 1000w, https:\/\/www.cosmepak.com\/wp-content\/uploads\/2025\/03\/1-2-1-300x300.jpg 300w, https:\/\/www.cosmepak.com\/wp-content\/uploads\/2025\/03\/1-2-1-150x150.jpg 150w, https:\/\/www.cosmepak.com\/wp-content\/uploads\/2025\/03\/1-2-1-768x768.jpg 768w, https:\/\/www.cosmepak.com\/wp-content\/uploads\/2025\/03\/1-2-1-12x12.jpg 12w, https:\/\/www.cosmepak.com\/wp-content\/uploads\/2025\/03\/1-2-1-600x600.jpg 600w, https:\/\/www.cosmepak.com\/wp-content\/uploads\/2025\/03\/1-2-1-100x100.jpg 100w\" sizes=\"(max-width: 1000px) 100vw, 1000px\" \/><\/td>\n<td style=\"width: 33.3333%;\"><img loading=\"lazy\" decoding=\"async\" class=\"alignnone size-full wp-image-2883\" src=\"https:\/\/www.cosmepak.com\/wp-content\/uploads\/2025\/03\/7-4.jpg\" alt=\"\" width=\"1000\" height=\"1000\" srcset=\"https:\/\/www.cosmepak.com\/wp-content\/uploads\/2025\/03\/7-4.jpg 1000w, https:\/\/www.cosmepak.com\/wp-content\/uploads\/2025\/03\/7-4-300x300.jpg 300w, https:\/\/www.cosmepak.com\/wp-content\/uploads\/2025\/03\/7-4-150x150.jpg 150w, https:\/\/www.cosmepak.com\/wp-content\/uploads\/2025\/03\/7-4-768x768.jpg 768w, https:\/\/www.cosmepak.com\/wp-content\/uploads\/2025\/03\/7-4-12x12.jpg 12w, https:\/\/www.cosmepak.com\/wp-content\/uploads\/2025\/03\/7-4-600x600.jpg 600w, https:\/\/www.cosmepak.com\/wp-content\/uploads\/2025\/03\/7-4-100x100.jpg 100w\" sizes=\"(max-width: 1000px) 100vw, 1000px\" \/><\/td>\n<\/tr>\n<\/tbody>\n<\/table>\n<p>&nbsp;<\/p>\n<p>&nbsp;<\/p>\n<p>&nbsp;<\/p>","protected":false},"excerpt":{"rendered":"<p>V\u1eadt li\u1ec7u \u1ed1ng: V\u1eadt li\u1ec7u PE<\/p>\n<p>V\u1eadt li\u1ec7u CAP: V\u1eadt li\u1ec7u PP<\/p>\n<p>C\u00f4ng su\u1ea5t: 60ml<\/p>\n<p>Lo\u1ea1i m\u0169: l\u1eadt n\u1eafp<\/p>\n<p>M\u00e0u s\u1eafc: T\u00f9y ch\u1ec9nh (b\u1ea5t k\u1ef3 m\u00e0u pantone n\u00e0o c\u00f3 s\u1eb5n)<\/p>\n<p>B\u1ec1 m\u1eb7t ho\u00e0n thi\u1ec7n: In m\u00e0n h\u00ecnh, s\u01b0\u01a1ng gi\u00e1, d\u1eadp n\u00f3ng, gradient phun, k\u1ebft th\u00fac m\u1edd, v.v.<\/p>\n<p>MOQ: 5000pcs;<\/p>\n<p>&nbsp;<\/p>","protected":false},"featured_media":2890,"comment_status":"closed","ping_status":"closed","template":"","meta":{"_acf_changed":false},"product_brand":[],"product_cat":[20],"product_tag":[],"class_list":{"0":"post-1660","1":"product","2":"type-product","3":"status-publish","4":"has-post-thumbnail","6":"product_cat-plastic-tube","8":"first","9":"outofstock","10":"shipping-taxable","11":"product-type-simple"},"acf":[],"_links":{"self":[{"href":"https:\/\/www.cosmepak.com\/vi\/wp-json\/wp\/v2\/product\/1660","targetHints":{"allow":["GET"]}}],"collection":[{"href":"https:\/\/www.cosmepak.com\/vi\/wp-json\/wp\/v2\/product"}],"about":[{"href":"https:\/\/www.cosmepak.com\/vi\/wp-json\/wp\/v2\/types\/product"}],"replies":[{"embeddable":true,"href":"https:\/\/www.cosmepak.com\/vi\/wp-json\/wp\/v2\/comments?post=1660"}],"wp:featuredmedia":[{"embeddable":true,"href":"https:\/\/www.cosmepak.com\/vi\/wp-json\/wp\/v2\/media\/2890"}],"wp:attachment":[{"href":"https:\/\/www.cosmepak.com\/vi\/wp-json\/wp\/v2\/media?parent=1660"}],"wp:term":[{"taxonomy":"product_brand","embeddable":true,"href":"https:\/\/www.cosmepak.com\/vi\/wp-json\/wp\/v2\/product_brand?post=1660"},{"taxonomy":"product_cat","embeddable":true,"href":"https:\/\/www.cosmepak.com\/vi\/wp-json\/wp\/v2\/product_cat?post=1660"},{"taxonomy":"product_tag","embeddable":true,"href":"https:\/\/www.cosmepak.com\/vi\/wp-json\/wp\/v2\/product_tag?post=1660"}],"curies":[{"name":"WP","href":"https:\/\/api.w.org\/{rel}","templated":true}]}}