{"id":1662,"date":"2025-04-01T10:19:41","date_gmt":"2025-04-01T02:19:41","guid":{"rendered":"https:\/\/www.cosmepak.com\/?post_type=product&#038;p=1662"},"modified":"2026-01-05T14:53:35","modified_gmt":"2026-01-05T06:53:35","slug":"100ml-mat-sach-kem-ong-vang","status":"publish","type":"product","link":"https:\/\/www.cosmepak.com\/vi\/product\/100ml-face-clean-cream-tube-jaunce\/","title":{"rendered":"100ml m\u1eb7t s\u1ea1ch kem \u1ed1ng \/ Jaunce"},"content":{"rendered":"<table style=\"border-collapse: collapse; width: 100%; height: 144px;\">\n<tbody>\n<tr style=\"height: 24px;\">\n<td style=\"width: 33.3333%; height: 144px;\" rowspan=\"6\"><img fetchpriority=\"high\" decoding=\"async\" class=\"alignnone size-full wp-image-1661\" src=\"https:\/\/www.cosmepak.com\/wp-content\/uploads\/2025\/04\/1.jpg\" alt=\"chai nh\u1ef1a\" width=\"1000\" height=\"1000\" srcset=\"https:\/\/www.cosmepak.com\/wp-content\/uploads\/2025\/04\/1.jpg 1000w, https:\/\/www.cosmepak.com\/wp-content\/uploads\/2025\/04\/1-300x300.jpg 300w, https:\/\/www.cosmepak.com\/wp-content\/uploads\/2025\/04\/1-150x150.jpg 150w, https:\/\/www.cosmepak.com\/wp-content\/uploads\/2025\/04\/1-768x768.jpg 768w, https:\/\/www.cosmepak.com\/wp-content\/uploads\/2025\/04\/1-600x600.jpg 600w, https:\/\/www.cosmepak.com\/wp-content\/uploads\/2025\/04\/1-100x100.jpg 100w\" sizes=\"(max-width: 1000px) 100vw, 1000px\" \/><\/td>\n<td style=\"width: 33.122%; height: 24px; text-align: center;\">Th\u01b0\u01a1ng hi\u1ec7u<\/td>\n<td style=\"width: 33.5446%; height: 24px; text-align: center;\">Jaunce<\/td>\n<\/tr>\n<tr style=\"height: 24px;\">\n<td style=\"width: 33.122%; height: 24px; text-align: center;\">Ng\u01b0\u1eddi m\u1eabu<\/td>\n<td style=\"width: 33.5446%; height: 24px; text-align: center;\">JH-LWMJ20<\/td>\n<\/tr>\n<tr style=\"height: 24px;\">\n<td style=\"width: 33.122%; height: 24px; text-align: center;\">Kh\u1ea3 n\u0103ng<\/td>\n<td style=\"width: 33.5446%; height: 24px; text-align: center;\">30ml \/ 60ml \/ 100ml<\/td>\n<\/tr>\n<tr style=\"height: 24px;\">\n<td style=\"width: 33.122%; height: 24px; text-align: center;\">M\u00e0u s\u1eafc<\/td>\n<td style=\"width: 33.5446%; height: 24px; text-align: center;\">Tr\u1eafng<\/td>\n<\/tr>\n<tr style=\"height: 24px;\">\n<td style=\"width: 33.122%; height: 24px; text-align: center;\">N\u1eafp<\/td>\n<td style=\"width: 33.5446%; height: 24px; text-align: center;\">PP Flip Cap<\/td>\n<\/tr>\n<tr style=\"height: 24px;\">\n<td style=\"width: 33.122%; height: 24px; text-align: center;\">V\u1eadt li\u1ec7u \u1ed1ng<\/td>\n<td style=\"width: 33.5446%; height: 24px; text-align: center;\">Th\u1ec3 d\u1ee5c<\/td>\n<\/tr>\n<\/tbody>\n<\/table>\n<p>\u1ed1ng m\u1ec1m m\u1ef9 ph\u1ea9m PE n\u00e0y \u0111\u01b0\u1ee3c thi\u1ebft k\u1ebf \u0111\u1ec3 s\u1eed d\u1ee5ng du l\u1ecbch thu\u1eadn ti\u1ec7n. Thi\u1ebft k\u1ebf n\u1eafp l\u1eadt \u0111\u1ea3m b\u1ea3o ph\u00e2n ph\u1ed1i d\u1ec5 d\u00e0ng v\u00e0 ng\u0103n ch\u1eb7n r\u00f2 r\u1ec9. L\u00fd t\u01b0\u1edfng cho vi\u1ec7c l\u01b0u tr\u1eef v\u00e0 ph\u00e2n ph\u1ed1i r\u1eeda m\u1eb7t, kem kem, d\u1ea7u g\u1ed9i v\u00e0 c\u00e1c s\u1ea3n ph\u1ea9m l\u1ecfng ho\u1eb7c b\u00e1n l\u1ecfng kh\u00e1c. K\u00edch th\u01b0\u1edbc nh\u1ecf g\u1ecdn l\u00e0m cho n\u00f3 ho\u00e0n h\u1ea3o cho du l\u1ecbch, ph\u00f2ng t\u1eadp th\u1ec3 d\u1ee5c ho\u1eb7c s\u1eed d\u1ee5ng h\u00e0ng ng\u00e0y.<\/p>\n<table style=\"border-collapse: collapse; width: 100%;\">\n<tbody>\n<tr style=\"height: 24px;\">\n<td style=\"width: 10.349%; text-align: center; height: 24px;\"><strong>Dung t\u00edch<\/strong><\/td>\n<td style=\"width: 10.7582%; text-align: center; height: 24px;\"><strong>T\u1ed5ng chi\u1ec1u cao<\/strong><\/td>\n<td style=\"width: 12.509%; text-align: center; height: 24px;\"><strong>Chai chi\u1ec1u cao<\/strong><\/td>\n<td style=\"width: 11.4908%; text-align: center; height: 24px;\"><strong>Chi\u1ec1u cao c\u00f3 th\u1ec3 in<\/strong><\/td>\n<td style=\"width: 10.7503%; text-align: center;\"><strong>\u0110\u01b0\u1eddng k\u00ednh b\u01a1m<\/strong><\/td>\n<td style=\"width: 9.21676%; text-align: center;\"><strong>C\u00e2n n\u1eb7ng<\/strong><\/td>\n<\/tr>\n<tr style=\"height: 24px;\">\n<td style=\"width: 10.349%; text-align: center; height: 24px;\">30ml<\/td>\n<td style=\"width: 10.7582%; text-align: center; height: 24px;\">81mm<\/td>\n<td style=\"width: 12.509%; text-align: center; height: 24px;\">71mm<\/td>\n<td style=\"width: 11.4908%; text-align: center; height: 24px;\">52mm<\/td>\n<td style=\"width: 10.7503%; text-align: center;\">32.5mm<\/td>\n<td style=\"width: 9.21676%; text-align: center;\">12g<\/td>\n<\/tr>\n<tr>\n<td style=\"width: 10.349%; text-align: center;\">60ml<\/td>\n<td style=\"width: 10.7582%; text-align: center;\">114mm<\/td>\n<td style=\"width: 12.509%; text-align: center;\">104mm<\/td>\n<td style=\"width: 11.4908%; text-align: center;\">82mm<\/td>\n<td style=\"width: 10.7503%; text-align: center;\">32.5mm<\/td>\n<td style=\"width: 9.21676%; text-align: center;\">15g<\/td>\n<\/tr>\n<tr>\n<td style=\"width: 10.349%; text-align: center;\">100ml<\/td>\n<td style=\"width: 10.7582%; text-align: center;\">138mm<\/td>\n<td style=\"width: 12.509%; text-align: center;\">126mm<\/td>\n<td style=\"width: 11.4908%; text-align: center;\">97mm<\/td>\n<td style=\"width: 10.7503%; text-align: center;\">37mm<\/td>\n<td style=\"width: 9.21676%; text-align: center;\">22g<\/td>\n<\/tr>\n<\/tbody>\n<\/table>\n<p><img decoding=\"async\" class=\"alignnone wp-image-1655\" src=\"https:\/\/www.cosmepak.com\/wp-content\/uploads\/2025\/03\/10-4.jpg\" alt=\"\" width=\"1376\" height=\"1376\" srcset=\"https:\/\/www.cosmepak.com\/wp-content\/uploads\/2025\/03\/10-4.jpg 1000w, https:\/\/www.cosmepak.com\/wp-content\/uploads\/2025\/03\/10-4-300x300.jpg 300w, https:\/\/www.cosmepak.com\/wp-content\/uploads\/2025\/03\/10-4-150x150.jpg 150w, https:\/\/www.cosmepak.com\/wp-content\/uploads\/2025\/03\/10-4-768x768.jpg 768w, https:\/\/www.cosmepak.com\/wp-content\/uploads\/2025\/03\/10-4-600x600.jpg 600w, https:\/\/www.cosmepak.com\/wp-content\/uploads\/2025\/03\/10-4-100x100.jpg 100w\" sizes=\"(max-width: 1376px) 100vw, 1376px\" \/><\/p>\n<p>Thi\u1ebft k\u1ebf ch\u1ed1ng r\u00f2 r\u1ec9 \u0111\u1ea3m b\u1ea3o kh\u00f4ng r\u00f2 r\u1ec9 trong t\u00fai c\u1ee7a b\u1ea1n<br \/>\nC\u00f3 th\u1ec3 t\u00e1i s\u1eed d\u1ee5ng v\u00e0 d\u1ec5 l\u00e0m s\u1ea1ch<br \/>\nK\u00edch th\u01b0\u1edbc ph\u00f9 h\u1ee3p v\u1edbi TSA cho h\u00e0nh l\u00fd c\u1ea7m tay<br \/>\nS\u1eed d\u1ee5ng linh ho\u1ea1t cho c\u00e1c s\u1ea3n ph\u1ea9m ch\u0103m s\u00f3c c\u00e1 nh\u00e2n kh\u00e1c nhau<\/p>\n<p><img decoding=\"async\" class=\"alignnone wp-image-1651\" src=\"https:\/\/www.cosmepak.com\/wp-content\/uploads\/2025\/03\/7-2.jpg\" alt=\"\u1ed0ng nh\u1ef1a\" width=\"1387\" height=\"1387\" srcset=\"https:\/\/www.cosmepak.com\/wp-content\/uploads\/2025\/03\/7-2.jpg 1000w, https:\/\/www.cosmepak.com\/wp-content\/uploads\/2025\/03\/7-2-300x300.jpg 300w, https:\/\/www.cosmepak.com\/wp-content\/uploads\/2025\/03\/7-2-150x150.jpg 150w, https:\/\/www.cosmepak.com\/wp-content\/uploads\/2025\/03\/7-2-768x768.jpg 768w, https:\/\/www.cosmepak.com\/wp-content\/uploads\/2025\/03\/7-2-600x600.jpg 600w, https:\/\/www.cosmepak.com\/wp-content\/uploads\/2025\/03\/7-2-100x100.jpg 100w\" sizes=\"(max-width: 1387px) 100vw, 1387px\" \/>\u00a0<img loading=\"lazy\" decoding=\"async\" class=\"alignnone wp-image-1653\" src=\"https:\/\/www.cosmepak.com\/wp-content\/uploads\/2025\/03\/10-3.jpg\" alt=\"\" width=\"669\" height=\"669\" srcset=\"https:\/\/www.cosmepak.com\/wp-content\/uploads\/2025\/03\/10-3.jpg 1000w, https:\/\/www.cosmepak.com\/wp-content\/uploads\/2025\/03\/10-3-300x300.jpg 300w, https:\/\/www.cosmepak.com\/wp-content\/uploads\/2025\/03\/10-3-150x150.jpg 150w, https:\/\/www.cosmepak.com\/wp-content\/uploads\/2025\/03\/10-3-768x768.jpg 768w, https:\/\/www.cosmepak.com\/wp-content\/uploads\/2025\/03\/10-3-600x600.jpg 600w, https:\/\/www.cosmepak.com\/wp-content\/uploads\/2025\/03\/10-3-100x100.jpg 100w\" sizes=\"(max-width: 669px) 100vw, 669px\" \/>\u00a0<img loading=\"lazy\" decoding=\"async\" class=\"alignnone wp-image-1654\" src=\"https:\/\/www.cosmepak.com\/wp-content\/uploads\/2025\/03\/13195695861_624076099.jpg\" alt=\"\" width=\"668\" height=\"668\" srcset=\"https:\/\/www.cosmepak.com\/wp-content\/uploads\/2025\/03\/13195695861_624076099.jpg 1000w, https:\/\/www.cosmepak.com\/wp-content\/uploads\/2025\/03\/13195695861_624076099-300x300.jpg 300w, https:\/\/www.cosmepak.com\/wp-content\/uploads\/2025\/03\/13195695861_624076099-150x150.jpg 150w, https:\/\/www.cosmepak.com\/wp-content\/uploads\/2025\/03\/13195695861_624076099-768x768.jpg 768w, https:\/\/www.cosmepak.com\/wp-content\/uploads\/2025\/03\/13195695861_624076099-600x600.jpg 600w, https:\/\/www.cosmepak.com\/wp-content\/uploads\/2025\/03\/13195695861_624076099-100x100.jpg 100w\" sizes=\"(max-width: 668px) 100vw, 668px\" \/><\/p>\n<ul class=\"ai-center-markdown-ul\">\n<li class=\"ai-center-markdown-li\"><strong class=\"ai-center-markdown-strong\">Ch\u1ea5t li\u1ec7u:<\/strong>\u00a0PE ch\u1ea5t l\u01b0\u1ee3ng cao (Polyethylene)<\/li>\n<li class=\"ai-center-markdown-li\"><strong class=\"ai-center-markdown-strong\">Thi\u1ebft k\u1ebf:<\/strong>\u00a0Flip cap \u0111\u1ec3 ph\u00e2n ph\u1ed1i d\u1ec5 d\u00e0ng v\u00e0 ki\u1ec3m so\u00e1t<\/li>\n<li class=\"ai-center-markdown-li\"><strong class=\"ai-center-markdown-strong\">S\u1eed d\u1ee5ng:<\/strong>\u00a0Th\u00edch h\u1ee3p cho r\u1eeda m\u1eb7t, kem kem, d\u1ea7u g\u1ed9i v\u00e0 c\u00e1c s\u1ea3n ph\u1ea9m l\u1ecfng ho\u1eb7c b\u00e1n l\u1ecfng kh\u00e1c<\/li>\n<li class=\"ai-center-markdown-li\"><strong class=\"ai-center-markdown-strong\">T\u00ednh di \u0111\u1ed9ng:<\/strong>\u00a0Compact v\u00e0 nh\u1eb9, ho\u00e0n h\u1ea3o cho du l\u1ecbch v\u00e0 s\u1eed d\u1ee5ng di chuy\u1ec3n<\/li>\n<li class=\"ai-center-markdown-li\" data-spm-anchor-id=\"a2747.product_manager.0.i33.726371d2Z87E7X\"><strong class=\"ai-center-markdown-strong\">C\u00f4ng su\u1ea5t:<\/strong>\u00a0C\u00f3 s\u1eb5n trong c\u00e1c k\u00edch th\u01b0\u1edbc kh\u00e1c nhau \u0111\u1ec3 \u0111\u00e1p \u1ee9ng nhu c\u1ea7u kh\u00e1c nhau<\/li>\n<\/ul>\n<p>&nbsp;<\/p>\n<p>&nbsp;<\/p>","protected":false},"excerpt":{"rendered":"<p>V\u1eadt li\u1ec7u \u1ed1ng: V\u1eadt li\u1ec7u PE<\/p>\n<p>V\u1eadt li\u1ec7u CAP: V\u1eadt li\u1ec7u PP<\/p>\n<p>Dung l\u01b0\u1ee3ng: 100ml<\/p>\n<p>Lo\u1ea1i m\u0169: l\u1eadt n\u1eafp<\/p>\n<p>M\u00e0u s\u1eafc: T\u00f9y ch\u1ec9nh (b\u1ea5t k\u1ef3 m\u00e0u pantone n\u00e0o c\u00f3 s\u1eb5n)<\/p>\n<p>B\u1ec1 m\u1eb7t ho\u00e0n thi\u1ec7n: In m\u00e0n h\u00ecnh, s\u01b0\u01a1ng gi\u00e1, d\u1eadp n\u00f3ng, gradient phun, k\u1ebft th\u00fac m\u1edd, v.v.<\/p>\n<p>MOQ: 5000pcs;<\/p>\n<p>&nbsp;<\/p>","protected":false},"featured_media":1663,"comment_status":"closed","ping_status":"closed","template":"","meta":{"_acf_changed":false},"product_brand":[],"product_cat":[20],"product_tag":[],"class_list":{"0":"post-1662","1":"product","2":"type-product","3":"status-publish","4":"has-post-thumbnail","6":"product_cat-plastic-tube","8":"first","9":"outofstock","10":"shipping-taxable","11":"product-type-simple"},"acf":[],"_links":{"self":[{"href":"https:\/\/www.cosmepak.com\/vi\/wp-json\/wp\/v2\/product\/1662","targetHints":{"allow":["GET"]}}],"collection":[{"href":"https:\/\/www.cosmepak.com\/vi\/wp-json\/wp\/v2\/product"}],"about":[{"href":"https:\/\/www.cosmepak.com\/vi\/wp-json\/wp\/v2\/types\/product"}],"replies":[{"embeddable":true,"href":"https:\/\/www.cosmepak.com\/vi\/wp-json\/wp\/v2\/comments?post=1662"}],"wp:featuredmedia":[{"embeddable":true,"href":"https:\/\/www.cosmepak.com\/vi\/wp-json\/wp\/v2\/media\/1663"}],"wp:attachment":[{"href":"https:\/\/www.cosmepak.com\/vi\/wp-json\/wp\/v2\/media?parent=1662"}],"wp:term":[{"taxonomy":"product_brand","embeddable":true,"href":"https:\/\/www.cosmepak.com\/vi\/wp-json\/wp\/v2\/product_brand?post=1662"},{"taxonomy":"product_cat","embeddable":true,"href":"https:\/\/www.cosmepak.com\/vi\/wp-json\/wp\/v2\/product_cat?post=1662"},{"taxonomy":"product_tag","embeddable":true,"href":"https:\/\/www.cosmepak.com\/vi\/wp-json\/wp\/v2\/product_tag?post=1662"}],"curies":[{"name":"WP","href":"https:\/\/api.w.org\/{rel}","templated":true}]}}