{"id":1664,"date":"2025-04-01T10:27:31","date_gmt":"2025-04-01T02:27:31","guid":{"rendered":"https:\/\/www.cosmepak.com\/?post_type=product&#038;p=1664"},"modified":"2025-11-07T17:04:04","modified_gmt":"2025-11-07T09:04:04","slug":"15g-pp-ong-nhua-vang","status":"publish","type":"product","link":"https:\/\/www.cosmepak.com\/vi\/product\/15g-pp-plastic-tube-jaunce\/","title":{"rendered":"15g PP nh\u1ef1a \u1ed1ng \/ Jaunce"},"content":{"rendered":"<table style=\"border-collapse: collapse; width: 100%; height: 144px;\">\n<tbody>\n<tr style=\"height: 24px;\">\n<td style=\"width: 33.3333%; height: 144px;\" rowspan=\"6\"><img fetchpriority=\"high\" decoding=\"async\" class=\"alignnone size-full wp-image-1665\" src=\"https:\/\/www.cosmepak.com\/wp-content\/uploads\/2025\/04\/7.jpg\" alt=\"PP \u1ed1ng\" width=\"1000\" height=\"1000\" srcset=\"https:\/\/www.cosmepak.com\/wp-content\/uploads\/2025\/04\/7.jpg 1000w, https:\/\/www.cosmepak.com\/wp-content\/uploads\/2025\/04\/7-300x300.jpg 300w, https:\/\/www.cosmepak.com\/wp-content\/uploads\/2025\/04\/7-150x150.jpg 150w, https:\/\/www.cosmepak.com\/wp-content\/uploads\/2025\/04\/7-768x768.jpg 768w, https:\/\/www.cosmepak.com\/wp-content\/uploads\/2025\/04\/7-600x600.jpg 600w, https:\/\/www.cosmepak.com\/wp-content\/uploads\/2025\/04\/7-100x100.jpg 100w\" sizes=\"(max-width: 1000px) 100vw, 1000px\" \/><\/td>\n<td style=\"width: 33.122%; height: 24px; text-align: center;\">Th\u01b0\u01a1ng hi\u1ec7u<\/td>\n<td style=\"width: 33.5446%; height: 24px; text-align: center;\">Jaunce<\/td>\n<\/tr>\n<tr style=\"height: 24px;\">\n<td style=\"width: 33.122%; height: 24px; text-align: center;\">Ng\u01b0\u1eddi m\u1eabu<\/td>\n<td style=\"width: 33.5446%; height: 24px; text-align: center;\">JH-LWRG02<\/td>\n<\/tr>\n<tr style=\"height: 24px;\">\n<td style=\"width: 33.122%; height: 24px; text-align: center;\">Kh\u1ea3 n\u0103ng<\/td>\n<td style=\"width: 33.5446%; height: 24px; text-align: center;\">15g<\/td>\n<\/tr>\n<tr style=\"height: 24px;\">\n<td style=\"width: 33.122%; height: 24px; text-align: center;\">M\u00e0u s\u1eafc<\/td>\n<td style=\"width: 33.5446%; height: 24px; text-align: center;\">Minh b\u1ea1ch<\/td>\n<\/tr>\n<tr style=\"height: 24px;\">\n<td style=\"width: 33.122%; height: 24px; text-align: center;\">N\u1eafp<\/td>\n<td style=\"width: 33.5446%; height: 24px; text-align: center;\">PP Flip Cap<\/td>\n<\/tr>\n<tr style=\"height: 24px;\">\n<td style=\"width: 33.122%; height: 24px; text-align: center;\">V\u1eadt li\u1ec7u \u1ed1ng<\/td>\n<td style=\"width: 33.5446%; height: 24px; text-align: center;\">Pp<\/td>\n<\/tr>\n<\/tbody>\n<\/table>\n<table style=\"border-collapse: collapse; width: 100%;\">\n<tbody>\n<tr style=\"height: 24px;\">\n<td style=\"width: 10.349%; text-align: center; height: 24px;\"><strong>Dung t\u00edch<\/strong><\/td>\n<td style=\"width: 10.7582%; text-align: center; height: 24px;\"><strong>T\u1ed5ng chi\u1ec1u cao<\/strong><\/td>\n<td style=\"width: 12.509%; text-align: center; height: 24px;\"><strong>Chai chi\u1ec1u cao<\/strong><\/td>\n<td style=\"width: 11.4908%; text-align: center; height: 24px;\"><strong>Chi\u1ec1u cao c\u00f3 th\u1ec3 in<\/strong><\/td>\n<td style=\"width: 10.7503%; text-align: center;\"><strong>\u0110\u01b0\u1eddng k\u00ednh d\u01b0\u1edbi c\u00f9ng<\/strong><\/td>\n<td style=\"width: 9.21676%; text-align: center;\"><strong>C\u00e2n n\u1eb7ng<\/strong><\/td>\n<\/tr>\n<tr style=\"height: 24px;\">\n<td style=\"width: 10.349%; text-align: center; height: 24px;\">15g<\/td>\n<td style=\"width: 10.7582%; text-align: center; height: 24px;\">85mm<\/td>\n<td style=\"width: 12.509%; text-align: center; height: 24px;\">79mm<\/td>\n<td style=\"width: 11.4908%; text-align: center; height: 24px;\">58.8mm<\/td>\n<td style=\"width: 10.7503%; text-align: center;\">23.9mm<\/td>\n<td style=\"width: 9.21676%; text-align: center;\">4.8g<\/td>\n<\/tr>\n<\/tbody>\n<\/table>\n<p>Chai ph\u00e2n ph\u1ed1i di \u0111\u1ed9ng 15ml n\u1ed5i b\u1eadt v\u1edbi thi\u1ebft k\u1ebf si\u00eau m\u1ecfng c\u1ee7a n\u00f3. t ch\u1ec9 n\u1eb7ng 4,8g, v\u00e0 v\u1edbi t\u1ed5ng chi\u1ec1u cao 85mm v\u00e0 \u0111\u01b0\u1eddng k\u00ednh \u1ed1ng 23,9mm. Cho d\u00f9 n\u00f3 \u0111\u01b0\u1ee3c mang theo trong t\u00fai, \u0111\u1eb7t trong t\u00fai trang \u0111i\u1ec3m, ho\u1eb7c \u0111\u01b0\u1ee3c s\u1eed d\u1ee5ng \u0111\u1ec3 ph\u00e2n ph\u1ed1i m\u1eabu, n\u00f3 d\u1ec5 d\u00e0ng v\u00e0 ho\u00e0n to\u00e0n th\u1ec3 hi\u1ec7n s\u1ef1 ti\u1ec7n l\u1ee3i c\u1ee7a n\u00f3.9mm, n\u00f3 c\u00f3 k\u00edch th\u01b0\u1edbc tinh t\u1ebf. Thi\u1ebft k\u1ebf chai trong su\u1ed1t gi\u00fap d\u1ec5 d\u00e0ng ki\u1ec3m tra tr\u1ef1c quan s\u1ed1 l\u01b0\u1ee3ng c\u00f2n l\u1ea1i b\u00ean trong. K\u1ecbch b\u1ea3n s\u1eed d\u1ee5ng l\u00e0 \u0111a d\u1ea1ng.<\/p>\n<p>V\u1ec1 t\u00f9y ch\u1ec9nh v\u00e0 tr\u00ecnh b\u00e0y ngo\u1ea1i h\u00ecnh, s\u1ea3n ph\u1ea9m c\u00f3 ti\u1ec1m n\u0103ng phong ph\u00fa \u0111\u1ec3 c\u00e1 nh\u00e2n h\u00f3a: C\u00e1c \u1ed1ng c\u00f3 th\u1ec3 \u0111\u01b0\u1ee3c t\u00f9y ch\u1ec9nh v\u1edbi m\u00e0u ti\u00eam, v\u00e0 c\u00f3 th\u1ec3 \u0111\u01b0\u1ee3c k\u1ebft h\u1ee3p v\u1edbi m\u00e0u \u0111\u1ed9c quy\u1ec1n theo phong c\u00e1ch th\u01b0\u01a1ng hi\u1ec7u ho\u1eb7c y\u00eau c\u1ea7u s\u1eed d\u1ee5ng; Th\u00e2n \u1ed1ng h\u1ed7 tr\u1ee3 c\u00f4ng ngh\u1ec7 in m\u00e0n h\u00ecnh, v\u1edbi ph\u1ea1m vi in l\u00ean \u0111\u1ebfn 58,8mm. Cho d\u00f9 \u0111\u00f3 l\u00e0 logo th\u01b0\u01a1ng hi\u1ec7u, th\u00f4ng tin s\u1ea3n ph\u1ea9m ho\u1eb7c m\u00f4 h\u00ecnh s\u00e1ng t\u1ea1o, t\u1ea5t c\u1ea3 \u0111\u1ec1u c\u00f3 th\u1ec3 \u0111\u01b0\u1ee3c tr\u00ecnh b\u00e0y r\u00f5 r\u00e0ng, gi\u00fap \u0111\u1ecbnh h\u00ecnh h\u00ecnh \u1ea3nh th\u01b0\u01a1ng hi\u1ec7u ho\u1eb7c \u0111\u00e1p \u1ee9ng nhu c\u1ea7u trang tr\u00ed c\u00e1 nh\u00e2n.<\/p>\n<p>N\u00f3 \u00e1p d\u1ee5ng m\u1ed9t thi\u1ebft k\u1ebf b\u00eca l\u1eadt c\u1ed5 \u0111i\u1ec3n, m\u1edf tr\u01a1n tru v\u00e0 \u0111\u00f3ng ch\u1eb7t ch\u1ebd. N\u00f3 kh\u00f4ng ch\u1ec9 ng\u0103n ch\u1eb7n b\u1ee5i v\u00e0 r\u00f2 r\u1ec9 hi\u1ec7u qu\u1ea3, m\u00e0 c\u00f2n t\u1ed1i \u01b0u h\u00f3a tr\u1ea3i nghi\u1ec7m l\u00e0m \u0111\u1ea7y. Khi \u0111\u1ed5 v\u00e0o n\u1ed9i dung nh\u01b0 c\u00e1c s\u1ea3n ph\u1ea9m ch\u0103m s\u00f3c da v\u00e0 c\u00e1c s\u1ea3n ph\u1ea9m ch\u0103m s\u00f3c t\u00f3c, ho\u1ea1t \u0111\u1ed9ng d\u1ec5 d\u00e0ng v\u00e0 kh\u00f4ng c\u00f3 tr\u00e0n n\u01b0\u1edbc. \u1ed1ng linh ho\u1ea1t c\u00f3 t\u00ednh linh ho\u1ea1t v\u1eeba ph\u1ea3i, l\u00e0m cho n\u00f3 d\u1ec5 d\u00e0ng \u0111\u1ec3 \u00e9p v\u00e0 \u0111\u1ea3m b\u1ea3o \u0111\u1ea7u ra ch\u1ea5t l\u1ecfng \u0111\u1ed3ng nh\u1ea5t. N\u00f3 thu\u1eadn ti\u1ec7n \u0111\u1ec3 ki\u1ec3m so\u00e1t li\u1ec1u l\u01b0\u1ee3ng v\u00e0 tr\u00e1nh l\u00e3ng ph\u00ed. N\u00f3 ph\u00f9 h\u1ee3p v\u1edbi c\u00e1c nhu c\u1ea7u \u0111\u00f3ng g\u00f3i ch\u1ea5t l\u1ecfng kh\u00e1c nhau.<\/p>\n<p>Ch\u00fang t\u00f4i chuy\u00ean cung c\u1ea5p d\u1ecbch v\u1ee5 t\u00f9y ch\u1ec9nh \u00e1nh s\u00e1ng, bao g\u1ed3m s\u1eeda \u0111\u1ed5i m\u00e0u s\u1eafc v\u00e0 logo, c\u0169ng nh\u01b0 thi\u1ebft k\u1ebf t\u00f9y ch\u1ec9nh d\u1ef1a tr\u00ean m\u1eabu kh\u00e1ch h\u00e0ng. \u0110\u1ed9i ng\u0169 c\u1ee7a ch\u00fang t\u00f4i d\u00e0nh ri\u00eang \u0111\u1ec3 h\u1ed7 tr\u1ee3 kh\u00e1ch h\u00e0ng trong vi\u1ec7c ph\u00e1t tri\u1ec3n c\u00e1c gi\u1ea3i ph\u00e1p \u0111\u00f3ng g\u00f3i m\u1edbi, cung c\u1ea5p m\u1ed9t d\u1ecbch v\u1ee5 to\u00e0n di\u1ec7n, m\u1ed9t c\u1eeda<\/p>\n<p><img decoding=\"async\" class=\"alignnone wp-image-1666\" src=\"https:\/\/www.cosmepak.com\/wp-content\/uploads\/2025\/04\/8.jpg\" alt=\"PP \u1ed1ng\" width=\"1376\" height=\"1376\" srcset=\"https:\/\/www.cosmepak.com\/wp-content\/uploads\/2025\/04\/8.jpg 1000w, https:\/\/www.cosmepak.com\/wp-content\/uploads\/2025\/04\/8-300x300.jpg 300w, https:\/\/www.cosmepak.com\/wp-content\/uploads\/2025\/04\/8-150x150.jpg 150w, https:\/\/www.cosmepak.com\/wp-content\/uploads\/2025\/04\/8-768x768.jpg 768w, https:\/\/www.cosmepak.com\/wp-content\/uploads\/2025\/04\/8-600x600.jpg 600w, https:\/\/www.cosmepak.com\/wp-content\/uploads\/2025\/04\/8-100x100.jpg 100w\" sizes=\"(max-width: 1376px) 100vw, 1376px\" \/><img decoding=\"async\" class=\"alignnone wp-image-1667\" src=\"https:\/\/www.cosmepak.com\/wp-content\/uploads\/2025\/04\/9.jpg\" alt=\"PP \u1ed1ng\" width=\"1380\" height=\"1380\" srcset=\"https:\/\/www.cosmepak.com\/wp-content\/uploads\/2025\/04\/9.jpg 790w, https:\/\/www.cosmepak.com\/wp-content\/uploads\/2025\/04\/9-300x300.jpg 300w, https:\/\/www.cosmepak.com\/wp-content\/uploads\/2025\/04\/9-150x150.jpg 150w, https:\/\/www.cosmepak.com\/wp-content\/uploads\/2025\/04\/9-768x768.jpg 768w, https:\/\/www.cosmepak.com\/wp-content\/uploads\/2025\/04\/9-600x600.jpg 600w, https:\/\/www.cosmepak.com\/wp-content\/uploads\/2025\/04\/9-100x100.jpg 100w\" sizes=\"(max-width: 1380px) 100vw, 1380px\" \/><\/p>\n<p>&nbsp;<\/p>\n<p>&nbsp;<\/p>","protected":false},"excerpt":{"rendered":"<p>V\u1eadt li\u1ec7u \u1ed1ng: V\u1eadt li\u1ec7u PP<\/p>\n<p>V\u1eadt li\u1ec7u CAP: V\u1eadt li\u1ec7u PP<\/p>\n<p>Dung l\u01b0\u1ee3ng: 15g<\/p>\n<p>Lo\u1ea1i m\u0169: l\u1eadt n\u1eafp<\/p>\n<p>M\u00e0u s\u1eafc: T\u00f9y ch\u1ec9nh (b\u1ea5t k\u1ef3 m\u00e0u pantone n\u00e0o c\u00f3 s\u1eb5n)<\/p>\n<p>B\u1ec1 m\u1eb7t ho\u00e0n thi\u1ec7n: In m\u00e0n h\u00ecnh, s\u01b0\u01a1ng gi\u00e1, d\u1eadp n\u00f3ng, gradient phun, k\u1ebft th\u00fac m\u1edd, v.v.<\/p>\n<p>MOQ: 5000pcs;<\/p>\n<p>&nbsp;<\/p>","protected":false},"featured_media":1668,"comment_status":"closed","ping_status":"closed","template":"","meta":{"_acf_changed":false},"product_brand":[],"product_cat":[20],"product_tag":[],"class_list":{"0":"post-1664","1":"product","2":"type-product","3":"status-publish","4":"has-post-thumbnail","6":"product_cat-plastic-tube","8":"first","9":"outofstock","10":"shipping-taxable","11":"product-type-simple"},"acf":[],"_links":{"self":[{"href":"https:\/\/www.cosmepak.com\/vi\/wp-json\/wp\/v2\/product\/1664","targetHints":{"allow":["GET"]}}],"collection":[{"href":"https:\/\/www.cosmepak.com\/vi\/wp-json\/wp\/v2\/product"}],"about":[{"href":"https:\/\/www.cosmepak.com\/vi\/wp-json\/wp\/v2\/types\/product"}],"replies":[{"embeddable":true,"href":"https:\/\/www.cosmepak.com\/vi\/wp-json\/wp\/v2\/comments?post=1664"}],"wp:featuredmedia":[{"embeddable":true,"href":"https:\/\/www.cosmepak.com\/vi\/wp-json\/wp\/v2\/media\/1668"}],"wp:attachment":[{"href":"https:\/\/www.cosmepak.com\/vi\/wp-json\/wp\/v2\/media?parent=1664"}],"wp:term":[{"taxonomy":"product_brand","embeddable":true,"href":"https:\/\/www.cosmepak.com\/vi\/wp-json\/wp\/v2\/product_brand?post=1664"},{"taxonomy":"product_cat","embeddable":true,"href":"https:\/\/www.cosmepak.com\/vi\/wp-json\/wp\/v2\/product_cat?post=1664"},{"taxonomy":"product_tag","embeddable":true,"href":"https:\/\/www.cosmepak.com\/vi\/wp-json\/wp\/v2\/product_tag?post=1664"}],"curies":[{"name":"WP","href":"https:\/\/api.w.org\/{rel}","templated":true}]}}