{"id":1669,"date":"2025-04-01T10:35:22","date_gmt":"2025-04-01T02:35:22","guid":{"rendered":"https:\/\/www.cosmepak.com\/?post_type=product&#038;p=1669"},"modified":"2025-11-10T13:25:45","modified_gmt":"2025-11-10T05:25:45","slug":"30g-pp-my-pham-ong-nhua-vang","status":"publish","type":"product","link":"https:\/\/www.cosmepak.com\/vi\/product\/30g-pp-cosmetic-plastic-tube-jaunce\/","title":{"rendered":"30g PP m\u1ef9 ph\u1ea9m nh\u1ef1a \u1ed1ng \/ Jaunce"},"content":{"rendered":"<table style=\"border-collapse: collapse; width: 100%; height: 144px;\">\n<tbody>\n<tr style=\"height: 24px;\">\n<td style=\"width: 33.3333%; height: 144px;\" rowspan=\"6\"><img fetchpriority=\"high\" decoding=\"async\" class=\"alignnone size-full wp-image-1668\" src=\"https:\/\/www.cosmepak.com\/wp-content\/uploads\/2025\/04\/1-1.jpg\" alt=\"\" width=\"1000\" height=\"1000\" srcset=\"https:\/\/www.cosmepak.com\/wp-content\/uploads\/2025\/04\/1-1.jpg 1000w, https:\/\/www.cosmepak.com\/wp-content\/uploads\/2025\/04\/1-1-300x300.jpg 300w, https:\/\/www.cosmepak.com\/wp-content\/uploads\/2025\/04\/1-1-150x150.jpg 150w, https:\/\/www.cosmepak.com\/wp-content\/uploads\/2025\/04\/1-1-768x768.jpg 768w, https:\/\/www.cosmepak.com\/wp-content\/uploads\/2025\/04\/1-1-600x600.jpg 600w, https:\/\/www.cosmepak.com\/wp-content\/uploads\/2025\/04\/1-1-100x100.jpg 100w\" sizes=\"(max-width: 1000px) 100vw, 1000px\" \/><\/td>\n<td style=\"width: 33.122%; height: 24px; text-align: center;\">Th\u01b0\u01a1ng hi\u1ec7u<\/td>\n<td style=\"width: 33.5446%; height: 24px; text-align: center;\">Jaunce<\/td>\n<\/tr>\n<tr style=\"height: 24px;\">\n<td style=\"width: 33.122%; height: 24px; text-align: center;\">Ng\u01b0\u1eddi m\u1eabu<\/td>\n<td style=\"width: 33.5446%; height: 24px; text-align: center;\">JH-LWRG02<\/td>\n<\/tr>\n<tr style=\"height: 24px;\">\n<td style=\"width: 33.122%; height: 24px; text-align: center;\">Kh\u1ea3 n\u0103ng<\/td>\n<td style=\"width: 33.5446%; height: 24px; text-align: center;\">30g<\/td>\n<\/tr>\n<tr style=\"height: 24px;\">\n<td style=\"width: 33.122%; height: 24px; text-align: center;\">M\u00e0u s\u1eafc<\/td>\n<td style=\"width: 33.5446%; height: 24px; text-align: center;\">Minh b\u1ea1ch<\/td>\n<\/tr>\n<tr style=\"height: 24px;\">\n<td style=\"width: 33.122%; height: 24px; text-align: center;\">N\u1eafp<\/td>\n<td style=\"width: 33.5446%; height: 24px; text-align: center;\">PP Flip Cap<\/td>\n<\/tr>\n<tr style=\"height: 24px;\">\n<td style=\"width: 33.122%; height: 24px; text-align: center;\">V\u1eadt li\u1ec7u \u1ed1ng<\/td>\n<td style=\"width: 33.5446%; height: 24px; text-align: center;\">Pp<\/td>\n<\/tr>\n<\/tbody>\n<\/table>\n<p>JH-LWRG02 \u1ed1ng cung c\u1ea5p m\u1ed9t lo\u1ea1t c\u00e1c th\u00f4ng s\u1ed1 k\u1ef9 thu\u1eadt, bao g\u1ed3m 15g, 30g, 50g v\u00e0 100g, c\u00f3 th\u1ec3 \u0111\u00e1p \u1ee9ng c\u00e1c y\u00eau c\u1ea7u c\u00f4ng su\u1ea5t trong c\u00e1c k\u1ecbch b\u1ea3n kh\u00e1c nhau. \u1ed1ng n\u00e0y \u00e1p d\u1ee5ng m\u1ed9t thi\u1ebft k\u1ebf PP flip-top. Kh\u00f4ng ch\u1ec9 l\u00e0 ho\u1ea1t \u0111\u1ed9ng m\u1edf n\u1eafp thu\u1eadn ti\u1ec7n, kh\u00f4ng \u0111\u00f2i h\u1ecfi c\u00e1c b\u01b0\u1edbc ph\u1ee9c t\u1ea1p \u0111\u1ec3 d\u1ec5 d\u00e0ng m\u1edf, m\u00e0 n\u00f3 c\u0169ng c\u00f3 hi\u1ec7u su\u1ea5t ni\u00eam phong tuy\u1ec7t v\u1eddi, c\u00e1ch ly kh\u00f4ng kh\u00ed b\u00ean ngo\u00e0i v\u00e0 \u0111\u1ed9 \u1ea9m hi\u1ec7u qu\u1ea3, v\u00e0 \u0111\u1ea3m b\u1ea3o s\u1ef1 \u1ed5n \u0111\u1ecbnh c\u1ee7a n\u1ed9i dung b\u00ean trong; ch\u1ea5t l\u01b0\u1ee3ng.<\/p>\n<p>Th\u00e2n \u1ed1ng \u0111\u01b0\u1ee3c l\u00e0m b\u1eb1ng v\u1eadt li\u1ec7u PVC, c\u00f3 \u0111\u1ed9 minh b\u1ea1ch t\u1ed1t. Tr\u1ea1ng th\u00e1i c\u1ee7a n\u1ed9i dung n\u1ed9i b\u1ed9 c\u00f3 th\u1ec3 \u0111\u01b0\u1ee3c nh\u00ecn th\u1ea5y r\u00f5 r\u00e0ng. \u0110\u1ed3ng th\u1eddi, v\u1eadt li\u1ec7u n\u00e0y c\u0169ng \u0111\u1ea3m b\u1ea3o v\u1ec7 sinh c\u1ee7a qu\u00e1 tr\u00ecnh \u0111\u00f3ng g\u00f3i, ng\u0103n ch\u1eb7n n\u1ed9i dung b\u1ecb \u00f4 nhi\u1ec5m.<\/p>\n<p>\u0110\u1ec3 \u0111\u00e1p \u1ee9ng nhu c\u1ea7u c\u00e1 nh\u00e2n c\u1ee7a c\u00e1c th\u01b0\u01a1ng hi\u1ec7u kh\u00e1c nhau, \u1ed1ng JH-LWRG02 n\u00e0y h\u1ed7 tr\u1ee3 c\u00e1c quy tr\u00ecnh t\u00f9y ch\u1ec9nh kh\u00e1c nhau, bao g\u1ed3m in m\u00e0n h\u00ecnh, t\u00f9y ch\u1ec9nh m\u00e0u s\u1eafc v\u00e0 phun c\u00e1t. N\u00f3 c\u00f3 th\u1ec3 \u0111\u01b0\u1ee3c thi\u1ebft k\u1ebf v\u1edbi m\u1ed9t ngo\u1ea1i h\u00ecnh \u0111\u1ed9c quy\u1ec1n theo \u0111\u1ecbnh v\u1ecb th\u01b0\u01a1ng hi\u1ec7u v\u00e0 y\u00eau c\u1ea7u thi\u1ebft k\u1ebf.<\/p>\n<p>ch\u00fang t\u00f4i chuy\u00ean s\u1ea3n xu\u1ea5t bao b\u00ec m\u1ef9 ph\u1ea9m v\u1edbi cam k\u1ebft xu\u1ea5t s\u1eafc. Ch\u00fang t\u00f4i t\u1ef1 h\u00e0o c\u00f3 hai c\u01a1 s\u1edf: m\u1ed9t nh\u00e0 m\u00e1y \u0111\u00f3ng g\u00f3i m\u1ef9 ph\u1ea9m th\u1ee7y tinh ti\u00ean ti\u1ebfn v\u1edbi c\u00f4ng su\u1ea5t s\u1ea3n xu\u1ea5t 200.000 \u0111\u01a1n v\u1ecb m\u1ed7i ng\u00e0y v\u00e0 m\u1ed9t c\u01a1 s\u1edf \u0111\u00f3ng g\u00f3i m\u1ef9 ph\u1ea9m nh\u1ef1a v\u1edbi s\u1ea3n l\u01b0\u1ee3ng h\u00e0ng ng\u00e0y 50.000 \u0111\u01a1n v\u1ecb.<\/p>\n<p>Ch\u00fang t\u00f4i chuy\u00ean cung c\u1ea5p d\u1ecbch v\u1ee5 t\u00f9y ch\u1ec9nh \u00e1nh s\u00e1ng, bao g\u1ed3m s\u1eeda \u0111\u1ed5i m\u00e0u s\u1eafc v\u00e0 logo, c\u0169ng nh\u01b0 thi\u1ebft k\u1ebf t\u00f9y ch\u1ec9nh d\u1ef1a tr\u00ean m\u1eabu kh\u00e1ch h\u00e0ng. \u0110\u1ed9i ng\u0169 c\u1ee7a ch\u00fang t\u00f4i d\u00e0nh ri\u00eang \u0111\u1ec3 h\u1ed7 tr\u1ee3 kh\u00e1ch h\u00e0ng trong vi\u1ec7c ph\u00e1t tri\u1ec3n c\u00e1c gi\u1ea3i ph\u00e1p \u0111\u00f3ng g\u00f3i m\u1edbi, cung c\u1ea5p m\u1ed9t d\u1ecbch v\u1ee5 to\u00e0n di\u1ec7n, m\u1ed9t \u0111i\u1ec3m d\u1eebng l\u1ea1i.<\/p>\n<table style=\"border-collapse: collapse; width: 100%;\">\n<tbody>\n<tr style=\"height: 24px;\">\n<td style=\"width: 10.349%; text-align: center; height: 24px;\"><strong>Dung t\u00edch<\/strong><\/td>\n<td style=\"width: 10.7582%; text-align: center; height: 24px;\"><strong>T\u1ed5ng chi\u1ec1u cao<\/strong><\/td>\n<td style=\"width: 12.509%; text-align: center; height: 24px;\"><strong>Chai chi\u1ec1u cao<\/strong><\/td>\n<td style=\"width: 11.4908%; text-align: center; height: 24px;\"><strong>Chi\u1ec1u cao c\u00f3 th\u1ec3 in<\/strong><\/td>\n<td style=\"width: 10.7503%; text-align: center;\"><strong>\u0110\u01b0\u1eddng k\u00ednh d\u01b0\u1edbi c\u00f9ng<\/strong><\/td>\n<td style=\"width: 9.21676%; text-align: center;\"><strong>C\u00e2n n\u1eb7ng<\/strong><\/td>\n<\/tr>\n<tr style=\"height: 24px;\">\n<td style=\"width: 10.349%; text-align: center; height: 24px;\">15g<\/td>\n<td style=\"width: 10.7582%; text-align: center; height: 24px;\">85mm<\/td>\n<td style=\"width: 12.509%; text-align: center; height: 24px;\">79mm<\/td>\n<td style=\"width: 11.4908%; text-align: center; height: 24px;\">58.8mm<\/td>\n<td style=\"width: 10.7503%; text-align: center;\">23.9mm<\/td>\n<td style=\"width: 9.21676%; text-align: center;\">4.8g<\/td>\n<\/tr>\n<tr>\n<td style=\"width: 10.349%; text-align: center;\">30g<\/td>\n<td style=\"width: 10.7582%; text-align: center;\">100mm<\/td>\n<td style=\"width: 12.509%; text-align: center;\">91mm<\/td>\n<td style=\"width: 11.4908%; text-align: center;\">67.6mm<\/td>\n<td style=\"width: 10.7503%; text-align: center;\">29.2mm<\/td>\n<td style=\"width: 9.21676%; text-align: center;\">7.7g<\/td>\n<\/tr>\n<tr>\n<td style=\"width: 10.349%; text-align: center;\">50g<\/td>\n<td style=\"width: 10.7582%; text-align: center;\">104mm<\/td>\n<td style=\"width: 12.509%; text-align: center;\">96.7mm<\/td>\n<td style=\"width: 11.4908%; text-align: center;\">73.2mm<\/td>\n<td style=\"width: 10.7503%; text-align: center;\">33.7mm<\/td>\n<td style=\"width: 9.21676%; text-align: center;\">10.1g<\/td>\n<\/tr>\n<tr>\n<td style=\"width: 10.349%; text-align: center;\">100g<\/td>\n<td style=\"width: 10.7582%; text-align: center;\">171mm<\/td>\n<td style=\"width: 12.509%; text-align: center;\">160mm<\/td>\n<td style=\"width: 11.4908%; text-align: center;\">135.4mm<\/td>\n<td style=\"width: 10.7503%; text-align: center;\">33.7mm<\/td>\n<td style=\"width: 9.21676%; text-align: center;\">12.9g<\/td>\n<\/tr>\n<\/tbody>\n<\/table>\n<p><img decoding=\"async\" class=\"alignnone wp-image-1666\" src=\"https:\/\/www.cosmepak.com\/wp-content\/uploads\/2025\/04\/8.jpg\" alt=\"PP \u1ed1ng\" width=\"1376\" height=\"1376\" srcset=\"https:\/\/www.cosmepak.com\/wp-content\/uploads\/2025\/04\/8.jpg 1000w, https:\/\/www.cosmepak.com\/wp-content\/uploads\/2025\/04\/8-300x300.jpg 300w, https:\/\/www.cosmepak.com\/wp-content\/uploads\/2025\/04\/8-150x150.jpg 150w, https:\/\/www.cosmepak.com\/wp-content\/uploads\/2025\/04\/8-768x768.jpg 768w, https:\/\/www.cosmepak.com\/wp-content\/uploads\/2025\/04\/8-600x600.jpg 600w, https:\/\/www.cosmepak.com\/wp-content\/uploads\/2025\/04\/8-100x100.jpg 100w\" sizes=\"(max-width: 1376px) 100vw, 1376px\" \/><\/p>\n<p><img decoding=\"async\" class=\"alignnone wp-image-1672\" src=\"https:\/\/www.cosmepak.com\/wp-content\/uploads\/2025\/04\/9-1.jpg\" alt=\"\" width=\"448\" height=\"448\" srcset=\"https:\/\/www.cosmepak.com\/wp-content\/uploads\/2025\/04\/9-1.jpg 790w, https:\/\/www.cosmepak.com\/wp-content\/uploads\/2025\/04\/9-1-300x300.jpg 300w, https:\/\/www.cosmepak.com\/wp-content\/uploads\/2025\/04\/9-1-150x150.jpg 150w, https:\/\/www.cosmepak.com\/wp-content\/uploads\/2025\/04\/9-1-768x768.jpg 768w, https:\/\/www.cosmepak.com\/wp-content\/uploads\/2025\/04\/9-1-600x600.jpg 600w, https:\/\/www.cosmepak.com\/wp-content\/uploads\/2025\/04\/9-1-100x100.jpg 100w\" sizes=\"(max-width: 448px) 100vw, 448px\" \/><img loading=\"lazy\" decoding=\"async\" class=\"alignnone wp-image-1670\" src=\"https:\/\/www.cosmepak.com\/wp-content\/uploads\/2025\/04\/11.jpg\" alt=\"\" width=\"444\" height=\"444\" srcset=\"https:\/\/www.cosmepak.com\/wp-content\/uploads\/2025\/04\/11.jpg 1000w, https:\/\/www.cosmepak.com\/wp-content\/uploads\/2025\/04\/11-300x300.jpg 300w, https:\/\/www.cosmepak.com\/wp-content\/uploads\/2025\/04\/11-150x150.jpg 150w, https:\/\/www.cosmepak.com\/wp-content\/uploads\/2025\/04\/11-768x768.jpg 768w, https:\/\/www.cosmepak.com\/wp-content\/uploads\/2025\/04\/11-600x600.jpg 600w, https:\/\/www.cosmepak.com\/wp-content\/uploads\/2025\/04\/11-100x100.jpg 100w\" sizes=\"(max-width: 444px) 100vw, 444px\" \/>\u00a0<img loading=\"lazy\" decoding=\"async\" class=\"alignnone wp-image-1673\" src=\"https:\/\/www.cosmepak.com\/wp-content\/uploads\/2025\/04\/10.jpg\" alt=\"\" width=\"447\" height=\"447\" srcset=\"https:\/\/www.cosmepak.com\/wp-content\/uploads\/2025\/04\/10.jpg 1000w, https:\/\/www.cosmepak.com\/wp-content\/uploads\/2025\/04\/10-300x300.jpg 300w, https:\/\/www.cosmepak.com\/wp-content\/uploads\/2025\/04\/10-150x150.jpg 150w, https:\/\/www.cosmepak.com\/wp-content\/uploads\/2025\/04\/10-768x768.jpg 768w, https:\/\/www.cosmepak.com\/wp-content\/uploads\/2025\/04\/10-600x600.jpg 600w, https:\/\/www.cosmepak.com\/wp-content\/uploads\/2025\/04\/10-100x100.jpg 100w\" sizes=\"(max-width: 447px) 100vw, 447px\" \/><\/p>\n<p>&nbsp;<\/p>","protected":false},"excerpt":{"rendered":"<p>V\u1eadt li\u1ec7u \u1ed1ng: V\u1eadt li\u1ec7u PP<\/p>\n<p>V\u1eadt li\u1ec7u CAP: V\u1eadt li\u1ec7u PP<\/p>\n<p>Dung l\u01b0\u1ee3ng: 30g<\/p>\n<p>Lo\u1ea1i m\u0169: l\u1eadt n\u1eafp<\/p>\n<p>M\u00e0u s\u1eafc: T\u00f9y ch\u1ec9nh (b\u1ea5t k\u1ef3 m\u00e0u pantone n\u00e0o c\u00f3 s\u1eb5n)<\/p>\n<p>B\u1ec1 m\u1eb7t ho\u00e0n thi\u1ec7n: In m\u00e0n h\u00ecnh, s\u01b0\u01a1ng gi\u00e1, d\u1eadp n\u00f3ng, gradient phun, k\u1ebft th\u00fac m\u1edd, v.v.<\/p>\n<p>MOQ: 5000pcs;<\/p>\n<p>&nbsp;<\/p>","protected":false},"featured_media":1674,"comment_status":"closed","ping_status":"closed","template":"","meta":{"_acf_changed":false},"product_brand":[],"product_cat":[20],"product_tag":[],"class_list":{"0":"post-1669","1":"product","2":"type-product","3":"status-publish","4":"has-post-thumbnail","6":"product_cat-plastic-tube","8":"first","9":"outofstock","10":"shipping-taxable","11":"product-type-simple"},"acf":[],"_links":{"self":[{"href":"https:\/\/www.cosmepak.com\/vi\/wp-json\/wp\/v2\/product\/1669","targetHints":{"allow":["GET"]}}],"collection":[{"href":"https:\/\/www.cosmepak.com\/vi\/wp-json\/wp\/v2\/product"}],"about":[{"href":"https:\/\/www.cosmepak.com\/vi\/wp-json\/wp\/v2\/types\/product"}],"replies":[{"embeddable":true,"href":"https:\/\/www.cosmepak.com\/vi\/wp-json\/wp\/v2\/comments?post=1669"}],"wp:featuredmedia":[{"embeddable":true,"href":"https:\/\/www.cosmepak.com\/vi\/wp-json\/wp\/v2\/media\/1674"}],"wp:attachment":[{"href":"https:\/\/www.cosmepak.com\/vi\/wp-json\/wp\/v2\/media?parent=1669"}],"wp:term":[{"taxonomy":"product_brand","embeddable":true,"href":"https:\/\/www.cosmepak.com\/vi\/wp-json\/wp\/v2\/product_brand?post=1669"},{"taxonomy":"product_cat","embeddable":true,"href":"https:\/\/www.cosmepak.com\/vi\/wp-json\/wp\/v2\/product_cat?post=1669"},{"taxonomy":"product_tag","embeddable":true,"href":"https:\/\/www.cosmepak.com\/vi\/wp-json\/wp\/v2\/product_tag?post=1669"}],"curies":[{"name":"WP","href":"https:\/\/api.w.org\/{rel}","templated":true}]}}