{"id":1677,"date":"2025-04-01T13:37:57","date_gmt":"2025-04-01T05:37:57","guid":{"rendered":"https:\/\/www.cosmepak.com\/?post_type=product&#038;p=1677"},"modified":"2025-11-18T13:12:14","modified_gmt":"2025-11-18T05:12:14","slug":"aluminum-plastic-soft-tube-for-hand-cream","status":"publish","type":"product","link":"https:\/\/www.cosmepak.com\/vi\/product\/aluminum-plastic-soft-tube-for-hand-cream\/","title":{"rendered":"Nh\u00f4m nh\u1ef1a \u1ed1ng m\u1ec1m cho kem tay"},"content":{"rendered":"<table style=\"border-collapse: collapse; width: 100%; height: 144px;\">\n<tbody>\n<tr style=\"height: 24px;\">\n<td style=\"width: 33.3333%; height: 144px;\" rowspan=\"6\"><img fetchpriority=\"high\" decoding=\"async\" class=\"alignnone size-full wp-image-3387\" src=\"https:\/\/www.cosmepak.com\/wp-content\/uploads\/2025\/04\/7-2.jpg\" alt=\"\" width=\"1000\" height=\"1000\" srcset=\"https:\/\/www.cosmepak.com\/wp-content\/uploads\/2025\/04\/7-2.jpg 1000w, https:\/\/www.cosmepak.com\/wp-content\/uploads\/2025\/04\/7-2-300x300.jpg 300w, https:\/\/www.cosmepak.com\/wp-content\/uploads\/2025\/04\/7-2-150x150.jpg 150w, https:\/\/www.cosmepak.com\/wp-content\/uploads\/2025\/04\/7-2-768x768.jpg 768w, https:\/\/www.cosmepak.com\/wp-content\/uploads\/2025\/04\/7-2-12x12.jpg 12w, https:\/\/www.cosmepak.com\/wp-content\/uploads\/2025\/04\/7-2-600x600.jpg 600w, https:\/\/www.cosmepak.com\/wp-content\/uploads\/2025\/04\/7-2-100x100.jpg 100w\" sizes=\"(max-width: 1000px) 100vw, 1000px\" \/><\/td>\n<td style=\"width: 33.122%; height: 24px; text-align: center;\">Th\u01b0\u01a1ng hi\u1ec7u<\/td>\n<td style=\"width: 33.5446%; height: 24px; text-align: center;\">Jaunce<\/td>\n<\/tr>\n<tr style=\"height: 24px;\">\n<td style=\"width: 33.122%; height: 24px; text-align: center;\">Ng\u01b0\u1eddi m\u1eabu<\/td>\n<td style=\"width: 33.5446%; height: 24px; text-align: center;\">S\u1ea3n ph\u1ea9m JH-HX013<\/td>\n<\/tr>\n<tr style=\"height: 24px;\">\n<td style=\"width: 33.122%; height: 24px; text-align: center;\">Kh\u1ea3 n\u0103ng<\/td>\n<td style=\"width: 33.5446%; height: 24px; text-align: center;\">30-50ml<\/td>\n<\/tr>\n<tr style=\"height: 24px;\">\n<td style=\"width: 33.122%; height: 24px; text-align: center;\">M\u00e0u s\u1eafc<\/td>\n<td style=\"width: 33.5446%; height: 24px; text-align: center;\">S\u1ea3n ph\u1ea9m OEM \/ ODM<\/td>\n<\/tr>\n<tr style=\"height: 24px;\">\n<td style=\"width: 33.122%; height: 24px; text-align: center;\">V\u1eadt li\u1ec7u n\u1eafp<\/td>\n<td style=\"width: 33.5446%; height: 24px; text-align: center;\">Pp<\/td>\n<\/tr>\n<tr style=\"height: 24px;\">\n<td style=\"width: 33.122%; height: 24px; text-align: center;\">V\u1eadt li\u1ec7u \u1ed1ng<\/td>\n<td style=\"width: 33.5446%; height: 24px; text-align: center;\">Nh\u00f4m nh\u1ef1a<\/td>\n<\/tr>\n<\/tbody>\n<\/table>\n<p>\u1ed1ng n\u00e0y \u0111\u01b0\u1ee3c thi\u1ebft k\u1ebf \u0111\u1eb7c bi\u1ec7t cho m\u1ed9t kem tay 30ml. V\u1ec1 k\u00edch th\u01b0\u1edbc, n\u00f3 t\u00ednh \u0111\u1ebfn c\u1ea3 t\u00ednh th\u1ef1c t\u1ebf v\u00e0 kh\u1ea3 n\u0103ng di \u0111\u1ed9ng: chi\u1ec1u cao c\u1ee7a \u1ed1ng l\u00e0 95mm v\u00e0 \u0111\u01b0\u1eddng k\u00ednh l\u00e0 30mm. H\u00ecnh d\u1ea1ng t\u1ed5ng th\u1ec3 l\u00e0 m\u1ecfng v\u00e0 nh\u1ecf g\u1ecdn. Cho d\u00f9 n\u00f3 \u0111\u01b0\u1ee3c \u0111\u1eb7t trong t\u00fai x\u00e1ch, t\u00fai trang \u0111i\u1ec3m, ho\u1eb7c mang theo trong t\u00fai, n\u00f3 s\u1ebd kh\u00f4ng chi\u1ebfm qu\u00e1 nhi\u1ec1u kh\u00f4ng gian. N\u00f3 c\u00f3 th\u1ec3 \u0111\u00e1p \u1ee9ng nhu c\u1ea7u s\u1eed d\u1ee5ng c\u1ee7a ng\u01b0\u1eddi ti\u00eau d\u00f9ng trong c\u00e1c k\u1ecbch b\u1ea3n kh\u00e1c nhau nh\u01b0 \u1edf nh\u00e0, \u0111i l\u1ea1i v\u00e0 \u0111i du l\u1ecbch, cho ph\u00e9p h\u1ecd t\u1eadn h\u01b0\u1edfng ch\u0103m s\u00f3c tay b\u1ea5t c\u1ee9 l\u00fac n\u00e0o v\u00e0 b\u1ea5t c\u1ee9 n\u01a1i n\u00e0o.<\/p>\n<p>\u1ed1ng \u00e1p d\u1ee5ng m\u1ed9t thi\u1ebft k\u1ebf ni\u00eam phong n\u1eafp ren. So v\u1edbi n\u1eafp th\u1eb3ng th\u00f4ng th\u01b0\u1eddng, ph\u00f9 h\u1ee3p ren ch\u1eb7t ch\u1ebd h\u01a1n, c\u00f3 th\u1ec3 t\u0103ng hi\u1ec7u qu\u1ea3 hi\u1ec7u su\u1ea5t ni\u00eam phong c\u1ee7a bao b\u00ec. Thi\u1ebft k\u1ebf n\u00e0y c\u00f3 th\u1ec3 gi\u1ea3m thi\u1ec3u s\u1ef1 ti\u1ebfp x\u00fac gi\u1eefa kem tay v\u00e0 kh\u00f4ng kh\u00ed, tr\u00ec ho\u00e3n s\u1ef1 oxy h\u00f3a v\u00e0 suy tho\u00e1i c\u1ee7a kem, v\u00e0 tr\u00e1nh v\u1ea5n \u0111\u1ec1 r\u00f2 r\u1ec9 do ni\u00eam phong k\u00e9m. Ngay c\u1ea3 khi n\u00f3 \u0111\u01b0\u1ee3c \u0111\u1eb7t trong ba l\u00f4 v\u00e0 tr\u1ed9n v\u1edbi c\u00e1c v\u1eadt ph\u1ea9m kh\u00e1c, kh\u00f4ng c\u1ea7n ph\u1ea3i lo l\u1eafng v\u1ec1 \u00f4 nhi\u1ec5m r\u00f2 r\u1ec9. N\u00f3 cung c\u1ea5p m\u1ed9t \u0111\u1ea3m b\u1ea3o v\u1eefng ch\u1eafc cho ch\u1ea5t l\u01b0\u1ee3ng s\u1ea3n ph\u1ea9m.<\/p>\n<p>Ph\u1ea7n d\u01b0\u1edbi l\u00e0 m\u1ed9t n\u1eafp v\u00edt \u0111en, l\u00e0m b\u1eb1ng v\u1eadt li\u1ec7u d\u00e0y. K\u1ebft n\u1ed1i gi\u1eefa n\u1eafp v\u00edt v\u00e0 th\u00e2n \u1ed1ng l\u00e0 m\u00e0u tr\u1eafng. C\u1ea5u tr\u00fac t\u1ed5ng th\u1ec3 r\u1ea5t \u0111\u01a1n gi\u1ea3n. Thi\u1ebft k\u1ebf \u0111\u00f9n l\u00e0 m\u1ed9t v\u00f2i phun l\u1ed7 tr\u00f2n, thu\u1eadn ti\u1ec7n \u0111\u1ec3 ki\u1ec3m so\u00e1t li\u1ec1u l\u01b0\u1ee3ng v\u00e0 \u00edt kh\u1ea3 n\u0103ng tr\u00e0n. Th\u00e2n \u1ed1ng c\u00f3 th\u1ec3 \u0111\u01b0\u1ee3c \u00e9p nhi\u1ec1u l\u1ea7n \u0111\u1ec3 s\u1eed d\u1ee5ng, c\u00e2n b\u1eb1ng t\u00ednh th\u1ef1c t\u1ebf v\u00e0 th\u1ea9m m\u1ef9.<\/p>\n<p>C\u01a1 th\u1ec3 c\u1ee7a \u1ed1ng \u0111\u01b0\u1ee3c in v\u1edbi m\u1ed9t minh h\u1ecda theo phong c\u00e1ch ngh\u1ec7 thu\u1eadt c\u1ee7a m\u1ed9t ng\u01b0\u1eddi ph\u1ee5 n\u1eef. Trong h\u00ecnh \u1ea3nh, ng\u01b0\u1eddi ph\u1ee5 n\u1eef c\u00f3 t\u00f3c d\u00e0i v\u00e0 \u0111\u01b0\u1ee3c trang tr\u00ed v\u1edbi c\u00e1c ph\u1ee5 ki\u1ec7n t\u00f3c kh\u00e1c nhau. Qu\u1ea7n \u00e1o \u0111\u1ea7y m\u00e0u s\u1eafc v\u00e0 c\u00f3 m\u1eabu.<br \/>\nHello Angel (Vibrant Orange): \u0110\u1ea7y n\u0103ng l\u01b0\u1ee3ng, gi\u1ed1ng nh\u01b0 m\u1ed9t c\u00f4 g\u00e1i n\u0103ng l\u01b0\u1ee3ng th\u1ee9c d\u1eady v\u00e0o bu\u1ed5i s\u00e1ng, n\u00f3 s\u1ebd thi\u1ebft l\u1eadp cho b\u1ea1n m\u1ed9t ng\u00e0y s\u00f4i \u0111\u1ed9ng;<br \/>\nT\u00ecnh y\u00eau l\u00e3ng m\u1ea1n (m\u00e0u t\u00edm l\u00e3ng m\u1ea1n): V\u1edbi m\u00e0u t\u00edm m\u1ea1nh m\u1ebd, n\u00f3 d\u01b0\u1eddng nh\u01b0 bao g\u1ed3m t\u1ea5t c\u1ea3 c\u00e1c y\u1ebfu t\u1ed1 l\u00e3ng m\u1ea1n c\u1ee7a phong c\u00e1ch Ph\u00e1p;<br \/>\nMarry Me (Fresh Blue): V\u1edbi m\u1ed9t b\u1ea3ng m\u00e0u nh\u1eb9 nh\u00e0ng v\u00e0 m\u1ec1m m\u1ea1i, n\u00f3 c\u00f3 c\u1ea3m gi\u00e1c ng\u1ecdt ng\u00e0o nh\u01b0 hoa anh \u0111\u00e0o m\u00f9a xu\u00e2n, l\u00e0 c\u1ea3 an \u1ee7i v\u00e0 nh\u1eb9 nh\u00e0ng;<br \/>\nDark Rose (Mysterious Black): V\u1edbi m\u00e0u \u0111en b\u00ed \u1ea9n v\u00e0 phong c\u00e1ch retro, n\u00f3 mi\u00eau t\u1ea3 m\u1ed9t quy\u1ebfn r\u0169 tr\u01b0\u1edfng th\u00e0nh l\u1ea1nh v\u00e0 thanh l\u1ecbch.<br \/>\nB\u1ea5t k\u1ec3 n\u00f3 \u0111\u01b0\u1ee3c \u0111\u1eb7t \u1edf \u0111\u00e2u &#8211; trong t\u00fai ho\u1eb7c tr\u00ean b\u00e0n \u0103n m\u1eb7c &#8211; \u0110\u00f3 l\u00e0 m\u1ed9t ph\u1ee5 ki\u1ec7n th\u1eddi trang \u0111\u01b0\u1ee3c nh\u1eadn ra cao.<\/p>\n<p><img decoding=\"async\" class=\"size-full wp-image-3388 aligncenter\" src=\"https:\/\/www.cosmepak.com\/wp-content\/uploads\/2025\/04\/\u8be6\u60c5-10.jpg\" alt=\"\" width=\"1000\" height=\"1000\" srcset=\"https:\/\/www.cosmepak.com\/wp-content\/uploads\/2025\/04\/\u8be6\u60c5-10.jpg 1000w, https:\/\/www.cosmepak.com\/wp-content\/uploads\/2025\/04\/\u8be6\u60c5-10-300x300.jpg 300w, https:\/\/www.cosmepak.com\/wp-content\/uploads\/2025\/04\/\u8be6\u60c5-10-150x150.jpg 150w, https:\/\/www.cosmepak.com\/wp-content\/uploads\/2025\/04\/\u8be6\u60c5-10-768x768.jpg 768w, https:\/\/www.cosmepak.com\/wp-content\/uploads\/2025\/04\/\u8be6\u60c5-10-12x12.jpg 12w, https:\/\/www.cosmepak.com\/wp-content\/uploads\/2025\/04\/\u8be6\u60c5-10-600x600.jpg 600w, https:\/\/www.cosmepak.com\/wp-content\/uploads\/2025\/04\/\u8be6\u60c5-10-100x100.jpg 100w\" sizes=\"(max-width: 1000px) 100vw, 1000px\" \/><\/p>\n<table style=\"border-collapse: collapse; width: 100%;\">\n<tbody>\n<tr>\n<td style=\"width: 25%;\"><img decoding=\"async\" class=\"alignnone size-full wp-image-3389\" src=\"https:\/\/www.cosmepak.com\/wp-content\/uploads\/2025\/04\/\u8be6\u60c5-11.jpg\" alt=\"\" width=\"1000\" height=\"1000\" srcset=\"https:\/\/www.cosmepak.com\/wp-content\/uploads\/2025\/04\/\u8be6\u60c5-11.jpg 1000w, https:\/\/www.cosmepak.com\/wp-content\/uploads\/2025\/04\/\u8be6\u60c5-11-300x300.jpg 300w, https:\/\/www.cosmepak.com\/wp-content\/uploads\/2025\/04\/\u8be6\u60c5-11-150x150.jpg 150w, https:\/\/www.cosmepak.com\/wp-content\/uploads\/2025\/04\/\u8be6\u60c5-11-768x768.jpg 768w, https:\/\/www.cosmepak.com\/wp-content\/uploads\/2025\/04\/\u8be6\u60c5-11-12x12.jpg 12w, https:\/\/www.cosmepak.com\/wp-content\/uploads\/2025\/04\/\u8be6\u60c5-11-600x600.jpg 600w, https:\/\/www.cosmepak.com\/wp-content\/uploads\/2025\/04\/\u8be6\u60c5-11-100x100.jpg 100w\" sizes=\"(max-width: 1000px) 100vw, 1000px\" \/><\/td>\n<td style=\"width: 25%;\"><img loading=\"lazy\" decoding=\"async\" class=\"alignnone size-full wp-image-3390\" src=\"https:\/\/www.cosmepak.com\/wp-content\/uploads\/2025\/04\/\u8be6\u60c5-12.jpg\" alt=\"\" width=\"1000\" height=\"1000\" srcset=\"https:\/\/www.cosmepak.com\/wp-content\/uploads\/2025\/04\/\u8be6\u60c5-12.jpg 1000w, https:\/\/www.cosmepak.com\/wp-content\/uploads\/2025\/04\/\u8be6\u60c5-12-300x300.jpg 300w, https:\/\/www.cosmepak.com\/wp-content\/uploads\/2025\/04\/\u8be6\u60c5-12-150x150.jpg 150w, https:\/\/www.cosmepak.com\/wp-content\/uploads\/2025\/04\/\u8be6\u60c5-12-768x768.jpg 768w, https:\/\/www.cosmepak.com\/wp-content\/uploads\/2025\/04\/\u8be6\u60c5-12-12x12.jpg 12w, https:\/\/www.cosmepak.com\/wp-content\/uploads\/2025\/04\/\u8be6\u60c5-12-600x600.jpg 600w, https:\/\/www.cosmepak.com\/wp-content\/uploads\/2025\/04\/\u8be6\u60c5-12-100x100.jpg 100w\" sizes=\"(max-width: 1000px) 100vw, 1000px\" \/><\/td>\n<td style=\"width: 25%;\"><img loading=\"lazy\" decoding=\"async\" class=\"alignnone size-full wp-image-3392\" src=\"https:\/\/www.cosmepak.com\/wp-content\/uploads\/2025\/04\/\u8be6\u60c5-14.jpg\" alt=\"\" width=\"1000\" height=\"1000\" srcset=\"https:\/\/www.cosmepak.com\/wp-content\/uploads\/2025\/04\/\u8be6\u60c5-14.jpg 1000w, https:\/\/www.cosmepak.com\/wp-content\/uploads\/2025\/04\/\u8be6\u60c5-14-300x300.jpg 300w, https:\/\/www.cosmepak.com\/wp-content\/uploads\/2025\/04\/\u8be6\u60c5-14-150x150.jpg 150w, https:\/\/www.cosmepak.com\/wp-content\/uploads\/2025\/04\/\u8be6\u60c5-14-768x768.jpg 768w, https:\/\/www.cosmepak.com\/wp-content\/uploads\/2025\/04\/\u8be6\u60c5-14-12x12.jpg 12w, https:\/\/www.cosmepak.com\/wp-content\/uploads\/2025\/04\/\u8be6\u60c5-14-600x600.jpg 600w, https:\/\/www.cosmepak.com\/wp-content\/uploads\/2025\/04\/\u8be6\u60c5-14-100x100.jpg 100w\" sizes=\"(max-width: 1000px) 100vw, 1000px\" \/><\/td>\n<td style=\"width: 25%;\"><img loading=\"lazy\" decoding=\"async\" class=\"alignnone size-full wp-image-3391\" src=\"https:\/\/www.cosmepak.com\/wp-content\/uploads\/2025\/04\/\u8be6\u60c5-13-1.jpg\" alt=\"\" width=\"1000\" height=\"1000\" srcset=\"https:\/\/www.cosmepak.com\/wp-content\/uploads\/2025\/04\/\u8be6\u60c5-13-1.jpg 1000w, https:\/\/www.cosmepak.com\/wp-content\/uploads\/2025\/04\/\u8be6\u60c5-13-1-300x300.jpg 300w, https:\/\/www.cosmepak.com\/wp-content\/uploads\/2025\/04\/\u8be6\u60c5-13-1-150x150.jpg 150w, https:\/\/www.cosmepak.com\/wp-content\/uploads\/2025\/04\/\u8be6\u60c5-13-1-768x768.jpg 768w, https:\/\/www.cosmepak.com\/wp-content\/uploads\/2025\/04\/\u8be6\u60c5-13-1-12x12.jpg 12w, https:\/\/www.cosmepak.com\/wp-content\/uploads\/2025\/04\/\u8be6\u60c5-13-1-600x600.jpg 600w, https:\/\/www.cosmepak.com\/wp-content\/uploads\/2025\/04\/\u8be6\u60c5-13-1-100x100.jpg 100w\" sizes=\"(max-width: 1000px) 100vw, 1000px\" \/><\/td>\n<\/tr>\n<\/tbody>\n<\/table>\n<table style=\"border-collapse: collapse; width: 100%;\">\n<tbody>\n<tr>\n<td style=\"width: 33.3333%;\"><img loading=\"lazy\" decoding=\"async\" class=\"alignnone size-full wp-image-3393\" src=\"https:\/\/www.cosmepak.com\/wp-content\/uploads\/2025\/04\/4-6.jpg\" alt=\"\" width=\"1000\" height=\"1000\" srcset=\"https:\/\/www.cosmepak.com\/wp-content\/uploads\/2025\/04\/4-6.jpg 1000w, https:\/\/www.cosmepak.com\/wp-content\/uploads\/2025\/04\/4-6-300x300.jpg 300w, https:\/\/www.cosmepak.com\/wp-content\/uploads\/2025\/04\/4-6-150x150.jpg 150w, https:\/\/www.cosmepak.com\/wp-content\/uploads\/2025\/04\/4-6-768x768.jpg 768w, https:\/\/www.cosmepak.com\/wp-content\/uploads\/2025\/04\/4-6-12x12.jpg 12w, https:\/\/www.cosmepak.com\/wp-content\/uploads\/2025\/04\/4-6-600x600.jpg 600w, https:\/\/www.cosmepak.com\/wp-content\/uploads\/2025\/04\/4-6-100x100.jpg 100w\" sizes=\"(max-width: 1000px) 100vw, 1000px\" \/><\/td>\n<td style=\"width: 33.3333%;\"><img loading=\"lazy\" decoding=\"async\" class=\"alignnone size-full wp-image-3394\" src=\"https:\/\/www.cosmepak.com\/wp-content\/uploads\/2025\/04\/5-3.jpg\" alt=\"\" width=\"1000\" height=\"1000\" srcset=\"https:\/\/www.cosmepak.com\/wp-content\/uploads\/2025\/04\/5-3.jpg 1000w, https:\/\/www.cosmepak.com\/wp-content\/uploads\/2025\/04\/5-3-300x300.jpg 300w, https:\/\/www.cosmepak.com\/wp-content\/uploads\/2025\/04\/5-3-150x150.jpg 150w, https:\/\/www.cosmepak.com\/wp-content\/uploads\/2025\/04\/5-3-768x768.jpg 768w, https:\/\/www.cosmepak.com\/wp-content\/uploads\/2025\/04\/5-3-12x12.jpg 12w, https:\/\/www.cosmepak.com\/wp-content\/uploads\/2025\/04\/5-3-600x600.jpg 600w, https:\/\/www.cosmepak.com\/wp-content\/uploads\/2025\/04\/5-3-100x100.jpg 100w\" sizes=\"(max-width: 1000px) 100vw, 1000px\" \/><\/td>\n<td style=\"width: 33.3333%;\"><img loading=\"lazy\" decoding=\"async\" class=\"alignnone size-full wp-image-3395\" src=\"https:\/\/www.cosmepak.com\/wp-content\/uploads\/2025\/04\/6-3.jpg\" alt=\"\" width=\"1000\" height=\"1000\" srcset=\"https:\/\/www.cosmepak.com\/wp-content\/uploads\/2025\/04\/6-3.jpg 1000w, https:\/\/www.cosmepak.com\/wp-content\/uploads\/2025\/04\/6-3-300x300.jpg 300w, https:\/\/www.cosmepak.com\/wp-content\/uploads\/2025\/04\/6-3-150x150.jpg 150w, https:\/\/www.cosmepak.com\/wp-content\/uploads\/2025\/04\/6-3-768x768.jpg 768w, https:\/\/www.cosmepak.com\/wp-content\/uploads\/2025\/04\/6-3-12x12.jpg 12w, https:\/\/www.cosmepak.com\/wp-content\/uploads\/2025\/04\/6-3-600x600.jpg 600w, https:\/\/www.cosmepak.com\/wp-content\/uploads\/2025\/04\/6-3-100x100.jpg 100w\" sizes=\"(max-width: 1000px) 100vw, 1000px\" \/><\/td>\n<\/tr>\n<\/tbody>\n<\/table>\n<p>&nbsp;<\/p>","protected":false},"excerpt":{"rendered":"<p>V\u1eadt li\u1ec7u \u1ed1ng: V\u1eadt li\u1ec7u PP<\/p>\n<p>V\u1eadt li\u1ec7u CAP: V\u1eadt li\u1ec7u PP<\/p>\n<p>Dung l\u01b0\u1ee3ng: 50g<\/p>\n<p>M\u00e0u s\u1eafc: T\u00f9y ch\u1ec9nh (b\u1ea5t k\u1ef3 m\u00e0u pantone n\u00e0o c\u00f3 s\u1eb5n)<\/p>\n<p>B\u1ec1 m\u1eb7t ho\u00e0n thi\u1ec7n: In m\u00e0n h\u00ecnh, s\u01b0\u01a1ng gi\u00e1, d\u1eadp n\u00f3ng, gradient phun, k\u1ebft th\u00fac m\u1edd, v.v.<\/p>\n<p>MOQ: 5000pcs;<\/p>\n<p>&nbsp;<\/p>","protected":false},"featured_media":3396,"comment_status":"open","ping_status":"closed","template":"","meta":{"_acf_changed":false},"product_brand":[],"product_cat":[20],"product_tag":[],"class_list":{"0":"post-1677","1":"product","2":"type-product","3":"status-publish","4":"has-post-thumbnail","6":"product_cat-plastic-tube","8":"first","9":"outofstock","10":"shipping-taxable","11":"product-type-simple"},"acf":[],"_links":{"self":[{"href":"https:\/\/www.cosmepak.com\/vi\/wp-json\/wp\/v2\/product\/1677","targetHints":{"allow":["GET"]}}],"collection":[{"href":"https:\/\/www.cosmepak.com\/vi\/wp-json\/wp\/v2\/product"}],"about":[{"href":"https:\/\/www.cosmepak.com\/vi\/wp-json\/wp\/v2\/types\/product"}],"replies":[{"embeddable":true,"href":"https:\/\/www.cosmepak.com\/vi\/wp-json\/wp\/v2\/comments?post=1677"}],"wp:featuredmedia":[{"embeddable":true,"href":"https:\/\/www.cosmepak.com\/vi\/wp-json\/wp\/v2\/media\/3396"}],"wp:attachment":[{"href":"https:\/\/www.cosmepak.com\/vi\/wp-json\/wp\/v2\/media?parent=1677"}],"wp:term":[{"taxonomy":"product_brand","embeddable":true,"href":"https:\/\/www.cosmepak.com\/vi\/wp-json\/wp\/v2\/product_brand?post=1677"},{"taxonomy":"product_cat","embeddable":true,"href":"https:\/\/www.cosmepak.com\/vi\/wp-json\/wp\/v2\/product_cat?post=1677"},{"taxonomy":"product_tag","embeddable":true,"href":"https:\/\/www.cosmepak.com\/vi\/wp-json\/wp\/v2\/product_tag?post=1677"}],"curies":[{"name":"WP","href":"https:\/\/api.w.org\/{rel}","templated":true}]}}