{"id":1694,"date":"2025-04-01T15:35:46","date_gmt":"2025-04-01T07:35:46","guid":{"rendered":"https:\/\/www.cosmepak.com\/?post_type=product&#038;p=1694"},"modified":"2026-04-22T13:38:21","modified_gmt":"2026-04-22T05:38:21","slug":"10ml-bong-chai-lan-chai-thuy-tinh-chai-tinh-dau-chai-vang","status":"publish","type":"product","link":"https:\/\/www.cosmepak.com\/vi\/product\/10ml-ball-bottle-rolling-bottle-glass-bottles-essential-oil-bottles-jaunce\/","title":{"rendered":"Chai b\u00f3ng 10ml Chai l\u0103n Chai th\u1ee7y tinh Chai tinh d\u1ea7u \/ Jaunce"},"content":{"rendered":"<table style=\"border-collapse: collapse; width: 100%; height: 242px;\">\n<tbody>\n<tr style=\"height: 24px;\">\n<td style=\"width: 52.222%; height: 24px; text-align: center;\">Th\u01b0\u01a1ng hi\u1ec7u<\/td>\n<td style=\"width: 47.778%; height: 24px; text-align: center;\">\u00a0Jaunce<\/td>\n<\/tr>\n<tr style=\"height: 24px;\">\n<td style=\"width: 52.222%; height: 24px; text-align: center;\">Dung t\u00edch<\/td>\n<td style=\"width: 47.778%; height: 24px; text-align: center;\">5 ml \/ 10 ml<\/td>\n<\/tr>\n<tr style=\"height: 24px;\">\n<td style=\"width: 52.222%; height: 24px; text-align: center;\">H\u00ecnh d\u1ea1ng<\/td>\n<td style=\"width: 47.778%; height: 24px; text-align: center;\">Tr\u00f2n<\/td>\n<\/tr>\n<tr style=\"height: 24px;\">\n<td style=\"width: 52.222%; height: 24px; text-align: center;\">V\u1eadt li\u1ec7u<\/td>\n<td style=\"width: 47.778%; height: 24px; text-align: center;\">Th\u1ee7y tinh \/ PP<\/td>\n<\/tr>\n<tr style=\"height: 24px;\">\n<td style=\"width: 52.222%; height: 26px; text-align: center;\">C\u00e2n n\u1eb7ng<\/td>\n<td style=\"width: 47.778%; height: 26px; text-align: center;\">9.1g\/30.4g<\/td>\n<\/tr>\n<tr style=\"height: 24px;\">\n<td style=\"width: 52.222%; height: 24px; text-align: center;\">Ph\u00f9 h\u1ee3p<\/td>\n<td style=\"width: 47.778%; height: 24px; text-align: center;\">Thu\u1ed1c nh\u1ecf gi\u1ecdt<\/td>\n<\/tr>\n<tr style=\"height: 24px;\">\n<td style=\"width: 52.222%; height: 24px; text-align: center;\">Ng\u01b0\u1eddi m\u1eabu<\/td>\n<td style=\"width: 47.778%; height: 24px; text-align: center;\">JH-LWM04<\/td>\n<\/tr>\n<tr style=\"height: 24px;\">\n<td style=\"width: 52.222%; height: 24px; text-align: center;\">S\u1ea3n ph\u1ea9m OEM \/ ODM<\/td>\n<td style=\"width: 47.778%; height: 24px; text-align: center;\">Ch\u1ea5p nh\u1eadn<\/td>\n<\/tr>\n<tr style=\"height: 24px;\">\n<td style=\"width: 52.222%; height: 24px; text-align: center;\">M\u00e0u s\u1eafc<\/td>\n<td style=\"width: 47.778%; height: 24px; text-align: center;\">Xanh \/ N\u00e2u<\/td>\n<\/tr>\n<tr style=\"height: 24px;\">\n<td style=\"width: 52.222%; height: 24px; text-align: center;\">MOQ<\/td>\n<td style=\"width: 47.778%; height: 24px; text-align: center;\">Chung 5000pcs;<\/td>\n<\/tr>\n<\/tbody>\n<\/table>\n<p><img fetchpriority=\"high\" decoding=\"async\" class=\"alignnone wp-image-1697\" src=\"https:\/\/www.cosmepak.com\/wp-content\/uploads\/2025\/04\/4-1.jpg\" alt=\"chai con l\u0103n\" width=\"1377\" height=\"1377\" srcset=\"https:\/\/www.cosmepak.com\/wp-content\/uploads\/2025\/04\/4-1.jpg 1000w, https:\/\/www.cosmepak.com\/wp-content\/uploads\/2025\/04\/4-1-300x300.jpg 300w, https:\/\/www.cosmepak.com\/wp-content\/uploads\/2025\/04\/4-1-150x150.jpg 150w, https:\/\/www.cosmepak.com\/wp-content\/uploads\/2025\/04\/4-1-768x768.jpg 768w, https:\/\/www.cosmepak.com\/wp-content\/uploads\/2025\/04\/4-1-600x600.jpg 600w, https:\/\/www.cosmepak.com\/wp-content\/uploads\/2025\/04\/4-1-100x100.jpg 100w\" sizes=\"(max-width: 1377px) 100vw, 1377px\" \/><\/p>\n<table style=\"border-collapse: collapse; width: 100%;\">\n<tbody>\n<tr>\n<td style=\"width: 16.6667%; text-align: center;\">Dung t\u00edch<\/td>\n<td style=\"width: 16.6667%; text-align: center;\">T\u1ed5ng chi\u1ec1u cao<\/td>\n<td style=\"width: 16.6667%; text-align: center;\">Chai chi\u1ec1u cao<\/td>\n<td style=\"width: 16.6667%; text-align: center;\">Chi\u1ec1u cao c\u00f3 th\u1ec3 in<\/td>\n<td style=\"width: 16.6667%; text-align: center;\">Dia<\/td>\n<td style=\"width: 16.6667%; text-align: center;\">C\u00e2n n\u1eb7ng<\/td>\n<\/tr>\n<tr>\n<td style=\"width: 16.6667%; text-align: center;\">5ml<\/td>\n<td style=\"width: 16.6667%; text-align: center;\">58mm<\/td>\n<td style=\"width: 16.6667%; text-align: center;\">50mm<\/td>\n<td style=\"width: 16.6667%; text-align: center;\">35mm<\/td>\n<td style=\"width: 16.6667%; text-align: center;\">14mm<\/td>\n<td style=\"width: 16.6667%; text-align: center;\">9.1g<\/td>\n<\/tr>\n<tr>\n<td style=\"width: 16.6667%; text-align: center;\">10ml<\/td>\n<td style=\"width: 16.6667%; text-align: center;\">85mm<\/td>\n<td style=\"width: 16.6667%; text-align: center;\">72mm<\/td>\n<td style=\"width: 16.6667%; text-align: center;\">50mm<\/td>\n<td style=\"width: 16.6667%; text-align: center;\">19mm<\/td>\n<td style=\"width: 16.6667%; text-align: center;\">30.4g<\/td>\n<\/tr>\n<\/tbody>\n<\/table>\n<p>This is a dispensing bottle specially designed for essential oils. We have equipped this bottle with two different capacities to meet various needs. The two classic colors of amber and blue for the essential oil bottles can effectively block light, preventing the oil from oxidizing and extending the product&#8217;s shelf life. At the same time, they can also preserve the active ingredients of the product.<br \/>\nThe 5ml and 10ml capacities can well meet daily needs whether for travel carry or retail packaging.<\/p>\n<p>Of course, we can also customize personalized services for your exclusive brand. As long as you provide the Pantone color code, we can spray the bottle according to your specific requirements. It is also possible to customize exclusive logo printing on the bottle body, etc.<\/p>\n<p>As long as the minimum order quantity is met, we can also provide labeling services and customize the paper box packaging. We offer a one-stop cosmetic packaging solution. We are willing to work with you to create a brand-specific packaging for you.<\/p>\n<p>V\u1ecf b\u00ean ngo\u00e0i l\u00e0m b\u1eb1ng PP \u0111\u01b0\u1ee3c trang b\u1ecb ch\u00e8n v\u00f2ng bi t\u00edch h\u1ee3p. PP \u0111\u00e1p \u1ee9ng c\u00e1c ti\u00eau chu\u1ea9n c\u1ea5p ti\u1ebfp x\u00fac th\u1ef1c ph\u1ea9m v\u00e0 an to\u00e0n v\u00e0 kh\u00f4ng \u0111\u1ed9c h\u1ea1i.<\/p>\n<p>K\u1ebft n\u1ed1i gi\u1eefa qu\u1ea3 b\u00f3ng v\u00e0 th\u00e2n chai \u00e1p d\u1ee5ng thi\u1ebft k\u1ebf ch\u1ee5p m\u00f9a xu\u00e2n ch\u00ednh x\u00e1c, v\u1edbi kho\u1ea3ng c\u00e1ch \u0111\u01b0\u1ee3c ki\u1ec3m so\u00e1t trong v\u00f2ng 0,1-0,3mm. \u0110i\u1ec1u n\u00e0y kh\u00f4ng ch\u1ec9 \u0111\u1ea3m b\u1ea3o s\u1ef1 linh ho\u1ea1t c\u1ee7a vi\u1ec7c l\u0103n m\u00e0 c\u00f2n ng\u0103n ch\u1eb7n r\u00f2 r\u1ec9 ch\u1ea5t l\u1ecfng.<\/p>\n<p>\u0110\u1ed9 th\u00f4 b\u1ec1 m\u1eb7t c\u1ee7a qu\u1ea3 b\u00f3ng Ra l\u00e0 \u2264 0,8\u03bcm. K\u1ebft h\u1ee3p v\u1edbi thi\u1ebft k\u1ebf g\u00f3c nghi\u00eang 30 \u00b0, n\u00f3 ph\u00f9 h\u1ee3p v\u1edbi \u0111\u01b0\u1eddng cong m\u1eb7t v\u00e0 t\u0103ng hi\u1ec7u qu\u1ea3 h\u1ea5p th\u1ee5 c\u1ee7a b\u1ea3n ch\u1ea5t l\u00ean 30%.<\/p>\n<p>Serum tr\u1ebb h\u00f3a, kem m\u1eaft, ampoules v\u00e0 c\u00e1c s\u1ea3n ph\u1ea9m ch\u0103m s\u00f3c da kh\u00e1c \u0111\u01b0\u1ee3c xoa b\u00f3p v\u1edbi con l\u0103n \u0111\u1ec3 t\u0103ng c\u01b0\u1eddng s\u1ef1 h\u1ea5p th\u1ee5 v\u00e0 ng\u0103n ng\u1eeba \u00f4 nhi\u1ec5m t\u1eeb ng\u00f3n tay.<\/p>\n<p>C\u00e1c m\u1eabu kem ch\u1ed1ng n\u1eafng v\u00e0 kem BB \u0111\u01b0\u1ee3c \u0111\u00f3ng g\u00f3i ri\u00eang bi\u1ec7t \u0111\u1ec3 di \u0111\u1ed9ng v\u00e0 gi\u1ea3m s\u1ef1 ph\u00e1t tri\u1ec3n c\u1ee7a vi khu\u1ea9n do ti\u1ebfp x\u00fac tr\u1ef1c ti\u1ebfp v\u1edbi tay.<\/p>\n<p><img decoding=\"async\" class=\"alignnone wp-image-1696\" src=\"https:\/\/www.cosmepak.com\/wp-content\/uploads\/2025\/04\/8-1.jpg\" alt=\"chai con l\u0103n\" width=\"1374\" height=\"1374\" srcset=\"https:\/\/www.cosmepak.com\/wp-content\/uploads\/2025\/04\/8-1.jpg 1000w, https:\/\/www.cosmepak.com\/wp-content\/uploads\/2025\/04\/8-1-300x300.jpg 300w, https:\/\/www.cosmepak.com\/wp-content\/uploads\/2025\/04\/8-1-150x150.jpg 150w, https:\/\/www.cosmepak.com\/wp-content\/uploads\/2025\/04\/8-1-768x768.jpg 768w, https:\/\/www.cosmepak.com\/wp-content\/uploads\/2025\/04\/8-1-600x600.jpg 600w, https:\/\/www.cosmepak.com\/wp-content\/uploads\/2025\/04\/8-1-100x100.jpg 100w\" sizes=\"(max-width: 1374px) 100vw, 1374px\" \/><\/p>\n<table style=\"border-collapse: collapse; width: 100%;\">\n<tbody>\n<tr>\n<td style=\"width: 33.3333%;\"><img decoding=\"async\" class=\"alignnone size-full wp-image-3421\" src=\"https:\/\/www.cosmepak.com\/wp-content\/uploads\/2025\/04\/7-5.jpg\" alt=\"\" width=\"1000\" height=\"1000\" srcset=\"https:\/\/www.cosmepak.com\/wp-content\/uploads\/2025\/04\/7-5.jpg 1000w, https:\/\/www.cosmepak.com\/wp-content\/uploads\/2025\/04\/7-5-300x300.jpg 300w, https:\/\/www.cosmepak.com\/wp-content\/uploads\/2025\/04\/7-5-150x150.jpg 150w, https:\/\/www.cosmepak.com\/wp-content\/uploads\/2025\/04\/7-5-768x768.jpg 768w, https:\/\/www.cosmepak.com\/wp-content\/uploads\/2025\/04\/7-5-12x12.jpg 12w, https:\/\/www.cosmepak.com\/wp-content\/uploads\/2025\/04\/7-5-600x600.jpg 600w, https:\/\/www.cosmepak.com\/wp-content\/uploads\/2025\/04\/7-5-100x100.jpg 100w\" sizes=\"(max-width: 1000px) 100vw, 1000px\" \/><\/td>\n<td style=\"width: 33.3333%;\"><img loading=\"lazy\" decoding=\"async\" class=\"alignnone size-full wp-image-3422\" src=\"https:\/\/www.cosmepak.com\/wp-content\/uploads\/2025\/04\/5-5.jpg\" alt=\"\" width=\"1000\" height=\"1000\" srcset=\"https:\/\/www.cosmepak.com\/wp-content\/uploads\/2025\/04\/5-5.jpg 1000w, https:\/\/www.cosmepak.com\/wp-content\/uploads\/2025\/04\/5-5-300x300.jpg 300w, https:\/\/www.cosmepak.com\/wp-content\/uploads\/2025\/04\/5-5-150x150.jpg 150w, https:\/\/www.cosmepak.com\/wp-content\/uploads\/2025\/04\/5-5-768x768.jpg 768w, https:\/\/www.cosmepak.com\/wp-content\/uploads\/2025\/04\/5-5-12x12.jpg 12w, https:\/\/www.cosmepak.com\/wp-content\/uploads\/2025\/04\/5-5-600x600.jpg 600w, https:\/\/www.cosmepak.com\/wp-content\/uploads\/2025\/04\/5-5-100x100.jpg 100w\" sizes=\"(max-width: 1000px) 100vw, 1000px\" \/><\/td>\n<td style=\"width: 33.3333%;\"><img loading=\"lazy\" decoding=\"async\" class=\"alignnone size-full wp-image-3423\" src=\"https:\/\/www.cosmepak.com\/wp-content\/uploads\/2025\/04\/6-5.jpg\" alt=\"\" width=\"1000\" height=\"1000\" srcset=\"https:\/\/www.cosmepak.com\/wp-content\/uploads\/2025\/04\/6-5.jpg 1000w, https:\/\/www.cosmepak.com\/wp-content\/uploads\/2025\/04\/6-5-300x300.jpg 300w, https:\/\/www.cosmepak.com\/wp-content\/uploads\/2025\/04\/6-5-150x150.jpg 150w, https:\/\/www.cosmepak.com\/wp-content\/uploads\/2025\/04\/6-5-768x768.jpg 768w, https:\/\/www.cosmepak.com\/wp-content\/uploads\/2025\/04\/6-5-12x12.jpg 12w, https:\/\/www.cosmepak.com\/wp-content\/uploads\/2025\/04\/6-5-600x600.jpg 600w, https:\/\/www.cosmepak.com\/wp-content\/uploads\/2025\/04\/6-5-100x100.jpg 100w\" sizes=\"(max-width: 1000px) 100vw, 1000px\" \/><\/td>\n<\/tr>\n<\/tbody>\n<\/table>\n<p>&nbsp;<\/p>\n<div><\/div>","protected":false},"excerpt":{"rendered":"<p>V\u1eadt li\u1ec7u: K\u00ednh trong su\u1ed1t cao c\u1ea5p v\u1edbi chi\u1ec1u d\u1ecdc tinh t\u1ebf<\/p>\n<p>C\u00f4ng su\u1ea5t: 5ml \/ 10ml<\/p>\n<p>K\u00edch th\u01b0\u1edbc: 5ml: OD 14mm;<\/p>\n<p>10ml: OD 19mm;<\/p>\n<p>M\u00e0u<\/p>\n<p>Ho\u00e0n thi\u1ec7n b\u1ec1 m\u1eb7t: in m\u00e0n h\u00ecnh, d\u1eadp n\u00f3ng, gradient phun, k\u1ebft th\u00fac m\u1edd, v.v.<\/p>\n<p>MOQ: 5000pcs;<\/p>\n<p>M\u1eabu: c\u00f3 s\u1eb5n m\u1eabu mi\u1ec5n ph\u00ed<\/p>\n<p>&nbsp;<\/p>\n<p>&nbsp;<\/p>","protected":false},"featured_media":1698,"comment_status":"closed","ping_status":"closed","template":"","meta":{"_acf_changed":false},"product_brand":[],"product_cat":[15,58],"product_tag":[40],"class_list":{"0":"post-1694","1":"product","2":"type-product","3":"status-publish","4":"has-post-thumbnail","6":"product_cat-essential-oil-bottle","7":"product_cat-glass-essential-oil-bottle","8":"product_tag-essential-oil-bottle","10":"first","11":"outofstock","12":"shipping-taxable","13":"product-type-simple"},"acf":[],"_links":{"self":[{"href":"https:\/\/www.cosmepak.com\/vi\/wp-json\/wp\/v2\/product\/1694","targetHints":{"allow":["GET"]}}],"collection":[{"href":"https:\/\/www.cosmepak.com\/vi\/wp-json\/wp\/v2\/product"}],"about":[{"href":"https:\/\/www.cosmepak.com\/vi\/wp-json\/wp\/v2\/types\/product"}],"replies":[{"embeddable":true,"href":"https:\/\/www.cosmepak.com\/vi\/wp-json\/wp\/v2\/comments?post=1694"}],"wp:featuredmedia":[{"embeddable":true,"href":"https:\/\/www.cosmepak.com\/vi\/wp-json\/wp\/v2\/media\/1698"}],"wp:attachment":[{"href":"https:\/\/www.cosmepak.com\/vi\/wp-json\/wp\/v2\/media?parent=1694"}],"wp:term":[{"taxonomy":"product_brand","embeddable":true,"href":"https:\/\/www.cosmepak.com\/vi\/wp-json\/wp\/v2\/product_brand?post=1694"},{"taxonomy":"product_cat","embeddable":true,"href":"https:\/\/www.cosmepak.com\/vi\/wp-json\/wp\/v2\/product_cat?post=1694"},{"taxonomy":"product_tag","embeddable":true,"href":"https:\/\/www.cosmepak.com\/vi\/wp-json\/wp\/v2\/product_tag?post=1694"}],"curies":[{"name":"WP","href":"https:\/\/api.w.org\/{rel}","templated":true}]}}