{"id":1699,"date":"2025-04-01T15:42:43","date_gmt":"2025-04-01T07:42:43","guid":{"rendered":"https:\/\/www.cosmepak.com\/?post_type=product&#038;p=1699"},"modified":"2025-11-18T14:58:07","modified_gmt":"2025-11-18T06:58:07","slug":"10ml-cosmetic-glass-bottle-jaunce","status":"publish","type":"product","link":"https:\/\/www.cosmepak.com\/vi\/product\/10ml-cosmetic-glass-bottle-jaunce\/","title":{"rendered":"Chai th\u1ee7y tinh m\u1ef9 ph\u1ea9m 10ml \/ Jaunce"},"content":{"rendered":"<table style=\"border-collapse: collapse; width: 100%; height: 242px;\">\n<tbody>\n<tr style=\"height: 24px;\">\n<td style=\"width: 27.3565%; text-align: center;\" rowspan=\"8\"><img fetchpriority=\"high\" decoding=\"async\" class=\"alignnone size-full wp-image-3458\" src=\"https:\/\/www.cosmepak.com\/wp-content\/uploads\/2025\/04\/\u4e3b\u56fe-6-2.jpg\" alt=\"\" width=\"800\" height=\"800\" srcset=\"https:\/\/www.cosmepak.com\/wp-content\/uploads\/2025\/04\/\u4e3b\u56fe-6-2.jpg 800w, https:\/\/www.cosmepak.com\/wp-content\/uploads\/2025\/04\/\u4e3b\u56fe-6-2-300x300.jpg 300w, https:\/\/www.cosmepak.com\/wp-content\/uploads\/2025\/04\/\u4e3b\u56fe-6-2-150x150.jpg 150w, https:\/\/www.cosmepak.com\/wp-content\/uploads\/2025\/04\/\u4e3b\u56fe-6-2-768x768.jpg 768w, https:\/\/www.cosmepak.com\/wp-content\/uploads\/2025\/04\/\u4e3b\u56fe-6-2-12x12.jpg 12w, https:\/\/www.cosmepak.com\/wp-content\/uploads\/2025\/04\/\u4e3b\u56fe-6-2-600x600.jpg 600w, https:\/\/www.cosmepak.com\/wp-content\/uploads\/2025\/04\/\u4e3b\u56fe-6-2-100x100.jpg 100w\" sizes=\"(max-width: 800px) 100vw, 800px\" \/><\/td>\n<td style=\"width: 34.16%; height: 24px; text-align: center;\">Th\u01b0\u01a1ng hi\u1ec7u<\/td>\n<td style=\"width: 38.4834%; height: 24px; text-align: center;\">\u00a0Jaunce<\/td>\n<\/tr>\n<tr style=\"height: 24px;\">\n<td style=\"width: 34.16%; height: 24px; text-align: center;\">Dung t\u00edch<\/td>\n<td style=\"width: 38.4834%; height: 24px; text-align: center;\">10ml<\/td>\n<\/tr>\n<tr style=\"height: 24px;\">\n<td style=\"width: 34.16%; height: 24px; text-align: center;\">H\u00ecnh d\u1ea1ng<\/td>\n<td style=\"width: 38.4834%; height: 24px; text-align: center;\">h\u00ecnh n\u00f3n<\/td>\n<\/tr>\n<tr style=\"height: 24px;\">\n<td style=\"width: 34.16%; height: 24px; text-align: center;\">V\u1eadt li\u1ec7u<\/td>\n<td style=\"width: 38.4834%; height: 24px; text-align: center;\">Th\u1ee7y tinh<\/td>\n<\/tr>\n<tr style=\"height: 24px;\">\n<td style=\"width: 34.16%; height: 24px; text-align: center;\">Ph\u00f9 h\u1ee3p<\/td>\n<td style=\"width: 38.4834%; height: 24px; text-align: center;\">Con l\u0103n \/ phun<\/td>\n<\/tr>\n<tr style=\"height: 24px;\">\n<td style=\"width: 34.16%; height: 24px; text-align: center;\">Ng\u01b0\u1eddi m\u1eabu<\/td>\n<td style=\"width: 38.4834%; height: 24px; text-align: center;\">JH-YM10<\/td>\n<\/tr>\n<tr style=\"height: 24px;\">\n<td style=\"width: 34.16%; height: 24px; text-align: center;\">S\u1ea3n ph\u1ea9m OEM \/ ODM<\/td>\n<td style=\"width: 38.4834%; height: 24px; text-align: center;\">Ch\u1ea5p nh\u1eadn<\/td>\n<\/tr>\n<tr style=\"height: 24px;\">\n<td style=\"width: 34.16%; height: 24px; text-align: center;\">MOQ<\/td>\n<td style=\"width: 38.4834%; height: 24px; text-align: center;\">Chung 5000pcs;<\/td>\n<\/tr>\n<\/tbody>\n<\/table>\n<table style=\"border-collapse: collapse; width: 100%;\">\n<tbody>\n<tr>\n<td style=\"width: 16.6667%; text-align: center;\">M\u1ee5c<\/td>\n<td style=\"width: 16.6667%; text-align: center;\">Dung t\u00edch<\/td>\n<td style=\"width: 16.6667%; text-align: center;\">T\u1ed5ng chi\u1ec1u cao<\/td>\n<td style=\"width: 16.6667%; text-align: center;\">Chi\u1ec1u cao c\u00f3 th\u1ec3 in<\/td>\n<td style=\"width: 16.6667%; text-align: center;\">Dia<\/td>\n<td style=\"width: 16.6667%; text-align: center;\">C\u00e2n n\u1eb7ng<\/td>\n<\/tr>\n<tr>\n<td style=\"width: 16.6667%; text-align: center;\">Chai phun<\/td>\n<td style=\"width: 16.6667%; text-align: center;\">10ml<\/td>\n<td style=\"width: 16.6667%; text-align: center;\">75 mm<\/td>\n<td style=\"width: 16.6667%; text-align: center;\">30 mm<\/td>\n<td style=\"width: 16.6667%; text-align: center;\">30 mm<\/td>\n<td style=\"width: 16.6667%; text-align: center;\">32g<\/td>\n<\/tr>\n<tr>\n<td style=\"width: 16.6667%; text-align: center;\">Chai con l\u0103n<\/td>\n<td style=\"width: 16.6667%; text-align: center;\">10ml<\/td>\n<td style=\"width: 16.6667%; text-align: center;\">69mm<\/td>\n<td style=\"width: 16.6667%; text-align: center;\">30 mm<\/td>\n<td style=\"width: 16.6667%; text-align: center;\">30 mm<\/td>\n<td style=\"width: 16.6667%; text-align: center;\">32.8g<\/td>\n<\/tr>\n<\/tbody>\n<\/table>\n<p>Chai c\u00f3 c\u00f4ng su\u1ea5t v\u00e0ng 10ml. N\u00f3 nh\u1ecf g\u1ecdn v\u00e0 tinh t\u1ebf v\u1ec1 k\u00edch th\u01b0\u1edbc, v\u00e0 c\u00f3 th\u1ec3 d\u1ec5 d\u00e0ng \u0111\u01b0\u1ee3c \u0111\u1eb7t trong m\u1ed9t t\u00fai x\u00e1ch tay, t\u00fai trang \u0111i\u1ec3m, ho\u1eb7c th\u1eadm ch\u00ed m\u1ed9t t\u00fai, m\u00e0 kh\u00f4ng chi\u1ebfm th\u00eam kh\u00f4ng gian. \u0110i\u1ec1u n\u00e0y cho ph\u00e9p b\u1ea1n t\u1eadn h\u01b0\u1edfng m\u00f9i h\u01b0\u01a1ng \u0111\u1ed9c quy\u1ec1n b\u1ea5t c\u1ee9 l\u00fac n\u00e0o v\u00e0 b\u1ea5t c\u1ee9 n\u01a1i n\u00e0o. So v\u1edbi chai n\u01b0\u1edbc hoa c\u00f4ng su\u1ea5t l\u1edbn, chai ph\u00e2n ph\u1ed1i 10ml thu\u1eadn ti\u1ec7n h\u01a1n \u0111\u1ec3 ki\u1ec3m so\u00e1t l\u01b0\u1ee3ng s\u1eed d\u1ee5ng v\u00e0 tr\u00e1nh s\u1ef1 b\u1ea5t ti\u1ec7n c\u1ee7a ki\u1ec3m tra an ninh do mang theo chai n\u01b0\u1edbc hoa l\u1edbn.<\/p>\n<p>K\u00edch th\u01b0\u1edbc nh\u1ecf g\u1ecdn c\u00f3 th\u1ec3 d\u1ec5 d\u00e0ng \u0111\u00e1p \u1ee9ng c\u00e1c y\u00eau c\u1ea7u t\u00e1ch v\u00e0 mang n\u01b0\u1edbc hoa cho chuy\u1ebfn \u0111i h\u00e0ng ng\u00e0y, chuy\u1ebfn \u0111i ng\u1eafn ho\u1eb7c chuy\u1ebfn \u0111i l\u00e0m vi\u1ec7c.<\/p>\n<p>N\u00f3 \u0111\u01b0\u1ee3c l\u00e0m b\u1eb1ng v\u1eadt li\u1ec7u th\u1ee7y tinh ch\u1ea5t l\u01b0\u1ee3ng cao, kh\u00f4ng ch\u1ec9 c\u00f3 k\u1ebft c\u1ea5u minh b\u1ea1ch v\u00e0 tinh t\u1ebf, m\u00e0 c\u00f2n c\u00f3 l\u1ee3i th\u1ebf th\u00e2n thi\u1ec7n v\u1edbi m\u00f4i tr\u01b0\u1eddng v\u00e0 c\u00f3 th\u1ec3 t\u00e1i ch\u1ebf. \u0110i\u1ec1u n\u00e0y ph\u00f9 h\u1ee3p v\u1edbi kh\u00e1i ni\u1ec7m ti\u00eau th\u1ee5 xanh hi\u1ec7n t\u1ea1i. Mi\u1ec7ng chai \u0111\u01b0\u1ee3c thi\u1ebft k\u1ebf v\u1edbi c\u00e1c s\u1ee3i ch\u00ednh x\u00e1c, v\u00e0 khi k\u1ebft h\u1ee3p v\u1edbi c\u00e1c ph\u1ee5 ki\u1ec7n chuy\u00ean d\u1ee5ng, n\u00f3 c\u00f3 hi\u1ec7u su\u1ea5t ni\u00eam phong c\u1ef1c k\u1ef3 m\u1ea1nh m\u1ebd, ng\u0103n ch\u1eb7n hi\u1ec7u qu\u1ea3 s\u1ef1 b\u1ed1c h\u01a1i v\u00e0 r\u00f2 r\u1ec9 c\u1ee7a n\u01b0\u1edbc hoa v\u00e0 \u0111\u1ea3m b\u1ea3o b\u1ea3o t\u1ed3n t\u1ea1i l\u00e2u d\u00e0i c\u1ee7a m\u00f9i th\u01a1m. Ph\u1ea7n d\u01b0\u1edbi c\u1ee7a chai \u0111\u00e3 \u0111\u01b0\u1ee3c l\u00e0m d\u00e0y, v\u1edbi kh\u1ea3 n\u0103ng ch\u1ed1ng s\u1ed1c tuy\u1ec7t v\u1eddi, v\u00e0 kh\u00f4ng c\u00f3 kh\u1ea3 n\u0103ng b\u1ecb h\u01b0 h\u1ea1i trong khi s\u1eed d\u1ee5ng h\u00e0ng ng\u00e0y, do \u0111\u00f3 k\u00e9o d\u00e0i s\u1ea3n ph\u1ea9m&#8217; S tu\u1ed5i th\u1ecd.<\/p>\n<p>S\u1ea3n ph\u1ea9m \u0111\u00e3 t\u1ed1i \u01b0u h\u00f3a thi\u1ebft k\u1ebf ph\u00e2n ph\u1ed1i ch\u1ea5t l\u1ecfng theo nhu c\u1ea7u s\u1eed d\u1ee5ng kh\u00e1c nhau. Chai phun, v\u1edbi hi\u1ec7u \u1ee9ng nguy\u00ean t\u1eed h\u00f3a m\u1ecbn c\u1ee7a n\u00f3, cho ph\u00e9p n\u01b0\u1edbc hoa bao ph\u1ee7 m\u1ed9t khu v\u1ef1c \u0111\u1ed3ng \u0111\u1ec1u h\u01a1n, n\u00e2ng cao tr\u1ea3i nghi\u1ec7m s\u1eed d\u1ee5ng; m\u00f4 h\u00ecnh b\u00f3ng \u0111\u1ea1t \u0111\u01b0\u1ee3c ki\u1ec3m so\u00e1t ph\u00e2n ph\u1ed1i ch\u1ea5t l\u1ecfng ch\u00ednh x\u00e1c, tr\u00e1nh v\u1ea5n \u0111\u1ec1 m\u00f9i th\u01a1m ho\u1eb7c ch\u1ea5t th\u1ea3i qu\u00e1 m\u1ea1nh g\u00e2y ra b\u1edfi ph\u00e2n ph\u1ed1i ch\u1ea5t l\u1ecfng qu\u00e1 m\u1ee9c. C\u1ea3 hai ph\u01b0\u01a1ng ph\u00e1p ph\u00e2n ph\u1ed1i \u0111\u1ec1u c\u00f3 l\u1ee3i th\u1ebf ri\u00eang c\u1ee7a m\u00ecnh, v\u00e0 b\u1ea1n c\u00f3 th\u1ec3 l\u1ef1a ch\u1ecdn linh ho\u1ea1t theo s\u1edf th\u00edch c\u00e1 nh\u00e2n c\u1ee7a b\u1ea1n.<\/p>\n<table style=\"border-collapse: collapse; width: 100%;\">\n<tbody>\n<tr>\n<td style=\"width: 33.3333%;\"><img decoding=\"async\" class=\"alignnone size-full wp-image-3450\" src=\"https:\/\/www.cosmepak.com\/wp-content\/uploads\/2025\/04\/\u4e3b\u56fe-7.jpg\" alt=\"\" width=\"1000\" height=\"1000\" srcset=\"https:\/\/www.cosmepak.com\/wp-content\/uploads\/2025\/04\/\u4e3b\u56fe-7.jpg 1000w, https:\/\/www.cosmepak.com\/wp-content\/uploads\/2025\/04\/\u4e3b\u56fe-7-300x300.jpg 300w, https:\/\/www.cosmepak.com\/wp-content\/uploads\/2025\/04\/\u4e3b\u56fe-7-150x150.jpg 150w, https:\/\/www.cosmepak.com\/wp-content\/uploads\/2025\/04\/\u4e3b\u56fe-7-768x768.jpg 768w, https:\/\/www.cosmepak.com\/wp-content\/uploads\/2025\/04\/\u4e3b\u56fe-7-12x12.jpg 12w, https:\/\/www.cosmepak.com\/wp-content\/uploads\/2025\/04\/\u4e3b\u56fe-7-600x600.jpg 600w, https:\/\/www.cosmepak.com\/wp-content\/uploads\/2025\/04\/\u4e3b\u56fe-7-100x100.jpg 100w\" sizes=\"(max-width: 1000px) 100vw, 1000px\" \/><\/td>\n<td style=\"width: 33.3333%;\"><img decoding=\"async\" class=\"alignnone size-full wp-image-3451\" src=\"https:\/\/www.cosmepak.com\/wp-content\/uploads\/2025\/04\/\u4e3b\u56fe-8.jpg\" alt=\"\" width=\"1000\" height=\"1000\" srcset=\"https:\/\/www.cosmepak.com\/wp-content\/uploads\/2025\/04\/\u4e3b\u56fe-8.jpg 1000w, https:\/\/www.cosmepak.com\/wp-content\/uploads\/2025\/04\/\u4e3b\u56fe-8-300x300.jpg 300w, https:\/\/www.cosmepak.com\/wp-content\/uploads\/2025\/04\/\u4e3b\u56fe-8-150x150.jpg 150w, https:\/\/www.cosmepak.com\/wp-content\/uploads\/2025\/04\/\u4e3b\u56fe-8-768x768.jpg 768w, https:\/\/www.cosmepak.com\/wp-content\/uploads\/2025\/04\/\u4e3b\u56fe-8-12x12.jpg 12w, https:\/\/www.cosmepak.com\/wp-content\/uploads\/2025\/04\/\u4e3b\u56fe-8-600x600.jpg 600w, https:\/\/www.cosmepak.com\/wp-content\/uploads\/2025\/04\/\u4e3b\u56fe-8-100x100.jpg 100w\" sizes=\"(max-width: 1000px) 100vw, 1000px\" \/><\/td>\n<td style=\"width: 33.3333%;\"><img loading=\"lazy\" decoding=\"async\" class=\"alignnone size-full wp-image-3452\" src=\"https:\/\/www.cosmepak.com\/wp-content\/uploads\/2025\/04\/\u4e3b\u56fe-9.jpg\" alt=\"\" width=\"1000\" height=\"1000\" srcset=\"https:\/\/www.cosmepak.com\/wp-content\/uploads\/2025\/04\/\u4e3b\u56fe-9.jpg 1000w, https:\/\/www.cosmepak.com\/wp-content\/uploads\/2025\/04\/\u4e3b\u56fe-9-300x300.jpg 300w, https:\/\/www.cosmepak.com\/wp-content\/uploads\/2025\/04\/\u4e3b\u56fe-9-150x150.jpg 150w, https:\/\/www.cosmepak.com\/wp-content\/uploads\/2025\/04\/\u4e3b\u56fe-9-768x768.jpg 768w, https:\/\/www.cosmepak.com\/wp-content\/uploads\/2025\/04\/\u4e3b\u56fe-9-12x12.jpg 12w, https:\/\/www.cosmepak.com\/wp-content\/uploads\/2025\/04\/\u4e3b\u56fe-9-600x600.jpg 600w, https:\/\/www.cosmepak.com\/wp-content\/uploads\/2025\/04\/\u4e3b\u56fe-9-100x100.jpg 100w\" sizes=\"(max-width: 1000px) 100vw, 1000px\" \/><\/td>\n<\/tr>\n<tr>\n<td style=\"width: 33.3333%;\"><img loading=\"lazy\" decoding=\"async\" class=\"alignnone size-full wp-image-3453\" src=\"https:\/\/www.cosmepak.com\/wp-content\/uploads\/2025\/04\/\u4e3b\u56fe-10.jpg\" alt=\"\" width=\"1000\" height=\"1000\" srcset=\"https:\/\/www.cosmepak.com\/wp-content\/uploads\/2025\/04\/\u4e3b\u56fe-10.jpg 1000w, https:\/\/www.cosmepak.com\/wp-content\/uploads\/2025\/04\/\u4e3b\u56fe-10-300x300.jpg 300w, https:\/\/www.cosmepak.com\/wp-content\/uploads\/2025\/04\/\u4e3b\u56fe-10-150x150.jpg 150w, https:\/\/www.cosmepak.com\/wp-content\/uploads\/2025\/04\/\u4e3b\u56fe-10-768x768.jpg 768w, https:\/\/www.cosmepak.com\/wp-content\/uploads\/2025\/04\/\u4e3b\u56fe-10-12x12.jpg 12w, https:\/\/www.cosmepak.com\/wp-content\/uploads\/2025\/04\/\u4e3b\u56fe-10-600x600.jpg 600w, https:\/\/www.cosmepak.com\/wp-content\/uploads\/2025\/04\/\u4e3b\u56fe-10-100x100.jpg 100w\" sizes=\"(max-width: 1000px) 100vw, 1000px\" \/><\/td>\n<td style=\"width: 33.3333%;\"><img loading=\"lazy\" decoding=\"async\" class=\"alignnone size-full wp-image-3454\" src=\"https:\/\/www.cosmepak.com\/wp-content\/uploads\/2025\/04\/\u4e3b\u56fe-11.jpg\" alt=\"\" width=\"1000\" height=\"1000\" srcset=\"https:\/\/www.cosmepak.com\/wp-content\/uploads\/2025\/04\/\u4e3b\u56fe-11.jpg 1000w, https:\/\/www.cosmepak.com\/wp-content\/uploads\/2025\/04\/\u4e3b\u56fe-11-300x300.jpg 300w, https:\/\/www.cosmepak.com\/wp-content\/uploads\/2025\/04\/\u4e3b\u56fe-11-150x150.jpg 150w, https:\/\/www.cosmepak.com\/wp-content\/uploads\/2025\/04\/\u4e3b\u56fe-11-768x768.jpg 768w, https:\/\/www.cosmepak.com\/wp-content\/uploads\/2025\/04\/\u4e3b\u56fe-11-12x12.jpg 12w, https:\/\/www.cosmepak.com\/wp-content\/uploads\/2025\/04\/\u4e3b\u56fe-11-600x600.jpg 600w, https:\/\/www.cosmepak.com\/wp-content\/uploads\/2025\/04\/\u4e3b\u56fe-11-100x100.jpg 100w\" sizes=\"(max-width: 1000px) 100vw, 1000px\" \/><\/td>\n<td style=\"width: 33.3333%;\"><img loading=\"lazy\" decoding=\"async\" class=\"alignnone size-full wp-image-3455\" src=\"https:\/\/www.cosmepak.com\/wp-content\/uploads\/2025\/04\/\u4e3b\u56fe-12.jpg\" alt=\"\" width=\"1000\" height=\"1000\" srcset=\"https:\/\/www.cosmepak.com\/wp-content\/uploads\/2025\/04\/\u4e3b\u56fe-12.jpg 1000w, https:\/\/www.cosmepak.com\/wp-content\/uploads\/2025\/04\/\u4e3b\u56fe-12-300x300.jpg 300w, https:\/\/www.cosmepak.com\/wp-content\/uploads\/2025\/04\/\u4e3b\u56fe-12-150x150.jpg 150w, https:\/\/www.cosmepak.com\/wp-content\/uploads\/2025\/04\/\u4e3b\u56fe-12-768x768.jpg 768w, https:\/\/www.cosmepak.com\/wp-content\/uploads\/2025\/04\/\u4e3b\u56fe-12-12x12.jpg 12w, https:\/\/www.cosmepak.com\/wp-content\/uploads\/2025\/04\/\u4e3b\u56fe-12-600x600.jpg 600w, https:\/\/www.cosmepak.com\/wp-content\/uploads\/2025\/04\/\u4e3b\u56fe-12-100x100.jpg 100w\" sizes=\"(max-width: 1000px) 100vw, 1000px\" \/><\/td>\n<\/tr>\n<\/tbody>\n<\/table>\n<table style=\"border-collapse: collapse; width: 100%;\">\n<tbody>\n<tr>\n<td style=\"width: 50%;\"><img loading=\"lazy\" decoding=\"async\" class=\"alignnone size-full wp-image-3456\" src=\"https:\/\/www.cosmepak.com\/wp-content\/uploads\/2025\/04\/1-13.jpg\" alt=\"\" width=\"1000\" height=\"1000\" srcset=\"https:\/\/www.cosmepak.com\/wp-content\/uploads\/2025\/04\/1-13.jpg 1000w, https:\/\/www.cosmepak.com\/wp-content\/uploads\/2025\/04\/1-13-300x300.jpg 300w, https:\/\/www.cosmepak.com\/wp-content\/uploads\/2025\/04\/1-13-150x150.jpg 150w, https:\/\/www.cosmepak.com\/wp-content\/uploads\/2025\/04\/1-13-768x768.jpg 768w, https:\/\/www.cosmepak.com\/wp-content\/uploads\/2025\/04\/1-13-12x12.jpg 12w, https:\/\/www.cosmepak.com\/wp-content\/uploads\/2025\/04\/1-13-600x600.jpg 600w, https:\/\/www.cosmepak.com\/wp-content\/uploads\/2025\/04\/1-13-100x100.jpg 100w\" sizes=\"(max-width: 1000px) 100vw, 1000px\" \/><\/td>\n<td style=\"width: 50%;\"><img loading=\"lazy\" decoding=\"async\" class=\"alignnone size-full wp-image-3457\" src=\"https:\/\/www.cosmepak.com\/wp-content\/uploads\/2025\/04\/3-8.jpg\" alt=\"\" width=\"1000\" height=\"1000\" srcset=\"https:\/\/www.cosmepak.com\/wp-content\/uploads\/2025\/04\/3-8.jpg 1000w, https:\/\/www.cosmepak.com\/wp-content\/uploads\/2025\/04\/3-8-300x300.jpg 300w, https:\/\/www.cosmepak.com\/wp-content\/uploads\/2025\/04\/3-8-150x150.jpg 150w, https:\/\/www.cosmepak.com\/wp-content\/uploads\/2025\/04\/3-8-768x768.jpg 768w, https:\/\/www.cosmepak.com\/wp-content\/uploads\/2025\/04\/3-8-12x12.jpg 12w, https:\/\/www.cosmepak.com\/wp-content\/uploads\/2025\/04\/3-8-600x600.jpg 600w, https:\/\/www.cosmepak.com\/wp-content\/uploads\/2025\/04\/3-8-100x100.jpg 100w\" sizes=\"(max-width: 1000px) 100vw, 1000px\" \/><\/td>\n<\/tr>\n<\/tbody>\n<\/table>","protected":false},"excerpt":{"rendered":"<p>V\u1eadt li\u1ec7u: K\u00ednh trong su\u1ed1t cao c\u1ea5p v\u1edbi chi\u1ec1u d\u1ecdc tinh t\u1ebf<\/p>\n<p>C\u00f4ng su\u1ea5t: 5ml \/ 10ml<\/p>\n<p>K\u00edch th\u01b0\u1edbc: 5ml: OD 14mm;<\/p>\n<p>10ml: OD 19mm;<\/p>\n<p>M\u00e0u<\/p>\n<p>Ho\u00e0n thi\u1ec7n b\u1ec1 m\u1eb7t: in m\u00e0n h\u00ecnh, d\u1eadp n\u00f3ng, gradient phun, k\u1ebft th\u00fac m\u1edd, v.v.<\/p>\n<p>MOQ: 5000pcs;<\/p>\n<p>M\u1eabu: c\u00f3 s\u1eb5n m\u1eabu mi\u1ec5n ph\u00ed<\/p>\n<p>&nbsp;<\/p>\n<p>&nbsp;<\/p>","protected":false},"featured_media":3459,"comment_status":"closed","ping_status":"closed","template":"","meta":{"_acf_changed":false},"product_brand":[],"product_cat":[15,58],"product_tag":[40],"class_list":{"0":"post-1699","1":"product","2":"type-product","3":"status-publish","4":"has-post-thumbnail","6":"product_cat-essential-oil-bottle","7":"product_cat-glass-essential-oil-bottle","8":"product_tag-essential-oil-bottle","10":"first","11":"outofstock","12":"shipping-taxable","13":"product-type-simple"},"acf":[],"_links":{"self":[{"href":"https:\/\/www.cosmepak.com\/vi\/wp-json\/wp\/v2\/product\/1699","targetHints":{"allow":["GET"]}}],"collection":[{"href":"https:\/\/www.cosmepak.com\/vi\/wp-json\/wp\/v2\/product"}],"about":[{"href":"https:\/\/www.cosmepak.com\/vi\/wp-json\/wp\/v2\/types\/product"}],"replies":[{"embeddable":true,"href":"https:\/\/www.cosmepak.com\/vi\/wp-json\/wp\/v2\/comments?post=1699"}],"wp:featuredmedia":[{"embeddable":true,"href":"https:\/\/www.cosmepak.com\/vi\/wp-json\/wp\/v2\/media\/3459"}],"wp:attachment":[{"href":"https:\/\/www.cosmepak.com\/vi\/wp-json\/wp\/v2\/media?parent=1699"}],"wp:term":[{"taxonomy":"product_brand","embeddable":true,"href":"https:\/\/www.cosmepak.com\/vi\/wp-json\/wp\/v2\/product_brand?post=1699"},{"taxonomy":"product_cat","embeddable":true,"href":"https:\/\/www.cosmepak.com\/vi\/wp-json\/wp\/v2\/product_cat?post=1699"},{"taxonomy":"product_tag","embeddable":true,"href":"https:\/\/www.cosmepak.com\/vi\/wp-json\/wp\/v2\/product_tag?post=1699"}],"curies":[{"name":"WP","href":"https:\/\/api.w.org\/{rel}","templated":true}]}}