{"id":1703,"date":"2025-04-01T16:28:40","date_gmt":"2025-04-01T08:28:40","guid":{"rendered":"https:\/\/www.cosmepak.com\/?post_type=product&#038;p=1703"},"modified":"2025-12-04T10:47:50","modified_gmt":"2025-12-04T02:47:50","slug":"30ml-serum-bottle-press-pump-dropper","status":"publish","type":"product","link":"https:\/\/www.cosmepak.com\/vi\/product\/30ml-serum-bottle-press-pump-dropper\/","title":{"rendered":"B\u01a1m \u00e9p chai huy\u1ebft thanh 30ml"},"content":{"rendered":"<table style=\"border-collapse: collapse; width: 100%; height: 242px;\">\n<tbody>\n<tr style=\"height: 24px;\">\n<td style=\"width: 52.4496%; height: 24px; text-align: center;\">Th\u01b0\u01a1ng hi\u1ec7u<\/td>\n<td style=\"width: 47.5504%; height: 24px; text-align: center;\">\u00a0Jaunce<\/td>\n<\/tr>\n<tr style=\"height: 24px;\">\n<td style=\"width: 52.4496%; height: 24px; text-align: center;\">Dung t\u00edch<\/td>\n<td style=\"width: 47.5504%; height: 24px; text-align: center;\">30ml<\/td>\n<\/tr>\n<tr style=\"height: 24px;\">\n<td style=\"width: 52.4496%; height: 24px; text-align: center;\">H\u00ecnh d\u1ea1ng<\/td>\n<td style=\"width: 47.5504%; height: 24px; text-align: center;\">h\u00ecnh n\u00f3n<\/td>\n<\/tr>\n<tr style=\"height: 24px;\">\n<td style=\"width: 52.4496%; height: 24px; text-align: center;\">V\u1eadt li\u1ec7u<\/td>\n<td style=\"width: 47.5504%; height: 24px; text-align: center;\">Th\u1ee7y tinh<\/td>\n<\/tr>\n<tr style=\"height: 24px;\">\n<td style=\"width: 52.4496%; height: 24px; text-align: center;\">Ph\u00f9 h\u1ee3p<\/td>\n<td style=\"width: 47.5504%; height: 24px; text-align: center;\">Thu\u1ed1c nh\u1ecf gi\u1ecdt<\/td>\n<\/tr>\n<tr style=\"height: 24px;\">\n<td style=\"width: 52.4496%; height: 24px; text-align: center;\">Ng\u01b0\u1eddi m\u1eabu<\/td>\n<td style=\"width: 47.5504%; height: 24px; text-align: center;\">H\u1ec7 th\u1ed1ng JH-PHS116<\/td>\n<\/tr>\n<tr style=\"height: 24px;\">\n<td style=\"width: 52.4496%; height: 24px; text-align: center;\">S\u1ea3n ph\u1ea9m OEM \/ ODM<\/td>\n<td style=\"width: 47.5504%; height: 24px; text-align: center;\">Ch\u1ea5p nh\u1eadn<\/td>\n<\/tr>\n<tr style=\"height: 24px;\">\n<td style=\"width: 52.4496%; height: 24px; text-align: center;\">M\u00e0u s\u1eafc<\/td>\n<td style=\"width: 47.5504%; height: 24px; text-align: center;\">Minh b\u1ea1ch<\/td>\n<\/tr>\n<tr style=\"height: 24px;\">\n<td style=\"width: 52.4496%; height: 24px; text-align: center;\">MOQ<\/td>\n<td style=\"width: 47.5504%; height: 24px; text-align: center;\">Cho 10000pc t\u00f9y ch\u1ec9nh<\/td>\n<\/tr>\n<\/tbody>\n<\/table>\n<table style=\"border-collapse: collapse; width: 100%;\">\n<tbody>\n<tr>\n<td style=\"width: 17.9806%; text-align: center;\">Dung t\u00edch<\/td>\n<td style=\"width: 20.3563%; text-align: center;\">T\u1ed5ng chi\u1ec1u cao<\/td>\n<td style=\"width: 18.8176%; text-align: center;\">Chi\u1ec1u cao vai<\/td>\n<td style=\"width: 17.8455%; text-align: center;\">\u0110\u01b0\u1eddng k\u00ednh d\u01b0\u1edbi c\u00f9ng<\/td>\n<\/tr>\n<tr>\n<td style=\"width: 17.9806%; text-align: center;\">30ml<\/td>\n<td style=\"width: 20.3563%; text-align: center;\">102mm<\/td>\n<td style=\"width: 18.8176%; text-align: center;\">63mm<\/td>\n<td style=\"width: 17.8455%; text-align: center;\">43mm<\/td>\n<\/tr>\n<\/tbody>\n<\/table>\n<p>Chai \u00e9p c\u00f4ng su\u1ea5t 30ml c\u1ee7a ch\u00fang t\u00f4i c\u00f3 thi\u1ebft k\u1ebf thanh l\u1ecbch v\u00e0 tinh t\u1ebf v\u1ec1 c\u1ea3 k\u1ebft c\u1ea5u v\u00e0 ngo\u1ea1i h\u00ecnh. Chai ch\u1ea5p nh\u1eadn in t\u00f9y ch\u1ec9nh v\u1edbi logo, m\u00e0u s\u1eafc v\u00e0 c\u00f4ng su\u1ea5t.<\/p>\n<p>Chi\u1ec1u cao t\u1ed5ng th\u1ec3 l\u00e0 kho\u1ea3ng 102MM (v\u1edbi l\u1ed7i \u00b1 1MM), \u0111\u01b0\u1eddng k\u00ednh d\u01b0\u1edbi c\u00f9ng l\u00e0 43MM (v\u1edbi l\u1ed7i \u00b1 1MM), chi\u1ec1u cao c\u01a1 th\u1ec3 ch\u00ednh c\u1ee7a chai l\u00e0 63MM v\u00e0 chi\u1ec1u cao c\u1ee7a n\u1eafp chai l\u00e0 35MM. K\u00edch th\u01b0\u1edbc nh\u1ecf g\u1ecdn v\u00e0 di \u0111\u1ed9ng.<\/p>\n<p>Th\u00e2n chai ch\u1ea5p nh\u1eadn m\u1ed9t h\u00ecnh d\u1ea1ng h\u00ecnh n\u00f3n thay \u0111\u1ed5i d\u1ea7n d\u1ea7n t\u1eeb h\u1eb9p \u1edf ph\u00eda tr\u00ean \u0111\u1ebfn r\u1ed9ng \u1edf ph\u00eda d\u01b0\u1edbi. N\u00f3 \u0111\u01b0\u1ee3c b\u1ed5 sung b\u1edfi m\u1ed9t n\u1eafp chai c\u00f3 k\u1ebft c\u1ea5u kim lo\u1ea1i \u1edf tr\u00ean c\u00f9ng, c\u0169ng c\u00f3 h\u00ecnh n\u00f3n. C\u00e1c \u0111\u01b0\u1eddng d\u00e2y m\u1ecbn v\u00e0 g\u1ecdn g\u00e0ng, t\u1ecfa ra m\u1ed9t c\u1ea3m gi\u00e1c hi\u1ec7n \u0111\u1ea1i m\u1ea1nh m\u1ebd. N\u00f3 \u0111\u01b0\u1ee3c l\u00e0m b\u1eb1ng k\u00ednh minh b\u1ea1ch cao, cho ph\u00e9p n\u1ed9i th\u1ea5t c\u00f3 th\u1ec3 nh\u00ecn th\u1ea5y r\u00f5 r\u00e0ng; n\u1eafp chai c\u00f3 m\u00e0u b\u1ea1c b\u00f3ng ho\u1eb7c m\u00e0u v\u00e0ng \u00e9p gi\u1ecdt. K\u1ebft h\u1ee3p v\u1edbi \u1ed1ng h\u00fat quay, m\u00e1y b\u01a1m n\u00e0y c\u00f3 \u0111\u1ee7 c\u00f4ng su\u1ea5t v\u00e0 \u0111o kh\u1ed1i l\u01b0\u1ee3ng ch\u1ea5t l\u1ecfng ch\u00ednh x\u00e1c. N\u00f3 kh\u00f4ng ch\u1ec9 tr\u00e1nh ch\u1ea5t th\u1ea3i ch\u1ea5t l\u1ecfng m\u00e0 c\u00f2n cho ph\u00e9p khai th\u00e1c ch\u1ea5t l\u1ecfng s\u1ea1ch s\u1ebd v\u00e0 v\u1ec7 sinh. N\u00f3 thu\u1eadn ti\u1ec7n \u0111\u1ec3 ph\u00e2n ph\u1ed1i v\u00e0 s\u1eed d\u1ee5ng. Ph\u1ea7n d\u01b0\u1edbi l\u00e0 m\u1ed9t c\u01a1 s\u1edf th\u1ee7y tinh d\u00e0y, \u1ed5n \u0111\u1ecbnh v\u00e0 c\u00f3 k\u1ebft c\u1ea5u n\u1eb7ng. C\u01a1 th\u1ec3 chai th\u1ee7y tinh trong su\u1ed1t cao n\u1eafp kim lo\u1ea1i b\u00f3ng, cho ph\u00e9p t\u1ea7m nh\u00ecn r\u00f5 r\u00e0ng v\u1ec1 s\u1ed1 l\u01b0\u1ee3ng c\u00f2n l\u1ea1i.<\/p>\n<p>&nbsp;<\/p>\n<p><img fetchpriority=\"high\" decoding=\"async\" class=\"size-full wp-image-3571 aligncenter\" src=\"https:\/\/www.cosmepak.com\/wp-content\/uploads\/2025\/04\/\u4e3b\u56fe-6-4.jpg\" alt=\"\" width=\"1000\" height=\"1000\" srcset=\"https:\/\/www.cosmepak.com\/wp-content\/uploads\/2025\/04\/\u4e3b\u56fe-6-4.jpg 1000w, https:\/\/www.cosmepak.com\/wp-content\/uploads\/2025\/04\/\u4e3b\u56fe-6-4-300x300.jpg 300w, https:\/\/www.cosmepak.com\/wp-content\/uploads\/2025\/04\/\u4e3b\u56fe-6-4-150x150.jpg 150w, https:\/\/www.cosmepak.com\/wp-content\/uploads\/2025\/04\/\u4e3b\u56fe-6-4-768x768.jpg 768w, https:\/\/www.cosmepak.com\/wp-content\/uploads\/2025\/04\/\u4e3b\u56fe-6-4-12x12.jpg 12w, https:\/\/www.cosmepak.com\/wp-content\/uploads\/2025\/04\/\u4e3b\u56fe-6-4-600x600.jpg 600w, https:\/\/www.cosmepak.com\/wp-content\/uploads\/2025\/04\/\u4e3b\u56fe-6-4-100x100.jpg 100w\" sizes=\"(max-width: 1000px) 100vw, 1000px\" \/><\/p>\n<table style=\"border-collapse: collapse; width: 100%;\">\n<tbody>\n<tr>\n<td style=\"width: 33.3333%;\"><img decoding=\"async\" class=\"alignnone size-full wp-image-3572\" src=\"https:\/\/www.cosmepak.com\/wp-content\/uploads\/2025\/04\/\u8be6\u60c5-5-1.jpg\" alt=\"\" width=\"300\" height=\"300\" srcset=\"https:\/\/www.cosmepak.com\/wp-content\/uploads\/2025\/04\/\u8be6\u60c5-5-1.jpg 300w, https:\/\/www.cosmepak.com\/wp-content\/uploads\/2025\/04\/\u8be6\u60c5-5-1-150x150.jpg 150w, https:\/\/www.cosmepak.com\/wp-content\/uploads\/2025\/04\/\u8be6\u60c5-5-1-12x12.jpg 12w, https:\/\/www.cosmepak.com\/wp-content\/uploads\/2025\/04\/\u8be6\u60c5-5-1-100x100.jpg 100w\" sizes=\"(max-width: 300px) 100vw, 300px\" \/><\/td>\n<td style=\"width: 33.3333%;\"><img decoding=\"async\" class=\"alignnone size-full wp-image-3573\" src=\"https:\/\/www.cosmepak.com\/wp-content\/uploads\/2025\/04\/\u8be6\u60c5-5-2.jpg\" alt=\"\" width=\"300\" height=\"300\" srcset=\"https:\/\/www.cosmepak.com\/wp-content\/uploads\/2025\/04\/\u8be6\u60c5-5-2.jpg 300w, https:\/\/www.cosmepak.com\/wp-content\/uploads\/2025\/04\/\u8be6\u60c5-5-2-150x150.jpg 150w, https:\/\/www.cosmepak.com\/wp-content\/uploads\/2025\/04\/\u8be6\u60c5-5-2-12x12.jpg 12w, https:\/\/www.cosmepak.com\/wp-content\/uploads\/2025\/04\/\u8be6\u60c5-5-2-100x100.jpg 100w\" sizes=\"(max-width: 300px) 100vw, 300px\" \/><\/td>\n<td style=\"width: 33.3333%;\"><img loading=\"lazy\" decoding=\"async\" class=\"alignnone size-full wp-image-3574\" src=\"https:\/\/www.cosmepak.com\/wp-content\/uploads\/2025\/04\/\u8be6\u60c5-5-3.jpg\" alt=\"\" width=\"300\" height=\"300\" srcset=\"https:\/\/www.cosmepak.com\/wp-content\/uploads\/2025\/04\/\u8be6\u60c5-5-3.jpg 300w, https:\/\/www.cosmepak.com\/wp-content\/uploads\/2025\/04\/\u8be6\u60c5-5-3-150x150.jpg 150w, https:\/\/www.cosmepak.com\/wp-content\/uploads\/2025\/04\/\u8be6\u60c5-5-3-12x12.jpg 12w, https:\/\/www.cosmepak.com\/wp-content\/uploads\/2025\/04\/\u8be6\u60c5-5-3-100x100.jpg 100w\" sizes=\"(max-width: 300px) 100vw, 300px\" \/><\/td>\n<\/tr>\n<\/tbody>\n<\/table>\n<div>\n<table style=\"border-collapse: collapse; width: 100%;\">\n<tbody>\n<tr>\n<td style=\"width: 33.3333%;\"><img loading=\"lazy\" decoding=\"async\" class=\"alignnone size-full wp-image-3575\" src=\"https:\/\/www.cosmepak.com\/wp-content\/uploads\/2025\/04\/21-1.jpg\" alt=\"\" width=\"1000\" height=\"1000\" srcset=\"https:\/\/www.cosmepak.com\/wp-content\/uploads\/2025\/04\/21-1.jpg 1000w, https:\/\/www.cosmepak.com\/wp-content\/uploads\/2025\/04\/21-1-300x300.jpg 300w, https:\/\/www.cosmepak.com\/wp-content\/uploads\/2025\/04\/21-1-150x150.jpg 150w, https:\/\/www.cosmepak.com\/wp-content\/uploads\/2025\/04\/21-1-768x768.jpg 768w, https:\/\/www.cosmepak.com\/wp-content\/uploads\/2025\/04\/21-1-12x12.jpg 12w, https:\/\/www.cosmepak.com\/wp-content\/uploads\/2025\/04\/21-1-600x600.jpg 600w, https:\/\/www.cosmepak.com\/wp-content\/uploads\/2025\/04\/21-1-100x100.jpg 100w\" sizes=\"(max-width: 1000px) 100vw, 1000px\" \/><\/td>\n<td style=\"width: 33.3333%;\"><img loading=\"lazy\" decoding=\"async\" class=\"alignnone size-full wp-image-3576\" src=\"https:\/\/www.cosmepak.com\/wp-content\/uploads\/2025\/04\/31.jpg\" alt=\"\" width=\"1000\" height=\"1000\" srcset=\"https:\/\/www.cosmepak.com\/wp-content\/uploads\/2025\/04\/31.jpg 1000w, https:\/\/www.cosmepak.com\/wp-content\/uploads\/2025\/04\/31-300x300.jpg 300w, https:\/\/www.cosmepak.com\/wp-content\/uploads\/2025\/04\/31-150x150.jpg 150w, https:\/\/www.cosmepak.com\/wp-content\/uploads\/2025\/04\/31-768x768.jpg 768w, https:\/\/www.cosmepak.com\/wp-content\/uploads\/2025\/04\/31-12x12.jpg 12w, https:\/\/www.cosmepak.com\/wp-content\/uploads\/2025\/04\/31-600x600.jpg 600w, https:\/\/www.cosmepak.com\/wp-content\/uploads\/2025\/04\/31-100x100.jpg 100w\" sizes=\"(max-width: 1000px) 100vw, 1000px\" \/><\/td>\n<td style=\"width: 33.3333%;\"><img loading=\"lazy\" decoding=\"async\" class=\"alignnone size-full wp-image-3577\" src=\"https:\/\/www.cosmepak.com\/wp-content\/uploads\/2025\/04\/611.jpg\" alt=\"\" width=\"1000\" height=\"1000\" srcset=\"https:\/\/www.cosmepak.com\/wp-content\/uploads\/2025\/04\/611.jpg 1000w, https:\/\/www.cosmepak.com\/wp-content\/uploads\/2025\/04\/611-300x300.jpg 300w, https:\/\/www.cosmepak.com\/wp-content\/uploads\/2025\/04\/611-150x150.jpg 150w, https:\/\/www.cosmepak.com\/wp-content\/uploads\/2025\/04\/611-768x768.jpg 768w, https:\/\/www.cosmepak.com\/wp-content\/uploads\/2025\/04\/611-12x12.jpg 12w, https:\/\/www.cosmepak.com\/wp-content\/uploads\/2025\/04\/611-600x600.jpg 600w, https:\/\/www.cosmepak.com\/wp-content\/uploads\/2025\/04\/611-100x100.jpg 100w\" sizes=\"(max-width: 1000px) 100vw, 1000px\" \/><\/td>\n<\/tr>\n<\/tbody>\n<\/table>\n<\/div>","protected":false},"excerpt":{"rendered":"<p>V\u1eadt li\u1ec7u: th\u1ee7y tinh<\/p>\n<p>C\u00f4ng su\u1ea5t: 15ml \/ 25ml \/ 35ml \/ 50ml \/ 100ml<\/p>\n<p>M\u00e0u s\u1eafc: Ch\u1ea5p nh\u1eadn t\u00f9y ch\u1ec9nh (b\u1ea5t k\u1ef3 m\u00e0u pantone n\u00e0o c\u00f3 s\u1eb5n)<\/p>\n<p>Ho\u00e0n thi\u1ec7n b\u1ec1 m\u1eb7t: in m\u00e0n h\u00ecnh, d\u1eadp n\u00f3ng, gradient phun, k\u1ebft th\u00fac m\u1edd, v.v.<\/p>\n<p>MOQ: 10000pcs<\/p>\n<p>M\u1eabu: c\u00f3 s\u1eb5n m\u1eabu mi\u1ec5n ph\u00ed<\/p>\n<p>&nbsp;<\/p>\n<p>&nbsp;<\/p>","protected":false},"featured_media":3578,"comment_status":"closed","ping_status":"closed","template":"","meta":{"_acf_changed":false},"product_brand":[],"product_cat":[15,58],"product_tag":[40],"class_list":{"0":"post-1703","1":"product","2":"type-product","3":"status-publish","4":"has-post-thumbnail","6":"product_cat-essential-oil-bottle","7":"product_cat-glass-essential-oil-bottle","8":"product_tag-essential-oil-bottle","10":"first","11":"outofstock","12":"shipping-taxable","13":"product-type-simple"},"acf":[],"_links":{"self":[{"href":"https:\/\/www.cosmepak.com\/vi\/wp-json\/wp\/v2\/product\/1703","targetHints":{"allow":["GET"]}}],"collection":[{"href":"https:\/\/www.cosmepak.com\/vi\/wp-json\/wp\/v2\/product"}],"about":[{"href":"https:\/\/www.cosmepak.com\/vi\/wp-json\/wp\/v2\/types\/product"}],"replies":[{"embeddable":true,"href":"https:\/\/www.cosmepak.com\/vi\/wp-json\/wp\/v2\/comments?post=1703"}],"wp:featuredmedia":[{"embeddable":true,"href":"https:\/\/www.cosmepak.com\/vi\/wp-json\/wp\/v2\/media\/3578"}],"wp:attachment":[{"href":"https:\/\/www.cosmepak.com\/vi\/wp-json\/wp\/v2\/media?parent=1703"}],"wp:term":[{"taxonomy":"product_brand","embeddable":true,"href":"https:\/\/www.cosmepak.com\/vi\/wp-json\/wp\/v2\/product_brand?post=1703"},{"taxonomy":"product_cat","embeddable":true,"href":"https:\/\/www.cosmepak.com\/vi\/wp-json\/wp\/v2\/product_cat?post=1703"},{"taxonomy":"product_tag","embeddable":true,"href":"https:\/\/www.cosmepak.com\/vi\/wp-json\/wp\/v2\/product_tag?post=1703"}],"curies":[{"name":"WP","href":"https:\/\/api.w.org\/{rel}","templated":true}]}}