{"id":1724,"date":"2025-04-02T14:33:40","date_gmt":"2025-04-02T06:33:40","guid":{"rendered":"https:\/\/www.cosmepak.com\/?post_type=product&#038;p=1724"},"modified":"2026-04-22T15:09:57","modified_gmt":"2026-04-22T07:09:57","slug":"macaron-bang-tron-vai-chai-vang","status":"publish","type":"product","link":"https:\/\/www.cosmepak.com\/vi\/product\/macaron-frosted-round-shoulder-bottle-jaunce\/","title":{"rendered":"Macaron b\u0103ng tr\u00f2n vai chai \/ Jaunce"},"content":{"rendered":"<table style=\"border-collapse: collapse; width: 100%; height: 242px;\">\n<tbody>\n<tr style=\"height: 24px;\">\n<td style=\"width: 40.6929%;\" rowspan=\"9\"><img fetchpriority=\"high\" decoding=\"async\" class=\"alignnone size-full wp-image-3519\" src=\"https:\/\/www.cosmepak.com\/wp-content\/uploads\/2025\/04\/\u62ff\u8d27\u8bf7\u627e\u5ba2\u670d\u66f4\u6539\u8fd0\u8d39.jpg\" alt=\"\" width=\"1000\" height=\"1000\" srcset=\"https:\/\/www.cosmepak.com\/wp-content\/uploads\/2025\/04\/\u62ff\u8d27\u8bf7\u627e\u5ba2\u670d\u66f4\u6539\u8fd0\u8d39.jpg 1000w, https:\/\/www.cosmepak.com\/wp-content\/uploads\/2025\/04\/\u62ff\u8d27\u8bf7\u627e\u5ba2\u670d\u66f4\u6539\u8fd0\u8d39-300x300.jpg 300w, https:\/\/www.cosmepak.com\/wp-content\/uploads\/2025\/04\/\u62ff\u8d27\u8bf7\u627e\u5ba2\u670d\u66f4\u6539\u8fd0\u8d39-150x150.jpg 150w, https:\/\/www.cosmepak.com\/wp-content\/uploads\/2025\/04\/\u62ff\u8d27\u8bf7\u627e\u5ba2\u670d\u66f4\u6539\u8fd0\u8d39-768x768.jpg 768w, https:\/\/www.cosmepak.com\/wp-content\/uploads\/2025\/04\/\u62ff\u8d27\u8bf7\u627e\u5ba2\u670d\u66f4\u6539\u8fd0\u8d39-12x12.jpg 12w, https:\/\/www.cosmepak.com\/wp-content\/uploads\/2025\/04\/\u62ff\u8d27\u8bf7\u627e\u5ba2\u670d\u66f4\u6539\u8fd0\u8d39-600x600.jpg 600w, https:\/\/www.cosmepak.com\/wp-content\/uploads\/2025\/04\/\u62ff\u8d27\u8bf7\u627e\u5ba2\u670d\u66f4\u6539\u8fd0\u8d39-100x100.jpg 100w\" sizes=\"(max-width: 1000px) 100vw, 1000px\" \/><\/td>\n<td style=\"width: 23.5109%; height: 24px;\">Th\u01b0\u01a1ng hi\u1ec7u<\/td>\n<td style=\"width: 35.7961%; height: 24px;\">\u00a0Jaunce<\/td>\n<\/tr>\n<tr style=\"height: 24px;\">\n<td style=\"width: 23.5109%; height: 24px;\">Dung t\u00edch<\/td>\n<td style=\"width: 35.7961%; height: 24px;\">30ml<\/td>\n<\/tr>\n<tr style=\"height: 24px;\">\n<td style=\"width: 23.5109%; height: 24px;\">H\u00ecnh d\u1ea1ng<\/td>\n<td style=\"width: 35.7961%; height: 24px;\">Tr\u00f2n<\/td>\n<\/tr>\n<tr style=\"height: 24px;\">\n<td style=\"width: 23.5109%; height: 24px;\">V\u1eadt li\u1ec7u<\/td>\n<td style=\"width: 35.7961%; height: 24px;\">Th\u1ee7y tinh<\/td>\n<\/tr>\n<tr style=\"height: 24px;\">\n<td style=\"width: 23.5109%; height: 24px;\">Ph\u00f9 h\u1ee3p<\/td>\n<td style=\"width: 35.7961%; height: 24px;\">Thu\u1ed1c nh\u1ecf gi\u1ecdt<\/td>\n<\/tr>\n<tr style=\"height: 24px;\">\n<td style=\"width: 23.5109%; height: 24px;\">Ng\u01b0\u1eddi m\u1eabu<\/td>\n<td style=\"width: 35.7961%; height: 24px;\">H\u1ec7 th\u1ed1ng JH-PHPC2198<\/td>\n<\/tr>\n<tr style=\"height: 24px;\">\n<td style=\"width: 23.5109%; height: 24px;\">S\u1ea3n ph\u1ea9m OEM \/ ODM<\/td>\n<td style=\"width: 35.7961%; height: 24px;\">Ch\u1ea5p nh\u1eadn<\/td>\n<\/tr>\n<tr style=\"height: 24px;\">\n<td style=\"width: 23.5109%; height: 24px;\">M\u00e0u s\u1eafc<\/td>\n<td style=\"width: 35.7961%; height: 24px;\">b\u1ea5t k\u1ef3 m\u00e0u parton n\u00e0o t\u00f9y ch\u1ec9nh<\/td>\n<\/tr>\n<tr style=\"height: 24px;\">\n<td style=\"width: 23.5109%; height: 24px;\">MOQ<\/td>\n<td style=\"width: 35.7961%; height: 24px;\">Cho 10000pc t\u00f9y ch\u1ec9nh<\/td>\n<\/tr>\n<\/tbody>\n<\/table>\n<table style=\"border-collapse: collapse; width: 100%;\">\n<tbody>\n<tr>\n<td style=\"width: 17.7835%; text-align: center;\">Dung t\u00edch<\/td>\n<td style=\"width: 18.4708%; text-align: center;\">T\u1ed5ng chi\u1ec1u cao<\/td>\n<td style=\"width: 20.1747%; text-align: center;\">\u0110\u01b0\u1eddng k\u00ednh d\u01b0\u1edbi c\u00f9ng<\/td>\n<td style=\"width: 18.571%; text-align: center;\">Chi\u1ec1u cao vai<\/td>\n<\/tr>\n<tr>\n<td style=\"width: 17.7835%; text-align: center;\">30ml<\/td>\n<td style=\"width: 18.4708%; text-align: center;\">91mm<\/td>\n<td style=\"width: 20.1747%; text-align: center;\">37mm<\/td>\n<td style=\"width: 18.571%; text-align: center;\">55mm<\/td>\n<\/tr>\n<\/tbody>\n<\/table>\n<p>This is a brightly colored spray glass dropper bottle.<\/p>\n<p>M\u1ed9t chai th\u1ea3 th\u1ee7y tinh 30ml trong lo\u1ea1t m\u00e0u macaron v\u1edbi c\u01a1 ch\u1ebf ni\u00eam phong ren. N\u00f3 \u0111\u01b0\u1ee3c thi\u1ebft k\u1ebf \u0111\u1eb7c bi\u1ec7t \u0111\u1ec3 ph\u00e2n ph\u1ed1i ch\u00ednh x\u00e1c v\u00e0 b\u1ea3o qu\u1ea3n l\u00e2u d\u00e0i c\u00e1c s\u1ea3n ph\u1ea9m l\u1ecfng m\u1ef9 ph\u1ea9m v\u00e0 ch\u0103m s\u00f3c da. \u0110i\u1ec3m n\u1ed5i b\u1eadt tr\u1ef1c quan c\u1ed1t l\u00f5i l\u00e0 lo\u1ea1t m\u00e0u macaron \u0111\u1ea7y m\u00e0u s\u1eafc, v\u00e0 m\u00e1y gi\u1ecdt c\u00f9ng m\u00e0u \u0111\u01b0\u1ee3c s\u1eed d\u1ee5ng \u0111\u1ec3 \u0111\u1ea1t \u0111\u01b0\u1ee3c s\u1ef1 ph\u1ed1i h\u1ee3p v\u00e0 th\u1ed1ng nh\u1ea5t t\u1ed5ng th\u1ec3. S\u1ea3n ph\u1ea9m k\u1ebft h\u1ee3p b\u1ed1n l\u1ee3i th\u1ebf c\u1ed1t l\u00f5i: ni\u00eam phong ch\u1eb7t ch\u1ebd, ch\u1ed1ng s\u1ed1c \u1ed5n \u0111\u1ecbnh, an to\u00e0n v\u00e0 th\u00e2n thi\u1ec7n v\u1edbi da v\u00e0 m\u1ee9c \u0111\u1ed9 xu\u1ea5t hi\u1ec7n cao. N\u00f3 l\u00e0 m\u1ed9t l\u1ef1a ch\u1ecdn bao b\u00ec l\u00fd t\u01b0\u1edfng cho c\u00e1c s\u1ea3n ph\u1ea9m ch\u0103m s\u00f3c da cao c\u1ea5p nh\u01b0 tinh ch\u1ea5t, tinh d\u1ea7u, ch\u1ea5t l\u1ecfng th\u00f4 v\u00e0 ampoules. N\u00f3 kh\u00f4ng ch\u1ec9 c\u00f3 th\u1ec3 n\u00e2ng cao ch\u1ea5t l\u01b0\u1ee3ng s\u1ea3n ph\u1ea9m v\u00e0 s\u1ef1 c\u00f4ng nh\u1eadn c\u1ee7a th\u01b0\u01a1ng hi\u1ec7u, m\u00e0 c\u00f2n cung c\u1ea5p cho ng\u01b0\u1eddi ti\u00eau d\u00f9ng m\u1ed9t tr\u1ea3i nghi\u1ec7m s\u1eed d\u1ee5ng thu\u1eadn ti\u1ec7n v\u00e0 an to\u00e0n.<\/p>\n<p>The design of the dropper allows for precise and minimal liquid extraction, without any waste and with minimal risk of secondary contamination of the contents. It can effectively protect the product and extend its service life.<\/p>\n<p>Choose the same color as the bottle\u00a0 enhance the overall appearance of the product, making it more harmonious and the colors more uniform. Of course, we also offer other types of dropper configurations to meet the needs of higher-end brands. Such as electroplated aluminum dropper, press-down dropper, etc.<\/p>\n<p>Chai c\u00f3 m\u1ed9t m\u1edf ren ch\u00ednh x\u00e1c cao v\u1edbi r\u00e3nh r\u00f5 r\u00e0ng, th\u01b0\u1eddng xuy\u00ean t\u1ea1o th\u00e0nh m\u1ed9t ni\u00eam phong li\u1ec1n m\u1ea1ch v\u1edbi n\u1eafp. S\u1ef1 tham gia tr\u01a1n tru c\u1ee7a n\u00f3 cho ph\u00e9p l\u00e0m \u0111\u1ea7y l\u00f4 nh\u00e0 m\u00e1y hi\u1ec7u qu\u1ea3 v\u00e0 ph\u00e2n ph\u1ed1i th\u1ee7 c\u00f4ng d\u1ec5 d\u00e0ng, gi\u1ea3m thi\u1ec3u r\u1ee7i ro r\u00f2 r\u1ec9 trong khi l\u00e0m \u0111\u1ea7y. \u0110\u00f3ng k\u00edn ch\u1eb7t ch\u1ebd, n\u00f3 ch\u1eb7n kh\u00f4ng kh\u00ed v\u00e0 \u0111\u1ed9 \u1ea9m x\u00e2m nh\u1eadp \u0111\u1ec3 tr\u00ec ho\u00e3n oxy h\u00f3a \/ suy tho\u00e1i c\u1ee7a c\u00e1c th\u00e0nh ph\u1ea7n ch\u0103m s\u00f3c da - l\u00fd t\u01b0\u1edfng cho vitamin C, peptide v\u00e0 c\u00e1c th\u00e0nh ph\u1ea7n d\u1ec5 ph\u00e2n h\u1ee7y kh\u00e1c - trong khi \u0111\u1ea3m b\u1ea3o hi\u1ec7u su\u1ea5t ch\u1ed1ng r\u00f2 r\u1ec9 ngay c\u1ea3 khi \u0111\u1ea3o ng\u01b0\u1ee3c ho\u1eb7c trong qu\u00e1 tr\u00ecnh v\u1eadn chuy\u1ec3n \u0111\u01b0\u1eddng d\u00e0i. Th\u00e2n thi\u1ec7n v\u1edbi ng\u01b0\u1eddi d\u00f9ng v\u00e0 kh\u00f4ng b\u1ecb k\u1eb9t, thi\u1ebft k\u1ebf ren cho ph\u00e9p m\u1edf d\u1ec5 d\u00e0ng v\u00e0 s\u1eed d\u1ee5ng h\u00e0ng ng\u00e0y, cung c\u1ea5p b\u1ea3o v\u1ec7 to\u00e0n di\u1ec7n cho ch\u1ea5t l\u01b0\u1ee3ng s\u1ea3n ph\u1ea9m.<\/p>\n<p>Ph\u1ea7n d\u01b0\u1edbi \u0111\u01b0\u1ee3c gia c\u1ed1 \u0111\u1eb7c bi\u1ec7t c\u1ee7a chai c\u00f3 \u0111\u1ed9 d\u00e0y \u0111\u1ed3ng nh\u1ea5t v\u00e0 kh\u1ea3 n\u0103ng ch\u1ecbu t\u1ea3i m\u1ea1nh m\u1ebd, gi\u1eef \u1ed5n \u0111\u1ecbnh v\u00e0 kh\u00f4ng dao \u0111\u1ed9ng khi \u0111\u01b0\u1ee3c \u0111\u1eb7t \u0111\u1ec3 gi\u1ea3m thi\u1ec3u r\u1ee7i ro l\u1eadt ng\u1eabu nhi\u00ean v\u00e0 v\u1ee1. Thi\u1ebft k\u1ebf \u1ed5n \u0111\u1ecbnh n\u00e0y kh\u00f4ng ch\u1ec9 t\u0103ng c\u01b0\u1eddng an to\u00e0n s\u1eed d\u1ee5ng m\u00e0 c\u00f2n cho m\u01b0\u1ee3n m\u1ed9t v\u1ebb ngo\u00e0i d\u00e0y, cao c\u1ea5p - ph\u00f9 h\u1ee3p v\u1edbi th\u1ea9m m\u1ef9 c\u1ee7a c\u00e1c th\u01b0\u01a1ng hi\u1ec7u ch\u0103m s\u00f3c da cao c\u1ea5p v\u00e0 t\u0103ng c\u01b0\u1eddng ni\u1ec1m tin c\u1ee7a ng\u01b0\u1eddi ti\u00eau d\u00f9ng.<\/p>\n<p>We have provided this product with various macaroon colors such as pink, yellow, light blue, light purple, and cream yellow. At the same time, we can also offer basic color schemes like black, white, and amber to meet the filling requirements of different products.<\/p>\n<p>&nbsp;<\/p>\n<table style=\"border-collapse: collapse; width: 100%;\">\n<tbody>\n<tr>\n<td style=\"width: 33.3333%;\"><img decoding=\"async\" class=\"alignnone size-full wp-image-3520\" src=\"https:\/\/www.cosmepak.com\/wp-content\/uploads\/2025\/04\/\u4e3b\u56fe-7-1.jpg\" alt=\"\" width=\"1000\" height=\"1000\" srcset=\"https:\/\/www.cosmepak.com\/wp-content\/uploads\/2025\/04\/\u4e3b\u56fe-7-1.jpg 1000w, https:\/\/www.cosmepak.com\/wp-content\/uploads\/2025\/04\/\u4e3b\u56fe-7-1-300x300.jpg 300w, https:\/\/www.cosmepak.com\/wp-content\/uploads\/2025\/04\/\u4e3b\u56fe-7-1-150x150.jpg 150w, https:\/\/www.cosmepak.com\/wp-content\/uploads\/2025\/04\/\u4e3b\u56fe-7-1-768x768.jpg 768w, https:\/\/www.cosmepak.com\/wp-content\/uploads\/2025\/04\/\u4e3b\u56fe-7-1-12x12.jpg 12w, https:\/\/www.cosmepak.com\/wp-content\/uploads\/2025\/04\/\u4e3b\u56fe-7-1-600x600.jpg 600w, https:\/\/www.cosmepak.com\/wp-content\/uploads\/2025\/04\/\u4e3b\u56fe-7-1-100x100.jpg 100w\" sizes=\"(max-width: 1000px) 100vw, 1000px\" \/><\/td>\n<td style=\"width: 33.3333%;\"><img decoding=\"async\" class=\"alignnone size-full wp-image-3521\" src=\"https:\/\/www.cosmepak.com\/wp-content\/uploads\/2025\/04\/\u4e3b\u56fe-8-1.jpg\" alt=\"\" width=\"1000\" height=\"1000\" srcset=\"https:\/\/www.cosmepak.com\/wp-content\/uploads\/2025\/04\/\u4e3b\u56fe-8-1.jpg 1000w, https:\/\/www.cosmepak.com\/wp-content\/uploads\/2025\/04\/\u4e3b\u56fe-8-1-300x300.jpg 300w, https:\/\/www.cosmepak.com\/wp-content\/uploads\/2025\/04\/\u4e3b\u56fe-8-1-150x150.jpg 150w, https:\/\/www.cosmepak.com\/wp-content\/uploads\/2025\/04\/\u4e3b\u56fe-8-1-768x768.jpg 768w, https:\/\/www.cosmepak.com\/wp-content\/uploads\/2025\/04\/\u4e3b\u56fe-8-1-12x12.jpg 12w, https:\/\/www.cosmepak.com\/wp-content\/uploads\/2025\/04\/\u4e3b\u56fe-8-1-600x600.jpg 600w, https:\/\/www.cosmepak.com\/wp-content\/uploads\/2025\/04\/\u4e3b\u56fe-8-1-100x100.jpg 100w\" sizes=\"(max-width: 1000px) 100vw, 1000px\" \/><\/td>\n<td style=\"width: 33.3333%;\"><img loading=\"lazy\" decoding=\"async\" class=\"alignnone size-full wp-image-3522\" src=\"https:\/\/www.cosmepak.com\/wp-content\/uploads\/2025\/04\/\u4e3b\u56fe-9-1.jpg\" alt=\"\" width=\"1000\" height=\"1000\" srcset=\"https:\/\/www.cosmepak.com\/wp-content\/uploads\/2025\/04\/\u4e3b\u56fe-9-1.jpg 1000w, https:\/\/www.cosmepak.com\/wp-content\/uploads\/2025\/04\/\u4e3b\u56fe-9-1-300x300.jpg 300w, https:\/\/www.cosmepak.com\/wp-content\/uploads\/2025\/04\/\u4e3b\u56fe-9-1-150x150.jpg 150w, https:\/\/www.cosmepak.com\/wp-content\/uploads\/2025\/04\/\u4e3b\u56fe-9-1-768x768.jpg 768w, https:\/\/www.cosmepak.com\/wp-content\/uploads\/2025\/04\/\u4e3b\u56fe-9-1-12x12.jpg 12w, https:\/\/www.cosmepak.com\/wp-content\/uploads\/2025\/04\/\u4e3b\u56fe-9-1-600x600.jpg 600w, https:\/\/www.cosmepak.com\/wp-content\/uploads\/2025\/04\/\u4e3b\u56fe-9-1-100x100.jpg 100w\" sizes=\"(max-width: 1000px) 100vw, 1000px\" \/><\/td>\n<\/tr>\n<tr>\n<td style=\"width: 33.3333%;\"><img loading=\"lazy\" decoding=\"async\" class=\"alignnone size-full wp-image-3523\" src=\"https:\/\/www.cosmepak.com\/wp-content\/uploads\/2025\/04\/\u4e3b\u56fe-11-1.jpg\" alt=\"\" width=\"1000\" height=\"1000\" srcset=\"https:\/\/www.cosmepak.com\/wp-content\/uploads\/2025\/04\/\u4e3b\u56fe-11-1.jpg 1000w, https:\/\/www.cosmepak.com\/wp-content\/uploads\/2025\/04\/\u4e3b\u56fe-11-1-300x300.jpg 300w, https:\/\/www.cosmepak.com\/wp-content\/uploads\/2025\/04\/\u4e3b\u56fe-11-1-150x150.jpg 150w, https:\/\/www.cosmepak.com\/wp-content\/uploads\/2025\/04\/\u4e3b\u56fe-11-1-768x768.jpg 768w, https:\/\/www.cosmepak.com\/wp-content\/uploads\/2025\/04\/\u4e3b\u56fe-11-1-12x12.jpg 12w, https:\/\/www.cosmepak.com\/wp-content\/uploads\/2025\/04\/\u4e3b\u56fe-11-1-600x600.jpg 600w, https:\/\/www.cosmepak.com\/wp-content\/uploads\/2025\/04\/\u4e3b\u56fe-11-1-100x100.jpg 100w\" sizes=\"(max-width: 1000px) 100vw, 1000px\" \/><\/td>\n<td style=\"width: 33.3333%;\"><img loading=\"lazy\" decoding=\"async\" class=\"alignnone size-full wp-image-3524\" src=\"https:\/\/www.cosmepak.com\/wp-content\/uploads\/2025\/04\/\u4e3b\u56fe-12-1.jpg\" alt=\"\" width=\"1000\" height=\"1000\" srcset=\"https:\/\/www.cosmepak.com\/wp-content\/uploads\/2025\/04\/\u4e3b\u56fe-12-1.jpg 1000w, https:\/\/www.cosmepak.com\/wp-content\/uploads\/2025\/04\/\u4e3b\u56fe-12-1-300x300.jpg 300w, https:\/\/www.cosmepak.com\/wp-content\/uploads\/2025\/04\/\u4e3b\u56fe-12-1-150x150.jpg 150w, https:\/\/www.cosmepak.com\/wp-content\/uploads\/2025\/04\/\u4e3b\u56fe-12-1-768x768.jpg 768w, https:\/\/www.cosmepak.com\/wp-content\/uploads\/2025\/04\/\u4e3b\u56fe-12-1-12x12.jpg 12w, https:\/\/www.cosmepak.com\/wp-content\/uploads\/2025\/04\/\u4e3b\u56fe-12-1-600x600.jpg 600w, https:\/\/www.cosmepak.com\/wp-content\/uploads\/2025\/04\/\u4e3b\u56fe-12-1-100x100.jpg 100w\" sizes=\"(max-width: 1000px) 100vw, 1000px\" \/><\/td>\n<td style=\"width: 33.3333%;\"><img loading=\"lazy\" decoding=\"async\" class=\"alignnone size-full wp-image-3525\" src=\"https:\/\/www.cosmepak.com\/wp-content\/uploads\/2025\/04\/\u4e3b\u56fe-4-3.jpg\" alt=\"\" width=\"1000\" height=\"1000\" srcset=\"https:\/\/www.cosmepak.com\/wp-content\/uploads\/2025\/04\/\u4e3b\u56fe-4-3.jpg 1000w, https:\/\/www.cosmepak.com\/wp-content\/uploads\/2025\/04\/\u4e3b\u56fe-4-3-300x300.jpg 300w, https:\/\/www.cosmepak.com\/wp-content\/uploads\/2025\/04\/\u4e3b\u56fe-4-3-150x150.jpg 150w, https:\/\/www.cosmepak.com\/wp-content\/uploads\/2025\/04\/\u4e3b\u56fe-4-3-768x768.jpg 768w, https:\/\/www.cosmepak.com\/wp-content\/uploads\/2025\/04\/\u4e3b\u56fe-4-3-12x12.jpg 12w, https:\/\/www.cosmepak.com\/wp-content\/uploads\/2025\/04\/\u4e3b\u56fe-4-3-600x600.jpg 600w, https:\/\/www.cosmepak.com\/wp-content\/uploads\/2025\/04\/\u4e3b\u56fe-4-3-100x100.jpg 100w\" sizes=\"(max-width: 1000px) 100vw, 1000px\" \/><\/td>\n<\/tr>\n<\/tbody>\n<\/table>\n<p>&nbsp;<\/p>\n<div><\/div>","protected":false},"excerpt":{"rendered":"<p>V\u1eadt li\u1ec7u: th\u1ee7y tinh<\/p>\n<p>Dung l\u01b0\u1ee3ng: 20ml<\/p>\n<p>M\u00e0u s\u1eafc: Ch\u1ea5p nh\u1eadn t\u00f9y ch\u1ec9nh (b\u1ea5t k\u1ef3 m\u00e0u pantone n\u00e0o c\u00f3 s\u1eb5n)<\/p>\n<p>Ho\u00e0n thi\u1ec7n b\u1ec1 m\u1eb7t: in m\u00e0n h\u00ecnh, d\u1eadp n\u00f3ng, gradient phun, k\u1ebft th\u00fac m\u1edd, v.v.<\/p>\n<p>MOQ: 10000pcs<\/p>\n<p>M\u1eabu: c\u00f3 s\u1eb5n m\u1eabu mi\u1ec5n ph\u00ed<\/p>\n<p>&nbsp;<\/p>\n<p>&nbsp;<\/p>","protected":false},"featured_media":3526,"comment_status":"closed","ping_status":"closed","template":"","meta":{"_acf_changed":false},"product_brand":[],"product_cat":[15,58],"product_tag":[40],"class_list":{"0":"post-1724","1":"product","2":"type-product","3":"status-publish","4":"has-post-thumbnail","6":"product_cat-essential-oil-bottle","7":"product_cat-glass-essential-oil-bottle","8":"product_tag-essential-oil-bottle","10":"first","11":"outofstock","12":"shipping-taxable","13":"product-type-simple"},"acf":[],"_links":{"self":[{"href":"https:\/\/www.cosmepak.com\/vi\/wp-json\/wp\/v2\/product\/1724","targetHints":{"allow":["GET"]}}],"collection":[{"href":"https:\/\/www.cosmepak.com\/vi\/wp-json\/wp\/v2\/product"}],"about":[{"href":"https:\/\/www.cosmepak.com\/vi\/wp-json\/wp\/v2\/types\/product"}],"replies":[{"embeddable":true,"href":"https:\/\/www.cosmepak.com\/vi\/wp-json\/wp\/v2\/comments?post=1724"}],"wp:featuredmedia":[{"embeddable":true,"href":"https:\/\/www.cosmepak.com\/vi\/wp-json\/wp\/v2\/media\/3526"}],"wp:attachment":[{"href":"https:\/\/www.cosmepak.com\/vi\/wp-json\/wp\/v2\/media?parent=1724"}],"wp:term":[{"taxonomy":"product_brand","embeddable":true,"href":"https:\/\/www.cosmepak.com\/vi\/wp-json\/wp\/v2\/product_brand?post=1724"},{"taxonomy":"product_cat","embeddable":true,"href":"https:\/\/www.cosmepak.com\/vi\/wp-json\/wp\/v2\/product_cat?post=1724"},{"taxonomy":"product_tag","embeddable":true,"href":"https:\/\/www.cosmepak.com\/vi\/wp-json\/wp\/v2\/product_tag?post=1724"}],"curies":[{"name":"WP","href":"https:\/\/api.w.org\/{rel}","templated":true}]}}