{"id":1737,"date":"2025-04-03T13:39:49","date_gmt":"2025-04-03T05:39:49","guid":{"rendered":"https:\/\/www.cosmepak.com\/?post_type=product&#038;p=1737"},"modified":"2026-01-05T14:21:34","modified_gmt":"2026-01-05T06:21:34","slug":"30ml-120ml-skincare-glass-bottle-30g-50g-cream-jar","status":"publish","type":"product","link":"https:\/\/www.cosmepak.com\/vi\/product\/30ml-120ml-skincare-glass-bottle-30g-50g-cream-jar\/","title":{"rendered":"Chai th\u1ee7y tinh ch\u0103m s\u00f3c da 30ml-120ml l\u1ecd kem 30g 50g"},"content":{"rendered":"<table style=\"border-collapse: collapse; width: 100%; height: 192px;\">\n<tbody>\n<tr style=\"height: 24px;\">\n<td style=\"width: 40.6929%; height: 192px;\" rowspan=\"8\"><img fetchpriority=\"high\" decoding=\"async\" class=\"alignnone size-full wp-image-3894\" src=\"https:\/\/www.cosmepak.com\/wp-content\/uploads\/2025\/04\/\u4e3b\u56fe-7-2.jpg\" alt=\"\" width=\"1000\" height=\"1000\" srcset=\"https:\/\/www.cosmepak.com\/wp-content\/uploads\/2025\/04\/\u4e3b\u56fe-7-2.jpg 1000w, https:\/\/www.cosmepak.com\/wp-content\/uploads\/2025\/04\/\u4e3b\u56fe-7-2-300x300.jpg 300w, https:\/\/www.cosmepak.com\/wp-content\/uploads\/2025\/04\/\u4e3b\u56fe-7-2-150x150.jpg 150w, https:\/\/www.cosmepak.com\/wp-content\/uploads\/2025\/04\/\u4e3b\u56fe-7-2-768x768.jpg 768w, https:\/\/www.cosmepak.com\/wp-content\/uploads\/2025\/04\/\u4e3b\u56fe-7-2-12x12.jpg 12w, https:\/\/www.cosmepak.com\/wp-content\/uploads\/2025\/04\/\u4e3b\u56fe-7-2-600x600.jpg 600w, https:\/\/www.cosmepak.com\/wp-content\/uploads\/2025\/04\/\u4e3b\u56fe-7-2-100x100.jpg 100w\" sizes=\"(max-width: 1000px) 100vw, 1000px\" \/><\/td>\n<td style=\"width: 23.5109%; height: 24px;\">Th\u01b0\u01a1ng hi\u1ec7u<\/td>\n<td style=\"width: 35.7961%; height: 24px;\">\u00a0Jaunce<\/td>\n<\/tr>\n<tr style=\"height: 24px;\">\n<td style=\"width: 23.5109%; height: 24px;\">C\u00f4ng su\u1ea5t chai<\/td>\n<td style=\"width: 35.7961%; height: 24px;\">40ml \/ 100ml \/ 120ml<\/td>\n<\/tr>\n<tr style=\"height: 24px;\">\n<td style=\"width: 23.5109%; height: 24px;\">C\u00f4ng su\u1ea5t Jar<\/td>\n<td style=\"width: 35.7961%; height: 24px;\">30g \/ 50g<\/td>\n<\/tr>\n<tr style=\"height: 24px;\">\n<td style=\"width: 23.5109%; height: 24px;\">V\u1eadt li\u1ec7u<\/td>\n<td style=\"width: 35.7961%; height: 24px;\">Th\u1ee7y tinh<\/td>\n<\/tr>\n<tr style=\"height: 24px;\">\n<td style=\"width: 23.5109%; height: 24px;\">Ng\u01b0\u1eddi m\u1eabu<\/td>\n<td style=\"width: 35.7961%; height: 24px;\">H\u1ec7 th\u1ed1ng JH-PHPC413<\/td>\n<\/tr>\n<tr style=\"height: 24px;\">\n<td style=\"width: 23.5109%; height: 24px;\">S\u1ea3n ph\u1ea9m OEM \/ ODM<\/td>\n<td style=\"width: 35.7961%; height: 24px;\">Ch\u1ea5p nh\u1eadn<\/td>\n<\/tr>\n<tr style=\"height: 24px;\">\n<td style=\"width: 23.5109%; height: 24px;\">M\u00e0u s\u1eafc<\/td>\n<td style=\"width: 35.7961%; height: 24px;\">Matt Black, Matt White, b\u1ea5t k\u1ef3 m\u00e0u parton n\u00e0o t\u00f9y ch\u1ec9nh<\/td>\n<\/tr>\n<tr style=\"height: 24px;\">\n<td style=\"width: 23.5109%; height: 24px;\">MOQ<\/td>\n<td style=\"width: 35.7961%; height: 24px;\">3000pcs;<\/td>\n<\/tr>\n<\/tbody>\n<\/table>\n<table style=\"border-collapse: collapse; width: 100%; height: 192px;\">\n<tbody>\n<tr style=\"height: 24px;\">\n<td style=\"width: 12.7434%; text-align: center; height: 24px;\">M\u1ee5c<\/td>\n<td style=\"width: 12.5142%; text-align: center; height: 24px;\">T\u1ed5ng chi\u1ec1u cao<\/td>\n<td style=\"width: 12.5002%; text-align: center; height: 24px;\">\u0110\u01b0\u1eddng k\u00ednh d\u01b0\u1edbi c\u00f9ng<\/td>\n<td style=\"width: 13.4092%; text-align: center; height: 24px;\">Chi\u1ec1u cao vai<\/td>\n<\/tr>\n<tr style=\"height: 24px;\">\n<td style=\"width: 12.7434%; text-align: center; height: 24px;\">40ml<\/td>\n<td style=\"width: 12.5142%; text-align: center; height: 24px;\">112mm<\/td>\n<td style=\"width: 12.5002%; text-align: center; height: 24px;\">36mm<\/td>\n<td style=\"width: 13.4092%; text-align: center; height: 24px;\">68mm<\/td>\n<\/tr>\n<tr style=\"height: 24px;\">\n<td style=\"width: 12.7434%; text-align: center; height: 24px;\">100ml<\/td>\n<td style=\"width: 12.5142%; text-align: center; height: 24px;\">171mm<\/td>\n<td style=\"width: 12.5002%; text-align: center; height: 24px;\">40mm<\/td>\n<td style=\"width: 13.4092%; text-align: center; height: 24px;\">125mm<\/td>\n<\/tr>\n<tr style=\"height: 24px;\">\n<td style=\"width: 12.7434%; text-align: center; height: 24px;\">120ml<\/td>\n<td style=\"width: 12.5142%; text-align: center; height: 24px;\">184mm<\/td>\n<td style=\"width: 12.5002%; text-align: center; height: 24px;\">40mm<\/td>\n<td style=\"width: 13.4092%; text-align: center; height: 24px;\">147mm<\/td>\n<\/tr>\n<tr style=\"height: 24px;\">\n<td style=\"width: 12.7434%; text-align: center; height: 24px;\">M\u1ee5c<\/td>\n<td style=\"width: 12.5142%; text-align: center; height: 24px;\">T\u1ed5ng chi\u1ec1u cao<\/td>\n<td style=\"width: 12.5002%; text-align: center; height: 24px;\">\u0110\u01b0\u1eddng k\u00ednh d\u01b0\u1edbi c\u00f9ng<\/td>\n<td style=\"width: 13.4092%; text-align: center; height: 24px;\">Chi\u1ec1u cao vai<\/td>\n<\/tr>\n<tr style=\"height: 24px;\">\n<td style=\"width: 12.7434%; text-align: center; height: 24px;\">30g<\/td>\n<td style=\"width: 12.5142%; text-align: center; height: 24px;\">46mm<\/td>\n<td style=\"width: 12.5002%; text-align: center; height: 24px;\">60mm<\/td>\n<td style=\"width: 13.4092%; text-align: center; height: 24px;\">23mm<\/td>\n<\/tr>\n<tr style=\"height: 24px;\">\n<td style=\"width: 12.7434%; text-align: center; height: 24px;\">50g<\/td>\n<td style=\"width: 12.5142%; text-align: center; height: 24px;\">60mm<\/td>\n<td style=\"width: 12.5002%; text-align: center; height: 24px;\">50mm<\/td>\n<td style=\"width: 13.4092%; text-align: center; height: 24px;\">35mm<\/td>\n<\/tr>\n<\/tbody>\n<\/table>\n<p>&nbsp;<\/p>\n<p>\u0110\u00e2y l\u00e0 m\u1ed9t b\u1ed9 chai s\u1ea3n ph\u1ea9m ch\u0103m s\u00f3c da tinh t\u1ebf v\u00e0 sang tr\u1ecdng. C\u00f3 ba l\u1ef1a ch\u1ecdn c\u00f3 s\u1eb5n: 40ml, 100ml v\u00e0 120ml. K\u00edch th\u01b0\u1edbc n\u00e0y cho ph\u00e9p l\u1ea5p \u0111\u1ea7y ch\u1ea5t l\u1ecfng nh\u01b0 kem lotion v\u00e0 m\u1ef1c. K\u00edch th\u01b0\u1edbc 30g v\u00e0 50g c\u00f3 th\u1ec3 \u0111\u00e1p \u1ee9ng y\u00eau c\u1ea7u s\u1eed d\u1ee5ng c\u1ee7a l\u1ecd kem trong c\u00e1c t\u00ecnh hu\u1ed1ng kh\u00e1c nhau. C\u00f4ng su\u1ea5t nh\u1ecf h\u01a1n l\u00e0 ph\u00f9 h\u1ee3p \u0111\u1ec3 mang theo tr\u00ean c\u00e1c chuy\u1ebfn \u0111i.<\/p>\n<p>Th\u00e2n chai \u0111\u01b0\u1ee3c ph\u1ee7 m\u00e0u kh\u1ecfa th\u00e2n v\u00e0 k\u1ebft th\u00fac m\u00e0u v\u00e0ng kem, \u0111\u01b0\u1ee3c k\u1ebft h\u1ee3p ho\u00e0n h\u1ea3o v\u1edbi in m\u00e0n h\u00ecnh. \u0110i\u1ec1u n\u00e0y kh\u00f4ng ch\u1ec9 l\u00e0m n\u1ed5i b\u1eadt th\u01b0\u01a1ng hi\u1ec7u&#8217; s\u1ee9c m\u1ea1nh nh\u01b0ng c\u0169ng ch\u1ec9 r\u00f5 kh\u1ea3 n\u0103ng s\u1eed d\u1ee5ng.<\/p>\n<p>V\u1ecf \u0111i\u1ec7n nh\u00f4m v\u00e0ng, khi \u0111\u01b0\u1ee3c chi\u1ebfu s\u00e1ng b\u1edfi ch\u01b0\u01a1ng tr\u00ecnh \u00e1nh s\u00e1ng, ti\u1ebft l\u1ed9 k\u1ebft c\u1ea5u kim lo\u1ea1i \u0111\u1ed9c \u0111\u00e1o c\u1ee7a v\u1eadt li\u1ec7u. K\u1ebft th\u00fac b\u00f3ng cho b\u00eca s\u1ef1 xu\u1ea5t hi\u1ec7n c\u1ee7a m\u1ed9t chi\u1ebfc g\u01b0\u01a1ng. Thi\u1ebft k\u1ebf t\u1ed5ng th\u1ec3 c\u1ee7a n\u1eafp gi\u1ed1ng nh\u01b0 m\u1ed9t chi\u1ebfc m\u0169, v\u00e0 khi k\u1ebft h\u1ee3p v\u1edbi chai th\u1ee7y tinh, n\u00f3 tr\u00f4ng gi\u1ed1ng nh\u01b0 m\u1ed9t qu\u00fd \u00f4ng.<\/p>\n<p>Chai nh\u1ea3y t\u01b0\u01a1ng \u0111\u01b0\u1ee3c k\u1ebft h\u1ee3p v\u1edbi m\u1ed9t m\u00e1y b\u01a1m nh\u1ea3y t\u01b0\u01a1ng, s\u1ea1ch s\u1ebd v\u00e0 v\u1ec7 sinh, d\u1ec5 s\u1eed d\u1ee5ng v\u00e0 ng\u0103n ch\u1eb7n s\u1ef1 \u00f4 nhi\u1ec5m c\u1ee7a n\u1ed9i dung. V\u1ecf b\u00ean ngo\u00e0i \u0111\u00e3 th\u1ef1c hi\u1ec7n m\u1ed9t ch\u1ee9c n\u0103ng ch\u1ed1ng b\u1ee5i tuy\u1ec7t v\u1eddi.<br \/>\nL\u1ecd kem c\u00f3 th\u1ec3 \u0111\u01b0\u1ee3c trang b\u1ecb m\u1ed9t mi\u1ec7ng ni\u00eam phong ho\u1eb7c m\u1ed9t mi\u1ec7ng k\u00e9o tay, c\u1ea3 hai \u0111\u1ec1u c\u00f3 th\u1ec3 cung c\u1ea5p b\u1ea3o v\u1ec7 hi\u1ec7u qu\u1ea3 v\u00e0 ng\u0103n ch\u1eb7n kem r\u00f2 r\u1ec9.<\/p>\n<table style=\"border-collapse: collapse; width: 100%;\">\n<tbody>\n<tr>\n<td style=\"width: 50%;\"><img decoding=\"async\" class=\"alignnone size-full wp-image-3895\" src=\"https:\/\/www.cosmepak.com\/wp-content\/uploads\/2025\/04\/41-1.jpg\" alt=\"\" width=\"1000\" height=\"1000\" srcset=\"https:\/\/www.cosmepak.com\/wp-content\/uploads\/2025\/04\/41-1.jpg 1000w, https:\/\/www.cosmepak.com\/wp-content\/uploads\/2025\/04\/41-1-300x300.jpg 300w, https:\/\/www.cosmepak.com\/wp-content\/uploads\/2025\/04\/41-1-150x150.jpg 150w, https:\/\/www.cosmepak.com\/wp-content\/uploads\/2025\/04\/41-1-768x768.jpg 768w, https:\/\/www.cosmepak.com\/wp-content\/uploads\/2025\/04\/41-1-12x12.jpg 12w, https:\/\/www.cosmepak.com\/wp-content\/uploads\/2025\/04\/41-1-600x600.jpg 600w, https:\/\/www.cosmepak.com\/wp-content\/uploads\/2025\/04\/41-1-100x100.jpg 100w\" sizes=\"(max-width: 1000px) 100vw, 1000px\" \/><\/td>\n<td style=\"width: 50%;\"><img decoding=\"async\" class=\"alignnone size-full wp-image-3896\" src=\"https:\/\/www.cosmepak.com\/wp-content\/uploads\/2025\/04\/51.jpg\" alt=\"\" width=\"1000\" height=\"1000\" srcset=\"https:\/\/www.cosmepak.com\/wp-content\/uploads\/2025\/04\/51.jpg 1000w, https:\/\/www.cosmepak.com\/wp-content\/uploads\/2025\/04\/51-300x300.jpg 300w, https:\/\/www.cosmepak.com\/wp-content\/uploads\/2025\/04\/51-150x150.jpg 150w, https:\/\/www.cosmepak.com\/wp-content\/uploads\/2025\/04\/51-768x768.jpg 768w, https:\/\/www.cosmepak.com\/wp-content\/uploads\/2025\/04\/51-12x12.jpg 12w, https:\/\/www.cosmepak.com\/wp-content\/uploads\/2025\/04\/51-600x600.jpg 600w, https:\/\/www.cosmepak.com\/wp-content\/uploads\/2025\/04\/51-100x100.jpg 100w\" sizes=\"(max-width: 1000px) 100vw, 1000px\" \/><\/td>\n<\/tr>\n<\/tbody>\n<\/table>\n<p>&nbsp;<\/p>\n<p>&nbsp;<\/p>","protected":false},"excerpt":{"rendered":"<p>V\u1eadt li\u1ec7u: th\u1ee7y tinh<\/p>\n<p>C\u00f4ng su\u1ea5t: 15ml \/ 30ml \/ 80ml \/ 100ml \/ 30g \/ 50g<\/p>\n<p>M\u00e0u s\u1eafc: Ch\u1ea5p nh\u1eadn t\u00f9y ch\u1ec9nh (b\u1ea5t k\u1ef3 m\u00e0u pantone n\u00e0o c\u00f3 s\u1eb5n)<\/p>\n<p>Ho\u00e0n thi\u1ec7n b\u1ec1 m\u1eb7t: in m\u00e0n h\u00ecnh, d\u1eadp n\u00f3ng, gradient phun, k\u1ebft th\u00fac m\u1edd, v.v.<\/p>\n<p>MOQ: 10000pcs<\/p>\n<p>M\u1eabu: c\u00f3 s\u1eb5n m\u1eabu mi\u1ec5n ph\u00ed<\/p>\n<p>&nbsp;<\/p>\n<p>&nbsp;<\/p>","protected":false},"featured_media":3897,"comment_status":"closed","ping_status":"closed","template":"","meta":{"_acf_changed":false},"product_brand":[],"product_cat":[19,46],"product_tag":[61],"class_list":{"0":"post-1737","1":"product","2":"type-product","3":"status-publish","4":"has-post-thumbnail","6":"product_cat-skincare-glass-bottle","7":"product_cat-skincare-product-set-package","8":"product_tag-skincare-product-set","10":"first","11":"outofstock","12":"shipping-taxable","13":"product-type-simple"},"acf":[],"_links":{"self":[{"href":"https:\/\/www.cosmepak.com\/vi\/wp-json\/wp\/v2\/product\/1737","targetHints":{"allow":["GET"]}}],"collection":[{"href":"https:\/\/www.cosmepak.com\/vi\/wp-json\/wp\/v2\/product"}],"about":[{"href":"https:\/\/www.cosmepak.com\/vi\/wp-json\/wp\/v2\/types\/product"}],"replies":[{"embeddable":true,"href":"https:\/\/www.cosmepak.com\/vi\/wp-json\/wp\/v2\/comments?post=1737"}],"wp:featuredmedia":[{"embeddable":true,"href":"https:\/\/www.cosmepak.com\/vi\/wp-json\/wp\/v2\/media\/3897"}],"wp:attachment":[{"href":"https:\/\/www.cosmepak.com\/vi\/wp-json\/wp\/v2\/media?parent=1737"}],"wp:term":[{"taxonomy":"product_brand","embeddable":true,"href":"https:\/\/www.cosmepak.com\/vi\/wp-json\/wp\/v2\/product_brand?post=1737"},{"taxonomy":"product_cat","embeddable":true,"href":"https:\/\/www.cosmepak.com\/vi\/wp-json\/wp\/v2\/product_cat?post=1737"},{"taxonomy":"product_tag","embeddable":true,"href":"https:\/\/www.cosmepak.com\/vi\/wp-json\/wp\/v2\/product_tag?post=1737"}],"curies":[{"name":"WP","href":"https:\/\/api.w.org\/{rel}","templated":true}]}}